{"id":3998,"date":"2024-09-26T16:34:01","date_gmt":"2024-09-26T08:34:01","guid":{"rendered":"https:\/\/demo.dillerbottle.com\/uncategorized\/stainless-steel-kids-bottle"},"modified":"2025-07-10T14:31:54","modified_gmt":"2025-07-10T06:31:54","slug":"mamadeira-infantil-de-aco-inoxidavel","status":"publish","type":"product","link":"https:\/\/www.dillerbottle.com\/pt\/products\/stainless-steel-kids-bottle","title":{"rendered":"Garrafa de a\u00e7o inoxid\u00e1vel para crian\u00e7as"},"content":{"rendered":"<p>Garrafa de a\u00e7o inoxid\u00e1vel para crian\u00e7as<br \/>\nCaracter\u00edsticas:<br \/>\n1.;Esta garrafa de a\u00e7o inoxid\u00e1vel de 350ml \/ 12oz para crian\u00e7as \u00e9 pequena e pode ser colocada na lancheira da crian\u00e7a. O seu filho n\u00e3o se vai sentir pesado. A cor e o padr\u00e3o s\u00e3o vivos e encantadores.<\/p>\n<p>2.;A\u00e7o inoxid\u00e1vel 304 de grau aliment\u00edcio nas paredes internas e externas. Livre de materiais BPA, toxinas qu\u00edmicas ou transfer\u00eancia de gosto residual met\u00e1lico.<\/p>\n<p>3.;O isolamento a v\u00e1cuo cria um espa\u00e7o sem ar entre duas paredes. Virtualmente eliminando o processo de convec\u00e7\u00e3o e a mudan\u00e7a de temperatura.;Mant\u00e9m frio por 12 horas e quente por 24 horas.<\/p>\n<p>4.;Esta garrafa de \u00e1gua infantil de a\u00e7o inoxid\u00e1vel \u00e9 leve e compacta, com tampa de bot\u00e3o de press\u00e3o para ser f\u00e1cil de transportar e abrir.<\/p>","protected":false},"excerpt":{"rendered":"<p>Caracter\u00edsticas: Esta mamadeira infantil de a\u00e7o inoxid\u00e1vel de 350 ml \/ 12 oz \u00e9 pequena e pode ser colocada na lancheira da crian\u00e7a.<br \/>\nA\u00e7o inoxid\u00e1vel 304 de qualidade alimentar nas paredes internas e externas.<br \/>\nLivre de materiais BPA, toxinas qu\u00edmicas ou transfer\u00eancia de gosto met\u00e1lico residual.<br \/>\nO isolamento a v\u00e1cuo mant\u00e9m o frio por 12 horas e o quente por 24 horas.<br \/>\nEsta garrafa de \u00e1gua infantil de a\u00e7o inoxid\u00e1vel \u00e9 leve e compacta, com tampa de bot\u00e3o para facilitar o transporte e a abertura.<br \/>\nOEM e OEM aceit\u00e1veis.<br \/>\nBem-vindo \u00e0 compra por atacado, envie sua consulta agora!<\/p>","protected":false},"featured_media":3999,"comment_status":"open","ping_status":"closed","template":"","meta":{"_acf_changed":false},"product_brand":[],"product_cat":[200],"product_tag":[32,36,33,31,39,38,228,247,29,37,34,35,283,253,28,220,204,224,30],"class_list":{"0":"post-3998","1":"product","2":"type-product","3":"status-publish","4":"has-post-thumbnail","6":"product_cat-kids-water-bottles","7":"product_tag-best","8":"product_tag-bulk","9":"product_tag-buy","10":"product_tag-custom","11":"product_tag-for-sale","12":"product_tag-good-quality","13":"product_tag-insulated-kids-water-bottle","14":"product_tag-kids-water-bottle-stainless-steel","15":"product_tag-manufacturers","16":"product_tag-manufacturing","17":"product_tag-price","18":"product_tag-small","19":"product_tag-stainless-steel-kids-bottle","20":"product_tag-steel-kids-water-bottle-with-custom-color","21":"product_tag-suppliers","22":"product_tag-water-bottle-for-kid","23":"product_tag-water-bottle-for-kids-cartoon","24":"product_tag-water-bottle-tritan","25":"product_tag-wholesale","27":"first","28":"instock","29":"shipping-taxable","30":"product-type-simple"},"acf":[],"yoast_head":"<!-- This site is optimized with the Yoast SEO Premium plugin v27.5 (Yoast SEO v27.5) - https:\/\/yoast.com\/product\/yoast-seo-premium-wordpress\/ -->\n<title>Stainless Steel Kids Bottle - Diller Water Bottle Manufacturer<\/title>\n<meta name=\"description\" content=\"As one of the best stainless steel kids bottle manufacturers and suppliers, we are engaged in manufacturing good quality water bottles. We warmly welcome you to wholesale or buy custom made stainless steel kids bottle at competitive price from us. Also, small quantity orders are acceptable.\" \/>\n<meta name=\"robots\" content=\"index, follow, max-snippet:-1, max-image-preview:large, max-video-preview:-1\" \/>\n<link rel=\"canonical\" href=\"https:\/\/www.dillerbottle.com\/pt\/produtos\/mamadeira-infantil-de-aco-inoxidavel\" \/>\n<meta property=\"og:locale\" content=\"pt_PT\" \/>\n<meta property=\"og:type\" content=\"article\" \/>\n<meta property=\"og:title\" content=\"Stainless Steel Kids Bottle\" \/>\n<meta property=\"og:description\" content=\"As one of the best stainless steel kids bottle manufacturers and suppliers, we are engaged in manufacturing good quality water bottles. We warmly welcome you to wholesale or buy custom made stainless steel kids bottle at competitive price from us. Also, small quantity orders are acceptable.\" \/>\n<meta property=\"og:url\" content=\"https:\/\/www.dillerbottle.com\/pt\/produtos\/mamadeira-infantil-de-aco-inoxidavel\" \/>\n<meta property=\"og:site_name\" content=\"Diller Water Bottle Manufacturer\" \/>\n<meta property=\"article:modified_time\" content=\"2025-07-10T06:31:54+00:00\" \/>\n<meta property=\"og:image\" content=\"https:\/\/www.dillerbottle.com\/wp-content\/uploads\/2024\/09\/stainless-steel-kids-bottle23147374436.jpg\" \/>\n\t<meta property=\"og:image:width\" content=\"730\" \/>\n\t<meta property=\"og:image:height\" content=\"730\" \/>\n\t<meta property=\"og:image:type\" content=\"image\/jpeg\" \/>\n<meta name=\"twitter:card\" content=\"summary_large_image\" \/>\n<meta name=\"twitter:label1\" content=\"Tempo estimado de leitura\" \/>\n\t<meta name=\"twitter:data1\" content=\"3 minutos\" \/>\n<script type=\"application\/ld+json\" class=\"yoast-schema-graph\">{\"@context\":\"https:\\\/\\\/schema.org\",\"@graph\":[{\"@type\":\"WebPage\",\"@id\":\"https:\\\/\\\/www.dillerbottle.com\\\/products\\\/stainless-steel-kids-bottle\",\"url\":\"https:\\\/\\\/www.dillerbottle.com\\\/products\\\/stainless-steel-kids-bottle\",\"name\":\"Stainless Steel Kids Bottle - Diller Water Bottle Manufacturer\",\"isPartOf\":{\"@id\":\"https:\\\/\\\/www.dillerbottle.com\\\/#website\"},\"primaryImageOfPage\":{\"@id\":\"https:\\\/\\\/www.dillerbottle.com\\\/products\\\/stainless-steel-kids-bottle#primaryimage\"},\"image\":{\"@id\":\"https:\\\/\\\/www.dillerbottle.com\\\/products\\\/stainless-steel-kids-bottle#primaryimage\"},\"thumbnailUrl\":\"https:\\\/\\\/www.dillerbottle.com\\\/wp-content\\\/uploads\\\/2024\\\/09\\\/stainless-steel-kids-bottle23147374436.jpg\",\"datePublished\":\"2024-09-26T08:34:01+00:00\",\"dateModified\":\"2025-07-10T06:31:54+00:00\",\"description\":\"As one of the best stainless steel kids bottle manufacturers and suppliers, we are engaged in manufacturing good quality water bottles. We warmly welcome you to wholesale or buy custom made stainless steel kids bottle at competitive price from us. Also, small quantity orders are acceptable.\",\"breadcrumb\":{\"@id\":\"https:\\\/\\\/www.dillerbottle.com\\\/products\\\/stainless-steel-kids-bottle#breadcrumb\"},\"inLanguage\":\"pt-PT\",\"potentialAction\":[{\"@type\":\"ReadAction\",\"target\":[\"https:\\\/\\\/www.dillerbottle.com\\\/products\\\/stainless-steel-kids-bottle\"]}]},{\"@type\":\"ImageObject\",\"inLanguage\":\"pt-PT\",\"@id\":\"https:\\\/\\\/www.dillerbottle.com\\\/products\\\/stainless-steel-kids-bottle#primaryimage\",\"url\":\"https:\\\/\\\/www.dillerbottle.com\\\/wp-content\\\/uploads\\\/2024\\\/09\\\/stainless-steel-kids-bottle23147374436.jpg\",\"contentUrl\":\"https:\\\/\\\/www.dillerbottle.com\\\/wp-content\\\/uploads\\\/2024\\\/09\\\/stainless-steel-kids-bottle23147374436.jpg\",\"width\":730,\"height\":730},{\"@type\":\"BreadcrumbList\",\"@id\":\"https:\\\/\\\/www.dillerbottle.com\\\/products\\\/stainless-steel-kids-bottle#breadcrumb\",\"itemListElement\":[{\"@type\":\"ListItem\",\"position\":1,\"name\":\"Home\",\"item\":\"https:\\\/\\\/www.dillerbottle.com\\\/\"},{\"@type\":\"ListItem\",\"position\":2,\"name\":\"Products\",\"item\":\"https:\\\/\\\/www.dillerbottle.com\\\/shop\"},{\"@type\":\"ListItem\",\"position\":3,\"name\":\"Stainless Steel Kids Bottle\"}]},{\"@type\":\"WebSite\",\"@id\":\"https:\\\/\\\/www.dillerbottle.com\\\/#website\",\"url\":\"https:\\\/\\\/www.dillerbottle.com\\\/\",\"name\":\"Diller Water Bottle Manufacturer\",\"description\":\"Water Bottle Manufacturer\",\"publisher\":{\"@id\":\"https:\\\/\\\/www.dillerbottle.com\\\/#organization\"},\"potentialAction\":[{\"@type\":\"SearchAction\",\"target\":{\"@type\":\"EntryPoint\",\"urlTemplate\":\"https:\\\/\\\/www.dillerbottle.com\\\/?s={search_term_string}\"},\"query-input\":{\"@type\":\"PropertyValueSpecification\",\"valueRequired\":true,\"valueName\":\"search_term_string\"}}],\"inLanguage\":\"pt-PT\"},{\"@type\":\"Organization\",\"@id\":\"https:\\\/\\\/www.dillerbottle.com\\\/#organization\",\"name\":\"Diller Water Bottle Manufacturer\",\"url\":\"https:\\\/\\\/www.dillerbottle.com\\\/\",\"logo\":{\"@type\":\"ImageObject\",\"inLanguage\":\"pt-PT\",\"@id\":\"https:\\\/\\\/www.dillerbottle.com\\\/#\\\/schema\\\/logo\\\/image\\\/\",\"url\":\"https:\\\/\\\/www.dillerbottle.com\\\/wp-content\\\/uploads\\\/2024\\\/09\\\/49918bfa848dcc1e9f8b509933603ac.png\",\"contentUrl\":\"https:\\\/\\\/www.dillerbottle.com\\\/wp-content\\\/uploads\\\/2024\\\/09\\\/49918bfa848dcc1e9f8b509933603ac.png\",\"width\":988,\"height\":198,\"caption\":\"Diller Water Bottle Manufacturer\"},\"image\":{\"@id\":\"https:\\\/\\\/www.dillerbottle.com\\\/#\\\/schema\\\/logo\\\/image\\\/\"}}]}<\/script>\n<!-- \/ Yoast SEO Premium plugin. -->","yoast_head_json":{"title":"Garrafa de a\u00e7o inoxid\u00e1vel para crian\u00e7as - Fabricante de garrafas de \u00e1gua Diller","description":"Como um dos melhores fabricantes e fornecedores de garrafas de a\u00e7o inoxid\u00e1vel para crian\u00e7as, estamos engajados na fabrica\u00e7\u00e3o de garrafas de \u00e1gua de boa qualidade. N\u00f3s calorosamente convidamos voc\u00ea a vender no atacado ou comprar garrafas de a\u00e7o inoxid\u00e1vel personalizadas para crian\u00e7as a pre\u00e7os competitivos conosco. Al\u00e9m disso, pedidos de pequenas quantidades s\u00e3o aceit\u00e1veis.","robots":{"index":"index","follow":"follow","max-snippet":"max-snippet:-1","max-image-preview":"max-image-preview:large","max-video-preview":"max-video-preview:-1"},"canonical":"https:\/\/www.dillerbottle.com\/pt\/produtos\/mamadeira-infantil-de-aco-inoxidavel","og_locale":"pt_PT","og_type":"article","og_title":"Stainless Steel Kids Bottle","og_description":"As one of the best stainless steel kids bottle manufacturers and suppliers, we are engaged in manufacturing good quality water bottles. We warmly welcome you to wholesale or buy custom made stainless steel kids bottle at competitive price from us. Also, small quantity orders are acceptable.","og_url":"https:\/\/www.dillerbottle.com\/pt\/produtos\/mamadeira-infantil-de-aco-inoxidavel","og_site_name":"Diller Water Bottle Manufacturer","article_modified_time":"2025-07-10T06:31:54+00:00","og_image":[{"width":730,"height":730,"url":"https:\/\/www.dillerbottle.com\/wp-content\/uploads\/2024\/09\/stainless-steel-kids-bottle23147374436.jpg","type":"image\/jpeg"}],"twitter_card":"summary_large_image","twitter_misc":{"Tempo estimado de leitura":"3 minutos"},"schema":{"@context":"https:\/\/schema.org","@graph":[{"@type":"WebPage","@id":"https:\/\/www.dillerbottle.com\/products\/stainless-steel-kids-bottle","url":"https:\/\/www.dillerbottle.com\/products\/stainless-steel-kids-bottle","name":"Garrafa de a\u00e7o inoxid\u00e1vel para crian\u00e7as - Fabricante de garrafas de \u00e1gua Diller","isPartOf":{"@id":"https:\/\/www.dillerbottle.com\/#website"},"primaryImageOfPage":{"@id":"https:\/\/www.dillerbottle.com\/products\/stainless-steel-kids-bottle#primaryimage"},"image":{"@id":"https:\/\/www.dillerbottle.com\/products\/stainless-steel-kids-bottle#primaryimage"},"thumbnailUrl":"https:\/\/www.dillerbottle.com\/wp-content\/uploads\/2024\/09\/stainless-steel-kids-bottle23147374436.jpg","datePublished":"2024-09-26T08:34:01+00:00","dateModified":"2025-07-10T06:31:54+00:00","description":"Como um dos melhores fabricantes e fornecedores de garrafas de a\u00e7o inoxid\u00e1vel para crian\u00e7as, estamos engajados na fabrica\u00e7\u00e3o de garrafas de \u00e1gua de boa qualidade. N\u00f3s calorosamente convidamos voc\u00ea a vender no atacado ou comprar garrafas de a\u00e7o inoxid\u00e1vel personalizadas para crian\u00e7as a pre\u00e7os competitivos conosco. Al\u00e9m disso, pedidos de pequenas quantidades s\u00e3o aceit\u00e1veis.","breadcrumb":{"@id":"https:\/\/www.dillerbottle.com\/products\/stainless-steel-kids-bottle#breadcrumb"},"inLanguage":"pt-PT","potentialAction":[{"@type":"ReadAction","target":["https:\/\/www.dillerbottle.com\/products\/stainless-steel-kids-bottle"]}]},{"@type":"ImageObject","inLanguage":"pt-PT","@id":"https:\/\/www.dillerbottle.com\/products\/stainless-steel-kids-bottle#primaryimage","url":"https:\/\/www.dillerbottle.com\/wp-content\/uploads\/2024\/09\/stainless-steel-kids-bottle23147374436.jpg","contentUrl":"https:\/\/www.dillerbottle.com\/wp-content\/uploads\/2024\/09\/stainless-steel-kids-bottle23147374436.jpg","width":730,"height":730},{"@type":"BreadcrumbList","@id":"https:\/\/www.dillerbottle.com\/products\/stainless-steel-kids-bottle#breadcrumb","itemListElement":[{"@type":"ListItem","position":1,"name":"Home","item":"https:\/\/www.dillerbottle.com\/"},{"@type":"ListItem","position":2,"name":"Products","item":"https:\/\/www.dillerbottle.com\/shop"},{"@type":"ListItem","position":3,"name":"Stainless Steel Kids Bottle"}]},{"@type":"WebSite","@id":"https:\/\/www.dillerbottle.com\/#website","url":"https:\/\/www.dillerbottle.com\/","name":"Garrafa de \u00e1gua Diller Fabricante","description":"Garrafa de \u00e1gua Fabricante","publisher":{"@id":"https:\/\/www.dillerbottle.com\/#organization"},"potentialAction":[{"@type":"SearchAction","target":{"@type":"EntryPoint","urlTemplate":"https:\/\/www.dillerbottle.com\/?s={search_term_string}"},"query-input":{"@type":"PropertyValueSpecification","valueRequired":true,"valueName":"search_term_string"}}],"inLanguage":"pt-PT"},{"@type":"Organization","@id":"https:\/\/www.dillerbottle.com\/#organization","name":"Garrafa de \u00e1gua Diller Fabricante","url":"https:\/\/www.dillerbottle.com\/","logo":{"@type":"ImageObject","inLanguage":"pt-PT","@id":"https:\/\/www.dillerbottle.com\/#\/schema\/logo\/image\/","url":"https:\/\/www.dillerbottle.com\/wp-content\/uploads\/2024\/09\/49918bfa848dcc1e9f8b509933603ac.png","contentUrl":"https:\/\/www.dillerbottle.com\/wp-content\/uploads\/2024\/09\/49918bfa848dcc1e9f8b509933603ac.png","width":988,"height":198,"caption":"Diller Water Bottle Manufacturer"},"image":{"@id":"https:\/\/www.dillerbottle.com\/#\/schema\/logo\/image\/"}}]}},"_links":{"self":[{"href":"https:\/\/www.dillerbottle.com\/pt\/wp-json\/wp\/v2\/product\/3998","targetHints":{"allow":["GET"]}}],"collection":[{"href":"https:\/\/www.dillerbottle.com\/pt\/wp-json\/wp\/v2\/product"}],"about":[{"href":"https:\/\/www.dillerbottle.com\/pt\/wp-json\/wp\/v2\/types\/product"}],"replies":[{"embeddable":true,"href":"https:\/\/www.dillerbottle.com\/pt\/wp-json\/wp\/v2\/comments?post=3998"}],"wp:featuredmedia":[{"embeddable":true,"href":"https:\/\/www.dillerbottle.com\/pt\/wp-json\/wp\/v2\/media\/3999"}],"wp:attachment":[{"href":"https:\/\/www.dillerbottle.com\/pt\/wp-json\/wp\/v2\/media?parent=3998"}],"wp:term":[{"taxonomy":"product_brand","embeddable":true,"href":"https:\/\/www.dillerbottle.com\/pt\/wp-json\/wp\/v2\/product_brand?post=3998"},{"taxonomy":"product_cat","embeddable":true,"href":"https:\/\/www.dillerbottle.com\/pt\/wp-json\/wp\/v2\/product_cat?post=3998"},{"taxonomy":"product_tag","embeddable":true,"href":"https:\/\/www.dillerbottle.com\/pt\/wp-json\/wp\/v2\/product_tag?post=3998"}],"curies":[{"name":"wp","href":"https:\/\/api.w.org\/{rel}","templated":true}]}}