{"id":4263,"date":"2024-09-26T16:36:48","date_gmt":"2024-09-26T08:36:48","guid":{"rendered":"https:\/\/demo.dillerbottle.com\/uncategorized\/thermos-flask-kids"},"modified":"2025-07-10T14:22:48","modified_gmt":"2025-07-10T06:22:48","slug":"garrafa-termica-criancas","status":"publish","type":"product","link":"https:\/\/www.dillerbottle.com\/pt\/products\/thermos-flask-kids","title":{"rendered":"Garrafa T\u00e9rmica Infantil"},"content":{"rendered":"<p>Caracter\u00edsticas da garrafa t\u00e9rmica infantil: 1. A garrafa t\u00e9rmica infantil \u00e9 feita de a\u00e7o inoxid\u00e1vel 316 de grau aliment\u00edcio de alta qualidade e isolamento de parede dupla avan\u00e7ada. Mantenha as bebidas quentes ou frias por 12 horas! Esta garrafa t\u00e9rmica infantil nunca enferruja, entorta ou quebra com o uso regular. A garrafa t\u00e9rmica infantil Diller \u00e9 a maneira perfeita de mandar seu filho para a escola com uma bebida deliciosa para aproveitar.<br \/>\n2. A garrafa t\u00e9rmica com 2 tampas, tampa de canudo e tampa de copo de \u00e1gua, duas maneiras diferentes de beber \u00e1gua.<br \/>\n3. 320 ML o tornam delicado e port\u00e1til, muito adequado para crian\u00e7as e meninas.<br \/>\n4. Tampa higi\u00eanica de bot\u00e3o de press\u00e3o com canudo pop-up.5. A capa de manga de malha torna a garrafa f\u00e1cil de transportar.<\/p>","protected":false},"excerpt":{"rendered":"<p>Caracter\u00edsticas da garrafa t\u00e9rmica infantil: 1.<br \/>\nA garrafa t\u00e9rmica infantil \u00e9 feita de a\u00e7o inoxid\u00e1vel 316 de alta qualidade, com isolamento de parede dupla e grau aliment\u00edcio.<br \/>\nMantenha as bebidas quentes ou frias por 12 horas! Esta garrafa t\u00e9rmica infantil nunca enferruja, entorta ou quebra com o uso regular.<br \/>\nA garrafa t\u00e9rmica infantil Diller \u00e9 a maneira perfeita de\u2026<\/p>","protected":false},"featured_media":4264,"comment_status":"open","ping_status":"closed","template":"","meta":{"_acf_changed":false},"product_brand":[],"product_cat":[200],"product_tag":[32,36,33,31,39,38,219,29,37,34,35,28,303,223,204,275,217,245,30],"class_list":{"0":"post-4263","1":"product","2":"type-product","3":"status-publish","4":"has-post-thumbnail","6":"product_cat-kids-water-bottles","7":"product_tag-best","8":"product_tag-bulk","9":"product_tag-buy","10":"product_tag-custom","11":"product_tag-for-sale","12":"product_tag-good-quality","13":"product_tag-hello-kitty-water-bottle","14":"product_tag-manufacturers","15":"product_tag-manufacturing","16":"product_tag-price","17":"product_tag-small","18":"product_tag-suppliers","19":"product_tag-thermos-flask-kids","20":"product_tag-water-bottle-baby-bottle","21":"product_tag-water-bottle-for-kids-cartoon","22":"product_tag-water-bottle-insulated-stainless-steel","23":"product_tag-water-bottle-plastic","24":"product_tag-water-bottles-for-kids-school","25":"product_tag-wholesale","27":"first","28":"instock","29":"shipping-taxable","30":"product-type-simple"},"acf":[],"yoast_head":"<!-- This site is optimized with the Yoast SEO Premium plugin v27.5 (Yoast SEO v27.5) - https:\/\/yoast.com\/product\/yoast-seo-premium-wordpress\/ -->\n<title>Thermos Flask Kids - Diller Water Bottle Manufacturer<\/title>\n<meta name=\"description\" content=\"As one of the best thermos flask kids manufacturers and suppliers, we are engaged in manufacturing good quality water bottles. We warmly welcome you to wholesale or buy custom made thermos flask kids at competitive price from us. Also, small quantity orders are acceptable.\" \/>\n<meta name=\"robots\" content=\"index, follow, max-snippet:-1, max-image-preview:large, max-video-preview:-1\" \/>\n<link rel=\"canonical\" href=\"https:\/\/www.dillerbottle.com\/pt\/produtos\/garrafa-termica-criancas\" \/>\n<meta property=\"og:locale\" content=\"pt_PT\" \/>\n<meta property=\"og:type\" content=\"article\" \/>\n<meta property=\"og:title\" content=\"Thermos Flask Kids\" \/>\n<meta property=\"og:description\" content=\"As one of the best thermos flask kids manufacturers and suppliers, we are engaged in manufacturing good quality water bottles. We warmly welcome you to wholesale or buy custom made thermos flask kids at competitive price from us. Also, small quantity orders are acceptable.\" \/>\n<meta property=\"og:url\" content=\"https:\/\/www.dillerbottle.com\/pt\/produtos\/garrafa-termica-criancas\" \/>\n<meta property=\"og:site_name\" content=\"Diller Water Bottle Manufacturer\" \/>\n<meta property=\"article:modified_time\" content=\"2025-07-10T06:22:48+00:00\" \/>\n<meta property=\"og:image\" content=\"https:\/\/www.dillerbottle.com\/wp-content\/uploads\/2024\/09\/thermos-flask-kids30224240331.jpg\" \/>\n\t<meta property=\"og:image:width\" content=\"730\" \/>\n\t<meta property=\"og:image:height\" content=\"730\" \/>\n\t<meta property=\"og:image:type\" content=\"image\/jpeg\" \/>\n<meta name=\"twitter:card\" content=\"summary_large_image\" \/>\n<meta name=\"twitter:label1\" content=\"Tempo estimado de leitura\" \/>\n\t<meta name=\"twitter:data1\" content=\"2 minutos\" \/>\n<script type=\"application\/ld+json\" class=\"yoast-schema-graph\">{\"@context\":\"https:\\\/\\\/schema.org\",\"@graph\":[{\"@type\":\"WebPage\",\"@id\":\"https:\\\/\\\/www.dillerbottle.com\\\/ko\\\/%ec%a0%9c%ed%92%88\\\/%eb%b3%b4%ec%98%a8%eb%b3%91-%ec%96%b4%eb%a6%b0%ec%9d%b4%ec%9a%a9-2\",\"url\":\"https:\\\/\\\/www.dillerbottle.com\\\/ko\\\/%ec%a0%9c%ed%92%88\\\/%eb%b3%b4%ec%98%a8%eb%b3%91-%ec%96%b4%eb%a6%b0%ec%9d%b4%ec%9a%a9-2\",\"name\":\"Thermos Flask Kids - Diller Water Bottle Manufacturer\",\"isPartOf\":{\"@id\":\"https:\\\/\\\/www.dillerbottle.com\\\/#website\"},\"primaryImageOfPage\":{\"@id\":\"https:\\\/\\\/www.dillerbottle.com\\\/ko\\\/%ec%a0%9c%ed%92%88\\\/%eb%b3%b4%ec%98%a8%eb%b3%91-%ec%96%b4%eb%a6%b0%ec%9d%b4%ec%9a%a9-2#primaryimage\"},\"image\":{\"@id\":\"https:\\\/\\\/www.dillerbottle.com\\\/ko\\\/%ec%a0%9c%ed%92%88\\\/%eb%b3%b4%ec%98%a8%eb%b3%91-%ec%96%b4%eb%a6%b0%ec%9d%b4%ec%9a%a9-2#primaryimage\"},\"thumbnailUrl\":\"https:\\\/\\\/www.dillerbottle.com\\\/wp-content\\\/uploads\\\/2024\\\/09\\\/thermos-flask-kids30224240331.jpg\",\"datePublished\":\"2024-09-26T08:36:48+00:00\",\"dateModified\":\"2025-07-10T06:22:48+00:00\",\"description\":\"As one of the best thermos flask kids manufacturers and suppliers, we are engaged in manufacturing good quality water bottles. We warmly welcome you to wholesale or buy custom made thermos flask kids at competitive price from us. Also, small quantity orders are acceptable.\",\"breadcrumb\":{\"@id\":\"https:\\\/\\\/www.dillerbottle.com\\\/ko\\\/%ec%a0%9c%ed%92%88\\\/%eb%b3%b4%ec%98%a8%eb%b3%91-%ec%96%b4%eb%a6%b0%ec%9d%b4%ec%9a%a9-2#breadcrumb\"},\"inLanguage\":\"pt-PT\",\"potentialAction\":[{\"@type\":\"ReadAction\",\"target\":[\"https:\\\/\\\/www.dillerbottle.com\\\/ko\\\/%ec%a0%9c%ed%92%88\\\/%eb%b3%b4%ec%98%a8%eb%b3%91-%ec%96%b4%eb%a6%b0%ec%9d%b4%ec%9a%a9-2\"]}]},{\"@type\":\"ImageObject\",\"inLanguage\":\"pt-PT\",\"@id\":\"https:\\\/\\\/www.dillerbottle.com\\\/ko\\\/%ec%a0%9c%ed%92%88\\\/%eb%b3%b4%ec%98%a8%eb%b3%91-%ec%96%b4%eb%a6%b0%ec%9d%b4%ec%9a%a9-2#primaryimage\",\"url\":\"https:\\\/\\\/www.dillerbottle.com\\\/wp-content\\\/uploads\\\/2024\\\/09\\\/thermos-flask-kids30224240331.jpg\",\"contentUrl\":\"https:\\\/\\\/www.dillerbottle.com\\\/wp-content\\\/uploads\\\/2024\\\/09\\\/thermos-flask-kids30224240331.jpg\",\"width\":730,\"height\":730},{\"@type\":\"BreadcrumbList\",\"@id\":\"https:\\\/\\\/www.dillerbottle.com\\\/ko\\\/%ec%a0%9c%ed%92%88\\\/%eb%b3%b4%ec%98%a8%eb%b3%91-%ec%96%b4%eb%a6%b0%ec%9d%b4%ec%9a%a9-2#breadcrumb\",\"itemListElement\":[{\"@type\":\"ListItem\",\"position\":1,\"name\":\"Home\",\"item\":\"https:\\\/\\\/www.dillerbottle.com\\\/\"},{\"@type\":\"ListItem\",\"position\":2,\"name\":\"Products\",\"item\":\"https:\\\/\\\/www.dillerbottle.com\\\/shop\"},{\"@type\":\"ListItem\",\"position\":3,\"name\":\"Thermos Flask Kids\"}]},{\"@type\":\"WebSite\",\"@id\":\"https:\\\/\\\/www.dillerbottle.com\\\/#website\",\"url\":\"https:\\\/\\\/www.dillerbottle.com\\\/\",\"name\":\"Diller Water Bottle Manufacturer\",\"description\":\"Water Bottle Manufacturer\",\"publisher\":{\"@id\":\"https:\\\/\\\/www.dillerbottle.com\\\/#organization\"},\"potentialAction\":[{\"@type\":\"SearchAction\",\"target\":{\"@type\":\"EntryPoint\",\"urlTemplate\":\"https:\\\/\\\/www.dillerbottle.com\\\/?s={search_term_string}\"},\"query-input\":{\"@type\":\"PropertyValueSpecification\",\"valueRequired\":true,\"valueName\":\"search_term_string\"}}],\"inLanguage\":\"pt-PT\"},{\"@type\":\"Organization\",\"@id\":\"https:\\\/\\\/www.dillerbottle.com\\\/#organization\",\"name\":\"Diller Water Bottle Manufacturer\",\"url\":\"https:\\\/\\\/www.dillerbottle.com\\\/\",\"logo\":{\"@type\":\"ImageObject\",\"inLanguage\":\"pt-PT\",\"@id\":\"https:\\\/\\\/www.dillerbottle.com\\\/#\\\/schema\\\/logo\\\/image\\\/\",\"url\":\"https:\\\/\\\/www.dillerbottle.com\\\/wp-content\\\/uploads\\\/2024\\\/09\\\/49918bfa848dcc1e9f8b509933603ac.png\",\"contentUrl\":\"https:\\\/\\\/www.dillerbottle.com\\\/wp-content\\\/uploads\\\/2024\\\/09\\\/49918bfa848dcc1e9f8b509933603ac.png\",\"width\":988,\"height\":198,\"caption\":\"Diller Water Bottle Manufacturer\"},\"image\":{\"@id\":\"https:\\\/\\\/www.dillerbottle.com\\\/#\\\/schema\\\/logo\\\/image\\\/\"}}]}<\/script>\n<!-- \/ Yoast SEO Premium plugin. -->","yoast_head_json":{"title":"Garrafa T\u00e9rmica Infantil - Fabricante de Garrafas de \u00c1gua Diller","description":"Como um dos melhores fabricantes e fornecedores de garrafas t\u00e9rmicas para crian\u00e7as, estamos engajados na fabrica\u00e7\u00e3o de garrafas de \u00e1gua de boa qualidade. N\u00f3s calorosamente convidamos voc\u00ea a vender no atacado ou comprar garrafas t\u00e9rmicas personalizadas para crian\u00e7as a pre\u00e7os competitivos conosco. Al\u00e9m disso, pedidos de pequenas quantidades s\u00e3o aceit\u00e1veis.","robots":{"index":"index","follow":"follow","max-snippet":"max-snippet:-1","max-image-preview":"max-image-preview:large","max-video-preview":"max-video-preview:-1"},"canonical":"https:\/\/www.dillerbottle.com\/pt\/produtos\/garrafa-termica-criancas","og_locale":"pt_PT","og_type":"article","og_title":"Thermos Flask Kids","og_description":"As one of the best thermos flask kids manufacturers and suppliers, we are engaged in manufacturing good quality water bottles. We warmly welcome you to wholesale or buy custom made thermos flask kids at competitive price from us. Also, small quantity orders are acceptable.","og_url":"https:\/\/www.dillerbottle.com\/pt\/produtos\/garrafa-termica-criancas","og_site_name":"Diller Water Bottle Manufacturer","article_modified_time":"2025-07-10T06:22:48+00:00","og_image":[{"width":730,"height":730,"url":"https:\/\/www.dillerbottle.com\/wp-content\/uploads\/2024\/09\/thermos-flask-kids30224240331.jpg","type":"image\/jpeg"}],"twitter_card":"summary_large_image","twitter_misc":{"Tempo estimado de leitura":"2 minutos"},"schema":{"@context":"https:\/\/schema.org","@graph":[{"@type":"WebPage","@id":"https:\/\/www.dillerbottle.com\/ko\/%ec%a0%9c%ed%92%88\/%eb%b3%b4%ec%98%a8%eb%b3%91-%ec%96%b4%eb%a6%b0%ec%9d%b4%ec%9a%a9-2","url":"https:\/\/www.dillerbottle.com\/ko\/%ec%a0%9c%ed%92%88\/%eb%b3%b4%ec%98%a8%eb%b3%91-%ec%96%b4%eb%a6%b0%ec%9d%b4%ec%9a%a9-2","name":"Garrafa T\u00e9rmica Infantil - Fabricante de Garrafas de \u00c1gua Diller","isPartOf":{"@id":"https:\/\/www.dillerbottle.com\/#website"},"primaryImageOfPage":{"@id":"https:\/\/www.dillerbottle.com\/ko\/%ec%a0%9c%ed%92%88\/%eb%b3%b4%ec%98%a8%eb%b3%91-%ec%96%b4%eb%a6%b0%ec%9d%b4%ec%9a%a9-2#primaryimage"},"image":{"@id":"https:\/\/www.dillerbottle.com\/ko\/%ec%a0%9c%ed%92%88\/%eb%b3%b4%ec%98%a8%eb%b3%91-%ec%96%b4%eb%a6%b0%ec%9d%b4%ec%9a%a9-2#primaryimage"},"thumbnailUrl":"https:\/\/www.dillerbottle.com\/wp-content\/uploads\/2024\/09\/thermos-flask-kids30224240331.jpg","datePublished":"2024-09-26T08:36:48+00:00","dateModified":"2025-07-10T06:22:48+00:00","description":"Como um dos melhores fabricantes e fornecedores de garrafas t\u00e9rmicas para crian\u00e7as, estamos engajados na fabrica\u00e7\u00e3o de garrafas de \u00e1gua de boa qualidade. N\u00f3s calorosamente convidamos voc\u00ea a vender no atacado ou comprar garrafas t\u00e9rmicas personalizadas para crian\u00e7as a pre\u00e7os competitivos conosco. Al\u00e9m disso, pedidos de pequenas quantidades s\u00e3o aceit\u00e1veis.","breadcrumb":{"@id":"https:\/\/www.dillerbottle.com\/ko\/%ec%a0%9c%ed%92%88\/%eb%b3%b4%ec%98%a8%eb%b3%91-%ec%96%b4%eb%a6%b0%ec%9d%b4%ec%9a%a9-2#breadcrumb"},"inLanguage":"pt-PT","potentialAction":[{"@type":"ReadAction","target":["https:\/\/www.dillerbottle.com\/ko\/%ec%a0%9c%ed%92%88\/%eb%b3%b4%ec%98%a8%eb%b3%91-%ec%96%b4%eb%a6%b0%ec%9d%b4%ec%9a%a9-2"]}]},{"@type":"ImageObject","inLanguage":"pt-PT","@id":"https:\/\/www.dillerbottle.com\/ko\/%ec%a0%9c%ed%92%88\/%eb%b3%b4%ec%98%a8%eb%b3%91-%ec%96%b4%eb%a6%b0%ec%9d%b4%ec%9a%a9-2#primaryimage","url":"https:\/\/www.dillerbottle.com\/wp-content\/uploads\/2024\/09\/thermos-flask-kids30224240331.jpg","contentUrl":"https:\/\/www.dillerbottle.com\/wp-content\/uploads\/2024\/09\/thermos-flask-kids30224240331.jpg","width":730,"height":730},{"@type":"BreadcrumbList","@id":"https:\/\/www.dillerbottle.com\/ko\/%ec%a0%9c%ed%92%88\/%eb%b3%b4%ec%98%a8%eb%b3%91-%ec%96%b4%eb%a6%b0%ec%9d%b4%ec%9a%a9-2#breadcrumb","itemListElement":[{"@type":"ListItem","position":1,"name":"Home","item":"https:\/\/www.dillerbottle.com\/"},{"@type":"ListItem","position":2,"name":"Products","item":"https:\/\/www.dillerbottle.com\/shop"},{"@type":"ListItem","position":3,"name":"Thermos Flask Kids"}]},{"@type":"WebSite","@id":"https:\/\/www.dillerbottle.com\/#website","url":"https:\/\/www.dillerbottle.com\/","name":"Garrafa de \u00e1gua Diller Fabricante","description":"Garrafa de \u00e1gua Fabricante","publisher":{"@id":"https:\/\/www.dillerbottle.com\/#organization"},"potentialAction":[{"@type":"SearchAction","target":{"@type":"EntryPoint","urlTemplate":"https:\/\/www.dillerbottle.com\/?s={search_term_string}"},"query-input":{"@type":"PropertyValueSpecification","valueRequired":true,"valueName":"search_term_string"}}],"inLanguage":"pt-PT"},{"@type":"Organization","@id":"https:\/\/www.dillerbottle.com\/#organization","name":"Garrafa de \u00e1gua Diller Fabricante","url":"https:\/\/www.dillerbottle.com\/","logo":{"@type":"ImageObject","inLanguage":"pt-PT","@id":"https:\/\/www.dillerbottle.com\/#\/schema\/logo\/image\/","url":"https:\/\/www.dillerbottle.com\/wp-content\/uploads\/2024\/09\/49918bfa848dcc1e9f8b509933603ac.png","contentUrl":"https:\/\/www.dillerbottle.com\/wp-content\/uploads\/2024\/09\/49918bfa848dcc1e9f8b509933603ac.png","width":988,"height":198,"caption":"Diller Water Bottle Manufacturer"},"image":{"@id":"https:\/\/www.dillerbottle.com\/#\/schema\/logo\/image\/"}}]}},"_links":{"self":[{"href":"https:\/\/www.dillerbottle.com\/pt\/wp-json\/wp\/v2\/product\/4263","targetHints":{"allow":["GET"]}}],"collection":[{"href":"https:\/\/www.dillerbottle.com\/pt\/wp-json\/wp\/v2\/product"}],"about":[{"href":"https:\/\/www.dillerbottle.com\/pt\/wp-json\/wp\/v2\/types\/product"}],"replies":[{"embeddable":true,"href":"https:\/\/www.dillerbottle.com\/pt\/wp-json\/wp\/v2\/comments?post=4263"}],"wp:featuredmedia":[{"embeddable":true,"href":"https:\/\/www.dillerbottle.com\/pt\/wp-json\/wp\/v2\/media\/4264"}],"wp:attachment":[{"href":"https:\/\/www.dillerbottle.com\/pt\/wp-json\/wp\/v2\/media?parent=4263"}],"wp:term":[{"taxonomy":"product_brand","embeddable":true,"href":"https:\/\/www.dillerbottle.com\/pt\/wp-json\/wp\/v2\/product_brand?post=4263"},{"taxonomy":"product_cat","embeddable":true,"href":"https:\/\/www.dillerbottle.com\/pt\/wp-json\/wp\/v2\/product_cat?post=4263"},{"taxonomy":"product_tag","embeddable":true,"href":"https:\/\/www.dillerbottle.com\/pt\/wp-json\/wp\/v2\/product_tag?post=4263"}],"curies":[{"name":"wp","href":"https:\/\/api.w.org\/{rel}","templated":true}]}}