{"id":5197,"date":"2024-09-27T17:55:08","date_gmt":"2024-09-27T09:55:08","guid":{"rendered":"https:\/\/demo.dillerbottle.com\/uncategorized\/tritan-bpa-free-mug-with-straw"},"modified":"2025-09-12T15:56:52","modified_gmt":"2025-09-12T07:56:52","slug":"caneca-tritan-bpa-free-com-canudo","status":"publish","type":"product","link":"https:\/\/www.dillerbottle.com\/pt\/products\/tritan-bpa-free-mug-with-straw","title":{"rendered":"Caneca Tritan BPA Free com canudo"},"content":{"rendered":"<p data-start=\"989\" data-end=\"1008\"><strong data-start=\"989\" data-end=\"1005\">Carater\u00edsticas principais<\/strong>:<\/p>\n<ul data-start=\"1009\" data-end=\"1557\">\n<li data-start=\"1009\" data-end=\"1104\">\n<p data-start=\"1011\" data-end=\"1104\"><strong data-start=\"1011\" data-end=\"1041\">Ilustra\u00e7\u00e3o original gira<\/strong>: Design \u00fanico e elegante, tanto a n\u00edvel funcional como est\u00e9tico.<\/p>\n<\/li>\n<li data-start=\"1105\" data-end=\"1181\">\n<p data-start=\"1107\" data-end=\"1181\"><strong data-start=\"1107\" data-end=\"1135\">Tritan de grau para biber\u00f5es<\/strong>: Seguro, amigo do ambiente, sem BPA e duradouro.<\/p>\n<\/li>\n<li data-start=\"1182\" data-end=\"1267\">\n<p data-start=\"1184\" data-end=\"1267\"><strong data-start=\"1184\" data-end=\"1209\">Palhinha de silicone l\u00edquido<\/strong>: Suave, amigo da pele, inodoro e seguro para utiliza\u00e7\u00e3o di\u00e1ria.<\/p>\n<\/li>\n<li data-start=\"1268\" data-end=\"1359\">\n<p data-start=\"1270\" data-end=\"1359\"><strong data-start=\"1270\" data-end=\"1293\">Selado e \u00e0 prova de fugas<\/strong>: O fecho seguro evita fugas, perfeito para transportar em viagem.<\/p>\n<\/li>\n<li data-start=\"1360\" data-end=\"1461\">\n<p data-start=\"1362\" data-end=\"1461\"><strong data-start=\"1362\" data-end=\"1396\">Materiais saud\u00e1veis em contacto com os alimentos<\/strong>: Cumpre as normas de seguran\u00e7a internacionais para beber sem preocupa\u00e7\u00f5es.<\/p>\n<\/li>\n<li data-start=\"1462\" data-end=\"1557\">\n<p data-start=\"1464\" data-end=\"1557\"><strong data-start=\"1464\" data-end=\"1482\">Capacidade de 600 ml<\/strong>: Suficientemente grande para satisfazer as necessidades di\u00e1rias de hidrata\u00e7\u00e3o para estudar, trabalhar e praticar desporto.<\/p>\n<\/li>\n<\/ul>\n<p data-start=\"1559\" data-end=\"1720\"><strong data-start=\"1559\" data-end=\"1575\">Utilizadores-alvo<\/strong>: Estudantes, crian\u00e7as, jovens profissionais, consumidores de brindes<br data-start=\"1631\" data-end=\"1634\" \/><strong data-start=\"1634\" data-end=\"1650\">Aplica\u00e7\u00f5es<\/strong>: Escola, escrit\u00f3rio, actividades ao ar livre, desporto e personaliza\u00e7\u00e3o de presentes<\/p>","protected":false},"excerpt":{"rendered":"<p>Este biber\u00e3o de 600 ml \u00e9 fabricado em Tritan de qualidade para beb\u00e9s e em materiais seguros para contacto com alimentos, garantindo a sa\u00fade e a seguran\u00e7a. Possui uma palhinha de silicone para l\u00edquidos e um design \u00e0 prova de fugas para facilitar o transporte. Com a sua ilustra\u00e7\u00e3o original e gira, o biber\u00e3o combina praticidade e estilo, tornando-o ideal para estudantes, trabalhadores de escrit\u00f3rio e crian\u00e7as.<\/p>","protected":false},"featured_media":16747,"comment_status":"open","ping_status":"closed","template":"","meta":{"_acf_changed":false},"product_brand":[],"product_cat":[309],"product_tag":[29,323],"class_list":{"0":"post-5197","1":"product","2":"type-product","3":"status-publish","4":"has-post-thumbnail","6":"product_cat-plastic-water-bottle","7":"product_tag-manufacturers","8":"product_tag-wholesale-cute-water-bottles","10":"first","11":"instock","12":"shipping-taxable","13":"product-type-simple"},"acf":[],"yoast_head":"<!-- This site is optimized with the Yoast SEO Premium plugin v27.5 (Yoast SEO v27.5) - https:\/\/yoast.com\/product\/yoast-seo-premium-wordpress\/ -->\n<title>Tritan BPA Free Mug With Straw - Diller Water Bottle Manufacturer<\/title>\n<meta name=\"description\" content=\"Experience the blend of function and beauty with our Tritan BPA Free Mug With Straw! Eco-friendly and stylish, perfect for any occasion. \u2615\ufe0f\" \/>\n<meta name=\"robots\" content=\"index, follow, max-snippet:-1, max-image-preview:large, max-video-preview:-1\" \/>\n<link rel=\"canonical\" href=\"https:\/\/www.dillerbottle.com\/pt\/produtos\/caneca-tritan-bpa-free-com-canudo\" \/>\n<meta property=\"og:locale\" content=\"pt_PT\" \/>\n<meta property=\"og:type\" content=\"article\" \/>\n<meta property=\"og:title\" content=\"Tritan BPA Free Mug With Straw\" \/>\n<meta property=\"og:description\" content=\"Experience the blend of function and beauty with our Tritan BPA Free Mug With Straw! Eco-friendly and stylish, perfect for any occasion. \u2615\ufe0f\" \/>\n<meta property=\"og:url\" content=\"https:\/\/www.dillerbottle.com\/pt\/produtos\/caneca-tritan-bpa-free-com-canudo\" \/>\n<meta property=\"og:site_name\" content=\"Diller Water Bottle Manufacturer\" \/>\n<meta property=\"article:modified_time\" content=\"2025-09-12T07:56:52+00:00\" \/>\n<meta property=\"og:image\" content=\"https:\/\/www.dillerbottle.com\/wp-content\/uploads\/2024\/09\/tritan-bpa-free-mug-with-straw-1.jpg\" \/>\n\t<meta property=\"og:image:width\" content=\"800\" \/>\n\t<meta property=\"og:image:height\" content=\"800\" \/>\n\t<meta property=\"og:image:type\" content=\"image\/jpeg\" \/>\n<meta name=\"twitter:card\" content=\"summary_large_image\" \/>\n<meta name=\"twitter:label1\" content=\"Tempo estimado de leitura\" \/>\n\t<meta name=\"twitter:data1\" content=\"1 minuto\" \/>\n<script type=\"application\/ld+json\" class=\"yoast-schema-graph\">{\"@context\":\"https:\\\/\\\/schema.org\",\"@graph\":[{\"@type\":\"WebPage\",\"@id\":\"https:\\\/\\\/www.dillerbottle.com\\\/products\\\/tritan-bpa-free-mug-with-straw\",\"url\":\"https:\\\/\\\/www.dillerbottle.com\\\/products\\\/tritan-bpa-free-mug-with-straw\",\"name\":\"Tritan BPA Free Mug With Straw - Diller Water Bottle Manufacturer\",\"isPartOf\":{\"@id\":\"https:\\\/\\\/www.dillerbottle.com\\\/#website\"},\"primaryImageOfPage\":{\"@id\":\"https:\\\/\\\/www.dillerbottle.com\\\/products\\\/tritan-bpa-free-mug-with-straw#primaryimage\"},\"image\":{\"@id\":\"https:\\\/\\\/www.dillerbottle.com\\\/products\\\/tritan-bpa-free-mug-with-straw#primaryimage\"},\"thumbnailUrl\":\"https:\\\/\\\/www.dillerbottle.com\\\/wp-content\\\/uploads\\\/2024\\\/09\\\/tritan-bpa-free-mug-with-straw-1.jpg\",\"datePublished\":\"2024-09-27T09:55:08+00:00\",\"dateModified\":\"2025-09-12T07:56:52+00:00\",\"description\":\"Experience the blend of function and beauty with our Tritan BPA Free Mug With Straw! Eco-friendly and stylish, perfect for any occasion. \u2615\ufe0f\",\"breadcrumb\":{\"@id\":\"https:\\\/\\\/www.dillerbottle.com\\\/products\\\/tritan-bpa-free-mug-with-straw#breadcrumb\"},\"inLanguage\":\"pt-PT\",\"potentialAction\":[{\"@type\":\"ReadAction\",\"target\":[\"https:\\\/\\\/www.dillerbottle.com\\\/products\\\/tritan-bpa-free-mug-with-straw\"]}]},{\"@type\":\"ImageObject\",\"inLanguage\":\"pt-PT\",\"@id\":\"https:\\\/\\\/www.dillerbottle.com\\\/products\\\/tritan-bpa-free-mug-with-straw#primaryimage\",\"url\":\"https:\\\/\\\/www.dillerbottle.com\\\/wp-content\\\/uploads\\\/2024\\\/09\\\/tritan-bpa-free-mug-with-straw-1.jpg\",\"contentUrl\":\"https:\\\/\\\/www.dillerbottle.com\\\/wp-content\\\/uploads\\\/2024\\\/09\\\/tritan-bpa-free-mug-with-straw-1.jpg\",\"width\":800,\"height\":800},{\"@type\":\"BreadcrumbList\",\"@id\":\"https:\\\/\\\/www.dillerbottle.com\\\/products\\\/tritan-bpa-free-mug-with-straw#breadcrumb\",\"itemListElement\":[{\"@type\":\"ListItem\",\"position\":1,\"name\":\"Home\",\"item\":\"https:\\\/\\\/www.dillerbottle.com\\\/\"},{\"@type\":\"ListItem\",\"position\":2,\"name\":\"Products\",\"item\":\"https:\\\/\\\/www.dillerbottle.com\\\/shop\"},{\"@type\":\"ListItem\",\"position\":3,\"name\":\"Tritan BPA Free Mug With Straw\"}]},{\"@type\":\"WebSite\",\"@id\":\"https:\\\/\\\/www.dillerbottle.com\\\/#website\",\"url\":\"https:\\\/\\\/www.dillerbottle.com\\\/\",\"name\":\"Diller Water Bottle Manufacturer\",\"description\":\"Water Bottle Manufacturer\",\"publisher\":{\"@id\":\"https:\\\/\\\/www.dillerbottle.com\\\/#organization\"},\"potentialAction\":[{\"@type\":\"SearchAction\",\"target\":{\"@type\":\"EntryPoint\",\"urlTemplate\":\"https:\\\/\\\/www.dillerbottle.com\\\/?s={search_term_string}\"},\"query-input\":{\"@type\":\"PropertyValueSpecification\",\"valueRequired\":true,\"valueName\":\"search_term_string\"}}],\"inLanguage\":\"pt-PT\"},{\"@type\":\"Organization\",\"@id\":\"https:\\\/\\\/www.dillerbottle.com\\\/#organization\",\"name\":\"Diller Water Bottle Manufacturer\",\"url\":\"https:\\\/\\\/www.dillerbottle.com\\\/\",\"logo\":{\"@type\":\"ImageObject\",\"inLanguage\":\"pt-PT\",\"@id\":\"https:\\\/\\\/www.dillerbottle.com\\\/#\\\/schema\\\/logo\\\/image\\\/\",\"url\":\"https:\\\/\\\/www.dillerbottle.com\\\/wp-content\\\/uploads\\\/2024\\\/09\\\/49918bfa848dcc1e9f8b509933603ac.png\",\"contentUrl\":\"https:\\\/\\\/www.dillerbottle.com\\\/wp-content\\\/uploads\\\/2024\\\/09\\\/49918bfa848dcc1e9f8b509933603ac.png\",\"width\":988,\"height\":198,\"caption\":\"Diller Water Bottle Manufacturer\"},\"image\":{\"@id\":\"https:\\\/\\\/www.dillerbottle.com\\\/#\\\/schema\\\/logo\\\/image\\\/\"}}]}<\/script>\n<!-- \/ Yoast SEO Premium plugin. -->","yoast_head_json":{"title":"Caneca Tritan BPA Free com canudo - Fabricante de garrafas de \u00e1gua Diller","description":"Experimente a mistura de funcionalidade e beleza com a nossa caneca com palhinha Tritan BPA Free! Ecol\u00f3gica e elegante, \u00e9 perfeita para qualquer ocasi\u00e3o. \u2615\ufe0f","robots":{"index":"index","follow":"follow","max-snippet":"max-snippet:-1","max-image-preview":"max-image-preview:large","max-video-preview":"max-video-preview:-1"},"canonical":"https:\/\/www.dillerbottle.com\/pt\/produtos\/caneca-tritan-bpa-free-com-canudo","og_locale":"pt_PT","og_type":"article","og_title":"Tritan BPA Free Mug With Straw","og_description":"Experience the blend of function and beauty with our Tritan BPA Free Mug With Straw! Eco-friendly and stylish, perfect for any occasion. \u2615\ufe0f","og_url":"https:\/\/www.dillerbottle.com\/pt\/produtos\/caneca-tritan-bpa-free-com-canudo","og_site_name":"Diller Water Bottle Manufacturer","article_modified_time":"2025-09-12T07:56:52+00:00","og_image":[{"width":800,"height":800,"url":"https:\/\/www.dillerbottle.com\/wp-content\/uploads\/2024\/09\/tritan-bpa-free-mug-with-straw-1.jpg","type":"image\/jpeg"}],"twitter_card":"summary_large_image","twitter_misc":{"Tempo estimado de leitura":"1 minuto"},"schema":{"@context":"https:\/\/schema.org","@graph":[{"@type":"WebPage","@id":"https:\/\/www.dillerbottle.com\/products\/tritan-bpa-free-mug-with-straw","url":"https:\/\/www.dillerbottle.com\/products\/tritan-bpa-free-mug-with-straw","name":"Caneca Tritan BPA Free com canudo - Fabricante de garrafas de \u00e1gua Diller","isPartOf":{"@id":"https:\/\/www.dillerbottle.com\/#website"},"primaryImageOfPage":{"@id":"https:\/\/www.dillerbottle.com\/products\/tritan-bpa-free-mug-with-straw#primaryimage"},"image":{"@id":"https:\/\/www.dillerbottle.com\/products\/tritan-bpa-free-mug-with-straw#primaryimage"},"thumbnailUrl":"https:\/\/www.dillerbottle.com\/wp-content\/uploads\/2024\/09\/tritan-bpa-free-mug-with-straw-1.jpg","datePublished":"2024-09-27T09:55:08+00:00","dateModified":"2025-09-12T07:56:52+00:00","description":"Experimente a mistura de funcionalidade e beleza com a nossa caneca com palhinha Tritan BPA Free! Ecol\u00f3gica e elegante, \u00e9 perfeita para qualquer ocasi\u00e3o. \u2615\ufe0f","breadcrumb":{"@id":"https:\/\/www.dillerbottle.com\/products\/tritan-bpa-free-mug-with-straw#breadcrumb"},"inLanguage":"pt-PT","potentialAction":[{"@type":"ReadAction","target":["https:\/\/www.dillerbottle.com\/products\/tritan-bpa-free-mug-with-straw"]}]},{"@type":"ImageObject","inLanguage":"pt-PT","@id":"https:\/\/www.dillerbottle.com\/products\/tritan-bpa-free-mug-with-straw#primaryimage","url":"https:\/\/www.dillerbottle.com\/wp-content\/uploads\/2024\/09\/tritan-bpa-free-mug-with-straw-1.jpg","contentUrl":"https:\/\/www.dillerbottle.com\/wp-content\/uploads\/2024\/09\/tritan-bpa-free-mug-with-straw-1.jpg","width":800,"height":800},{"@type":"BreadcrumbList","@id":"https:\/\/www.dillerbottle.com\/products\/tritan-bpa-free-mug-with-straw#breadcrumb","itemListElement":[{"@type":"ListItem","position":1,"name":"Home","item":"https:\/\/www.dillerbottle.com\/"},{"@type":"ListItem","position":2,"name":"Products","item":"https:\/\/www.dillerbottle.com\/shop"},{"@type":"ListItem","position":3,"name":"Tritan BPA Free Mug With Straw"}]},{"@type":"WebSite","@id":"https:\/\/www.dillerbottle.com\/#website","url":"https:\/\/www.dillerbottle.com\/","name":"Garrafa de \u00e1gua Diller Fabricante","description":"Garrafa de \u00e1gua Fabricante","publisher":{"@id":"https:\/\/www.dillerbottle.com\/#organization"},"potentialAction":[{"@type":"SearchAction","target":{"@type":"EntryPoint","urlTemplate":"https:\/\/www.dillerbottle.com\/?s={search_term_string}"},"query-input":{"@type":"PropertyValueSpecification","valueRequired":true,"valueName":"search_term_string"}}],"inLanguage":"pt-PT"},{"@type":"Organization","@id":"https:\/\/www.dillerbottle.com\/#organization","name":"Garrafa de \u00e1gua Diller Fabricante","url":"https:\/\/www.dillerbottle.com\/","logo":{"@type":"ImageObject","inLanguage":"pt-PT","@id":"https:\/\/www.dillerbottle.com\/#\/schema\/logo\/image\/","url":"https:\/\/www.dillerbottle.com\/wp-content\/uploads\/2024\/09\/49918bfa848dcc1e9f8b509933603ac.png","contentUrl":"https:\/\/www.dillerbottle.com\/wp-content\/uploads\/2024\/09\/49918bfa848dcc1e9f8b509933603ac.png","width":988,"height":198,"caption":"Diller Water Bottle Manufacturer"},"image":{"@id":"https:\/\/www.dillerbottle.com\/#\/schema\/logo\/image\/"}}]}},"_links":{"self":[{"href":"https:\/\/www.dillerbottle.com\/pt\/wp-json\/wp\/v2\/product\/5197","targetHints":{"allow":["GET"]}}],"collection":[{"href":"https:\/\/www.dillerbottle.com\/pt\/wp-json\/wp\/v2\/product"}],"about":[{"href":"https:\/\/www.dillerbottle.com\/pt\/wp-json\/wp\/v2\/types\/product"}],"replies":[{"embeddable":true,"href":"https:\/\/www.dillerbottle.com\/pt\/wp-json\/wp\/v2\/comments?post=5197"}],"wp:featuredmedia":[{"embeddable":true,"href":"https:\/\/www.dillerbottle.com\/pt\/wp-json\/wp\/v2\/media\/16747"}],"wp:attachment":[{"href":"https:\/\/www.dillerbottle.com\/pt\/wp-json\/wp\/v2\/media?parent=5197"}],"wp:term":[{"taxonomy":"product_brand","embeddable":true,"href":"https:\/\/www.dillerbottle.com\/pt\/wp-json\/wp\/v2\/product_brand?post=5197"},{"taxonomy":"product_cat","embeddable":true,"href":"https:\/\/www.dillerbottle.com\/pt\/wp-json\/wp\/v2\/product_cat?post=5197"},{"taxonomy":"product_tag","embeddable":true,"href":"https:\/\/www.dillerbottle.com\/pt\/wp-json\/wp\/v2\/product_tag?post=5197"}],"curies":[{"name":"wp","href":"https:\/\/api.w.org\/{rel}","templated":true}]}}