{"id":5649,"date":"2024-09-27T18:00:14","date_gmt":"2024-09-27T10:00:14","guid":{"rendered":"https:\/\/demo.dillerbottle.com\/uncategorized\/plastic-bpa-free-water-bottle"},"modified":"2025-07-10T09:20:39","modified_gmt":"2025-07-10T01:20:39","slug":"garrafa-de-agua-de-plastico-sem-bpa-2","status":"publish","type":"product","link":"https:\/\/www.dillerbottle.com\/pt\/products\/plastic-bpa-free-water-bottle","title":{"rendered":"Garrafa de \u00e1gua de pl\u00e1stico sem BPA"},"content":{"rendered":"<p>1.Design c\u00f4ncavo exclusivo para se encaixar perfeitamente na sua m\u00e3o. Uma pequena curva para ajudar voc\u00ea a segurar a garrafa de \u00e1gua, convenientemente com uma m\u00e3o.;<br \/>\n2. sem BPA e sem sabor a \"pl\u00e1stico\": Garrafa de \u00e1gua desportiva DILLER Premium com pl\u00e1stico Tritan sem BPA 100%, tampa de material PP de qualidade alimentar, anel de veda\u00e7\u00e3o de silicone de qualidade alimentar. A melhor garrafa de \u00e1gua que n\u00e3o faz mal ao nosso corpo e \u00e9 amiga do ambiente. O tamanho padr\u00e3o do corpo da garrafa adapta-se \u00e0 maioria dos suportes para copos de carro e gaiolas de bicicleta, f\u00e1cil de levar para qualquer lugar. \u00c9 uma garrafa de \u00e1gua desportiva obrigat\u00f3ria para o gin\u00e1sio, ioga, corredores, atletas, crossfit, viagens, caminhadas, ciclismo, t\u00e9nis, campismo, escrit\u00f3rio de trabalho, escola, trabalho..;<\/p>","protected":false},"excerpt":{"rendered":"<p>Caracter\u00edsticas: 1. Design c\u00f4ncavo exclusivo para se ajustar perfeitamente \u00e0 sua m\u00e3o.<br \/>\nUma pequena curva para ajudar voc\u00ea a segurar a garrafa de \u00e1gua convenientemente com uma m\u00e3o.<br \/>\n2. Sem BPA e sem gosto de &quot;pl\u00e1stico&quot;: Garrafa de \u00e1gua esportiva premium DILLER com pl\u00e1stico Tritan 100% sem BPA\u2026<\/p>","protected":false},"featured_media":5650,"comment_status":"open","ping_status":"closed","template":"","meta":{"_acf_changed":false},"product_brand":[],"product_cat":[309],"product_tag":[390,32,36,33,31,39,425,38,29,37,326,427,471,317,34,35,28,30,323],"class_list":{"0":"post-5649","1":"product","2":"type-product","3":"status-publish","4":"has-post-thumbnail","6":"product_cat-plastic-water-bottle","7":"product_tag-300ml-water-bottle","8":"product_tag-best","9":"product_tag-bulk","10":"product_tag-buy","11":"product_tag-custom","12":"product_tag-for-sale","13":"product_tag-gallon-water-bottle","14":"product_tag-good-quality","15":"product_tag-manufacturers","16":"product_tag-manufacturing","17":"product_tag-matte-black-water-bottle","18":"product_tag-oem-bpa-free-reusable-gym-sports-water-bottle","19":"product_tag-plastic-bpa-free-water-bottle","20":"product_tag-plastic-water-bottle-sports-bottle-with-straw","21":"product_tag-price","22":"product_tag-small","23":"product_tag-suppliers","24":"product_tag-wholesale","25":"product_tag-wholesale-cute-water-bottles","27":"first","28":"instock","29":"shipping-taxable","30":"product-type-simple"},"acf":[],"yoast_head":"<!-- This site is optimized with the Yoast SEO Premium plugin v27.5 (Yoast SEO v27.5) - https:\/\/yoast.com\/product\/yoast-seo-premium-wordpress\/ -->\n<title>Plastic Bpa Free Water Bottle - Diller Water Bottle Manufacturer<\/title>\n<meta name=\"description\" content=\"As one of the best plastic bpa free water bottle manufacturers and suppliers, we are engaged in manufacturing good quality water bottles. We warmly welcome you to wholesale or buy custom made plastic bpa free water bottle at competitive price from us. Also, small quantity orders are acceptable.\" \/>\n<meta name=\"robots\" content=\"index, follow, max-snippet:-1, max-image-preview:large, max-video-preview:-1\" \/>\n<link rel=\"canonical\" href=\"https:\/\/www.dillerbottle.com\/pt\/produtos\/garrafa-de-agua-de-plastico-sem-bpa-2\" \/>\n<meta property=\"og:locale\" content=\"pt_PT\" \/>\n<meta property=\"og:type\" content=\"article\" \/>\n<meta property=\"og:title\" content=\"Plastic Bpa Free Water Bottle\" \/>\n<meta property=\"og:description\" content=\"As one of the best plastic bpa free water bottle manufacturers and suppliers, we are engaged in manufacturing good quality water bottles. We warmly welcome you to wholesale or buy custom made plastic bpa free water bottle at competitive price from us. Also, small quantity orders are acceptable.\" \/>\n<meta property=\"og:url\" content=\"https:\/\/www.dillerbottle.com\/pt\/produtos\/garrafa-de-agua-de-plastico-sem-bpa-2\" \/>\n<meta property=\"og:site_name\" content=\"Diller Water Bottle Manufacturer\" \/>\n<meta property=\"article:modified_time\" content=\"2025-07-10T01:20:39+00:00\" \/>\n<meta property=\"og:image\" content=\"https:\/\/www.dillerbottle.com\/wp-content\/uploads\/2024\/09\/plastic-bpa-free-water-bottle20204510827.jpg\" \/>\n\t<meta property=\"og:image:width\" content=\"730\" \/>\n\t<meta property=\"og:image:height\" content=\"730\" \/>\n\t<meta property=\"og:image:type\" content=\"image\/jpeg\" \/>\n<meta name=\"twitter:card\" content=\"summary_large_image\" \/>\n<meta name=\"twitter:label1\" content=\"Tempo estimado de leitura\" \/>\n\t<meta name=\"twitter:data1\" content=\"3 minutos\" \/>\n<script type=\"application\/ld+json\" class=\"yoast-schema-graph\">{\"@context\":\"https:\\\/\\\/schema.org\",\"@graph\":[{\"@type\":\"WebPage\",\"@id\":\"https:\\\/\\\/www.dillerbottle.com\\\/ar\\\/%d9%85%d9%86%d8%aa%d8%ac%d8%a7%d8%aa\\\/%d8%b2%d8%ac%d8%a7%d8%ac%d8%a9-%d9%85%d8%a7%d8%a1-%d8%a8%d9%84%d8%a7%d8%b3%d8%aa%d9%8a%d9%83%d9%8a%d8%a9-%d8%ae%d8%a7%d9%84%d9%8a%d8%a9-%d9%85%d9%86-%d9%85%d8%a7%d8%af%d8%a9-bpa-2\",\"url\":\"https:\\\/\\\/www.dillerbottle.com\\\/ar\\\/%d9%85%d9%86%d8%aa%d8%ac%d8%a7%d8%aa\\\/%d8%b2%d8%ac%d8%a7%d8%ac%d8%a9-%d9%85%d8%a7%d8%a1-%d8%a8%d9%84%d8%a7%d8%b3%d8%aa%d9%8a%d9%83%d9%8a%d8%a9-%d8%ae%d8%a7%d9%84%d9%8a%d8%a9-%d9%85%d9%86-%d9%85%d8%a7%d8%af%d8%a9-bpa-2\",\"name\":\"Plastic Bpa Free Water Bottle - Diller Water Bottle Manufacturer\",\"isPartOf\":{\"@id\":\"https:\\\/\\\/www.dillerbottle.com\\\/#website\"},\"primaryImageOfPage\":{\"@id\":\"https:\\\/\\\/www.dillerbottle.com\\\/ar\\\/%d9%85%d9%86%d8%aa%d8%ac%d8%a7%d8%aa\\\/%d8%b2%d8%ac%d8%a7%d8%ac%d8%a9-%d9%85%d8%a7%d8%a1-%d8%a8%d9%84%d8%a7%d8%b3%d8%aa%d9%8a%d9%83%d9%8a%d8%a9-%d8%ae%d8%a7%d9%84%d9%8a%d8%a9-%d9%85%d9%86-%d9%85%d8%a7%d8%af%d8%a9-bpa-2#primaryimage\"},\"image\":{\"@id\":\"https:\\\/\\\/www.dillerbottle.com\\\/ar\\\/%d9%85%d9%86%d8%aa%d8%ac%d8%a7%d8%aa\\\/%d8%b2%d8%ac%d8%a7%d8%ac%d8%a9-%d9%85%d8%a7%d8%a1-%d8%a8%d9%84%d8%a7%d8%b3%d8%aa%d9%8a%d9%83%d9%8a%d8%a9-%d8%ae%d8%a7%d9%84%d9%8a%d8%a9-%d9%85%d9%86-%d9%85%d8%a7%d8%af%d8%a9-bpa-2#primaryimage\"},\"thumbnailUrl\":\"https:\\\/\\\/www.dillerbottle.com\\\/wp-content\\\/uploads\\\/2024\\\/09\\\/plastic-bpa-free-water-bottle20204510827.jpg\",\"datePublished\":\"2024-09-27T10:00:14+00:00\",\"dateModified\":\"2025-07-10T01:20:39+00:00\",\"description\":\"As one of the best plastic bpa free water bottle manufacturers and suppliers, we are engaged in manufacturing good quality water bottles. We warmly welcome you to wholesale or buy custom made plastic bpa free water bottle at competitive price from us. Also, small quantity orders are acceptable.\",\"breadcrumb\":{\"@id\":\"https:\\\/\\\/www.dillerbottle.com\\\/ar\\\/%d9%85%d9%86%d8%aa%d8%ac%d8%a7%d8%aa\\\/%d8%b2%d8%ac%d8%a7%d8%ac%d8%a9-%d9%85%d8%a7%d8%a1-%d8%a8%d9%84%d8%a7%d8%b3%d8%aa%d9%8a%d9%83%d9%8a%d8%a9-%d8%ae%d8%a7%d9%84%d9%8a%d8%a9-%d9%85%d9%86-%d9%85%d8%a7%d8%af%d8%a9-bpa-2#breadcrumb\"},\"inLanguage\":\"pt-PT\",\"potentialAction\":[{\"@type\":\"ReadAction\",\"target\":[\"https:\\\/\\\/www.dillerbottle.com\\\/ar\\\/%d9%85%d9%86%d8%aa%d8%ac%d8%a7%d8%aa\\\/%d8%b2%d8%ac%d8%a7%d8%ac%d8%a9-%d9%85%d8%a7%d8%a1-%d8%a8%d9%84%d8%a7%d8%b3%d8%aa%d9%8a%d9%83%d9%8a%d8%a9-%d8%ae%d8%a7%d9%84%d9%8a%d8%a9-%d9%85%d9%86-%d9%85%d8%a7%d8%af%d8%a9-bpa-2\"]}]},{\"@type\":\"ImageObject\",\"inLanguage\":\"pt-PT\",\"@id\":\"https:\\\/\\\/www.dillerbottle.com\\\/ar\\\/%d9%85%d9%86%d8%aa%d8%ac%d8%a7%d8%aa\\\/%d8%b2%d8%ac%d8%a7%d8%ac%d8%a9-%d9%85%d8%a7%d8%a1-%d8%a8%d9%84%d8%a7%d8%b3%d8%aa%d9%8a%d9%83%d9%8a%d8%a9-%d8%ae%d8%a7%d9%84%d9%8a%d8%a9-%d9%85%d9%86-%d9%85%d8%a7%d8%af%d8%a9-bpa-2#primaryimage\",\"url\":\"https:\\\/\\\/www.dillerbottle.com\\\/wp-content\\\/uploads\\\/2024\\\/09\\\/plastic-bpa-free-water-bottle20204510827.jpg\",\"contentUrl\":\"https:\\\/\\\/www.dillerbottle.com\\\/wp-content\\\/uploads\\\/2024\\\/09\\\/plastic-bpa-free-water-bottle20204510827.jpg\",\"width\":730,\"height\":730},{\"@type\":\"BreadcrumbList\",\"@id\":\"https:\\\/\\\/www.dillerbottle.com\\\/ar\\\/%d9%85%d9%86%d8%aa%d8%ac%d8%a7%d8%aa\\\/%d8%b2%d8%ac%d8%a7%d8%ac%d8%a9-%d9%85%d8%a7%d8%a1-%d8%a8%d9%84%d8%a7%d8%b3%d8%aa%d9%8a%d9%83%d9%8a%d8%a9-%d8%ae%d8%a7%d9%84%d9%8a%d8%a9-%d9%85%d9%86-%d9%85%d8%a7%d8%af%d8%a9-bpa-2#breadcrumb\",\"itemListElement\":[{\"@type\":\"ListItem\",\"position\":1,\"name\":\"Home\",\"item\":\"https:\\\/\\\/www.dillerbottle.com\\\/\"},{\"@type\":\"ListItem\",\"position\":2,\"name\":\"Products\",\"item\":\"https:\\\/\\\/www.dillerbottle.com\\\/shop\"},{\"@type\":\"ListItem\",\"position\":3,\"name\":\"Plastic Bpa Free Water Bottle\"}]},{\"@type\":\"WebSite\",\"@id\":\"https:\\\/\\\/www.dillerbottle.com\\\/#website\",\"url\":\"https:\\\/\\\/www.dillerbottle.com\\\/\",\"name\":\"Diller Water Bottle Manufacturer\",\"description\":\"Water Bottle Manufacturer\",\"publisher\":{\"@id\":\"https:\\\/\\\/www.dillerbottle.com\\\/#organization\"},\"potentialAction\":[{\"@type\":\"SearchAction\",\"target\":{\"@type\":\"EntryPoint\",\"urlTemplate\":\"https:\\\/\\\/www.dillerbottle.com\\\/?s={search_term_string}\"},\"query-input\":{\"@type\":\"PropertyValueSpecification\",\"valueRequired\":true,\"valueName\":\"search_term_string\"}}],\"inLanguage\":\"pt-PT\"},{\"@type\":\"Organization\",\"@id\":\"https:\\\/\\\/www.dillerbottle.com\\\/#organization\",\"name\":\"Diller Water Bottle Manufacturer\",\"url\":\"https:\\\/\\\/www.dillerbottle.com\\\/\",\"logo\":{\"@type\":\"ImageObject\",\"inLanguage\":\"pt-PT\",\"@id\":\"https:\\\/\\\/www.dillerbottle.com\\\/#\\\/schema\\\/logo\\\/image\\\/\",\"url\":\"https:\\\/\\\/www.dillerbottle.com\\\/wp-content\\\/uploads\\\/2024\\\/09\\\/49918bfa848dcc1e9f8b509933603ac.png\",\"contentUrl\":\"https:\\\/\\\/www.dillerbottle.com\\\/wp-content\\\/uploads\\\/2024\\\/09\\\/49918bfa848dcc1e9f8b509933603ac.png\",\"width\":988,\"height\":198,\"caption\":\"Diller Water Bottle Manufacturer\"},\"image\":{\"@id\":\"https:\\\/\\\/www.dillerbottle.com\\\/#\\\/schema\\\/logo\\\/image\\\/\"}}]}<\/script>\n<!-- \/ Yoast SEO Premium plugin. -->","yoast_head_json":{"title":"Garrafa de \u00e1gua de pl\u00e1stico sem BPA - Fabricante de garrafas de \u00e1gua Diller","description":"Como um dos melhores fabricantes e fornecedores de garrafas pl\u00e1sticas de \u00e1gua sem BPA, estamos engajados na fabrica\u00e7\u00e3o de garrafas de \u00e1gua de boa qualidade. N\u00f3s calorosamente convidamos voc\u00ea a vender no atacado ou comprar garrafas pl\u00e1sticas de \u00e1gua sem BPA personalizadas a pre\u00e7os competitivos conosco. Al\u00e9m disso, pedidos de pequenas quantidades s\u00e3o aceit\u00e1veis.","robots":{"index":"index","follow":"follow","max-snippet":"max-snippet:-1","max-image-preview":"max-image-preview:large","max-video-preview":"max-video-preview:-1"},"canonical":"https:\/\/www.dillerbottle.com\/pt\/produtos\/garrafa-de-agua-de-plastico-sem-bpa-2","og_locale":"pt_PT","og_type":"article","og_title":"Plastic Bpa Free Water Bottle","og_description":"As one of the best plastic bpa free water bottle manufacturers and suppliers, we are engaged in manufacturing good quality water bottles. We warmly welcome you to wholesale or buy custom made plastic bpa free water bottle at competitive price from us. Also, small quantity orders are acceptable.","og_url":"https:\/\/www.dillerbottle.com\/pt\/produtos\/garrafa-de-agua-de-plastico-sem-bpa-2","og_site_name":"Diller Water Bottle Manufacturer","article_modified_time":"2025-07-10T01:20:39+00:00","og_image":[{"width":730,"height":730,"url":"https:\/\/www.dillerbottle.com\/wp-content\/uploads\/2024\/09\/plastic-bpa-free-water-bottle20204510827.jpg","type":"image\/jpeg"}],"twitter_card":"summary_large_image","twitter_misc":{"Tempo estimado de leitura":"3 minutos"},"schema":{"@context":"https:\/\/schema.org","@graph":[{"@type":"WebPage","@id":"https:\/\/www.dillerbottle.com\/ar\/%d9%85%d9%86%d8%aa%d8%ac%d8%a7%d8%aa\/%d8%b2%d8%ac%d8%a7%d8%ac%d8%a9-%d9%85%d8%a7%d8%a1-%d8%a8%d9%84%d8%a7%d8%b3%d8%aa%d9%8a%d9%83%d9%8a%d8%a9-%d8%ae%d8%a7%d9%84%d9%8a%d8%a9-%d9%85%d9%86-%d9%85%d8%a7%d8%af%d8%a9-bpa-2","url":"https:\/\/www.dillerbottle.com\/ar\/%d9%85%d9%86%d8%aa%d8%ac%d8%a7%d8%aa\/%d8%b2%d8%ac%d8%a7%d8%ac%d8%a9-%d9%85%d8%a7%d8%a1-%d8%a8%d9%84%d8%a7%d8%b3%d8%aa%d9%8a%d9%83%d9%8a%d8%a9-%d8%ae%d8%a7%d9%84%d9%8a%d8%a9-%d9%85%d9%86-%d9%85%d8%a7%d8%af%d8%a9-bpa-2","name":"Garrafa de \u00e1gua de pl\u00e1stico sem BPA - Fabricante de garrafas de \u00e1gua Diller","isPartOf":{"@id":"https:\/\/www.dillerbottle.com\/#website"},"primaryImageOfPage":{"@id":"https:\/\/www.dillerbottle.com\/ar\/%d9%85%d9%86%d8%aa%d8%ac%d8%a7%d8%aa\/%d8%b2%d8%ac%d8%a7%d8%ac%d8%a9-%d9%85%d8%a7%d8%a1-%d8%a8%d9%84%d8%a7%d8%b3%d8%aa%d9%8a%d9%83%d9%8a%d8%a9-%d8%ae%d8%a7%d9%84%d9%8a%d8%a9-%d9%85%d9%86-%d9%85%d8%a7%d8%af%d8%a9-bpa-2#primaryimage"},"image":{"@id":"https:\/\/www.dillerbottle.com\/ar\/%d9%85%d9%86%d8%aa%d8%ac%d8%a7%d8%aa\/%d8%b2%d8%ac%d8%a7%d8%ac%d8%a9-%d9%85%d8%a7%d8%a1-%d8%a8%d9%84%d8%a7%d8%b3%d8%aa%d9%8a%d9%83%d9%8a%d8%a9-%d8%ae%d8%a7%d9%84%d9%8a%d8%a9-%d9%85%d9%86-%d9%85%d8%a7%d8%af%d8%a9-bpa-2#primaryimage"},"thumbnailUrl":"https:\/\/www.dillerbottle.com\/wp-content\/uploads\/2024\/09\/plastic-bpa-free-water-bottle20204510827.jpg","datePublished":"2024-09-27T10:00:14+00:00","dateModified":"2025-07-10T01:20:39+00:00","description":"Como um dos melhores fabricantes e fornecedores de garrafas pl\u00e1sticas de \u00e1gua sem BPA, estamos engajados na fabrica\u00e7\u00e3o de garrafas de \u00e1gua de boa qualidade. N\u00f3s calorosamente convidamos voc\u00ea a vender no atacado ou comprar garrafas pl\u00e1sticas de \u00e1gua sem BPA personalizadas a pre\u00e7os competitivos conosco. Al\u00e9m disso, pedidos de pequenas quantidades s\u00e3o aceit\u00e1veis.","breadcrumb":{"@id":"https:\/\/www.dillerbottle.com\/ar\/%d9%85%d9%86%d8%aa%d8%ac%d8%a7%d8%aa\/%d8%b2%d8%ac%d8%a7%d8%ac%d8%a9-%d9%85%d8%a7%d8%a1-%d8%a8%d9%84%d8%a7%d8%b3%d8%aa%d9%8a%d9%83%d9%8a%d8%a9-%d8%ae%d8%a7%d9%84%d9%8a%d8%a9-%d9%85%d9%86-%d9%85%d8%a7%d8%af%d8%a9-bpa-2#breadcrumb"},"inLanguage":"pt-PT","potentialAction":[{"@type":"ReadAction","target":["https:\/\/www.dillerbottle.com\/ar\/%d9%85%d9%86%d8%aa%d8%ac%d8%a7%d8%aa\/%d8%b2%d8%ac%d8%a7%d8%ac%d8%a9-%d9%85%d8%a7%d8%a1-%d8%a8%d9%84%d8%a7%d8%b3%d8%aa%d9%8a%d9%83%d9%8a%d8%a9-%d8%ae%d8%a7%d9%84%d9%8a%d8%a9-%d9%85%d9%86-%d9%85%d8%a7%d8%af%d8%a9-bpa-2"]}]},{"@type":"ImageObject","inLanguage":"pt-PT","@id":"https:\/\/www.dillerbottle.com\/ar\/%d9%85%d9%86%d8%aa%d8%ac%d8%a7%d8%aa\/%d8%b2%d8%ac%d8%a7%d8%ac%d8%a9-%d9%85%d8%a7%d8%a1-%d8%a8%d9%84%d8%a7%d8%b3%d8%aa%d9%8a%d9%83%d9%8a%d8%a9-%d8%ae%d8%a7%d9%84%d9%8a%d8%a9-%d9%85%d9%86-%d9%85%d8%a7%d8%af%d8%a9-bpa-2#primaryimage","url":"https:\/\/www.dillerbottle.com\/wp-content\/uploads\/2024\/09\/plastic-bpa-free-water-bottle20204510827.jpg","contentUrl":"https:\/\/www.dillerbottle.com\/wp-content\/uploads\/2024\/09\/plastic-bpa-free-water-bottle20204510827.jpg","width":730,"height":730},{"@type":"BreadcrumbList","@id":"https:\/\/www.dillerbottle.com\/ar\/%d9%85%d9%86%d8%aa%d8%ac%d8%a7%d8%aa\/%d8%b2%d8%ac%d8%a7%d8%ac%d8%a9-%d9%85%d8%a7%d8%a1-%d8%a8%d9%84%d8%a7%d8%b3%d8%aa%d9%8a%d9%83%d9%8a%d8%a9-%d8%ae%d8%a7%d9%84%d9%8a%d8%a9-%d9%85%d9%86-%d9%85%d8%a7%d8%af%d8%a9-bpa-2#breadcrumb","itemListElement":[{"@type":"ListItem","position":1,"name":"Home","item":"https:\/\/www.dillerbottle.com\/"},{"@type":"ListItem","position":2,"name":"Products","item":"https:\/\/www.dillerbottle.com\/shop"},{"@type":"ListItem","position":3,"name":"Plastic Bpa Free Water Bottle"}]},{"@type":"WebSite","@id":"https:\/\/www.dillerbottle.com\/#website","url":"https:\/\/www.dillerbottle.com\/","name":"Garrafa de \u00e1gua Diller Fabricante","description":"Garrafa de \u00e1gua Fabricante","publisher":{"@id":"https:\/\/www.dillerbottle.com\/#organization"},"potentialAction":[{"@type":"SearchAction","target":{"@type":"EntryPoint","urlTemplate":"https:\/\/www.dillerbottle.com\/?s={search_term_string}"},"query-input":{"@type":"PropertyValueSpecification","valueRequired":true,"valueName":"search_term_string"}}],"inLanguage":"pt-PT"},{"@type":"Organization","@id":"https:\/\/www.dillerbottle.com\/#organization","name":"Garrafa de \u00e1gua Diller Fabricante","url":"https:\/\/www.dillerbottle.com\/","logo":{"@type":"ImageObject","inLanguage":"pt-PT","@id":"https:\/\/www.dillerbottle.com\/#\/schema\/logo\/image\/","url":"https:\/\/www.dillerbottle.com\/wp-content\/uploads\/2024\/09\/49918bfa848dcc1e9f8b509933603ac.png","contentUrl":"https:\/\/www.dillerbottle.com\/wp-content\/uploads\/2024\/09\/49918bfa848dcc1e9f8b509933603ac.png","width":988,"height":198,"caption":"Diller Water Bottle Manufacturer"},"image":{"@id":"https:\/\/www.dillerbottle.com\/#\/schema\/logo\/image\/"}}]}},"_links":{"self":[{"href":"https:\/\/www.dillerbottle.com\/pt\/wp-json\/wp\/v2\/product\/5649","targetHints":{"allow":["GET"]}}],"collection":[{"href":"https:\/\/www.dillerbottle.com\/pt\/wp-json\/wp\/v2\/product"}],"about":[{"href":"https:\/\/www.dillerbottle.com\/pt\/wp-json\/wp\/v2\/types\/product"}],"replies":[{"embeddable":true,"href":"https:\/\/www.dillerbottle.com\/pt\/wp-json\/wp\/v2\/comments?post=5649"}],"wp:featuredmedia":[{"embeddable":true,"href":"https:\/\/www.dillerbottle.com\/pt\/wp-json\/wp\/v2\/media\/5650"}],"wp:attachment":[{"href":"https:\/\/www.dillerbottle.com\/pt\/wp-json\/wp\/v2\/media?parent=5649"}],"wp:term":[{"taxonomy":"product_brand","embeddable":true,"href":"https:\/\/www.dillerbottle.com\/pt\/wp-json\/wp\/v2\/product_brand?post=5649"},{"taxonomy":"product_cat","embeddable":true,"href":"https:\/\/www.dillerbottle.com\/pt\/wp-json\/wp\/v2\/product_cat?post=5649"},{"taxonomy":"product_tag","embeddable":true,"href":"https:\/\/www.dillerbottle.com\/pt\/wp-json\/wp\/v2\/product_tag?post=5649"}],"curies":[{"name":"wp","href":"https:\/\/api.w.org\/{rel}","templated":true}]}}