{"id":5837,"date":"2024-09-27T18:02:07","date_gmt":"2024-09-27T10:02:07","guid":{"rendered":"https:\/\/demo.dillerbottle.com\/uncategorized\/food-grade-plastic-water-bottles"},"modified":"2025-07-09T18:02:04","modified_gmt":"2025-07-09T10:02:04","slug":"garrafas-de-agua-de-plastico-de-qualidade-alimentar","status":"publish","type":"product","link":"https:\/\/www.dillerbottle.com\/pt\/products\/food-grade-plastic-water-bottles","title":{"rendered":"Garrafas de \u00e1gua de pl\u00e1stico de qualidade alimentar"},"content":{"rendered":"<p>Caracter\u00edsticas:<\/p>\n<p>1. Esta garrafa de \u00e1gua de pl\u00e1stico \u00e9 feita de material Tritan de qualidade alimentar, sem BPA, n\u00e3o t\u00f3xico e com forte resist\u00eancia ao impacto.<\/p>\n<p>2. A garrafa de \u00e1gua tem um grande infusor de ch\u00e1 que pode ser utilizado para preparar ch\u00e1 de frutas ou ch\u00e1 de flores.<\/p>\n<p>3. Corda de nylon port\u00e1til, f\u00e1cil de transportar. Excelente para partilhar ou em viagem.<\/p>\n<p>4. A boca larga facilita a limpeza e a adi\u00e7\u00e3o de cubos de gelo, facilitando a prepara\u00e7\u00e3o de v\u00e1rias bebidas.<\/p>\n<p>5. A palhinha est\u00e1 equipada com uma tampa de palhinha, que \u00e9 \u00e0 prova de p\u00f3 e de fugas.<\/p>\n<p>OEM e ODM aceit\u00e1veis.<br \/>\nPodemos personalizar a garrafa de bebida de acordo com as suas necessidades.<br \/>\nBem-vindo \u00e0 compra por atacado, envie sua consulta agora!<\/p>","protected":false},"excerpt":{"rendered":"<p>Esta garrafa de \u00e1gua de pl\u00e1stico \u00e9 feita de material Tritan de qualidade alimentar, sem BPA, n\u00e3o t\u00f3xico e com forte resist\u00eancia ao impacto.<br \/>\nA garrafa de \u00e1gua tem um grande infusor de ch\u00e1 que pode ser utilizado para preparar ch\u00e1 de frutas ou ch\u00e1 de flores.<br \/>\nCorda de nylon port\u00e1til, f\u00e1cil de transportar. Excelente para partilhar ou em viagem.<br \/>\nA boca larga facilita a limpeza e a adi\u00e7\u00e3o de cubos de gelo, facilitando a prepara\u00e7\u00e3o de v\u00e1rias bebidas.<br \/>\nA palhinha est\u00e1 equipada com uma tampa de palhinha, que \u00e9 \u00e0 prova de p\u00f3 e de fugas.<br \/>\nOEM e ODM aceit\u00e1veis.<\/p>","protected":false},"featured_media":15919,"comment_status":"open","ping_status":"closed","template":"","meta":{"_acf_changed":false},"product_brand":[],"product_cat":[309],"product_tag":[422,366,32,36,33,31,403,485,39,38,29,37,34,322,35,28,370,345,30],"class_list":{"0":"post-5837","1":"product","2":"type-product","3":"status-publish","4":"has-post-thumbnail","6":"product_cat-plastic-water-bottle","7":"product_tag-1100-litle-water-bottle","8":"product_tag-500ml-plastic-water-bottle","9":"product_tag-best","10":"product_tag-bulk","11":"product_tag-buy","12":"product_tag-custom","13":"product_tag-custom-branded-water-bottle","14":"product_tag-food-grade-plastic-water-bottles","15":"product_tag-for-sale","16":"product_tag-good-quality","17":"product_tag-manufacturers","18":"product_tag-manufacturing","19":"product_tag-price","20":"product_tag-slim-plastic-water-bottle","21":"product_tag-small","22":"product_tag-suppliers","23":"product_tag-tritan-bpa-free-fitness-sports-water-bottles","24":"product_tag-water-bottle-2-litre","25":"product_tag-wholesale","27":"first","28":"instock","29":"shipping-taxable","30":"product-type-simple"},"acf":[],"yoast_head":"<!-- This site is optimized with the Yoast SEO Premium plugin v27.5 (Yoast SEO v27.5) - https:\/\/yoast.com\/product\/yoast-seo-premium-wordpress\/ -->\n<title>Food Grade Plastic Water Bottles - Diller Water Bottle Manufacturer<\/title>\n<meta name=\"description\" content=\"As one of the best food grade plastic water bottles manufacturers and suppliers, we are engaged in manufacturing good quality water bottles. We warmly welcome you to wholesale or buy custom made food grade plastic water bottles at competitive price from us. Also, small quantity orders are acceptable.\" \/>\n<meta name=\"robots\" content=\"index, follow, max-snippet:-1, max-image-preview:large, max-video-preview:-1\" \/>\n<link rel=\"canonical\" href=\"https:\/\/www.dillerbottle.com\/pt\/produtos\/garrafas-de-agua-de-plastico-de-qualidade-alimentar\" \/>\n<meta property=\"og:locale\" content=\"pt_PT\" \/>\n<meta property=\"og:type\" content=\"article\" \/>\n<meta property=\"og:title\" content=\"Food Grade Plastic Water Bottles\" \/>\n<meta property=\"og:description\" content=\"As one of the best food grade plastic water bottles manufacturers and suppliers, we are engaged in manufacturing good quality water bottles. We warmly welcome you to wholesale or buy custom made food grade plastic water bottles at competitive price from us. Also, small quantity orders are acceptable.\" \/>\n<meta property=\"og:url\" content=\"https:\/\/www.dillerbottle.com\/pt\/produtos\/garrafas-de-agua-de-plastico-de-qualidade-alimentar\" \/>\n<meta property=\"og:site_name\" content=\"Diller Water Bottle Manufacturer\" \/>\n<meta property=\"article:modified_time\" content=\"2025-07-09T10:02:04+00:00\" \/>\n<meta property=\"og:image\" content=\"https:\/\/www.dillerbottle.com\/wp-content\/uploads\/2024\/09\/food-grade-plastic-water-bottles-pink.jpg\" \/>\n\t<meta property=\"og:image:width\" content=\"800\" \/>\n\t<meta property=\"og:image:height\" content=\"800\" \/>\n\t<meta property=\"og:image:type\" content=\"image\/jpeg\" \/>\n<meta name=\"twitter:card\" content=\"summary_large_image\" \/>\n<meta name=\"twitter:label1\" content=\"Tempo estimado de leitura\" \/>\n\t<meta name=\"twitter:data1\" content=\"3 minutos\" \/>\n<script type=\"application\/ld+json\" class=\"yoast-schema-graph\">{\"@context\":\"https:\\\/\\\/schema.org\",\"@graph\":[{\"@type\":\"WebPage\",\"@id\":\"https:\\\/\\\/www.dillerbottle.com\\\/th\\\/%e0%b8%aa%e0%b8%b4%e0%b8%99%e0%b8%84%e0%b9%89%e0%b8%b2\\\/%e0%b8%82%e0%b8%a7%e0%b8%94%e0%b8%99%e0%b9%89%e0%b8%b3%e0%b8%9e%e0%b8%a5%e0%b8%b2%e0%b8%aa%e0%b8%95%e0%b8%b4%e0%b8%81%e0%b9%80%e0%b8%81%e0%b8%a3%e0%b8%94%e0%b8%ad%e0%b8%b2%e0%b8%ab%e0%b8%b2%e0%b8%a3\",\"url\":\"https:\\\/\\\/www.dillerbottle.com\\\/th\\\/%e0%b8%aa%e0%b8%b4%e0%b8%99%e0%b8%84%e0%b9%89%e0%b8%b2\\\/%e0%b8%82%e0%b8%a7%e0%b8%94%e0%b8%99%e0%b9%89%e0%b8%b3%e0%b8%9e%e0%b8%a5%e0%b8%b2%e0%b8%aa%e0%b8%95%e0%b8%b4%e0%b8%81%e0%b9%80%e0%b8%81%e0%b8%a3%e0%b8%94%e0%b8%ad%e0%b8%b2%e0%b8%ab%e0%b8%b2%e0%b8%a3\",\"name\":\"Food Grade Plastic Water Bottles - Diller Water Bottle Manufacturer\",\"isPartOf\":{\"@id\":\"https:\\\/\\\/www.dillerbottle.com\\\/#website\"},\"primaryImageOfPage\":{\"@id\":\"https:\\\/\\\/www.dillerbottle.com\\\/th\\\/%e0%b8%aa%e0%b8%b4%e0%b8%99%e0%b8%84%e0%b9%89%e0%b8%b2\\\/%e0%b8%82%e0%b8%a7%e0%b8%94%e0%b8%99%e0%b9%89%e0%b8%b3%e0%b8%9e%e0%b8%a5%e0%b8%b2%e0%b8%aa%e0%b8%95%e0%b8%b4%e0%b8%81%e0%b9%80%e0%b8%81%e0%b8%a3%e0%b8%94%e0%b8%ad%e0%b8%b2%e0%b8%ab%e0%b8%b2%e0%b8%a3#primaryimage\"},\"image\":{\"@id\":\"https:\\\/\\\/www.dillerbottle.com\\\/th\\\/%e0%b8%aa%e0%b8%b4%e0%b8%99%e0%b8%84%e0%b9%89%e0%b8%b2\\\/%e0%b8%82%e0%b8%a7%e0%b8%94%e0%b8%99%e0%b9%89%e0%b8%b3%e0%b8%9e%e0%b8%a5%e0%b8%b2%e0%b8%aa%e0%b8%95%e0%b8%b4%e0%b8%81%e0%b9%80%e0%b8%81%e0%b8%a3%e0%b8%94%e0%b8%ad%e0%b8%b2%e0%b8%ab%e0%b8%b2%e0%b8%a3#primaryimage\"},\"thumbnailUrl\":\"https:\\\/\\\/www.dillerbottle.com\\\/wp-content\\\/uploads\\\/2024\\\/09\\\/food-grade-plastic-water-bottles-pink.jpg\",\"datePublished\":\"2024-09-27T10:02:07+00:00\",\"dateModified\":\"2025-07-09T10:02:04+00:00\",\"description\":\"As one of the best food grade plastic water bottles manufacturers and suppliers, we are engaged in manufacturing good quality water bottles. We warmly welcome you to wholesale or buy custom made food grade plastic water bottles at competitive price from us. Also, small quantity orders are acceptable.\",\"breadcrumb\":{\"@id\":\"https:\\\/\\\/www.dillerbottle.com\\\/th\\\/%e0%b8%aa%e0%b8%b4%e0%b8%99%e0%b8%84%e0%b9%89%e0%b8%b2\\\/%e0%b8%82%e0%b8%a7%e0%b8%94%e0%b8%99%e0%b9%89%e0%b8%b3%e0%b8%9e%e0%b8%a5%e0%b8%b2%e0%b8%aa%e0%b8%95%e0%b8%b4%e0%b8%81%e0%b9%80%e0%b8%81%e0%b8%a3%e0%b8%94%e0%b8%ad%e0%b8%b2%e0%b8%ab%e0%b8%b2%e0%b8%a3#breadcrumb\"},\"inLanguage\":\"pt-PT\",\"potentialAction\":[{\"@type\":\"ReadAction\",\"target\":[\"https:\\\/\\\/www.dillerbottle.com\\\/th\\\/%e0%b8%aa%e0%b8%b4%e0%b8%99%e0%b8%84%e0%b9%89%e0%b8%b2\\\/%e0%b8%82%e0%b8%a7%e0%b8%94%e0%b8%99%e0%b9%89%e0%b8%b3%e0%b8%9e%e0%b8%a5%e0%b8%b2%e0%b8%aa%e0%b8%95%e0%b8%b4%e0%b8%81%e0%b9%80%e0%b8%81%e0%b8%a3%e0%b8%94%e0%b8%ad%e0%b8%b2%e0%b8%ab%e0%b8%b2%e0%b8%a3\"]}]},{\"@type\":\"ImageObject\",\"inLanguage\":\"pt-PT\",\"@id\":\"https:\\\/\\\/www.dillerbottle.com\\\/th\\\/%e0%b8%aa%e0%b8%b4%e0%b8%99%e0%b8%84%e0%b9%89%e0%b8%b2\\\/%e0%b8%82%e0%b8%a7%e0%b8%94%e0%b8%99%e0%b9%89%e0%b8%b3%e0%b8%9e%e0%b8%a5%e0%b8%b2%e0%b8%aa%e0%b8%95%e0%b8%b4%e0%b8%81%e0%b9%80%e0%b8%81%e0%b8%a3%e0%b8%94%e0%b8%ad%e0%b8%b2%e0%b8%ab%e0%b8%b2%e0%b8%a3#primaryimage\",\"url\":\"https:\\\/\\\/www.dillerbottle.com\\\/wp-content\\\/uploads\\\/2024\\\/09\\\/food-grade-plastic-water-bottles-pink.jpg\",\"contentUrl\":\"https:\\\/\\\/www.dillerbottle.com\\\/wp-content\\\/uploads\\\/2024\\\/09\\\/food-grade-plastic-water-bottles-pink.jpg\",\"width\":800,\"height\":800},{\"@type\":\"BreadcrumbList\",\"@id\":\"https:\\\/\\\/www.dillerbottle.com\\\/th\\\/%e0%b8%aa%e0%b8%b4%e0%b8%99%e0%b8%84%e0%b9%89%e0%b8%b2\\\/%e0%b8%82%e0%b8%a7%e0%b8%94%e0%b8%99%e0%b9%89%e0%b8%b3%e0%b8%9e%e0%b8%a5%e0%b8%b2%e0%b8%aa%e0%b8%95%e0%b8%b4%e0%b8%81%e0%b9%80%e0%b8%81%e0%b8%a3%e0%b8%94%e0%b8%ad%e0%b8%b2%e0%b8%ab%e0%b8%b2%e0%b8%a3#breadcrumb\",\"itemListElement\":[{\"@type\":\"ListItem\",\"position\":1,\"name\":\"Home\",\"item\":\"https:\\\/\\\/www.dillerbottle.com\\\/\"},{\"@type\":\"ListItem\",\"position\":2,\"name\":\"Products\",\"item\":\"https:\\\/\\\/www.dillerbottle.com\\\/shop\"},{\"@type\":\"ListItem\",\"position\":3,\"name\":\"Food Grade Plastic Water Bottles\"}]},{\"@type\":\"WebSite\",\"@id\":\"https:\\\/\\\/www.dillerbottle.com\\\/#website\",\"url\":\"https:\\\/\\\/www.dillerbottle.com\\\/\",\"name\":\"Diller Water Bottle Manufacturer\",\"description\":\"Water Bottle Manufacturer\",\"publisher\":{\"@id\":\"https:\\\/\\\/www.dillerbottle.com\\\/#organization\"},\"potentialAction\":[{\"@type\":\"SearchAction\",\"target\":{\"@type\":\"EntryPoint\",\"urlTemplate\":\"https:\\\/\\\/www.dillerbottle.com\\\/?s={search_term_string}\"},\"query-input\":{\"@type\":\"PropertyValueSpecification\",\"valueRequired\":true,\"valueName\":\"search_term_string\"}}],\"inLanguage\":\"pt-PT\"},{\"@type\":\"Organization\",\"@id\":\"https:\\\/\\\/www.dillerbottle.com\\\/#organization\",\"name\":\"Diller Water Bottle Manufacturer\",\"url\":\"https:\\\/\\\/www.dillerbottle.com\\\/\",\"logo\":{\"@type\":\"ImageObject\",\"inLanguage\":\"pt-PT\",\"@id\":\"https:\\\/\\\/www.dillerbottle.com\\\/#\\\/schema\\\/logo\\\/image\\\/\",\"url\":\"https:\\\/\\\/www.dillerbottle.com\\\/wp-content\\\/uploads\\\/2024\\\/09\\\/49918bfa848dcc1e9f8b509933603ac.png\",\"contentUrl\":\"https:\\\/\\\/www.dillerbottle.com\\\/wp-content\\\/uploads\\\/2024\\\/09\\\/49918bfa848dcc1e9f8b509933603ac.png\",\"width\":988,\"height\":198,\"caption\":\"Diller Water Bottle Manufacturer\"},\"image\":{\"@id\":\"https:\\\/\\\/www.dillerbottle.com\\\/#\\\/schema\\\/logo\\\/image\\\/\"}}]}<\/script>\n<!-- \/ Yoast SEO Premium plugin. -->","yoast_head_json":{"title":"Garrafas de \u00e1gua de pl\u00e1stico de qualidade alimentar - Fabricante de garrafas de \u00e1gua Diller","description":"Como um dos melhores fabricantes e fornecedores de garrafas pl\u00e1sticas de \u00e1gua de qualidade alimentar, estamos engajados na fabrica\u00e7\u00e3o de garrafas de \u00e1gua de boa qualidade. N\u00f3s calorosamente convidamos voc\u00ea a vender no atacado ou comprar garrafas pl\u00e1sticas de \u00e1gua de qualidade alimentar personalizadas a pre\u00e7os competitivos conosco. Al\u00e9m disso, pedidos de pequenas quantidades s\u00e3o aceit\u00e1veis.","robots":{"index":"index","follow":"follow","max-snippet":"max-snippet:-1","max-image-preview":"max-image-preview:large","max-video-preview":"max-video-preview:-1"},"canonical":"https:\/\/www.dillerbottle.com\/pt\/produtos\/garrafas-de-agua-de-plastico-de-qualidade-alimentar","og_locale":"pt_PT","og_type":"article","og_title":"Food Grade Plastic Water Bottles","og_description":"As one of the best food grade plastic water bottles manufacturers and suppliers, we are engaged in manufacturing good quality water bottles. We warmly welcome you to wholesale or buy custom made food grade plastic water bottles at competitive price from us. Also, small quantity orders are acceptable.","og_url":"https:\/\/www.dillerbottle.com\/pt\/produtos\/garrafas-de-agua-de-plastico-de-qualidade-alimentar","og_site_name":"Diller Water Bottle Manufacturer","article_modified_time":"2025-07-09T10:02:04+00:00","og_image":[{"width":800,"height":800,"url":"https:\/\/www.dillerbottle.com\/wp-content\/uploads\/2024\/09\/food-grade-plastic-water-bottles-pink.jpg","type":"image\/jpeg"}],"twitter_card":"summary_large_image","twitter_misc":{"Tempo estimado de leitura":"3 minutos"},"schema":{"@context":"https:\/\/schema.org","@graph":[{"@type":"WebPage","@id":"https:\/\/www.dillerbottle.com\/th\/%e0%b8%aa%e0%b8%b4%e0%b8%99%e0%b8%84%e0%b9%89%e0%b8%b2\/%e0%b8%82%e0%b8%a7%e0%b8%94%e0%b8%99%e0%b9%89%e0%b8%b3%e0%b8%9e%e0%b8%a5%e0%b8%b2%e0%b8%aa%e0%b8%95%e0%b8%b4%e0%b8%81%e0%b9%80%e0%b8%81%e0%b8%a3%e0%b8%94%e0%b8%ad%e0%b8%b2%e0%b8%ab%e0%b8%b2%e0%b8%a3","url":"https:\/\/www.dillerbottle.com\/th\/%e0%b8%aa%e0%b8%b4%e0%b8%99%e0%b8%84%e0%b9%89%e0%b8%b2\/%e0%b8%82%e0%b8%a7%e0%b8%94%e0%b8%99%e0%b9%89%e0%b8%b3%e0%b8%9e%e0%b8%a5%e0%b8%b2%e0%b8%aa%e0%b8%95%e0%b8%b4%e0%b8%81%e0%b9%80%e0%b8%81%e0%b8%a3%e0%b8%94%e0%b8%ad%e0%b8%b2%e0%b8%ab%e0%b8%b2%e0%b8%a3","name":"Garrafas de \u00e1gua de pl\u00e1stico de qualidade alimentar - Fabricante de garrafas de \u00e1gua Diller","isPartOf":{"@id":"https:\/\/www.dillerbottle.com\/#website"},"primaryImageOfPage":{"@id":"https:\/\/www.dillerbottle.com\/th\/%e0%b8%aa%e0%b8%b4%e0%b8%99%e0%b8%84%e0%b9%89%e0%b8%b2\/%e0%b8%82%e0%b8%a7%e0%b8%94%e0%b8%99%e0%b9%89%e0%b8%b3%e0%b8%9e%e0%b8%a5%e0%b8%b2%e0%b8%aa%e0%b8%95%e0%b8%b4%e0%b8%81%e0%b9%80%e0%b8%81%e0%b8%a3%e0%b8%94%e0%b8%ad%e0%b8%b2%e0%b8%ab%e0%b8%b2%e0%b8%a3#primaryimage"},"image":{"@id":"https:\/\/www.dillerbottle.com\/th\/%e0%b8%aa%e0%b8%b4%e0%b8%99%e0%b8%84%e0%b9%89%e0%b8%b2\/%e0%b8%82%e0%b8%a7%e0%b8%94%e0%b8%99%e0%b9%89%e0%b8%b3%e0%b8%9e%e0%b8%a5%e0%b8%b2%e0%b8%aa%e0%b8%95%e0%b8%b4%e0%b8%81%e0%b9%80%e0%b8%81%e0%b8%a3%e0%b8%94%e0%b8%ad%e0%b8%b2%e0%b8%ab%e0%b8%b2%e0%b8%a3#primaryimage"},"thumbnailUrl":"https:\/\/www.dillerbottle.com\/wp-content\/uploads\/2024\/09\/food-grade-plastic-water-bottles-pink.jpg","datePublished":"2024-09-27T10:02:07+00:00","dateModified":"2025-07-09T10:02:04+00:00","description":"Como um dos melhores fabricantes e fornecedores de garrafas pl\u00e1sticas de \u00e1gua de qualidade alimentar, estamos engajados na fabrica\u00e7\u00e3o de garrafas de \u00e1gua de boa qualidade. N\u00f3s calorosamente convidamos voc\u00ea a vender no atacado ou comprar garrafas pl\u00e1sticas de \u00e1gua de qualidade alimentar personalizadas a pre\u00e7os competitivos conosco. Al\u00e9m disso, pedidos de pequenas quantidades s\u00e3o aceit\u00e1veis.","breadcrumb":{"@id":"https:\/\/www.dillerbottle.com\/th\/%e0%b8%aa%e0%b8%b4%e0%b8%99%e0%b8%84%e0%b9%89%e0%b8%b2\/%e0%b8%82%e0%b8%a7%e0%b8%94%e0%b8%99%e0%b9%89%e0%b8%b3%e0%b8%9e%e0%b8%a5%e0%b8%b2%e0%b8%aa%e0%b8%95%e0%b8%b4%e0%b8%81%e0%b9%80%e0%b8%81%e0%b8%a3%e0%b8%94%e0%b8%ad%e0%b8%b2%e0%b8%ab%e0%b8%b2%e0%b8%a3#breadcrumb"},"inLanguage":"pt-PT","potentialAction":[{"@type":"ReadAction","target":["https:\/\/www.dillerbottle.com\/th\/%e0%b8%aa%e0%b8%b4%e0%b8%99%e0%b8%84%e0%b9%89%e0%b8%b2\/%e0%b8%82%e0%b8%a7%e0%b8%94%e0%b8%99%e0%b9%89%e0%b8%b3%e0%b8%9e%e0%b8%a5%e0%b8%b2%e0%b8%aa%e0%b8%95%e0%b8%b4%e0%b8%81%e0%b9%80%e0%b8%81%e0%b8%a3%e0%b8%94%e0%b8%ad%e0%b8%b2%e0%b8%ab%e0%b8%b2%e0%b8%a3"]}]},{"@type":"ImageObject","inLanguage":"pt-PT","@id":"https:\/\/www.dillerbottle.com\/th\/%e0%b8%aa%e0%b8%b4%e0%b8%99%e0%b8%84%e0%b9%89%e0%b8%b2\/%e0%b8%82%e0%b8%a7%e0%b8%94%e0%b8%99%e0%b9%89%e0%b8%b3%e0%b8%9e%e0%b8%a5%e0%b8%b2%e0%b8%aa%e0%b8%95%e0%b8%b4%e0%b8%81%e0%b9%80%e0%b8%81%e0%b8%a3%e0%b8%94%e0%b8%ad%e0%b8%b2%e0%b8%ab%e0%b8%b2%e0%b8%a3#primaryimage","url":"https:\/\/www.dillerbottle.com\/wp-content\/uploads\/2024\/09\/food-grade-plastic-water-bottles-pink.jpg","contentUrl":"https:\/\/www.dillerbottle.com\/wp-content\/uploads\/2024\/09\/food-grade-plastic-water-bottles-pink.jpg","width":800,"height":800},{"@type":"BreadcrumbList","@id":"https:\/\/www.dillerbottle.com\/th\/%e0%b8%aa%e0%b8%b4%e0%b8%99%e0%b8%84%e0%b9%89%e0%b8%b2\/%e0%b8%82%e0%b8%a7%e0%b8%94%e0%b8%99%e0%b9%89%e0%b8%b3%e0%b8%9e%e0%b8%a5%e0%b8%b2%e0%b8%aa%e0%b8%95%e0%b8%b4%e0%b8%81%e0%b9%80%e0%b8%81%e0%b8%a3%e0%b8%94%e0%b8%ad%e0%b8%b2%e0%b8%ab%e0%b8%b2%e0%b8%a3#breadcrumb","itemListElement":[{"@type":"ListItem","position":1,"name":"Home","item":"https:\/\/www.dillerbottle.com\/"},{"@type":"ListItem","position":2,"name":"Products","item":"https:\/\/www.dillerbottle.com\/shop"},{"@type":"ListItem","position":3,"name":"Food Grade Plastic Water Bottles"}]},{"@type":"WebSite","@id":"https:\/\/www.dillerbottle.com\/#website","url":"https:\/\/www.dillerbottle.com\/","name":"Garrafa de \u00e1gua Diller Fabricante","description":"Garrafa de \u00e1gua Fabricante","publisher":{"@id":"https:\/\/www.dillerbottle.com\/#organization"},"potentialAction":[{"@type":"SearchAction","target":{"@type":"EntryPoint","urlTemplate":"https:\/\/www.dillerbottle.com\/?s={search_term_string}"},"query-input":{"@type":"PropertyValueSpecification","valueRequired":true,"valueName":"search_term_string"}}],"inLanguage":"pt-PT"},{"@type":"Organization","@id":"https:\/\/www.dillerbottle.com\/#organization","name":"Garrafa de \u00e1gua Diller Fabricante","url":"https:\/\/www.dillerbottle.com\/","logo":{"@type":"ImageObject","inLanguage":"pt-PT","@id":"https:\/\/www.dillerbottle.com\/#\/schema\/logo\/image\/","url":"https:\/\/www.dillerbottle.com\/wp-content\/uploads\/2024\/09\/49918bfa848dcc1e9f8b509933603ac.png","contentUrl":"https:\/\/www.dillerbottle.com\/wp-content\/uploads\/2024\/09\/49918bfa848dcc1e9f8b509933603ac.png","width":988,"height":198,"caption":"Diller Water Bottle Manufacturer"},"image":{"@id":"https:\/\/www.dillerbottle.com\/#\/schema\/logo\/image\/"}}]}},"_links":{"self":[{"href":"https:\/\/www.dillerbottle.com\/pt\/wp-json\/wp\/v2\/product\/5837","targetHints":{"allow":["GET"]}}],"collection":[{"href":"https:\/\/www.dillerbottle.com\/pt\/wp-json\/wp\/v2\/product"}],"about":[{"href":"https:\/\/www.dillerbottle.com\/pt\/wp-json\/wp\/v2\/types\/product"}],"replies":[{"embeddable":true,"href":"https:\/\/www.dillerbottle.com\/pt\/wp-json\/wp\/v2\/comments?post=5837"}],"wp:featuredmedia":[{"embeddable":true,"href":"https:\/\/www.dillerbottle.com\/pt\/wp-json\/wp\/v2\/media\/15919"}],"wp:attachment":[{"href":"https:\/\/www.dillerbottle.com\/pt\/wp-json\/wp\/v2\/media?parent=5837"}],"wp:term":[{"taxonomy":"product_brand","embeddable":true,"href":"https:\/\/www.dillerbottle.com\/pt\/wp-json\/wp\/v2\/product_brand?post=5837"},{"taxonomy":"product_cat","embeddable":true,"href":"https:\/\/www.dillerbottle.com\/pt\/wp-json\/wp\/v2\/product_cat?post=5837"},{"taxonomy":"product_tag","embeddable":true,"href":"https:\/\/www.dillerbottle.com\/pt\/wp-json\/wp\/v2\/product_tag?post=5837"}],"curies":[{"name":"wp","href":"https:\/\/api.w.org\/{rel}","templated":true}]}}