{"id":5850,"date":"2024-09-27T18:02:15","date_gmt":"2024-09-27T10:02:15","guid":{"rendered":"https:\/\/demo.dillerbottle.com\/uncategorized\/square-plastic-water-bottle"},"modified":"2025-07-09T18:01:47","modified_gmt":"2025-07-09T10:01:47","slug":"garrafa-de-agua-plastica-quadrada","status":"publish","type":"product","link":"https:\/\/www.dillerbottle.com\/pt\/products\/square-plastic-water-bottle","title":{"rendered":"Garrafa de \u00e1gua quadrada de pl\u00e1stico"},"content":{"rendered":"<p>1. O PC de grau aliment\u00edcio sem BPA fornece seguran\u00e7a e alta resist\u00eancia mec\u00e2nica. O anel de silicone de grau aliment\u00edcio na tampa fornece 360 graus \u00e0 prova de vazamento.<br \/>\n2. Com corda de nylon port\u00e1til, \u00e9 f\u00e1cil de transportar para passeios ou esportes.<br \/>\n3. Formato quadrado; garrafa de \u00e1gua com; marca\u00e7\u00f5es de medi\u00e7\u00e3o precisas.<br \/>\n4. Superf\u00edcie fosca; proporciona uma pegada antiderrapante e uma sensa\u00e7\u00e3o mais confort\u00e1vel na m\u00e3o. 5. Adequado para todos os tipos de atividades internas e externas.<\/p>","protected":false},"excerpt":{"rendered":"<p>Caracter\u00edsticas: 1. O PC de grau aliment\u00edcio sem BPA oferece seguran\u00e7a e alta resist\u00eancia mec\u00e2nica.<br \/>\nAnel de silicone de grau aliment\u00edcio na tampa oferece prote\u00e7\u00e3o contra vazamentos em 360 graus.<br \/>\n2. Com corda de nylon port\u00e1til, \u00e9 f\u00e1cil de transportar para passeios ou esportes.<br \/>\n3. Formato quadrado, garrafa de \u00e1gua com marca\u00e7\u00f5es de medi\u00e7\u00e3o precisas\u2026<\/p>","protected":false},"featured_media":5851,"comment_status":"open","ping_status":"closed","template":"","meta":{"_acf_changed":false},"product_brand":[],"product_cat":[309],"product_tag":[32,36,33,31,39,38,436,383,29,37,324,34,35,486,28,397,212,461,30],"class_list":{"0":"post-5850","1":"product","2":"type-product","3":"status-publish","4":"has-post-thumbnail","6":"product_cat-plastic-water-bottle","7":"product_tag-best","8":"product_tag-bulk","9":"product_tag-buy","10":"product_tag-custom","11":"product_tag-for-sale","12":"product_tag-good-quality","13":"product_tag-high-quality-water-bottle","14":"product_tag-large-capacity-water-bottle","15":"product_tag-manufacturers","16":"product_tag-manufacturing","17":"product_tag-plastic-water-bottle-700ml","18":"product_tag-price","19":"product_tag-small","20":"product_tag-square-plastic-water-bottle","21":"product_tag-suppliers","22":"product_tag-tritan-water-bottle","23":"product_tag-water-bottle-with-straw-and-handle","24":"product_tag-water-bottle-with-time-markings","25":"product_tag-wholesale","27":"first","28":"instock","29":"shipping-taxable","30":"product-type-simple"},"acf":[],"yoast_head":"<!-- This site is optimized with the Yoast SEO Premium plugin v27.5 (Yoast SEO v27.5) - https:\/\/yoast.com\/product\/yoast-seo-premium-wordpress\/ -->\n<title>Square Plastic Water Bottle - Diller Water Bottle Manufacturer<\/title>\n<meta name=\"description\" content=\"As one of the best square plastic water bottle manufacturers and suppliers, we are engaged in manufacturing good quality water bottles. We warmly welcome you to wholesale or buy custom made square plastic water bottle at competitive price from us. Also, small quantity orders are acceptable.\" \/>\n<meta name=\"robots\" content=\"index, follow, max-snippet:-1, max-image-preview:large, max-video-preview:-1\" \/>\n<link rel=\"canonical\" href=\"https:\/\/www.dillerbottle.com\/pt\/produtos\/garrafa-de-agua-plastica-quadrada\" \/>\n<meta property=\"og:locale\" content=\"pt_PT\" \/>\n<meta property=\"og:type\" content=\"article\" \/>\n<meta property=\"og:title\" content=\"Square Plastic Water Bottle\" \/>\n<meta property=\"og:description\" content=\"As one of the best square plastic water bottle manufacturers and suppliers, we are engaged in manufacturing good quality water bottles. We warmly welcome you to wholesale or buy custom made square plastic water bottle at competitive price from us. Also, small quantity orders are acceptable.\" \/>\n<meta property=\"og:url\" content=\"https:\/\/www.dillerbottle.com\/pt\/produtos\/garrafa-de-agua-plastica-quadrada\" \/>\n<meta property=\"og:site_name\" content=\"Diller Water Bottle Manufacturer\" \/>\n<meta property=\"article:modified_time\" content=\"2025-07-09T10:01:47+00:00\" \/>\n<meta property=\"og:image\" content=\"https:\/\/www.dillerbottle.com\/wp-content\/uploads\/2024\/09\/square-plastic-water-bottle39544814998.jpg\" \/>\n\t<meta property=\"og:image:width\" content=\"730\" \/>\n\t<meta property=\"og:image:height\" content=\"730\" \/>\n\t<meta property=\"og:image:type\" content=\"image\/jpeg\" \/>\n<meta name=\"twitter:card\" content=\"summary_large_image\" \/>\n<meta name=\"twitter:label1\" content=\"Tempo estimado de leitura\" \/>\n\t<meta name=\"twitter:data1\" content=\"2 minutos\" \/>\n<script type=\"application\/ld+json\" class=\"yoast-schema-graph\">{\"@context\":\"https:\\\/\\\/schema.org\",\"@graph\":[{\"@type\":\"WebPage\",\"@id\":\"https:\\\/\\\/www.dillerbottle.com\\\/products\\\/square-plastic-water-bottle\",\"url\":\"https:\\\/\\\/www.dillerbottle.com\\\/products\\\/square-plastic-water-bottle\",\"name\":\"Square Plastic Water Bottle - Diller Water Bottle Manufacturer\",\"isPartOf\":{\"@id\":\"https:\\\/\\\/www.dillerbottle.com\\\/#website\"},\"primaryImageOfPage\":{\"@id\":\"https:\\\/\\\/www.dillerbottle.com\\\/products\\\/square-plastic-water-bottle#primaryimage\"},\"image\":{\"@id\":\"https:\\\/\\\/www.dillerbottle.com\\\/products\\\/square-plastic-water-bottle#primaryimage\"},\"thumbnailUrl\":\"https:\\\/\\\/www.dillerbottle.com\\\/wp-content\\\/uploads\\\/2024\\\/09\\\/square-plastic-water-bottle39544814998.jpg\",\"datePublished\":\"2024-09-27T10:02:15+00:00\",\"dateModified\":\"2025-07-09T10:01:47+00:00\",\"description\":\"As one of the best square plastic water bottle manufacturers and suppliers, we are engaged in manufacturing good quality water bottles. We warmly welcome you to wholesale or buy custom made square plastic water bottle at competitive price from us. Also, small quantity orders are acceptable.\",\"breadcrumb\":{\"@id\":\"https:\\\/\\\/www.dillerbottle.com\\\/products\\\/square-plastic-water-bottle#breadcrumb\"},\"inLanguage\":\"pt-PT\",\"potentialAction\":[{\"@type\":\"ReadAction\",\"target\":[\"https:\\\/\\\/www.dillerbottle.com\\\/products\\\/square-plastic-water-bottle\"]}]},{\"@type\":\"ImageObject\",\"inLanguage\":\"pt-PT\",\"@id\":\"https:\\\/\\\/www.dillerbottle.com\\\/products\\\/square-plastic-water-bottle#primaryimage\",\"url\":\"https:\\\/\\\/www.dillerbottle.com\\\/wp-content\\\/uploads\\\/2024\\\/09\\\/square-plastic-water-bottle39544814998.jpg\",\"contentUrl\":\"https:\\\/\\\/www.dillerbottle.com\\\/wp-content\\\/uploads\\\/2024\\\/09\\\/square-plastic-water-bottle39544814998.jpg\",\"width\":730,\"height\":730},{\"@type\":\"BreadcrumbList\",\"@id\":\"https:\\\/\\\/www.dillerbottle.com\\\/products\\\/square-plastic-water-bottle#breadcrumb\",\"itemListElement\":[{\"@type\":\"ListItem\",\"position\":1,\"name\":\"Home\",\"item\":\"https:\\\/\\\/www.dillerbottle.com\\\/\"},{\"@type\":\"ListItem\",\"position\":2,\"name\":\"Products\",\"item\":\"https:\\\/\\\/www.dillerbottle.com\\\/shop\"},{\"@type\":\"ListItem\",\"position\":3,\"name\":\"Square Plastic Water Bottle\"}]},{\"@type\":\"WebSite\",\"@id\":\"https:\\\/\\\/www.dillerbottle.com\\\/#website\",\"url\":\"https:\\\/\\\/www.dillerbottle.com\\\/\",\"name\":\"Diller Water Bottle Manufacturer\",\"description\":\"Water Bottle Manufacturer\",\"publisher\":{\"@id\":\"https:\\\/\\\/www.dillerbottle.com\\\/#organization\"},\"potentialAction\":[{\"@type\":\"SearchAction\",\"target\":{\"@type\":\"EntryPoint\",\"urlTemplate\":\"https:\\\/\\\/www.dillerbottle.com\\\/?s={search_term_string}\"},\"query-input\":{\"@type\":\"PropertyValueSpecification\",\"valueRequired\":true,\"valueName\":\"search_term_string\"}}],\"inLanguage\":\"pt-PT\"},{\"@type\":\"Organization\",\"@id\":\"https:\\\/\\\/www.dillerbottle.com\\\/#organization\",\"name\":\"Diller Water Bottle Manufacturer\",\"url\":\"https:\\\/\\\/www.dillerbottle.com\\\/\",\"logo\":{\"@type\":\"ImageObject\",\"inLanguage\":\"pt-PT\",\"@id\":\"https:\\\/\\\/www.dillerbottle.com\\\/#\\\/schema\\\/logo\\\/image\\\/\",\"url\":\"https:\\\/\\\/www.dillerbottle.com\\\/wp-content\\\/uploads\\\/2024\\\/09\\\/49918bfa848dcc1e9f8b509933603ac.png\",\"contentUrl\":\"https:\\\/\\\/www.dillerbottle.com\\\/wp-content\\\/uploads\\\/2024\\\/09\\\/49918bfa848dcc1e9f8b509933603ac.png\",\"width\":988,\"height\":198,\"caption\":\"Diller Water Bottle Manufacturer\"},\"image\":{\"@id\":\"https:\\\/\\\/www.dillerbottle.com\\\/#\\\/schema\\\/logo\\\/image\\\/\"}}]}<\/script>\n<!-- \/ Yoast SEO Premium plugin. -->","yoast_head_json":{"title":"Garrafa de \u00e1gua quadrada de pl\u00e1stico - Fabricante de garrafas de \u00e1gua Diller","description":"Como um dos melhores fabricantes e fornecedores de garrafas pl\u00e1sticas quadradas de \u00e1gua, estamos engajados na fabrica\u00e7\u00e3o de garrafas pl\u00e1sticas de boa qualidade. N\u00f3s calorosamente convidamos voc\u00ea a vender no atacado ou comprar garrafas pl\u00e1sticas quadradas personalizadas de \u00e1gua a pre\u00e7os competitivos conosco. Al\u00e9m disso, pedidos de pequenas quantidades s\u00e3o aceit\u00e1veis.","robots":{"index":"index","follow":"follow","max-snippet":"max-snippet:-1","max-image-preview":"max-image-preview:large","max-video-preview":"max-video-preview:-1"},"canonical":"https:\/\/www.dillerbottle.com\/pt\/produtos\/garrafa-de-agua-plastica-quadrada","og_locale":"pt_PT","og_type":"article","og_title":"Square Plastic Water Bottle","og_description":"As one of the best square plastic water bottle manufacturers and suppliers, we are engaged in manufacturing good quality water bottles. We warmly welcome you to wholesale or buy custom made square plastic water bottle at competitive price from us. Also, small quantity orders are acceptable.","og_url":"https:\/\/www.dillerbottle.com\/pt\/produtos\/garrafa-de-agua-plastica-quadrada","og_site_name":"Diller Water Bottle Manufacturer","article_modified_time":"2025-07-09T10:01:47+00:00","og_image":[{"width":730,"height":730,"url":"https:\/\/www.dillerbottle.com\/wp-content\/uploads\/2024\/09\/square-plastic-water-bottle39544814998.jpg","type":"image\/jpeg"}],"twitter_card":"summary_large_image","twitter_misc":{"Tempo estimado de leitura":"2 minutos"},"schema":{"@context":"https:\/\/schema.org","@graph":[{"@type":"WebPage","@id":"https:\/\/www.dillerbottle.com\/products\/square-plastic-water-bottle","url":"https:\/\/www.dillerbottle.com\/products\/square-plastic-water-bottle","name":"Garrafa de \u00e1gua quadrada de pl\u00e1stico - Fabricante de garrafas de \u00e1gua Diller","isPartOf":{"@id":"https:\/\/www.dillerbottle.com\/#website"},"primaryImageOfPage":{"@id":"https:\/\/www.dillerbottle.com\/products\/square-plastic-water-bottle#primaryimage"},"image":{"@id":"https:\/\/www.dillerbottle.com\/products\/square-plastic-water-bottle#primaryimage"},"thumbnailUrl":"https:\/\/www.dillerbottle.com\/wp-content\/uploads\/2024\/09\/square-plastic-water-bottle39544814998.jpg","datePublished":"2024-09-27T10:02:15+00:00","dateModified":"2025-07-09T10:01:47+00:00","description":"Como um dos melhores fabricantes e fornecedores de garrafas pl\u00e1sticas quadradas de \u00e1gua, estamos engajados na fabrica\u00e7\u00e3o de garrafas pl\u00e1sticas de boa qualidade. N\u00f3s calorosamente convidamos voc\u00ea a vender no atacado ou comprar garrafas pl\u00e1sticas quadradas personalizadas de \u00e1gua a pre\u00e7os competitivos conosco. Al\u00e9m disso, pedidos de pequenas quantidades s\u00e3o aceit\u00e1veis.","breadcrumb":{"@id":"https:\/\/www.dillerbottle.com\/products\/square-plastic-water-bottle#breadcrumb"},"inLanguage":"pt-PT","potentialAction":[{"@type":"ReadAction","target":["https:\/\/www.dillerbottle.com\/products\/square-plastic-water-bottle"]}]},{"@type":"ImageObject","inLanguage":"pt-PT","@id":"https:\/\/www.dillerbottle.com\/products\/square-plastic-water-bottle#primaryimage","url":"https:\/\/www.dillerbottle.com\/wp-content\/uploads\/2024\/09\/square-plastic-water-bottle39544814998.jpg","contentUrl":"https:\/\/www.dillerbottle.com\/wp-content\/uploads\/2024\/09\/square-plastic-water-bottle39544814998.jpg","width":730,"height":730},{"@type":"BreadcrumbList","@id":"https:\/\/www.dillerbottle.com\/products\/square-plastic-water-bottle#breadcrumb","itemListElement":[{"@type":"ListItem","position":1,"name":"Home","item":"https:\/\/www.dillerbottle.com\/"},{"@type":"ListItem","position":2,"name":"Products","item":"https:\/\/www.dillerbottle.com\/shop"},{"@type":"ListItem","position":3,"name":"Square Plastic Water Bottle"}]},{"@type":"WebSite","@id":"https:\/\/www.dillerbottle.com\/#website","url":"https:\/\/www.dillerbottle.com\/","name":"Garrafa de \u00e1gua Diller Fabricante","description":"Garrafa de \u00e1gua Fabricante","publisher":{"@id":"https:\/\/www.dillerbottle.com\/#organization"},"potentialAction":[{"@type":"SearchAction","target":{"@type":"EntryPoint","urlTemplate":"https:\/\/www.dillerbottle.com\/?s={search_term_string}"},"query-input":{"@type":"PropertyValueSpecification","valueRequired":true,"valueName":"search_term_string"}}],"inLanguage":"pt-PT"},{"@type":"Organization","@id":"https:\/\/www.dillerbottle.com\/#organization","name":"Garrafa de \u00e1gua Diller Fabricante","url":"https:\/\/www.dillerbottle.com\/","logo":{"@type":"ImageObject","inLanguage":"pt-PT","@id":"https:\/\/www.dillerbottle.com\/#\/schema\/logo\/image\/","url":"https:\/\/www.dillerbottle.com\/wp-content\/uploads\/2024\/09\/49918bfa848dcc1e9f8b509933603ac.png","contentUrl":"https:\/\/www.dillerbottle.com\/wp-content\/uploads\/2024\/09\/49918bfa848dcc1e9f8b509933603ac.png","width":988,"height":198,"caption":"Diller Water Bottle Manufacturer"},"image":{"@id":"https:\/\/www.dillerbottle.com\/#\/schema\/logo\/image\/"}}]}},"_links":{"self":[{"href":"https:\/\/www.dillerbottle.com\/pt\/wp-json\/wp\/v2\/product\/5850","targetHints":{"allow":["GET"]}}],"collection":[{"href":"https:\/\/www.dillerbottle.com\/pt\/wp-json\/wp\/v2\/product"}],"about":[{"href":"https:\/\/www.dillerbottle.com\/pt\/wp-json\/wp\/v2\/types\/product"}],"replies":[{"embeddable":true,"href":"https:\/\/www.dillerbottle.com\/pt\/wp-json\/wp\/v2\/comments?post=5850"}],"wp:featuredmedia":[{"embeddable":true,"href":"https:\/\/www.dillerbottle.com\/pt\/wp-json\/wp\/v2\/media\/5851"}],"wp:attachment":[{"href":"https:\/\/www.dillerbottle.com\/pt\/wp-json\/wp\/v2\/media?parent=5850"}],"wp:term":[{"taxonomy":"product_brand","embeddable":true,"href":"https:\/\/www.dillerbottle.com\/pt\/wp-json\/wp\/v2\/product_brand?post=5850"},{"taxonomy":"product_cat","embeddable":true,"href":"https:\/\/www.dillerbottle.com\/pt\/wp-json\/wp\/v2\/product_cat?post=5850"},{"taxonomy":"product_tag","embeddable":true,"href":"https:\/\/www.dillerbottle.com\/pt\/wp-json\/wp\/v2\/product_tag?post=5850"}],"curies":[{"name":"wp","href":"https:\/\/api.w.org\/{rel}","templated":true}]}}