{"id":5946,"date":"2024-09-27T18:03:15","date_gmt":"2024-09-27T10:03:15","guid":{"rendered":"https:\/\/demo.dillerbottle.com\/uncategorized\/hard-plastic-water-bottle"},"modified":"2026-02-13T14:52:57","modified_gmt":"2026-02-13T06:52:57","slug":"garrafa-de-agua-de-plastico-rigido","status":"publish","type":"product","link":"https:\/\/www.dillerbottle.com\/pt\/products\/hard-plastic-water-bottle","title":{"rendered":"Garrafa de \u00e1gua de pl\u00e1stico r\u00edgido"},"content":{"rendered":"<p>Caracter\u00edsticas:<\/p>\n<p>1. A bonita garrafa de \u00e1gua tritan do panda \u00e9 feita de Tritan e de materiais de qualidade alimentar. O material Tritan n\u00e3o \u00e9 apenas leve e dur\u00e1vel, mas, mais importante, n\u00e3o cont\u00e9m BPA, permitindo que voc\u00ea e a sua fam\u00edlia bebam com tranquilidade e fiquem longe de subst\u00e2ncias nocivas.<\/p>\n<p>2. A tampa de rosca e o anel de silicone de veda\u00e7\u00e3o da tampa do copo s\u00e3o duplamente estanques e n\u00e3o h\u00e1 receio de fugas de \u00e1gua, mesmo quando colocados num saco.<\/p>\n<p>3. O corpo do copo \u00e9 simples e transparente, com linhas de escala claras, e a quantidade de \u00e1gua consumida \u00e9 vis\u00edvel.<\/p>\n<p>4. O design de corda port\u00e1til facilita o transporte, seja para esportes ao ar livre, viagens ou deslocamento di\u00e1rio.<\/p>\n<p>OEM e ODM aceit\u00e1veis.<br \/>\nPodemos personalizar o copo de acordo com suas necessidades.<br \/>\nBem-vindo \u00e0 compra por atacado, envie sua consulta agora!<\/p>","protected":false},"excerpt":{"rendered":"<p>A bonita garrafa de \u00e1gua tritan do panda \u00e9 feita de Tritan e de materiais de qualidade alimentar. O material Tritan n\u00e3o \u00e9 apenas leve e dur\u00e1vel, mas, mais importante ainda, n\u00e3o cont\u00e9m BPA, permitindo-lhe a si e \u00e0 sua fam\u00edlia beber com tranquilidade e ficar longe de subst\u00e2ncias nocivas.<br \/>\nA tampa de rosca e o anel de silicone de veda\u00e7\u00e3o da tampa do copo s\u00e3o duplamente \u00e0 prova de fugas, e n\u00e3o h\u00e1 receio de fugas de \u00e1gua, mesmo quando colocada num saco.<br \/>\nO corpo do copo \u00e9 simples e transparente, com linhas de escala claras, e a quantidade de \u00e1gua consumida \u00e9 vis\u00edvel.<br \/>\nO design port\u00e1til da corda facilita o transporte, seja para desportos ao ar livre, viagens ou desloca\u00e7\u00f5es di\u00e1rias.<br \/>\nOEM e ODM aceit\u00e1veis.<\/p>","protected":false},"featured_media":16232,"comment_status":"open","ping_status":"closed","template":"","meta":{"_acf_changed":false},"product_brand":[],"product_cat":[309],"product_tag":[495],"class_list":{"0":"post-5946","1":"product","2":"type-product","3":"status-publish","4":"has-post-thumbnail","6":"product_cat-plastic-water-bottle","7":"product_tag-hard-plastic-water-bottle","9":"first","10":"instock","11":"shipping-taxable","12":"product-type-simple"},"acf":[],"yoast_head":"<!-- This site is optimized with the Yoast SEO Premium plugin v27.5 (Yoast SEO v27.5) - https:\/\/yoast.com\/product\/yoast-seo-premium-wordpress\/ -->\n<title>Hard Plastic Water Bottle - Diller Water Bottle Manufacturer<\/title>\n<meta name=\"description\" content=\"As one of the best hard plastic water bottle manufacturers and suppliers, we are engaged in manufacturing good quality water bottles. We warmly welcome you to wholesale or buy custom made hard plastic water bottle at competitive price from us. Also, small quantity orders are acceptable.\" \/>\n<meta name=\"robots\" content=\"index, follow, max-snippet:-1, max-image-preview:large, max-video-preview:-1\" \/>\n<link rel=\"canonical\" href=\"https:\/\/www.dillerbottle.com\/pt\/produtos\/garrafa-de-agua-de-plastico-rigido\" \/>\n<meta property=\"og:locale\" content=\"pt_PT\" \/>\n<meta property=\"og:type\" content=\"article\" \/>\n<meta property=\"og:title\" content=\"Hard Plastic Water Bottle\" \/>\n<meta property=\"og:description\" content=\"As one of the best hard plastic water bottle manufacturers and suppliers, we are engaged in manufacturing good quality water bottles. We warmly welcome you to wholesale or buy custom made hard plastic water bottle at competitive price from us. Also, small quantity orders are acceptable.\" \/>\n<meta property=\"og:url\" content=\"https:\/\/www.dillerbottle.com\/pt\/produtos\/garrafa-de-agua-de-plastico-rigido\" \/>\n<meta property=\"og:site_name\" content=\"Diller Water Bottle Manufacturer\" \/>\n<meta property=\"article:modified_time\" content=\"2026-02-13T06:52:57+00:00\" \/>\n<meta property=\"og:image\" content=\"https:\/\/www.dillerbottle.com\/wp-content\/uploads\/2024\/09\/hard-plastic-water-bottle-2510-1.jpg\" \/>\n\t<meta property=\"og:image:width\" content=\"800\" \/>\n\t<meta property=\"og:image:height\" content=\"800\" \/>\n\t<meta property=\"og:image:type\" content=\"image\/jpeg\" \/>\n<meta name=\"twitter:card\" content=\"summary_large_image\" \/>\n<meta name=\"twitter:label1\" content=\"Tempo estimado de leitura\" \/>\n\t<meta name=\"twitter:data1\" content=\"3 minutos\" \/>\n<script type=\"application\/ld+json\" class=\"yoast-schema-graph\">{\"@context\":\"https:\\\/\\\/schema.org\",\"@graph\":[{\"@type\":\"WebPage\",\"@id\":\"https:\\\/\\\/www.dillerbottle.com\\\/products\\\/hard-plastic-water-bottle\",\"url\":\"https:\\\/\\\/www.dillerbottle.com\\\/products\\\/hard-plastic-water-bottle\",\"name\":\"Hard Plastic Water Bottle - Diller Water Bottle Manufacturer\",\"isPartOf\":{\"@id\":\"https:\\\/\\\/www.dillerbottle.com\\\/#website\"},\"primaryImageOfPage\":{\"@id\":\"https:\\\/\\\/www.dillerbottle.com\\\/products\\\/hard-plastic-water-bottle#primaryimage\"},\"image\":{\"@id\":\"https:\\\/\\\/www.dillerbottle.com\\\/products\\\/hard-plastic-water-bottle#primaryimage\"},\"thumbnailUrl\":\"https:\\\/\\\/www.dillerbottle.com\\\/wp-content\\\/uploads\\\/2024\\\/09\\\/hard-plastic-water-bottle-2510-1.jpg\",\"datePublished\":\"2024-09-27T10:03:15+00:00\",\"dateModified\":\"2026-02-13T06:52:57+00:00\",\"description\":\"As one of the best hard plastic water bottle manufacturers and suppliers, we are engaged in manufacturing good quality water bottles. We warmly welcome you to wholesale or buy custom made hard plastic water bottle at competitive price from us. Also, small quantity orders are acceptable.\",\"breadcrumb\":{\"@id\":\"https:\\\/\\\/www.dillerbottle.com\\\/products\\\/hard-plastic-water-bottle#breadcrumb\"},\"inLanguage\":\"pt-PT\",\"potentialAction\":[{\"@type\":\"ReadAction\",\"target\":[\"https:\\\/\\\/www.dillerbottle.com\\\/products\\\/hard-plastic-water-bottle\"]}]},{\"@type\":\"ImageObject\",\"inLanguage\":\"pt-PT\",\"@id\":\"https:\\\/\\\/www.dillerbottle.com\\\/products\\\/hard-plastic-water-bottle#primaryimage\",\"url\":\"https:\\\/\\\/www.dillerbottle.com\\\/wp-content\\\/uploads\\\/2024\\\/09\\\/hard-plastic-water-bottle-2510-1.jpg\",\"contentUrl\":\"https:\\\/\\\/www.dillerbottle.com\\\/wp-content\\\/uploads\\\/2024\\\/09\\\/hard-plastic-water-bottle-2510-1.jpg\",\"width\":800,\"height\":800},{\"@type\":\"BreadcrumbList\",\"@id\":\"https:\\\/\\\/www.dillerbottle.com\\\/products\\\/hard-plastic-water-bottle#breadcrumb\",\"itemListElement\":[{\"@type\":\"ListItem\",\"position\":1,\"name\":\"Home\",\"item\":\"https:\\\/\\\/www.dillerbottle.com\\\/\"},{\"@type\":\"ListItem\",\"position\":2,\"name\":\"Products\",\"item\":\"https:\\\/\\\/www.dillerbottle.com\\\/shop\"},{\"@type\":\"ListItem\",\"position\":3,\"name\":\"Hard Plastic Water Bottle\"}]},{\"@type\":\"WebSite\",\"@id\":\"https:\\\/\\\/www.dillerbottle.com\\\/#website\",\"url\":\"https:\\\/\\\/www.dillerbottle.com\\\/\",\"name\":\"Diller Water Bottle Manufacturer\",\"description\":\"Water Bottle Manufacturer\",\"publisher\":{\"@id\":\"https:\\\/\\\/www.dillerbottle.com\\\/#organization\"},\"potentialAction\":[{\"@type\":\"SearchAction\",\"target\":{\"@type\":\"EntryPoint\",\"urlTemplate\":\"https:\\\/\\\/www.dillerbottle.com\\\/?s={search_term_string}\"},\"query-input\":{\"@type\":\"PropertyValueSpecification\",\"valueRequired\":true,\"valueName\":\"search_term_string\"}}],\"inLanguage\":\"pt-PT\"},{\"@type\":\"Organization\",\"@id\":\"https:\\\/\\\/www.dillerbottle.com\\\/#organization\",\"name\":\"Diller Water Bottle Manufacturer\",\"url\":\"https:\\\/\\\/www.dillerbottle.com\\\/\",\"logo\":{\"@type\":\"ImageObject\",\"inLanguage\":\"pt-PT\",\"@id\":\"https:\\\/\\\/www.dillerbottle.com\\\/#\\\/schema\\\/logo\\\/image\\\/\",\"url\":\"https:\\\/\\\/www.dillerbottle.com\\\/wp-content\\\/uploads\\\/2024\\\/09\\\/49918bfa848dcc1e9f8b509933603ac.png\",\"contentUrl\":\"https:\\\/\\\/www.dillerbottle.com\\\/wp-content\\\/uploads\\\/2024\\\/09\\\/49918bfa848dcc1e9f8b509933603ac.png\",\"width\":988,\"height\":198,\"caption\":\"Diller Water Bottle Manufacturer\"},\"image\":{\"@id\":\"https:\\\/\\\/www.dillerbottle.com\\\/#\\\/schema\\\/logo\\\/image\\\/\"}}]}<\/script>\n<!-- \/ Yoast SEO Premium plugin. -->","yoast_head_json":{"title":"Garrafa de \u00e1gua de pl\u00e1stico r\u00edgido - Fabricante de garrafas de \u00e1gua Diller","description":"Como um dos melhores fabricantes e fornecedores de garrafas de \u00e1gua de pl\u00e1stico r\u00edgido, estamos engajados na fabrica\u00e7\u00e3o de garrafas de \u00e1gua de boa qualidade. N\u00f3s calorosamente convidamos voc\u00ea a vender no atacado ou comprar garrafas de \u00e1gua de pl\u00e1stico r\u00edgido personalizadas a pre\u00e7os competitivos conosco. Al\u00e9m disso, pedidos de pequenas quantidades s\u00e3o aceit\u00e1veis.","robots":{"index":"index","follow":"follow","max-snippet":"max-snippet:-1","max-image-preview":"max-image-preview:large","max-video-preview":"max-video-preview:-1"},"canonical":"https:\/\/www.dillerbottle.com\/pt\/produtos\/garrafa-de-agua-de-plastico-rigido","og_locale":"pt_PT","og_type":"article","og_title":"Hard Plastic Water Bottle","og_description":"As one of the best hard plastic water bottle manufacturers and suppliers, we are engaged in manufacturing good quality water bottles. We warmly welcome you to wholesale or buy custom made hard plastic water bottle at competitive price from us. Also, small quantity orders are acceptable.","og_url":"https:\/\/www.dillerbottle.com\/pt\/produtos\/garrafa-de-agua-de-plastico-rigido","og_site_name":"Diller Water Bottle Manufacturer","article_modified_time":"2026-02-13T06:52:57+00:00","og_image":[{"width":800,"height":800,"url":"https:\/\/www.dillerbottle.com\/wp-content\/uploads\/2024\/09\/hard-plastic-water-bottle-2510-1.jpg","type":"image\/jpeg"}],"twitter_card":"summary_large_image","twitter_misc":{"Tempo estimado de leitura":"3 minutos"},"schema":{"@context":"https:\/\/schema.org","@graph":[{"@type":"WebPage","@id":"https:\/\/www.dillerbottle.com\/products\/hard-plastic-water-bottle","url":"https:\/\/www.dillerbottle.com\/products\/hard-plastic-water-bottle","name":"Garrafa de \u00e1gua de pl\u00e1stico r\u00edgido - Fabricante de garrafas de \u00e1gua Diller","isPartOf":{"@id":"https:\/\/www.dillerbottle.com\/#website"},"primaryImageOfPage":{"@id":"https:\/\/www.dillerbottle.com\/products\/hard-plastic-water-bottle#primaryimage"},"image":{"@id":"https:\/\/www.dillerbottle.com\/products\/hard-plastic-water-bottle#primaryimage"},"thumbnailUrl":"https:\/\/www.dillerbottle.com\/wp-content\/uploads\/2024\/09\/hard-plastic-water-bottle-2510-1.jpg","datePublished":"2024-09-27T10:03:15+00:00","dateModified":"2026-02-13T06:52:57+00:00","description":"Como um dos melhores fabricantes e fornecedores de garrafas de \u00e1gua de pl\u00e1stico r\u00edgido, estamos engajados na fabrica\u00e7\u00e3o de garrafas de \u00e1gua de boa qualidade. N\u00f3s calorosamente convidamos voc\u00ea a vender no atacado ou comprar garrafas de \u00e1gua de pl\u00e1stico r\u00edgido personalizadas a pre\u00e7os competitivos conosco. Al\u00e9m disso, pedidos de pequenas quantidades s\u00e3o aceit\u00e1veis.","breadcrumb":{"@id":"https:\/\/www.dillerbottle.com\/products\/hard-plastic-water-bottle#breadcrumb"},"inLanguage":"pt-PT","potentialAction":[{"@type":"ReadAction","target":["https:\/\/www.dillerbottle.com\/products\/hard-plastic-water-bottle"]}]},{"@type":"ImageObject","inLanguage":"pt-PT","@id":"https:\/\/www.dillerbottle.com\/products\/hard-plastic-water-bottle#primaryimage","url":"https:\/\/www.dillerbottle.com\/wp-content\/uploads\/2024\/09\/hard-plastic-water-bottle-2510-1.jpg","contentUrl":"https:\/\/www.dillerbottle.com\/wp-content\/uploads\/2024\/09\/hard-plastic-water-bottle-2510-1.jpg","width":800,"height":800},{"@type":"BreadcrumbList","@id":"https:\/\/www.dillerbottle.com\/products\/hard-plastic-water-bottle#breadcrumb","itemListElement":[{"@type":"ListItem","position":1,"name":"Home","item":"https:\/\/www.dillerbottle.com\/"},{"@type":"ListItem","position":2,"name":"Products","item":"https:\/\/www.dillerbottle.com\/shop"},{"@type":"ListItem","position":3,"name":"Hard Plastic Water Bottle"}]},{"@type":"WebSite","@id":"https:\/\/www.dillerbottle.com\/#website","url":"https:\/\/www.dillerbottle.com\/","name":"Garrafa de \u00e1gua Diller Fabricante","description":"Garrafa de \u00e1gua Fabricante","publisher":{"@id":"https:\/\/www.dillerbottle.com\/#organization"},"potentialAction":[{"@type":"SearchAction","target":{"@type":"EntryPoint","urlTemplate":"https:\/\/www.dillerbottle.com\/?s={search_term_string}"},"query-input":{"@type":"PropertyValueSpecification","valueRequired":true,"valueName":"search_term_string"}}],"inLanguage":"pt-PT"},{"@type":"Organization","@id":"https:\/\/www.dillerbottle.com\/#organization","name":"Garrafa de \u00e1gua Diller Fabricante","url":"https:\/\/www.dillerbottle.com\/","logo":{"@type":"ImageObject","inLanguage":"pt-PT","@id":"https:\/\/www.dillerbottle.com\/#\/schema\/logo\/image\/","url":"https:\/\/www.dillerbottle.com\/wp-content\/uploads\/2024\/09\/49918bfa848dcc1e9f8b509933603ac.png","contentUrl":"https:\/\/www.dillerbottle.com\/wp-content\/uploads\/2024\/09\/49918bfa848dcc1e9f8b509933603ac.png","width":988,"height":198,"caption":"Diller Water Bottle Manufacturer"},"image":{"@id":"https:\/\/www.dillerbottle.com\/#\/schema\/logo\/image\/"}}]}},"_links":{"self":[{"href":"https:\/\/www.dillerbottle.com\/pt\/wp-json\/wp\/v2\/product\/5946","targetHints":{"allow":["GET"]}}],"collection":[{"href":"https:\/\/www.dillerbottle.com\/pt\/wp-json\/wp\/v2\/product"}],"about":[{"href":"https:\/\/www.dillerbottle.com\/pt\/wp-json\/wp\/v2\/types\/product"}],"replies":[{"embeddable":true,"href":"https:\/\/www.dillerbottle.com\/pt\/wp-json\/wp\/v2\/comments?post=5946"}],"wp:featuredmedia":[{"embeddable":true,"href":"https:\/\/www.dillerbottle.com\/pt\/wp-json\/wp\/v2\/media\/16232"}],"wp:attachment":[{"href":"https:\/\/www.dillerbottle.com\/pt\/wp-json\/wp\/v2\/media?parent=5946"}],"wp:term":[{"taxonomy":"product_brand","embeddable":true,"href":"https:\/\/www.dillerbottle.com\/pt\/wp-json\/wp\/v2\/product_brand?post=5946"},{"taxonomy":"product_cat","embeddable":true,"href":"https:\/\/www.dillerbottle.com\/pt\/wp-json\/wp\/v2\/product_cat?post=5946"},{"taxonomy":"product_tag","embeddable":true,"href":"https:\/\/www.dillerbottle.com\/pt\/wp-json\/wp\/v2\/product_tag?post=5946"}],"curies":[{"name":"wp","href":"https:\/\/api.w.org\/{rel}","templated":true}]}}