{"id":6219,"date":"2024-09-27T18:06:42","date_gmt":"2024-09-27T10:06:42","guid":{"rendered":"https:\/\/demo.dillerbottle.com\/uncategorized\/creative-sport-plastic-water-bottle"},"modified":"2025-07-09T17:55:41","modified_gmt":"2025-07-09T09:55:41","slug":"garrafa-de-agua-de-plastico-esportiva-criativa","status":"publish","type":"product","link":"https:\/\/www.dillerbottle.com\/pt\/products\/creative-sport-plastic-water-bottle","title":{"rendered":"Garrafa de \u00e1gua de pl\u00e1stico esportiva criativa"},"content":{"rendered":"<p>1. A garrafa de \u00e1gua de pl\u00e1stico esportiva criativa \u00e9 feita de Tritan e materiais de qualidade alimentar, seguros e inodoros, espessados e transparentes, e resistentes a altas temperaturas.<\/p>\n<p>2. O m\u00e9todo de bebida dupla com uma tampa pode ser consumido diretamente ou por meio de um canudo. Fivela de trava anti-toque acidental + anel de veda\u00e7\u00e3o de silicone, \u00e0 prova de vazamento duplo, sem necessidade de se preocupar com vazamento de \u00e1gua ao sair.<\/p>\n<p>3. Capa antiderrapante de silicone para copos, n\u00e3o escorrega facilmente ao segurar o copo, pr\u00e1tica e elegante.<\/p>\n<p>4. A garrafa de \u00e1gua esportiva criativa de pl\u00e1stico vem com uma corda de n\u00e1ilon, o que a torna mais conveniente para transportar ao sair.<\/p>","protected":false},"excerpt":{"rendered":"<p>Esta garrafa de \u00e1gua esportiva criativa de pl\u00e1stico \u00e9 feita de Tritan dur\u00e1vel e materiais de qualidade alimentar.<br \/>\nO m\u00e9todo de bebida dupla com uma tampa pode ser consumido diretamente ou com canudo.<br \/>\nFivela de trava anti-toque acidental + anel de veda\u00e7\u00e3o de silicone, dupla prote\u00e7\u00e3o contra vazamentos, n\u00e3o precisa se preocupar com vazamento de \u00e1gua ao sair.<br \/>\nCapa antiderrapante de silicone para copos, n\u00e3o escorrega facilmente ao segurar o copo, pr\u00e1tica e elegante.<br \/>\nOEM e ODM aceit\u00e1veis.<br \/>\nPodemos personalizar a garrafa esportiva de pl\u00e1stico de acordo com suas necessidades.<br \/>\nBem-vindo \u00e0 compra por atacado, envie sua consulta agora!<\/p>","protected":false},"featured_media":6220,"comment_status":"open","ping_status":"closed","template":"","meta":{"_acf_changed":false},"product_brand":[],"product_cat":[309],"product_tag":[32,36,33,534,31,39,38,29,37,458,34,535,35,131,28,121,166,491,30],"class_list":{"0":"post-6219","1":"product","2":"type-product","3":"status-publish","4":"has-post-thumbnail","6":"product_cat-plastic-water-bottle","7":"product_tag-best","8":"product_tag-bulk","9":"product_tag-buy","10":"product_tag-creative-sport-plastic-water-bottle","11":"product_tag-custom","12":"product_tag-for-sale","13":"product_tag-good-quality","14":"product_tag-manufacturers","15":"product_tag-manufacturing","16":"product_tag-mini-clear-plastic-water-bottle","17":"product_tag-price","18":"product_tag-slim-water-bottle","19":"product_tag-small","20":"product_tag-stainless-steel-thermal-food-container","21":"product_tag-suppliers","22":"product_tag-thermal-food-jar","23":"product_tag-thermal-lunch-box","24":"product_tag-tritan-water-bottle-with-straw","25":"product_tag-wholesale","27":"first","28":"instock","29":"shipping-taxable","30":"product-type-simple"},"acf":[],"yoast_head":"<!-- This site is optimized with the Yoast SEO Premium plugin v27.5 (Yoast SEO v27.5) - https:\/\/yoast.com\/product\/yoast-seo-premium-wordpress\/ -->\n<title>Creative Sport Plastic Water Bottle - Diller Water Bottle Manufacturer<\/title>\n<meta name=\"description\" content=\"As one of the best creative sport plastic water bottle manufacturers and suppliers, we are engaged in manufacturing good quality water bottles. We warmly welcome you to wholesale or buy custom made creative sport plastic water bottle at competitive price from us. Also, small quantity orders are acceptable.\" \/>\n<meta name=\"robots\" content=\"index, follow, max-snippet:-1, max-image-preview:large, max-video-preview:-1\" \/>\n<link rel=\"canonical\" href=\"https:\/\/www.dillerbottle.com\/pt\/produtos\/garrafa-de-agua-de-plastico-esportiva-criativa\" \/>\n<meta property=\"og:locale\" content=\"pt_PT\" \/>\n<meta property=\"og:type\" content=\"article\" \/>\n<meta property=\"og:title\" content=\"Creative Sport Plastic Water Bottle\" \/>\n<meta property=\"og:description\" content=\"As one of the best creative sport plastic water bottle manufacturers and suppliers, we are engaged in manufacturing good quality water bottles. We warmly welcome you to wholesale or buy custom made creative sport plastic water bottle at competitive price from us. Also, small quantity orders are acceptable.\" \/>\n<meta property=\"og:url\" content=\"https:\/\/www.dillerbottle.com\/pt\/produtos\/garrafa-de-agua-de-plastico-esportiva-criativa\" \/>\n<meta property=\"og:site_name\" content=\"Diller Water Bottle Manufacturer\" \/>\n<meta property=\"article:modified_time\" content=\"2025-07-09T09:55:41+00:00\" \/>\n<meta property=\"og:image\" content=\"https:\/\/www.dillerbottle.com\/wp-content\/uploads\/2024\/09\/creative-sport-plastic-water-bottleda609.jpg\" \/>\n\t<meta property=\"og:image:width\" content=\"800\" \/>\n\t<meta property=\"og:image:height\" content=\"800\" \/>\n\t<meta property=\"og:image:type\" content=\"image\/jpeg\" \/>\n<meta name=\"twitter:card\" content=\"summary_large_image\" \/>\n<meta name=\"twitter:label1\" content=\"Tempo estimado de leitura\" \/>\n\t<meta name=\"twitter:data1\" content=\"5 minutos\" \/>\n<script type=\"application\/ld+json\" class=\"yoast-schema-graph\">{\"@context\":\"https:\\\/\\\/schema.org\",\"@graph\":[{\"@type\":\"WebPage\",\"@id\":\"https:\\\/\\\/www.dillerbottle.com\\\/ru\\\/%d0%bf%d1%80%d0%be%d0%b4%d1%83%d0%ba%d1%82%d1%8b\\\/%d0%ba%d1%80%d0%b5%d0%b0%d1%82%d0%b8%d0%b2%d0%bd%d0%b0%d1%8f-%d1%81%d0%bf%d0%be%d1%80%d1%82%d0%b8%d0%b2%d0%bd%d0%b0%d1%8f-%d0%bf%d0%bb%d0%b0%d1%81%d1%82%d0%b8%d0%ba%d0%be%d0%b2%d0%b0%d1%8f-%d0%b1\",\"url\":\"https:\\\/\\\/www.dillerbottle.com\\\/ru\\\/%d0%bf%d1%80%d0%be%d0%b4%d1%83%d0%ba%d1%82%d1%8b\\\/%d0%ba%d1%80%d0%b5%d0%b0%d1%82%d0%b8%d0%b2%d0%bd%d0%b0%d1%8f-%d1%81%d0%bf%d0%be%d1%80%d1%82%d0%b8%d0%b2%d0%bd%d0%b0%d1%8f-%d0%bf%d0%bb%d0%b0%d1%81%d1%82%d0%b8%d0%ba%d0%be%d0%b2%d0%b0%d1%8f-%d0%b1\",\"name\":\"Creative Sport Plastic Water Bottle - Diller Water Bottle Manufacturer\",\"isPartOf\":{\"@id\":\"https:\\\/\\\/www.dillerbottle.com\\\/#website\"},\"primaryImageOfPage\":{\"@id\":\"https:\\\/\\\/www.dillerbottle.com\\\/ru\\\/%d0%bf%d1%80%d0%be%d0%b4%d1%83%d0%ba%d1%82%d1%8b\\\/%d0%ba%d1%80%d0%b5%d0%b0%d1%82%d0%b8%d0%b2%d0%bd%d0%b0%d1%8f-%d1%81%d0%bf%d0%be%d1%80%d1%82%d0%b8%d0%b2%d0%bd%d0%b0%d1%8f-%d0%bf%d0%bb%d0%b0%d1%81%d1%82%d0%b8%d0%ba%d0%be%d0%b2%d0%b0%d1%8f-%d0%b1#primaryimage\"},\"image\":{\"@id\":\"https:\\\/\\\/www.dillerbottle.com\\\/ru\\\/%d0%bf%d1%80%d0%be%d0%b4%d1%83%d0%ba%d1%82%d1%8b\\\/%d0%ba%d1%80%d0%b5%d0%b0%d1%82%d0%b8%d0%b2%d0%bd%d0%b0%d1%8f-%d1%81%d0%bf%d0%be%d1%80%d1%82%d0%b8%d0%b2%d0%bd%d0%b0%d1%8f-%d0%bf%d0%bb%d0%b0%d1%81%d1%82%d0%b8%d0%ba%d0%be%d0%b2%d0%b0%d1%8f-%d0%b1#primaryimage\"},\"thumbnailUrl\":\"https:\\\/\\\/www.dillerbottle.com\\\/wp-content\\\/uploads\\\/2024\\\/09\\\/creative-sport-plastic-water-bottleda609.jpg\",\"datePublished\":\"2024-09-27T10:06:42+00:00\",\"dateModified\":\"2025-07-09T09:55:41+00:00\",\"description\":\"As one of the best creative sport plastic water bottle manufacturers and suppliers, we are engaged in manufacturing good quality water bottles. We warmly welcome you to wholesale or buy custom made creative sport plastic water bottle at competitive price from us. Also, small quantity orders are acceptable.\",\"breadcrumb\":{\"@id\":\"https:\\\/\\\/www.dillerbottle.com\\\/ru\\\/%d0%bf%d1%80%d0%be%d0%b4%d1%83%d0%ba%d1%82%d1%8b\\\/%d0%ba%d1%80%d0%b5%d0%b0%d1%82%d0%b8%d0%b2%d0%bd%d0%b0%d1%8f-%d1%81%d0%bf%d0%be%d1%80%d1%82%d0%b8%d0%b2%d0%bd%d0%b0%d1%8f-%d0%bf%d0%bb%d0%b0%d1%81%d1%82%d0%b8%d0%ba%d0%be%d0%b2%d0%b0%d1%8f-%d0%b1#breadcrumb\"},\"inLanguage\":\"pt-PT\",\"potentialAction\":[{\"@type\":\"ReadAction\",\"target\":[\"https:\\\/\\\/www.dillerbottle.com\\\/ru\\\/%d0%bf%d1%80%d0%be%d0%b4%d1%83%d0%ba%d1%82%d1%8b\\\/%d0%ba%d1%80%d0%b5%d0%b0%d1%82%d0%b8%d0%b2%d0%bd%d0%b0%d1%8f-%d1%81%d0%bf%d0%be%d1%80%d1%82%d0%b8%d0%b2%d0%bd%d0%b0%d1%8f-%d0%bf%d0%bb%d0%b0%d1%81%d1%82%d0%b8%d0%ba%d0%be%d0%b2%d0%b0%d1%8f-%d0%b1\"]}]},{\"@type\":\"ImageObject\",\"inLanguage\":\"pt-PT\",\"@id\":\"https:\\\/\\\/www.dillerbottle.com\\\/ru\\\/%d0%bf%d1%80%d0%be%d0%b4%d1%83%d0%ba%d1%82%d1%8b\\\/%d0%ba%d1%80%d0%b5%d0%b0%d1%82%d0%b8%d0%b2%d0%bd%d0%b0%d1%8f-%d1%81%d0%bf%d0%be%d1%80%d1%82%d0%b8%d0%b2%d0%bd%d0%b0%d1%8f-%d0%bf%d0%bb%d0%b0%d1%81%d1%82%d0%b8%d0%ba%d0%be%d0%b2%d0%b0%d1%8f-%d0%b1#primaryimage\",\"url\":\"https:\\\/\\\/www.dillerbottle.com\\\/wp-content\\\/uploads\\\/2024\\\/09\\\/creative-sport-plastic-water-bottleda609.jpg\",\"contentUrl\":\"https:\\\/\\\/www.dillerbottle.com\\\/wp-content\\\/uploads\\\/2024\\\/09\\\/creative-sport-plastic-water-bottleda609.jpg\",\"width\":800,\"height\":800},{\"@type\":\"BreadcrumbList\",\"@id\":\"https:\\\/\\\/www.dillerbottle.com\\\/ru\\\/%d0%bf%d1%80%d0%be%d0%b4%d1%83%d0%ba%d1%82%d1%8b\\\/%d0%ba%d1%80%d0%b5%d0%b0%d1%82%d0%b8%d0%b2%d0%bd%d0%b0%d1%8f-%d1%81%d0%bf%d0%be%d1%80%d1%82%d0%b8%d0%b2%d0%bd%d0%b0%d1%8f-%d0%bf%d0%bb%d0%b0%d1%81%d1%82%d0%b8%d0%ba%d0%be%d0%b2%d0%b0%d1%8f-%d0%b1#breadcrumb\",\"itemListElement\":[{\"@type\":\"ListItem\",\"position\":1,\"name\":\"Home\",\"item\":\"https:\\\/\\\/www.dillerbottle.com\\\/\"},{\"@type\":\"ListItem\",\"position\":2,\"name\":\"Products\",\"item\":\"https:\\\/\\\/www.dillerbottle.com\\\/shop\"},{\"@type\":\"ListItem\",\"position\":3,\"name\":\"Creative Sport Plastic Water Bottle\"}]},{\"@type\":\"WebSite\",\"@id\":\"https:\\\/\\\/www.dillerbottle.com\\\/#website\",\"url\":\"https:\\\/\\\/www.dillerbottle.com\\\/\",\"name\":\"Diller Water Bottle Manufacturer\",\"description\":\"Water Bottle Manufacturer\",\"publisher\":{\"@id\":\"https:\\\/\\\/www.dillerbottle.com\\\/#organization\"},\"potentialAction\":[{\"@type\":\"SearchAction\",\"target\":{\"@type\":\"EntryPoint\",\"urlTemplate\":\"https:\\\/\\\/www.dillerbottle.com\\\/?s={search_term_string}\"},\"query-input\":{\"@type\":\"PropertyValueSpecification\",\"valueRequired\":true,\"valueName\":\"search_term_string\"}}],\"inLanguage\":\"pt-PT\"},{\"@type\":\"Organization\",\"@id\":\"https:\\\/\\\/www.dillerbottle.com\\\/#organization\",\"name\":\"Diller Water Bottle Manufacturer\",\"url\":\"https:\\\/\\\/www.dillerbottle.com\\\/\",\"logo\":{\"@type\":\"ImageObject\",\"inLanguage\":\"pt-PT\",\"@id\":\"https:\\\/\\\/www.dillerbottle.com\\\/#\\\/schema\\\/logo\\\/image\\\/\",\"url\":\"https:\\\/\\\/www.dillerbottle.com\\\/wp-content\\\/uploads\\\/2024\\\/09\\\/49918bfa848dcc1e9f8b509933603ac.png\",\"contentUrl\":\"https:\\\/\\\/www.dillerbottle.com\\\/wp-content\\\/uploads\\\/2024\\\/09\\\/49918bfa848dcc1e9f8b509933603ac.png\",\"width\":988,\"height\":198,\"caption\":\"Diller Water Bottle Manufacturer\"},\"image\":{\"@id\":\"https:\\\/\\\/www.dillerbottle.com\\\/#\\\/schema\\\/logo\\\/image\\\/\"}}]}<\/script>\n<!-- \/ Yoast SEO Premium plugin. -->","yoast_head_json":{"title":"Garrafa de \u00e1gua de pl\u00e1stico esportiva criativa - Fabricante de garrafas de \u00e1gua Diller","description":"Como um dos melhores fabricantes e fornecedores de garrafas pl\u00e1sticas esportivas criativas, estamos engajados na fabrica\u00e7\u00e3o de garrafas pl\u00e1sticas esportivas de boa qualidade. N\u00f3s calorosamente convidamos voc\u00ea a vender no atacado ou comprar garrafas pl\u00e1sticas esportivas criativas personalizadas a pre\u00e7os competitivos conosco. Al\u00e9m disso, pedidos de pequenas quantidades s\u00e3o aceit\u00e1veis.","robots":{"index":"index","follow":"follow","max-snippet":"max-snippet:-1","max-image-preview":"max-image-preview:large","max-video-preview":"max-video-preview:-1"},"canonical":"https:\/\/www.dillerbottle.com\/pt\/produtos\/garrafa-de-agua-de-plastico-esportiva-criativa","og_locale":"pt_PT","og_type":"article","og_title":"Creative Sport Plastic Water Bottle","og_description":"As one of the best creative sport plastic water bottle manufacturers and suppliers, we are engaged in manufacturing good quality water bottles. We warmly welcome you to wholesale or buy custom made creative sport plastic water bottle at competitive price from us. Also, small quantity orders are acceptable.","og_url":"https:\/\/www.dillerbottle.com\/pt\/produtos\/garrafa-de-agua-de-plastico-esportiva-criativa","og_site_name":"Diller Water Bottle Manufacturer","article_modified_time":"2025-07-09T09:55:41+00:00","og_image":[{"width":800,"height":800,"url":"https:\/\/www.dillerbottle.com\/wp-content\/uploads\/2024\/09\/creative-sport-plastic-water-bottleda609.jpg","type":"image\/jpeg"}],"twitter_card":"summary_large_image","twitter_misc":{"Tempo estimado de leitura":"5 minutos"},"schema":{"@context":"https:\/\/schema.org","@graph":[{"@type":"WebPage","@id":"https:\/\/www.dillerbottle.com\/ru\/%d0%bf%d1%80%d0%be%d0%b4%d1%83%d0%ba%d1%82%d1%8b\/%d0%ba%d1%80%d0%b5%d0%b0%d1%82%d0%b8%d0%b2%d0%bd%d0%b0%d1%8f-%d1%81%d0%bf%d0%be%d1%80%d1%82%d0%b8%d0%b2%d0%bd%d0%b0%d1%8f-%d0%bf%d0%bb%d0%b0%d1%81%d1%82%d0%b8%d0%ba%d0%be%d0%b2%d0%b0%d1%8f-%d0%b1","url":"https:\/\/www.dillerbottle.com\/ru\/%d0%bf%d1%80%d0%be%d0%b4%d1%83%d0%ba%d1%82%d1%8b\/%d0%ba%d1%80%d0%b5%d0%b0%d1%82%d0%b8%d0%b2%d0%bd%d0%b0%d1%8f-%d1%81%d0%bf%d0%be%d1%80%d1%82%d0%b8%d0%b2%d0%bd%d0%b0%d1%8f-%d0%bf%d0%bb%d0%b0%d1%81%d1%82%d0%b8%d0%ba%d0%be%d0%b2%d0%b0%d1%8f-%d0%b1","name":"Garrafa de \u00e1gua de pl\u00e1stico esportiva criativa - Fabricante de garrafas de \u00e1gua Diller","isPartOf":{"@id":"https:\/\/www.dillerbottle.com\/#website"},"primaryImageOfPage":{"@id":"https:\/\/www.dillerbottle.com\/ru\/%d0%bf%d1%80%d0%be%d0%b4%d1%83%d0%ba%d1%82%d1%8b\/%d0%ba%d1%80%d0%b5%d0%b0%d1%82%d0%b8%d0%b2%d0%bd%d0%b0%d1%8f-%d1%81%d0%bf%d0%be%d1%80%d1%82%d0%b8%d0%b2%d0%bd%d0%b0%d1%8f-%d0%bf%d0%bb%d0%b0%d1%81%d1%82%d0%b8%d0%ba%d0%be%d0%b2%d0%b0%d1%8f-%d0%b1#primaryimage"},"image":{"@id":"https:\/\/www.dillerbottle.com\/ru\/%d0%bf%d1%80%d0%be%d0%b4%d1%83%d0%ba%d1%82%d1%8b\/%d0%ba%d1%80%d0%b5%d0%b0%d1%82%d0%b8%d0%b2%d0%bd%d0%b0%d1%8f-%d1%81%d0%bf%d0%be%d1%80%d1%82%d0%b8%d0%b2%d0%bd%d0%b0%d1%8f-%d0%bf%d0%bb%d0%b0%d1%81%d1%82%d0%b8%d0%ba%d0%be%d0%b2%d0%b0%d1%8f-%d0%b1#primaryimage"},"thumbnailUrl":"https:\/\/www.dillerbottle.com\/wp-content\/uploads\/2024\/09\/creative-sport-plastic-water-bottleda609.jpg","datePublished":"2024-09-27T10:06:42+00:00","dateModified":"2025-07-09T09:55:41+00:00","description":"Como um dos melhores fabricantes e fornecedores de garrafas pl\u00e1sticas esportivas criativas, estamos engajados na fabrica\u00e7\u00e3o de garrafas pl\u00e1sticas esportivas de boa qualidade. N\u00f3s calorosamente convidamos voc\u00ea a vender no atacado ou comprar garrafas pl\u00e1sticas esportivas criativas personalizadas a pre\u00e7os competitivos conosco. Al\u00e9m disso, pedidos de pequenas quantidades s\u00e3o aceit\u00e1veis.","breadcrumb":{"@id":"https:\/\/www.dillerbottle.com\/ru\/%d0%bf%d1%80%d0%be%d0%b4%d1%83%d0%ba%d1%82%d1%8b\/%d0%ba%d1%80%d0%b5%d0%b0%d1%82%d0%b8%d0%b2%d0%bd%d0%b0%d1%8f-%d1%81%d0%bf%d0%be%d1%80%d1%82%d0%b8%d0%b2%d0%bd%d0%b0%d1%8f-%d0%bf%d0%bb%d0%b0%d1%81%d1%82%d0%b8%d0%ba%d0%be%d0%b2%d0%b0%d1%8f-%d0%b1#breadcrumb"},"inLanguage":"pt-PT","potentialAction":[{"@type":"ReadAction","target":["https:\/\/www.dillerbottle.com\/ru\/%d0%bf%d1%80%d0%be%d0%b4%d1%83%d0%ba%d1%82%d1%8b\/%d0%ba%d1%80%d0%b5%d0%b0%d1%82%d0%b8%d0%b2%d0%bd%d0%b0%d1%8f-%d1%81%d0%bf%d0%be%d1%80%d1%82%d0%b8%d0%b2%d0%bd%d0%b0%d1%8f-%d0%bf%d0%bb%d0%b0%d1%81%d1%82%d0%b8%d0%ba%d0%be%d0%b2%d0%b0%d1%8f-%d0%b1"]}]},{"@type":"ImageObject","inLanguage":"pt-PT","@id":"https:\/\/www.dillerbottle.com\/ru\/%d0%bf%d1%80%d0%be%d0%b4%d1%83%d0%ba%d1%82%d1%8b\/%d0%ba%d1%80%d0%b5%d0%b0%d1%82%d0%b8%d0%b2%d0%bd%d0%b0%d1%8f-%d1%81%d0%bf%d0%be%d1%80%d1%82%d0%b8%d0%b2%d0%bd%d0%b0%d1%8f-%d0%bf%d0%bb%d0%b0%d1%81%d1%82%d0%b8%d0%ba%d0%be%d0%b2%d0%b0%d1%8f-%d0%b1#primaryimage","url":"https:\/\/www.dillerbottle.com\/wp-content\/uploads\/2024\/09\/creative-sport-plastic-water-bottleda609.jpg","contentUrl":"https:\/\/www.dillerbottle.com\/wp-content\/uploads\/2024\/09\/creative-sport-plastic-water-bottleda609.jpg","width":800,"height":800},{"@type":"BreadcrumbList","@id":"https:\/\/www.dillerbottle.com\/ru\/%d0%bf%d1%80%d0%be%d0%b4%d1%83%d0%ba%d1%82%d1%8b\/%d0%ba%d1%80%d0%b5%d0%b0%d1%82%d0%b8%d0%b2%d0%bd%d0%b0%d1%8f-%d1%81%d0%bf%d0%be%d1%80%d1%82%d0%b8%d0%b2%d0%bd%d0%b0%d1%8f-%d0%bf%d0%bb%d0%b0%d1%81%d1%82%d0%b8%d0%ba%d0%be%d0%b2%d0%b0%d1%8f-%d0%b1#breadcrumb","itemListElement":[{"@type":"ListItem","position":1,"name":"Home","item":"https:\/\/www.dillerbottle.com\/"},{"@type":"ListItem","position":2,"name":"Products","item":"https:\/\/www.dillerbottle.com\/shop"},{"@type":"ListItem","position":3,"name":"Creative Sport Plastic Water Bottle"}]},{"@type":"WebSite","@id":"https:\/\/www.dillerbottle.com\/#website","url":"https:\/\/www.dillerbottle.com\/","name":"Garrafa de \u00e1gua Diller Fabricante","description":"Garrafa de \u00e1gua Fabricante","publisher":{"@id":"https:\/\/www.dillerbottle.com\/#organization"},"potentialAction":[{"@type":"SearchAction","target":{"@type":"EntryPoint","urlTemplate":"https:\/\/www.dillerbottle.com\/?s={search_term_string}"},"query-input":{"@type":"PropertyValueSpecification","valueRequired":true,"valueName":"search_term_string"}}],"inLanguage":"pt-PT"},{"@type":"Organization","@id":"https:\/\/www.dillerbottle.com\/#organization","name":"Garrafa de \u00e1gua Diller Fabricante","url":"https:\/\/www.dillerbottle.com\/","logo":{"@type":"ImageObject","inLanguage":"pt-PT","@id":"https:\/\/www.dillerbottle.com\/#\/schema\/logo\/image\/","url":"https:\/\/www.dillerbottle.com\/wp-content\/uploads\/2024\/09\/49918bfa848dcc1e9f8b509933603ac.png","contentUrl":"https:\/\/www.dillerbottle.com\/wp-content\/uploads\/2024\/09\/49918bfa848dcc1e9f8b509933603ac.png","width":988,"height":198,"caption":"Diller Water Bottle Manufacturer"},"image":{"@id":"https:\/\/www.dillerbottle.com\/#\/schema\/logo\/image\/"}}]}},"_links":{"self":[{"href":"https:\/\/www.dillerbottle.com\/pt\/wp-json\/wp\/v2\/product\/6219","targetHints":{"allow":["GET"]}}],"collection":[{"href":"https:\/\/www.dillerbottle.com\/pt\/wp-json\/wp\/v2\/product"}],"about":[{"href":"https:\/\/www.dillerbottle.com\/pt\/wp-json\/wp\/v2\/types\/product"}],"replies":[{"embeddable":true,"href":"https:\/\/www.dillerbottle.com\/pt\/wp-json\/wp\/v2\/comments?post=6219"}],"wp:featuredmedia":[{"embeddable":true,"href":"https:\/\/www.dillerbottle.com\/pt\/wp-json\/wp\/v2\/media\/6220"}],"wp:attachment":[{"href":"https:\/\/www.dillerbottle.com\/pt\/wp-json\/wp\/v2\/media?parent=6219"}],"wp:term":[{"taxonomy":"product_brand","embeddable":true,"href":"https:\/\/www.dillerbottle.com\/pt\/wp-json\/wp\/v2\/product_brand?post=6219"},{"taxonomy":"product_cat","embeddable":true,"href":"https:\/\/www.dillerbottle.com\/pt\/wp-json\/wp\/v2\/product_cat?post=6219"},{"taxonomy":"product_tag","embeddable":true,"href":"https:\/\/www.dillerbottle.com\/pt\/wp-json\/wp\/v2\/product_tag?post=6219"}],"curies":[{"name":"wp","href":"https:\/\/api.w.org\/{rel}","templated":true}]}}