{"id":6349,"date":"2024-09-29T09:45:42","date_gmt":"2024-09-29T01:45:42","guid":{"rendered":"https:\/\/demo.dillerbottle.com\/uncategorized\/borosilicate-glass-water-bottle-with-handle"},"modified":"2025-07-09T17:51:45","modified_gmt":"2025-07-09T09:51:45","slug":"garrafa-de-agua-de-vidro-borossilicato-com-alca","status":"publish","type":"product","link":"https:\/\/www.dillerbottle.com\/pt\/products\/borosilicate-glass-water-bottle-with-handle","title":{"rendered":"Garrafa de \u00e1gua de vidro borossilicato com al\u00e7a"},"content":{"rendered":"<p>1. A garrafa de \u00e1gua de vidro de borosilicato com pega \u00e9 feita de vidro de borosilicato de alta qualidade. O vidro de borossilicato dur\u00e1vel n\u00e3o racha sob temperaturas extremas e o design do corpo do copo de camada dupla n\u00e3o tem medo de escaldar as m\u00e3os.<\/p>\n<p>2. Esta x\u00edcara \u00e9 equipada com um infusor de ch\u00e1 magn\u00e9tico, que pode ser liberado simplesmente rolando a bola acima. O infusor de ch\u00e1 \u00e9 feito de a\u00e7o inoxid\u00e1vel 316 e tem uma grande capacidade.<\/p>\n<p>3. A tampa de veda\u00e7\u00e3o adota um anel de veda\u00e7\u00e3o de silicone de grau aliment\u00edcio, que evita efetivamente vazamentos de \u00e1gua e n\u00e3o tem medo de molhar quando colocado na bolsa.<\/p>\n<p>4. Esta garrafa de \u00e1gua de vidro borossilicato com al\u00e7a \u00e9 adequada para diversas ocasi\u00f5es, como escrit\u00f3rio, casa, atividades ao ar livre e viagens, permitindo que voc\u00ea tenha uma experi\u00eancia maravilhosa de beber a qualquer hora e em qualquer lugar.<\/p>","protected":false},"excerpt":{"rendered":"<p>Esta garrafa de \u00e1gua de vidro borossilicato com al\u00e7a \u00e9 feita de vidro com alto teor de borossilicato e materiais de qualidade alimentar.<br \/>\nO vidro de borosilicato dur\u00e1vel n\u00e3o racha sob temperaturas extremas, e o design do corpo do copo de camada dupla n\u00e3o tem medo de queimar as m\u00e3os.<br \/>\nEsta x\u00edcara \u00e9 equipada com um infusor de ch\u00e1 magn\u00e9tico, que pode ser liberado simplesmente rolando a bola acima.<br \/>\nO infusor de ch\u00e1 \u00e9 feito de a\u00e7o inoxid\u00e1vel 316 e tem grande capacidade.<br \/>\nOEM e ODM aceit\u00e1veis.<br \/>\nPodemos personalizar a garrafa de \u00e1gua de vidro de acordo com suas necessidades.<br \/>\nBem-vindo \u00e0 compra por atacado, envie sua consulta agora!<\/p>","protected":false},"featured_media":6350,"comment_status":"open","ping_status":"closed","template":"","meta":{"_acf_changed":false},"product_brand":[],"product_cat":[310],"product_tag":[548,32,557,554,36,33,31,555,39,38,29,37,34,35,556,505,28,204,30],"class_list":{"0":"post-6349","1":"product","2":"type-product","3":"status-publish","4":"has-post-thumbnail","6":"product_cat-glass-water-bottle","7":"product_tag-anime-water-bottle","8":"product_tag-best","9":"product_tag-bicycle-water-bottles","10":"product_tag-borosilicate-glass-water-bottle-with-handle","11":"product_tag-bulk","12":"product_tag-buy","13":"product_tag-custom","14":"product_tag-double-walled-insulated-water-bottle","15":"product_tag-for-sale","16":"product_tag-good-quality","17":"product_tag-manufacturers","18":"product_tag-manufacturing","19":"product_tag-price","20":"product_tag-small","21":"product_tag-smart-water-bottle","22":"product_tag-sublimation-water-bottle","23":"product_tag-suppliers","24":"product_tag-water-bottle-for-kids-cartoon","25":"product_tag-wholesale","27":"first","28":"instock","29":"shipping-taxable","30":"product-type-simple"},"acf":[],"yoast_head":"<!-- This site is optimized with the Yoast SEO Premium plugin v27.5 (Yoast SEO v27.5) - https:\/\/yoast.com\/product\/yoast-seo-premium-wordpress\/ -->\n<title>Borosilicate Glass Water Bottle With Handle - Diller Water Bottle Manufacturer<\/title>\n<meta name=\"description\" content=\"As one of the best borosilicate glass water bottle with handle manufacturers and suppliers, we are engaged in manufacturing good quality water bottles. We warmly welcome you to wholesale or buy custom made borosilicate glass water bottle with handle at competitive price from us. Also, small quantity orders are acceptable.\" \/>\n<meta name=\"robots\" content=\"index, follow, max-snippet:-1, max-image-preview:large, max-video-preview:-1\" \/>\n<link rel=\"canonical\" href=\"https:\/\/www.dillerbottle.com\/pt\/produtos\/garrafa-de-agua-de-vidro-borossilicato-com-alca\" \/>\n<meta property=\"og:locale\" content=\"pt_PT\" \/>\n<meta property=\"og:type\" content=\"article\" \/>\n<meta property=\"og:title\" content=\"Borosilicate Glass Water Bottle With Handle\" \/>\n<meta property=\"og:description\" content=\"As one of the best borosilicate glass water bottle with handle manufacturers and suppliers, we are engaged in manufacturing good quality water bottles. We warmly welcome you to wholesale or buy custom made borosilicate glass water bottle with handle at competitive price from us. Also, small quantity orders are acceptable.\" \/>\n<meta property=\"og:url\" content=\"https:\/\/www.dillerbottle.com\/pt\/produtos\/garrafa-de-agua-de-vidro-borossilicato-com-alca\" \/>\n<meta property=\"og:site_name\" content=\"Diller Water Bottle Manufacturer\" \/>\n<meta property=\"article:modified_time\" content=\"2025-07-09T09:51:45+00:00\" \/>\n<meta property=\"og:image\" content=\"https:\/\/www.dillerbottle.com\/wp-content\/uploads\/2024\/09\/borosilicate-glass-water-bottle-with-handle782f1.jpg\" \/>\n\t<meta property=\"og:image:width\" content=\"800\" \/>\n\t<meta property=\"og:image:height\" content=\"800\" \/>\n\t<meta property=\"og:image:type\" content=\"image\/jpeg\" \/>\n<meta name=\"twitter:card\" content=\"summary_large_image\" \/>\n<meta name=\"twitter:label1\" content=\"Tempo estimado de leitura\" \/>\n\t<meta name=\"twitter:data1\" content=\"4 minutos\" \/>\n<script type=\"application\/ld+json\" class=\"yoast-schema-graph\">{\"@context\":\"https:\\\/\\\/schema.org\",\"@graph\":[{\"@type\":\"WebPage\",\"@id\":\"https:\\\/\\\/www.dillerbottle.com\\\/ar\\\/%d9%85%d9%86%d8%aa%d8%ac%d8%a7%d8%aa\\\/%d8%b2%d8%ac%d8%a7%d8%ac%d8%a9-%d9%85%d8%a7%d8%a1-%d9%85%d9%86-%d8%b2%d8%ac%d8%a7%d8%ac-%d8%a7%d9%84%d8%a8%d9%88%d8%b1%d8%b3%d9%84%d9%8a%d9%83%d8%a7%d8%aa-%d8%a8%d9%85%d9%82%d8%a8%d8%b6\",\"url\":\"https:\\\/\\\/www.dillerbottle.com\\\/ar\\\/%d9%85%d9%86%d8%aa%d8%ac%d8%a7%d8%aa\\\/%d8%b2%d8%ac%d8%a7%d8%ac%d8%a9-%d9%85%d8%a7%d8%a1-%d9%85%d9%86-%d8%b2%d8%ac%d8%a7%d8%ac-%d8%a7%d9%84%d8%a8%d9%88%d8%b1%d8%b3%d9%84%d9%8a%d9%83%d8%a7%d8%aa-%d8%a8%d9%85%d9%82%d8%a8%d8%b6\",\"name\":\"Borosilicate Glass Water Bottle With Handle - Diller Water Bottle Manufacturer\",\"isPartOf\":{\"@id\":\"https:\\\/\\\/www.dillerbottle.com\\\/#website\"},\"primaryImageOfPage\":{\"@id\":\"https:\\\/\\\/www.dillerbottle.com\\\/ar\\\/%d9%85%d9%86%d8%aa%d8%ac%d8%a7%d8%aa\\\/%d8%b2%d8%ac%d8%a7%d8%ac%d8%a9-%d9%85%d8%a7%d8%a1-%d9%85%d9%86-%d8%b2%d8%ac%d8%a7%d8%ac-%d8%a7%d9%84%d8%a8%d9%88%d8%b1%d8%b3%d9%84%d9%8a%d9%83%d8%a7%d8%aa-%d8%a8%d9%85%d9%82%d8%a8%d8%b6#primaryimage\"},\"image\":{\"@id\":\"https:\\\/\\\/www.dillerbottle.com\\\/ar\\\/%d9%85%d9%86%d8%aa%d8%ac%d8%a7%d8%aa\\\/%d8%b2%d8%ac%d8%a7%d8%ac%d8%a9-%d9%85%d8%a7%d8%a1-%d9%85%d9%86-%d8%b2%d8%ac%d8%a7%d8%ac-%d8%a7%d9%84%d8%a8%d9%88%d8%b1%d8%b3%d9%84%d9%8a%d9%83%d8%a7%d8%aa-%d8%a8%d9%85%d9%82%d8%a8%d8%b6#primaryimage\"},\"thumbnailUrl\":\"https:\\\/\\\/www.dillerbottle.com\\\/wp-content\\\/uploads\\\/2024\\\/09\\\/borosilicate-glass-water-bottle-with-handle782f1.jpg\",\"datePublished\":\"2024-09-29T01:45:42+00:00\",\"dateModified\":\"2025-07-09T09:51:45+00:00\",\"description\":\"As one of the best borosilicate glass water bottle with handle manufacturers and suppliers, we are engaged in manufacturing good quality water bottles. We warmly welcome you to wholesale or buy custom made borosilicate glass water bottle with handle at competitive price from us. Also, small quantity orders are acceptable.\",\"breadcrumb\":{\"@id\":\"https:\\\/\\\/www.dillerbottle.com\\\/ar\\\/%d9%85%d9%86%d8%aa%d8%ac%d8%a7%d8%aa\\\/%d8%b2%d8%ac%d8%a7%d8%ac%d8%a9-%d9%85%d8%a7%d8%a1-%d9%85%d9%86-%d8%b2%d8%ac%d8%a7%d8%ac-%d8%a7%d9%84%d8%a8%d9%88%d8%b1%d8%b3%d9%84%d9%8a%d9%83%d8%a7%d8%aa-%d8%a8%d9%85%d9%82%d8%a8%d8%b6#breadcrumb\"},\"inLanguage\":\"pt-PT\",\"potentialAction\":[{\"@type\":\"ReadAction\",\"target\":[\"https:\\\/\\\/www.dillerbottle.com\\\/ar\\\/%d9%85%d9%86%d8%aa%d8%ac%d8%a7%d8%aa\\\/%d8%b2%d8%ac%d8%a7%d8%ac%d8%a9-%d9%85%d8%a7%d8%a1-%d9%85%d9%86-%d8%b2%d8%ac%d8%a7%d8%ac-%d8%a7%d9%84%d8%a8%d9%88%d8%b1%d8%b3%d9%84%d9%8a%d9%83%d8%a7%d8%aa-%d8%a8%d9%85%d9%82%d8%a8%d8%b6\"]}]},{\"@type\":\"ImageObject\",\"inLanguage\":\"pt-PT\",\"@id\":\"https:\\\/\\\/www.dillerbottle.com\\\/ar\\\/%d9%85%d9%86%d8%aa%d8%ac%d8%a7%d8%aa\\\/%d8%b2%d8%ac%d8%a7%d8%ac%d8%a9-%d9%85%d8%a7%d8%a1-%d9%85%d9%86-%d8%b2%d8%ac%d8%a7%d8%ac-%d8%a7%d9%84%d8%a8%d9%88%d8%b1%d8%b3%d9%84%d9%8a%d9%83%d8%a7%d8%aa-%d8%a8%d9%85%d9%82%d8%a8%d8%b6#primaryimage\",\"url\":\"https:\\\/\\\/www.dillerbottle.com\\\/wp-content\\\/uploads\\\/2024\\\/09\\\/borosilicate-glass-water-bottle-with-handle782f1.jpg\",\"contentUrl\":\"https:\\\/\\\/www.dillerbottle.com\\\/wp-content\\\/uploads\\\/2024\\\/09\\\/borosilicate-glass-water-bottle-with-handle782f1.jpg\",\"width\":800,\"height\":800},{\"@type\":\"BreadcrumbList\",\"@id\":\"https:\\\/\\\/www.dillerbottle.com\\\/ar\\\/%d9%85%d9%86%d8%aa%d8%ac%d8%a7%d8%aa\\\/%d8%b2%d8%ac%d8%a7%d8%ac%d8%a9-%d9%85%d8%a7%d8%a1-%d9%85%d9%86-%d8%b2%d8%ac%d8%a7%d8%ac-%d8%a7%d9%84%d8%a8%d9%88%d8%b1%d8%b3%d9%84%d9%8a%d9%83%d8%a7%d8%aa-%d8%a8%d9%85%d9%82%d8%a8%d8%b6#breadcrumb\",\"itemListElement\":[{\"@type\":\"ListItem\",\"position\":1,\"name\":\"Home\",\"item\":\"https:\\\/\\\/www.dillerbottle.com\\\/\"},{\"@type\":\"ListItem\",\"position\":2,\"name\":\"Products\",\"item\":\"https:\\\/\\\/www.dillerbottle.com\\\/shop\"},{\"@type\":\"ListItem\",\"position\":3,\"name\":\"Borosilicate Glass Water Bottle With Handle\"}]},{\"@type\":\"WebSite\",\"@id\":\"https:\\\/\\\/www.dillerbottle.com\\\/#website\",\"url\":\"https:\\\/\\\/www.dillerbottle.com\\\/\",\"name\":\"Diller Water Bottle Manufacturer\",\"description\":\"Water Bottle Manufacturer\",\"publisher\":{\"@id\":\"https:\\\/\\\/www.dillerbottle.com\\\/#organization\"},\"potentialAction\":[{\"@type\":\"SearchAction\",\"target\":{\"@type\":\"EntryPoint\",\"urlTemplate\":\"https:\\\/\\\/www.dillerbottle.com\\\/?s={search_term_string}\"},\"query-input\":{\"@type\":\"PropertyValueSpecification\",\"valueRequired\":true,\"valueName\":\"search_term_string\"}}],\"inLanguage\":\"pt-PT\"},{\"@type\":\"Organization\",\"@id\":\"https:\\\/\\\/www.dillerbottle.com\\\/#organization\",\"name\":\"Diller Water Bottle Manufacturer\",\"url\":\"https:\\\/\\\/www.dillerbottle.com\\\/\",\"logo\":{\"@type\":\"ImageObject\",\"inLanguage\":\"pt-PT\",\"@id\":\"https:\\\/\\\/www.dillerbottle.com\\\/#\\\/schema\\\/logo\\\/image\\\/\",\"url\":\"https:\\\/\\\/www.dillerbottle.com\\\/wp-content\\\/uploads\\\/2024\\\/09\\\/49918bfa848dcc1e9f8b509933603ac.png\",\"contentUrl\":\"https:\\\/\\\/www.dillerbottle.com\\\/wp-content\\\/uploads\\\/2024\\\/09\\\/49918bfa848dcc1e9f8b509933603ac.png\",\"width\":988,\"height\":198,\"caption\":\"Diller Water Bottle Manufacturer\"},\"image\":{\"@id\":\"https:\\\/\\\/www.dillerbottle.com\\\/#\\\/schema\\\/logo\\\/image\\\/\"}}]}<\/script>\n<!-- \/ Yoast SEO Premium plugin. -->","yoast_head_json":{"title":"Garrafa de \u00e1gua de vidro borossilicato com al\u00e7a - Fabricante de garrafas de \u00e1gua Diller","description":"Como um dos melhores fabricantes e fornecedores de garrafas de \u00e1gua de vidro de borosilicato com al\u00e7a, estamos envolvidos na fabrica\u00e7\u00e3o de garrafas de \u00e1gua de boa qualidade. N\u00f3s calorosamente convidamos voc\u00ea a vender no atacado ou comprar garrafas de \u00e1gua de vidro de borosilicato personalizadas com al\u00e7a a um pre\u00e7o competitivo conosco. Al\u00e9m disso, pedidos de pequenas quantidades s\u00e3o aceit\u00e1veis.","robots":{"index":"index","follow":"follow","max-snippet":"max-snippet:-1","max-image-preview":"max-image-preview:large","max-video-preview":"max-video-preview:-1"},"canonical":"https:\/\/www.dillerbottle.com\/pt\/produtos\/garrafa-de-agua-de-vidro-borossilicato-com-alca","og_locale":"pt_PT","og_type":"article","og_title":"Borosilicate Glass Water Bottle With Handle","og_description":"As one of the best borosilicate glass water bottle with handle manufacturers and suppliers, we are engaged in manufacturing good quality water bottles. We warmly welcome you to wholesale or buy custom made borosilicate glass water bottle with handle at competitive price from us. Also, small quantity orders are acceptable.","og_url":"https:\/\/www.dillerbottle.com\/pt\/produtos\/garrafa-de-agua-de-vidro-borossilicato-com-alca","og_site_name":"Diller Water Bottle Manufacturer","article_modified_time":"2025-07-09T09:51:45+00:00","og_image":[{"width":800,"height":800,"url":"https:\/\/www.dillerbottle.com\/wp-content\/uploads\/2024\/09\/borosilicate-glass-water-bottle-with-handle782f1.jpg","type":"image\/jpeg"}],"twitter_card":"summary_large_image","twitter_misc":{"Tempo estimado de leitura":"4 minutos"},"schema":{"@context":"https:\/\/schema.org","@graph":[{"@type":"WebPage","@id":"https:\/\/www.dillerbottle.com\/ar\/%d9%85%d9%86%d8%aa%d8%ac%d8%a7%d8%aa\/%d8%b2%d8%ac%d8%a7%d8%ac%d8%a9-%d9%85%d8%a7%d8%a1-%d9%85%d9%86-%d8%b2%d8%ac%d8%a7%d8%ac-%d8%a7%d9%84%d8%a8%d9%88%d8%b1%d8%b3%d9%84%d9%8a%d9%83%d8%a7%d8%aa-%d8%a8%d9%85%d9%82%d8%a8%d8%b6","url":"https:\/\/www.dillerbottle.com\/ar\/%d9%85%d9%86%d8%aa%d8%ac%d8%a7%d8%aa\/%d8%b2%d8%ac%d8%a7%d8%ac%d8%a9-%d9%85%d8%a7%d8%a1-%d9%85%d9%86-%d8%b2%d8%ac%d8%a7%d8%ac-%d8%a7%d9%84%d8%a8%d9%88%d8%b1%d8%b3%d9%84%d9%8a%d9%83%d8%a7%d8%aa-%d8%a8%d9%85%d9%82%d8%a8%d8%b6","name":"Garrafa de \u00e1gua de vidro borossilicato com al\u00e7a - Fabricante de garrafas de \u00e1gua Diller","isPartOf":{"@id":"https:\/\/www.dillerbottle.com\/#website"},"primaryImageOfPage":{"@id":"https:\/\/www.dillerbottle.com\/ar\/%d9%85%d9%86%d8%aa%d8%ac%d8%a7%d8%aa\/%d8%b2%d8%ac%d8%a7%d8%ac%d8%a9-%d9%85%d8%a7%d8%a1-%d9%85%d9%86-%d8%b2%d8%ac%d8%a7%d8%ac-%d8%a7%d9%84%d8%a8%d9%88%d8%b1%d8%b3%d9%84%d9%8a%d9%83%d8%a7%d8%aa-%d8%a8%d9%85%d9%82%d8%a8%d8%b6#primaryimage"},"image":{"@id":"https:\/\/www.dillerbottle.com\/ar\/%d9%85%d9%86%d8%aa%d8%ac%d8%a7%d8%aa\/%d8%b2%d8%ac%d8%a7%d8%ac%d8%a9-%d9%85%d8%a7%d8%a1-%d9%85%d9%86-%d8%b2%d8%ac%d8%a7%d8%ac-%d8%a7%d9%84%d8%a8%d9%88%d8%b1%d8%b3%d9%84%d9%8a%d9%83%d8%a7%d8%aa-%d8%a8%d9%85%d9%82%d8%a8%d8%b6#primaryimage"},"thumbnailUrl":"https:\/\/www.dillerbottle.com\/wp-content\/uploads\/2024\/09\/borosilicate-glass-water-bottle-with-handle782f1.jpg","datePublished":"2024-09-29T01:45:42+00:00","dateModified":"2025-07-09T09:51:45+00:00","description":"Como um dos melhores fabricantes e fornecedores de garrafas de \u00e1gua de vidro de borosilicato com al\u00e7a, estamos envolvidos na fabrica\u00e7\u00e3o de garrafas de \u00e1gua de boa qualidade. N\u00f3s calorosamente convidamos voc\u00ea a vender no atacado ou comprar garrafas de \u00e1gua de vidro de borosilicato personalizadas com al\u00e7a a um pre\u00e7o competitivo conosco. Al\u00e9m disso, pedidos de pequenas quantidades s\u00e3o aceit\u00e1veis.","breadcrumb":{"@id":"https:\/\/www.dillerbottle.com\/ar\/%d9%85%d9%86%d8%aa%d8%ac%d8%a7%d8%aa\/%d8%b2%d8%ac%d8%a7%d8%ac%d8%a9-%d9%85%d8%a7%d8%a1-%d9%85%d9%86-%d8%b2%d8%ac%d8%a7%d8%ac-%d8%a7%d9%84%d8%a8%d9%88%d8%b1%d8%b3%d9%84%d9%8a%d9%83%d8%a7%d8%aa-%d8%a8%d9%85%d9%82%d8%a8%d8%b6#breadcrumb"},"inLanguage":"pt-PT","potentialAction":[{"@type":"ReadAction","target":["https:\/\/www.dillerbottle.com\/ar\/%d9%85%d9%86%d8%aa%d8%ac%d8%a7%d8%aa\/%d8%b2%d8%ac%d8%a7%d8%ac%d8%a9-%d9%85%d8%a7%d8%a1-%d9%85%d9%86-%d8%b2%d8%ac%d8%a7%d8%ac-%d8%a7%d9%84%d8%a8%d9%88%d8%b1%d8%b3%d9%84%d9%8a%d9%83%d8%a7%d8%aa-%d8%a8%d9%85%d9%82%d8%a8%d8%b6"]}]},{"@type":"ImageObject","inLanguage":"pt-PT","@id":"https:\/\/www.dillerbottle.com\/ar\/%d9%85%d9%86%d8%aa%d8%ac%d8%a7%d8%aa\/%d8%b2%d8%ac%d8%a7%d8%ac%d8%a9-%d9%85%d8%a7%d8%a1-%d9%85%d9%86-%d8%b2%d8%ac%d8%a7%d8%ac-%d8%a7%d9%84%d8%a8%d9%88%d8%b1%d8%b3%d9%84%d9%8a%d9%83%d8%a7%d8%aa-%d8%a8%d9%85%d9%82%d8%a8%d8%b6#primaryimage","url":"https:\/\/www.dillerbottle.com\/wp-content\/uploads\/2024\/09\/borosilicate-glass-water-bottle-with-handle782f1.jpg","contentUrl":"https:\/\/www.dillerbottle.com\/wp-content\/uploads\/2024\/09\/borosilicate-glass-water-bottle-with-handle782f1.jpg","width":800,"height":800},{"@type":"BreadcrumbList","@id":"https:\/\/www.dillerbottle.com\/ar\/%d9%85%d9%86%d8%aa%d8%ac%d8%a7%d8%aa\/%d8%b2%d8%ac%d8%a7%d8%ac%d8%a9-%d9%85%d8%a7%d8%a1-%d9%85%d9%86-%d8%b2%d8%ac%d8%a7%d8%ac-%d8%a7%d9%84%d8%a8%d9%88%d8%b1%d8%b3%d9%84%d9%8a%d9%83%d8%a7%d8%aa-%d8%a8%d9%85%d9%82%d8%a8%d8%b6#breadcrumb","itemListElement":[{"@type":"ListItem","position":1,"name":"Home","item":"https:\/\/www.dillerbottle.com\/"},{"@type":"ListItem","position":2,"name":"Products","item":"https:\/\/www.dillerbottle.com\/shop"},{"@type":"ListItem","position":3,"name":"Borosilicate Glass Water Bottle With Handle"}]},{"@type":"WebSite","@id":"https:\/\/www.dillerbottle.com\/#website","url":"https:\/\/www.dillerbottle.com\/","name":"Garrafa de \u00e1gua Diller Fabricante","description":"Garrafa de \u00e1gua Fabricante","publisher":{"@id":"https:\/\/www.dillerbottle.com\/#organization"},"potentialAction":[{"@type":"SearchAction","target":{"@type":"EntryPoint","urlTemplate":"https:\/\/www.dillerbottle.com\/?s={search_term_string}"},"query-input":{"@type":"PropertyValueSpecification","valueRequired":true,"valueName":"search_term_string"}}],"inLanguage":"pt-PT"},{"@type":"Organization","@id":"https:\/\/www.dillerbottle.com\/#organization","name":"Garrafa de \u00e1gua Diller Fabricante","url":"https:\/\/www.dillerbottle.com\/","logo":{"@type":"ImageObject","inLanguage":"pt-PT","@id":"https:\/\/www.dillerbottle.com\/#\/schema\/logo\/image\/","url":"https:\/\/www.dillerbottle.com\/wp-content\/uploads\/2024\/09\/49918bfa848dcc1e9f8b509933603ac.png","contentUrl":"https:\/\/www.dillerbottle.com\/wp-content\/uploads\/2024\/09\/49918bfa848dcc1e9f8b509933603ac.png","width":988,"height":198,"caption":"Diller Water Bottle Manufacturer"},"image":{"@id":"https:\/\/www.dillerbottle.com\/#\/schema\/logo\/image\/"}}]}},"_links":{"self":[{"href":"https:\/\/www.dillerbottle.com\/pt\/wp-json\/wp\/v2\/product\/6349","targetHints":{"allow":["GET"]}}],"collection":[{"href":"https:\/\/www.dillerbottle.com\/pt\/wp-json\/wp\/v2\/product"}],"about":[{"href":"https:\/\/www.dillerbottle.com\/pt\/wp-json\/wp\/v2\/types\/product"}],"replies":[{"embeddable":true,"href":"https:\/\/www.dillerbottle.com\/pt\/wp-json\/wp\/v2\/comments?post=6349"}],"wp:featuredmedia":[{"embeddable":true,"href":"https:\/\/www.dillerbottle.com\/pt\/wp-json\/wp\/v2\/media\/6350"}],"wp:attachment":[{"href":"https:\/\/www.dillerbottle.com\/pt\/wp-json\/wp\/v2\/media?parent=6349"}],"wp:term":[{"taxonomy":"product_brand","embeddable":true,"href":"https:\/\/www.dillerbottle.com\/pt\/wp-json\/wp\/v2\/product_brand?post=6349"},{"taxonomy":"product_cat","embeddable":true,"href":"https:\/\/www.dillerbottle.com\/pt\/wp-json\/wp\/v2\/product_cat?post=6349"},{"taxonomy":"product_tag","embeddable":true,"href":"https:\/\/www.dillerbottle.com\/pt\/wp-json\/wp\/v2\/product_tag?post=6349"}],"curies":[{"name":"wp","href":"https:\/\/api.w.org\/{rel}","templated":true}]}}