{"id":6643,"date":"2024-09-29T09:49:45","date_gmt":"2024-09-29T01:49:45","guid":{"rendered":"https:\/\/demo.dillerbottle.com\/uncategorized\/mini-glass-water-bottle-with-handle"},"modified":"2025-07-09T17:50:09","modified_gmt":"2025-07-09T09:50:09","slug":"mini-garrafa-de-agua-de-vidro-com-alca","status":"publish","type":"product","link":"https:\/\/www.dillerbottle.com\/pt\/products\/mini-glass-water-bottle-with-handle","title":{"rendered":"Mini Garrafa de \u00c1gua de Vidro com Al\u00e7a"},"content":{"rendered":"<p>1. A mini garrafa de \u00e1gua de vidro com al\u00e7a \u00e9 feita de vidro de alto teor de borosilicato. O vidro de borosilicato dur\u00e1vel n\u00e3o racha sob temperaturas extremas; vidro e silicone s\u00e3o lav\u00e1veis na m\u00e1quina de lavar lou\u00e7a, garrafa de vidro natural e ecol\u00f3gica.<\/p>\n<p>2. Acima da tampa do copo h\u00e1 um pequeno design de al\u00e7a que pode ser carregado para caminhar. A tampa do copo tamb\u00e9m \u00e9 uma pequena caixa de armazenamento que pode conter ch\u00e1 ou caf\u00e9.<\/p>\n<p>3. Tampa \u00e0 prova de vazamento com anel de veda\u00e7\u00e3o de silicone de grau aliment\u00edcio, evita efetivamente vazamento de \u00e1gua; tamanho de boca perfeito para beber sem derramar.<\/p>\n<p>4. As pequenas capacidades de 280ml e 420ml s\u00e3o convenientes para carregar. Tamb\u00e9m oferecemos servi\u00e7os de personaliza\u00e7\u00e3o, que podem personalizar seu logotipo ou padr\u00e3o exclusivo.<\/p>\n<p>OEM e ODM aceit\u00e1veis.<br \/>\nPodemos personalizar a garrafa de \u00e1gua de vidro de acordo com suas necessidades.<br \/>\nBem-vindo \u00e0 compra por atacado, envie sua consulta agora!<\/p>\n<p><iframe title=\"Pequenas garrafas de \u00e1gua de vidro de borosilicato alto, frasco de \u00e1gua transparente port\u00e1til com al\u00e7a 399MLH568\" width=\"800\" height=\"600\" src=\"https:\/\/www.youtube.com\/embed\/nSIlvcl1LvA?feature=oembed\" frameborder=\"0\" allow=\"accelerometer; autoplay; clipboard-write; encrypted-media; gyroscope; picture-in-picture; web-share\" referrerpolicy=\"strict-origin-when-cross-origin\" allowfullscreen><\/iframe><\/p>","protected":false},"excerpt":{"rendered":"<p>Esta mini garrafa de \u00e1gua de vidro com al\u00e7a \u00e9 feita de vidro com alto teor de borosilicato e materiais de qualidade alimentar.<br \/>\nO vidro de borossilicato dur\u00e1vel n\u00e3o racha sob temperaturas extremas.<br \/>\nA caneca tem uma al\u00e7a, o que n\u00e3o \u00e9 f\u00e1cil de queimar suas m\u00e3os.<br \/>\nA tampa do copo \u00e9 um pequeno compartimento para armazenar ch\u00e1 ou caf\u00e9.<br \/>\nOEM e ODM aceit\u00e1veis.<br \/>\nPodemos personalizar a garrafa de \u00e1gua de acordo com suas necessidades.<br \/>\nBem-vindo \u00e0 compra por atacado, envie sua consulta agora!<\/p>","protected":false},"featured_media":6644,"comment_status":"open","ping_status":"closed","template":"","meta":{"_acf_changed":false},"product_brand":[],"product_cat":[310],"product_tag":[546,515,32,588,36,33,31,39,591,38,29,37,598,584,34,35,28,578,30],"class_list":{"0":"post-6643","1":"product","2":"type-product","3":"status-publish","4":"has-post-thumbnail","6":"product_cat-glass-water-bottle","7":"product_tag-1l-water-bottle","8":"product_tag-64oz-water-bottle","9":"product_tag-best","10":"product_tag-borosilicate-glass-water-bottle","11":"product_tag-bulk","12":"product_tag-buy","13":"product_tag-custom","14":"product_tag-for-sale","15":"product_tag-glass-water-bottle","16":"product_tag-good-quality","17":"product_tag-manufacturers","18":"product_tag-manufacturing","19":"product_tag-mini-glass-water-bottle-with-handle","20":"product_tag-motivational-water-bottle-bpa-free","21":"product_tag-price","22":"product_tag-small","23":"product_tag-suppliers","24":"product_tag-water-bottle-gift-promotional","25":"product_tag-wholesale","27":"first","28":"instock","29":"shipping-taxable","30":"product-type-simple"},"acf":[],"yoast_head":"<!-- This site is optimized with the Yoast SEO Premium plugin v27.5 (Yoast SEO v27.5) - https:\/\/yoast.com\/product\/yoast-seo-premium-wordpress\/ -->\n<title>Mini Glass Water Bottle With Handle - Diller Water Bottle Manufacturer<\/title>\n<meta name=\"description\" content=\"As one of the best mini glass water bottle with handle manufacturers and suppliers, we are engaged in manufacturing good quality water bottles. We warmly welcome you to wholesale or buy custom made mini glass water bottle with handle at competitive price from us. Also, small quantity orders are acceptable.\" \/>\n<meta name=\"robots\" content=\"index, follow, max-snippet:-1, max-image-preview:large, max-video-preview:-1\" \/>\n<link rel=\"canonical\" href=\"https:\/\/www.dillerbottle.com\/pt\/produtos\/mini-garrafa-de-agua-de-vidro-com-alca\" \/>\n<meta property=\"og:locale\" content=\"pt_PT\" \/>\n<meta property=\"og:type\" content=\"article\" \/>\n<meta property=\"og:title\" content=\"Mini Glass Water Bottle With Handle\" \/>\n<meta property=\"og:description\" content=\"As one of the best mini glass water bottle with handle manufacturers and suppliers, we are engaged in manufacturing good quality water bottles. We warmly welcome you to wholesale or buy custom made mini glass water bottle with handle at competitive price from us. Also, small quantity orders are acceptable.\" \/>\n<meta property=\"og:url\" content=\"https:\/\/www.dillerbottle.com\/pt\/produtos\/mini-garrafa-de-agua-de-vidro-com-alca\" \/>\n<meta property=\"og:site_name\" content=\"Diller Water Bottle Manufacturer\" \/>\n<meta property=\"article:modified_time\" content=\"2025-07-09T09:50:09+00:00\" \/>\n<meta property=\"og:image\" content=\"https:\/\/www.dillerbottle.com\/wp-content\/uploads\/2024\/09\/mini-glass-water-bottle-with-handle745e0f56-430f-4673-a050-3bbc4b60f07d.jpg\" \/>\n\t<meta property=\"og:image:width\" content=\"730\" \/>\n\t<meta property=\"og:image:height\" content=\"730\" \/>\n\t<meta property=\"og:image:type\" content=\"image\/jpeg\" \/>\n<meta name=\"twitter:card\" content=\"summary_large_image\" \/>\n<meta name=\"twitter:label1\" content=\"Tempo estimado de leitura\" \/>\n\t<meta name=\"twitter:data1\" content=\"5 minutos\" \/>\n<script type=\"application\/ld+json\" class=\"yoast-schema-graph\">{\"@context\":\"https:\\\/\\\/schema.org\",\"@graph\":[{\"@type\":\"WebPage\",\"@id\":\"https:\\\/\\\/www.dillerbottle.com\\\/pt\\\/produtos\\\/mini-garrafa-de-agua-de-vidro-com-alca\",\"url\":\"https:\\\/\\\/www.dillerbottle.com\\\/pt\\\/produtos\\\/mini-garrafa-de-agua-de-vidro-com-alca\",\"name\":\"Mini Glass Water Bottle With Handle - Diller Water Bottle Manufacturer\",\"isPartOf\":{\"@id\":\"https:\\\/\\\/www.dillerbottle.com\\\/#website\"},\"primaryImageOfPage\":{\"@id\":\"https:\\\/\\\/www.dillerbottle.com\\\/pt\\\/produtos\\\/mini-garrafa-de-agua-de-vidro-com-alca#primaryimage\"},\"image\":{\"@id\":\"https:\\\/\\\/www.dillerbottle.com\\\/pt\\\/produtos\\\/mini-garrafa-de-agua-de-vidro-com-alca#primaryimage\"},\"thumbnailUrl\":\"https:\\\/\\\/www.dillerbottle.com\\\/wp-content\\\/uploads\\\/2024\\\/09\\\/mini-glass-water-bottle-with-handle745e0f56-430f-4673-a050-3bbc4b60f07d.jpg\",\"datePublished\":\"2024-09-29T01:49:45+00:00\",\"dateModified\":\"2025-07-09T09:50:09+00:00\",\"description\":\"As one of the best mini glass water bottle with handle manufacturers and suppliers, we are engaged in manufacturing good quality water bottles. We warmly welcome you to wholesale or buy custom made mini glass water bottle with handle at competitive price from us. Also, small quantity orders are acceptable.\",\"breadcrumb\":{\"@id\":\"https:\\\/\\\/www.dillerbottle.com\\\/pt\\\/produtos\\\/mini-garrafa-de-agua-de-vidro-com-alca#breadcrumb\"},\"inLanguage\":\"pt-PT\",\"potentialAction\":[{\"@type\":\"ReadAction\",\"target\":[\"https:\\\/\\\/www.dillerbottle.com\\\/pt\\\/produtos\\\/mini-garrafa-de-agua-de-vidro-com-alca\"]}]},{\"@type\":\"ImageObject\",\"inLanguage\":\"pt-PT\",\"@id\":\"https:\\\/\\\/www.dillerbottle.com\\\/pt\\\/produtos\\\/mini-garrafa-de-agua-de-vidro-com-alca#primaryimage\",\"url\":\"https:\\\/\\\/www.dillerbottle.com\\\/wp-content\\\/uploads\\\/2024\\\/09\\\/mini-glass-water-bottle-with-handle745e0f56-430f-4673-a050-3bbc4b60f07d.jpg\",\"contentUrl\":\"https:\\\/\\\/www.dillerbottle.com\\\/wp-content\\\/uploads\\\/2024\\\/09\\\/mini-glass-water-bottle-with-handle745e0f56-430f-4673-a050-3bbc4b60f07d.jpg\",\"width\":730,\"height\":730},{\"@type\":\"BreadcrumbList\",\"@id\":\"https:\\\/\\\/www.dillerbottle.com\\\/pt\\\/produtos\\\/mini-garrafa-de-agua-de-vidro-com-alca#breadcrumb\",\"itemListElement\":[{\"@type\":\"ListItem\",\"position\":1,\"name\":\"Home\",\"item\":\"https:\\\/\\\/www.dillerbottle.com\\\/\"},{\"@type\":\"ListItem\",\"position\":2,\"name\":\"Products\",\"item\":\"https:\\\/\\\/www.dillerbottle.com\\\/shop\"},{\"@type\":\"ListItem\",\"position\":3,\"name\":\"Mini Glass Water Bottle With Handle\"}]},{\"@type\":\"WebSite\",\"@id\":\"https:\\\/\\\/www.dillerbottle.com\\\/#website\",\"url\":\"https:\\\/\\\/www.dillerbottle.com\\\/\",\"name\":\"Diller Water Bottle Manufacturer\",\"description\":\"Water Bottle Manufacturer\",\"publisher\":{\"@id\":\"https:\\\/\\\/www.dillerbottle.com\\\/#organization\"},\"potentialAction\":[{\"@type\":\"SearchAction\",\"target\":{\"@type\":\"EntryPoint\",\"urlTemplate\":\"https:\\\/\\\/www.dillerbottle.com\\\/?s={search_term_string}\"},\"query-input\":{\"@type\":\"PropertyValueSpecification\",\"valueRequired\":true,\"valueName\":\"search_term_string\"}}],\"inLanguage\":\"pt-PT\"},{\"@type\":\"Organization\",\"@id\":\"https:\\\/\\\/www.dillerbottle.com\\\/#organization\",\"name\":\"Diller Water Bottle Manufacturer\",\"url\":\"https:\\\/\\\/www.dillerbottle.com\\\/\",\"logo\":{\"@type\":\"ImageObject\",\"inLanguage\":\"pt-PT\",\"@id\":\"https:\\\/\\\/www.dillerbottle.com\\\/#\\\/schema\\\/logo\\\/image\\\/\",\"url\":\"https:\\\/\\\/www.dillerbottle.com\\\/wp-content\\\/uploads\\\/2024\\\/09\\\/49918bfa848dcc1e9f8b509933603ac.png\",\"contentUrl\":\"https:\\\/\\\/www.dillerbottle.com\\\/wp-content\\\/uploads\\\/2024\\\/09\\\/49918bfa848dcc1e9f8b509933603ac.png\",\"width\":988,\"height\":198,\"caption\":\"Diller Water Bottle Manufacturer\"},\"image\":{\"@id\":\"https:\\\/\\\/www.dillerbottle.com\\\/#\\\/schema\\\/logo\\\/image\\\/\"}}]}<\/script>\n<!-- \/ Yoast SEO Premium plugin. -->","yoast_head_json":{"title":"Mini Garrafa de \u00c1gua de Vidro com Al\u00e7a - Fabricante de Garrafas de \u00c1gua Diller","description":"Como um dos melhores fabricantes e fornecedores de mini garrafas de \u00e1gua de vidro com al\u00e7a, estamos envolvidos na fabrica\u00e7\u00e3o de garrafas de \u00e1gua de boa qualidade. N\u00f3s calorosamente convidamos voc\u00ea a vender no atacado ou comprar mini garrafas de \u00e1gua de vidro personalizadas com al\u00e7a a um pre\u00e7o competitivo conosco. Al\u00e9m disso, pedidos de pequenas quantidades s\u00e3o aceit\u00e1veis.","robots":{"index":"index","follow":"follow","max-snippet":"max-snippet:-1","max-image-preview":"max-image-preview:large","max-video-preview":"max-video-preview:-1"},"canonical":"https:\/\/www.dillerbottle.com\/pt\/produtos\/mini-garrafa-de-agua-de-vidro-com-alca","og_locale":"pt_PT","og_type":"article","og_title":"Mini Glass Water Bottle With Handle","og_description":"As one of the best mini glass water bottle with handle manufacturers and suppliers, we are engaged in manufacturing good quality water bottles. We warmly welcome you to wholesale or buy custom made mini glass water bottle with handle at competitive price from us. Also, small quantity orders are acceptable.","og_url":"https:\/\/www.dillerbottle.com\/pt\/produtos\/mini-garrafa-de-agua-de-vidro-com-alca","og_site_name":"Diller Water Bottle Manufacturer","article_modified_time":"2025-07-09T09:50:09+00:00","og_image":[{"width":730,"height":730,"url":"https:\/\/www.dillerbottle.com\/wp-content\/uploads\/2024\/09\/mini-glass-water-bottle-with-handle745e0f56-430f-4673-a050-3bbc4b60f07d.jpg","type":"image\/jpeg"}],"twitter_card":"summary_large_image","twitter_misc":{"Tempo estimado de leitura":"5 minutos"},"schema":{"@context":"https:\/\/schema.org","@graph":[{"@type":"WebPage","@id":"https:\/\/www.dillerbottle.com\/pt\/produtos\/mini-garrafa-de-agua-de-vidro-com-alca","url":"https:\/\/www.dillerbottle.com\/pt\/produtos\/mini-garrafa-de-agua-de-vidro-com-alca","name":"Mini Garrafa de \u00c1gua de Vidro com Al\u00e7a - Fabricante de Garrafas de \u00c1gua Diller","isPartOf":{"@id":"https:\/\/www.dillerbottle.com\/#website"},"primaryImageOfPage":{"@id":"https:\/\/www.dillerbottle.com\/pt\/produtos\/mini-garrafa-de-agua-de-vidro-com-alca#primaryimage"},"image":{"@id":"https:\/\/www.dillerbottle.com\/pt\/produtos\/mini-garrafa-de-agua-de-vidro-com-alca#primaryimage"},"thumbnailUrl":"https:\/\/www.dillerbottle.com\/wp-content\/uploads\/2024\/09\/mini-glass-water-bottle-with-handle745e0f56-430f-4673-a050-3bbc4b60f07d.jpg","datePublished":"2024-09-29T01:49:45+00:00","dateModified":"2025-07-09T09:50:09+00:00","description":"Como um dos melhores fabricantes e fornecedores de mini garrafas de \u00e1gua de vidro com al\u00e7a, estamos envolvidos na fabrica\u00e7\u00e3o de garrafas de \u00e1gua de boa qualidade. N\u00f3s calorosamente convidamos voc\u00ea a vender no atacado ou comprar mini garrafas de \u00e1gua de vidro personalizadas com al\u00e7a a um pre\u00e7o competitivo conosco. Al\u00e9m disso, pedidos de pequenas quantidades s\u00e3o aceit\u00e1veis.","breadcrumb":{"@id":"https:\/\/www.dillerbottle.com\/pt\/produtos\/mini-garrafa-de-agua-de-vidro-com-alca#breadcrumb"},"inLanguage":"pt-PT","potentialAction":[{"@type":"ReadAction","target":["https:\/\/www.dillerbottle.com\/pt\/produtos\/mini-garrafa-de-agua-de-vidro-com-alca"]}]},{"@type":"ImageObject","inLanguage":"pt-PT","@id":"https:\/\/www.dillerbottle.com\/pt\/produtos\/mini-garrafa-de-agua-de-vidro-com-alca#primaryimage","url":"https:\/\/www.dillerbottle.com\/wp-content\/uploads\/2024\/09\/mini-glass-water-bottle-with-handle745e0f56-430f-4673-a050-3bbc4b60f07d.jpg","contentUrl":"https:\/\/www.dillerbottle.com\/wp-content\/uploads\/2024\/09\/mini-glass-water-bottle-with-handle745e0f56-430f-4673-a050-3bbc4b60f07d.jpg","width":730,"height":730},{"@type":"BreadcrumbList","@id":"https:\/\/www.dillerbottle.com\/pt\/produtos\/mini-garrafa-de-agua-de-vidro-com-alca#breadcrumb","itemListElement":[{"@type":"ListItem","position":1,"name":"Home","item":"https:\/\/www.dillerbottle.com\/"},{"@type":"ListItem","position":2,"name":"Products","item":"https:\/\/www.dillerbottle.com\/shop"},{"@type":"ListItem","position":3,"name":"Mini Glass Water Bottle With Handle"}]},{"@type":"WebSite","@id":"https:\/\/www.dillerbottle.com\/#website","url":"https:\/\/www.dillerbottle.com\/","name":"Garrafa de \u00e1gua Diller Fabricante","description":"Garrafa de \u00e1gua Fabricante","publisher":{"@id":"https:\/\/www.dillerbottle.com\/#organization"},"potentialAction":[{"@type":"SearchAction","target":{"@type":"EntryPoint","urlTemplate":"https:\/\/www.dillerbottle.com\/?s={search_term_string}"},"query-input":{"@type":"PropertyValueSpecification","valueRequired":true,"valueName":"search_term_string"}}],"inLanguage":"pt-PT"},{"@type":"Organization","@id":"https:\/\/www.dillerbottle.com\/#organization","name":"Garrafa de \u00e1gua Diller Fabricante","url":"https:\/\/www.dillerbottle.com\/","logo":{"@type":"ImageObject","inLanguage":"pt-PT","@id":"https:\/\/www.dillerbottle.com\/#\/schema\/logo\/image\/","url":"https:\/\/www.dillerbottle.com\/wp-content\/uploads\/2024\/09\/49918bfa848dcc1e9f8b509933603ac.png","contentUrl":"https:\/\/www.dillerbottle.com\/wp-content\/uploads\/2024\/09\/49918bfa848dcc1e9f8b509933603ac.png","width":988,"height":198,"caption":"Diller Water Bottle Manufacturer"},"image":{"@id":"https:\/\/www.dillerbottle.com\/#\/schema\/logo\/image\/"}}]}},"_links":{"self":[{"href":"https:\/\/www.dillerbottle.com\/pt\/wp-json\/wp\/v2\/product\/6643","targetHints":{"allow":["GET"]}}],"collection":[{"href":"https:\/\/www.dillerbottle.com\/pt\/wp-json\/wp\/v2\/product"}],"about":[{"href":"https:\/\/www.dillerbottle.com\/pt\/wp-json\/wp\/v2\/types\/product"}],"replies":[{"embeddable":true,"href":"https:\/\/www.dillerbottle.com\/pt\/wp-json\/wp\/v2\/comments?post=6643"}],"wp:featuredmedia":[{"embeddable":true,"href":"https:\/\/www.dillerbottle.com\/pt\/wp-json\/wp\/v2\/media\/6644"}],"wp:attachment":[{"href":"https:\/\/www.dillerbottle.com\/pt\/wp-json\/wp\/v2\/media?parent=6643"}],"wp:term":[{"taxonomy":"product_brand","embeddable":true,"href":"https:\/\/www.dillerbottle.com\/pt\/wp-json\/wp\/v2\/product_brand?post=6643"},{"taxonomy":"product_cat","embeddable":true,"href":"https:\/\/www.dillerbottle.com\/pt\/wp-json\/wp\/v2\/product_cat?post=6643"},{"taxonomy":"product_tag","embeddable":true,"href":"https:\/\/www.dillerbottle.com\/pt\/wp-json\/wp\/v2\/product_tag?post=6643"}],"curies":[{"name":"wp","href":"https:\/\/api.w.org\/{rel}","templated":true}]}}