{"id":6666,"date":"2024-09-29T09:50:06","date_gmt":"2024-09-29T01:50:06","guid":{"rendered":"https:\/\/demo.dillerbottle.com\/uncategorized\/glass-cups-with-magnetic-suction-tea-infuser"},"modified":"2025-07-09T17:49:59","modified_gmt":"2025-07-09T09:49:59","slug":"copos-de-vidro-com-infusor-de-cha-de-succao-magnetica","status":"publish","type":"product","link":"https:\/\/www.dillerbottle.com\/pt\/products\/glass-cups-with-magnetic-suction-tea-infuser","title":{"rendered":"Copos de vidro com infusor de ch\u00e1 de suc\u00e7\u00e3o magn\u00e9tica"},"content":{"rendered":"<p>1. A garrafa de \u00e1gua de vidro \u00e9 feita de vidro de alto teor de borosilicato. O vidro de borosilicato dur\u00e1vel n\u00e3o racha sob temperaturas extremas, e o design do corpo do copo de camada dupla n\u00e3o tem medo de queimar as m\u00e3os.<\/p>\n<p>2.;Equipado com um infusor de ch\u00e1 de suc\u00e7\u00e3o magn\u00e9tica, ele pode ser liberado com apenas um clique. O infusor de ch\u00e1 \u00e9 feito de a\u00e7o inoxid\u00e1vel 316 e tem uma grande capacidade.<\/p>\n<p>3. Tampa \u00e0 prova de vazamento com anel de veda\u00e7\u00e3o de silicone de grau aliment\u00edcio, evita efetivamente vazamento de \u00e1gua; tamanho de boca perfeito para beber sem derramar.<\/p>\n<p>4.;H\u00e1 op\u00e7\u00f5es de embalagem em caixa colorida e caixa de presente, e voc\u00ea tamb\u00e9m pode personalizar seu pr\u00f3prio logotipo.<\/p>\n<p>OEM e ODM aceit\u00e1veis.<br \/>\nPodemos personalizar a garrafa de \u00e1gua de vidro de acordo com suas necessidades.<br \/>\nBem-vindo \u00e0 compra por atacado, envie sua consulta agora!<\/p>\n<p><iframe title=\"Diller Infusor de ch\u00e1 de suc\u00e7\u00e3o magn\u00e9tica criativa Garrafa de \u00e1gua de vidro Presente Copos de ch\u00e1 de vidro duplo 388MLH570\" width=\"800\" height=\"600\" src=\"https:\/\/www.youtube.com\/embed\/yxAiThvkHwI?feature=oembed\" frameborder=\"0\" allow=\"accelerometer; autoplay; clipboard-write; encrypted-media; gyroscope; picture-in-picture; web-share\" referrerpolicy=\"strict-origin-when-cross-origin\" allowfullscreen><\/iframe><\/p>","protected":false},"excerpt":{"rendered":"<p>Este copo de vidro \u00e9 feito de vidro com alto teor de borosilicato e materiais de qualidade alimentar.<br \/>\nO vidro de borossilicato dur\u00e1vel n\u00e3o racha sob temperaturas extremas.<br \/>\nCom infusor de ch\u00e1 com suc\u00e7\u00e3o magn\u00e9tica e libera\u00e7\u00e3o com apenas um bot\u00e3o.<br \/>\nDesign de vidro duplo para evitar queimaduras nas m\u00e3os.<br \/>\nOEM e ODM aceit\u00e1veis.<br \/>\nPodemos personalizar a garrafa de \u00e1gua de vidro de acordo com suas necessidades.<br \/>\nBem-vindo \u00e0 compra por atacado, envie sua consulta agora!<\/p>","protected":false},"featured_media":6667,"comment_status":"open","ping_status":"closed","template":"","meta":{"_acf_changed":false},"product_brand":[],"product_cat":[310],"product_tag":[575,515,32,36,33,31,39,599,597,38,29,37,34,551,35,580,28,30,589],"class_list":{"0":"post-6666","1":"product","2":"type-product","3":"status-publish","4":"has-post-thumbnail","6":"product_cat-glass-water-bottle","7":"product_tag-2000ml-water-bottle","8":"product_tag-64oz-water-bottle","9":"product_tag-best","10":"product_tag-bulk","11":"product_tag-buy","12":"product_tag-custom","13":"product_tag-for-sale","14":"product_tag-glass-cups-with-magnetic-suction-tea-infuser","15":"product_tag-glass-water-bottle-with-time-marker","16":"product_tag-good-quality","17":"product_tag-manufacturers","18":"product_tag-manufacturing","19":"product_tag-price","20":"product_tag-silicone-sleeve-water-bottle","21":"product_tag-small","22":"product_tag-sublimation-water-bottle-straw","23":"product_tag-suppliers","24":"product_tag-wholesale","25":"product_tag-wholesale-gym-water-bottle","27":"first","28":"instock","29":"shipping-taxable","30":"product-type-simple"},"acf":[],"yoast_head":"<!-- This site is optimized with the Yoast SEO Premium plugin v27.4 (Yoast SEO v27.4) - https:\/\/yoast.com\/product\/yoast-seo-premium-wordpress\/ -->\n<title>Glass Cups With Magnetic Suction Tea Infuser - Diller Water Bottle Manufacturer<\/title>\n<meta name=\"description\" content=\"As one of the best glass cups with magnetic suction tea infuser manufacturers and suppliers, we are engaged in manufacturing good quality water bottles. We warmly welcome you to wholesale or buy custom made glass cups with magnetic suction tea infuser at competitive price from us. Also, small quantity orders are acceptable.\" \/>\n<meta name=\"robots\" content=\"index, follow, max-snippet:-1, max-image-preview:large, max-video-preview:-1\" \/>\n<link rel=\"canonical\" href=\"https:\/\/www.dillerbottle.com\/pt\/produtos\/copos-de-vidro-com-infusor-de-cha-de-succao-magnetica\" \/>\n<meta property=\"og:locale\" content=\"pt_PT\" \/>\n<meta property=\"og:type\" content=\"article\" \/>\n<meta property=\"og:title\" content=\"Glass Cups With Magnetic Suction Tea Infuser\" \/>\n<meta property=\"og:description\" content=\"As one of the best glass cups with magnetic suction tea infuser manufacturers and suppliers, we are engaged in manufacturing good quality water bottles. We warmly welcome you to wholesale or buy custom made glass cups with magnetic suction tea infuser at competitive price from us. Also, small quantity orders are acceptable.\" \/>\n<meta property=\"og:url\" content=\"https:\/\/www.dillerbottle.com\/pt\/produtos\/copos-de-vidro-com-infusor-de-cha-de-succao-magnetica\" \/>\n<meta property=\"og:site_name\" content=\"Diller Water Bottle Manufacturer\" \/>\n<meta property=\"article:modified_time\" content=\"2025-07-09T09:49:59+00:00\" \/>\n<meta property=\"og:image\" content=\"https:\/\/www.dillerbottle.com\/wp-content\/uploads\/2024\/09\/glass-cups-with-magnetic-suction-tea-infuser7083440c-bb15-4096-ac99-885bf6bb0905.jpg\" \/>\n\t<meta property=\"og:image:width\" content=\"730\" \/>\n\t<meta property=\"og:image:height\" content=\"730\" \/>\n\t<meta property=\"og:image:type\" content=\"image\/jpeg\" \/>\n<meta name=\"twitter:card\" content=\"summary_large_image\" \/>\n<meta name=\"twitter:label1\" content=\"Tempo estimado de leitura\" \/>\n\t<meta name=\"twitter:data1\" content=\"6 minutos\" \/>\n<script type=\"application\/ld+json\" class=\"yoast-schema-graph\">{\"@context\":\"https:\\\/\\\/schema.org\",\"@graph\":[{\"@type\":\"WebPage\",\"@id\":\"https:\\\/\\\/www.dillerbottle.com\\\/ar\\\/%d9%85%d9%86%d8%aa%d8%ac%d8%a7%d8%aa\\\/%d8%a3%d9%83%d9%88%d8%a7%d8%a8-%d8%b2%d8%ac%d8%a7%d8%ac%d9%8a%d8%a9-%d9%85%d8%b9-%d9%85%d8%b5%d9%81%d8%a7%d8%a9-%d8%b4%d8%a7%d9%8a-%d9%85%d8%ba%d9%86%d8%a7%d8%b7%d9%8a%d8%b3%d9%8a%d8%a9\",\"url\":\"https:\\\/\\\/www.dillerbottle.com\\\/ar\\\/%d9%85%d9%86%d8%aa%d8%ac%d8%a7%d8%aa\\\/%d8%a3%d9%83%d9%88%d8%a7%d8%a8-%d8%b2%d8%ac%d8%a7%d8%ac%d9%8a%d8%a9-%d9%85%d8%b9-%d9%85%d8%b5%d9%81%d8%a7%d8%a9-%d8%b4%d8%a7%d9%8a-%d9%85%d8%ba%d9%86%d8%a7%d8%b7%d9%8a%d8%b3%d9%8a%d8%a9\",\"name\":\"Glass Cups With Magnetic Suction Tea Infuser - Diller Water Bottle Manufacturer\",\"isPartOf\":{\"@id\":\"https:\\\/\\\/www.dillerbottle.com\\\/#website\"},\"primaryImageOfPage\":{\"@id\":\"https:\\\/\\\/www.dillerbottle.com\\\/ar\\\/%d9%85%d9%86%d8%aa%d8%ac%d8%a7%d8%aa\\\/%d8%a3%d9%83%d9%88%d8%a7%d8%a8-%d8%b2%d8%ac%d8%a7%d8%ac%d9%8a%d8%a9-%d9%85%d8%b9-%d9%85%d8%b5%d9%81%d8%a7%d8%a9-%d8%b4%d8%a7%d9%8a-%d9%85%d8%ba%d9%86%d8%a7%d8%b7%d9%8a%d8%b3%d9%8a%d8%a9#primaryimage\"},\"image\":{\"@id\":\"https:\\\/\\\/www.dillerbottle.com\\\/ar\\\/%d9%85%d9%86%d8%aa%d8%ac%d8%a7%d8%aa\\\/%d8%a3%d9%83%d9%88%d8%a7%d8%a8-%d8%b2%d8%ac%d8%a7%d8%ac%d9%8a%d8%a9-%d9%85%d8%b9-%d9%85%d8%b5%d9%81%d8%a7%d8%a9-%d8%b4%d8%a7%d9%8a-%d9%85%d8%ba%d9%86%d8%a7%d8%b7%d9%8a%d8%b3%d9%8a%d8%a9#primaryimage\"},\"thumbnailUrl\":\"https:\\\/\\\/www.dillerbottle.com\\\/wp-content\\\/uploads\\\/2024\\\/09\\\/glass-cups-with-magnetic-suction-tea-infuser7083440c-bb15-4096-ac99-885bf6bb0905.jpg\",\"datePublished\":\"2024-09-29T01:50:06+00:00\",\"dateModified\":\"2025-07-09T09:49:59+00:00\",\"description\":\"As one of the best glass cups with magnetic suction tea infuser manufacturers and suppliers, we are engaged in manufacturing good quality water bottles. We warmly welcome you to wholesale or buy custom made glass cups with magnetic suction tea infuser at competitive price from us. Also, small quantity orders are acceptable.\",\"breadcrumb\":{\"@id\":\"https:\\\/\\\/www.dillerbottle.com\\\/ar\\\/%d9%85%d9%86%d8%aa%d8%ac%d8%a7%d8%aa\\\/%d8%a3%d9%83%d9%88%d8%a7%d8%a8-%d8%b2%d8%ac%d8%a7%d8%ac%d9%8a%d8%a9-%d9%85%d8%b9-%d9%85%d8%b5%d9%81%d8%a7%d8%a9-%d8%b4%d8%a7%d9%8a-%d9%85%d8%ba%d9%86%d8%a7%d8%b7%d9%8a%d8%b3%d9%8a%d8%a9#breadcrumb\"},\"inLanguage\":\"pt-PT\",\"potentialAction\":[{\"@type\":\"ReadAction\",\"target\":[\"https:\\\/\\\/www.dillerbottle.com\\\/ar\\\/%d9%85%d9%86%d8%aa%d8%ac%d8%a7%d8%aa\\\/%d8%a3%d9%83%d9%88%d8%a7%d8%a8-%d8%b2%d8%ac%d8%a7%d8%ac%d9%8a%d8%a9-%d9%85%d8%b9-%d9%85%d8%b5%d9%81%d8%a7%d8%a9-%d8%b4%d8%a7%d9%8a-%d9%85%d8%ba%d9%86%d8%a7%d8%b7%d9%8a%d8%b3%d9%8a%d8%a9\"]}]},{\"@type\":\"ImageObject\",\"inLanguage\":\"pt-PT\",\"@id\":\"https:\\\/\\\/www.dillerbottle.com\\\/ar\\\/%d9%85%d9%86%d8%aa%d8%ac%d8%a7%d8%aa\\\/%d8%a3%d9%83%d9%88%d8%a7%d8%a8-%d8%b2%d8%ac%d8%a7%d8%ac%d9%8a%d8%a9-%d9%85%d8%b9-%d9%85%d8%b5%d9%81%d8%a7%d8%a9-%d8%b4%d8%a7%d9%8a-%d9%85%d8%ba%d9%86%d8%a7%d8%b7%d9%8a%d8%b3%d9%8a%d8%a9#primaryimage\",\"url\":\"https:\\\/\\\/www.dillerbottle.com\\\/wp-content\\\/uploads\\\/2024\\\/09\\\/glass-cups-with-magnetic-suction-tea-infuser7083440c-bb15-4096-ac99-885bf6bb0905.jpg\",\"contentUrl\":\"https:\\\/\\\/www.dillerbottle.com\\\/wp-content\\\/uploads\\\/2024\\\/09\\\/glass-cups-with-magnetic-suction-tea-infuser7083440c-bb15-4096-ac99-885bf6bb0905.jpg\",\"width\":730,\"height\":730},{\"@type\":\"BreadcrumbList\",\"@id\":\"https:\\\/\\\/www.dillerbottle.com\\\/ar\\\/%d9%85%d9%86%d8%aa%d8%ac%d8%a7%d8%aa\\\/%d8%a3%d9%83%d9%88%d8%a7%d8%a8-%d8%b2%d8%ac%d8%a7%d8%ac%d9%8a%d8%a9-%d9%85%d8%b9-%d9%85%d8%b5%d9%81%d8%a7%d8%a9-%d8%b4%d8%a7%d9%8a-%d9%85%d8%ba%d9%86%d8%a7%d8%b7%d9%8a%d8%b3%d9%8a%d8%a9#breadcrumb\",\"itemListElement\":[{\"@type\":\"ListItem\",\"position\":1,\"name\":\"Home\",\"item\":\"https:\\\/\\\/www.dillerbottle.com\\\/\"},{\"@type\":\"ListItem\",\"position\":2,\"name\":\"Products\",\"item\":\"https:\\\/\\\/www.dillerbottle.com\\\/shop\"},{\"@type\":\"ListItem\",\"position\":3,\"name\":\"Glass Cups With Magnetic Suction Tea Infuser\"}]},{\"@type\":\"WebSite\",\"@id\":\"https:\\\/\\\/www.dillerbottle.com\\\/#website\",\"url\":\"https:\\\/\\\/www.dillerbottle.com\\\/\",\"name\":\"Diller Water Bottle Manufacturer\",\"description\":\"Water Bottle Manufacturer\",\"publisher\":{\"@id\":\"https:\\\/\\\/www.dillerbottle.com\\\/#organization\"},\"potentialAction\":[{\"@type\":\"SearchAction\",\"target\":{\"@type\":\"EntryPoint\",\"urlTemplate\":\"https:\\\/\\\/www.dillerbottle.com\\\/?s={search_term_string}\"},\"query-input\":{\"@type\":\"PropertyValueSpecification\",\"valueRequired\":true,\"valueName\":\"search_term_string\"}}],\"inLanguage\":\"pt-PT\"},{\"@type\":\"Organization\",\"@id\":\"https:\\\/\\\/www.dillerbottle.com\\\/#organization\",\"name\":\"Diller Water Bottle Manufacturer\",\"url\":\"https:\\\/\\\/www.dillerbottle.com\\\/\",\"logo\":{\"@type\":\"ImageObject\",\"inLanguage\":\"pt-PT\",\"@id\":\"https:\\\/\\\/www.dillerbottle.com\\\/#\\\/schema\\\/logo\\\/image\\\/\",\"url\":\"https:\\\/\\\/www.dillerbottle.com\\\/wp-content\\\/uploads\\\/2024\\\/09\\\/49918bfa848dcc1e9f8b509933603ac.png\",\"contentUrl\":\"https:\\\/\\\/www.dillerbottle.com\\\/wp-content\\\/uploads\\\/2024\\\/09\\\/49918bfa848dcc1e9f8b509933603ac.png\",\"width\":988,\"height\":198,\"caption\":\"Diller Water Bottle Manufacturer\"},\"image\":{\"@id\":\"https:\\\/\\\/www.dillerbottle.com\\\/#\\\/schema\\\/logo\\\/image\\\/\"}}]}<\/script>\n<!-- \/ Yoast SEO Premium plugin. -->","yoast_head_json":{"title":"Copos de vidro com infusor de ch\u00e1 de suc\u00e7\u00e3o magn\u00e9tica - Fabricante de garrafas de \u00e1gua Diller","description":"Como um dos melhores fabricantes e fornecedores de copos de vidro com infusor de ch\u00e1 de suc\u00e7\u00e3o magn\u00e9tica, estamos envolvidos na fabrica\u00e7\u00e3o de garrafas de \u00e1gua de boa qualidade. N\u00f3s calorosamente convidamos voc\u00ea a vender no atacado ou comprar copos de vidro personalizados com infusor de ch\u00e1 de suc\u00e7\u00e3o magn\u00e9tica a pre\u00e7os competitivos conosco. Al\u00e9m disso, pedidos de pequenas quantidades s\u00e3o aceit\u00e1veis.","robots":{"index":"index","follow":"follow","max-snippet":"max-snippet:-1","max-image-preview":"max-image-preview:large","max-video-preview":"max-video-preview:-1"},"canonical":"https:\/\/www.dillerbottle.com\/pt\/produtos\/copos-de-vidro-com-infusor-de-cha-de-succao-magnetica","og_locale":"pt_PT","og_type":"article","og_title":"Glass Cups With Magnetic Suction Tea Infuser","og_description":"As one of the best glass cups with magnetic suction tea infuser manufacturers and suppliers, we are engaged in manufacturing good quality water bottles. We warmly welcome you to wholesale or buy custom made glass cups with magnetic suction tea infuser at competitive price from us. Also, small quantity orders are acceptable.","og_url":"https:\/\/www.dillerbottle.com\/pt\/produtos\/copos-de-vidro-com-infusor-de-cha-de-succao-magnetica","og_site_name":"Diller Water Bottle Manufacturer","article_modified_time":"2025-07-09T09:49:59+00:00","og_image":[{"width":730,"height":730,"url":"https:\/\/www.dillerbottle.com\/wp-content\/uploads\/2024\/09\/glass-cups-with-magnetic-suction-tea-infuser7083440c-bb15-4096-ac99-885bf6bb0905.jpg","type":"image\/jpeg"}],"twitter_card":"summary_large_image","twitter_misc":{"Tempo estimado de leitura":"6 minutos"},"schema":{"@context":"https:\/\/schema.org","@graph":[{"@type":"WebPage","@id":"https:\/\/www.dillerbottle.com\/ar\/%d9%85%d9%86%d8%aa%d8%ac%d8%a7%d8%aa\/%d8%a3%d9%83%d9%88%d8%a7%d8%a8-%d8%b2%d8%ac%d8%a7%d8%ac%d9%8a%d8%a9-%d9%85%d8%b9-%d9%85%d8%b5%d9%81%d8%a7%d8%a9-%d8%b4%d8%a7%d9%8a-%d9%85%d8%ba%d9%86%d8%a7%d8%b7%d9%8a%d8%b3%d9%8a%d8%a9","url":"https:\/\/www.dillerbottle.com\/ar\/%d9%85%d9%86%d8%aa%d8%ac%d8%a7%d8%aa\/%d8%a3%d9%83%d9%88%d8%a7%d8%a8-%d8%b2%d8%ac%d8%a7%d8%ac%d9%8a%d8%a9-%d9%85%d8%b9-%d9%85%d8%b5%d9%81%d8%a7%d8%a9-%d8%b4%d8%a7%d9%8a-%d9%85%d8%ba%d9%86%d8%a7%d8%b7%d9%8a%d8%b3%d9%8a%d8%a9","name":"Copos de vidro com infusor de ch\u00e1 de suc\u00e7\u00e3o magn\u00e9tica - Fabricante de garrafas de \u00e1gua Diller","isPartOf":{"@id":"https:\/\/www.dillerbottle.com\/#website"},"primaryImageOfPage":{"@id":"https:\/\/www.dillerbottle.com\/ar\/%d9%85%d9%86%d8%aa%d8%ac%d8%a7%d8%aa\/%d8%a3%d9%83%d9%88%d8%a7%d8%a8-%d8%b2%d8%ac%d8%a7%d8%ac%d9%8a%d8%a9-%d9%85%d8%b9-%d9%85%d8%b5%d9%81%d8%a7%d8%a9-%d8%b4%d8%a7%d9%8a-%d9%85%d8%ba%d9%86%d8%a7%d8%b7%d9%8a%d8%b3%d9%8a%d8%a9#primaryimage"},"image":{"@id":"https:\/\/www.dillerbottle.com\/ar\/%d9%85%d9%86%d8%aa%d8%ac%d8%a7%d8%aa\/%d8%a3%d9%83%d9%88%d8%a7%d8%a8-%d8%b2%d8%ac%d8%a7%d8%ac%d9%8a%d8%a9-%d9%85%d8%b9-%d9%85%d8%b5%d9%81%d8%a7%d8%a9-%d8%b4%d8%a7%d9%8a-%d9%85%d8%ba%d9%86%d8%a7%d8%b7%d9%8a%d8%b3%d9%8a%d8%a9#primaryimage"},"thumbnailUrl":"https:\/\/www.dillerbottle.com\/wp-content\/uploads\/2024\/09\/glass-cups-with-magnetic-suction-tea-infuser7083440c-bb15-4096-ac99-885bf6bb0905.jpg","datePublished":"2024-09-29T01:50:06+00:00","dateModified":"2025-07-09T09:49:59+00:00","description":"Como um dos melhores fabricantes e fornecedores de copos de vidro com infusor de ch\u00e1 de suc\u00e7\u00e3o magn\u00e9tica, estamos envolvidos na fabrica\u00e7\u00e3o de garrafas de \u00e1gua de boa qualidade. N\u00f3s calorosamente convidamos voc\u00ea a vender no atacado ou comprar copos de vidro personalizados com infusor de ch\u00e1 de suc\u00e7\u00e3o magn\u00e9tica a pre\u00e7os competitivos conosco. Al\u00e9m disso, pedidos de pequenas quantidades s\u00e3o aceit\u00e1veis.","breadcrumb":{"@id":"https:\/\/www.dillerbottle.com\/ar\/%d9%85%d9%86%d8%aa%d8%ac%d8%a7%d8%aa\/%d8%a3%d9%83%d9%88%d8%a7%d8%a8-%d8%b2%d8%ac%d8%a7%d8%ac%d9%8a%d8%a9-%d9%85%d8%b9-%d9%85%d8%b5%d9%81%d8%a7%d8%a9-%d8%b4%d8%a7%d9%8a-%d9%85%d8%ba%d9%86%d8%a7%d8%b7%d9%8a%d8%b3%d9%8a%d8%a9#breadcrumb"},"inLanguage":"pt-PT","potentialAction":[{"@type":"ReadAction","target":["https:\/\/www.dillerbottle.com\/ar\/%d9%85%d9%86%d8%aa%d8%ac%d8%a7%d8%aa\/%d8%a3%d9%83%d9%88%d8%a7%d8%a8-%d8%b2%d8%ac%d8%a7%d8%ac%d9%8a%d8%a9-%d9%85%d8%b9-%d9%85%d8%b5%d9%81%d8%a7%d8%a9-%d8%b4%d8%a7%d9%8a-%d9%85%d8%ba%d9%86%d8%a7%d8%b7%d9%8a%d8%b3%d9%8a%d8%a9"]}]},{"@type":"ImageObject","inLanguage":"pt-PT","@id":"https:\/\/www.dillerbottle.com\/ar\/%d9%85%d9%86%d8%aa%d8%ac%d8%a7%d8%aa\/%d8%a3%d9%83%d9%88%d8%a7%d8%a8-%d8%b2%d8%ac%d8%a7%d8%ac%d9%8a%d8%a9-%d9%85%d8%b9-%d9%85%d8%b5%d9%81%d8%a7%d8%a9-%d8%b4%d8%a7%d9%8a-%d9%85%d8%ba%d9%86%d8%a7%d8%b7%d9%8a%d8%b3%d9%8a%d8%a9#primaryimage","url":"https:\/\/www.dillerbottle.com\/wp-content\/uploads\/2024\/09\/glass-cups-with-magnetic-suction-tea-infuser7083440c-bb15-4096-ac99-885bf6bb0905.jpg","contentUrl":"https:\/\/www.dillerbottle.com\/wp-content\/uploads\/2024\/09\/glass-cups-with-magnetic-suction-tea-infuser7083440c-bb15-4096-ac99-885bf6bb0905.jpg","width":730,"height":730},{"@type":"BreadcrumbList","@id":"https:\/\/www.dillerbottle.com\/ar\/%d9%85%d9%86%d8%aa%d8%ac%d8%a7%d8%aa\/%d8%a3%d9%83%d9%88%d8%a7%d8%a8-%d8%b2%d8%ac%d8%a7%d8%ac%d9%8a%d8%a9-%d9%85%d8%b9-%d9%85%d8%b5%d9%81%d8%a7%d8%a9-%d8%b4%d8%a7%d9%8a-%d9%85%d8%ba%d9%86%d8%a7%d8%b7%d9%8a%d8%b3%d9%8a%d8%a9#breadcrumb","itemListElement":[{"@type":"ListItem","position":1,"name":"Home","item":"https:\/\/www.dillerbottle.com\/"},{"@type":"ListItem","position":2,"name":"Products","item":"https:\/\/www.dillerbottle.com\/shop"},{"@type":"ListItem","position":3,"name":"Glass Cups With Magnetic Suction Tea Infuser"}]},{"@type":"WebSite","@id":"https:\/\/www.dillerbottle.com\/#website","url":"https:\/\/www.dillerbottle.com\/","name":"Garrafa de \u00e1gua Diller Fabricante","description":"Garrafa de \u00e1gua Fabricante","publisher":{"@id":"https:\/\/www.dillerbottle.com\/#organization"},"potentialAction":[{"@type":"SearchAction","target":{"@type":"EntryPoint","urlTemplate":"https:\/\/www.dillerbottle.com\/?s={search_term_string}"},"query-input":{"@type":"PropertyValueSpecification","valueRequired":true,"valueName":"search_term_string"}}],"inLanguage":"pt-PT"},{"@type":"Organization","@id":"https:\/\/www.dillerbottle.com\/#organization","name":"Garrafa de \u00e1gua Diller Fabricante","url":"https:\/\/www.dillerbottle.com\/","logo":{"@type":"ImageObject","inLanguage":"pt-PT","@id":"https:\/\/www.dillerbottle.com\/#\/schema\/logo\/image\/","url":"https:\/\/www.dillerbottle.com\/wp-content\/uploads\/2024\/09\/49918bfa848dcc1e9f8b509933603ac.png","contentUrl":"https:\/\/www.dillerbottle.com\/wp-content\/uploads\/2024\/09\/49918bfa848dcc1e9f8b509933603ac.png","width":988,"height":198,"caption":"Diller Water Bottle Manufacturer"},"image":{"@id":"https:\/\/www.dillerbottle.com\/#\/schema\/logo\/image\/"}}]}},"_links":{"self":[{"href":"https:\/\/www.dillerbottle.com\/pt\/wp-json\/wp\/v2\/product\/6666","targetHints":{"allow":["GET"]}}],"collection":[{"href":"https:\/\/www.dillerbottle.com\/pt\/wp-json\/wp\/v2\/product"}],"about":[{"href":"https:\/\/www.dillerbottle.com\/pt\/wp-json\/wp\/v2\/types\/product"}],"replies":[{"embeddable":true,"href":"https:\/\/www.dillerbottle.com\/pt\/wp-json\/wp\/v2\/comments?post=6666"}],"wp:featuredmedia":[{"embeddable":true,"href":"https:\/\/www.dillerbottle.com\/pt\/wp-json\/wp\/v2\/media\/6667"}],"wp:attachment":[{"href":"https:\/\/www.dillerbottle.com\/pt\/wp-json\/wp\/v2\/media?parent=6666"}],"wp:term":[{"taxonomy":"product_brand","embeddable":true,"href":"https:\/\/www.dillerbottle.com\/pt\/wp-json\/wp\/v2\/product_brand?post=6666"},{"taxonomy":"product_cat","embeddable":true,"href":"https:\/\/www.dillerbottle.com\/pt\/wp-json\/wp\/v2\/product_cat?post=6666"},{"taxonomy":"product_tag","embeddable":true,"href":"https:\/\/www.dillerbottle.com\/pt\/wp-json\/wp\/v2\/product_tag?post=6666"}],"curies":[{"name":"wp","href":"https:\/\/api.w.org\/{rel}","templated":true}]}}