{"id":7243,"date":"2024-09-29T09:57:32","date_gmt":"2024-09-29T01:57:32","guid":{"rendered":"https:\/\/demo.dillerbottle.com\/uncategorized\/wood-lid-glass-water-bottle"},"modified":"2025-07-09T17:02:02","modified_gmt":"2025-07-09T09:02:02","slug":"garrafa-de-agua-de-vidro-com-tampa-de-madeira","status":"publish","type":"product","link":"https:\/\/www.dillerbottle.com\/pt\/products\/wood-lid-glass-water-bottle","title":{"rendered":"Garrafa de \u00e1gua de vidro com tampa de madeira"},"content":{"rendered":"<p>1. Esta garrafa de \u00e1gua de vidro \u00e9 feita de vidro com alto teor de borosilicato; o vidro dur\u00e1vel n\u00e3o racha sob temperaturas extremas; o vidro e o silicone s\u00e3o seguros para a m\u00e1quina de lavar lou\u00e7a, garrafa de \u00e1gua natural ecol\u00f3gica.<br \/>\n2.;A capa de silicone colorida acrescenta estilo e oferece prote\u00e7\u00e3o contra escorreg\u00f5es e quedas; escolha entre uma variedade de cores.<br \/>\n3. Tampa de madeira \u00e0 prova de vazamentos com corda de silicone de grau aliment\u00edcio dur\u00e1vel e resistente a rasgos; tamanho de boca perfeito para beber sem derramar.<\/p>","protected":false},"excerpt":{"rendered":"<p>Caracter\u00edsticas: 1.<br \/>\nEsta garrafa de \u00e1gua de vidro \u00e9 feita de vidro com alto teor de borosilicato, um vidro dur\u00e1vel que n\u00e3o racha sob temperaturas extremas; o vidro e o silicone podem ser lavados na m\u00e1quina de lavar lou\u00e7as, uma garrafa de \u00e1gua natural e ecol\u00f3gica.<br \/>\n2.<br \/>\nA capa de silicone colorida acrescenta estilo e oferece prote\u00e7\u00e3o contra escorreg\u00f5es e quedas; escolha entre uma variedade de cores.<br \/>\n3. Tampa de madeira \u00e0 prova de vazamentos com corda de silicone de grau aliment\u00edcio dur\u00e1vel e resistente a rasgos; tamanho de boca perfeito para beber sem derramar.<\/p>","protected":false},"featured_media":7244,"comment_status":"open","ping_status":"closed","template":"","meta":{"_acf_changed":false},"product_brand":[],"product_cat":[310],"product_tag":[575,515,32,36,33,31,39,593,591,597,38,29,37,571,34,35,28,30,630],"class_list":{"0":"post-7243","1":"product","2":"type-product","3":"status-publish","4":"has-post-thumbnail","6":"product_cat-glass-water-bottle","7":"product_tag-2000ml-water-bottle","8":"product_tag-64oz-water-bottle","9":"product_tag-best","10":"product_tag-bulk","11":"product_tag-buy","12":"product_tag-custom","13":"product_tag-for-sale","14":"product_tag-frosted-glass-water-bottle-sublimation","15":"product_tag-glass-water-bottle","16":"product_tag-glass-water-bottle-with-time-marker","17":"product_tag-good-quality","18":"product_tag-manufacturers","19":"product_tag-manufacturing","20":"product_tag-multi-use-water-bottle","21":"product_tag-price","22":"product_tag-small","23":"product_tag-suppliers","24":"product_tag-wholesale","25":"product_tag-wood-lid-glass-water-bottle","27":"first","28":"instock","29":"shipping-taxable","30":"product-type-simple"},"acf":[],"yoast_head":"<!-- This site is optimized with the Yoast SEO Premium plugin v27.4 (Yoast SEO v27.4) - https:\/\/yoast.com\/product\/yoast-seo-premium-wordpress\/ -->\n<title>Wood Lid Glass Water Bottle - Diller Water Bottle Manufacturer<\/title>\n<meta name=\"description\" content=\"As one of the best wood lid glass water bottle manufacturers and suppliers, we are engaged in manufacturing good quality water bottles. We warmly welcome you to wholesale or buy custom made wood lid glass water bottle at competitive price from us. Also, small quantity orders are acceptable.\" \/>\n<meta name=\"robots\" content=\"index, follow, max-snippet:-1, max-image-preview:large, max-video-preview:-1\" \/>\n<link rel=\"canonical\" href=\"https:\/\/www.dillerbottle.com\/pt\/produtos\/garrafa-de-agua-de-vidro-com-tampa-de-madeira\" \/>\n<meta property=\"og:locale\" content=\"pt_PT\" \/>\n<meta property=\"og:type\" content=\"article\" \/>\n<meta property=\"og:title\" content=\"Wood Lid Glass Water Bottle\" \/>\n<meta property=\"og:description\" content=\"As one of the best wood lid glass water bottle manufacturers and suppliers, we are engaged in manufacturing good quality water bottles. We warmly welcome you to wholesale or buy custom made wood lid glass water bottle at competitive price from us. Also, small quantity orders are acceptable.\" \/>\n<meta property=\"og:url\" content=\"https:\/\/www.dillerbottle.com\/pt\/produtos\/garrafa-de-agua-de-vidro-com-tampa-de-madeira\" \/>\n<meta property=\"og:site_name\" content=\"Diller Water Bottle Manufacturer\" \/>\n<meta property=\"article:modified_time\" content=\"2025-07-09T09:02:02+00:00\" \/>\n<meta property=\"og:image\" content=\"https:\/\/www.dillerbottle.com\/wp-content\/uploads\/2024\/09\/wood-lid-glass-water-bottle11339540701.jpg\" \/>\n\t<meta property=\"og:image:width\" content=\"730\" \/>\n\t<meta property=\"og:image:height\" content=\"730\" \/>\n\t<meta property=\"og:image:type\" content=\"image\/jpeg\" \/>\n<meta name=\"twitter:card\" content=\"summary_large_image\" \/>\n<meta name=\"twitter:label1\" content=\"Tempo estimado de leitura\" \/>\n\t<meta name=\"twitter:data1\" content=\"2 minutos\" \/>\n<script type=\"application\/ld+json\" class=\"yoast-schema-graph\">{\"@context\":\"https:\\\/\\\/schema.org\",\"@graph\":[{\"@type\":\"WebPage\",\"@id\":\"https:\\\/\\\/www.dillerbottle.com\\\/fr\\\/produits\\\/bouteille-deau-en-verre-avec-couvercle-en-bois\",\"url\":\"https:\\\/\\\/www.dillerbottle.com\\\/fr\\\/produits\\\/bouteille-deau-en-verre-avec-couvercle-en-bois\",\"name\":\"Wood Lid Glass Water Bottle - Diller Water Bottle Manufacturer\",\"isPartOf\":{\"@id\":\"https:\\\/\\\/www.dillerbottle.com\\\/#website\"},\"primaryImageOfPage\":{\"@id\":\"https:\\\/\\\/www.dillerbottle.com\\\/fr\\\/produits\\\/bouteille-deau-en-verre-avec-couvercle-en-bois#primaryimage\"},\"image\":{\"@id\":\"https:\\\/\\\/www.dillerbottle.com\\\/fr\\\/produits\\\/bouteille-deau-en-verre-avec-couvercle-en-bois#primaryimage\"},\"thumbnailUrl\":\"https:\\\/\\\/www.dillerbottle.com\\\/wp-content\\\/uploads\\\/2024\\\/09\\\/wood-lid-glass-water-bottle11339540701.jpg\",\"datePublished\":\"2024-09-29T01:57:32+00:00\",\"dateModified\":\"2025-07-09T09:02:02+00:00\",\"description\":\"As one of the best wood lid glass water bottle manufacturers and suppliers, we are engaged in manufacturing good quality water bottles. We warmly welcome you to wholesale or buy custom made wood lid glass water bottle at competitive price from us. Also, small quantity orders are acceptable.\",\"breadcrumb\":{\"@id\":\"https:\\\/\\\/www.dillerbottle.com\\\/fr\\\/produits\\\/bouteille-deau-en-verre-avec-couvercle-en-bois#breadcrumb\"},\"inLanguage\":\"pt-PT\",\"potentialAction\":[{\"@type\":\"ReadAction\",\"target\":[\"https:\\\/\\\/www.dillerbottle.com\\\/fr\\\/produits\\\/bouteille-deau-en-verre-avec-couvercle-en-bois\"]}]},{\"@type\":\"ImageObject\",\"inLanguage\":\"pt-PT\",\"@id\":\"https:\\\/\\\/www.dillerbottle.com\\\/fr\\\/produits\\\/bouteille-deau-en-verre-avec-couvercle-en-bois#primaryimage\",\"url\":\"https:\\\/\\\/www.dillerbottle.com\\\/wp-content\\\/uploads\\\/2024\\\/09\\\/wood-lid-glass-water-bottle11339540701.jpg\",\"contentUrl\":\"https:\\\/\\\/www.dillerbottle.com\\\/wp-content\\\/uploads\\\/2024\\\/09\\\/wood-lid-glass-water-bottle11339540701.jpg\",\"width\":730,\"height\":730},{\"@type\":\"BreadcrumbList\",\"@id\":\"https:\\\/\\\/www.dillerbottle.com\\\/fr\\\/produits\\\/bouteille-deau-en-verre-avec-couvercle-en-bois#breadcrumb\",\"itemListElement\":[{\"@type\":\"ListItem\",\"position\":1,\"name\":\"Home\",\"item\":\"https:\\\/\\\/www.dillerbottle.com\\\/\"},{\"@type\":\"ListItem\",\"position\":2,\"name\":\"Products\",\"item\":\"https:\\\/\\\/www.dillerbottle.com\\\/shop\"},{\"@type\":\"ListItem\",\"position\":3,\"name\":\"Wood Lid Glass Water Bottle\"}]},{\"@type\":\"WebSite\",\"@id\":\"https:\\\/\\\/www.dillerbottle.com\\\/#website\",\"url\":\"https:\\\/\\\/www.dillerbottle.com\\\/\",\"name\":\"Diller Water Bottle Manufacturer\",\"description\":\"Water Bottle Manufacturer\",\"publisher\":{\"@id\":\"https:\\\/\\\/www.dillerbottle.com\\\/#organization\"},\"potentialAction\":[{\"@type\":\"SearchAction\",\"target\":{\"@type\":\"EntryPoint\",\"urlTemplate\":\"https:\\\/\\\/www.dillerbottle.com\\\/?s={search_term_string}\"},\"query-input\":{\"@type\":\"PropertyValueSpecification\",\"valueRequired\":true,\"valueName\":\"search_term_string\"}}],\"inLanguage\":\"pt-PT\"},{\"@type\":\"Organization\",\"@id\":\"https:\\\/\\\/www.dillerbottle.com\\\/#organization\",\"name\":\"Diller Water Bottle Manufacturer\",\"url\":\"https:\\\/\\\/www.dillerbottle.com\\\/\",\"logo\":{\"@type\":\"ImageObject\",\"inLanguage\":\"pt-PT\",\"@id\":\"https:\\\/\\\/www.dillerbottle.com\\\/#\\\/schema\\\/logo\\\/image\\\/\",\"url\":\"https:\\\/\\\/www.dillerbottle.com\\\/wp-content\\\/uploads\\\/2024\\\/09\\\/49918bfa848dcc1e9f8b509933603ac.png\",\"contentUrl\":\"https:\\\/\\\/www.dillerbottle.com\\\/wp-content\\\/uploads\\\/2024\\\/09\\\/49918bfa848dcc1e9f8b509933603ac.png\",\"width\":988,\"height\":198,\"caption\":\"Diller Water Bottle Manufacturer\"},\"image\":{\"@id\":\"https:\\\/\\\/www.dillerbottle.com\\\/#\\\/schema\\\/logo\\\/image\\\/\"}}]}<\/script>\n<!-- \/ Yoast SEO Premium plugin. -->","yoast_head_json":{"title":"Garrafa de \u00e1gua de vidro com tampa de madeira - Fabricante de garrafas de \u00e1gua Diller","description":"Como um dos melhores fabricantes e fornecedores de garrafas de \u00e1gua de vidro com tampa de madeira, estamos engajados na fabrica\u00e7\u00e3o de garrafas de \u00e1gua de boa qualidade. N\u00f3s calorosamente convidamos voc\u00ea a vender no atacado ou comprar garrafas de \u00e1gua de vidro com tampa de madeira personalizadas a pre\u00e7os competitivos conosco. Al\u00e9m disso, pedidos de pequenas quantidades s\u00e3o aceit\u00e1veis.","robots":{"index":"index","follow":"follow","max-snippet":"max-snippet:-1","max-image-preview":"max-image-preview:large","max-video-preview":"max-video-preview:-1"},"canonical":"https:\/\/www.dillerbottle.com\/pt\/produtos\/garrafa-de-agua-de-vidro-com-tampa-de-madeira","og_locale":"pt_PT","og_type":"article","og_title":"Wood Lid Glass Water Bottle","og_description":"As one of the best wood lid glass water bottle manufacturers and suppliers, we are engaged in manufacturing good quality water bottles. We warmly welcome you to wholesale or buy custom made wood lid glass water bottle at competitive price from us. Also, small quantity orders are acceptable.","og_url":"https:\/\/www.dillerbottle.com\/pt\/produtos\/garrafa-de-agua-de-vidro-com-tampa-de-madeira","og_site_name":"Diller Water Bottle Manufacturer","article_modified_time":"2025-07-09T09:02:02+00:00","og_image":[{"width":730,"height":730,"url":"https:\/\/www.dillerbottle.com\/wp-content\/uploads\/2024\/09\/wood-lid-glass-water-bottle11339540701.jpg","type":"image\/jpeg"}],"twitter_card":"summary_large_image","twitter_misc":{"Tempo estimado de leitura":"2 minutos"},"schema":{"@context":"https:\/\/schema.org","@graph":[{"@type":"WebPage","@id":"https:\/\/www.dillerbottle.com\/fr\/produits\/bouteille-deau-en-verre-avec-couvercle-en-bois","url":"https:\/\/www.dillerbottle.com\/fr\/produits\/bouteille-deau-en-verre-avec-couvercle-en-bois","name":"Garrafa de \u00e1gua de vidro com tampa de madeira - Fabricante de garrafas de \u00e1gua Diller","isPartOf":{"@id":"https:\/\/www.dillerbottle.com\/#website"},"primaryImageOfPage":{"@id":"https:\/\/www.dillerbottle.com\/fr\/produits\/bouteille-deau-en-verre-avec-couvercle-en-bois#primaryimage"},"image":{"@id":"https:\/\/www.dillerbottle.com\/fr\/produits\/bouteille-deau-en-verre-avec-couvercle-en-bois#primaryimage"},"thumbnailUrl":"https:\/\/www.dillerbottle.com\/wp-content\/uploads\/2024\/09\/wood-lid-glass-water-bottle11339540701.jpg","datePublished":"2024-09-29T01:57:32+00:00","dateModified":"2025-07-09T09:02:02+00:00","description":"Como um dos melhores fabricantes e fornecedores de garrafas de \u00e1gua de vidro com tampa de madeira, estamos engajados na fabrica\u00e7\u00e3o de garrafas de \u00e1gua de boa qualidade. N\u00f3s calorosamente convidamos voc\u00ea a vender no atacado ou comprar garrafas de \u00e1gua de vidro com tampa de madeira personalizadas a pre\u00e7os competitivos conosco. Al\u00e9m disso, pedidos de pequenas quantidades s\u00e3o aceit\u00e1veis.","breadcrumb":{"@id":"https:\/\/www.dillerbottle.com\/fr\/produits\/bouteille-deau-en-verre-avec-couvercle-en-bois#breadcrumb"},"inLanguage":"pt-PT","potentialAction":[{"@type":"ReadAction","target":["https:\/\/www.dillerbottle.com\/fr\/produits\/bouteille-deau-en-verre-avec-couvercle-en-bois"]}]},{"@type":"ImageObject","inLanguage":"pt-PT","@id":"https:\/\/www.dillerbottle.com\/fr\/produits\/bouteille-deau-en-verre-avec-couvercle-en-bois#primaryimage","url":"https:\/\/www.dillerbottle.com\/wp-content\/uploads\/2024\/09\/wood-lid-glass-water-bottle11339540701.jpg","contentUrl":"https:\/\/www.dillerbottle.com\/wp-content\/uploads\/2024\/09\/wood-lid-glass-water-bottle11339540701.jpg","width":730,"height":730},{"@type":"BreadcrumbList","@id":"https:\/\/www.dillerbottle.com\/fr\/produits\/bouteille-deau-en-verre-avec-couvercle-en-bois#breadcrumb","itemListElement":[{"@type":"ListItem","position":1,"name":"Home","item":"https:\/\/www.dillerbottle.com\/"},{"@type":"ListItem","position":2,"name":"Products","item":"https:\/\/www.dillerbottle.com\/shop"},{"@type":"ListItem","position":3,"name":"Wood Lid Glass Water Bottle"}]},{"@type":"WebSite","@id":"https:\/\/www.dillerbottle.com\/#website","url":"https:\/\/www.dillerbottle.com\/","name":"Garrafa de \u00e1gua Diller Fabricante","description":"Garrafa de \u00e1gua Fabricante","publisher":{"@id":"https:\/\/www.dillerbottle.com\/#organization"},"potentialAction":[{"@type":"SearchAction","target":{"@type":"EntryPoint","urlTemplate":"https:\/\/www.dillerbottle.com\/?s={search_term_string}"},"query-input":{"@type":"PropertyValueSpecification","valueRequired":true,"valueName":"search_term_string"}}],"inLanguage":"pt-PT"},{"@type":"Organization","@id":"https:\/\/www.dillerbottle.com\/#organization","name":"Garrafa de \u00e1gua Diller Fabricante","url":"https:\/\/www.dillerbottle.com\/","logo":{"@type":"ImageObject","inLanguage":"pt-PT","@id":"https:\/\/www.dillerbottle.com\/#\/schema\/logo\/image\/","url":"https:\/\/www.dillerbottle.com\/wp-content\/uploads\/2024\/09\/49918bfa848dcc1e9f8b509933603ac.png","contentUrl":"https:\/\/www.dillerbottle.com\/wp-content\/uploads\/2024\/09\/49918bfa848dcc1e9f8b509933603ac.png","width":988,"height":198,"caption":"Diller Water Bottle Manufacturer"},"image":{"@id":"https:\/\/www.dillerbottle.com\/#\/schema\/logo\/image\/"}}]}},"_links":{"self":[{"href":"https:\/\/www.dillerbottle.com\/pt\/wp-json\/wp\/v2\/product\/7243","targetHints":{"allow":["GET"]}}],"collection":[{"href":"https:\/\/www.dillerbottle.com\/pt\/wp-json\/wp\/v2\/product"}],"about":[{"href":"https:\/\/www.dillerbottle.com\/pt\/wp-json\/wp\/v2\/types\/product"}],"replies":[{"embeddable":true,"href":"https:\/\/www.dillerbottle.com\/pt\/wp-json\/wp\/v2\/comments?post=7243"}],"wp:featuredmedia":[{"embeddable":true,"href":"https:\/\/www.dillerbottle.com\/pt\/wp-json\/wp\/v2\/media\/7244"}],"wp:attachment":[{"href":"https:\/\/www.dillerbottle.com\/pt\/wp-json\/wp\/v2\/media?parent=7243"}],"wp:term":[{"taxonomy":"product_brand","embeddable":true,"href":"https:\/\/www.dillerbottle.com\/pt\/wp-json\/wp\/v2\/product_brand?post=7243"},{"taxonomy":"product_cat","embeddable":true,"href":"https:\/\/www.dillerbottle.com\/pt\/wp-json\/wp\/v2\/product_cat?post=7243"},{"taxonomy":"product_tag","embeddable":true,"href":"https:\/\/www.dillerbottle.com\/pt\/wp-json\/wp\/v2\/product_tag?post=7243"}],"curies":[{"name":"wp","href":"https:\/\/api.w.org\/{rel}","templated":true}]}}