{"id":7517,"date":"2024-09-29T10:00:30","date_gmt":"2024-09-29T02:00:30","guid":{"rendered":"https:\/\/demo.dillerbottle.com\/uncategorized\/glass-water-bottle-with-sleeve"},"modified":"2024-09-29T10:00:34","modified_gmt":"2024-09-29T02:00:34","slug":"garrafa-de-agua-de-vidro-com-manga","status":"publish","type":"product","link":"https:\/\/www.dillerbottle.com\/pt\/products\/glass-water-bottle-with-sleeve","title":{"rendered":"Garrafa de \u00e1gua de vidro com manga"},"content":{"rendered":"<p>1. Garrafa de vidro transparente sem BPA para uso repetido.<br \/>\n2. Al\u00e7a de transporte na tampa da garrafa e na capa protetora para que voc\u00ea possa carreg\u00e1-la convenientemente.<br \/>\n3. Cada tampa de a\u00e7o inoxid\u00e1vel \u00e9 revestida com um anel de veda\u00e7\u00e3o de silicone de grau aliment\u00edcio para evitar vazamentos.<br \/>\n4. Esta garrafa tem o melhor tamanho de boca para beber sem derramar. Estas garrafas de \u00e1gua de vidro s\u00e3o LAV\u00c1VEIS NA M\u00c1QUINA DE LAVAR LOU\u00c7A. 5. A capa de neoprene fornece uma camada de prote\u00e7\u00e3o contra impactos e geralmente pode suportar pontas e quedas curtas. A capa de neoprene Origin isola sua bebida e a torna f\u00e1cil de segurar e silenciosa para pousar. Ela viaja bem para a academia, para o trabalho ou em qualquer lugar!<\/p>","protected":false},"excerpt":{"rendered":"<p>Caracter\u00edsticas: 1. Garrafa de vidro transparente sem BPA para uso repetido.<br \/>\n2. Al\u00e7a de transporte na tampa da garrafa e na capa protetora para que voc\u00ea possa carreg\u00e1-la convenientemente.<br \/>\n3. Cada tampa de a\u00e7o inoxid\u00e1vel \u00e9 revestida com um anel de veda\u00e7\u00e3o de silicone de grau aliment\u00edcio para evitar vazamentos.<br \/>\n4. Esta garrafa tem o melhor tamanho de boca para beber sem derramar.<br \/>\nEssas garrafas de \u00e1gua de vidro podem ser lavadas na m\u00e1quina de lavar lou\u00e7as\u2026<\/p>","protected":false},"featured_media":7518,"comment_status":"open","ping_status":"closed","template":"","meta":{"_acf_changed":false},"product_brand":[],"product_cat":[310],"product_tag":[546,583,32,36,33,31,39,591,651,597,38,29,37,587,34,35,28,577,30],"class_list":{"0":"post-7517","1":"product","2":"type-product","3":"status-publish","4":"has-post-thumbnail","6":"product_cat-glass-water-bottle","7":"product_tag-1l-water-bottle","8":"product_tag-2023-new-water-bottle","9":"product_tag-best","10":"product_tag-bulk","11":"product_tag-buy","12":"product_tag-custom","13":"product_tag-for-sale","14":"product_tag-glass-water-bottle","15":"product_tag-glass-water-bottle-with-sleeve","16":"product_tag-glass-water-bottle-with-time-marker","17":"product_tag-good-quality","18":"product_tag-manufacturers","19":"product_tag-manufacturing","20":"product_tag-motivational-water-bottle-1-liter","21":"product_tag-price","22":"product_tag-small","23":"product_tag-suppliers","24":"product_tag-water-bottle-500ml","25":"product_tag-wholesale","27":"first","28":"instock","29":"shipping-taxable","30":"product-type-simple"},"acf":[],"yoast_head":"<!-- This site is optimized with the Yoast SEO Premium plugin v27.5 (Yoast SEO v27.5) - https:\/\/yoast.com\/product\/yoast-seo-premium-wordpress\/ -->\n<title>Glass Water Bottle With Sleeve - Diller Water Bottle Manufacturer<\/title>\n<meta name=\"description\" content=\"As one of the best glass water bottle with sleeve manufacturers and suppliers, we are engaged in manufacturing good quality water bottles. We warmly welcome you to wholesale or buy custom made glass water bottle with sleeve at competitive price from us. Also, small quantity orders are acceptable.\" \/>\n<meta name=\"robots\" content=\"index, follow, max-snippet:-1, max-image-preview:large, max-video-preview:-1\" \/>\n<link rel=\"canonical\" href=\"https:\/\/www.dillerbottle.com\/pt\/produtos\/garrafa-de-agua-de-vidro-com-manga\" \/>\n<meta property=\"og:locale\" content=\"pt_PT\" \/>\n<meta property=\"og:type\" content=\"article\" \/>\n<meta property=\"og:title\" content=\"Glass Water Bottle With Sleeve\" \/>\n<meta property=\"og:description\" content=\"As one of the best glass water bottle with sleeve manufacturers and suppliers, we are engaged in manufacturing good quality water bottles. We warmly welcome you to wholesale or buy custom made glass water bottle with sleeve at competitive price from us. Also, small quantity orders are acceptable.\" \/>\n<meta property=\"og:url\" content=\"https:\/\/www.dillerbottle.com\/pt\/produtos\/garrafa-de-agua-de-vidro-com-manga\" \/>\n<meta property=\"og:site_name\" content=\"Diller Water Bottle Manufacturer\" \/>\n<meta property=\"article:modified_time\" content=\"2024-09-29T02:00:34+00:00\" \/>\n<meta property=\"og:image\" content=\"https:\/\/www.dillerbottle.com\/wp-content\/uploads\/2024\/09\/glass-water-bottle-with-sleeve54423612692.jpg\" \/>\n\t<meta property=\"og:image:width\" content=\"730\" \/>\n\t<meta property=\"og:image:height\" content=\"730\" \/>\n\t<meta property=\"og:image:type\" content=\"image\/jpeg\" \/>\n<meta name=\"twitter:card\" content=\"summary_large_image\" \/>\n<meta name=\"twitter:label1\" content=\"Tempo estimado de leitura\" \/>\n\t<meta name=\"twitter:data1\" content=\"1 minuto\" \/>\n<script type=\"application\/ld+json\" class=\"yoast-schema-graph\">{\"@context\":\"https:\\\/\\\/schema.org\",\"@graph\":[{\"@type\":\"WebPage\",\"@id\":\"https:\\\/\\\/www.dillerbottle.com\\\/ja\\\/%e8%a3%bd%e5%93%81\\\/%e3%82%b9%e3%83%aa%e3%83%bc%e3%83%96%e4%bb%98%e3%81%8d%e3%82%ac%e3%83%a9%e3%82%b9%e8%a3%bd%e3%82%a6%e3%82%a9%e3%83%bc%e3%82%bf%e3%83%bc%e3%83%9c%e3%83%88%e3%83%ab\",\"url\":\"https:\\\/\\\/www.dillerbottle.com\\\/ja\\\/%e8%a3%bd%e5%93%81\\\/%e3%82%b9%e3%83%aa%e3%83%bc%e3%83%96%e4%bb%98%e3%81%8d%e3%82%ac%e3%83%a9%e3%82%b9%e8%a3%bd%e3%82%a6%e3%82%a9%e3%83%bc%e3%82%bf%e3%83%bc%e3%83%9c%e3%83%88%e3%83%ab\",\"name\":\"Glass Water Bottle With Sleeve - Diller Water Bottle Manufacturer\",\"isPartOf\":{\"@id\":\"https:\\\/\\\/www.dillerbottle.com\\\/#website\"},\"primaryImageOfPage\":{\"@id\":\"https:\\\/\\\/www.dillerbottle.com\\\/ja\\\/%e8%a3%bd%e5%93%81\\\/%e3%82%b9%e3%83%aa%e3%83%bc%e3%83%96%e4%bb%98%e3%81%8d%e3%82%ac%e3%83%a9%e3%82%b9%e8%a3%bd%e3%82%a6%e3%82%a9%e3%83%bc%e3%82%bf%e3%83%bc%e3%83%9c%e3%83%88%e3%83%ab#primaryimage\"},\"image\":{\"@id\":\"https:\\\/\\\/www.dillerbottle.com\\\/ja\\\/%e8%a3%bd%e5%93%81\\\/%e3%82%b9%e3%83%aa%e3%83%bc%e3%83%96%e4%bb%98%e3%81%8d%e3%82%ac%e3%83%a9%e3%82%b9%e8%a3%bd%e3%82%a6%e3%82%a9%e3%83%bc%e3%82%bf%e3%83%bc%e3%83%9c%e3%83%88%e3%83%ab#primaryimage\"},\"thumbnailUrl\":\"https:\\\/\\\/www.dillerbottle.com\\\/wp-content\\\/uploads\\\/2024\\\/09\\\/glass-water-bottle-with-sleeve54423612692.jpg\",\"datePublished\":\"2024-09-29T02:00:30+00:00\",\"dateModified\":\"2024-09-29T02:00:34+00:00\",\"description\":\"As one of the best glass water bottle with sleeve manufacturers and suppliers, we are engaged in manufacturing good quality water bottles. We warmly welcome you to wholesale or buy custom made glass water bottle with sleeve at competitive price from us. Also, small quantity orders are acceptable.\",\"breadcrumb\":{\"@id\":\"https:\\\/\\\/www.dillerbottle.com\\\/ja\\\/%e8%a3%bd%e5%93%81\\\/%e3%82%b9%e3%83%aa%e3%83%bc%e3%83%96%e4%bb%98%e3%81%8d%e3%82%ac%e3%83%a9%e3%82%b9%e8%a3%bd%e3%82%a6%e3%82%a9%e3%83%bc%e3%82%bf%e3%83%bc%e3%83%9c%e3%83%88%e3%83%ab#breadcrumb\"},\"inLanguage\":\"pt-PT\",\"potentialAction\":[{\"@type\":\"ReadAction\",\"target\":[\"https:\\\/\\\/www.dillerbottle.com\\\/ja\\\/%e8%a3%bd%e5%93%81\\\/%e3%82%b9%e3%83%aa%e3%83%bc%e3%83%96%e4%bb%98%e3%81%8d%e3%82%ac%e3%83%a9%e3%82%b9%e8%a3%bd%e3%82%a6%e3%82%a9%e3%83%bc%e3%82%bf%e3%83%bc%e3%83%9c%e3%83%88%e3%83%ab\"]}]},{\"@type\":\"ImageObject\",\"inLanguage\":\"pt-PT\",\"@id\":\"https:\\\/\\\/www.dillerbottle.com\\\/ja\\\/%e8%a3%bd%e5%93%81\\\/%e3%82%b9%e3%83%aa%e3%83%bc%e3%83%96%e4%bb%98%e3%81%8d%e3%82%ac%e3%83%a9%e3%82%b9%e8%a3%bd%e3%82%a6%e3%82%a9%e3%83%bc%e3%82%bf%e3%83%bc%e3%83%9c%e3%83%88%e3%83%ab#primaryimage\",\"url\":\"https:\\\/\\\/www.dillerbottle.com\\\/wp-content\\\/uploads\\\/2024\\\/09\\\/glass-water-bottle-with-sleeve54423612692.jpg\",\"contentUrl\":\"https:\\\/\\\/www.dillerbottle.com\\\/wp-content\\\/uploads\\\/2024\\\/09\\\/glass-water-bottle-with-sleeve54423612692.jpg\",\"width\":730,\"height\":730},{\"@type\":\"BreadcrumbList\",\"@id\":\"https:\\\/\\\/www.dillerbottle.com\\\/ja\\\/%e8%a3%bd%e5%93%81\\\/%e3%82%b9%e3%83%aa%e3%83%bc%e3%83%96%e4%bb%98%e3%81%8d%e3%82%ac%e3%83%a9%e3%82%b9%e8%a3%bd%e3%82%a6%e3%82%a9%e3%83%bc%e3%82%bf%e3%83%bc%e3%83%9c%e3%83%88%e3%83%ab#breadcrumb\",\"itemListElement\":[{\"@type\":\"ListItem\",\"position\":1,\"name\":\"Home\",\"item\":\"https:\\\/\\\/www.dillerbottle.com\\\/\"},{\"@type\":\"ListItem\",\"position\":2,\"name\":\"Products\",\"item\":\"https:\\\/\\\/www.dillerbottle.com\\\/shop\"},{\"@type\":\"ListItem\",\"position\":3,\"name\":\"Glass Water Bottle With Sleeve\"}]},{\"@type\":\"WebSite\",\"@id\":\"https:\\\/\\\/www.dillerbottle.com\\\/#website\",\"url\":\"https:\\\/\\\/www.dillerbottle.com\\\/\",\"name\":\"Diller Water Bottle Manufacturer\",\"description\":\"Water Bottle Manufacturer\",\"publisher\":{\"@id\":\"https:\\\/\\\/www.dillerbottle.com\\\/#organization\"},\"potentialAction\":[{\"@type\":\"SearchAction\",\"target\":{\"@type\":\"EntryPoint\",\"urlTemplate\":\"https:\\\/\\\/www.dillerbottle.com\\\/?s={search_term_string}\"},\"query-input\":{\"@type\":\"PropertyValueSpecification\",\"valueRequired\":true,\"valueName\":\"search_term_string\"}}],\"inLanguage\":\"pt-PT\"},{\"@type\":\"Organization\",\"@id\":\"https:\\\/\\\/www.dillerbottle.com\\\/#organization\",\"name\":\"Diller Water Bottle Manufacturer\",\"url\":\"https:\\\/\\\/www.dillerbottle.com\\\/\",\"logo\":{\"@type\":\"ImageObject\",\"inLanguage\":\"pt-PT\",\"@id\":\"https:\\\/\\\/www.dillerbottle.com\\\/#\\\/schema\\\/logo\\\/image\\\/\",\"url\":\"https:\\\/\\\/www.dillerbottle.com\\\/wp-content\\\/uploads\\\/2024\\\/09\\\/49918bfa848dcc1e9f8b509933603ac.png\",\"contentUrl\":\"https:\\\/\\\/www.dillerbottle.com\\\/wp-content\\\/uploads\\\/2024\\\/09\\\/49918bfa848dcc1e9f8b509933603ac.png\",\"width\":988,\"height\":198,\"caption\":\"Diller Water Bottle Manufacturer\"},\"image\":{\"@id\":\"https:\\\/\\\/www.dillerbottle.com\\\/#\\\/schema\\\/logo\\\/image\\\/\"}}]}<\/script>\n<!-- \/ Yoast SEO Premium plugin. -->","yoast_head_json":{"title":"Garrafa de \u00e1gua de vidro com manga - Fabricante de garrafas de \u00e1gua Diller","description":"Como um dos melhores fabricantes e fornecedores de garrafas de \u00e1gua de vidro com manga, estamos engajados na fabrica\u00e7\u00e3o de garrafas de \u00e1gua de boa qualidade. N\u00f3s calorosamente convidamos voc\u00ea a vender no atacado ou comprar garrafas de \u00e1gua de vidro personalizadas com manga a pre\u00e7os competitivos conosco. Al\u00e9m disso, pedidos de pequenas quantidades s\u00e3o aceit\u00e1veis.","robots":{"index":"index","follow":"follow","max-snippet":"max-snippet:-1","max-image-preview":"max-image-preview:large","max-video-preview":"max-video-preview:-1"},"canonical":"https:\/\/www.dillerbottle.com\/pt\/produtos\/garrafa-de-agua-de-vidro-com-manga","og_locale":"pt_PT","og_type":"article","og_title":"Glass Water Bottle With Sleeve","og_description":"As one of the best glass water bottle with sleeve manufacturers and suppliers, we are engaged in manufacturing good quality water bottles. We warmly welcome you to wholesale or buy custom made glass water bottle with sleeve at competitive price from us. Also, small quantity orders are acceptable.","og_url":"https:\/\/www.dillerbottle.com\/pt\/produtos\/garrafa-de-agua-de-vidro-com-manga","og_site_name":"Diller Water Bottle Manufacturer","article_modified_time":"2024-09-29T02:00:34+00:00","og_image":[{"width":730,"height":730,"url":"https:\/\/www.dillerbottle.com\/wp-content\/uploads\/2024\/09\/glass-water-bottle-with-sleeve54423612692.jpg","type":"image\/jpeg"}],"twitter_card":"summary_large_image","twitter_misc":{"Tempo estimado de leitura":"1 minuto"},"schema":{"@context":"https:\/\/schema.org","@graph":[{"@type":"WebPage","@id":"https:\/\/www.dillerbottle.com\/ja\/%e8%a3%bd%e5%93%81\/%e3%82%b9%e3%83%aa%e3%83%bc%e3%83%96%e4%bb%98%e3%81%8d%e3%82%ac%e3%83%a9%e3%82%b9%e8%a3%bd%e3%82%a6%e3%82%a9%e3%83%bc%e3%82%bf%e3%83%bc%e3%83%9c%e3%83%88%e3%83%ab","url":"https:\/\/www.dillerbottle.com\/ja\/%e8%a3%bd%e5%93%81\/%e3%82%b9%e3%83%aa%e3%83%bc%e3%83%96%e4%bb%98%e3%81%8d%e3%82%ac%e3%83%a9%e3%82%b9%e8%a3%bd%e3%82%a6%e3%82%a9%e3%83%bc%e3%82%bf%e3%83%bc%e3%83%9c%e3%83%88%e3%83%ab","name":"Garrafa de \u00e1gua de vidro com manga - Fabricante de garrafas de \u00e1gua Diller","isPartOf":{"@id":"https:\/\/www.dillerbottle.com\/#website"},"primaryImageOfPage":{"@id":"https:\/\/www.dillerbottle.com\/ja\/%e8%a3%bd%e5%93%81\/%e3%82%b9%e3%83%aa%e3%83%bc%e3%83%96%e4%bb%98%e3%81%8d%e3%82%ac%e3%83%a9%e3%82%b9%e8%a3%bd%e3%82%a6%e3%82%a9%e3%83%bc%e3%82%bf%e3%83%bc%e3%83%9c%e3%83%88%e3%83%ab#primaryimage"},"image":{"@id":"https:\/\/www.dillerbottle.com\/ja\/%e8%a3%bd%e5%93%81\/%e3%82%b9%e3%83%aa%e3%83%bc%e3%83%96%e4%bb%98%e3%81%8d%e3%82%ac%e3%83%a9%e3%82%b9%e8%a3%bd%e3%82%a6%e3%82%a9%e3%83%bc%e3%82%bf%e3%83%bc%e3%83%9c%e3%83%88%e3%83%ab#primaryimage"},"thumbnailUrl":"https:\/\/www.dillerbottle.com\/wp-content\/uploads\/2024\/09\/glass-water-bottle-with-sleeve54423612692.jpg","datePublished":"2024-09-29T02:00:30+00:00","dateModified":"2024-09-29T02:00:34+00:00","description":"Como um dos melhores fabricantes e fornecedores de garrafas de \u00e1gua de vidro com manga, estamos engajados na fabrica\u00e7\u00e3o de garrafas de \u00e1gua de boa qualidade. N\u00f3s calorosamente convidamos voc\u00ea a vender no atacado ou comprar garrafas de \u00e1gua de vidro personalizadas com manga a pre\u00e7os competitivos conosco. Al\u00e9m disso, pedidos de pequenas quantidades s\u00e3o aceit\u00e1veis.","breadcrumb":{"@id":"https:\/\/www.dillerbottle.com\/ja\/%e8%a3%bd%e5%93%81\/%e3%82%b9%e3%83%aa%e3%83%bc%e3%83%96%e4%bb%98%e3%81%8d%e3%82%ac%e3%83%a9%e3%82%b9%e8%a3%bd%e3%82%a6%e3%82%a9%e3%83%bc%e3%82%bf%e3%83%bc%e3%83%9c%e3%83%88%e3%83%ab#breadcrumb"},"inLanguage":"pt-PT","potentialAction":[{"@type":"ReadAction","target":["https:\/\/www.dillerbottle.com\/ja\/%e8%a3%bd%e5%93%81\/%e3%82%b9%e3%83%aa%e3%83%bc%e3%83%96%e4%bb%98%e3%81%8d%e3%82%ac%e3%83%a9%e3%82%b9%e8%a3%bd%e3%82%a6%e3%82%a9%e3%83%bc%e3%82%bf%e3%83%bc%e3%83%9c%e3%83%88%e3%83%ab"]}]},{"@type":"ImageObject","inLanguage":"pt-PT","@id":"https:\/\/www.dillerbottle.com\/ja\/%e8%a3%bd%e5%93%81\/%e3%82%b9%e3%83%aa%e3%83%bc%e3%83%96%e4%bb%98%e3%81%8d%e3%82%ac%e3%83%a9%e3%82%b9%e8%a3%bd%e3%82%a6%e3%82%a9%e3%83%bc%e3%82%bf%e3%83%bc%e3%83%9c%e3%83%88%e3%83%ab#primaryimage","url":"https:\/\/www.dillerbottle.com\/wp-content\/uploads\/2024\/09\/glass-water-bottle-with-sleeve54423612692.jpg","contentUrl":"https:\/\/www.dillerbottle.com\/wp-content\/uploads\/2024\/09\/glass-water-bottle-with-sleeve54423612692.jpg","width":730,"height":730},{"@type":"BreadcrumbList","@id":"https:\/\/www.dillerbottle.com\/ja\/%e8%a3%bd%e5%93%81\/%e3%82%b9%e3%83%aa%e3%83%bc%e3%83%96%e4%bb%98%e3%81%8d%e3%82%ac%e3%83%a9%e3%82%b9%e8%a3%bd%e3%82%a6%e3%82%a9%e3%83%bc%e3%82%bf%e3%83%bc%e3%83%9c%e3%83%88%e3%83%ab#breadcrumb","itemListElement":[{"@type":"ListItem","position":1,"name":"Home","item":"https:\/\/www.dillerbottle.com\/"},{"@type":"ListItem","position":2,"name":"Products","item":"https:\/\/www.dillerbottle.com\/shop"},{"@type":"ListItem","position":3,"name":"Glass Water Bottle With Sleeve"}]},{"@type":"WebSite","@id":"https:\/\/www.dillerbottle.com\/#website","url":"https:\/\/www.dillerbottle.com\/","name":"Garrafa de \u00e1gua Diller Fabricante","description":"Garrafa de \u00e1gua Fabricante","publisher":{"@id":"https:\/\/www.dillerbottle.com\/#organization"},"potentialAction":[{"@type":"SearchAction","target":{"@type":"EntryPoint","urlTemplate":"https:\/\/www.dillerbottle.com\/?s={search_term_string}"},"query-input":{"@type":"PropertyValueSpecification","valueRequired":true,"valueName":"search_term_string"}}],"inLanguage":"pt-PT"},{"@type":"Organization","@id":"https:\/\/www.dillerbottle.com\/#organization","name":"Garrafa de \u00e1gua Diller Fabricante","url":"https:\/\/www.dillerbottle.com\/","logo":{"@type":"ImageObject","inLanguage":"pt-PT","@id":"https:\/\/www.dillerbottle.com\/#\/schema\/logo\/image\/","url":"https:\/\/www.dillerbottle.com\/wp-content\/uploads\/2024\/09\/49918bfa848dcc1e9f8b509933603ac.png","contentUrl":"https:\/\/www.dillerbottle.com\/wp-content\/uploads\/2024\/09\/49918bfa848dcc1e9f8b509933603ac.png","width":988,"height":198,"caption":"Diller Water Bottle Manufacturer"},"image":{"@id":"https:\/\/www.dillerbottle.com\/#\/schema\/logo\/image\/"}}]}},"_links":{"self":[{"href":"https:\/\/www.dillerbottle.com\/pt\/wp-json\/wp\/v2\/product\/7517","targetHints":{"allow":["GET"]}}],"collection":[{"href":"https:\/\/www.dillerbottle.com\/pt\/wp-json\/wp\/v2\/product"}],"about":[{"href":"https:\/\/www.dillerbottle.com\/pt\/wp-json\/wp\/v2\/types\/product"}],"replies":[{"embeddable":true,"href":"https:\/\/www.dillerbottle.com\/pt\/wp-json\/wp\/v2\/comments?post=7517"}],"wp:featuredmedia":[{"embeddable":true,"href":"https:\/\/www.dillerbottle.com\/pt\/wp-json\/wp\/v2\/media\/7518"}],"wp:attachment":[{"href":"https:\/\/www.dillerbottle.com\/pt\/wp-json\/wp\/v2\/media?parent=7517"}],"wp:term":[{"taxonomy":"product_brand","embeddable":true,"href":"https:\/\/www.dillerbottle.com\/pt\/wp-json\/wp\/v2\/product_brand?post=7517"},{"taxonomy":"product_cat","embeddable":true,"href":"https:\/\/www.dillerbottle.com\/pt\/wp-json\/wp\/v2\/product_cat?post=7517"},{"taxonomy":"product_tag","embeddable":true,"href":"https:\/\/www.dillerbottle.com\/pt\/wp-json\/wp\/v2\/product_tag?post=7517"}],"curies":[{"name":"wp","href":"https:\/\/api.w.org\/{rel}","templated":true}]}}