{"id":7561,"date":"2024-09-29T10:00:54","date_gmt":"2024-09-29T02:00:54","guid":{"rendered":"https:\/\/demo.dillerbottle.com\/uncategorized\/glass-water-bottle-with-neoprene-sleeve"},"modified":"2026-02-11T10:27:41","modified_gmt":"2026-02-11T02:27:41","slug":"garrafa-de-agua-de-vidro-do-panda","status":"publish","type":"product","link":"https:\/\/www.dillerbottle.com\/pt\/products\/panda-glass-water-bottle","title":{"rendered":"Garrafa de \u00e1gua de vidro Panda"},"content":{"rendered":"<p data-start=\"127\" data-end=\"371\">O <strong data-start=\"158\" data-end=\"187\">Garrafa de vidro DILLER Panda<\/strong> apresenta um ador\u00e1vel design de panda, tornando a hidrata\u00e7\u00e3o saud\u00e1vel e divertida. Fabricado em vidro com alto teor de borossilicato, \u00e9 amigo do ambiente, n\u00e3o tem odor e \u00e9 seguro para bebidas quentes e frias.<\/p>\n<ul data-start=\"372\" data-end=\"879\">\n<li data-start=\"372\" data-end=\"467\">\n<p data-start=\"374\" data-end=\"467\"><strong data-start=\"374\" data-end=\"395\">Desenho de um panda giro<\/strong>: A impress\u00e3o divertida e apelativa do panda confere personalidade aos seus copos.<\/p>\n<\/li>\n<li data-start=\"468\" data-end=\"589\">\n<p data-start=\"470\" data-end=\"589\"><strong data-start=\"470\" data-end=\"496\">Material de vidro de qualidade superior<\/strong>: Fabricado em vidro com alto teor de borossilicato, resistente a choques t\u00e9rmicos, dur\u00e1vel e n\u00e3o t\u00f3xico.<\/p>\n<\/li>\n<li data-start=\"590\" data-end=\"691\">\n<p data-start=\"592\" data-end=\"691\"><strong data-start=\"592\" data-end=\"615\">Tampa com pega port\u00e1til<\/strong>: Pega suave e confort\u00e1vel para um transporte f\u00e1cil, perfeita para uma utiliza\u00e7\u00e3o em movimento.<\/p>\n<\/li>\n<li data-start=\"692\" data-end=\"790\">\n<p data-start=\"694\" data-end=\"790\"><strong data-start=\"694\" data-end=\"716\">Abertura de boca larga<\/strong>: F\u00e1cil de adicionar frutas, ch\u00e1 ou cubos de gelo, e simples de limpar.<\/p>\n<\/li>\n<li data-start=\"791\" data-end=\"879\">\n<p data-start=\"793\" data-end=\"879\"><strong data-start=\"793\" data-end=\"810\">Utiliza\u00e7\u00e3o vers\u00e1til<\/strong>: Ideal para piqueniques, escrit\u00f3rio, casa, actividades ao ar livre e para oferecer.<\/p>\n<\/li>\n<\/ul>","protected":false},"excerpt":{"rendered":"<p>Caracter\u00edsticas: 1.1. Garrafa de \u00e1gua de vidro com lindas mangas de neoprene multicoloridas.<br \/>\nCada manga \u00e9 reutiliz\u00e1vel e lav\u00e1vel.<br \/>\n2.<br \/>\nEsta garrafa de \u00e1gua de vidro cabe convenientemente na geladeira, na lancheira ou no porta-copos do carro, tornando-a a companhia perfeita para uma vida agitada.<br \/>\nPerfeito como garrafas de suco ou garrafas de kombucha.<br \/>\n3.<br \/>\nFeita de vidro borossilicato espesso e uma tampa de a\u00e7o inoxid\u00e1vel 304, esta garrafa elegante e fina n\u00e3o cont\u00e9m BPA nem chumbo\u2026<\/p>","protected":false},"featured_media":16629,"comment_status":"open","ping_status":"closed","template":"","meta":{"_acf_changed":false},"product_brand":[],"product_cat":[310],"product_tag":[588],"class_list":{"0":"post-7561","1":"product","2":"type-product","3":"status-publish","4":"has-post-thumbnail","6":"product_cat-glass-water-bottle","7":"product_tag-borosilicate-glass-water-bottle","9":"first","10":"instock","11":"shipping-taxable","12":"product-type-simple"},"acf":[],"yoast_head":"<!-- This site is optimized with the Yoast SEO Premium plugin v27.5 (Yoast SEO v27.5) - https:\/\/yoast.com\/product\/yoast-seo-premium-wordpress\/ -->\n<title>Panda Glass Water Bottle - Diller Water Bottle Manufacturer<\/title>\n<meta name=\"description\" content=\"The DILLER Panda Glass Bottle features an adorable panda design, making hydration both healthy and fun. Made from high borosilicate glass, it is eco-friendly, odor-free, and safe for both hot and cold beverages.\" \/>\n<meta name=\"robots\" content=\"index, follow, max-snippet:-1, max-image-preview:large, max-video-preview:-1\" \/>\n<link rel=\"canonical\" href=\"https:\/\/www.dillerbottle.com\/pt\/produtos\/garrafa-de-agua-de-vidro-do-panda\" \/>\n<meta property=\"og:locale\" content=\"pt_PT\" \/>\n<meta property=\"og:type\" content=\"article\" \/>\n<meta property=\"og:title\" content=\"Panda Glass Water Bottle\" \/>\n<meta property=\"og:description\" content=\"The DILLER Panda Glass Bottle features an adorable panda design, making hydration both healthy and fun. Made from high borosilicate glass, it is eco-friendly, odor-free, and safe for both hot and cold beverages.\" \/>\n<meta property=\"og:url\" content=\"https:\/\/www.dillerbottle.com\/pt\/produtos\/garrafa-de-agua-de-vidro-do-panda\" \/>\n<meta property=\"og:site_name\" content=\"Diller Water Bottle Manufacturer\" \/>\n<meta property=\"article:modified_time\" content=\"2026-02-11T02:27:41+00:00\" \/>\n<meta property=\"og:image\" content=\"https:\/\/www.dillerbottle.com\/wp-content\/uploads\/2024\/09\/glass-water-bottle-with-neoprene-sleeve-399mlh585-1.jpg\" \/>\n\t<meta property=\"og:image:width\" content=\"800\" \/>\n\t<meta property=\"og:image:height\" content=\"800\" \/>\n\t<meta property=\"og:image:type\" content=\"image\/jpeg\" \/>\n<meta name=\"twitter:card\" content=\"summary_large_image\" \/>\n<meta name=\"twitter:label1\" content=\"Tempo estimado de leitura\" \/>\n\t<meta name=\"twitter:data1\" content=\"1 minuto\" \/>\n<script type=\"application\/ld+json\" class=\"yoast-schema-graph\">{\"@context\":\"https:\\\/\\\/schema.org\",\"@graph\":[{\"@type\":\"WebPage\",\"@id\":\"https:\\\/\\\/www.dillerbottle.com\\\/products\\\/panda-glass-water-bottle\",\"url\":\"https:\\\/\\\/www.dillerbottle.com\\\/products\\\/panda-glass-water-bottle\",\"name\":\"Panda Glass Water Bottle - Diller Water Bottle Manufacturer\",\"isPartOf\":{\"@id\":\"https:\\\/\\\/www.dillerbottle.com\\\/#website\"},\"primaryImageOfPage\":{\"@id\":\"https:\\\/\\\/www.dillerbottle.com\\\/products\\\/panda-glass-water-bottle#primaryimage\"},\"image\":{\"@id\":\"https:\\\/\\\/www.dillerbottle.com\\\/products\\\/panda-glass-water-bottle#primaryimage\"},\"thumbnailUrl\":\"https:\\\/\\\/www.dillerbottle.com\\\/wp-content\\\/uploads\\\/2024\\\/09\\\/glass-water-bottle-with-neoprene-sleeve-399mlh585-1.jpg\",\"datePublished\":\"2024-09-29T02:00:54+00:00\",\"dateModified\":\"2026-02-11T02:27:41+00:00\",\"description\":\"The DILLER Panda Glass Bottle features an adorable panda design, making hydration both healthy and fun. Made from high borosilicate glass, it is eco-friendly, odor-free, and safe for both hot and cold beverages.\",\"breadcrumb\":{\"@id\":\"https:\\\/\\\/www.dillerbottle.com\\\/products\\\/panda-glass-water-bottle#breadcrumb\"},\"inLanguage\":\"pt-PT\",\"potentialAction\":[{\"@type\":\"ReadAction\",\"target\":[\"https:\\\/\\\/www.dillerbottle.com\\\/products\\\/panda-glass-water-bottle\"]}]},{\"@type\":\"ImageObject\",\"inLanguage\":\"pt-PT\",\"@id\":\"https:\\\/\\\/www.dillerbottle.com\\\/products\\\/panda-glass-water-bottle#primaryimage\",\"url\":\"https:\\\/\\\/www.dillerbottle.com\\\/wp-content\\\/uploads\\\/2024\\\/09\\\/glass-water-bottle-with-neoprene-sleeve-399mlh585-1.jpg\",\"contentUrl\":\"https:\\\/\\\/www.dillerbottle.com\\\/wp-content\\\/uploads\\\/2024\\\/09\\\/glass-water-bottle-with-neoprene-sleeve-399mlh585-1.jpg\",\"width\":800,\"height\":800},{\"@type\":\"BreadcrumbList\",\"@id\":\"https:\\\/\\\/www.dillerbottle.com\\\/products\\\/panda-glass-water-bottle#breadcrumb\",\"itemListElement\":[{\"@type\":\"ListItem\",\"position\":1,\"name\":\"Home\",\"item\":\"https:\\\/\\\/www.dillerbottle.com\\\/\"},{\"@type\":\"ListItem\",\"position\":2,\"name\":\"Products\",\"item\":\"https:\\\/\\\/www.dillerbottle.com\\\/shop\"},{\"@type\":\"ListItem\",\"position\":3,\"name\":\"Panda Glass Water Bottle\"}]},{\"@type\":\"WebSite\",\"@id\":\"https:\\\/\\\/www.dillerbottle.com\\\/#website\",\"url\":\"https:\\\/\\\/www.dillerbottle.com\\\/\",\"name\":\"Diller Water Bottle Manufacturer\",\"description\":\"Water Bottle Manufacturer\",\"publisher\":{\"@id\":\"https:\\\/\\\/www.dillerbottle.com\\\/#organization\"},\"potentialAction\":[{\"@type\":\"SearchAction\",\"target\":{\"@type\":\"EntryPoint\",\"urlTemplate\":\"https:\\\/\\\/www.dillerbottle.com\\\/?s={search_term_string}\"},\"query-input\":{\"@type\":\"PropertyValueSpecification\",\"valueRequired\":true,\"valueName\":\"search_term_string\"}}],\"inLanguage\":\"pt-PT\"},{\"@type\":\"Organization\",\"@id\":\"https:\\\/\\\/www.dillerbottle.com\\\/#organization\",\"name\":\"Diller Water Bottle Manufacturer\",\"url\":\"https:\\\/\\\/www.dillerbottle.com\\\/\",\"logo\":{\"@type\":\"ImageObject\",\"inLanguage\":\"pt-PT\",\"@id\":\"https:\\\/\\\/www.dillerbottle.com\\\/#\\\/schema\\\/logo\\\/image\\\/\",\"url\":\"https:\\\/\\\/www.dillerbottle.com\\\/wp-content\\\/uploads\\\/2024\\\/09\\\/49918bfa848dcc1e9f8b509933603ac.png\",\"contentUrl\":\"https:\\\/\\\/www.dillerbottle.com\\\/wp-content\\\/uploads\\\/2024\\\/09\\\/49918bfa848dcc1e9f8b509933603ac.png\",\"width\":988,\"height\":198,\"caption\":\"Diller Water Bottle Manufacturer\"},\"image\":{\"@id\":\"https:\\\/\\\/www.dillerbottle.com\\\/#\\\/schema\\\/logo\\\/image\\\/\"}}]}<\/script>\n<!-- \/ Yoast SEO Premium plugin. -->","yoast_head_json":{"title":"Garrafa de \u00e1gua de vidro Panda - Diller Garrafa de \u00e1gua Fabricante","description":"A garrafa de vidro DILLER Panda apresenta um ador\u00e1vel design de panda, tornando a hidrata\u00e7\u00e3o saud\u00e1vel e divertida. Fabricada em vidro com alto teor de borossilicato, \u00e9 amiga do ambiente, n\u00e3o tem odor e \u00e9 segura para bebidas quentes e frias.","robots":{"index":"index","follow":"follow","max-snippet":"max-snippet:-1","max-image-preview":"max-image-preview:large","max-video-preview":"max-video-preview:-1"},"canonical":"https:\/\/www.dillerbottle.com\/pt\/produtos\/garrafa-de-agua-de-vidro-do-panda","og_locale":"pt_PT","og_type":"article","og_title":"Panda Glass Water Bottle","og_description":"The DILLER Panda Glass Bottle features an adorable panda design, making hydration both healthy and fun. Made from high borosilicate glass, it is eco-friendly, odor-free, and safe for both hot and cold beverages.","og_url":"https:\/\/www.dillerbottle.com\/pt\/produtos\/garrafa-de-agua-de-vidro-do-panda","og_site_name":"Diller Water Bottle Manufacturer","article_modified_time":"2026-02-11T02:27:41+00:00","og_image":[{"width":800,"height":800,"url":"https:\/\/www.dillerbottle.com\/wp-content\/uploads\/2024\/09\/glass-water-bottle-with-neoprene-sleeve-399mlh585-1.jpg","type":"image\/jpeg"}],"twitter_card":"summary_large_image","twitter_misc":{"Tempo estimado de leitura":"1 minuto"},"schema":{"@context":"https:\/\/schema.org","@graph":[{"@type":"WebPage","@id":"https:\/\/www.dillerbottle.com\/products\/panda-glass-water-bottle","url":"https:\/\/www.dillerbottle.com\/products\/panda-glass-water-bottle","name":"Garrafa de \u00e1gua de vidro Panda - Diller Garrafa de \u00e1gua Fabricante","isPartOf":{"@id":"https:\/\/www.dillerbottle.com\/#website"},"primaryImageOfPage":{"@id":"https:\/\/www.dillerbottle.com\/products\/panda-glass-water-bottle#primaryimage"},"image":{"@id":"https:\/\/www.dillerbottle.com\/products\/panda-glass-water-bottle#primaryimage"},"thumbnailUrl":"https:\/\/www.dillerbottle.com\/wp-content\/uploads\/2024\/09\/glass-water-bottle-with-neoprene-sleeve-399mlh585-1.jpg","datePublished":"2024-09-29T02:00:54+00:00","dateModified":"2026-02-11T02:27:41+00:00","description":"A garrafa de vidro DILLER Panda apresenta um ador\u00e1vel design de panda, tornando a hidrata\u00e7\u00e3o saud\u00e1vel e divertida. Fabricada em vidro com alto teor de borossilicato, \u00e9 amiga do ambiente, n\u00e3o tem odor e \u00e9 segura para bebidas quentes e frias.","breadcrumb":{"@id":"https:\/\/www.dillerbottle.com\/products\/panda-glass-water-bottle#breadcrumb"},"inLanguage":"pt-PT","potentialAction":[{"@type":"ReadAction","target":["https:\/\/www.dillerbottle.com\/products\/panda-glass-water-bottle"]}]},{"@type":"ImageObject","inLanguage":"pt-PT","@id":"https:\/\/www.dillerbottle.com\/products\/panda-glass-water-bottle#primaryimage","url":"https:\/\/www.dillerbottle.com\/wp-content\/uploads\/2024\/09\/glass-water-bottle-with-neoprene-sleeve-399mlh585-1.jpg","contentUrl":"https:\/\/www.dillerbottle.com\/wp-content\/uploads\/2024\/09\/glass-water-bottle-with-neoprene-sleeve-399mlh585-1.jpg","width":800,"height":800},{"@type":"BreadcrumbList","@id":"https:\/\/www.dillerbottle.com\/products\/panda-glass-water-bottle#breadcrumb","itemListElement":[{"@type":"ListItem","position":1,"name":"Home","item":"https:\/\/www.dillerbottle.com\/"},{"@type":"ListItem","position":2,"name":"Products","item":"https:\/\/www.dillerbottle.com\/shop"},{"@type":"ListItem","position":3,"name":"Panda Glass Water Bottle"}]},{"@type":"WebSite","@id":"https:\/\/www.dillerbottle.com\/#website","url":"https:\/\/www.dillerbottle.com\/","name":"Garrafa de \u00e1gua Diller Fabricante","description":"Garrafa de \u00e1gua Fabricante","publisher":{"@id":"https:\/\/www.dillerbottle.com\/#organization"},"potentialAction":[{"@type":"SearchAction","target":{"@type":"EntryPoint","urlTemplate":"https:\/\/www.dillerbottle.com\/?s={search_term_string}"},"query-input":{"@type":"PropertyValueSpecification","valueRequired":true,"valueName":"search_term_string"}}],"inLanguage":"pt-PT"},{"@type":"Organization","@id":"https:\/\/www.dillerbottle.com\/#organization","name":"Garrafa de \u00e1gua Diller Fabricante","url":"https:\/\/www.dillerbottle.com\/","logo":{"@type":"ImageObject","inLanguage":"pt-PT","@id":"https:\/\/www.dillerbottle.com\/#\/schema\/logo\/image\/","url":"https:\/\/www.dillerbottle.com\/wp-content\/uploads\/2024\/09\/49918bfa848dcc1e9f8b509933603ac.png","contentUrl":"https:\/\/www.dillerbottle.com\/wp-content\/uploads\/2024\/09\/49918bfa848dcc1e9f8b509933603ac.png","width":988,"height":198,"caption":"Diller Water Bottle Manufacturer"},"image":{"@id":"https:\/\/www.dillerbottle.com\/#\/schema\/logo\/image\/"}}]}},"_links":{"self":[{"href":"https:\/\/www.dillerbottle.com\/pt\/wp-json\/wp\/v2\/product\/7561","targetHints":{"allow":["GET"]}}],"collection":[{"href":"https:\/\/www.dillerbottle.com\/pt\/wp-json\/wp\/v2\/product"}],"about":[{"href":"https:\/\/www.dillerbottle.com\/pt\/wp-json\/wp\/v2\/types\/product"}],"replies":[{"embeddable":true,"href":"https:\/\/www.dillerbottle.com\/pt\/wp-json\/wp\/v2\/comments?post=7561"}],"wp:featuredmedia":[{"embeddable":true,"href":"https:\/\/www.dillerbottle.com\/pt\/wp-json\/wp\/v2\/media\/16629"}],"wp:attachment":[{"href":"https:\/\/www.dillerbottle.com\/pt\/wp-json\/wp\/v2\/media?parent=7561"}],"wp:term":[{"taxonomy":"product_brand","embeddable":true,"href":"https:\/\/www.dillerbottle.com\/pt\/wp-json\/wp\/v2\/product_brand?post=7561"},{"taxonomy":"product_cat","embeddable":true,"href":"https:\/\/www.dillerbottle.com\/pt\/wp-json\/wp\/v2\/product_cat?post=7561"},{"taxonomy":"product_tag","embeddable":true,"href":"https:\/\/www.dillerbottle.com\/pt\/wp-json\/wp\/v2\/product_tag?post=7561"}],"curies":[{"name":"wp","href":"https:\/\/api.w.org\/{rel}","templated":true}]}}