{"id":7848,"date":"2024-09-29T14:09:04","date_gmt":"2024-09-29T06:09:04","guid":{"rendered":"https:\/\/demo.dillerbottle.com\/products\/tumbler-travel-mug-with-flip-lid"},"modified":"2025-07-09T16:27:02","modified_gmt":"2025-07-09T08:27:02","slug":"caneca-de-viagem-com-tampa-flip","status":"publish","type":"product","link":"https:\/\/www.dillerbottle.com\/pt\/products\/tumbler-travel-mug-with-flip-lid","title":{"rendered":"Caneca de viagem tipo copo com tampa flip"},"content":{"rendered":"<p>Caracter\u00edsticas:<br \/>\n1. A caneca de viagem Tumbler com tampa basculante \u00e9 fabricada em a\u00e7o inoxid\u00e1vel leve 304 (18\/8) de qualidade alimentar de primeira qualidade, que pode efetivamente manter-se quente e frio durante 6-12 horas. Quer se trate de \u00e1gua quente ou de bebidas frias, este copo isolado pode manter a temperatura por si, permitindo-lhe desfrutar de uma experi\u00eancia de consumo confort\u00e1vel em qualquer altura.<\/p>\n<p>2. O design com parte superior larga e parte inferior estreita \u00e9 adequado para a maioria dos porta-copos de carro.<\/p>\n<p>3. A tampa do copo tem um anel de silicone de veda\u00e7\u00e3o, ent\u00e3o n\u00e3o importa como voc\u00ea o manuseie, voc\u00ea n\u00e3o ter\u00e1 medo de vazamento de \u00e1gua. Pode ser consumido diretamente ou por meio de um canudo.<\/p>\n<p>4. Projetado com uma corda de suspens\u00e3o port\u00e1til, \u00e9 f\u00e1cil de transportar ao sair, seja para o trabalho, escola ou viagem.<\/p>","protected":false},"excerpt":{"rendered":"<p>Esta caneca de viagem com tampa articulada \u00e9 feita de a\u00e7o inoxid\u00e1vel dur\u00e1vel e materiais de qualidade alimentar.<br \/>\nEsta caneca pode manter o conte\u00fado quente ou gelado por at\u00e9 6 horas.<br \/>\nO design com parte superior larga e base estreita \u00e9 adequado para a maioria dos porta-copos de carro.<br \/>\nA tampa do copo tem um anel de veda\u00e7\u00e3o de silicone, ent\u00e3o n\u00e3o importa como voc\u00ea a manuseie, voc\u00ea n\u00e3o ter\u00e1 medo de vazamento de \u00e1gua.<br \/>\nPode ser consumido diretamente ou com canudo.<br \/>\nProjetado com uma corda port\u00e1til para pendurar, \u00e9 f\u00e1cil de transportar quando voc\u00ea sai, seja para o trabalho, escola ou viagem.<br \/>\nOEM e ODM aceit\u00e1veis.<br \/>\nPodemos personalizar a caneca de caf\u00e9 de acordo com suas necessidades.<br \/>\nBem-vindo \u00e0 compra por atacado, envie sua consulta agora!<\/p>","protected":false},"featured_media":7849,"comment_status":"open","ping_status":"closed","template":"","meta":{"_acf_changed":false},"product_brand":[],"product_cat":[18],"product_tag":[575,32,214,36,33,31,39,597,38,29,37,427,34,551,35,28,695,537,30],"class_list":{"0":"post-7848","1":"product","2":"type-product","3":"status-publish","4":"has-post-thumbnail","6":"product_cat-insulated-water-bottle","7":"product_tag-2000ml-water-bottle","8":"product_tag-best","9":"product_tag-blue-water-bottles","10":"product_tag-bulk","11":"product_tag-buy","12":"product_tag-custom","13":"product_tag-for-sale","14":"product_tag-glass-water-bottle-with-time-marker","15":"product_tag-good-quality","16":"product_tag-manufacturers","17":"product_tag-manufacturing","18":"product_tag-oem-bpa-free-reusable-gym-sports-water-bottle","19":"product_tag-price","20":"product_tag-silicone-sleeve-water-bottle","21":"product_tag-small","22":"product_tag-suppliers","23":"product_tag-tumbler-travel-mug-with-flip-lid","24":"product_tag-water-bottle-sleeve","25":"product_tag-wholesale","27":"first","28":"instock","29":"shipping-taxable","30":"product-type-simple"},"acf":[],"yoast_head":"<!-- This site is optimized with the Yoast SEO Premium plugin v27.4 (Yoast SEO v27.4) - https:\/\/yoast.com\/product\/yoast-seo-premium-wordpress\/ -->\n<title>Tumbler Travel Mug With Flip Lid - Diller Water Bottle Manufacturer<\/title>\n<meta name=\"description\" content=\"As one of the best tumbler travel mug with flip lid manufacturers and suppliers, we are engaged in manufacturing good quality water bottles. We warmly welcome you to wholesale or buy custom made tumbler travel mug with flip lid at competitive price from us. Also, small quantity orders are acceptable.\" \/>\n<meta name=\"robots\" content=\"index, follow, max-snippet:-1, max-image-preview:large, max-video-preview:-1\" \/>\n<link rel=\"canonical\" href=\"https:\/\/www.dillerbottle.com\/pt\/produtos\/caneca-de-viagem-com-tampa-flip\" \/>\n<meta property=\"og:locale\" content=\"pt_PT\" \/>\n<meta property=\"og:type\" content=\"article\" \/>\n<meta property=\"og:title\" content=\"Tumbler Travel Mug With Flip Lid\" \/>\n<meta property=\"og:description\" content=\"As one of the best tumbler travel mug with flip lid manufacturers and suppliers, we are engaged in manufacturing good quality water bottles. We warmly welcome you to wholesale or buy custom made tumbler travel mug with flip lid at competitive price from us. Also, small quantity orders are acceptable.\" \/>\n<meta property=\"og:url\" content=\"https:\/\/www.dillerbottle.com\/pt\/produtos\/caneca-de-viagem-com-tampa-flip\" \/>\n<meta property=\"og:site_name\" content=\"Diller Water Bottle Manufacturer\" \/>\n<meta property=\"article:modified_time\" content=\"2025-07-09T08:27:02+00:00\" \/>\n<meta property=\"og:image\" content=\"https:\/\/www.dillerbottle.com\/wp-content\/uploads\/2024\/09\/tumbler-travel-mug-with-flip-lid3bc5c.jpg\" \/>\n\t<meta property=\"og:image:width\" content=\"800\" \/>\n\t<meta property=\"og:image:height\" content=\"800\" \/>\n\t<meta property=\"og:image:type\" content=\"image\/jpeg\" \/>\n<meta name=\"twitter:card\" content=\"summary_large_image\" \/>\n<meta name=\"twitter:label1\" content=\"Tempo estimado de leitura\" \/>\n\t<meta name=\"twitter:data1\" content=\"3 minutos\" \/>\n<script type=\"application\/ld+json\" class=\"yoast-schema-graph\">{\"@context\":\"https:\\\/\\\/schema.org\",\"@graph\":[{\"@type\":\"WebPage\",\"@id\":\"https:\\\/\\\/www.dillerbottle.com\\\/my\\\/produk\\\/mug-travel-tumbler-dengan-penutup-flip\",\"url\":\"https:\\\/\\\/www.dillerbottle.com\\\/my\\\/produk\\\/mug-travel-tumbler-dengan-penutup-flip\",\"name\":\"Tumbler Travel Mug With Flip Lid - Diller Water Bottle Manufacturer\",\"isPartOf\":{\"@id\":\"https:\\\/\\\/www.dillerbottle.com\\\/#website\"},\"primaryImageOfPage\":{\"@id\":\"https:\\\/\\\/www.dillerbottle.com\\\/my\\\/produk\\\/mug-travel-tumbler-dengan-penutup-flip#primaryimage\"},\"image\":{\"@id\":\"https:\\\/\\\/www.dillerbottle.com\\\/my\\\/produk\\\/mug-travel-tumbler-dengan-penutup-flip#primaryimage\"},\"thumbnailUrl\":\"https:\\\/\\\/www.dillerbottle.com\\\/wp-content\\\/uploads\\\/2024\\\/09\\\/tumbler-travel-mug-with-flip-lid3bc5c.jpg\",\"datePublished\":\"2024-09-29T06:09:04+00:00\",\"dateModified\":\"2025-07-09T08:27:02+00:00\",\"description\":\"As one of the best tumbler travel mug with flip lid manufacturers and suppliers, we are engaged in manufacturing good quality water bottles. We warmly welcome you to wholesale or buy custom made tumbler travel mug with flip lid at competitive price from us. Also, small quantity orders are acceptable.\",\"breadcrumb\":{\"@id\":\"https:\\\/\\\/www.dillerbottle.com\\\/my\\\/produk\\\/mug-travel-tumbler-dengan-penutup-flip#breadcrumb\"},\"inLanguage\":\"pt-PT\",\"potentialAction\":[{\"@type\":\"ReadAction\",\"target\":[\"https:\\\/\\\/www.dillerbottle.com\\\/my\\\/produk\\\/mug-travel-tumbler-dengan-penutup-flip\"]}]},{\"@type\":\"ImageObject\",\"inLanguage\":\"pt-PT\",\"@id\":\"https:\\\/\\\/www.dillerbottle.com\\\/my\\\/produk\\\/mug-travel-tumbler-dengan-penutup-flip#primaryimage\",\"url\":\"https:\\\/\\\/www.dillerbottle.com\\\/wp-content\\\/uploads\\\/2024\\\/09\\\/tumbler-travel-mug-with-flip-lid3bc5c.jpg\",\"contentUrl\":\"https:\\\/\\\/www.dillerbottle.com\\\/wp-content\\\/uploads\\\/2024\\\/09\\\/tumbler-travel-mug-with-flip-lid3bc5c.jpg\",\"width\":800,\"height\":800},{\"@type\":\"BreadcrumbList\",\"@id\":\"https:\\\/\\\/www.dillerbottle.com\\\/my\\\/produk\\\/mug-travel-tumbler-dengan-penutup-flip#breadcrumb\",\"itemListElement\":[{\"@type\":\"ListItem\",\"position\":1,\"name\":\"Home\",\"item\":\"https:\\\/\\\/www.dillerbottle.com\\\/\"},{\"@type\":\"ListItem\",\"position\":2,\"name\":\"Products\",\"item\":\"https:\\\/\\\/www.dillerbottle.com\\\/shop\"},{\"@type\":\"ListItem\",\"position\":3,\"name\":\"Tumbler Travel Mug With Flip Lid\"}]},{\"@type\":\"WebSite\",\"@id\":\"https:\\\/\\\/www.dillerbottle.com\\\/#website\",\"url\":\"https:\\\/\\\/www.dillerbottle.com\\\/\",\"name\":\"Diller Water Bottle Manufacturer\",\"description\":\"Water Bottle Manufacturer\",\"publisher\":{\"@id\":\"https:\\\/\\\/www.dillerbottle.com\\\/#organization\"},\"potentialAction\":[{\"@type\":\"SearchAction\",\"target\":{\"@type\":\"EntryPoint\",\"urlTemplate\":\"https:\\\/\\\/www.dillerbottle.com\\\/?s={search_term_string}\"},\"query-input\":{\"@type\":\"PropertyValueSpecification\",\"valueRequired\":true,\"valueName\":\"search_term_string\"}}],\"inLanguage\":\"pt-PT\"},{\"@type\":\"Organization\",\"@id\":\"https:\\\/\\\/www.dillerbottle.com\\\/#organization\",\"name\":\"Diller Water Bottle Manufacturer\",\"url\":\"https:\\\/\\\/www.dillerbottle.com\\\/\",\"logo\":{\"@type\":\"ImageObject\",\"inLanguage\":\"pt-PT\",\"@id\":\"https:\\\/\\\/www.dillerbottle.com\\\/#\\\/schema\\\/logo\\\/image\\\/\",\"url\":\"https:\\\/\\\/www.dillerbottle.com\\\/wp-content\\\/uploads\\\/2024\\\/09\\\/49918bfa848dcc1e9f8b509933603ac.png\",\"contentUrl\":\"https:\\\/\\\/www.dillerbottle.com\\\/wp-content\\\/uploads\\\/2024\\\/09\\\/49918bfa848dcc1e9f8b509933603ac.png\",\"width\":988,\"height\":198,\"caption\":\"Diller Water Bottle Manufacturer\"},\"image\":{\"@id\":\"https:\\\/\\\/www.dillerbottle.com\\\/#\\\/schema\\\/logo\\\/image\\\/\"}}]}<\/script>\n<!-- \/ Yoast SEO Premium plugin. -->","yoast_head_json":{"title":"Caneca de viagem Tumbler com tampa flip - Fabricante de garrafas de \u00e1gua Diller","description":"Como um dos melhores fabricantes e fornecedores de canecas de viagem com tampa flip, estamos envolvidos na fabrica\u00e7\u00e3o de garrafas de \u00e1gua de boa qualidade. N\u00f3s calorosamente convidamos voc\u00ea a vender no atacado ou comprar canecas de viagem com tampa flip personalizadas a pre\u00e7os competitivos conosco. Al\u00e9m disso, pedidos de pequenas quantidades s\u00e3o aceit\u00e1veis.","robots":{"index":"index","follow":"follow","max-snippet":"max-snippet:-1","max-image-preview":"max-image-preview:large","max-video-preview":"max-video-preview:-1"},"canonical":"https:\/\/www.dillerbottle.com\/pt\/produtos\/caneca-de-viagem-com-tampa-flip","og_locale":"pt_PT","og_type":"article","og_title":"Tumbler Travel Mug With Flip Lid","og_description":"As one of the best tumbler travel mug with flip lid manufacturers and suppliers, we are engaged in manufacturing good quality water bottles. We warmly welcome you to wholesale or buy custom made tumbler travel mug with flip lid at competitive price from us. Also, small quantity orders are acceptable.","og_url":"https:\/\/www.dillerbottle.com\/pt\/produtos\/caneca-de-viagem-com-tampa-flip","og_site_name":"Diller Water Bottle Manufacturer","article_modified_time":"2025-07-09T08:27:02+00:00","og_image":[{"width":800,"height":800,"url":"https:\/\/www.dillerbottle.com\/wp-content\/uploads\/2024\/09\/tumbler-travel-mug-with-flip-lid3bc5c.jpg","type":"image\/jpeg"}],"twitter_card":"summary_large_image","twitter_misc":{"Tempo estimado de leitura":"3 minutos"},"schema":{"@context":"https:\/\/schema.org","@graph":[{"@type":"WebPage","@id":"https:\/\/www.dillerbottle.com\/my\/produk\/mug-travel-tumbler-dengan-penutup-flip","url":"https:\/\/www.dillerbottle.com\/my\/produk\/mug-travel-tumbler-dengan-penutup-flip","name":"Caneca de viagem Tumbler com tampa flip - Fabricante de garrafas de \u00e1gua Diller","isPartOf":{"@id":"https:\/\/www.dillerbottle.com\/#website"},"primaryImageOfPage":{"@id":"https:\/\/www.dillerbottle.com\/my\/produk\/mug-travel-tumbler-dengan-penutup-flip#primaryimage"},"image":{"@id":"https:\/\/www.dillerbottle.com\/my\/produk\/mug-travel-tumbler-dengan-penutup-flip#primaryimage"},"thumbnailUrl":"https:\/\/www.dillerbottle.com\/wp-content\/uploads\/2024\/09\/tumbler-travel-mug-with-flip-lid3bc5c.jpg","datePublished":"2024-09-29T06:09:04+00:00","dateModified":"2025-07-09T08:27:02+00:00","description":"Como um dos melhores fabricantes e fornecedores de canecas de viagem com tampa flip, estamos envolvidos na fabrica\u00e7\u00e3o de garrafas de \u00e1gua de boa qualidade. N\u00f3s calorosamente convidamos voc\u00ea a vender no atacado ou comprar canecas de viagem com tampa flip personalizadas a pre\u00e7os competitivos conosco. Al\u00e9m disso, pedidos de pequenas quantidades s\u00e3o aceit\u00e1veis.","breadcrumb":{"@id":"https:\/\/www.dillerbottle.com\/my\/produk\/mug-travel-tumbler-dengan-penutup-flip#breadcrumb"},"inLanguage":"pt-PT","potentialAction":[{"@type":"ReadAction","target":["https:\/\/www.dillerbottle.com\/my\/produk\/mug-travel-tumbler-dengan-penutup-flip"]}]},{"@type":"ImageObject","inLanguage":"pt-PT","@id":"https:\/\/www.dillerbottle.com\/my\/produk\/mug-travel-tumbler-dengan-penutup-flip#primaryimage","url":"https:\/\/www.dillerbottle.com\/wp-content\/uploads\/2024\/09\/tumbler-travel-mug-with-flip-lid3bc5c.jpg","contentUrl":"https:\/\/www.dillerbottle.com\/wp-content\/uploads\/2024\/09\/tumbler-travel-mug-with-flip-lid3bc5c.jpg","width":800,"height":800},{"@type":"BreadcrumbList","@id":"https:\/\/www.dillerbottle.com\/my\/produk\/mug-travel-tumbler-dengan-penutup-flip#breadcrumb","itemListElement":[{"@type":"ListItem","position":1,"name":"Home","item":"https:\/\/www.dillerbottle.com\/"},{"@type":"ListItem","position":2,"name":"Products","item":"https:\/\/www.dillerbottle.com\/shop"},{"@type":"ListItem","position":3,"name":"Tumbler Travel Mug With Flip Lid"}]},{"@type":"WebSite","@id":"https:\/\/www.dillerbottle.com\/#website","url":"https:\/\/www.dillerbottle.com\/","name":"Garrafa de \u00e1gua Diller Fabricante","description":"Garrafa de \u00e1gua Fabricante","publisher":{"@id":"https:\/\/www.dillerbottle.com\/#organization"},"potentialAction":[{"@type":"SearchAction","target":{"@type":"EntryPoint","urlTemplate":"https:\/\/www.dillerbottle.com\/?s={search_term_string}"},"query-input":{"@type":"PropertyValueSpecification","valueRequired":true,"valueName":"search_term_string"}}],"inLanguage":"pt-PT"},{"@type":"Organization","@id":"https:\/\/www.dillerbottle.com\/#organization","name":"Garrafa de \u00e1gua Diller Fabricante","url":"https:\/\/www.dillerbottle.com\/","logo":{"@type":"ImageObject","inLanguage":"pt-PT","@id":"https:\/\/www.dillerbottle.com\/#\/schema\/logo\/image\/","url":"https:\/\/www.dillerbottle.com\/wp-content\/uploads\/2024\/09\/49918bfa848dcc1e9f8b509933603ac.png","contentUrl":"https:\/\/www.dillerbottle.com\/wp-content\/uploads\/2024\/09\/49918bfa848dcc1e9f8b509933603ac.png","width":988,"height":198,"caption":"Diller Water Bottle Manufacturer"},"image":{"@id":"https:\/\/www.dillerbottle.com\/#\/schema\/logo\/image\/"}}]}},"_links":{"self":[{"href":"https:\/\/www.dillerbottle.com\/pt\/wp-json\/wp\/v2\/product\/7848","targetHints":{"allow":["GET"]}}],"collection":[{"href":"https:\/\/www.dillerbottle.com\/pt\/wp-json\/wp\/v2\/product"}],"about":[{"href":"https:\/\/www.dillerbottle.com\/pt\/wp-json\/wp\/v2\/types\/product"}],"replies":[{"embeddable":true,"href":"https:\/\/www.dillerbottle.com\/pt\/wp-json\/wp\/v2\/comments?post=7848"}],"wp:featuredmedia":[{"embeddable":true,"href":"https:\/\/www.dillerbottle.com\/pt\/wp-json\/wp\/v2\/media\/7849"}],"wp:attachment":[{"href":"https:\/\/www.dillerbottle.com\/pt\/wp-json\/wp\/v2\/media?parent=7848"}],"wp:term":[{"taxonomy":"product_brand","embeddable":true,"href":"https:\/\/www.dillerbottle.com\/pt\/wp-json\/wp\/v2\/product_brand?post=7848"},{"taxonomy":"product_cat","embeddable":true,"href":"https:\/\/www.dillerbottle.com\/pt\/wp-json\/wp\/v2\/product_cat?post=7848"},{"taxonomy":"product_tag","embeddable":true,"href":"https:\/\/www.dillerbottle.com\/pt\/wp-json\/wp\/v2\/product_tag?post=7848"}],"curies":[{"name":"wp","href":"https:\/\/api.w.org\/{rel}","templated":true}]}}