{"id":8214,"date":"2024-09-29T14:14:17","date_gmt":"2024-09-29T06:14:17","guid":{"rendered":"https:\/\/demo.dillerbottle.com\/products\/original-panda-graffiti-coffee-mug"},"modified":"2026-02-11T15:17:58","modified_gmt":"2026-02-11T07:17:58","slug":"caneca-de-cafe-original-panda-graffiti","status":"publish","type":"product","link":"https:\/\/www.dillerbottle.com\/pt\/products\/original-panda-graffiti-coffee-mug","title":{"rendered":"Caneca de caf\u00e9 original Panda Graffiti"},"content":{"rendered":"<p>1. O revestimento interno da caneca de caf\u00e9 original do grafite do panda \u00e9 feito de a\u00e7o inoxid\u00e1vel 316, que \u00e9 resistente \u00e0 corros\u00e3o e mais dur\u00e1vel. Pode ser mantido quente ou frio por at\u00e9 6-12 horas e pode ser usado o ano todo.<\/p>\n<p>2. A tampa flip \u00e0 prova de derramamento \u00e9 simples, segura e f\u00e1cil de operar com uma m\u00e3o. Pode ser consumido diretamente ou por meio de um canudo. O design estreito do corpo facilita o manuseio e a retirada, tamb\u00e9m se encaixa na maioria dos porta-copos e cafeteiras de carro.<\/p>\n<p>3. Equipado com cordas tran\u00e7adas da moda, parece bom e conveniente para carregar ao sair. A tampa do copo \u00e9 equipada com um anel de silicone embutido, que n\u00e3o tem medo de vazamento de \u00e1gua, n\u00e3o importa como seja colocado.<\/p>\n<p>4. O corpo do copo tem um grafite original de panda, que \u00e9 animado e fofo, tornando a \u00e1gua pot\u00e1vel mais agrad\u00e1vel.<\/p>","protected":false},"excerpt":{"rendered":"<p>Esta caneca de caf\u00e9 original com grafite de panda \u00e9 feita de a\u00e7o inoxid\u00e1vel 316 dur\u00e1vel e materiais de qualidade alimentar.<br \/>\nEsta caneca pode manter o conte\u00fado quente ou gelado por at\u00e9 6 horas.<br \/>\nA tampa flip \u00e0 prova de derramamento \u00e9 simples, segura e f\u00e1cil de operar com uma m\u00e3o.<br \/>\nPode ser consumido diretamente ou com canudo.<br \/>\nO design estreito do corpo facilita o manuseio e tamb\u00e9m se adapta \u00e0 maioria dos porta-copos e cafeteiras de carro.<br \/>\nOEM e ODM aceit\u00e1veis.<br \/>\nPodemos personalizar a caneca de caf\u00e9 de acordo com suas necessidades.<br \/>\nBem-vindo \u00e0 compra por atacado, envie sua consulta agora!<\/p>","protected":false},"featured_media":8215,"comment_status":"open","ping_status":"closed","template":"","meta":{"_acf_changed":false},"product_brand":[],"product_cat":[18],"product_tag":[733],"class_list":{"0":"post-8214","1":"product","2":"type-product","3":"status-publish","4":"has-post-thumbnail","6":"product_cat-insulated-water-bottle","7":"product_tag-custom-water-bottle-logo","9":"first","10":"instock","11":"shipping-taxable","12":"product-type-simple"},"acf":[],"yoast_head":"<!-- This site is optimized with the Yoast SEO Premium plugin v27.4 (Yoast SEO v27.4) - https:\/\/yoast.com\/product\/yoast-seo-premium-wordpress\/ -->\n<title>Original Panda Graffiti Coffee Mug - Diller Water Bottle Manufacturer<\/title>\n<meta name=\"description\" content=\"As one of the best original panda graffiti coffee mug manufacturers and suppliers, we are engaged in manufacturing good quality water bottles. We warmly welcome you to wholesale or buy custom made original panda graffiti coffee mug at competitive price from us. Also, small quantity orders are acceptable.\" \/>\n<meta name=\"robots\" content=\"index, follow, max-snippet:-1, max-image-preview:large, max-video-preview:-1\" \/>\n<link rel=\"canonical\" href=\"https:\/\/www.dillerbottle.com\/pt\/produtos\/caneca-de-cafe-original-panda-graffiti\" \/>\n<meta property=\"og:locale\" content=\"pt_PT\" \/>\n<meta property=\"og:type\" content=\"article\" \/>\n<meta property=\"og:title\" content=\"Original Panda Graffiti Coffee Mug\" \/>\n<meta property=\"og:description\" content=\"As one of the best original panda graffiti coffee mug manufacturers and suppliers, we are engaged in manufacturing good quality water bottles. We warmly welcome you to wholesale or buy custom made original panda graffiti coffee mug at competitive price from us. Also, small quantity orders are acceptable.\" \/>\n<meta property=\"og:url\" content=\"https:\/\/www.dillerbottle.com\/pt\/produtos\/caneca-de-cafe-original-panda-graffiti\" \/>\n<meta property=\"og:site_name\" content=\"Diller Water Bottle Manufacturer\" \/>\n<meta property=\"article:modified_time\" content=\"2026-02-11T07:17:58+00:00\" \/>\n<meta property=\"og:image\" content=\"https:\/\/www.dillerbottle.com\/wp-content\/uploads\/2024\/09\/original-panda-graffiti-coffee-mug021bb4db-65c6-48c3-9064-651b6127441d.jpg\" \/>\n\t<meta property=\"og:image:width\" content=\"800\" \/>\n\t<meta property=\"og:image:height\" content=\"800\" \/>\n\t<meta property=\"og:image:type\" content=\"image\/jpeg\" \/>\n<meta name=\"twitter:card\" content=\"summary_large_image\" \/>\n<meta name=\"twitter:label1\" content=\"Tempo estimado de leitura\" \/>\n\t<meta name=\"twitter:data1\" content=\"6 minutos\" \/>\n<script type=\"application\/ld+json\" class=\"yoast-schema-graph\">{\"@context\":\"https:\\\/\\\/schema.org\",\"@graph\":[{\"@type\":\"WebPage\",\"@id\":\"https:\\\/\\\/www.dillerbottle.com\\\/products\\\/original-panda-graffiti-coffee-mug\",\"url\":\"https:\\\/\\\/www.dillerbottle.com\\\/products\\\/original-panda-graffiti-coffee-mug\",\"name\":\"Original Panda Graffiti Coffee Mug - Diller Water Bottle Manufacturer\",\"isPartOf\":{\"@id\":\"https:\\\/\\\/www.dillerbottle.com\\\/#website\"},\"primaryImageOfPage\":{\"@id\":\"https:\\\/\\\/www.dillerbottle.com\\\/products\\\/original-panda-graffiti-coffee-mug#primaryimage\"},\"image\":{\"@id\":\"https:\\\/\\\/www.dillerbottle.com\\\/products\\\/original-panda-graffiti-coffee-mug#primaryimage\"},\"thumbnailUrl\":\"https:\\\/\\\/www.dillerbottle.com\\\/wp-content\\\/uploads\\\/2024\\\/09\\\/original-panda-graffiti-coffee-mug021bb4db-65c6-48c3-9064-651b6127441d.jpg\",\"datePublished\":\"2024-09-29T06:14:17+00:00\",\"dateModified\":\"2026-02-11T07:17:58+00:00\",\"description\":\"As one of the best original panda graffiti coffee mug manufacturers and suppliers, we are engaged in manufacturing good quality water bottles. We warmly welcome you to wholesale or buy custom made original panda graffiti coffee mug at competitive price from us. Also, small quantity orders are acceptable.\",\"breadcrumb\":{\"@id\":\"https:\\\/\\\/www.dillerbottle.com\\\/products\\\/original-panda-graffiti-coffee-mug#breadcrumb\"},\"inLanguage\":\"pt-PT\",\"potentialAction\":[{\"@type\":\"ReadAction\",\"target\":[\"https:\\\/\\\/www.dillerbottle.com\\\/products\\\/original-panda-graffiti-coffee-mug\"]}]},{\"@type\":\"ImageObject\",\"inLanguage\":\"pt-PT\",\"@id\":\"https:\\\/\\\/www.dillerbottle.com\\\/products\\\/original-panda-graffiti-coffee-mug#primaryimage\",\"url\":\"https:\\\/\\\/www.dillerbottle.com\\\/wp-content\\\/uploads\\\/2024\\\/09\\\/original-panda-graffiti-coffee-mug021bb4db-65c6-48c3-9064-651b6127441d.jpg\",\"contentUrl\":\"https:\\\/\\\/www.dillerbottle.com\\\/wp-content\\\/uploads\\\/2024\\\/09\\\/original-panda-graffiti-coffee-mug021bb4db-65c6-48c3-9064-651b6127441d.jpg\",\"width\":800,\"height\":800},{\"@type\":\"BreadcrumbList\",\"@id\":\"https:\\\/\\\/www.dillerbottle.com\\\/products\\\/original-panda-graffiti-coffee-mug#breadcrumb\",\"itemListElement\":[{\"@type\":\"ListItem\",\"position\":1,\"name\":\"Home\",\"item\":\"https:\\\/\\\/www.dillerbottle.com\\\/\"},{\"@type\":\"ListItem\",\"position\":2,\"name\":\"Products\",\"item\":\"https:\\\/\\\/www.dillerbottle.com\\\/shop\"},{\"@type\":\"ListItem\",\"position\":3,\"name\":\"Original Panda Graffiti Coffee Mug\"}]},{\"@type\":\"WebSite\",\"@id\":\"https:\\\/\\\/www.dillerbottle.com\\\/#website\",\"url\":\"https:\\\/\\\/www.dillerbottle.com\\\/\",\"name\":\"Diller Water Bottle Manufacturer\",\"description\":\"Water Bottle Manufacturer\",\"publisher\":{\"@id\":\"https:\\\/\\\/www.dillerbottle.com\\\/#organization\"},\"potentialAction\":[{\"@type\":\"SearchAction\",\"target\":{\"@type\":\"EntryPoint\",\"urlTemplate\":\"https:\\\/\\\/www.dillerbottle.com\\\/?s={search_term_string}\"},\"query-input\":{\"@type\":\"PropertyValueSpecification\",\"valueRequired\":true,\"valueName\":\"search_term_string\"}}],\"inLanguage\":\"pt-PT\"},{\"@type\":\"Organization\",\"@id\":\"https:\\\/\\\/www.dillerbottle.com\\\/#organization\",\"name\":\"Diller Water Bottle Manufacturer\",\"url\":\"https:\\\/\\\/www.dillerbottle.com\\\/\",\"logo\":{\"@type\":\"ImageObject\",\"inLanguage\":\"pt-PT\",\"@id\":\"https:\\\/\\\/www.dillerbottle.com\\\/#\\\/schema\\\/logo\\\/image\\\/\",\"url\":\"https:\\\/\\\/www.dillerbottle.com\\\/wp-content\\\/uploads\\\/2024\\\/09\\\/49918bfa848dcc1e9f8b509933603ac.png\",\"contentUrl\":\"https:\\\/\\\/www.dillerbottle.com\\\/wp-content\\\/uploads\\\/2024\\\/09\\\/49918bfa848dcc1e9f8b509933603ac.png\",\"width\":988,\"height\":198,\"caption\":\"Diller Water Bottle Manufacturer\"},\"image\":{\"@id\":\"https:\\\/\\\/www.dillerbottle.com\\\/#\\\/schema\\\/logo\\\/image\\\/\"}}]}<\/script>\n<!-- \/ Yoast SEO Premium plugin. -->","yoast_head_json":{"title":"Caneca de caf\u00e9 original Panda Graffiti - Fabricante de garrafas de \u00e1gua Diller","description":"Como um dos melhores fabricantes e fornecedores de canecas de caf\u00e9 originais de grafite de panda, estamos envolvidos na fabrica\u00e7\u00e3o de garrafas de \u00e1gua de boa qualidade. N\u00f3s calorosamente convidamos voc\u00ea a vender no atacado ou comprar canecas de caf\u00e9 originais de grafite de panda personalizadas a pre\u00e7os competitivos conosco. Al\u00e9m disso, pedidos de pequenas quantidades s\u00e3o aceit\u00e1veis.","robots":{"index":"index","follow":"follow","max-snippet":"max-snippet:-1","max-image-preview":"max-image-preview:large","max-video-preview":"max-video-preview:-1"},"canonical":"https:\/\/www.dillerbottle.com\/pt\/produtos\/caneca-de-cafe-original-panda-graffiti","og_locale":"pt_PT","og_type":"article","og_title":"Original Panda Graffiti Coffee Mug","og_description":"As one of the best original panda graffiti coffee mug manufacturers and suppliers, we are engaged in manufacturing good quality water bottles. We warmly welcome you to wholesale or buy custom made original panda graffiti coffee mug at competitive price from us. Also, small quantity orders are acceptable.","og_url":"https:\/\/www.dillerbottle.com\/pt\/produtos\/caneca-de-cafe-original-panda-graffiti","og_site_name":"Diller Water Bottle Manufacturer","article_modified_time":"2026-02-11T07:17:58+00:00","og_image":[{"width":800,"height":800,"url":"https:\/\/www.dillerbottle.com\/wp-content\/uploads\/2024\/09\/original-panda-graffiti-coffee-mug021bb4db-65c6-48c3-9064-651b6127441d.jpg","type":"image\/jpeg"}],"twitter_card":"summary_large_image","twitter_misc":{"Tempo estimado de leitura":"6 minutos"},"schema":{"@context":"https:\/\/schema.org","@graph":[{"@type":"WebPage","@id":"https:\/\/www.dillerbottle.com\/products\/original-panda-graffiti-coffee-mug","url":"https:\/\/www.dillerbottle.com\/products\/original-panda-graffiti-coffee-mug","name":"Caneca de caf\u00e9 original Panda Graffiti - Fabricante de garrafas de \u00e1gua Diller","isPartOf":{"@id":"https:\/\/www.dillerbottle.com\/#website"},"primaryImageOfPage":{"@id":"https:\/\/www.dillerbottle.com\/products\/original-panda-graffiti-coffee-mug#primaryimage"},"image":{"@id":"https:\/\/www.dillerbottle.com\/products\/original-panda-graffiti-coffee-mug#primaryimage"},"thumbnailUrl":"https:\/\/www.dillerbottle.com\/wp-content\/uploads\/2024\/09\/original-panda-graffiti-coffee-mug021bb4db-65c6-48c3-9064-651b6127441d.jpg","datePublished":"2024-09-29T06:14:17+00:00","dateModified":"2026-02-11T07:17:58+00:00","description":"Como um dos melhores fabricantes e fornecedores de canecas de caf\u00e9 originais de grafite de panda, estamos envolvidos na fabrica\u00e7\u00e3o de garrafas de \u00e1gua de boa qualidade. N\u00f3s calorosamente convidamos voc\u00ea a vender no atacado ou comprar canecas de caf\u00e9 originais de grafite de panda personalizadas a pre\u00e7os competitivos conosco. Al\u00e9m disso, pedidos de pequenas quantidades s\u00e3o aceit\u00e1veis.","breadcrumb":{"@id":"https:\/\/www.dillerbottle.com\/products\/original-panda-graffiti-coffee-mug#breadcrumb"},"inLanguage":"pt-PT","potentialAction":[{"@type":"ReadAction","target":["https:\/\/www.dillerbottle.com\/products\/original-panda-graffiti-coffee-mug"]}]},{"@type":"ImageObject","inLanguage":"pt-PT","@id":"https:\/\/www.dillerbottle.com\/products\/original-panda-graffiti-coffee-mug#primaryimage","url":"https:\/\/www.dillerbottle.com\/wp-content\/uploads\/2024\/09\/original-panda-graffiti-coffee-mug021bb4db-65c6-48c3-9064-651b6127441d.jpg","contentUrl":"https:\/\/www.dillerbottle.com\/wp-content\/uploads\/2024\/09\/original-panda-graffiti-coffee-mug021bb4db-65c6-48c3-9064-651b6127441d.jpg","width":800,"height":800},{"@type":"BreadcrumbList","@id":"https:\/\/www.dillerbottle.com\/products\/original-panda-graffiti-coffee-mug#breadcrumb","itemListElement":[{"@type":"ListItem","position":1,"name":"Home","item":"https:\/\/www.dillerbottle.com\/"},{"@type":"ListItem","position":2,"name":"Products","item":"https:\/\/www.dillerbottle.com\/shop"},{"@type":"ListItem","position":3,"name":"Original Panda Graffiti Coffee Mug"}]},{"@type":"WebSite","@id":"https:\/\/www.dillerbottle.com\/#website","url":"https:\/\/www.dillerbottle.com\/","name":"Garrafa de \u00e1gua Diller Fabricante","description":"Garrafa de \u00e1gua Fabricante","publisher":{"@id":"https:\/\/www.dillerbottle.com\/#organization"},"potentialAction":[{"@type":"SearchAction","target":{"@type":"EntryPoint","urlTemplate":"https:\/\/www.dillerbottle.com\/?s={search_term_string}"},"query-input":{"@type":"PropertyValueSpecification","valueRequired":true,"valueName":"search_term_string"}}],"inLanguage":"pt-PT"},{"@type":"Organization","@id":"https:\/\/www.dillerbottle.com\/#organization","name":"Garrafa de \u00e1gua Diller Fabricante","url":"https:\/\/www.dillerbottle.com\/","logo":{"@type":"ImageObject","inLanguage":"pt-PT","@id":"https:\/\/www.dillerbottle.com\/#\/schema\/logo\/image\/","url":"https:\/\/www.dillerbottle.com\/wp-content\/uploads\/2024\/09\/49918bfa848dcc1e9f8b509933603ac.png","contentUrl":"https:\/\/www.dillerbottle.com\/wp-content\/uploads\/2024\/09\/49918bfa848dcc1e9f8b509933603ac.png","width":988,"height":198,"caption":"Diller Water Bottle Manufacturer"},"image":{"@id":"https:\/\/www.dillerbottle.com\/#\/schema\/logo\/image\/"}}]}},"_links":{"self":[{"href":"https:\/\/www.dillerbottle.com\/pt\/wp-json\/wp\/v2\/product\/8214","targetHints":{"allow":["GET"]}}],"collection":[{"href":"https:\/\/www.dillerbottle.com\/pt\/wp-json\/wp\/v2\/product"}],"about":[{"href":"https:\/\/www.dillerbottle.com\/pt\/wp-json\/wp\/v2\/types\/product"}],"replies":[{"embeddable":true,"href":"https:\/\/www.dillerbottle.com\/pt\/wp-json\/wp\/v2\/comments?post=8214"}],"wp:featuredmedia":[{"embeddable":true,"href":"https:\/\/www.dillerbottle.com\/pt\/wp-json\/wp\/v2\/media\/8215"}],"wp:attachment":[{"href":"https:\/\/www.dillerbottle.com\/pt\/wp-json\/wp\/v2\/media?parent=8214"}],"wp:term":[{"taxonomy":"product_brand","embeddable":true,"href":"https:\/\/www.dillerbottle.com\/pt\/wp-json\/wp\/v2\/product_brand?post=8214"},{"taxonomy":"product_cat","embeddable":true,"href":"https:\/\/www.dillerbottle.com\/pt\/wp-json\/wp\/v2\/product_cat?post=8214"},{"taxonomy":"product_tag","embeddable":true,"href":"https:\/\/www.dillerbottle.com\/pt\/wp-json\/wp\/v2\/product_tag?post=8214"}],"curies":[{"name":"wp","href":"https:\/\/api.w.org\/{rel}","templated":true}]}}