{"id":8691,"date":"2024-09-29T14:20:59","date_gmt":"2024-09-29T06:20:59","guid":{"rendered":"https:\/\/demo.dillerbottle.com\/products\/outdoor-thermo-bottle-with-handle"},"modified":"2025-07-09T16:09:34","modified_gmt":"2025-07-09T08:09:34","slug":"garrafa-termica-externa-com-alca","status":"publish","type":"product","link":"https:\/\/www.dillerbottle.com\/pt\/products\/outdoor-thermo-bottle-with-handle","title":{"rendered":"Garrafa t\u00e9rmica externa com al\u00e7a"},"content":{"rendered":"<p>1. A garrafa t\u00e9rmica para ambientes externos com al\u00e7a usa a\u00e7o inoxid\u00e1vel 316 de alta qualidade como revestimento interno, permitindo que as bebidas dentro dela sejam mantidas quentes ou frias por at\u00e9 6 a 12 horas.<\/p>\n<p>2. O design da apar\u00eancia deste produto \u00e9 simples e moderno, e a boca larga do copo \u00e9 mais f\u00e1cil de limpar e adicionar cubos de gelo.<\/p>\n<p>3. Esta garrafa t\u00e9rmica para \u00e1reas externas com al\u00e7a \u00e9 um copo isolado de grande capacidade, moderno, pr\u00e1tico e conveniente, adequado para uso em acampamentos ou viagens ao ar livre.<\/p>\n<p>4. A tampa do copo tem uma porta de bebida reta e uma porta de canudo, permitindo que voc\u00ea escolha seu m\u00e9todo de beber \u00e0 vontade. O design da al\u00e7a de a\u00e7o inoxid\u00e1vel e silicone facilita o transporte ao sair.<\/p>","protected":false},"excerpt":{"rendered":"<p>Esta garrafa t\u00e9rmica para uso externo com al\u00e7a \u00e9 feita de a\u00e7o inoxid\u00e1vel 316 dur\u00e1vel e materiais de qualidade alimentar.<br \/>\nCom isolamento a v\u00e1cuo, esta garrafa t\u00e9rmica de metal pode manter o conte\u00fado quente ou gelado por at\u00e9 6 a 12 horas.<br \/>\nA tampa do copo tem uma sa\u00edda reta para beber e uma sa\u00edda para canudo, permitindo que voc\u00ea escolha seu m\u00e9todo de beber \u00e0 vontade.<br \/>\nO design da al\u00e7a em a\u00e7o inoxid\u00e1vel e silicone facilita o transporte quando voc\u00ea sai.<br \/>\nOEM e ODM aceit\u00e1veis.<br \/>\nPodemos personalizar a garrafa t\u00e9rmica de acordo com suas necessidades.<br \/>\nBem-vindo \u00e0 compra por atacado, envie sua consulta agora!<\/p>","protected":false},"featured_media":8692,"comment_status":"open","ping_status":"closed","template":"","meta":{"_acf_changed":false},"product_brand":[],"product_cat":[18],"product_tag":[32,36,33,31,39,38,110,29,37,779,34,725,35,780,28,701,685,691,30],"class_list":{"0":"post-8691","1":"product","2":"type-product","3":"status-publish","4":"has-post-thumbnail","6":"product_cat-insulated-water-bottle","7":"product_tag-best","8":"product_tag-bulk","9":"product_tag-buy","10":"product_tag-custom","11":"product_tag-for-sale","12":"product_tag-good-quality","13":"product_tag-insulated-water-bottle-eco-friendly-water-bottle","14":"product_tag-manufacturers","15":"product_tag-manufacturing","16":"product_tag-outdoor-thermo-bottle-with-handle","17":"product_tag-price","18":"product_tag-simple-modern-water-bottle","19":"product_tag-small","20":"product_tag-stainless-water-bottle","21":"product_tag-suppliers","22":"product_tag-thermal-water-bottles-outdoor-with-handle-lid","23":"product_tag-water-bottle-custom-logo","24":"product_tag-water-bottles-leak-proof-bpa-free-sports-bottle","25":"product_tag-wholesale","27":"first","28":"instock","29":"shipping-taxable","30":"product-type-simple"},"acf":[],"yoast_head":"<!-- This site is optimized with the Yoast SEO Premium plugin v27.5 (Yoast SEO v27.5) - https:\/\/yoast.com\/product\/yoast-seo-premium-wordpress\/ -->\n<title>Outdoor Thermo Bottle With Handle - Diller Water Bottle Manufacturer<\/title>\n<meta name=\"description\" content=\"As one of the best outdoor thermo bottle with handle manufacturers and suppliers, we are engaged in manufacturing good quality water bottles. We warmly welcome you to wholesale or buy custom made outdoor thermo bottle with handle at competitive price from us. Also, small quantity orders are acceptable.\" \/>\n<meta name=\"robots\" content=\"index, follow, max-snippet:-1, max-image-preview:large, max-video-preview:-1\" \/>\n<link rel=\"canonical\" href=\"https:\/\/www.dillerbottle.com\/pt\/produtos\/garrafa-termica-externa-com-alca\" \/>\n<meta property=\"og:locale\" content=\"pt_PT\" \/>\n<meta property=\"og:type\" content=\"article\" \/>\n<meta property=\"og:title\" content=\"Outdoor Thermo Bottle With Handle\" \/>\n<meta property=\"og:description\" content=\"As one of the best outdoor thermo bottle with handle manufacturers and suppliers, we are engaged in manufacturing good quality water bottles. We warmly welcome you to wholesale or buy custom made outdoor thermo bottle with handle at competitive price from us. Also, small quantity orders are acceptable.\" \/>\n<meta property=\"og:url\" content=\"https:\/\/www.dillerbottle.com\/pt\/produtos\/garrafa-termica-externa-com-alca\" \/>\n<meta property=\"og:site_name\" content=\"Diller Water Bottle Manufacturer\" \/>\n<meta property=\"article:modified_time\" content=\"2025-07-09T08:09:34+00:00\" \/>\n<meta property=\"og:image\" content=\"https:\/\/www.dillerbottle.com\/wp-content\/uploads\/2024\/09\/outdoor-thermo-bottle-with-handlebefad9e7-93bb-45b3-9332-09b279062de1.jpg\" \/>\n\t<meta property=\"og:image:width\" content=\"730\" \/>\n\t<meta property=\"og:image:height\" content=\"730\" \/>\n\t<meta property=\"og:image:type\" content=\"image\/jpeg\" \/>\n<meta name=\"twitter:card\" content=\"summary_large_image\" \/>\n<meta name=\"twitter:label1\" content=\"Tempo estimado de leitura\" \/>\n\t<meta name=\"twitter:data1\" content=\"6 minutos\" \/>\n<script type=\"application\/ld+json\" class=\"yoast-schema-graph\">{\"@context\":\"https:\\\/\\\/schema.org\",\"@graph\":[{\"@type\":\"WebPage\",\"@id\":\"https:\\\/\\\/www.dillerbottle.com\\\/th\\\/%e0%b8%aa%e0%b8%b4%e0%b8%99%e0%b8%84%e0%b9%89%e0%b8%b2\\\/%e0%b8%81%e0%b8%a3%e0%b8%b0%e0%b8%95%e0%b8%b4%e0%b8%81%e0%b8%99%e0%b9%89%e0%b8%b3%e0%b9%80%e0%b8%81%e0%b9%87%e0%b8%9a%e0%b8%84%e0%b8%a7%e0%b8%b2%e0%b8%a1%e0%b8%a3%e0%b9%89%e0%b8%ad%e0%b8%99%e0%b8%81\",\"url\":\"https:\\\/\\\/www.dillerbottle.com\\\/th\\\/%e0%b8%aa%e0%b8%b4%e0%b8%99%e0%b8%84%e0%b9%89%e0%b8%b2\\\/%e0%b8%81%e0%b8%a3%e0%b8%b0%e0%b8%95%e0%b8%b4%e0%b8%81%e0%b8%99%e0%b9%89%e0%b8%b3%e0%b9%80%e0%b8%81%e0%b9%87%e0%b8%9a%e0%b8%84%e0%b8%a7%e0%b8%b2%e0%b8%a1%e0%b8%a3%e0%b9%89%e0%b8%ad%e0%b8%99%e0%b8%81\",\"name\":\"Outdoor Thermo Bottle With Handle - Diller Water Bottle Manufacturer\",\"isPartOf\":{\"@id\":\"https:\\\/\\\/www.dillerbottle.com\\\/#website\"},\"primaryImageOfPage\":{\"@id\":\"https:\\\/\\\/www.dillerbottle.com\\\/th\\\/%e0%b8%aa%e0%b8%b4%e0%b8%99%e0%b8%84%e0%b9%89%e0%b8%b2\\\/%e0%b8%81%e0%b8%a3%e0%b8%b0%e0%b8%95%e0%b8%b4%e0%b8%81%e0%b8%99%e0%b9%89%e0%b8%b3%e0%b9%80%e0%b8%81%e0%b9%87%e0%b8%9a%e0%b8%84%e0%b8%a7%e0%b8%b2%e0%b8%a1%e0%b8%a3%e0%b9%89%e0%b8%ad%e0%b8%99%e0%b8%81#primaryimage\"},\"image\":{\"@id\":\"https:\\\/\\\/www.dillerbottle.com\\\/th\\\/%e0%b8%aa%e0%b8%b4%e0%b8%99%e0%b8%84%e0%b9%89%e0%b8%b2\\\/%e0%b8%81%e0%b8%a3%e0%b8%b0%e0%b8%95%e0%b8%b4%e0%b8%81%e0%b8%99%e0%b9%89%e0%b8%b3%e0%b9%80%e0%b8%81%e0%b9%87%e0%b8%9a%e0%b8%84%e0%b8%a7%e0%b8%b2%e0%b8%a1%e0%b8%a3%e0%b9%89%e0%b8%ad%e0%b8%99%e0%b8%81#primaryimage\"},\"thumbnailUrl\":\"https:\\\/\\\/www.dillerbottle.com\\\/wp-content\\\/uploads\\\/2024\\\/09\\\/outdoor-thermo-bottle-with-handlebefad9e7-93bb-45b3-9332-09b279062de1.jpg\",\"datePublished\":\"2024-09-29T06:20:59+00:00\",\"dateModified\":\"2025-07-09T08:09:34+00:00\",\"description\":\"As one of the best outdoor thermo bottle with handle manufacturers and suppliers, we are engaged in manufacturing good quality water bottles. We warmly welcome you to wholesale or buy custom made outdoor thermo bottle with handle at competitive price from us. Also, small quantity orders are acceptable.\",\"breadcrumb\":{\"@id\":\"https:\\\/\\\/www.dillerbottle.com\\\/th\\\/%e0%b8%aa%e0%b8%b4%e0%b8%99%e0%b8%84%e0%b9%89%e0%b8%b2\\\/%e0%b8%81%e0%b8%a3%e0%b8%b0%e0%b8%95%e0%b8%b4%e0%b8%81%e0%b8%99%e0%b9%89%e0%b8%b3%e0%b9%80%e0%b8%81%e0%b9%87%e0%b8%9a%e0%b8%84%e0%b8%a7%e0%b8%b2%e0%b8%a1%e0%b8%a3%e0%b9%89%e0%b8%ad%e0%b8%99%e0%b8%81#breadcrumb\"},\"inLanguage\":\"pt-PT\",\"potentialAction\":[{\"@type\":\"ReadAction\",\"target\":[\"https:\\\/\\\/www.dillerbottle.com\\\/th\\\/%e0%b8%aa%e0%b8%b4%e0%b8%99%e0%b8%84%e0%b9%89%e0%b8%b2\\\/%e0%b8%81%e0%b8%a3%e0%b8%b0%e0%b8%95%e0%b8%b4%e0%b8%81%e0%b8%99%e0%b9%89%e0%b8%b3%e0%b9%80%e0%b8%81%e0%b9%87%e0%b8%9a%e0%b8%84%e0%b8%a7%e0%b8%b2%e0%b8%a1%e0%b8%a3%e0%b9%89%e0%b8%ad%e0%b8%99%e0%b8%81\"]}]},{\"@type\":\"ImageObject\",\"inLanguage\":\"pt-PT\",\"@id\":\"https:\\\/\\\/www.dillerbottle.com\\\/th\\\/%e0%b8%aa%e0%b8%b4%e0%b8%99%e0%b8%84%e0%b9%89%e0%b8%b2\\\/%e0%b8%81%e0%b8%a3%e0%b8%b0%e0%b8%95%e0%b8%b4%e0%b8%81%e0%b8%99%e0%b9%89%e0%b8%b3%e0%b9%80%e0%b8%81%e0%b9%87%e0%b8%9a%e0%b8%84%e0%b8%a7%e0%b8%b2%e0%b8%a1%e0%b8%a3%e0%b9%89%e0%b8%ad%e0%b8%99%e0%b8%81#primaryimage\",\"url\":\"https:\\\/\\\/www.dillerbottle.com\\\/wp-content\\\/uploads\\\/2024\\\/09\\\/outdoor-thermo-bottle-with-handlebefad9e7-93bb-45b3-9332-09b279062de1.jpg\",\"contentUrl\":\"https:\\\/\\\/www.dillerbottle.com\\\/wp-content\\\/uploads\\\/2024\\\/09\\\/outdoor-thermo-bottle-with-handlebefad9e7-93bb-45b3-9332-09b279062de1.jpg\",\"width\":730,\"height\":730},{\"@type\":\"BreadcrumbList\",\"@id\":\"https:\\\/\\\/www.dillerbottle.com\\\/th\\\/%e0%b8%aa%e0%b8%b4%e0%b8%99%e0%b8%84%e0%b9%89%e0%b8%b2\\\/%e0%b8%81%e0%b8%a3%e0%b8%b0%e0%b8%95%e0%b8%b4%e0%b8%81%e0%b8%99%e0%b9%89%e0%b8%b3%e0%b9%80%e0%b8%81%e0%b9%87%e0%b8%9a%e0%b8%84%e0%b8%a7%e0%b8%b2%e0%b8%a1%e0%b8%a3%e0%b9%89%e0%b8%ad%e0%b8%99%e0%b8%81#breadcrumb\",\"itemListElement\":[{\"@type\":\"ListItem\",\"position\":1,\"name\":\"Home\",\"item\":\"https:\\\/\\\/www.dillerbottle.com\\\/\"},{\"@type\":\"ListItem\",\"position\":2,\"name\":\"Products\",\"item\":\"https:\\\/\\\/www.dillerbottle.com\\\/shop\"},{\"@type\":\"ListItem\",\"position\":3,\"name\":\"Outdoor Thermo Bottle With Handle\"}]},{\"@type\":\"WebSite\",\"@id\":\"https:\\\/\\\/www.dillerbottle.com\\\/#website\",\"url\":\"https:\\\/\\\/www.dillerbottle.com\\\/\",\"name\":\"Diller Water Bottle Manufacturer\",\"description\":\"Water Bottle Manufacturer\",\"publisher\":{\"@id\":\"https:\\\/\\\/www.dillerbottle.com\\\/#organization\"},\"potentialAction\":[{\"@type\":\"SearchAction\",\"target\":{\"@type\":\"EntryPoint\",\"urlTemplate\":\"https:\\\/\\\/www.dillerbottle.com\\\/?s={search_term_string}\"},\"query-input\":{\"@type\":\"PropertyValueSpecification\",\"valueRequired\":true,\"valueName\":\"search_term_string\"}}],\"inLanguage\":\"pt-PT\"},{\"@type\":\"Organization\",\"@id\":\"https:\\\/\\\/www.dillerbottle.com\\\/#organization\",\"name\":\"Diller Water Bottle Manufacturer\",\"url\":\"https:\\\/\\\/www.dillerbottle.com\\\/\",\"logo\":{\"@type\":\"ImageObject\",\"inLanguage\":\"pt-PT\",\"@id\":\"https:\\\/\\\/www.dillerbottle.com\\\/#\\\/schema\\\/logo\\\/image\\\/\",\"url\":\"https:\\\/\\\/www.dillerbottle.com\\\/wp-content\\\/uploads\\\/2024\\\/09\\\/49918bfa848dcc1e9f8b509933603ac.png\",\"contentUrl\":\"https:\\\/\\\/www.dillerbottle.com\\\/wp-content\\\/uploads\\\/2024\\\/09\\\/49918bfa848dcc1e9f8b509933603ac.png\",\"width\":988,\"height\":198,\"caption\":\"Diller Water Bottle Manufacturer\"},\"image\":{\"@id\":\"https:\\\/\\\/www.dillerbottle.com\\\/#\\\/schema\\\/logo\\\/image\\\/\"}}]}<\/script>\n<!-- \/ Yoast SEO Premium plugin. -->","yoast_head_json":{"title":"Garrafa t\u00e9rmica para exterior com al\u00e7a - Fabricante de garrafas de \u00e1gua Diller","description":"Como um dos melhores fabricantes e fornecedores de garrafas t\u00e9rmicas para \u00e1reas externas com al\u00e7a, estamos engajados na fabrica\u00e7\u00e3o de garrafas de \u00e1gua de boa qualidade. N\u00f3s calorosamente convidamos voc\u00ea a vender no atacado ou comprar garrafas t\u00e9rmicas para \u00e1reas externas personalizadas com al\u00e7a a um pre\u00e7o competitivo conosco. Al\u00e9m disso, pedidos de pequenas quantidades s\u00e3o aceit\u00e1veis.","robots":{"index":"index","follow":"follow","max-snippet":"max-snippet:-1","max-image-preview":"max-image-preview:large","max-video-preview":"max-video-preview:-1"},"canonical":"https:\/\/www.dillerbottle.com\/pt\/produtos\/garrafa-termica-externa-com-alca","og_locale":"pt_PT","og_type":"article","og_title":"Outdoor Thermo Bottle With Handle","og_description":"As one of the best outdoor thermo bottle with handle manufacturers and suppliers, we are engaged in manufacturing good quality water bottles. We warmly welcome you to wholesale or buy custom made outdoor thermo bottle with handle at competitive price from us. Also, small quantity orders are acceptable.","og_url":"https:\/\/www.dillerbottle.com\/pt\/produtos\/garrafa-termica-externa-com-alca","og_site_name":"Diller Water Bottle Manufacturer","article_modified_time":"2025-07-09T08:09:34+00:00","og_image":[{"width":730,"height":730,"url":"https:\/\/www.dillerbottle.com\/wp-content\/uploads\/2024\/09\/outdoor-thermo-bottle-with-handlebefad9e7-93bb-45b3-9332-09b279062de1.jpg","type":"image\/jpeg"}],"twitter_card":"summary_large_image","twitter_misc":{"Tempo estimado de leitura":"6 minutos"},"schema":{"@context":"https:\/\/schema.org","@graph":[{"@type":"WebPage","@id":"https:\/\/www.dillerbottle.com\/th\/%e0%b8%aa%e0%b8%b4%e0%b8%99%e0%b8%84%e0%b9%89%e0%b8%b2\/%e0%b8%81%e0%b8%a3%e0%b8%b0%e0%b8%95%e0%b8%b4%e0%b8%81%e0%b8%99%e0%b9%89%e0%b8%b3%e0%b9%80%e0%b8%81%e0%b9%87%e0%b8%9a%e0%b8%84%e0%b8%a7%e0%b8%b2%e0%b8%a1%e0%b8%a3%e0%b9%89%e0%b8%ad%e0%b8%99%e0%b8%81","url":"https:\/\/www.dillerbottle.com\/th\/%e0%b8%aa%e0%b8%b4%e0%b8%99%e0%b8%84%e0%b9%89%e0%b8%b2\/%e0%b8%81%e0%b8%a3%e0%b8%b0%e0%b8%95%e0%b8%b4%e0%b8%81%e0%b8%99%e0%b9%89%e0%b8%b3%e0%b9%80%e0%b8%81%e0%b9%87%e0%b8%9a%e0%b8%84%e0%b8%a7%e0%b8%b2%e0%b8%a1%e0%b8%a3%e0%b9%89%e0%b8%ad%e0%b8%99%e0%b8%81","name":"Garrafa t\u00e9rmica para exterior com al\u00e7a - Fabricante de garrafas de \u00e1gua Diller","isPartOf":{"@id":"https:\/\/www.dillerbottle.com\/#website"},"primaryImageOfPage":{"@id":"https:\/\/www.dillerbottle.com\/th\/%e0%b8%aa%e0%b8%b4%e0%b8%99%e0%b8%84%e0%b9%89%e0%b8%b2\/%e0%b8%81%e0%b8%a3%e0%b8%b0%e0%b8%95%e0%b8%b4%e0%b8%81%e0%b8%99%e0%b9%89%e0%b8%b3%e0%b9%80%e0%b8%81%e0%b9%87%e0%b8%9a%e0%b8%84%e0%b8%a7%e0%b8%b2%e0%b8%a1%e0%b8%a3%e0%b9%89%e0%b8%ad%e0%b8%99%e0%b8%81#primaryimage"},"image":{"@id":"https:\/\/www.dillerbottle.com\/th\/%e0%b8%aa%e0%b8%b4%e0%b8%99%e0%b8%84%e0%b9%89%e0%b8%b2\/%e0%b8%81%e0%b8%a3%e0%b8%b0%e0%b8%95%e0%b8%b4%e0%b8%81%e0%b8%99%e0%b9%89%e0%b8%b3%e0%b9%80%e0%b8%81%e0%b9%87%e0%b8%9a%e0%b8%84%e0%b8%a7%e0%b8%b2%e0%b8%a1%e0%b8%a3%e0%b9%89%e0%b8%ad%e0%b8%99%e0%b8%81#primaryimage"},"thumbnailUrl":"https:\/\/www.dillerbottle.com\/wp-content\/uploads\/2024\/09\/outdoor-thermo-bottle-with-handlebefad9e7-93bb-45b3-9332-09b279062de1.jpg","datePublished":"2024-09-29T06:20:59+00:00","dateModified":"2025-07-09T08:09:34+00:00","description":"Como um dos melhores fabricantes e fornecedores de garrafas t\u00e9rmicas para \u00e1reas externas com al\u00e7a, estamos engajados na fabrica\u00e7\u00e3o de garrafas de \u00e1gua de boa qualidade. N\u00f3s calorosamente convidamos voc\u00ea a vender no atacado ou comprar garrafas t\u00e9rmicas para \u00e1reas externas personalizadas com al\u00e7a a um pre\u00e7o competitivo conosco. Al\u00e9m disso, pedidos de pequenas quantidades s\u00e3o aceit\u00e1veis.","breadcrumb":{"@id":"https:\/\/www.dillerbottle.com\/th\/%e0%b8%aa%e0%b8%b4%e0%b8%99%e0%b8%84%e0%b9%89%e0%b8%b2\/%e0%b8%81%e0%b8%a3%e0%b8%b0%e0%b8%95%e0%b8%b4%e0%b8%81%e0%b8%99%e0%b9%89%e0%b8%b3%e0%b9%80%e0%b8%81%e0%b9%87%e0%b8%9a%e0%b8%84%e0%b8%a7%e0%b8%b2%e0%b8%a1%e0%b8%a3%e0%b9%89%e0%b8%ad%e0%b8%99%e0%b8%81#breadcrumb"},"inLanguage":"pt-PT","potentialAction":[{"@type":"ReadAction","target":["https:\/\/www.dillerbottle.com\/th\/%e0%b8%aa%e0%b8%b4%e0%b8%99%e0%b8%84%e0%b9%89%e0%b8%b2\/%e0%b8%81%e0%b8%a3%e0%b8%b0%e0%b8%95%e0%b8%b4%e0%b8%81%e0%b8%99%e0%b9%89%e0%b8%b3%e0%b9%80%e0%b8%81%e0%b9%87%e0%b8%9a%e0%b8%84%e0%b8%a7%e0%b8%b2%e0%b8%a1%e0%b8%a3%e0%b9%89%e0%b8%ad%e0%b8%99%e0%b8%81"]}]},{"@type":"ImageObject","inLanguage":"pt-PT","@id":"https:\/\/www.dillerbottle.com\/th\/%e0%b8%aa%e0%b8%b4%e0%b8%99%e0%b8%84%e0%b9%89%e0%b8%b2\/%e0%b8%81%e0%b8%a3%e0%b8%b0%e0%b8%95%e0%b8%b4%e0%b8%81%e0%b8%99%e0%b9%89%e0%b8%b3%e0%b9%80%e0%b8%81%e0%b9%87%e0%b8%9a%e0%b8%84%e0%b8%a7%e0%b8%b2%e0%b8%a1%e0%b8%a3%e0%b9%89%e0%b8%ad%e0%b8%99%e0%b8%81#primaryimage","url":"https:\/\/www.dillerbottle.com\/wp-content\/uploads\/2024\/09\/outdoor-thermo-bottle-with-handlebefad9e7-93bb-45b3-9332-09b279062de1.jpg","contentUrl":"https:\/\/www.dillerbottle.com\/wp-content\/uploads\/2024\/09\/outdoor-thermo-bottle-with-handlebefad9e7-93bb-45b3-9332-09b279062de1.jpg","width":730,"height":730},{"@type":"BreadcrumbList","@id":"https:\/\/www.dillerbottle.com\/th\/%e0%b8%aa%e0%b8%b4%e0%b8%99%e0%b8%84%e0%b9%89%e0%b8%b2\/%e0%b8%81%e0%b8%a3%e0%b8%b0%e0%b8%95%e0%b8%b4%e0%b8%81%e0%b8%99%e0%b9%89%e0%b8%b3%e0%b9%80%e0%b8%81%e0%b9%87%e0%b8%9a%e0%b8%84%e0%b8%a7%e0%b8%b2%e0%b8%a1%e0%b8%a3%e0%b9%89%e0%b8%ad%e0%b8%99%e0%b8%81#breadcrumb","itemListElement":[{"@type":"ListItem","position":1,"name":"Home","item":"https:\/\/www.dillerbottle.com\/"},{"@type":"ListItem","position":2,"name":"Products","item":"https:\/\/www.dillerbottle.com\/shop"},{"@type":"ListItem","position":3,"name":"Outdoor Thermo Bottle With Handle"}]},{"@type":"WebSite","@id":"https:\/\/www.dillerbottle.com\/#website","url":"https:\/\/www.dillerbottle.com\/","name":"Garrafa de \u00e1gua Diller Fabricante","description":"Garrafa de \u00e1gua Fabricante","publisher":{"@id":"https:\/\/www.dillerbottle.com\/#organization"},"potentialAction":[{"@type":"SearchAction","target":{"@type":"EntryPoint","urlTemplate":"https:\/\/www.dillerbottle.com\/?s={search_term_string}"},"query-input":{"@type":"PropertyValueSpecification","valueRequired":true,"valueName":"search_term_string"}}],"inLanguage":"pt-PT"},{"@type":"Organization","@id":"https:\/\/www.dillerbottle.com\/#organization","name":"Garrafa de \u00e1gua Diller Fabricante","url":"https:\/\/www.dillerbottle.com\/","logo":{"@type":"ImageObject","inLanguage":"pt-PT","@id":"https:\/\/www.dillerbottle.com\/#\/schema\/logo\/image\/","url":"https:\/\/www.dillerbottle.com\/wp-content\/uploads\/2024\/09\/49918bfa848dcc1e9f8b509933603ac.png","contentUrl":"https:\/\/www.dillerbottle.com\/wp-content\/uploads\/2024\/09\/49918bfa848dcc1e9f8b509933603ac.png","width":988,"height":198,"caption":"Diller Water Bottle Manufacturer"},"image":{"@id":"https:\/\/www.dillerbottle.com\/#\/schema\/logo\/image\/"}}]}},"_links":{"self":[{"href":"https:\/\/www.dillerbottle.com\/pt\/wp-json\/wp\/v2\/product\/8691","targetHints":{"allow":["GET"]}}],"collection":[{"href":"https:\/\/www.dillerbottle.com\/pt\/wp-json\/wp\/v2\/product"}],"about":[{"href":"https:\/\/www.dillerbottle.com\/pt\/wp-json\/wp\/v2\/types\/product"}],"replies":[{"embeddable":true,"href":"https:\/\/www.dillerbottle.com\/pt\/wp-json\/wp\/v2\/comments?post=8691"}],"wp:featuredmedia":[{"embeddable":true,"href":"https:\/\/www.dillerbottle.com\/pt\/wp-json\/wp\/v2\/media\/8692"}],"wp:attachment":[{"href":"https:\/\/www.dillerbottle.com\/pt\/wp-json\/wp\/v2\/media?parent=8691"}],"wp:term":[{"taxonomy":"product_brand","embeddable":true,"href":"https:\/\/www.dillerbottle.com\/pt\/wp-json\/wp\/v2\/product_brand?post=8691"},{"taxonomy":"product_cat","embeddable":true,"href":"https:\/\/www.dillerbottle.com\/pt\/wp-json\/wp\/v2\/product_cat?post=8691"},{"taxonomy":"product_tag","embeddable":true,"href":"https:\/\/www.dillerbottle.com\/pt\/wp-json\/wp\/v2\/product_tag?post=8691"}],"curies":[{"name":"wp","href":"https:\/\/api.w.org\/{rel}","templated":true}]}}