{"id":8752,"date":"2024-09-29T14:21:54","date_gmt":"2024-09-29T06:21:54","guid":{"rendered":"https:\/\/demo.dillerbottle.com\/products\/fun-graffiti-insulated-coffee-mug"},"modified":"2025-07-09T16:09:13","modified_gmt":"2025-07-09T08:09:13","slug":"caneca-de-cafe-divertida-com-grafite-isolado","status":"publish","type":"product","link":"https:\/\/www.dillerbottle.com\/pt\/products\/fun-graffiti-insulated-coffee-mug","title":{"rendered":"Caneca de caf\u00e9 t\u00e9rmica divertida com grafite"},"content":{"rendered":"<p>1. A caneca de caf\u00e9 com isolamento de grafite divertida \u00e9 feita de a\u00e7o inoxid\u00e1vel leve 304 (18\/8) de grau aliment\u00edcio de alta qualidade, que pode efetivamente manter quente e frio.<\/p>\n<p>2. A capacidade \u00e9 de 1200 ml, o que pode conter \u00e1gua suficiente, caf\u00e9, ch\u00e1, etc.<\/p>\n<p>3. A tampa do copo tem um anel de silicone de veda\u00e7\u00e3o, ent\u00e3o n\u00e3o importa como voc\u00ea o manuseie, voc\u00ea n\u00e3o ter\u00e1 medo de vazamento de \u00e1gua. Canudo de a\u00e7o inoxid\u00e1vel de cortesia, pode ser consumido diretamente ou com um canudo.<\/p>\n<p>4. O corpo do copo tem uma al\u00e7a larga, tornando-o mais conveniente para carregar ao sair. O corpo do copo tamb\u00e9m apresenta um design de grafite original e divertido.<\/p>\n<p>OEM e ODM aceit\u00e1veis.<br \/>\nPodemos personalizar o copo de acordo com suas necessidades.<br \/>\nBem-vindo \u00e0 compra por atacado, envie sua consulta agora!<\/p>\n<p><iframe title=\"Garrafa de \u00e1gua de a\u00e7o inoxid\u00e1vel divertida com grafite Caneca de viagem port\u00e1til Copo 40oz com al\u00e7a MLH9127\" width=\"800\" height=\"450\" src=\"https:\/\/www.youtube.com\/embed\/CAm04pIXRGk?feature=oembed\" frameborder=\"0\" allow=\"accelerometer; autoplay; clipboard-write; encrypted-media; gyroscope; picture-in-picture; web-share\" referrerpolicy=\"strict-origin-when-cross-origin\" allowfullscreen><\/iframe><\/p>","protected":false},"excerpt":{"rendered":"<p>Esta divertida caneca de caf\u00e9 isolada com grafite \u00e9 feita de a\u00e7o inoxid\u00e1vel dur\u00e1vel e materiais de qualidade alimentar.<br \/>\nCom isolamento a v\u00e1cuo, esta garrafa t\u00e9rmica de metal pode manter o conte\u00fado quente ou gelado por at\u00e9 6 a 12 horas.<br \/>\nO corpo do copo tem uma al\u00e7a larga, o que o torna mais pr\u00e1tico para transportar quando sair.<br \/>\nO corpo do copo tamb\u00e9m apresenta um design de grafite original e divertido.<br \/>\nOEM e ODM aceit\u00e1veis.<br \/>\nPodemos personalizar a garrafa t\u00e9rmica de acordo com suas necessidades.<br \/>\nBem-vindo \u00e0 compra por atacado, envie sua consulta agora!<\/p>","protected":false},"featured_media":8753,"comment_status":"open","ping_status":"closed","template":"","meta":{"_acf_changed":false},"product_brand":[],"product_cat":[46,18],"product_tag":[785,32,36,33,31,524,749,39,783,38,29,37,784,34,35,28,692,537,30],"class_list":{"0":"post-8752","1":"product","2":"type-product","3":"status-publish","4":"has-post-thumbnail","6":"product_cat-cup","7":"product_cat-insulated-water-bottle","8":"product_tag-500ml-stainless-steel-water-bottle","9":"product_tag-best","10":"product_tag-bulk","11":"product_tag-buy","12":"product_tag-custom","13":"product_tag-drinking-water-bottles","14":"product_tag-eco-friendly-water-bottle","15":"product_tag-for-sale","16":"product_tag-fun-graffiti-insulated-coffee-mug","17":"product_tag-good-quality","18":"product_tag-manufacturers","19":"product_tag-manufacturing","20":"product_tag-portable-water-bottle","21":"product_tag-price","22":"product_tag-small","23":"product_tag-suppliers","24":"product_tag-vacuum-sports-stainless-steel-sport-water-bottle","25":"product_tag-water-bottle-sleeve","26":"product_tag-wholesale","28":"first","29":"instock","30":"shipping-taxable","31":"product-type-simple"},"acf":[],"yoast_head":"<!-- This site is optimized with the Yoast SEO Premium plugin v27.5 (Yoast SEO v27.5) - https:\/\/yoast.com\/product\/yoast-seo-premium-wordpress\/ -->\n<title>Fun Graffiti Insulated Coffee Mug - Diller Water Bottle Manufacturer<\/title>\n<meta name=\"description\" content=\"As one of the best fun graffiti insulated coffee mug manufacturers and suppliers, we are engaged in manufacturing good quality water bottles. We warmly welcome you to wholesale or buy custom made fun graffiti insulated coffee mug at competitive price from us. Also, small quantity orders are acceptable.\" \/>\n<meta name=\"robots\" content=\"index, follow, max-snippet:-1, max-image-preview:large, max-video-preview:-1\" \/>\n<link rel=\"canonical\" href=\"https:\/\/www.dillerbottle.com\/pt\/produtos\/caneca-de-cafe-divertida-com-grafite-isolado\" \/>\n<meta property=\"og:locale\" content=\"pt_PT\" \/>\n<meta property=\"og:type\" content=\"article\" \/>\n<meta property=\"og:title\" content=\"Fun Graffiti Insulated Coffee Mug\" \/>\n<meta property=\"og:description\" content=\"As one of the best fun graffiti insulated coffee mug manufacturers and suppliers, we are engaged in manufacturing good quality water bottles. We warmly welcome you to wholesale or buy custom made fun graffiti insulated coffee mug at competitive price from us. Also, small quantity orders are acceptable.\" \/>\n<meta property=\"og:url\" content=\"https:\/\/www.dillerbottle.com\/pt\/produtos\/caneca-de-cafe-divertida-com-grafite-isolado\" \/>\n<meta property=\"og:site_name\" content=\"Diller Water Bottle Manufacturer\" \/>\n<meta property=\"article:modified_time\" content=\"2025-07-09T08:09:13+00:00\" \/>\n<meta property=\"og:image\" content=\"https:\/\/www.dillerbottle.com\/wp-content\/uploads\/2024\/09\/fun-graffiti-insulated-coffee-mug8df559d6-a6f9-459e-a7a2-f4cf53e235e1.jpg\" \/>\n\t<meta property=\"og:image:width\" content=\"730\" \/>\n\t<meta property=\"og:image:height\" content=\"730\" \/>\n\t<meta property=\"og:image:type\" content=\"image\/jpeg\" \/>\n<meta name=\"twitter:card\" content=\"summary_large_image\" \/>\n<meta name=\"twitter:label1\" content=\"Tempo estimado de leitura\" \/>\n\t<meta name=\"twitter:data1\" content=\"6 minutos\" \/>\n<script type=\"application\/ld+json\" class=\"yoast-schema-graph\">{\"@context\":\"https:\\\/\\\/schema.org\",\"@graph\":[{\"@type\":\"WebPage\",\"@id\":\"https:\\\/\\\/www.dillerbottle.com\\\/ja\\\/%e8%a3%bd%e5%93%81\\\/%e6%a5%bd%e3%81%97%e3%81%84%e8%90%bd%e6%9b%b8%e3%81%8d%e6%96%ad%e7%86%b1%e3%82%b3%e3%83%bc%e3%83%92%e3%83%bc%e3%83%9e%e3%82%b0\",\"url\":\"https:\\\/\\\/www.dillerbottle.com\\\/ja\\\/%e8%a3%bd%e5%93%81\\\/%e6%a5%bd%e3%81%97%e3%81%84%e8%90%bd%e6%9b%b8%e3%81%8d%e6%96%ad%e7%86%b1%e3%82%b3%e3%83%bc%e3%83%92%e3%83%bc%e3%83%9e%e3%82%b0\",\"name\":\"Fun Graffiti Insulated Coffee Mug - Diller Water Bottle Manufacturer\",\"isPartOf\":{\"@id\":\"https:\\\/\\\/www.dillerbottle.com\\\/#website\"},\"primaryImageOfPage\":{\"@id\":\"https:\\\/\\\/www.dillerbottle.com\\\/ja\\\/%e8%a3%bd%e5%93%81\\\/%e6%a5%bd%e3%81%97%e3%81%84%e8%90%bd%e6%9b%b8%e3%81%8d%e6%96%ad%e7%86%b1%e3%82%b3%e3%83%bc%e3%83%92%e3%83%bc%e3%83%9e%e3%82%b0#primaryimage\"},\"image\":{\"@id\":\"https:\\\/\\\/www.dillerbottle.com\\\/ja\\\/%e8%a3%bd%e5%93%81\\\/%e6%a5%bd%e3%81%97%e3%81%84%e8%90%bd%e6%9b%b8%e3%81%8d%e6%96%ad%e7%86%b1%e3%82%b3%e3%83%bc%e3%83%92%e3%83%bc%e3%83%9e%e3%82%b0#primaryimage\"},\"thumbnailUrl\":\"https:\\\/\\\/www.dillerbottle.com\\\/wp-content\\\/uploads\\\/2024\\\/09\\\/fun-graffiti-insulated-coffee-mug8df559d6-a6f9-459e-a7a2-f4cf53e235e1.jpg\",\"datePublished\":\"2024-09-29T06:21:54+00:00\",\"dateModified\":\"2025-07-09T08:09:13+00:00\",\"description\":\"As one of the best fun graffiti insulated coffee mug manufacturers and suppliers, we are engaged in manufacturing good quality water bottles. We warmly welcome you to wholesale or buy custom made fun graffiti insulated coffee mug at competitive price from us. Also, small quantity orders are acceptable.\",\"breadcrumb\":{\"@id\":\"https:\\\/\\\/www.dillerbottle.com\\\/ja\\\/%e8%a3%bd%e5%93%81\\\/%e6%a5%bd%e3%81%97%e3%81%84%e8%90%bd%e6%9b%b8%e3%81%8d%e6%96%ad%e7%86%b1%e3%82%b3%e3%83%bc%e3%83%92%e3%83%bc%e3%83%9e%e3%82%b0#breadcrumb\"},\"inLanguage\":\"pt-PT\",\"potentialAction\":[{\"@type\":\"ReadAction\",\"target\":[\"https:\\\/\\\/www.dillerbottle.com\\\/ja\\\/%e8%a3%bd%e5%93%81\\\/%e6%a5%bd%e3%81%97%e3%81%84%e8%90%bd%e6%9b%b8%e3%81%8d%e6%96%ad%e7%86%b1%e3%82%b3%e3%83%bc%e3%83%92%e3%83%bc%e3%83%9e%e3%82%b0\"]}]},{\"@type\":\"ImageObject\",\"inLanguage\":\"pt-PT\",\"@id\":\"https:\\\/\\\/www.dillerbottle.com\\\/ja\\\/%e8%a3%bd%e5%93%81\\\/%e6%a5%bd%e3%81%97%e3%81%84%e8%90%bd%e6%9b%b8%e3%81%8d%e6%96%ad%e7%86%b1%e3%82%b3%e3%83%bc%e3%83%92%e3%83%bc%e3%83%9e%e3%82%b0#primaryimage\",\"url\":\"https:\\\/\\\/www.dillerbottle.com\\\/wp-content\\\/uploads\\\/2024\\\/09\\\/fun-graffiti-insulated-coffee-mug8df559d6-a6f9-459e-a7a2-f4cf53e235e1.jpg\",\"contentUrl\":\"https:\\\/\\\/www.dillerbottle.com\\\/wp-content\\\/uploads\\\/2024\\\/09\\\/fun-graffiti-insulated-coffee-mug8df559d6-a6f9-459e-a7a2-f4cf53e235e1.jpg\",\"width\":730,\"height\":730},{\"@type\":\"BreadcrumbList\",\"@id\":\"https:\\\/\\\/www.dillerbottle.com\\\/ja\\\/%e8%a3%bd%e5%93%81\\\/%e6%a5%bd%e3%81%97%e3%81%84%e8%90%bd%e6%9b%b8%e3%81%8d%e6%96%ad%e7%86%b1%e3%82%b3%e3%83%bc%e3%83%92%e3%83%bc%e3%83%9e%e3%82%b0#breadcrumb\",\"itemListElement\":[{\"@type\":\"ListItem\",\"position\":1,\"name\":\"Home\",\"item\":\"https:\\\/\\\/www.dillerbottle.com\\\/\"},{\"@type\":\"ListItem\",\"position\":2,\"name\":\"Products\",\"item\":\"https:\\\/\\\/www.dillerbottle.com\\\/shop\"},{\"@type\":\"ListItem\",\"position\":3,\"name\":\"Fun Graffiti Insulated Coffee Mug\"}]},{\"@type\":\"WebSite\",\"@id\":\"https:\\\/\\\/www.dillerbottle.com\\\/#website\",\"url\":\"https:\\\/\\\/www.dillerbottle.com\\\/\",\"name\":\"Diller Water Bottle Manufacturer\",\"description\":\"Water Bottle Manufacturer\",\"publisher\":{\"@id\":\"https:\\\/\\\/www.dillerbottle.com\\\/#organization\"},\"potentialAction\":[{\"@type\":\"SearchAction\",\"target\":{\"@type\":\"EntryPoint\",\"urlTemplate\":\"https:\\\/\\\/www.dillerbottle.com\\\/?s={search_term_string}\"},\"query-input\":{\"@type\":\"PropertyValueSpecification\",\"valueRequired\":true,\"valueName\":\"search_term_string\"}}],\"inLanguage\":\"pt-PT\"},{\"@type\":\"Organization\",\"@id\":\"https:\\\/\\\/www.dillerbottle.com\\\/#organization\",\"name\":\"Diller Water Bottle Manufacturer\",\"url\":\"https:\\\/\\\/www.dillerbottle.com\\\/\",\"logo\":{\"@type\":\"ImageObject\",\"inLanguage\":\"pt-PT\",\"@id\":\"https:\\\/\\\/www.dillerbottle.com\\\/#\\\/schema\\\/logo\\\/image\\\/\",\"url\":\"https:\\\/\\\/www.dillerbottle.com\\\/wp-content\\\/uploads\\\/2024\\\/09\\\/49918bfa848dcc1e9f8b509933603ac.png\",\"contentUrl\":\"https:\\\/\\\/www.dillerbottle.com\\\/wp-content\\\/uploads\\\/2024\\\/09\\\/49918bfa848dcc1e9f8b509933603ac.png\",\"width\":988,\"height\":198,\"caption\":\"Diller Water Bottle Manufacturer\"},\"image\":{\"@id\":\"https:\\\/\\\/www.dillerbottle.com\\\/#\\\/schema\\\/logo\\\/image\\\/\"}}]}<\/script>\n<!-- \/ Yoast SEO Premium plugin. -->","yoast_head_json":{"title":"Caneca de caf\u00e9 t\u00e9rmica divertida com grafite - Fabricante de garrafas de \u00e1gua Diller","description":"Como um dos melhores fabricantes e fornecedores de canecas de caf\u00e9 isoladas com grafite divertido, estamos engajados na fabrica\u00e7\u00e3o de garrafas de \u00e1gua de boa qualidade. N\u00f3s calorosamente convidamos voc\u00ea a vender no atacado ou comprar canecas de caf\u00e9 isoladas com grafite divertido personalizadas a um pre\u00e7o competitivo conosco. Al\u00e9m disso, pedidos de pequenas quantidades s\u00e3o aceit\u00e1veis.","robots":{"index":"index","follow":"follow","max-snippet":"max-snippet:-1","max-image-preview":"max-image-preview:large","max-video-preview":"max-video-preview:-1"},"canonical":"https:\/\/www.dillerbottle.com\/pt\/produtos\/caneca-de-cafe-divertida-com-grafite-isolado","og_locale":"pt_PT","og_type":"article","og_title":"Fun Graffiti Insulated Coffee Mug","og_description":"As one of the best fun graffiti insulated coffee mug manufacturers and suppliers, we are engaged in manufacturing good quality water bottles. We warmly welcome you to wholesale or buy custom made fun graffiti insulated coffee mug at competitive price from us. Also, small quantity orders are acceptable.","og_url":"https:\/\/www.dillerbottle.com\/pt\/produtos\/caneca-de-cafe-divertida-com-grafite-isolado","og_site_name":"Diller Water Bottle Manufacturer","article_modified_time":"2025-07-09T08:09:13+00:00","og_image":[{"width":730,"height":730,"url":"https:\/\/www.dillerbottle.com\/wp-content\/uploads\/2024\/09\/fun-graffiti-insulated-coffee-mug8df559d6-a6f9-459e-a7a2-f4cf53e235e1.jpg","type":"image\/jpeg"}],"twitter_card":"summary_large_image","twitter_misc":{"Tempo estimado de leitura":"6 minutos"},"schema":{"@context":"https:\/\/schema.org","@graph":[{"@type":"WebPage","@id":"https:\/\/www.dillerbottle.com\/ja\/%e8%a3%bd%e5%93%81\/%e6%a5%bd%e3%81%97%e3%81%84%e8%90%bd%e6%9b%b8%e3%81%8d%e6%96%ad%e7%86%b1%e3%82%b3%e3%83%bc%e3%83%92%e3%83%bc%e3%83%9e%e3%82%b0","url":"https:\/\/www.dillerbottle.com\/ja\/%e8%a3%bd%e5%93%81\/%e6%a5%bd%e3%81%97%e3%81%84%e8%90%bd%e6%9b%b8%e3%81%8d%e6%96%ad%e7%86%b1%e3%82%b3%e3%83%bc%e3%83%92%e3%83%bc%e3%83%9e%e3%82%b0","name":"Caneca de caf\u00e9 t\u00e9rmica divertida com grafite - Fabricante de garrafas de \u00e1gua Diller","isPartOf":{"@id":"https:\/\/www.dillerbottle.com\/#website"},"primaryImageOfPage":{"@id":"https:\/\/www.dillerbottle.com\/ja\/%e8%a3%bd%e5%93%81\/%e6%a5%bd%e3%81%97%e3%81%84%e8%90%bd%e6%9b%b8%e3%81%8d%e6%96%ad%e7%86%b1%e3%82%b3%e3%83%bc%e3%83%92%e3%83%bc%e3%83%9e%e3%82%b0#primaryimage"},"image":{"@id":"https:\/\/www.dillerbottle.com\/ja\/%e8%a3%bd%e5%93%81\/%e6%a5%bd%e3%81%97%e3%81%84%e8%90%bd%e6%9b%b8%e3%81%8d%e6%96%ad%e7%86%b1%e3%82%b3%e3%83%bc%e3%83%92%e3%83%bc%e3%83%9e%e3%82%b0#primaryimage"},"thumbnailUrl":"https:\/\/www.dillerbottle.com\/wp-content\/uploads\/2024\/09\/fun-graffiti-insulated-coffee-mug8df559d6-a6f9-459e-a7a2-f4cf53e235e1.jpg","datePublished":"2024-09-29T06:21:54+00:00","dateModified":"2025-07-09T08:09:13+00:00","description":"Como um dos melhores fabricantes e fornecedores de canecas de caf\u00e9 isoladas com grafite divertido, estamos engajados na fabrica\u00e7\u00e3o de garrafas de \u00e1gua de boa qualidade. N\u00f3s calorosamente convidamos voc\u00ea a vender no atacado ou comprar canecas de caf\u00e9 isoladas com grafite divertido personalizadas a um pre\u00e7o competitivo conosco. Al\u00e9m disso, pedidos de pequenas quantidades s\u00e3o aceit\u00e1veis.","breadcrumb":{"@id":"https:\/\/www.dillerbottle.com\/ja\/%e8%a3%bd%e5%93%81\/%e6%a5%bd%e3%81%97%e3%81%84%e8%90%bd%e6%9b%b8%e3%81%8d%e6%96%ad%e7%86%b1%e3%82%b3%e3%83%bc%e3%83%92%e3%83%bc%e3%83%9e%e3%82%b0#breadcrumb"},"inLanguage":"pt-PT","potentialAction":[{"@type":"ReadAction","target":["https:\/\/www.dillerbottle.com\/ja\/%e8%a3%bd%e5%93%81\/%e6%a5%bd%e3%81%97%e3%81%84%e8%90%bd%e6%9b%b8%e3%81%8d%e6%96%ad%e7%86%b1%e3%82%b3%e3%83%bc%e3%83%92%e3%83%bc%e3%83%9e%e3%82%b0"]}]},{"@type":"ImageObject","inLanguage":"pt-PT","@id":"https:\/\/www.dillerbottle.com\/ja\/%e8%a3%bd%e5%93%81\/%e6%a5%bd%e3%81%97%e3%81%84%e8%90%bd%e6%9b%b8%e3%81%8d%e6%96%ad%e7%86%b1%e3%82%b3%e3%83%bc%e3%83%92%e3%83%bc%e3%83%9e%e3%82%b0#primaryimage","url":"https:\/\/www.dillerbottle.com\/wp-content\/uploads\/2024\/09\/fun-graffiti-insulated-coffee-mug8df559d6-a6f9-459e-a7a2-f4cf53e235e1.jpg","contentUrl":"https:\/\/www.dillerbottle.com\/wp-content\/uploads\/2024\/09\/fun-graffiti-insulated-coffee-mug8df559d6-a6f9-459e-a7a2-f4cf53e235e1.jpg","width":730,"height":730},{"@type":"BreadcrumbList","@id":"https:\/\/www.dillerbottle.com\/ja\/%e8%a3%bd%e5%93%81\/%e6%a5%bd%e3%81%97%e3%81%84%e8%90%bd%e6%9b%b8%e3%81%8d%e6%96%ad%e7%86%b1%e3%82%b3%e3%83%bc%e3%83%92%e3%83%bc%e3%83%9e%e3%82%b0#breadcrumb","itemListElement":[{"@type":"ListItem","position":1,"name":"Home","item":"https:\/\/www.dillerbottle.com\/"},{"@type":"ListItem","position":2,"name":"Products","item":"https:\/\/www.dillerbottle.com\/shop"},{"@type":"ListItem","position":3,"name":"Fun Graffiti Insulated Coffee Mug"}]},{"@type":"WebSite","@id":"https:\/\/www.dillerbottle.com\/#website","url":"https:\/\/www.dillerbottle.com\/","name":"Garrafa de \u00e1gua Diller Fabricante","description":"Garrafa de \u00e1gua Fabricante","publisher":{"@id":"https:\/\/www.dillerbottle.com\/#organization"},"potentialAction":[{"@type":"SearchAction","target":{"@type":"EntryPoint","urlTemplate":"https:\/\/www.dillerbottle.com\/?s={search_term_string}"},"query-input":{"@type":"PropertyValueSpecification","valueRequired":true,"valueName":"search_term_string"}}],"inLanguage":"pt-PT"},{"@type":"Organization","@id":"https:\/\/www.dillerbottle.com\/#organization","name":"Garrafa de \u00e1gua Diller Fabricante","url":"https:\/\/www.dillerbottle.com\/","logo":{"@type":"ImageObject","inLanguage":"pt-PT","@id":"https:\/\/www.dillerbottle.com\/#\/schema\/logo\/image\/","url":"https:\/\/www.dillerbottle.com\/wp-content\/uploads\/2024\/09\/49918bfa848dcc1e9f8b509933603ac.png","contentUrl":"https:\/\/www.dillerbottle.com\/wp-content\/uploads\/2024\/09\/49918bfa848dcc1e9f8b509933603ac.png","width":988,"height":198,"caption":"Diller Water Bottle Manufacturer"},"image":{"@id":"https:\/\/www.dillerbottle.com\/#\/schema\/logo\/image\/"}}]}},"_links":{"self":[{"href":"https:\/\/www.dillerbottle.com\/pt\/wp-json\/wp\/v2\/product\/8752","targetHints":{"allow":["GET"]}}],"collection":[{"href":"https:\/\/www.dillerbottle.com\/pt\/wp-json\/wp\/v2\/product"}],"about":[{"href":"https:\/\/www.dillerbottle.com\/pt\/wp-json\/wp\/v2\/types\/product"}],"replies":[{"embeddable":true,"href":"https:\/\/www.dillerbottle.com\/pt\/wp-json\/wp\/v2\/comments?post=8752"}],"wp:featuredmedia":[{"embeddable":true,"href":"https:\/\/www.dillerbottle.com\/pt\/wp-json\/wp\/v2\/media\/8753"}],"wp:attachment":[{"href":"https:\/\/www.dillerbottle.com\/pt\/wp-json\/wp\/v2\/media?parent=8752"}],"wp:term":[{"taxonomy":"product_brand","embeddable":true,"href":"https:\/\/www.dillerbottle.com\/pt\/wp-json\/wp\/v2\/product_brand?post=8752"},{"taxonomy":"product_cat","embeddable":true,"href":"https:\/\/www.dillerbottle.com\/pt\/wp-json\/wp\/v2\/product_cat?post=8752"},{"taxonomy":"product_tag","embeddable":true,"href":"https:\/\/www.dillerbottle.com\/pt\/wp-json\/wp\/v2\/product_tag?post=8752"}],"curies":[{"name":"wp","href":"https:\/\/api.w.org\/{rel}","templated":true}]}}