{"id":8821,"date":"2024-09-29T14:22:55","date_gmt":"2024-09-29T06:22:55","guid":{"rendered":"https:\/\/demo.dillerbottle.com\/products\/minimalist-vacuum-flask-with-lid"},"modified":"2026-04-16T21:46:25","modified_gmt":"2026-04-16T13:46:25","slug":"garrafa-termica-minimalista-com-tampa","status":"publish","type":"product","link":"https:\/\/www.dillerbottle.com\/pt\/products\/minimalist-vacuum-flask-with-lid","title":{"rendered":"Frasco de v\u00e1cuo minimalista com tampa"},"content":{"rendered":"<p>1. O revestimento interno da garrafa t\u00e9rmica minimalista com tampa \u00e9 feito de a\u00e7o inoxid\u00e1vel 316, que pode manter a bebida fria ou quente por at\u00e9 6 a 12 horas, adequado para todas as esta\u00e7\u00f5es.<\/p>\n<p>2.Voc\u00ea pode abrir a tampa e beber diretamente ou despejar em uma tampa de copo para beber. A tampa do copo tamb\u00e9m tem um design de al\u00e7a pequena, tornando-a mais conveniente de manusear.<\/p>\n<p>3. A tampa do copo \u00e9 equipada com um anel de veda\u00e7\u00e3o de silicone, que n\u00e3o tem medo de vazamento de \u00e1gua quando colocado de cabe\u00e7a para baixo na bolsa.<\/p>\n<p>4. A tampa interna do frasco a v\u00e1cuo possui um infusor de ch\u00e1, facilitando o consumo do ch\u00e1 sem res\u00edduos.<\/p>\n<p>OEM e ODM aceit\u00e1veis.<br \/>\nPodemos personalizar o copo de acordo com suas necessidades.<br \/>\nBem-vindo \u00e0 compra por atacado, envie sua consulta agora!<\/p>\n<p><iframe title=\"Garrafa de \u00e1gua de a\u00e7o inoxid\u00e1vel simples, frascos de v\u00e1cuo port\u00e1teis para exterior com tampa e infusor de ch\u00e1 MLH9119\" width=\"800\" height=\"450\" src=\"https:\/\/www.youtube.com\/embed\/_F6IR4hS4ik?feature=oembed\" frameborder=\"0\" allow=\"accelerometer; autoplay; clipboard-write; encrypted-media; gyroscope; picture-in-picture; web-share\" referrerpolicy=\"strict-origin-when-cross-origin\" allowfullscreen><\/iframe><\/p>","protected":false},"excerpt":{"rendered":"<p>Esta garrafa t\u00e9rmica minimalista com tampa \u00e9 feita de a\u00e7o inoxid\u00e1vel 316 dur\u00e1vel e materiais de qualidade alimentar.<br \/>\nCom isolamento a v\u00e1cuo, esta garrafa t\u00e9rmica de metal pode manter o conte\u00fado quente ou gelado por at\u00e9 6 a 12 horas.<br \/>\nVoc\u00ea pode abrir a tampa e beber diretamente ou despejar na tampa de um copo para beber.<br \/>\nA tampa do copo tamb\u00e9m tem um design com al\u00e7a pequena, o que a torna mais pr\u00e1tica de manusear.<br \/>\nOEM e ODM aceit\u00e1veis.<br \/>\nPodemos personalizar a garrafa t\u00e9rmica de acordo com suas necessidades.<br \/>\nBem-vindo \u00e0 compra por atacado, envie sua consulta agora!<\/p>","protected":false},"featured_media":12427,"comment_status":"open","ping_status":"closed","template":"","meta":{"_acf_changed":false},"product_brand":[],"product_cat":[18],"product_tag":[32,36,33,31,789,770,39,693,38,29,37,788,34,686,35,28,739,691,30],"class_list":{"0":"post-8821","1":"product","2":"type-product","3":"status-publish","4":"has-post-thumbnail","6":"product_cat-insulated-water-bottle","7":"product_tag-best","8":"product_tag-bulk","9":"product_tag-buy","10":"product_tag-custom","11":"product_tag-cycling-bottles-water-custom-logo","12":"product_tag-display-smart-water-bottle-vacuum-flasks","13":"product_tag-for-sale","14":"product_tag-frosted-water-bottle-bpa-free","15":"product_tag-good-quality","16":"product_tag-manufacturers","17":"product_tag-manufacturing","18":"product_tag-minimalist-vacuum-flask-with-lid","19":"product_tag-price","20":"product_tag-school-water-bottle","21":"product_tag-small","22":"product_tag-suppliers","23":"product_tag-water-bottle-wood-lid","24":"product_tag-water-bottles-leak-proof-bpa-free-sports-bottle","25":"product_tag-wholesale","27":"first","28":"instock","29":"featured","30":"shipping-taxable","31":"product-type-simple"},"acf":[],"yoast_head":"<!-- This site is optimized with the Yoast SEO Premium plugin v27.5 (Yoast SEO v27.5) - https:\/\/yoast.com\/product\/yoast-seo-premium-wordpress\/ -->\n<title>Minimalist Vacuum Flask With Lid - Diller Water Bottle Manufacturer<\/title>\n<meta name=\"description\" content=\"As one of the best minimalist vacuum flask with lid manufacturers and suppliers, we are engaged in manufacturing good quality water bottles. We warmly welcome you to wholesale or buy custom made minimalist vacuum flask with lid at competitive price from us. Also, small quantity orders are acceptable.\" \/>\n<meta name=\"robots\" content=\"index, follow, max-snippet:-1, max-image-preview:large, max-video-preview:-1\" \/>\n<link rel=\"canonical\" href=\"https:\/\/www.dillerbottle.com\/pt\/produtos\/garrafa-termica-minimalista-com-tampa\" \/>\n<meta property=\"og:locale\" content=\"pt_PT\" \/>\n<meta property=\"og:type\" content=\"article\" \/>\n<meta property=\"og:title\" content=\"Minimalist Vacuum Flask With Lid\" \/>\n<meta property=\"og:description\" content=\"As one of the best minimalist vacuum flask with lid manufacturers and suppliers, we are engaged in manufacturing good quality water bottles. We warmly welcome you to wholesale or buy custom made minimalist vacuum flask with lid at competitive price from us. Also, small quantity orders are acceptable.\" \/>\n<meta property=\"og:url\" content=\"https:\/\/www.dillerbottle.com\/pt\/produtos\/garrafa-termica-minimalista-com-tampa\" \/>\n<meta property=\"og:site_name\" content=\"Diller Water Bottle Manufacturer\" \/>\n<meta property=\"article:modified_time\" content=\"2026-04-16T13:46:25+00:00\" \/>\n<meta property=\"og:image\" content=\"https:\/\/www.dillerbottle.com\/wp-content\/uploads\/2024\/09\/000MLH9119-500_\u5305\u88c5_\u767d_1.png\" \/>\n\t<meta property=\"og:image:width\" content=\"800\" \/>\n\t<meta property=\"og:image:height\" content=\"800\" \/>\n\t<meta property=\"og:image:type\" content=\"image\/png\" \/>\n<meta name=\"twitter:card\" content=\"summary_large_image\" \/>\n<meta name=\"twitter:label1\" content=\"Tempo estimado de leitura\" \/>\n\t<meta name=\"twitter:data1\" content=\"1 minuto\" \/>\n<script type=\"application\/ld+json\" class=\"yoast-schema-graph\">{\"@context\":\"https:\\\/\\\/schema.org\",\"@graph\":[{\"@type\":\"WebPage\",\"@id\":\"https:\\\/\\\/www.dillerbottle.com\\\/nl\\\/producten\\\/minimalistische-thermosfles-met-deksel\",\"url\":\"https:\\\/\\\/www.dillerbottle.com\\\/nl\\\/producten\\\/minimalistische-thermosfles-met-deksel\",\"name\":\"Minimalist Vacuum Flask With Lid - Diller Water Bottle Manufacturer\",\"isPartOf\":{\"@id\":\"https:\\\/\\\/www.dillerbottle.com\\\/#website\"},\"primaryImageOfPage\":{\"@id\":\"https:\\\/\\\/www.dillerbottle.com\\\/nl\\\/producten\\\/minimalistische-thermosfles-met-deksel#primaryimage\"},\"image\":{\"@id\":\"https:\\\/\\\/www.dillerbottle.com\\\/nl\\\/producten\\\/minimalistische-thermosfles-met-deksel#primaryimage\"},\"thumbnailUrl\":\"https:\\\/\\\/www.dillerbottle.com\\\/wp-content\\\/uploads\\\/2024\\\/09\\\/000MLH9119-500_\u5305\u88c5_\u767d_1.png\",\"datePublished\":\"2024-09-29T06:22:55+00:00\",\"dateModified\":\"2026-04-16T13:46:25+00:00\",\"description\":\"As one of the best minimalist vacuum flask with lid manufacturers and suppliers, we are engaged in manufacturing good quality water bottles. We warmly welcome you to wholesale or buy custom made minimalist vacuum flask with lid at competitive price from us. Also, small quantity orders are acceptable.\",\"breadcrumb\":{\"@id\":\"https:\\\/\\\/www.dillerbottle.com\\\/nl\\\/producten\\\/minimalistische-thermosfles-met-deksel#breadcrumb\"},\"inLanguage\":\"pt-PT\",\"potentialAction\":[{\"@type\":\"ReadAction\",\"target\":[\"https:\\\/\\\/www.dillerbottle.com\\\/nl\\\/producten\\\/minimalistische-thermosfles-met-deksel\"]}]},{\"@type\":\"ImageObject\",\"inLanguage\":\"pt-PT\",\"@id\":\"https:\\\/\\\/www.dillerbottle.com\\\/nl\\\/producten\\\/minimalistische-thermosfles-met-deksel#primaryimage\",\"url\":\"https:\\\/\\\/www.dillerbottle.com\\\/wp-content\\\/uploads\\\/2024\\\/09\\\/000MLH9119-500_\u5305\u88c5_\u767d_1.png\",\"contentUrl\":\"https:\\\/\\\/www.dillerbottle.com\\\/wp-content\\\/uploads\\\/2024\\\/09\\\/000MLH9119-500_\u5305\u88c5_\u767d_1.png\",\"width\":800,\"height\":800},{\"@type\":\"BreadcrumbList\",\"@id\":\"https:\\\/\\\/www.dillerbottle.com\\\/nl\\\/producten\\\/minimalistische-thermosfles-met-deksel#breadcrumb\",\"itemListElement\":[{\"@type\":\"ListItem\",\"position\":1,\"name\":\"Home\",\"item\":\"https:\\\/\\\/www.dillerbottle.com\\\/\"},{\"@type\":\"ListItem\",\"position\":2,\"name\":\"Products\",\"item\":\"https:\\\/\\\/www.dillerbottle.com\\\/shop\"},{\"@type\":\"ListItem\",\"position\":3,\"name\":\"Minimalist Vacuum Flask With Lid\"}]},{\"@type\":\"WebSite\",\"@id\":\"https:\\\/\\\/www.dillerbottle.com\\\/#website\",\"url\":\"https:\\\/\\\/www.dillerbottle.com\\\/\",\"name\":\"Diller Water Bottle Manufacturer\",\"description\":\"Water Bottle Manufacturer\",\"publisher\":{\"@id\":\"https:\\\/\\\/www.dillerbottle.com\\\/#organization\"},\"potentialAction\":[{\"@type\":\"SearchAction\",\"target\":{\"@type\":\"EntryPoint\",\"urlTemplate\":\"https:\\\/\\\/www.dillerbottle.com\\\/?s={search_term_string}\"},\"query-input\":{\"@type\":\"PropertyValueSpecification\",\"valueRequired\":true,\"valueName\":\"search_term_string\"}}],\"inLanguage\":\"pt-PT\"},{\"@type\":\"Organization\",\"@id\":\"https:\\\/\\\/www.dillerbottle.com\\\/#organization\",\"name\":\"Diller Water Bottle Manufacturer\",\"url\":\"https:\\\/\\\/www.dillerbottle.com\\\/\",\"logo\":{\"@type\":\"ImageObject\",\"inLanguage\":\"pt-PT\",\"@id\":\"https:\\\/\\\/www.dillerbottle.com\\\/#\\\/schema\\\/logo\\\/image\\\/\",\"url\":\"https:\\\/\\\/www.dillerbottle.com\\\/wp-content\\\/uploads\\\/2024\\\/09\\\/49918bfa848dcc1e9f8b509933603ac.png\",\"contentUrl\":\"https:\\\/\\\/www.dillerbottle.com\\\/wp-content\\\/uploads\\\/2024\\\/09\\\/49918bfa848dcc1e9f8b509933603ac.png\",\"width\":988,\"height\":198,\"caption\":\"Diller Water Bottle Manufacturer\"},\"image\":{\"@id\":\"https:\\\/\\\/www.dillerbottle.com\\\/#\\\/schema\\\/logo\\\/image\\\/\"}}]}<\/script>\n<!-- \/ Yoast SEO Premium plugin. -->","yoast_head_json":{"title":"Garrafa t\u00e9rmica minimalista com tampa - Fabricante de garrafas de \u00e1gua Diller","description":"Como um dos melhores fabricantes e fornecedores de frascos a v\u00e1cuo minimalistas com tampa, estamos envolvidos na fabrica\u00e7\u00e3o de garrafas de \u00e1gua de boa qualidade. Damos boas-vindas a voc\u00ea para vender no atacado ou comprar frascos a v\u00e1cuo minimalistas personalizados com tampa a um pre\u00e7o competitivo conosco. Al\u00e9m disso, pedidos de pequenas quantidades s\u00e3o aceit\u00e1veis.","robots":{"index":"index","follow":"follow","max-snippet":"max-snippet:-1","max-image-preview":"max-image-preview:large","max-video-preview":"max-video-preview:-1"},"canonical":"https:\/\/www.dillerbottle.com\/pt\/produtos\/garrafa-termica-minimalista-com-tampa","og_locale":"pt_PT","og_type":"article","og_title":"Minimalist Vacuum Flask With Lid","og_description":"As one of the best minimalist vacuum flask with lid manufacturers and suppliers, we are engaged in manufacturing good quality water bottles. We warmly welcome you to wholesale or buy custom made minimalist vacuum flask with lid at competitive price from us. Also, small quantity orders are acceptable.","og_url":"https:\/\/www.dillerbottle.com\/pt\/produtos\/garrafa-termica-minimalista-com-tampa","og_site_name":"Diller Water Bottle Manufacturer","article_modified_time":"2026-04-16T13:46:25+00:00","og_image":[{"width":800,"height":800,"url":"https:\/\/www.dillerbottle.com\/wp-content\/uploads\/2024\/09\/000MLH9119-500_\u5305\u88c5_\u767d_1.png","type":"image\/png"}],"twitter_card":"summary_large_image","twitter_misc":{"Tempo estimado de leitura":"1 minuto"},"schema":{"@context":"https:\/\/schema.org","@graph":[{"@type":"WebPage","@id":"https:\/\/www.dillerbottle.com\/nl\/producten\/minimalistische-thermosfles-met-deksel","url":"https:\/\/www.dillerbottle.com\/nl\/producten\/minimalistische-thermosfles-met-deksel","name":"Garrafa t\u00e9rmica minimalista com tampa - Fabricante de garrafas de \u00e1gua Diller","isPartOf":{"@id":"https:\/\/www.dillerbottle.com\/#website"},"primaryImageOfPage":{"@id":"https:\/\/www.dillerbottle.com\/nl\/producten\/minimalistische-thermosfles-met-deksel#primaryimage"},"image":{"@id":"https:\/\/www.dillerbottle.com\/nl\/producten\/minimalistische-thermosfles-met-deksel#primaryimage"},"thumbnailUrl":"https:\/\/www.dillerbottle.com\/wp-content\/uploads\/2024\/09\/000MLH9119-500_\u5305\u88c5_\u767d_1.png","datePublished":"2024-09-29T06:22:55+00:00","dateModified":"2026-04-16T13:46:25+00:00","description":"Como um dos melhores fabricantes e fornecedores de frascos a v\u00e1cuo minimalistas com tampa, estamos envolvidos na fabrica\u00e7\u00e3o de garrafas de \u00e1gua de boa qualidade. Damos boas-vindas a voc\u00ea para vender no atacado ou comprar frascos a v\u00e1cuo minimalistas personalizados com tampa a um pre\u00e7o competitivo conosco. Al\u00e9m disso, pedidos de pequenas quantidades s\u00e3o aceit\u00e1veis.","breadcrumb":{"@id":"https:\/\/www.dillerbottle.com\/nl\/producten\/minimalistische-thermosfles-met-deksel#breadcrumb"},"inLanguage":"pt-PT","potentialAction":[{"@type":"ReadAction","target":["https:\/\/www.dillerbottle.com\/nl\/producten\/minimalistische-thermosfles-met-deksel"]}]},{"@type":"ImageObject","inLanguage":"pt-PT","@id":"https:\/\/www.dillerbottle.com\/nl\/producten\/minimalistische-thermosfles-met-deksel#primaryimage","url":"https:\/\/www.dillerbottle.com\/wp-content\/uploads\/2024\/09\/000MLH9119-500_\u5305\u88c5_\u767d_1.png","contentUrl":"https:\/\/www.dillerbottle.com\/wp-content\/uploads\/2024\/09\/000MLH9119-500_\u5305\u88c5_\u767d_1.png","width":800,"height":800},{"@type":"BreadcrumbList","@id":"https:\/\/www.dillerbottle.com\/nl\/producten\/minimalistische-thermosfles-met-deksel#breadcrumb","itemListElement":[{"@type":"ListItem","position":1,"name":"Home","item":"https:\/\/www.dillerbottle.com\/"},{"@type":"ListItem","position":2,"name":"Products","item":"https:\/\/www.dillerbottle.com\/shop"},{"@type":"ListItem","position":3,"name":"Minimalist Vacuum Flask With Lid"}]},{"@type":"WebSite","@id":"https:\/\/www.dillerbottle.com\/#website","url":"https:\/\/www.dillerbottle.com\/","name":"Garrafa de \u00e1gua Diller Fabricante","description":"Garrafa de \u00e1gua Fabricante","publisher":{"@id":"https:\/\/www.dillerbottle.com\/#organization"},"potentialAction":[{"@type":"SearchAction","target":{"@type":"EntryPoint","urlTemplate":"https:\/\/www.dillerbottle.com\/?s={search_term_string}"},"query-input":{"@type":"PropertyValueSpecification","valueRequired":true,"valueName":"search_term_string"}}],"inLanguage":"pt-PT"},{"@type":"Organization","@id":"https:\/\/www.dillerbottle.com\/#organization","name":"Garrafa de \u00e1gua Diller Fabricante","url":"https:\/\/www.dillerbottle.com\/","logo":{"@type":"ImageObject","inLanguage":"pt-PT","@id":"https:\/\/www.dillerbottle.com\/#\/schema\/logo\/image\/","url":"https:\/\/www.dillerbottle.com\/wp-content\/uploads\/2024\/09\/49918bfa848dcc1e9f8b509933603ac.png","contentUrl":"https:\/\/www.dillerbottle.com\/wp-content\/uploads\/2024\/09\/49918bfa848dcc1e9f8b509933603ac.png","width":988,"height":198,"caption":"Diller Water Bottle Manufacturer"},"image":{"@id":"https:\/\/www.dillerbottle.com\/#\/schema\/logo\/image\/"}}]}},"_links":{"self":[{"href":"https:\/\/www.dillerbottle.com\/pt\/wp-json\/wp\/v2\/product\/8821","targetHints":{"allow":["GET"]}}],"collection":[{"href":"https:\/\/www.dillerbottle.com\/pt\/wp-json\/wp\/v2\/product"}],"about":[{"href":"https:\/\/www.dillerbottle.com\/pt\/wp-json\/wp\/v2\/types\/product"}],"replies":[{"embeddable":true,"href":"https:\/\/www.dillerbottle.com\/pt\/wp-json\/wp\/v2\/comments?post=8821"}],"wp:featuredmedia":[{"embeddable":true,"href":"https:\/\/www.dillerbottle.com\/pt\/wp-json\/wp\/v2\/media\/12427"}],"wp:attachment":[{"href":"https:\/\/www.dillerbottle.com\/pt\/wp-json\/wp\/v2\/media?parent=8821"}],"wp:term":[{"taxonomy":"product_brand","embeddable":true,"href":"https:\/\/www.dillerbottle.com\/pt\/wp-json\/wp\/v2\/product_brand?post=8821"},{"taxonomy":"product_cat","embeddable":true,"href":"https:\/\/www.dillerbottle.com\/pt\/wp-json\/wp\/v2\/product_cat?post=8821"},{"taxonomy":"product_tag","embeddable":true,"href":"https:\/\/www.dillerbottle.com\/pt\/wp-json\/wp\/v2\/product_tag?post=8821"}],"curies":[{"name":"wp","href":"https:\/\/api.w.org\/{rel}","templated":true}]}}