{"id":9418,"date":"2024-09-29T14:31:02","date_gmt":"2024-09-29T06:31:02","guid":{"rendered":"https:\/\/demo.dillerbottle.com\/products\/insulated-water-bottle-with-tea-infuser"},"modified":"2025-07-09T15:56:52","modified_gmt":"2025-07-09T07:56:52","slug":"garrafa-de-agua-isolada-com-infusor-de-cha","status":"publish","type":"product","link":"https:\/\/www.dillerbottle.com\/pt\/products\/insulated-water-bottle-with-tea-infuser","title":{"rendered":"Garrafa de \u00e1gua isolada com infusor de ch\u00e1"},"content":{"rendered":"<p>1. A garrafa de \u00e1gua isolada com infusor de ch\u00e1 feita de a\u00e7o inoxid\u00e1vel 304 tem excelente efeito de isolamento e resist\u00eancia \u00e0 corros\u00e3o, o que pode manter a temperatura e o sabor da bebida.<\/p>\n<p>2. Esta garrafa de \u00e1gua isolada tamb\u00e9m possui as caracter\u00edsticas de portabilidade, leveza, veda\u00e7\u00e3o e f\u00e1cil limpeza, tornando-a adequada para o uso di\u00e1rio.<\/p>\n<p>3. O design da apar\u00eancia do produto \u00e9 simples e moderno, equipado com um infusor de ch\u00e1 de a\u00e7o inoxid\u00e1vel, facilitando a prepara\u00e7\u00e3o e o consumo do ch\u00e1. A parte superior da tampa da garrafa \u00e9 transparente, para que voc\u00ea possa ver o estado do ch\u00e1 a qualquer momento.<\/p>","protected":false},"excerpt":{"rendered":"<p>\u200b\u200b\u200b\u200bEsta garrafa de \u00e1gua isolada com infusor de ch\u00e1 \u00e9 feita de a\u00e7o inoxid\u00e1vel dur\u00e1vel e materiais de qualidade alimentar.<br \/>\nEste frasco de \u00e1gua pode manter o conte\u00fado quente ou gelado por at\u00e9 6 a 12 horas.<br \/>\nEsta garrafa tem um infusor de ch\u00e1, tornando o ch\u00e1 mais pr\u00e1tico.<br \/>\nA parte superior da tampa da garrafa \u00e9 transparente, para que voc\u00ea possa ver o estado do ch\u00e1 a qualquer momento.<br \/>\nOEM e ODM aceit\u00e1veis.<br \/>\nPodemos personalizar o frasco met\u00e1lico isolado de acordo com suas necessidades.<br \/>\nBem-vindo \u00e0 compra por atacado, envie sua consulta agora!<\/p>","protected":false},"featured_media":9419,"comment_status":"open","ping_status":"closed","template":"","meta":{"_acf_changed":false},"product_brand":[],"product_cat":[18],"product_tag":[785,32,36,33,31,737,770,39,38,825,29,37,784,34,35,738,28,567,30],"class_list":{"0":"post-9418","1":"product","2":"type-product","3":"status-publish","4":"has-post-thumbnail","6":"product_cat-insulated-water-bottle","7":"product_tag-500ml-stainless-steel-water-bottle","8":"product_tag-best","9":"product_tag-bulk","10":"product_tag-buy","11":"product_tag-custom","12":"product_tag-custom-logo-water-bottle","13":"product_tag-display-smart-water-bottle-vacuum-flasks","14":"product_tag-for-sale","15":"product_tag-good-quality","16":"product_tag-insulated-water-bottle-with-tea-infuser","17":"product_tag-manufacturers","18":"product_tag-manufacturing","19":"product_tag-portable-water-bottle","20":"product_tag-price","21":"product_tag-small","22":"product_tag-steel-water-bottles-with-sports-straw-lid","23":"product_tag-suppliers","24":"product_tag-water-bottle-sport","25":"product_tag-wholesale","27":"first","28":"instock","29":"shipping-taxable","30":"product-type-simple"},"acf":[],"yoast_head":"<!-- This site is optimized with the Yoast SEO Premium plugin v27.4 (Yoast SEO v27.4) - https:\/\/yoast.com\/product\/yoast-seo-premium-wordpress\/ -->\n<title>Insulated Water Bottle With Tea Infuser - Diller Water Bottle Manufacturer<\/title>\n<meta name=\"description\" content=\"As one of the best insulated water bottle with tea infuser manufacturers and suppliers, we are engaged in manufacturing good quality water bottles. We warmly welcome you to wholesale or buy custom made insulated water bottle with tea infuser at competitive price from us. Also, small quantity orders are acceptable.\" \/>\n<meta name=\"robots\" content=\"index, follow, max-snippet:-1, max-image-preview:large, max-video-preview:-1\" \/>\n<link rel=\"canonical\" href=\"https:\/\/www.dillerbottle.com\/pt\/produtos\/garrafa-de-agua-isolada-com-infusor-de-cha\" \/>\n<meta property=\"og:locale\" content=\"pt_PT\" \/>\n<meta property=\"og:type\" content=\"article\" \/>\n<meta property=\"og:title\" content=\"Insulated Water Bottle With Tea Infuser\" \/>\n<meta property=\"og:description\" content=\"As one of the best insulated water bottle with tea infuser manufacturers and suppliers, we are engaged in manufacturing good quality water bottles. We warmly welcome you to wholesale or buy custom made insulated water bottle with tea infuser at competitive price from us. Also, small quantity orders are acceptable.\" \/>\n<meta property=\"og:url\" content=\"https:\/\/www.dillerbottle.com\/pt\/produtos\/garrafa-de-agua-isolada-com-infusor-de-cha\" \/>\n<meta property=\"og:site_name\" content=\"Diller Water Bottle Manufacturer\" \/>\n<meta property=\"article:modified_time\" content=\"2025-07-09T07:56:52+00:00\" \/>\n<meta property=\"og:image\" content=\"https:\/\/www.dillerbottle.com\/wp-content\/uploads\/2024\/09\/insulated-water-bottle-with-tea-infuser90e2799e-4ad3-49ee-b446-5000ee06942a.jpg\" \/>\n\t<meta property=\"og:image:width\" content=\"730\" \/>\n\t<meta property=\"og:image:height\" content=\"730\" \/>\n\t<meta property=\"og:image:type\" content=\"image\/jpeg\" \/>\n<meta name=\"twitter:card\" content=\"summary_large_image\" \/>\n<meta name=\"twitter:label1\" content=\"Tempo estimado de leitura\" \/>\n\t<meta name=\"twitter:data1\" content=\"6 minutos\" \/>\n<script type=\"application\/ld+json\" class=\"yoast-schema-graph\">{\"@context\":\"https:\\\/\\\/schema.org\",\"@graph\":[{\"@type\":\"WebPage\",\"@id\":\"https:\\\/\\\/www.dillerbottle.com\\\/products\\\/insulated-water-bottle-with-tea-infuser\",\"url\":\"https:\\\/\\\/www.dillerbottle.com\\\/products\\\/insulated-water-bottle-with-tea-infuser\",\"name\":\"Insulated Water Bottle With Tea Infuser - Diller Water Bottle Manufacturer\",\"isPartOf\":{\"@id\":\"https:\\\/\\\/www.dillerbottle.com\\\/#website\"},\"primaryImageOfPage\":{\"@id\":\"https:\\\/\\\/www.dillerbottle.com\\\/products\\\/insulated-water-bottle-with-tea-infuser#primaryimage\"},\"image\":{\"@id\":\"https:\\\/\\\/www.dillerbottle.com\\\/products\\\/insulated-water-bottle-with-tea-infuser#primaryimage\"},\"thumbnailUrl\":\"https:\\\/\\\/www.dillerbottle.com\\\/wp-content\\\/uploads\\\/2024\\\/09\\\/insulated-water-bottle-with-tea-infuser90e2799e-4ad3-49ee-b446-5000ee06942a.jpg\",\"datePublished\":\"2024-09-29T06:31:02+00:00\",\"dateModified\":\"2025-07-09T07:56:52+00:00\",\"description\":\"As one of the best insulated water bottle with tea infuser manufacturers and suppliers, we are engaged in manufacturing good quality water bottles. We warmly welcome you to wholesale or buy custom made insulated water bottle with tea infuser at competitive price from us. Also, small quantity orders are acceptable.\",\"breadcrumb\":{\"@id\":\"https:\\\/\\\/www.dillerbottle.com\\\/products\\\/insulated-water-bottle-with-tea-infuser#breadcrumb\"},\"inLanguage\":\"pt-PT\",\"potentialAction\":[{\"@type\":\"ReadAction\",\"target\":[\"https:\\\/\\\/www.dillerbottle.com\\\/products\\\/insulated-water-bottle-with-tea-infuser\"]}]},{\"@type\":\"ImageObject\",\"inLanguage\":\"pt-PT\",\"@id\":\"https:\\\/\\\/www.dillerbottle.com\\\/products\\\/insulated-water-bottle-with-tea-infuser#primaryimage\",\"url\":\"https:\\\/\\\/www.dillerbottle.com\\\/wp-content\\\/uploads\\\/2024\\\/09\\\/insulated-water-bottle-with-tea-infuser90e2799e-4ad3-49ee-b446-5000ee06942a.jpg\",\"contentUrl\":\"https:\\\/\\\/www.dillerbottle.com\\\/wp-content\\\/uploads\\\/2024\\\/09\\\/insulated-water-bottle-with-tea-infuser90e2799e-4ad3-49ee-b446-5000ee06942a.jpg\",\"width\":730,\"height\":730},{\"@type\":\"BreadcrumbList\",\"@id\":\"https:\\\/\\\/www.dillerbottle.com\\\/products\\\/insulated-water-bottle-with-tea-infuser#breadcrumb\",\"itemListElement\":[{\"@type\":\"ListItem\",\"position\":1,\"name\":\"Home\",\"item\":\"https:\\\/\\\/www.dillerbottle.com\\\/\"},{\"@type\":\"ListItem\",\"position\":2,\"name\":\"Products\",\"item\":\"https:\\\/\\\/www.dillerbottle.com\\\/shop\"},{\"@type\":\"ListItem\",\"position\":3,\"name\":\"Insulated Water Bottle With Tea Infuser\"}]},{\"@type\":\"WebSite\",\"@id\":\"https:\\\/\\\/www.dillerbottle.com\\\/#website\",\"url\":\"https:\\\/\\\/www.dillerbottle.com\\\/\",\"name\":\"Diller Water Bottle Manufacturer\",\"description\":\"Water Bottle Manufacturer\",\"publisher\":{\"@id\":\"https:\\\/\\\/www.dillerbottle.com\\\/#organization\"},\"potentialAction\":[{\"@type\":\"SearchAction\",\"target\":{\"@type\":\"EntryPoint\",\"urlTemplate\":\"https:\\\/\\\/www.dillerbottle.com\\\/?s={search_term_string}\"},\"query-input\":{\"@type\":\"PropertyValueSpecification\",\"valueRequired\":true,\"valueName\":\"search_term_string\"}}],\"inLanguage\":\"pt-PT\"},{\"@type\":\"Organization\",\"@id\":\"https:\\\/\\\/www.dillerbottle.com\\\/#organization\",\"name\":\"Diller Water Bottle Manufacturer\",\"url\":\"https:\\\/\\\/www.dillerbottle.com\\\/\",\"logo\":{\"@type\":\"ImageObject\",\"inLanguage\":\"pt-PT\",\"@id\":\"https:\\\/\\\/www.dillerbottle.com\\\/#\\\/schema\\\/logo\\\/image\\\/\",\"url\":\"https:\\\/\\\/www.dillerbottle.com\\\/wp-content\\\/uploads\\\/2024\\\/09\\\/49918bfa848dcc1e9f8b509933603ac.png\",\"contentUrl\":\"https:\\\/\\\/www.dillerbottle.com\\\/wp-content\\\/uploads\\\/2024\\\/09\\\/49918bfa848dcc1e9f8b509933603ac.png\",\"width\":988,\"height\":198,\"caption\":\"Diller Water Bottle Manufacturer\"},\"image\":{\"@id\":\"https:\\\/\\\/www.dillerbottle.com\\\/#\\\/schema\\\/logo\\\/image\\\/\"}}]}<\/script>\n<!-- \/ Yoast SEO Premium plugin. -->","yoast_head_json":{"title":"Garrafa de \u00e1gua isolada com infusor de ch\u00e1 - Fabricante de garrafas de \u00e1gua Diller","description":"Como um dos melhores fabricantes e fornecedores de garrafas de \u00e1gua isoladas com infusor de ch\u00e1, estamos envolvidos na fabrica\u00e7\u00e3o de garrafas de \u00e1gua de boa qualidade. N\u00f3s calorosamente convidamos voc\u00ea a vender no atacado ou comprar garrafas de \u00e1gua isoladas personalizadas com infusor de ch\u00e1 a pre\u00e7os competitivos conosco. Al\u00e9m disso, pedidos de pequenas quantidades s\u00e3o aceit\u00e1veis.","robots":{"index":"index","follow":"follow","max-snippet":"max-snippet:-1","max-image-preview":"max-image-preview:large","max-video-preview":"max-video-preview:-1"},"canonical":"https:\/\/www.dillerbottle.com\/pt\/produtos\/garrafa-de-agua-isolada-com-infusor-de-cha","og_locale":"pt_PT","og_type":"article","og_title":"Insulated Water Bottle With Tea Infuser","og_description":"As one of the best insulated water bottle with tea infuser manufacturers and suppliers, we are engaged in manufacturing good quality water bottles. We warmly welcome you to wholesale or buy custom made insulated water bottle with tea infuser at competitive price from us. Also, small quantity orders are acceptable.","og_url":"https:\/\/www.dillerbottle.com\/pt\/produtos\/garrafa-de-agua-isolada-com-infusor-de-cha","og_site_name":"Diller Water Bottle Manufacturer","article_modified_time":"2025-07-09T07:56:52+00:00","og_image":[{"width":730,"height":730,"url":"https:\/\/www.dillerbottle.com\/wp-content\/uploads\/2024\/09\/insulated-water-bottle-with-tea-infuser90e2799e-4ad3-49ee-b446-5000ee06942a.jpg","type":"image\/jpeg"}],"twitter_card":"summary_large_image","twitter_misc":{"Tempo estimado de leitura":"6 minutos"},"schema":{"@context":"https:\/\/schema.org","@graph":[{"@type":"WebPage","@id":"https:\/\/www.dillerbottle.com\/products\/insulated-water-bottle-with-tea-infuser","url":"https:\/\/www.dillerbottle.com\/products\/insulated-water-bottle-with-tea-infuser","name":"Garrafa de \u00e1gua isolada com infusor de ch\u00e1 - Fabricante de garrafas de \u00e1gua Diller","isPartOf":{"@id":"https:\/\/www.dillerbottle.com\/#website"},"primaryImageOfPage":{"@id":"https:\/\/www.dillerbottle.com\/products\/insulated-water-bottle-with-tea-infuser#primaryimage"},"image":{"@id":"https:\/\/www.dillerbottle.com\/products\/insulated-water-bottle-with-tea-infuser#primaryimage"},"thumbnailUrl":"https:\/\/www.dillerbottle.com\/wp-content\/uploads\/2024\/09\/insulated-water-bottle-with-tea-infuser90e2799e-4ad3-49ee-b446-5000ee06942a.jpg","datePublished":"2024-09-29T06:31:02+00:00","dateModified":"2025-07-09T07:56:52+00:00","description":"Como um dos melhores fabricantes e fornecedores de garrafas de \u00e1gua isoladas com infusor de ch\u00e1, estamos envolvidos na fabrica\u00e7\u00e3o de garrafas de \u00e1gua de boa qualidade. N\u00f3s calorosamente convidamos voc\u00ea a vender no atacado ou comprar garrafas de \u00e1gua isoladas personalizadas com infusor de ch\u00e1 a pre\u00e7os competitivos conosco. Al\u00e9m disso, pedidos de pequenas quantidades s\u00e3o aceit\u00e1veis.","breadcrumb":{"@id":"https:\/\/www.dillerbottle.com\/products\/insulated-water-bottle-with-tea-infuser#breadcrumb"},"inLanguage":"pt-PT","potentialAction":[{"@type":"ReadAction","target":["https:\/\/www.dillerbottle.com\/products\/insulated-water-bottle-with-tea-infuser"]}]},{"@type":"ImageObject","inLanguage":"pt-PT","@id":"https:\/\/www.dillerbottle.com\/products\/insulated-water-bottle-with-tea-infuser#primaryimage","url":"https:\/\/www.dillerbottle.com\/wp-content\/uploads\/2024\/09\/insulated-water-bottle-with-tea-infuser90e2799e-4ad3-49ee-b446-5000ee06942a.jpg","contentUrl":"https:\/\/www.dillerbottle.com\/wp-content\/uploads\/2024\/09\/insulated-water-bottle-with-tea-infuser90e2799e-4ad3-49ee-b446-5000ee06942a.jpg","width":730,"height":730},{"@type":"BreadcrumbList","@id":"https:\/\/www.dillerbottle.com\/products\/insulated-water-bottle-with-tea-infuser#breadcrumb","itemListElement":[{"@type":"ListItem","position":1,"name":"Home","item":"https:\/\/www.dillerbottle.com\/"},{"@type":"ListItem","position":2,"name":"Products","item":"https:\/\/www.dillerbottle.com\/shop"},{"@type":"ListItem","position":3,"name":"Insulated Water Bottle With Tea Infuser"}]},{"@type":"WebSite","@id":"https:\/\/www.dillerbottle.com\/#website","url":"https:\/\/www.dillerbottle.com\/","name":"Garrafa de \u00e1gua Diller Fabricante","description":"Garrafa de \u00e1gua Fabricante","publisher":{"@id":"https:\/\/www.dillerbottle.com\/#organization"},"potentialAction":[{"@type":"SearchAction","target":{"@type":"EntryPoint","urlTemplate":"https:\/\/www.dillerbottle.com\/?s={search_term_string}"},"query-input":{"@type":"PropertyValueSpecification","valueRequired":true,"valueName":"search_term_string"}}],"inLanguage":"pt-PT"},{"@type":"Organization","@id":"https:\/\/www.dillerbottle.com\/#organization","name":"Garrafa de \u00e1gua Diller Fabricante","url":"https:\/\/www.dillerbottle.com\/","logo":{"@type":"ImageObject","inLanguage":"pt-PT","@id":"https:\/\/www.dillerbottle.com\/#\/schema\/logo\/image\/","url":"https:\/\/www.dillerbottle.com\/wp-content\/uploads\/2024\/09\/49918bfa848dcc1e9f8b509933603ac.png","contentUrl":"https:\/\/www.dillerbottle.com\/wp-content\/uploads\/2024\/09\/49918bfa848dcc1e9f8b509933603ac.png","width":988,"height":198,"caption":"Diller Water Bottle Manufacturer"},"image":{"@id":"https:\/\/www.dillerbottle.com\/#\/schema\/logo\/image\/"}}]}},"_links":{"self":[{"href":"https:\/\/www.dillerbottle.com\/pt\/wp-json\/wp\/v2\/product\/9418","targetHints":{"allow":["GET"]}}],"collection":[{"href":"https:\/\/www.dillerbottle.com\/pt\/wp-json\/wp\/v2\/product"}],"about":[{"href":"https:\/\/www.dillerbottle.com\/pt\/wp-json\/wp\/v2\/types\/product"}],"replies":[{"embeddable":true,"href":"https:\/\/www.dillerbottle.com\/pt\/wp-json\/wp\/v2\/comments?post=9418"}],"wp:featuredmedia":[{"embeddable":true,"href":"https:\/\/www.dillerbottle.com\/pt\/wp-json\/wp\/v2\/media\/9419"}],"wp:attachment":[{"href":"https:\/\/www.dillerbottle.com\/pt\/wp-json\/wp\/v2\/media?parent=9418"}],"wp:term":[{"taxonomy":"product_brand","embeddable":true,"href":"https:\/\/www.dillerbottle.com\/pt\/wp-json\/wp\/v2\/product_brand?post=9418"},{"taxonomy":"product_cat","embeddable":true,"href":"https:\/\/www.dillerbottle.com\/pt\/wp-json\/wp\/v2\/product_cat?post=9418"},{"taxonomy":"product_tag","embeddable":true,"href":"https:\/\/www.dillerbottle.com\/pt\/wp-json\/wp\/v2\/product_tag?post=9418"}],"curies":[{"name":"wp","href":"https:\/\/api.w.org\/{rel}","templated":true}]}}