{"id":9485,"date":"2024-09-29T14:31:58","date_gmt":"2024-09-29T06:31:58","guid":{"rendered":"https:\/\/demo.dillerbottle.com\/products\/lovely-rabbit-insulated-bottle"},"modified":"2025-07-09T15:56:40","modified_gmt":"2025-07-09T07:56:40","slug":"linda-garrafa-termica-de-coelho","status":"publish","type":"product","link":"https:\/\/www.dillerbottle.com\/pt\/products\/lovely-rabbit-insulated-bottle","title":{"rendered":"Garrafa T\u00e9rmica Lovely Rabbit"},"content":{"rendered":"<p>Caracter\u00edsticas:<br \/>\n1. A ador\u00e1vel garrafa isolada de coelho \u00e9 constru\u00edda com corpo de parede dupla de a\u00e7o inoxid\u00e1vel de grau aliment\u00edcio 316 resistente \u00e0 ferrugem, um material elogiado por sua durabilidade. O tratamento de pintura com revestimento em p\u00f3 torna a garrafa de \u00e1gua isolada virtualmente indestrut\u00edvel, resistente a arranh\u00f5es e restringe a transfer\u00eancia de temperatura.<\/p>\n<p>2. O isolamento eficaz com uma tampa de rosca \u00e0 prova de vazamento ajuda a manter a temperatura por at\u00e9 12 horas para bebidas frias e 6 horas para bebidas quentes. Essas garrafas de \u00e1gua com isolamento t\u00e9rmico a v\u00e1cuo de qualidade premium s\u00e3o seguras e f\u00e1ceis de limpar.<\/p>\n<p>3. Nossa garrafa isolada com design de coelho \u00e9 projetada com uma silhueta moderna simples de boca larga. Seu formato compacto se encaixa na sua m\u00e3o. Nosso produto \u00e9 livre de BPA e est\u00e1 em conformidade com o padr\u00e3o FDA.<\/p>\n<div style=\"width: 640px;\" class=\"wp-video\"><video class=\"wp-video-shortcode\" id=\"video-9485-1\" width=\"640\" height=\"360\" preload=\"metadata\" controls=\"controls\"><source type=\"video\/mp4\" src=\"\/wp-content\/uploads\/2024\/09\/66f8f463863a3-video202302141755096683190.mp4?_=1\" \/><a href=\"\/wp-content\/uploads\/2024\/09\/66f8f463863a3-video202302141755096683190.mp4\">\/wp-content\/uploads\/2024\/09\/66f8f463863a3-video202302141755096683190.mp4<\/a><\/video><\/div>","protected":false},"excerpt":{"rendered":"<p>Esta linda garrafa t\u00e9rmica em forma de coelho \u00e9 feita de a\u00e7o inoxid\u00e1vel 316 dur\u00e1vel e material de qualidade alimentar.<br \/>\nEsta garrafa t\u00e9rmica com \u00e1gua pode manter o conte\u00fado quente ou gelado por at\u00e9 6 a 12 horas.<br \/>\nDesign de corda oculta, mais pr\u00e1tico de transportar.<br \/>\nOEM e ODM aceit\u00e1veis.<br \/>\nPodemos personalizar o frasco met\u00e1lico isolado de acordo com suas necessidades.<br \/>\nBem-vindo \u00e0 compra por atacado, envie sua consulta agora!<\/p>","protected":false},"featured_media":9486,"comment_status":"open","ping_status":"closed","template":"","meta":{"_acf_changed":false},"product_brand":[],"product_cat":[18],"product_tag":[32,214,690,209,36,33,31,39,38,828,29,37,829,34,35,738,28,767,30],"class_list":{"0":"post-9485","1":"product","2":"type-product","3":"status-publish","4":"has-post-thumbnail","6":"product_cat-insulated-water-bottle","7":"product_tag-best","8":"product_tag-blue-water-bottles","9":"product_tag-bottle-water","10":"product_tag-bpa-free-water-bottle-with-customized-printing","11":"product_tag-bulk","12":"product_tag-buy","13":"product_tag-custom","14":"product_tag-for-sale","15":"product_tag-good-quality","16":"product_tag-lovely-rabbit-insulated-bottle","17":"product_tag-manufacturers","18":"product_tag-manufacturing","19":"product_tag-metal-water-bottle-with-handle","20":"product_tag-price","21":"product_tag-small","22":"product_tag-steel-water-bottles-with-sports-straw-lid","23":"product_tag-suppliers","24":"product_tag-water-bottles-with-custom-logo","25":"product_tag-wholesale","27":"first","28":"instock","29":"shipping-taxable","30":"product-type-simple"},"acf":[],"yoast_head":"<!-- This site is optimized with the Yoast SEO Premium plugin v27.4 (Yoast SEO v27.4) - https:\/\/yoast.com\/product\/yoast-seo-premium-wordpress\/ -->\n<title>Lovely Rabbit Insulated Bottle - Diller Water Bottle Manufacturer<\/title>\n<meta name=\"description\" content=\"As one of the best lovely rabbit insulated bottle manufacturers and suppliers, we are engaged in manufacturing good quality water bottles. We warmly welcome you to wholesale or buy custom made lovely rabbit insulated bottle at competitive price from us. Also, small quantity orders are acceptable.\" \/>\n<meta name=\"robots\" content=\"index, follow, max-snippet:-1, max-image-preview:large, max-video-preview:-1\" \/>\n<link rel=\"canonical\" href=\"https:\/\/www.dillerbottle.com\/pt\/produtos\/linda-garrafa-termica-de-coelho\" \/>\n<meta property=\"og:locale\" content=\"pt_PT\" \/>\n<meta property=\"og:type\" content=\"article\" \/>\n<meta property=\"og:title\" content=\"Lovely Rabbit Insulated Bottle\" \/>\n<meta property=\"og:description\" content=\"As one of the best lovely rabbit insulated bottle manufacturers and suppliers, we are engaged in manufacturing good quality water bottles. We warmly welcome you to wholesale or buy custom made lovely rabbit insulated bottle at competitive price from us. Also, small quantity orders are acceptable.\" \/>\n<meta property=\"og:url\" content=\"https:\/\/www.dillerbottle.com\/pt\/produtos\/linda-garrafa-termica-de-coelho\" \/>\n<meta property=\"og:site_name\" content=\"Diller Water Bottle Manufacturer\" \/>\n<meta property=\"article:modified_time\" content=\"2025-07-09T07:56:40+00:00\" \/>\n<meta property=\"og:image\" content=\"https:\/\/www.dillerbottle.com\/wp-content\/uploads\/2024\/09\/lovely-rabbit-insulated-bottle9e4cd0b3-21ec-4d69-93c8-2aa44953beee.jpg\" \/>\n\t<meta property=\"og:image:width\" content=\"730\" \/>\n\t<meta property=\"og:image:height\" content=\"730\" \/>\n\t<meta property=\"og:image:type\" content=\"image\/jpeg\" \/>\n<meta name=\"twitter:card\" content=\"summary_large_image\" \/>\n<meta name=\"twitter:label1\" content=\"Tempo estimado de leitura\" \/>\n\t<meta name=\"twitter:data1\" content=\"4 minutos\" \/>\n<script type=\"application\/ld+json\" class=\"yoast-schema-graph\">{\"@context\":\"https:\\\/\\\/schema.org\",\"@graph\":[{\"@type\":\"WebPage\",\"@id\":\"https:\\\/\\\/www.dillerbottle.com\\\/products\\\/lovely-rabbit-insulated-bottle\",\"url\":\"https:\\\/\\\/www.dillerbottle.com\\\/products\\\/lovely-rabbit-insulated-bottle\",\"name\":\"Lovely Rabbit Insulated Bottle - Diller Water Bottle Manufacturer\",\"isPartOf\":{\"@id\":\"https:\\\/\\\/www.dillerbottle.com\\\/#website\"},\"primaryImageOfPage\":{\"@id\":\"https:\\\/\\\/www.dillerbottle.com\\\/products\\\/lovely-rabbit-insulated-bottle#primaryimage\"},\"image\":{\"@id\":\"https:\\\/\\\/www.dillerbottle.com\\\/products\\\/lovely-rabbit-insulated-bottle#primaryimage\"},\"thumbnailUrl\":\"https:\\\/\\\/www.dillerbottle.com\\\/wp-content\\\/uploads\\\/2024\\\/09\\\/lovely-rabbit-insulated-bottle9e4cd0b3-21ec-4d69-93c8-2aa44953beee.jpg\",\"datePublished\":\"2024-09-29T06:31:58+00:00\",\"dateModified\":\"2025-07-09T07:56:40+00:00\",\"description\":\"As one of the best lovely rabbit insulated bottle manufacturers and suppliers, we are engaged in manufacturing good quality water bottles. We warmly welcome you to wholesale or buy custom made lovely rabbit insulated bottle at competitive price from us. Also, small quantity orders are acceptable.\",\"breadcrumb\":{\"@id\":\"https:\\\/\\\/www.dillerbottle.com\\\/products\\\/lovely-rabbit-insulated-bottle#breadcrumb\"},\"inLanguage\":\"pt-PT\",\"potentialAction\":[{\"@type\":\"ReadAction\",\"target\":[\"https:\\\/\\\/www.dillerbottle.com\\\/products\\\/lovely-rabbit-insulated-bottle\"]}]},{\"@type\":\"ImageObject\",\"inLanguage\":\"pt-PT\",\"@id\":\"https:\\\/\\\/www.dillerbottle.com\\\/products\\\/lovely-rabbit-insulated-bottle#primaryimage\",\"url\":\"https:\\\/\\\/www.dillerbottle.com\\\/wp-content\\\/uploads\\\/2024\\\/09\\\/lovely-rabbit-insulated-bottle9e4cd0b3-21ec-4d69-93c8-2aa44953beee.jpg\",\"contentUrl\":\"https:\\\/\\\/www.dillerbottle.com\\\/wp-content\\\/uploads\\\/2024\\\/09\\\/lovely-rabbit-insulated-bottle9e4cd0b3-21ec-4d69-93c8-2aa44953beee.jpg\",\"width\":730,\"height\":730},{\"@type\":\"BreadcrumbList\",\"@id\":\"https:\\\/\\\/www.dillerbottle.com\\\/products\\\/lovely-rabbit-insulated-bottle#breadcrumb\",\"itemListElement\":[{\"@type\":\"ListItem\",\"position\":1,\"name\":\"Home\",\"item\":\"https:\\\/\\\/www.dillerbottle.com\\\/\"},{\"@type\":\"ListItem\",\"position\":2,\"name\":\"Products\",\"item\":\"https:\\\/\\\/www.dillerbottle.com\\\/shop\"},{\"@type\":\"ListItem\",\"position\":3,\"name\":\"Lovely Rabbit Insulated Bottle\"}]},{\"@type\":\"WebSite\",\"@id\":\"https:\\\/\\\/www.dillerbottle.com\\\/#website\",\"url\":\"https:\\\/\\\/www.dillerbottle.com\\\/\",\"name\":\"Diller Water Bottle Manufacturer\",\"description\":\"Water Bottle Manufacturer\",\"publisher\":{\"@id\":\"https:\\\/\\\/www.dillerbottle.com\\\/#organization\"},\"potentialAction\":[{\"@type\":\"SearchAction\",\"target\":{\"@type\":\"EntryPoint\",\"urlTemplate\":\"https:\\\/\\\/www.dillerbottle.com\\\/?s={search_term_string}\"},\"query-input\":{\"@type\":\"PropertyValueSpecification\",\"valueRequired\":true,\"valueName\":\"search_term_string\"}}],\"inLanguage\":\"pt-PT\"},{\"@type\":\"Organization\",\"@id\":\"https:\\\/\\\/www.dillerbottle.com\\\/#organization\",\"name\":\"Diller Water Bottle Manufacturer\",\"url\":\"https:\\\/\\\/www.dillerbottle.com\\\/\",\"logo\":{\"@type\":\"ImageObject\",\"inLanguage\":\"pt-PT\",\"@id\":\"https:\\\/\\\/www.dillerbottle.com\\\/#\\\/schema\\\/logo\\\/image\\\/\",\"url\":\"https:\\\/\\\/www.dillerbottle.com\\\/wp-content\\\/uploads\\\/2024\\\/09\\\/49918bfa848dcc1e9f8b509933603ac.png\",\"contentUrl\":\"https:\\\/\\\/www.dillerbottle.com\\\/wp-content\\\/uploads\\\/2024\\\/09\\\/49918bfa848dcc1e9f8b509933603ac.png\",\"width\":988,\"height\":198,\"caption\":\"Diller Water Bottle Manufacturer\"},\"image\":{\"@id\":\"https:\\\/\\\/www.dillerbottle.com\\\/#\\\/schema\\\/logo\\\/image\\\/\"}}]}<\/script>\n<!-- \/ Yoast SEO Premium plugin. -->","yoast_head_json":{"title":"Garrafa T\u00e9rmica Lovely Rabbit - Fabricante de Garrafas de \u00c1gua Diller","description":"Como um dos melhores fabricantes e fornecedores de garrafas isoladas de coelho ador\u00e1vel, estamos envolvidos na fabrica\u00e7\u00e3o de garrafas de \u00e1gua de boa qualidade. N\u00f3s calorosamente convidamos voc\u00ea a vender no atacado ou comprar uma garrafa isolada de coelho ador\u00e1vel feita sob medida a um pre\u00e7o competitivo conosco. Al\u00e9m disso, pedidos de pequenas quantidades s\u00e3o aceit\u00e1veis.","robots":{"index":"index","follow":"follow","max-snippet":"max-snippet:-1","max-image-preview":"max-image-preview:large","max-video-preview":"max-video-preview:-1"},"canonical":"https:\/\/www.dillerbottle.com\/pt\/produtos\/linda-garrafa-termica-de-coelho","og_locale":"pt_PT","og_type":"article","og_title":"Lovely Rabbit Insulated Bottle","og_description":"As one of the best lovely rabbit insulated bottle manufacturers and suppliers, we are engaged in manufacturing good quality water bottles. We warmly welcome you to wholesale or buy custom made lovely rabbit insulated bottle at competitive price from us. Also, small quantity orders are acceptable.","og_url":"https:\/\/www.dillerbottle.com\/pt\/produtos\/linda-garrafa-termica-de-coelho","og_site_name":"Diller Water Bottle Manufacturer","article_modified_time":"2025-07-09T07:56:40+00:00","og_image":[{"width":730,"height":730,"url":"https:\/\/www.dillerbottle.com\/wp-content\/uploads\/2024\/09\/lovely-rabbit-insulated-bottle9e4cd0b3-21ec-4d69-93c8-2aa44953beee.jpg","type":"image\/jpeg"}],"twitter_card":"summary_large_image","twitter_misc":{"Tempo estimado de leitura":"4 minutos"},"schema":{"@context":"https:\/\/schema.org","@graph":[{"@type":"WebPage","@id":"https:\/\/www.dillerbottle.com\/products\/lovely-rabbit-insulated-bottle","url":"https:\/\/www.dillerbottle.com\/products\/lovely-rabbit-insulated-bottle","name":"Garrafa T\u00e9rmica Lovely Rabbit - Fabricante de Garrafas de \u00c1gua Diller","isPartOf":{"@id":"https:\/\/www.dillerbottle.com\/#website"},"primaryImageOfPage":{"@id":"https:\/\/www.dillerbottle.com\/products\/lovely-rabbit-insulated-bottle#primaryimage"},"image":{"@id":"https:\/\/www.dillerbottle.com\/products\/lovely-rabbit-insulated-bottle#primaryimage"},"thumbnailUrl":"https:\/\/www.dillerbottle.com\/wp-content\/uploads\/2024\/09\/lovely-rabbit-insulated-bottle9e4cd0b3-21ec-4d69-93c8-2aa44953beee.jpg","datePublished":"2024-09-29T06:31:58+00:00","dateModified":"2025-07-09T07:56:40+00:00","description":"Como um dos melhores fabricantes e fornecedores de garrafas isoladas de coelho ador\u00e1vel, estamos envolvidos na fabrica\u00e7\u00e3o de garrafas de \u00e1gua de boa qualidade. N\u00f3s calorosamente convidamos voc\u00ea a vender no atacado ou comprar uma garrafa isolada de coelho ador\u00e1vel feita sob medida a um pre\u00e7o competitivo conosco. Al\u00e9m disso, pedidos de pequenas quantidades s\u00e3o aceit\u00e1veis.","breadcrumb":{"@id":"https:\/\/www.dillerbottle.com\/products\/lovely-rabbit-insulated-bottle#breadcrumb"},"inLanguage":"pt-PT","potentialAction":[{"@type":"ReadAction","target":["https:\/\/www.dillerbottle.com\/products\/lovely-rabbit-insulated-bottle"]}]},{"@type":"ImageObject","inLanguage":"pt-PT","@id":"https:\/\/www.dillerbottle.com\/products\/lovely-rabbit-insulated-bottle#primaryimage","url":"https:\/\/www.dillerbottle.com\/wp-content\/uploads\/2024\/09\/lovely-rabbit-insulated-bottle9e4cd0b3-21ec-4d69-93c8-2aa44953beee.jpg","contentUrl":"https:\/\/www.dillerbottle.com\/wp-content\/uploads\/2024\/09\/lovely-rabbit-insulated-bottle9e4cd0b3-21ec-4d69-93c8-2aa44953beee.jpg","width":730,"height":730},{"@type":"BreadcrumbList","@id":"https:\/\/www.dillerbottle.com\/products\/lovely-rabbit-insulated-bottle#breadcrumb","itemListElement":[{"@type":"ListItem","position":1,"name":"Home","item":"https:\/\/www.dillerbottle.com\/"},{"@type":"ListItem","position":2,"name":"Products","item":"https:\/\/www.dillerbottle.com\/shop"},{"@type":"ListItem","position":3,"name":"Lovely Rabbit Insulated Bottle"}]},{"@type":"WebSite","@id":"https:\/\/www.dillerbottle.com\/#website","url":"https:\/\/www.dillerbottle.com\/","name":"Garrafa de \u00e1gua Diller Fabricante","description":"Garrafa de \u00e1gua Fabricante","publisher":{"@id":"https:\/\/www.dillerbottle.com\/#organization"},"potentialAction":[{"@type":"SearchAction","target":{"@type":"EntryPoint","urlTemplate":"https:\/\/www.dillerbottle.com\/?s={search_term_string}"},"query-input":{"@type":"PropertyValueSpecification","valueRequired":true,"valueName":"search_term_string"}}],"inLanguage":"pt-PT"},{"@type":"Organization","@id":"https:\/\/www.dillerbottle.com\/#organization","name":"Garrafa de \u00e1gua Diller Fabricante","url":"https:\/\/www.dillerbottle.com\/","logo":{"@type":"ImageObject","inLanguage":"pt-PT","@id":"https:\/\/www.dillerbottle.com\/#\/schema\/logo\/image\/","url":"https:\/\/www.dillerbottle.com\/wp-content\/uploads\/2024\/09\/49918bfa848dcc1e9f8b509933603ac.png","contentUrl":"https:\/\/www.dillerbottle.com\/wp-content\/uploads\/2024\/09\/49918bfa848dcc1e9f8b509933603ac.png","width":988,"height":198,"caption":"Diller Water Bottle Manufacturer"},"image":{"@id":"https:\/\/www.dillerbottle.com\/#\/schema\/logo\/image\/"}}]}},"_links":{"self":[{"href":"https:\/\/www.dillerbottle.com\/pt\/wp-json\/wp\/v2\/product\/9485","targetHints":{"allow":["GET"]}}],"collection":[{"href":"https:\/\/www.dillerbottle.com\/pt\/wp-json\/wp\/v2\/product"}],"about":[{"href":"https:\/\/www.dillerbottle.com\/pt\/wp-json\/wp\/v2\/types\/product"}],"replies":[{"embeddable":true,"href":"https:\/\/www.dillerbottle.com\/pt\/wp-json\/wp\/v2\/comments?post=9485"}],"wp:featuredmedia":[{"embeddable":true,"href":"https:\/\/www.dillerbottle.com\/pt\/wp-json\/wp\/v2\/media\/9486"}],"wp:attachment":[{"href":"https:\/\/www.dillerbottle.com\/pt\/wp-json\/wp\/v2\/media?parent=9485"}],"wp:term":[{"taxonomy":"product_brand","embeddable":true,"href":"https:\/\/www.dillerbottle.com\/pt\/wp-json\/wp\/v2\/product_brand?post=9485"},{"taxonomy":"product_cat","embeddable":true,"href":"https:\/\/www.dillerbottle.com\/pt\/wp-json\/wp\/v2\/product_cat?post=9485"},{"taxonomy":"product_tag","embeddable":true,"href":"https:\/\/www.dillerbottle.com\/pt\/wp-json\/wp\/v2\/product_tag?post=9485"}],"curies":[{"name":"wp","href":"https:\/\/api.w.org\/{rel}","templated":true}]}}