{"id":3,"date":"2024-09-23T09:55:12","date_gmt":"2024-09-23T01:55:12","guid":{"rendered":"https:\/\/demo.dillerbottle.com\/?page_id=3"},"modified":"2024-10-26T17:48:30","modified_gmt":"2024-10-26T09:48:30","slug":"gizlilik-politikasi","status":"publish","type":"page","link":"https:\/\/www.dillerbottle.com\/tr\/privacy-policy","title":{"rendered":"Gizlilik Politikas\u0131"},"content":{"rendered":"<p>Biz kimiz<br \/>Web sitemizin adresi: https:\/\/www.dillerbottle.com.<\/p>\r\n<p>Yorumlar<br \/>Bir ziyaret\u00e7i web sitemizde yorum b\u0131rakt\u0131\u011f\u0131nda, yorum formundan, ziyaret\u00e7inin IP adresinden ve spam yorumlar\u0131n tespit edilmesine yard\u0131mc\u0131 olan taray\u0131c\u0131 Kullan\u0131c\u0131 Arac\u0131s\u0131 dizesinden veri topluyoruz.<\/p>\r\n<p>Ayr\u0131ca, e-posta adresinize dayal\u0131 anonimle\u015ftirme dizeleri (karma de\u011ferler) \u00fcretebilir ve hizmeti kulland\u0131\u011f\u0131n\u0131z\u0131 do\u011frulamak i\u00e7in bunlar\u0131 Gravatar hizmetine sa\u011flayabiliriz. Gravatar hizmetinin gizlilik politikas\u0131na \u015fu ba\u011flant\u0131dan eri\u015filebilir: https:\/\/automattic.com\/privacy\/. Yorumunuz onayland\u0131ktan sonra, avatar\u0131n\u0131z yorumunuzla birlikte herkese a\u00e7\u0131k olarak g\u00f6sterilecektir.<\/p>\r\n<p>Medya<br \/>Web sitemize g\u00f6rsel y\u00fcklerseniz, g\u00f6m\u00fcl\u00fc co\u011frafi konum bilgisi (EXIF GPS verileri) i\u00e7eren g\u00f6rselleri y\u00fcklemekten l\u00fctfen ka\u00e7\u0131n\u0131n. Site ziyaret\u00e7ileri, g\u00f6rsellerden konum bilgilerini indirip \u00e7\u0131karabilir.<\/p>\r\n<p>\u00c7erezler<br \/>Web sitemizde bir yorum b\u0131rak\u0131rsan\u0131z, ad\u0131n\u0131z\u0131, e-posta adresinizi ve web sitesi adresinizi kaydetmek i\u00e7in \u00e7erezleri kullanmay\u0131 se\u00e7ebilirsiniz. Bu \u00e7erezler, daha sonra bir yorum b\u0131rakt\u0131\u011f\u0131n\u0131zda bilgileri tekrar doldurmak zorunda kalmaman\u0131z\u0131n rahatl\u0131\u011f\u0131n\u0131 sa\u011flayacakt\u0131r. Bu \u00c7erezler bir y\u0131l boyunca saklanacakt\u0131r.<\/p>\r\n<p>Giri\u015f sayfam\u0131z\u0131 ziyaret ederseniz, taray\u0131c\u0131n\u0131z\u0131n \u00e7erezleri kabul etti\u011fini do\u011frulamak i\u00e7in ge\u00e7ici bir \u00e7erez ayarlayaca\u011f\u0131z; bu \u00e7erez hi\u00e7bir ki\u015fisel veri i\u00e7ermez ve taray\u0131c\u0131n\u0131z\u0131 kapatt\u0131\u011f\u0131n\u0131zda silinecektir.<\/p>\r\n<p>Giri\u015f yapt\u0131\u011f\u0131n\u0131zda, giri\u015f bilgilerinizi ve ekran g\u00f6r\u00fcnt\u00fcleme se\u00e7eneklerinizi depolamak i\u00e7in birden fazla \u00e7erez ayarl\u0131yoruz. Giri\u015f \u00e7erezleri iki g\u00fcn, ekran g\u00f6r\u00fcnt\u00fcleme se\u00e7enekleri \u00e7erezleri ise bir y\u0131l ge\u00e7erlidir. &#039;Beni Hat\u0131rla&#039;y\u0131 se\u00e7erseniz, giri\u015f bilgileriniz iki hafta boyunca saklan\u0131r. Hesab\u0131n\u0131zdan \u00e7\u0131k\u0131\u015f yapt\u0131\u011f\u0131n\u0131zda, giri\u015f \u00e7erezleri kald\u0131r\u0131l\u0131r.<\/p>\r\n<p>Bir makaleyi d\u00fczenler veya yay\u0131nlarsan\u0131z, taray\u0131c\u0131n\u0131za hi\u00e7bir ki\u015fisel veri i\u00e7ermeyen, ancak yaln\u0131zca d\u00fczenledi\u011finiz makalenin kimli\u011fini i\u00e7eren ek bir \u00e7erez yerle\u015ftirece\u011fiz; bu \u00e7erez bir g\u00fcn boyunca saklanacakt\u0131r.<\/p>\r\n<p>Di\u011fer web sitelerinden g\u00f6m\u00fcl\u00fc i\u00e7erik<br \/>Bu web sitesindeki makaleler g\u00f6m\u00fcl\u00fc i\u00e7erik (\u00f6rne\u011fin videolar, resimler, makaleler, vb.) i\u00e7erebilir. Bu g\u00f6m\u00fcl\u00fc i\u00e7erikler, do\u011frudan bu harici web sitelerini ziyaret etti\u011finizde davrand\u0131klar\u0131 \u015fekilde davrand\u0131klar\u0131 \u015fekilde davranmazlar.<\/p>\r\n<p>Bu harici web siteleri sizin hakk\u0131n\u0131zda veri toplayabilir, \u00e7erez kullanabilir, ek \u00fc\u00e7\u00fcnc\u00fc taraf izleme ara\u00e7lar\u0131n\u0131 yerle\u015ftirebilir ve hatta \u00f6zellikle bu harici web sitelerinde bir hesab\u0131n\u0131z varsa ve oturum a\u00e7t\u0131ysan\u0131z, yerle\u015ftirilen i\u00e7erikle etkile\u015fimlerinizi izleyebilir.<\/p>\r\n<p>Bilgilerinizi kimlerle payla\u015f\u0131yoruz?<br \/>\u015eifre s\u0131f\u0131rlama talebinde bulunman\u0131z halinde, IP adresiniz \u015fifre s\u0131f\u0131rlama e-postas\u0131na eklenecektir.<\/p>\r\n<p>Bilgilerinizi ne kadar s\u00fcreyle sakl\u0131yoruz?<br \/>Bir yorum b\u0131rak\u0131rsan\u0131z, yorum ve ili\u015fkili veriler s\u00fcresiz olarak saklan\u0131r. Bu, herhangi bir sonraki yorumun bir denetim kuyru\u011funa yerle\u015ftirilmesine gerek kalmadan otomatik olarak tan\u0131mlanmas\u0131n\u0131 ve onaylanmas\u0131n\u0131 kolayla\u015ft\u0131rmak i\u00e7indir.<\/p>\r\n<p>Sitemize kay\u0131t yapt\u0131ran kullan\u0131c\u0131lar i\u00e7in, profillerinde sa\u011flad\u0131klar\u0131 ki\u015fisel bilgileri de saklar\u0131z. T\u00fcm kullan\u0131c\u0131lar ki\u015fisel bilgilerini istedikleri zaman g\u00f6r\u00fcnt\u00fcleyebilir, d\u00fczenleyebilir veya silebilir (kullan\u0131c\u0131 adlar\u0131 hari\u00e7) ve site y\u00f6neticileri de bu bilgileri g\u00f6r\u00fcnt\u00fcleyebilir ve d\u00fczenleyebilir.<\/p>\r\n<p>Verileriniz \u00fczerinde hangi haklara sahipsiniz?<br \/>Web sitemizde bir hesab\u0131n\u0131z varsa veya daha \u00f6nce bir inceleme b\u0131rakt\u0131ysan\u0131z, bize sa\u011flad\u0131\u011f\u0131n\u0131z t\u00fcm verileri i\u00e7eren, hakk\u0131n\u0131zda tuttu\u011fumuz ki\u015fisel verilerin d\u0131\u015fa aktar\u0131lm\u0131\u015f bir dosyas\u0131n\u0131 talep edebilirsiniz. Ayr\u0131ca hakk\u0131n\u0131zda tuttu\u011fumuz t\u00fcm ki\u015fisel verileri silmemizi de talep edebilirsiniz. Bu, idari, yasal veya g\u00fcvenlik ama\u00e7lar\u0131 i\u00e7in saklamam\u0131z gereken verileri i\u00e7ermez.<\/p>\r\n<p>Verileriniz nereye g\u00f6nderilir?<br \/>Misafir yorumlar\u0131 otomatik spam yorum alg\u0131lama servisi taraf\u0131ndan kontrol edilebilir.<\/p>","protected":false},"excerpt":{"rendered":"<p>Who we areOur website address is: https:\/\/www.dillerbottle.com. CommentsWhen a visitor leaves a comment on our website, we collect data from the comment form, the visitor&#8217;s IP address and browser User-Agent string, which helps detect spam comments. In addition, we may generate anonymisation strings (hashes) based on your email address and provide them to the Gravatar [&hellip;]<\/p>\n","protected":false},"author":1,"featured_media":0,"parent":0,"menu_order":0,"comment_status":"closed","ping_status":"open","template":"","meta":{"_acf_changed":false,"footnotes":""},"class_list":["post-3","page","type-page","status-publish","hentry"],"acf":[],"yoast_head":"<!-- This site is optimized with the Yoast SEO Premium plugin v27.6 (Yoast SEO v27.6) - https:\/\/yoast.com\/product\/yoast-seo-premium-wordpress\/ -->\n<title>Privacy Policy - Diller Water Bottle Manufacturer<\/title>\n<meta name=\"description\" content=\"Learn about our website&#039;s privacy policy and how we collect data from comments and media uploads. Find out how we protect your personal information.\" \/>\n<meta name=\"robots\" content=\"index, follow, max-snippet:-1, max-image-preview:large, max-video-preview:-1\" \/>\n<link rel=\"canonical\" href=\"https:\/\/www.dillerbottle.com\/tr\/gizlilik-politikasi\" \/>\n<meta property=\"og:locale\" content=\"tr_TR\" \/>\n<meta property=\"og:type\" content=\"article\" \/>\n<meta property=\"og:title\" content=\"Privacy Policy\" \/>\n<meta property=\"og:description\" content=\"Learn about our website&#039;s privacy policy and how we collect data from comments and media uploads. Find out how we protect your personal information.\" \/>\n<meta property=\"og:url\" content=\"https:\/\/www.dillerbottle.com\/tr\/gizlilik-politikasi\" \/>\n<meta property=\"og:site_name\" content=\"Diller Water Bottle Manufacturer\" \/>\n<meta property=\"article:modified_time\" content=\"2024-10-26T09:48:30+00:00\" \/>\n<meta name=\"twitter:card\" content=\"summary_large_image\" \/>\n<meta name=\"twitter:label1\" content=\"Tahmini okuma s\u00fcresi\" \/>\n\t<meta name=\"twitter:data1\" content=\"3 dakika\" \/>\n<script type=\"application\/ld+json\" class=\"yoast-schema-graph\">{\"@context\":\"https:\\\/\\\/schema.org\",\"@graph\":[{\"@type\":\"Article\",\"@id\":\"https:\\\/\\\/www.dillerbottle.com\\\/privacy-policy#article\",\"isPartOf\":{\"@id\":\"https:\\\/\\\/www.dillerbottle.com\\\/privacy-policy\"},\"author\":{\"name\":\"Chief Product Officer of Diller\",\"@id\":\"https:\\\/\\\/www.dillerbottle.com\\\/#\\\/schema\\\/person\\\/6e4e3f367a0e12fd1bd059570c54c9af\"},\"headline\":\"Privacy Policy\",\"datePublished\":\"2024-09-23T01:55:12+00:00\",\"dateModified\":\"2024-10-26T09:48:30+00:00\",\"mainEntityOfPage\":{\"@id\":\"https:\\\/\\\/www.dillerbottle.com\\\/privacy-policy\"},\"wordCount\":607,\"publisher\":{\"@id\":\"https:\\\/\\\/www.dillerbottle.com\\\/#organization\"},\"inLanguage\":\"tr\"},{\"@type\":\"WebPage\",\"@id\":\"https:\\\/\\\/www.dillerbottle.com\\\/privacy-policy\",\"url\":\"https:\\\/\\\/www.dillerbottle.com\\\/privacy-policy\",\"name\":\"Privacy Policy - Diller Water Bottle Manufacturer\",\"isPartOf\":{\"@id\":\"https:\\\/\\\/www.dillerbottle.com\\\/#website\"},\"datePublished\":\"2024-09-23T01:55:12+00:00\",\"dateModified\":\"2024-10-26T09:48:30+00:00\",\"description\":\"Learn about our website's privacy policy and how we collect data from comments and media uploads. Find out how we protect your personal information.\",\"breadcrumb\":{\"@id\":\"https:\\\/\\\/www.dillerbottle.com\\\/privacy-policy#breadcrumb\"},\"inLanguage\":\"tr\",\"potentialAction\":[{\"@type\":\"ReadAction\",\"target\":[\"https:\\\/\\\/www.dillerbottle.com\\\/privacy-policy\"]}]},{\"@type\":\"BreadcrumbList\",\"@id\":\"https:\\\/\\\/www.dillerbottle.com\\\/privacy-policy#breadcrumb\",\"itemListElement\":[{\"@type\":\"ListItem\",\"position\":1,\"name\":\"Home\",\"item\":\"https:\\\/\\\/www.dillerbottle.com\\\/\"},{\"@type\":\"ListItem\",\"position\":2,\"name\":\"Privacy Policy\"}]},{\"@type\":\"WebSite\",\"@id\":\"https:\\\/\\\/www.dillerbottle.com\\\/#website\",\"url\":\"https:\\\/\\\/www.dillerbottle.com\\\/\",\"name\":\"Diller Water Bottle Manufacturer\",\"description\":\"Water Bottle Manufacturer\",\"publisher\":{\"@id\":\"https:\\\/\\\/www.dillerbottle.com\\\/#organization\"},\"potentialAction\":[{\"@type\":\"SearchAction\",\"target\":{\"@type\":\"EntryPoint\",\"urlTemplate\":\"https:\\\/\\\/www.dillerbottle.com\\\/?s={search_term_string}\"},\"query-input\":{\"@type\":\"PropertyValueSpecification\",\"valueRequired\":true,\"valueName\":\"search_term_string\"}}],\"inLanguage\":\"tr\"},{\"@type\":\"Organization\",\"@id\":\"https:\\\/\\\/www.dillerbottle.com\\\/#organization\",\"name\":\"Diller Water Bottle Manufacturer\",\"url\":\"https:\\\/\\\/www.dillerbottle.com\\\/\",\"logo\":{\"@type\":\"ImageObject\",\"inLanguage\":\"tr\",\"@id\":\"https:\\\/\\\/www.dillerbottle.com\\\/#\\\/schema\\\/logo\\\/image\\\/\",\"url\":\"https:\\\/\\\/www.dillerbottle.com\\\/wp-content\\\/uploads\\\/2024\\\/09\\\/49918bfa848dcc1e9f8b509933603ac.png\",\"contentUrl\":\"https:\\\/\\\/www.dillerbottle.com\\\/wp-content\\\/uploads\\\/2024\\\/09\\\/49918bfa848dcc1e9f8b509933603ac.png\",\"width\":988,\"height\":198,\"caption\":\"Diller Water Bottle Manufacturer\"},\"image\":{\"@id\":\"https:\\\/\\\/www.dillerbottle.com\\\/#\\\/schema\\\/logo\\\/image\\\/\"}},{\"@type\":\"Person\",\"@id\":\"https:\\\/\\\/www.dillerbottle.com\\\/#\\\/schema\\\/person\\\/6e4e3f367a0e12fd1bd059570c54c9af\",\"name\":\"Chief Product Officer of Diller\",\"image\":{\"@type\":\"ImageObject\",\"inLanguage\":\"tr\",\"@id\":\"https:\\\/\\\/secure.gravatar.com\\\/avatar\\\/948a7094970fcd6f83ebecba16db8a0cd9e0d9a5526ec2aad2f199a3553f6eb5?s=96&d=mm&r=g\",\"url\":\"https:\\\/\\\/secure.gravatar.com\\\/avatar\\\/948a7094970fcd6f83ebecba16db8a0cd9e0d9a5526ec2aad2f199a3553f6eb5?s=96&d=mm&r=g\",\"contentUrl\":\"https:\\\/\\\/secure.gravatar.com\\\/avatar\\\/948a7094970fcd6f83ebecba16db8a0cd9e0d9a5526ec2aad2f199a3553f6eb5?s=96&d=mm&r=g\",\"caption\":\"Chief Product Officer of Diller\"},\"sameAs\":[\"https:\\\/\\\/www.dillerbottle.com\"],\"jobTitle\":\"Chief Product Officer of Diller\",\"url\":\"https:\\\/\\\/www.dillerbottle.com\\\/tr\\\/author\\\/diller\"}]}<\/script>\n<!-- \/ Yoast SEO Premium plugin. -->","yoast_head_json":{"title":"Gizlilik Politikas\u0131 - Diller Su \u015ei\u015fesi \u00dcreticisi","description":"Web sitemizin gizlilik politikas\u0131 ve yorumlardan ve medya y\u00fcklemelerinden nas\u0131l veri toplad\u0131\u011f\u0131m\u0131z hakk\u0131nda bilgi edinin. Ki\u015fisel bilgilerinizi nas\u0131l korudu\u011fumuzu \u00f6\u011frenin.","robots":{"index":"index","follow":"follow","max-snippet":"max-snippet:-1","max-image-preview":"max-image-preview:large","max-video-preview":"max-video-preview:-1"},"canonical":"https:\/\/www.dillerbottle.com\/tr\/gizlilik-politikasi","og_locale":"tr_TR","og_type":"article","og_title":"Privacy Policy","og_description":"Learn about our website's privacy policy and how we collect data from comments and media uploads. Find out how we protect your personal information.","og_url":"https:\/\/www.dillerbottle.com\/tr\/gizlilik-politikasi","og_site_name":"Diller Water Bottle Manufacturer","article_modified_time":"2024-10-26T09:48:30+00:00","twitter_card":"summary_large_image","twitter_misc":{"Tahmini okuma s\u00fcresi":"3 dakika"},"schema":{"@context":"https:\/\/schema.org","@graph":[{"@type":"Article","@id":"https:\/\/www.dillerbottle.com\/privacy-policy#article","isPartOf":{"@id":"https:\/\/www.dillerbottle.com\/privacy-policy"},"author":{"name":"Chief Product Officer of Diller","@id":"https:\/\/www.dillerbottle.com\/#\/schema\/person\/6e4e3f367a0e12fd1bd059570c54c9af"},"headline":"Privacy Policy","datePublished":"2024-09-23T01:55:12+00:00","dateModified":"2024-10-26T09:48:30+00:00","mainEntityOfPage":{"@id":"https:\/\/www.dillerbottle.com\/privacy-policy"},"wordCount":607,"publisher":{"@id":"https:\/\/www.dillerbottle.com\/#organization"},"inLanguage":"tr"},{"@type":"WebPage","@id":"https:\/\/www.dillerbottle.com\/privacy-policy","url":"https:\/\/www.dillerbottle.com\/privacy-policy","name":"Gizlilik Politikas\u0131 - Diller Su \u015ei\u015fesi \u00dcreticisi","isPartOf":{"@id":"https:\/\/www.dillerbottle.com\/#website"},"datePublished":"2024-09-23T01:55:12+00:00","dateModified":"2024-10-26T09:48:30+00:00","description":"Web sitemizin gizlilik politikas\u0131 ve yorumlardan ve medya y\u00fcklemelerinden nas\u0131l veri toplad\u0131\u011f\u0131m\u0131z hakk\u0131nda bilgi edinin. Ki\u015fisel bilgilerinizi nas\u0131l korudu\u011fumuzu \u00f6\u011frenin.","breadcrumb":{"@id":"https:\/\/www.dillerbottle.com\/privacy-policy#breadcrumb"},"inLanguage":"tr","potentialAction":[{"@type":"ReadAction","target":["https:\/\/www.dillerbottle.com\/privacy-policy"]}]},{"@type":"BreadcrumbList","@id":"https:\/\/www.dillerbottle.com\/privacy-policy#breadcrumb","itemListElement":[{"@type":"ListItem","position":1,"name":"Home","item":"https:\/\/www.dillerbottle.com\/"},{"@type":"ListItem","position":2,"name":"Privacy Policy"}]},{"@type":"WebSite","@id":"https:\/\/www.dillerbottle.com\/#website","url":"https:\/\/www.dillerbottle.com\/","name":"Diller Su \u015ei\u015fesi \u00dcreticisi","description":"Su \u015ei\u015fesi \u00dcreticisi","publisher":{"@id":"https:\/\/www.dillerbottle.com\/#organization"},"potentialAction":[{"@type":"SearchAction","target":{"@type":"EntryPoint","urlTemplate":"https:\/\/www.dillerbottle.com\/?s={search_term_string}"},"query-input":{"@type":"PropertyValueSpecification","valueRequired":true,"valueName":"search_term_string"}}],"inLanguage":"tr"},{"@type":"Organization","@id":"https:\/\/www.dillerbottle.com\/#organization","name":"Diller Su \u015ei\u015fesi \u00dcreticisi","url":"https:\/\/www.dillerbottle.com\/","logo":{"@type":"ImageObject","inLanguage":"tr","@id":"https:\/\/www.dillerbottle.com\/#\/schema\/logo\/image\/","url":"https:\/\/www.dillerbottle.com\/wp-content\/uploads\/2024\/09\/49918bfa848dcc1e9f8b509933603ac.png","contentUrl":"https:\/\/www.dillerbottle.com\/wp-content\/uploads\/2024\/09\/49918bfa848dcc1e9f8b509933603ac.png","width":988,"height":198,"caption":"Diller Water Bottle Manufacturer"},"image":{"@id":"https:\/\/www.dillerbottle.com\/#\/schema\/logo\/image\/"}},{"@type":"Person","@id":"https:\/\/www.dillerbottle.com\/#\/schema\/person\/6e4e3f367a0e12fd1bd059570c54c9af","name":"Diller'nin Ba\u015f \u00dcr\u00fcn Sorumlusu","image":{"@type":"ImageObject","inLanguage":"tr","@id":"https:\/\/secure.gravatar.com\/avatar\/948a7094970fcd6f83ebecba16db8a0cd9e0d9a5526ec2aad2f199a3553f6eb5?s=96&d=mm&r=g","url":"https:\/\/secure.gravatar.com\/avatar\/948a7094970fcd6f83ebecba16db8a0cd9e0d9a5526ec2aad2f199a3553f6eb5?s=96&d=mm&r=g","contentUrl":"https:\/\/secure.gravatar.com\/avatar\/948a7094970fcd6f83ebecba16db8a0cd9e0d9a5526ec2aad2f199a3553f6eb5?s=96&d=mm&r=g","caption":"Chief Product Officer of Diller"},"sameAs":["https:\/\/www.dillerbottle.com"],"jobTitle":"Chief Product Officer of Diller","url":"https:\/\/www.dillerbottle.com\/tr\/author\/diller"}]}},"_links":{"self":[{"href":"https:\/\/www.dillerbottle.com\/tr\/wp-json\/wp\/v2\/pages\/3","targetHints":{"allow":["GET"]}}],"collection":[{"href":"https:\/\/www.dillerbottle.com\/tr\/wp-json\/wp\/v2\/pages"}],"about":[{"href":"https:\/\/www.dillerbottle.com\/tr\/wp-json\/wp\/v2\/types\/page"}],"author":[{"embeddable":true,"href":"https:\/\/www.dillerbottle.com\/tr\/wp-json\/wp\/v2\/users\/1"}],"replies":[{"embeddable":true,"href":"https:\/\/www.dillerbottle.com\/tr\/wp-json\/wp\/v2\/comments?post=3"}],"version-history":[{"count":0,"href":"https:\/\/www.dillerbottle.com\/tr\/wp-json\/wp\/v2\/pages\/3\/revisions"}],"wp:attachment":[{"href":"https:\/\/www.dillerbottle.com\/tr\/wp-json\/wp\/v2\/media?parent=3"}],"curies":[{"name":"wp","href":"https:\/\/api.w.org\/{rel}","templated":true}]}}