{"id":10045,"date":"2024-09-29T14:39:53","date_gmt":"2024-09-29T06:39:53","guid":{"rendered":"https:\/\/demo.dillerbottle.com\/products\/insulated-straw-water-flask"},"modified":"2025-07-09T15:39:15","modified_gmt":"2025-07-09T07:39:15","slug":"yalitimli-saman-su-matarasi","status":"publish","type":"product","link":"https:\/\/www.dillerbottle.com\/tr\/products\/insulated-straw-water-flask","title":{"rendered":"Yal\u0131t\u0131ml\u0131 Pipetli Su Mataras\u0131"},"content":{"rendered":"<p>1. Yal\u0131t\u0131ml\u0131 pipetli su mataras\u0131, birinci s\u0131n\u0131f kalite 316 paslanmaz \u00e7elikten, 100% BPA i\u00e7ermeyen ve toksik olmayan malzemeden \u00fcretilmi\u015ftir ve asla paslanmayaca\u011f\u0131n\u0131, oksitlenmeyece\u011fini veya herhangi bir metal tad\u0131 olmayaca\u011f\u0131n\u0131 garanti eder. Geni\u015f a\u011f\u0131zl\u0131 \u015fi\u015fe a\u011fz\u0131, buz k\u00fcpleri veya meyvelerle temizleme ve doldurma kolayl\u0131\u011f\u0131 sa\u011flar.<\/p>\n<p>2.;Bardak kapa\u011f\u0131n\u0131n gizli sap\u0131 ve donat\u0131lm\u0131\u015f kay\u0131\u015f\u0131, yal\u0131t\u0131ml\u0131 pipetli su mataras\u0131n\u0131n ta\u015f\u0131nmas\u0131n\u0131 daha kolay hale getirir.<\/p>\n<p>3. Basmal\u0131 kapakl\u0131 \u00fcst kapak tasar\u0131m\u0131 kolayca a\u00e7\u0131l\u0131p kapat\u0131labilir ve tek elle \u00e7al\u0131\u015ft\u0131r\u0131labilir, b\u00f6ylece i\u00e7mesi kolayd\u0131r.<\/p>\n<div style=\"width: 640px;\" class=\"wp-video\"><video class=\"wp-video-shortcode\" id=\"video-10045-1\" width=\"640\" height=\"360\" preload=\"metadata\" controls=\"controls\"><source type=\"video\/mp4\" src=\"\/wp-content\/uploads\/2024\/09\/66f8f63ead416-video202302141645598743137.mp4?_=1\" \/><a href=\"\/wp-content\/uploads\/2024\/09\/66f8f63ead416-video202302141645598743137.mp4\">\/wp-content\/uploads\/2024\/09\/66f8f63ead416-video202302141645598743137.mp4<\/a><\/video><\/div>","protected":false},"excerpt":{"rendered":"<p>Bu yal\u0131t\u0131ml\u0131 pipetli su mataras\u0131 dayan\u0131kl\u0131 316 paslanmaz \u00e7elikten \u00fcretilmi\u015ftir.<br \/>\nBu su \u015fi\u015fesi i\u00e7indekileri 6-12 saate kadar s\u0131cak veya buz gibi so\u011fuk tutabilir.<br \/>\nBu \u015fi\u015fenin geni\u015f ask\u0131s\u0131 var, d\u0131\u015far\u0131 \u00e7\u0131karken daha rahat ve konforlu oluyor.<br \/>\nOEM ve ODM kabul edilebilir.<br \/>\nMetal termos \u015fi\u015feyi ihtiya\u00e7lar\u0131n\u0131za g\u00f6re \u00f6zelle\u015ftirebiliriz.<br \/>\nToptan sat\u0131n almaya ho\u015f geldiniz, hemen soru\u015fturma g\u00f6nderin!<\/p>","protected":false},"featured_media":10046,"comment_status":"open","ping_status":"closed","template":"","meta":{"_acf_changed":false},"product_brand":[],"product_cat":[18],"product_tag":[32,210,36,33,31,733,39,38,856,29,37,523,34,35,681,704,28,701,30],"class_list":{"0":"post-10045","1":"product","2":"type-product","3":"status-publish","4":"has-post-thumbnail","6":"product_cat-insulated-water-bottle","7":"product_tag-best","8":"product_tag-big-water-bottle","9":"product_tag-bulk","10":"product_tag-buy","11":"product_tag-custom","12":"product_tag-custom-water-bottle-logo","13":"product_tag-for-sale","14":"product_tag-good-quality","15":"product_tag-insulated-straw-water-flask","16":"product_tag-manufacturers","17":"product_tag-manufacturing","18":"product_tag-outdoor-water-bottle","19":"product_tag-price","20":"product_tag-small","21":"product_tag-stainless-steel-vacuum-insulated-water-bottle","22":"product_tag-steel-vacuum-insulated-water-bottle-outdoor","23":"product_tag-suppliers","24":"product_tag-thermal-water-bottles-outdoor-with-handle-lid","25":"product_tag-wholesale","27":"first","28":"instock","29":"shipping-taxable","30":"product-type-simple"},"acf":[],"yoast_head":"<!-- This site is optimized with the Yoast SEO Premium plugin v27.5 (Yoast SEO v27.5) - https:\/\/yoast.com\/product\/yoast-seo-premium-wordpress\/ -->\n<title>Insulated Straw Water Flask - Diller Water Bottle Manufacturer<\/title>\n<meta name=\"description\" content=\"As one of the best insulated straw water flask manufacturers and suppliers, we are engaged in manufacturing good quality water bottles. We warmly welcome you to wholesale or buy custom made insulated straw water flask at competitive price from us. Also, small quantity orders are acceptable.\" \/>\n<meta name=\"robots\" content=\"index, follow, max-snippet:-1, max-image-preview:large, max-video-preview:-1\" \/>\n<link rel=\"canonical\" href=\"https:\/\/www.dillerbottle.com\/tr\/urunler\/yalitimli-saman-su-matarasi\" \/>\n<meta property=\"og:locale\" content=\"tr_TR\" \/>\n<meta property=\"og:type\" content=\"article\" \/>\n<meta property=\"og:title\" content=\"Insulated Straw Water Flask\" \/>\n<meta property=\"og:description\" content=\"As one of the best insulated straw water flask manufacturers and suppliers, we are engaged in manufacturing good quality water bottles. We warmly welcome you to wholesale or buy custom made insulated straw water flask at competitive price from us. Also, small quantity orders are acceptable.\" \/>\n<meta property=\"og:url\" content=\"https:\/\/www.dillerbottle.com\/tr\/urunler\/yalitimli-saman-su-matarasi\" \/>\n<meta property=\"og:site_name\" content=\"Diller Water Bottle Manufacturer\" \/>\n<meta property=\"article:modified_time\" content=\"2025-07-09T07:39:15+00:00\" \/>\n<meta property=\"og:image\" content=\"https:\/\/www.dillerbottle.com\/wp-content\/uploads\/2024\/09\/insulated-straw-water-flask4daa371b-45be-423b-ad4c-62c5136054c4.jpg\" \/>\n\t<meta property=\"og:image:width\" content=\"730\" \/>\n\t<meta property=\"og:image:height\" content=\"730\" \/>\n\t<meta property=\"og:image:type\" content=\"image\/jpeg\" \/>\n<meta name=\"twitter:card\" content=\"summary_large_image\" \/>\n<meta name=\"twitter:label1\" content=\"Tahmini okuma s\u00fcresi\" \/>\n\t<meta name=\"twitter:data1\" content=\"5 dakika\" \/>\n<script type=\"application\/ld+json\" class=\"yoast-schema-graph\">{\"@context\":\"https:\\\/\\\/schema.org\",\"@graph\":[{\"@type\":\"WebPage\",\"@id\":\"https:\\\/\\\/www.dillerbottle.com\\\/vn\\\/cac-san-pham\\\/binh-dung-nuoc-rom-cach-nhiet\",\"url\":\"https:\\\/\\\/www.dillerbottle.com\\\/vn\\\/cac-san-pham\\\/binh-dung-nuoc-rom-cach-nhiet\",\"name\":\"Insulated Straw Water Flask - Diller Water Bottle Manufacturer\",\"isPartOf\":{\"@id\":\"https:\\\/\\\/www.dillerbottle.com\\\/#website\"},\"primaryImageOfPage\":{\"@id\":\"https:\\\/\\\/www.dillerbottle.com\\\/vn\\\/cac-san-pham\\\/binh-dung-nuoc-rom-cach-nhiet#primaryimage\"},\"image\":{\"@id\":\"https:\\\/\\\/www.dillerbottle.com\\\/vn\\\/cac-san-pham\\\/binh-dung-nuoc-rom-cach-nhiet#primaryimage\"},\"thumbnailUrl\":\"https:\\\/\\\/www.dillerbottle.com\\\/wp-content\\\/uploads\\\/2024\\\/09\\\/insulated-straw-water-flask4daa371b-45be-423b-ad4c-62c5136054c4.jpg\",\"datePublished\":\"2024-09-29T06:39:53+00:00\",\"dateModified\":\"2025-07-09T07:39:15+00:00\",\"description\":\"As one of the best insulated straw water flask manufacturers and suppliers, we are engaged in manufacturing good quality water bottles. We warmly welcome you to wholesale or buy custom made insulated straw water flask at competitive price from us. Also, small quantity orders are acceptable.\",\"breadcrumb\":{\"@id\":\"https:\\\/\\\/www.dillerbottle.com\\\/vn\\\/cac-san-pham\\\/binh-dung-nuoc-rom-cach-nhiet#breadcrumb\"},\"inLanguage\":\"tr\",\"potentialAction\":[{\"@type\":\"ReadAction\",\"target\":[\"https:\\\/\\\/www.dillerbottle.com\\\/vn\\\/cac-san-pham\\\/binh-dung-nuoc-rom-cach-nhiet\"]}]},{\"@type\":\"ImageObject\",\"inLanguage\":\"tr\",\"@id\":\"https:\\\/\\\/www.dillerbottle.com\\\/vn\\\/cac-san-pham\\\/binh-dung-nuoc-rom-cach-nhiet#primaryimage\",\"url\":\"https:\\\/\\\/www.dillerbottle.com\\\/wp-content\\\/uploads\\\/2024\\\/09\\\/insulated-straw-water-flask4daa371b-45be-423b-ad4c-62c5136054c4.jpg\",\"contentUrl\":\"https:\\\/\\\/www.dillerbottle.com\\\/wp-content\\\/uploads\\\/2024\\\/09\\\/insulated-straw-water-flask4daa371b-45be-423b-ad4c-62c5136054c4.jpg\",\"width\":730,\"height\":730},{\"@type\":\"BreadcrumbList\",\"@id\":\"https:\\\/\\\/www.dillerbottle.com\\\/vn\\\/cac-san-pham\\\/binh-dung-nuoc-rom-cach-nhiet#breadcrumb\",\"itemListElement\":[{\"@type\":\"ListItem\",\"position\":1,\"name\":\"Home\",\"item\":\"https:\\\/\\\/www.dillerbottle.com\\\/\"},{\"@type\":\"ListItem\",\"position\":2,\"name\":\"Products\",\"item\":\"https:\\\/\\\/www.dillerbottle.com\\\/shop\"},{\"@type\":\"ListItem\",\"position\":3,\"name\":\"Insulated Straw Water Flask\"}]},{\"@type\":\"WebSite\",\"@id\":\"https:\\\/\\\/www.dillerbottle.com\\\/#website\",\"url\":\"https:\\\/\\\/www.dillerbottle.com\\\/\",\"name\":\"Diller Water Bottle Manufacturer\",\"description\":\"Water Bottle Manufacturer\",\"publisher\":{\"@id\":\"https:\\\/\\\/www.dillerbottle.com\\\/#organization\"},\"potentialAction\":[{\"@type\":\"SearchAction\",\"target\":{\"@type\":\"EntryPoint\",\"urlTemplate\":\"https:\\\/\\\/www.dillerbottle.com\\\/?s={search_term_string}\"},\"query-input\":{\"@type\":\"PropertyValueSpecification\",\"valueRequired\":true,\"valueName\":\"search_term_string\"}}],\"inLanguage\":\"tr\"},{\"@type\":\"Organization\",\"@id\":\"https:\\\/\\\/www.dillerbottle.com\\\/#organization\",\"name\":\"Diller Water Bottle Manufacturer\",\"url\":\"https:\\\/\\\/www.dillerbottle.com\\\/\",\"logo\":{\"@type\":\"ImageObject\",\"inLanguage\":\"tr\",\"@id\":\"https:\\\/\\\/www.dillerbottle.com\\\/#\\\/schema\\\/logo\\\/image\\\/\",\"url\":\"https:\\\/\\\/www.dillerbottle.com\\\/wp-content\\\/uploads\\\/2024\\\/09\\\/49918bfa848dcc1e9f8b509933603ac.png\",\"contentUrl\":\"https:\\\/\\\/www.dillerbottle.com\\\/wp-content\\\/uploads\\\/2024\\\/09\\\/49918bfa848dcc1e9f8b509933603ac.png\",\"width\":988,\"height\":198,\"caption\":\"Diller Water Bottle Manufacturer\"},\"image\":{\"@id\":\"https:\\\/\\\/www.dillerbottle.com\\\/#\\\/schema\\\/logo\\\/image\\\/\"}}]}<\/script>\n<!-- \/ Yoast SEO Premium plugin. -->","yoast_head_json":{"title":"Yal\u0131t\u0131ml\u0131 Pipetli Su Mataras\u0131 - Diller Su \u015ei\u015fesi \u00dcreticisi","description":"En iyi yal\u0131t\u0131ml\u0131 pipetli su mataras\u0131 \u00fcreticilerinden ve tedarik\u00e7ilerinden biri olarak, kaliteli su \u015fi\u015feleri \u00fcretiyoruz. Toptan sat\u0131\u015f yapman\u0131z\u0131 veya bizden rekabet\u00e7i fiyatlarla \u00f6zel yap\u0131m yal\u0131t\u0131ml\u0131 pipetli su mataras\u0131 sat\u0131n alman\u0131z\u0131 i\u00e7tenlikle bekliyoruz. Ayr\u0131ca, k\u00fc\u00e7\u00fck miktarda sipari\u015fler de kabul edilebilir.","robots":{"index":"index","follow":"follow","max-snippet":"max-snippet:-1","max-image-preview":"max-image-preview:large","max-video-preview":"max-video-preview:-1"},"canonical":"https:\/\/www.dillerbottle.com\/tr\/urunler\/yalitimli-saman-su-matarasi","og_locale":"tr_TR","og_type":"article","og_title":"Insulated Straw Water Flask","og_description":"As one of the best insulated straw water flask manufacturers and suppliers, we are engaged in manufacturing good quality water bottles. We warmly welcome you to wholesale or buy custom made insulated straw water flask at competitive price from us. Also, small quantity orders are acceptable.","og_url":"https:\/\/www.dillerbottle.com\/tr\/urunler\/yalitimli-saman-su-matarasi","og_site_name":"Diller Water Bottle Manufacturer","article_modified_time":"2025-07-09T07:39:15+00:00","og_image":[{"width":730,"height":730,"url":"https:\/\/www.dillerbottle.com\/wp-content\/uploads\/2024\/09\/insulated-straw-water-flask4daa371b-45be-423b-ad4c-62c5136054c4.jpg","type":"image\/jpeg"}],"twitter_card":"summary_large_image","twitter_misc":{"Tahmini okuma s\u00fcresi":"5 dakika"},"schema":{"@context":"https:\/\/schema.org","@graph":[{"@type":"WebPage","@id":"https:\/\/www.dillerbottle.com\/vn\/cac-san-pham\/binh-dung-nuoc-rom-cach-nhiet","url":"https:\/\/www.dillerbottle.com\/vn\/cac-san-pham\/binh-dung-nuoc-rom-cach-nhiet","name":"Yal\u0131t\u0131ml\u0131 Pipetli Su Mataras\u0131 - Diller Su \u015ei\u015fesi \u00dcreticisi","isPartOf":{"@id":"https:\/\/www.dillerbottle.com\/#website"},"primaryImageOfPage":{"@id":"https:\/\/www.dillerbottle.com\/vn\/cac-san-pham\/binh-dung-nuoc-rom-cach-nhiet#primaryimage"},"image":{"@id":"https:\/\/www.dillerbottle.com\/vn\/cac-san-pham\/binh-dung-nuoc-rom-cach-nhiet#primaryimage"},"thumbnailUrl":"https:\/\/www.dillerbottle.com\/wp-content\/uploads\/2024\/09\/insulated-straw-water-flask4daa371b-45be-423b-ad4c-62c5136054c4.jpg","datePublished":"2024-09-29T06:39:53+00:00","dateModified":"2025-07-09T07:39:15+00:00","description":"En iyi yal\u0131t\u0131ml\u0131 pipetli su mataras\u0131 \u00fcreticilerinden ve tedarik\u00e7ilerinden biri olarak, kaliteli su \u015fi\u015feleri \u00fcretiyoruz. Toptan sat\u0131\u015f yapman\u0131z\u0131 veya bizden rekabet\u00e7i fiyatlarla \u00f6zel yap\u0131m yal\u0131t\u0131ml\u0131 pipetli su mataras\u0131 sat\u0131n alman\u0131z\u0131 i\u00e7tenlikle bekliyoruz. Ayr\u0131ca, k\u00fc\u00e7\u00fck miktarda sipari\u015fler de kabul edilebilir.","breadcrumb":{"@id":"https:\/\/www.dillerbottle.com\/vn\/cac-san-pham\/binh-dung-nuoc-rom-cach-nhiet#breadcrumb"},"inLanguage":"tr","potentialAction":[{"@type":"ReadAction","target":["https:\/\/www.dillerbottle.com\/vn\/cac-san-pham\/binh-dung-nuoc-rom-cach-nhiet"]}]},{"@type":"ImageObject","inLanguage":"tr","@id":"https:\/\/www.dillerbottle.com\/vn\/cac-san-pham\/binh-dung-nuoc-rom-cach-nhiet#primaryimage","url":"https:\/\/www.dillerbottle.com\/wp-content\/uploads\/2024\/09\/insulated-straw-water-flask4daa371b-45be-423b-ad4c-62c5136054c4.jpg","contentUrl":"https:\/\/www.dillerbottle.com\/wp-content\/uploads\/2024\/09\/insulated-straw-water-flask4daa371b-45be-423b-ad4c-62c5136054c4.jpg","width":730,"height":730},{"@type":"BreadcrumbList","@id":"https:\/\/www.dillerbottle.com\/vn\/cac-san-pham\/binh-dung-nuoc-rom-cach-nhiet#breadcrumb","itemListElement":[{"@type":"ListItem","position":1,"name":"Home","item":"https:\/\/www.dillerbottle.com\/"},{"@type":"ListItem","position":2,"name":"Products","item":"https:\/\/www.dillerbottle.com\/shop"},{"@type":"ListItem","position":3,"name":"Insulated Straw Water Flask"}]},{"@type":"WebSite","@id":"https:\/\/www.dillerbottle.com\/#website","url":"https:\/\/www.dillerbottle.com\/","name":"Diller Su \u015ei\u015fesi \u00dcreticisi","description":"Su \u015ei\u015fesi \u00dcreticisi","publisher":{"@id":"https:\/\/www.dillerbottle.com\/#organization"},"potentialAction":[{"@type":"SearchAction","target":{"@type":"EntryPoint","urlTemplate":"https:\/\/www.dillerbottle.com\/?s={search_term_string}"},"query-input":{"@type":"PropertyValueSpecification","valueRequired":true,"valueName":"search_term_string"}}],"inLanguage":"tr"},{"@type":"Organization","@id":"https:\/\/www.dillerbottle.com\/#organization","name":"Diller Su \u015ei\u015fesi \u00dcreticisi","url":"https:\/\/www.dillerbottle.com\/","logo":{"@type":"ImageObject","inLanguage":"tr","@id":"https:\/\/www.dillerbottle.com\/#\/schema\/logo\/image\/","url":"https:\/\/www.dillerbottle.com\/wp-content\/uploads\/2024\/09\/49918bfa848dcc1e9f8b509933603ac.png","contentUrl":"https:\/\/www.dillerbottle.com\/wp-content\/uploads\/2024\/09\/49918bfa848dcc1e9f8b509933603ac.png","width":988,"height":198,"caption":"Diller Water Bottle Manufacturer"},"image":{"@id":"https:\/\/www.dillerbottle.com\/#\/schema\/logo\/image\/"}}]}},"_links":{"self":[{"href":"https:\/\/www.dillerbottle.com\/tr\/wp-json\/wp\/v2\/product\/10045","targetHints":{"allow":["GET"]}}],"collection":[{"href":"https:\/\/www.dillerbottle.com\/tr\/wp-json\/wp\/v2\/product"}],"about":[{"href":"https:\/\/www.dillerbottle.com\/tr\/wp-json\/wp\/v2\/types\/product"}],"replies":[{"embeddable":true,"href":"https:\/\/www.dillerbottle.com\/tr\/wp-json\/wp\/v2\/comments?post=10045"}],"wp:featuredmedia":[{"embeddable":true,"href":"https:\/\/www.dillerbottle.com\/tr\/wp-json\/wp\/v2\/media\/10046"}],"wp:attachment":[{"href":"https:\/\/www.dillerbottle.com\/tr\/wp-json\/wp\/v2\/media?parent=10045"}],"wp:term":[{"taxonomy":"product_brand","embeddable":true,"href":"https:\/\/www.dillerbottle.com\/tr\/wp-json\/wp\/v2\/product_brand?post=10045"},{"taxonomy":"product_cat","embeddable":true,"href":"https:\/\/www.dillerbottle.com\/tr\/wp-json\/wp\/v2\/product_cat?post=10045"},{"taxonomy":"product_tag","embeddable":true,"href":"https:\/\/www.dillerbottle.com\/tr\/wp-json\/wp\/v2\/product_tag?post=10045"}],"curies":[{"name":"wp","href":"https:\/\/api.w.org\/{rel}","templated":true}]}}