{"id":10133,"date":"2024-09-29T14:41:06","date_gmt":"2024-09-29T06:41:06","guid":{"rendered":"https:\/\/demo.dillerbottle.com\/products\/insulated-bottle-with-strap"},"modified":"2025-07-09T15:39:52","modified_gmt":"2025-07-09T07:39:52","slug":"kayisli-yalitimli-sise","status":"publish","type":"product","link":"https:\/\/www.dillerbottle.com\/tr\/products\/insulated-bottle-with-strap","title":{"rendered":"Kay\u0131\u015fl\u0131 Yal\u0131t\u0131ml\u0131 \u015ei\u015fe"},"content":{"rendered":"<p>1. Kay\u0131\u015fl\u0131 bu yal\u0131t\u0131ml\u0131 \u015fi\u015fe \u00e7ift duvarl\u0131 vakumlu yal\u0131t\u0131ml\u0131d\u0131r, i\u00e7ecekleri 6 saate kadar s\u0131cak veya 12 saate kadar so\u011fuk tutar, okuldan ders \u00e7al\u0131\u015f\u0131rken veya k\u0131sa bir seyahatte kahve yudumlamak i\u00e7in m\u00fckemmeldir.<\/p>\n<p>2. Basit ve zarif \u015fekil tasar\u0131m\u0131. G\u00fc\u00e7l\u00fc g\u00fczel deri k\u0131l\u0131fl\u0131 yal\u0131t\u0131ml\u0131 su \u015fi\u015fesi ve k\u0131l\u0131f kolay ta\u015f\u0131ma i\u00e7in ayarlanabilir kay\u0131\u015fla birlikte gelir.<\/p>\n<p>3. Basmal\u0131 kapak, kapaklar\u0131n \u00e7\u0131kar\u0131lmas\u0131 veya yanl\u0131\u015f yerle\u015ftirilmesi gerekmeden tek elle i\u00e7meyi sa\u011flar, kapal\u0131yken i\u00e7ecekleri i\u00e7eride tutar ve s\u0131\u00e7ramaz. Yal\u0131t\u0131ml\u0131 su \u015fi\u015femizin, \u00e7antada yanl\u0131\u015fl\u0131kla a\u00e7\u0131lmas\u0131n\u0131 \u00f6nlemek i\u00e7in bir emniyet kilidi mekanizmas\u0131 vard\u0131r.<\/p>\n<p>4. Kay\u0131\u015fl\u0131 bu yal\u0131t\u0131ml\u0131 \u015fi\u015fe 316 paslanmaz \u00e7elikten ve g\u0131da s\u0131n\u0131f\u0131 malzemelerden yap\u0131lm\u0131\u015ft\u0131r. S\u0131v\u0131, t\u00fcm g\u00fcn boyunca en iyi tad\u0131nda taze kalabilir.<\/p>","protected":false},"excerpt":{"rendered":"<p>Kay\u0131\u015fl\u0131 bu yal\u0131t\u0131ml\u0131 \u015fi\u015fe, dayan\u0131kl\u0131 316 paslanmaz \u00e7elik ve g\u0131da s\u0131n\u0131f\u0131 malzemelerden \u00fcretilmi\u015ftir.<br \/>\nBu termal su mataras\u0131, i\u00e7indekileri 6-12 saate kadar s\u0131cak veya buz gibi so\u011fuk tutabilir.<br \/>\nFarkl\u0131 renklerde deri kapakl\u0131, farkl\u0131 renklerde \u015fi\u015feler.<br \/>\nOEM ve ODM kabul edilebilir.<br \/>\nMetal termosumuzu ihtiya\u00e7lar\u0131n\u0131za g\u00f6re \u00f6zelle\u015ftirebiliriz.<br \/>\nToptan sat\u0131n almaya ho\u015f geldiniz, hemen soru\u015fturma g\u00f6nderin!<\/p>","protected":false},"featured_media":10134,"comment_status":"open","ping_status":"closed","template":"","meta":{"_acf_changed":false},"product_brand":[],"product_cat":[18],"product_tag":[785,32,36,33,31,733,39,38,859,717,29,37,744,34,35,28,537,519,30],"class_list":{"0":"post-10133","1":"product","2":"type-product","3":"status-publish","4":"has-post-thumbnail","6":"product_cat-insulated-water-bottle","7":"product_tag-500ml-stainless-steel-water-bottle","8":"product_tag-best","9":"product_tag-bulk","10":"product_tag-buy","11":"product_tag-custom","12":"product_tag-custom-water-bottle-logo","13":"product_tag-for-sale","14":"product_tag-good-quality","15":"product_tag-insulated-bottle-with-strap","16":"product_tag-luxury-water-bottle","17":"product_tag-manufacturers","18":"product_tag-manufacturing","19":"product_tag-oem-water-bottle","20":"product_tag-price","21":"product_tag-small","22":"product_tag-suppliers","23":"product_tag-water-bottle-sleeve","24":"product_tag-water-bottle-with-storage-compartment","25":"product_tag-wholesale","27":"first","28":"instock","29":"shipping-taxable","30":"product-type-simple"},"acf":[],"yoast_head":"<!-- This site is optimized with the Yoast SEO Premium plugin v27.5 (Yoast SEO v27.5) - https:\/\/yoast.com\/product\/yoast-seo-premium-wordpress\/ -->\n<title>Insulated Bottle With Strap - Diller Water Bottle Manufacturer<\/title>\n<meta name=\"description\" content=\"As one of the best insulated bottle with strap manufacturers and suppliers, we are engaged in manufacturing good quality water bottles. We warmly welcome you to wholesale or buy custom made insulated bottle with strap at competitive price from us. Also, small quantity orders are acceptable.\" \/>\n<meta name=\"robots\" content=\"index, follow, max-snippet:-1, max-image-preview:large, max-video-preview:-1\" \/>\n<link rel=\"canonical\" href=\"https:\/\/www.dillerbottle.com\/tr\/urunler\/kayisli-yalitimli-sise\" \/>\n<meta property=\"og:locale\" content=\"tr_TR\" \/>\n<meta property=\"og:type\" content=\"article\" \/>\n<meta property=\"og:title\" content=\"Insulated Bottle With Strap\" \/>\n<meta property=\"og:description\" content=\"As one of the best insulated bottle with strap manufacturers and suppliers, we are engaged in manufacturing good quality water bottles. We warmly welcome you to wholesale or buy custom made insulated bottle with strap at competitive price from us. Also, small quantity orders are acceptable.\" \/>\n<meta property=\"og:url\" content=\"https:\/\/www.dillerbottle.com\/tr\/urunler\/kayisli-yalitimli-sise\" \/>\n<meta property=\"og:site_name\" content=\"Diller Water Bottle Manufacturer\" \/>\n<meta property=\"article:modified_time\" content=\"2025-07-09T07:39:52+00:00\" \/>\n<meta property=\"og:image\" content=\"https:\/\/www.dillerbottle.com\/wp-content\/uploads\/2024\/09\/insulated-bottle-with-strapd51b1156-73b3-4227-a1af-fd816b3dc3ff.jpg\" \/>\n\t<meta property=\"og:image:width\" content=\"730\" \/>\n\t<meta property=\"og:image:height\" content=\"730\" \/>\n\t<meta property=\"og:image:type\" content=\"image\/jpeg\" \/>\n<meta name=\"twitter:card\" content=\"summary_large_image\" \/>\n<meta name=\"twitter:label1\" content=\"Tahmini okuma s\u00fcresi\" \/>\n\t<meta name=\"twitter:data1\" content=\"5 dakika\" \/>\n<script type=\"application\/ld+json\" class=\"yoast-schema-graph\">{\"@context\":\"https:\\\/\\\/schema.org\",\"@graph\":[{\"@type\":\"WebPage\",\"@id\":\"https:\\\/\\\/www.dillerbottle.com\\\/ru\\\/%d0%bf%d1%80%d0%be%d0%b4%d1%83%d0%ba%d1%82%d1%8b\\\/%d1%82%d0%b5%d1%80%d0%bc%d0%be%d1%81-%d1%81-%d1%80%d0%b5%d0%bc%d0%b5%d1%88%d0%ba%d0%be%d0%bc\",\"url\":\"https:\\\/\\\/www.dillerbottle.com\\\/ru\\\/%d0%bf%d1%80%d0%be%d0%b4%d1%83%d0%ba%d1%82%d1%8b\\\/%d1%82%d0%b5%d1%80%d0%bc%d0%be%d1%81-%d1%81-%d1%80%d0%b5%d0%bc%d0%b5%d1%88%d0%ba%d0%be%d0%bc\",\"name\":\"Insulated Bottle With Strap - Diller Water Bottle Manufacturer\",\"isPartOf\":{\"@id\":\"https:\\\/\\\/www.dillerbottle.com\\\/#website\"},\"primaryImageOfPage\":{\"@id\":\"https:\\\/\\\/www.dillerbottle.com\\\/ru\\\/%d0%bf%d1%80%d0%be%d0%b4%d1%83%d0%ba%d1%82%d1%8b\\\/%d1%82%d0%b5%d1%80%d0%bc%d0%be%d1%81-%d1%81-%d1%80%d0%b5%d0%bc%d0%b5%d1%88%d0%ba%d0%be%d0%bc#primaryimage\"},\"image\":{\"@id\":\"https:\\\/\\\/www.dillerbottle.com\\\/ru\\\/%d0%bf%d1%80%d0%be%d0%b4%d1%83%d0%ba%d1%82%d1%8b\\\/%d1%82%d0%b5%d1%80%d0%bc%d0%be%d1%81-%d1%81-%d1%80%d0%b5%d0%bc%d0%b5%d1%88%d0%ba%d0%be%d0%bc#primaryimage\"},\"thumbnailUrl\":\"https:\\\/\\\/www.dillerbottle.com\\\/wp-content\\\/uploads\\\/2024\\\/09\\\/insulated-bottle-with-strapd51b1156-73b3-4227-a1af-fd816b3dc3ff.jpg\",\"datePublished\":\"2024-09-29T06:41:06+00:00\",\"dateModified\":\"2025-07-09T07:39:52+00:00\",\"description\":\"As one of the best insulated bottle with strap manufacturers and suppliers, we are engaged in manufacturing good quality water bottles. We warmly welcome you to wholesale or buy custom made insulated bottle with strap at competitive price from us. Also, small quantity orders are acceptable.\",\"breadcrumb\":{\"@id\":\"https:\\\/\\\/www.dillerbottle.com\\\/ru\\\/%d0%bf%d1%80%d0%be%d0%b4%d1%83%d0%ba%d1%82%d1%8b\\\/%d1%82%d0%b5%d1%80%d0%bc%d0%be%d1%81-%d1%81-%d1%80%d0%b5%d0%bc%d0%b5%d1%88%d0%ba%d0%be%d0%bc#breadcrumb\"},\"inLanguage\":\"tr\",\"potentialAction\":[{\"@type\":\"ReadAction\",\"target\":[\"https:\\\/\\\/www.dillerbottle.com\\\/ru\\\/%d0%bf%d1%80%d0%be%d0%b4%d1%83%d0%ba%d1%82%d1%8b\\\/%d1%82%d0%b5%d1%80%d0%bc%d0%be%d1%81-%d1%81-%d1%80%d0%b5%d0%bc%d0%b5%d1%88%d0%ba%d0%be%d0%bc\"]}]},{\"@type\":\"ImageObject\",\"inLanguage\":\"tr\",\"@id\":\"https:\\\/\\\/www.dillerbottle.com\\\/ru\\\/%d0%bf%d1%80%d0%be%d0%b4%d1%83%d0%ba%d1%82%d1%8b\\\/%d1%82%d0%b5%d1%80%d0%bc%d0%be%d1%81-%d1%81-%d1%80%d0%b5%d0%bc%d0%b5%d1%88%d0%ba%d0%be%d0%bc#primaryimage\",\"url\":\"https:\\\/\\\/www.dillerbottle.com\\\/wp-content\\\/uploads\\\/2024\\\/09\\\/insulated-bottle-with-strapd51b1156-73b3-4227-a1af-fd816b3dc3ff.jpg\",\"contentUrl\":\"https:\\\/\\\/www.dillerbottle.com\\\/wp-content\\\/uploads\\\/2024\\\/09\\\/insulated-bottle-with-strapd51b1156-73b3-4227-a1af-fd816b3dc3ff.jpg\",\"width\":730,\"height\":730},{\"@type\":\"BreadcrumbList\",\"@id\":\"https:\\\/\\\/www.dillerbottle.com\\\/ru\\\/%d0%bf%d1%80%d0%be%d0%b4%d1%83%d0%ba%d1%82%d1%8b\\\/%d1%82%d0%b5%d1%80%d0%bc%d0%be%d1%81-%d1%81-%d1%80%d0%b5%d0%bc%d0%b5%d1%88%d0%ba%d0%be%d0%bc#breadcrumb\",\"itemListElement\":[{\"@type\":\"ListItem\",\"position\":1,\"name\":\"Home\",\"item\":\"https:\\\/\\\/www.dillerbottle.com\\\/\"},{\"@type\":\"ListItem\",\"position\":2,\"name\":\"Products\",\"item\":\"https:\\\/\\\/www.dillerbottle.com\\\/shop\"},{\"@type\":\"ListItem\",\"position\":3,\"name\":\"Insulated Bottle With Strap\"}]},{\"@type\":\"WebSite\",\"@id\":\"https:\\\/\\\/www.dillerbottle.com\\\/#website\",\"url\":\"https:\\\/\\\/www.dillerbottle.com\\\/\",\"name\":\"Diller Water Bottle Manufacturer\",\"description\":\"Water Bottle Manufacturer\",\"publisher\":{\"@id\":\"https:\\\/\\\/www.dillerbottle.com\\\/#organization\"},\"potentialAction\":[{\"@type\":\"SearchAction\",\"target\":{\"@type\":\"EntryPoint\",\"urlTemplate\":\"https:\\\/\\\/www.dillerbottle.com\\\/?s={search_term_string}\"},\"query-input\":{\"@type\":\"PropertyValueSpecification\",\"valueRequired\":true,\"valueName\":\"search_term_string\"}}],\"inLanguage\":\"tr\"},{\"@type\":\"Organization\",\"@id\":\"https:\\\/\\\/www.dillerbottle.com\\\/#organization\",\"name\":\"Diller Water Bottle Manufacturer\",\"url\":\"https:\\\/\\\/www.dillerbottle.com\\\/\",\"logo\":{\"@type\":\"ImageObject\",\"inLanguage\":\"tr\",\"@id\":\"https:\\\/\\\/www.dillerbottle.com\\\/#\\\/schema\\\/logo\\\/image\\\/\",\"url\":\"https:\\\/\\\/www.dillerbottle.com\\\/wp-content\\\/uploads\\\/2024\\\/09\\\/49918bfa848dcc1e9f8b509933603ac.png\",\"contentUrl\":\"https:\\\/\\\/www.dillerbottle.com\\\/wp-content\\\/uploads\\\/2024\\\/09\\\/49918bfa848dcc1e9f8b509933603ac.png\",\"width\":988,\"height\":198,\"caption\":\"Diller Water Bottle Manufacturer\"},\"image\":{\"@id\":\"https:\\\/\\\/www.dillerbottle.com\\\/#\\\/schema\\\/logo\\\/image\\\/\"}}]}<\/script>\n<!-- \/ Yoast SEO Premium plugin. -->","yoast_head_json":{"title":"Kay\u0131\u015fl\u0131 Yal\u0131t\u0131ml\u0131 \u015ei\u015fe - Diller Su \u015ei\u015fesi \u00dcreticisi","description":"En iyi kay\u0131\u015fl\u0131 yal\u0131t\u0131ml\u0131 \u015fi\u015fe \u00fcreticilerinden ve tedarik\u00e7ilerinden biri olarak, kaliteli su \u015fi\u015feleri \u00fcretiyoruz. Toptan sat\u0131\u015f yapman\u0131z\u0131 veya bizden rekabet\u00e7i fiyatlarla kay\u0131\u015fl\u0131 \u00f6zel yap\u0131m yal\u0131t\u0131ml\u0131 \u015fi\u015fe sat\u0131n alman\u0131z\u0131 i\u00e7tenlikle bekliyoruz. Ayr\u0131ca, k\u00fc\u00e7\u00fck miktardaki sipari\u015fler de kabul edilebilir.","robots":{"index":"index","follow":"follow","max-snippet":"max-snippet:-1","max-image-preview":"max-image-preview:large","max-video-preview":"max-video-preview:-1"},"canonical":"https:\/\/www.dillerbottle.com\/tr\/urunler\/kayisli-yalitimli-sise","og_locale":"tr_TR","og_type":"article","og_title":"Insulated Bottle With Strap","og_description":"As one of the best insulated bottle with strap manufacturers and suppliers, we are engaged in manufacturing good quality water bottles. We warmly welcome you to wholesale or buy custom made insulated bottle with strap at competitive price from us. Also, small quantity orders are acceptable.","og_url":"https:\/\/www.dillerbottle.com\/tr\/urunler\/kayisli-yalitimli-sise","og_site_name":"Diller Water Bottle Manufacturer","article_modified_time":"2025-07-09T07:39:52+00:00","og_image":[{"width":730,"height":730,"url":"https:\/\/www.dillerbottle.com\/wp-content\/uploads\/2024\/09\/insulated-bottle-with-strapd51b1156-73b3-4227-a1af-fd816b3dc3ff.jpg","type":"image\/jpeg"}],"twitter_card":"summary_large_image","twitter_misc":{"Tahmini okuma s\u00fcresi":"5 dakika"},"schema":{"@context":"https:\/\/schema.org","@graph":[{"@type":"WebPage","@id":"https:\/\/www.dillerbottle.com\/ru\/%d0%bf%d1%80%d0%be%d0%b4%d1%83%d0%ba%d1%82%d1%8b\/%d1%82%d0%b5%d1%80%d0%bc%d0%be%d1%81-%d1%81-%d1%80%d0%b5%d0%bc%d0%b5%d1%88%d0%ba%d0%be%d0%bc","url":"https:\/\/www.dillerbottle.com\/ru\/%d0%bf%d1%80%d0%be%d0%b4%d1%83%d0%ba%d1%82%d1%8b\/%d1%82%d0%b5%d1%80%d0%bc%d0%be%d1%81-%d1%81-%d1%80%d0%b5%d0%bc%d0%b5%d1%88%d0%ba%d0%be%d0%bc","name":"Kay\u0131\u015fl\u0131 Yal\u0131t\u0131ml\u0131 \u015ei\u015fe - Diller Su \u015ei\u015fesi \u00dcreticisi","isPartOf":{"@id":"https:\/\/www.dillerbottle.com\/#website"},"primaryImageOfPage":{"@id":"https:\/\/www.dillerbottle.com\/ru\/%d0%bf%d1%80%d0%be%d0%b4%d1%83%d0%ba%d1%82%d1%8b\/%d1%82%d0%b5%d1%80%d0%bc%d0%be%d1%81-%d1%81-%d1%80%d0%b5%d0%bc%d0%b5%d1%88%d0%ba%d0%be%d0%bc#primaryimage"},"image":{"@id":"https:\/\/www.dillerbottle.com\/ru\/%d0%bf%d1%80%d0%be%d0%b4%d1%83%d0%ba%d1%82%d1%8b\/%d1%82%d0%b5%d1%80%d0%bc%d0%be%d1%81-%d1%81-%d1%80%d0%b5%d0%bc%d0%b5%d1%88%d0%ba%d0%be%d0%bc#primaryimage"},"thumbnailUrl":"https:\/\/www.dillerbottle.com\/wp-content\/uploads\/2024\/09\/insulated-bottle-with-strapd51b1156-73b3-4227-a1af-fd816b3dc3ff.jpg","datePublished":"2024-09-29T06:41:06+00:00","dateModified":"2025-07-09T07:39:52+00:00","description":"En iyi kay\u0131\u015fl\u0131 yal\u0131t\u0131ml\u0131 \u015fi\u015fe \u00fcreticilerinden ve tedarik\u00e7ilerinden biri olarak, kaliteli su \u015fi\u015feleri \u00fcretiyoruz. Toptan sat\u0131\u015f yapman\u0131z\u0131 veya bizden rekabet\u00e7i fiyatlarla kay\u0131\u015fl\u0131 \u00f6zel yap\u0131m yal\u0131t\u0131ml\u0131 \u015fi\u015fe sat\u0131n alman\u0131z\u0131 i\u00e7tenlikle bekliyoruz. Ayr\u0131ca, k\u00fc\u00e7\u00fck miktardaki sipari\u015fler de kabul edilebilir.","breadcrumb":{"@id":"https:\/\/www.dillerbottle.com\/ru\/%d0%bf%d1%80%d0%be%d0%b4%d1%83%d0%ba%d1%82%d1%8b\/%d1%82%d0%b5%d1%80%d0%bc%d0%be%d1%81-%d1%81-%d1%80%d0%b5%d0%bc%d0%b5%d1%88%d0%ba%d0%be%d0%bc#breadcrumb"},"inLanguage":"tr","potentialAction":[{"@type":"ReadAction","target":["https:\/\/www.dillerbottle.com\/ru\/%d0%bf%d1%80%d0%be%d0%b4%d1%83%d0%ba%d1%82%d1%8b\/%d1%82%d0%b5%d1%80%d0%bc%d0%be%d1%81-%d1%81-%d1%80%d0%b5%d0%bc%d0%b5%d1%88%d0%ba%d0%be%d0%bc"]}]},{"@type":"ImageObject","inLanguage":"tr","@id":"https:\/\/www.dillerbottle.com\/ru\/%d0%bf%d1%80%d0%be%d0%b4%d1%83%d0%ba%d1%82%d1%8b\/%d1%82%d0%b5%d1%80%d0%bc%d0%be%d1%81-%d1%81-%d1%80%d0%b5%d0%bc%d0%b5%d1%88%d0%ba%d0%be%d0%bc#primaryimage","url":"https:\/\/www.dillerbottle.com\/wp-content\/uploads\/2024\/09\/insulated-bottle-with-strapd51b1156-73b3-4227-a1af-fd816b3dc3ff.jpg","contentUrl":"https:\/\/www.dillerbottle.com\/wp-content\/uploads\/2024\/09\/insulated-bottle-with-strapd51b1156-73b3-4227-a1af-fd816b3dc3ff.jpg","width":730,"height":730},{"@type":"BreadcrumbList","@id":"https:\/\/www.dillerbottle.com\/ru\/%d0%bf%d1%80%d0%be%d0%b4%d1%83%d0%ba%d1%82%d1%8b\/%d1%82%d0%b5%d1%80%d0%bc%d0%be%d1%81-%d1%81-%d1%80%d0%b5%d0%bc%d0%b5%d1%88%d0%ba%d0%be%d0%bc#breadcrumb","itemListElement":[{"@type":"ListItem","position":1,"name":"Home","item":"https:\/\/www.dillerbottle.com\/"},{"@type":"ListItem","position":2,"name":"Products","item":"https:\/\/www.dillerbottle.com\/shop"},{"@type":"ListItem","position":3,"name":"Insulated Bottle With Strap"}]},{"@type":"WebSite","@id":"https:\/\/www.dillerbottle.com\/#website","url":"https:\/\/www.dillerbottle.com\/","name":"Diller Su \u015ei\u015fesi \u00dcreticisi","description":"Su \u015ei\u015fesi \u00dcreticisi","publisher":{"@id":"https:\/\/www.dillerbottle.com\/#organization"},"potentialAction":[{"@type":"SearchAction","target":{"@type":"EntryPoint","urlTemplate":"https:\/\/www.dillerbottle.com\/?s={search_term_string}"},"query-input":{"@type":"PropertyValueSpecification","valueRequired":true,"valueName":"search_term_string"}}],"inLanguage":"tr"},{"@type":"Organization","@id":"https:\/\/www.dillerbottle.com\/#organization","name":"Diller Su \u015ei\u015fesi \u00dcreticisi","url":"https:\/\/www.dillerbottle.com\/","logo":{"@type":"ImageObject","inLanguage":"tr","@id":"https:\/\/www.dillerbottle.com\/#\/schema\/logo\/image\/","url":"https:\/\/www.dillerbottle.com\/wp-content\/uploads\/2024\/09\/49918bfa848dcc1e9f8b509933603ac.png","contentUrl":"https:\/\/www.dillerbottle.com\/wp-content\/uploads\/2024\/09\/49918bfa848dcc1e9f8b509933603ac.png","width":988,"height":198,"caption":"Diller Water Bottle Manufacturer"},"image":{"@id":"https:\/\/www.dillerbottle.com\/#\/schema\/logo\/image\/"}}]}},"_links":{"self":[{"href":"https:\/\/www.dillerbottle.com\/tr\/wp-json\/wp\/v2\/product\/10133","targetHints":{"allow":["GET"]}}],"collection":[{"href":"https:\/\/www.dillerbottle.com\/tr\/wp-json\/wp\/v2\/product"}],"about":[{"href":"https:\/\/www.dillerbottle.com\/tr\/wp-json\/wp\/v2\/types\/product"}],"replies":[{"embeddable":true,"href":"https:\/\/www.dillerbottle.com\/tr\/wp-json\/wp\/v2\/comments?post=10133"}],"wp:featuredmedia":[{"embeddable":true,"href":"https:\/\/www.dillerbottle.com\/tr\/wp-json\/wp\/v2\/media\/10134"}],"wp:attachment":[{"href":"https:\/\/www.dillerbottle.com\/tr\/wp-json\/wp\/v2\/media?parent=10133"}],"wp:term":[{"taxonomy":"product_brand","embeddable":true,"href":"https:\/\/www.dillerbottle.com\/tr\/wp-json\/wp\/v2\/product_brand?post=10133"},{"taxonomy":"product_cat","embeddable":true,"href":"https:\/\/www.dillerbottle.com\/tr\/wp-json\/wp\/v2\/product_cat?post=10133"},{"taxonomy":"product_tag","embeddable":true,"href":"https:\/\/www.dillerbottle.com\/tr\/wp-json\/wp\/v2\/product_tag?post=10133"}],"curies":[{"name":"wp","href":"https:\/\/api.w.org\/{rel}","templated":true}]}}