{"id":10611,"date":"2024-09-29T14:47:28","date_gmt":"2024-09-29T06:47:28","guid":{"rendered":"https:\/\/demo.dillerbottle.com\/products\/stainless-steel-vacuum-flask"},"modified":"2024-09-29T14:47:35","modified_gmt":"2024-09-29T06:47:35","slug":"paslanmaz-celik-vakumlu-matara","status":"publish","type":"product","link":"https:\/\/www.dillerbottle.com\/tr\/products\/stainless-steel-vacuum-flask","title":{"rendered":"Paslanmaz \u00c7elik Vakumlu Matara"},"content":{"rendered":"<p>Paslanmaz \u00c7elik Vakumlu Matara<br \/>\n\u00d6zellikler:<br \/>\n1.;Diller&#039;nin \u00e7ift duvarl\u0131 vakum yal\u0131t\u0131m teknolojisine sahip paslanmaz \u00e7elik vakumlu matara tasar\u0131m\u0131, \u0131s\u0131y\u0131 12 saate kadar koruyabilir ve so\u011fu\u011fu 24 saate kadar koruyabilir. Yan\u0131n\u0131zda s\u0131cak su, buzlu su, i\u00e7ecekler veya taze demlenmi\u015f kahve getirebilirsiniz. \u0130nsanc\u0131l tasar\u0131m, s\u0131cak yaz aylar\u0131nda serinli\u011fin ve so\u011fuk k\u0131\u015f aylar\u0131nda s\u0131cakl\u0131\u011f\u0131n tad\u0131n\u0131 \u00e7\u0131karman\u0131z\u0131 sa\u011flar.<\/p>\n<p>2. Paslanmaz \u00e7elik vakumlu mataran\u0131n i\u00e7 ve d\u0131\u015f duvarlar\u0131 dayan\u0131kl\u0131l\u0131k ve hafif bir y\u00fczey sa\u011flamak i\u00e7in g\u0131da s\u0131n\u0131f\u0131 18\/8 (304) paslanmaz \u00e7elikten yap\u0131lm\u0131\u015ft\u0131r. Paslanmaz \u00e7elik vakumlu matara, darbeye dayan\u0131kl\u0131, k\u0131r\u0131lmaz, paslanmaz, s\u0131zd\u0131rmaz ve \u00e7izilmez olan BPA i\u00e7ermez. Kapa\u011f\u0131n s\u0131zd\u0131rmamas\u0131n\u0131 sa\u011flamak i\u00e7in kapakta g\u0131da s\u0131n\u0131f\u0131 silika jel kullan\u0131lm\u0131\u015ft\u0131r.<\/p>\n<p>3. Paslanmaz \u00e7elik vakumlu matara su, kahve, \u00e7ay, s\u00fct, meyve suyu veya di\u011fer i\u00e7eceklerle doldurulabilir ve ayr\u0131ca \u00e7e\u015fitli su gereksinimlerini kar\u015f\u0131lamak i\u00e7in buz k\u00fcpleriyle doldurulabilir. \u0130\u00e7 veya d\u0131\u015f mekan kullan\u0131m\u0131 i\u00e7in uygun, \u015f\u0131k renkli paslanmaz \u00e7elik su \u015fi\u015fesi.<\/p>","protected":false},"excerpt":{"rendered":"<p>Paslanmaz \u00e7elik vakumlu mataran\u0131z\u0131 logonuz, renginiz, deseniniz veya kendi tasar\u0131m\u0131n\u0131zla \u00f6zelle\u015ftirin.<br \/>\n\u00dccretsiz numuneler mevcuttur.<br \/>\nK\u00fc\u00e7\u00fck i\u015fletmeleri desteklemek i\u00e7in toptan fiyat\u0131na paslanmaz \u00e7elik vakumlu mataray\u0131 toplu olarak sat\u0131n al\u0131n, 50-60 adet d\u00fc\u015f\u00fck MOQ.<br \/>\n\u00c7ift cidarl\u0131 vakum yal\u0131t\u0131m teknolojisi ile \u00fcretilen paslanmaz \u00e7elik vakumlu matara, \u0131s\u0131y\u0131 12 saate kadar, so\u011fu\u011fu ise 24 saate kadar muhafaza edebiliyor.<br \/>\nPaslanmaz \u00e7elik vakumlu matara, dayan\u0131kl\u0131l\u0131k ve hafif bir y\u00fczey sa\u011flamak i\u00e7in g\u0131da s\u0131n\u0131f\u0131 18\/8 (304) paslanmaz \u00e7elikten yap\u0131lm\u0131\u015ft\u0131r.<br \/>\nPaslanmaz \u00e7elik vakumlu matara, darbeye, k\u0131r\u0131lmaya, paslanmaz, s\u0131zd\u0131rmaz ve \u00e7izilmeye kar\u015f\u0131 dayan\u0131kl\u0131 olan BPA i\u00e7ermez.<\/p>","protected":false},"featured_media":10612,"comment_status":"open","ping_status":"closed","template":"","meta":{"_acf_changed":false},"product_brand":[],"product_cat":[18],"product_tag":[32,36,33,31,531,750,39,38,29,37,34,35,885,817,28,678,842,30,827],"class_list":{"0":"post-10611","1":"product","2":"type-product","3":"status-publish","4":"has-post-thumbnail","6":"product_cat-insulated-water-bottle","7":"product_tag-best","8":"product_tag-bulk","9":"product_tag-buy","10":"product_tag-custom","11":"product_tag-double-walled-water-bottle-travel-water-flask","12":"product_tag-ecofriendly-water-bottle","13":"product_tag-for-sale","14":"product_tag-good-quality","15":"product_tag-manufacturers","16":"product_tag-manufacturing","17":"product_tag-price","18":"product_tag-small","19":"product_tag-stainless-steel-vacuum-flask","20":"product_tag-steel-double-walled-water-bottle-travel-bottle","21":"product_tag-suppliers","22":"product_tag-water-bottle-metal-stainless-steel","23":"product_tag-water-bottle-new-design","24":"product_tag-wholesale","25":"product_tag-wide-mouth-water-bottle","27":"first","28":"instock","29":"shipping-taxable","30":"product-type-simple"},"acf":[],"yoast_head":"<!-- This site is optimized with the Yoast SEO Premium plugin v27.5 (Yoast SEO v27.5) - https:\/\/yoast.com\/product\/yoast-seo-premium-wordpress\/ -->\n<title>Stainless Steel Vacuum Flask - Diller Water Bottle Manufacturer<\/title>\n<meta name=\"description\" content=\"As one of the best stainless steel vacuum flask manufacturers and suppliers, we are engaged in manufacturing good quality water bottles. We warmly welcome you to wholesale or buy custom made stainless steel vacuum flask at competitive price from us. Also, small quantity orders are acceptable.\" \/>\n<meta name=\"robots\" content=\"index, follow, max-snippet:-1, max-image-preview:large, max-video-preview:-1\" \/>\n<link rel=\"canonical\" href=\"https:\/\/www.dillerbottle.com\/tr\/urunler\/paslanmaz-celik-vakumlu-matara\" \/>\n<meta property=\"og:locale\" content=\"tr_TR\" \/>\n<meta property=\"og:type\" content=\"article\" \/>\n<meta property=\"og:title\" content=\"Stainless Steel Vacuum Flask\" \/>\n<meta property=\"og:description\" content=\"As one of the best stainless steel vacuum flask manufacturers and suppliers, we are engaged in manufacturing good quality water bottles. We warmly welcome you to wholesale or buy custom made stainless steel vacuum flask at competitive price from us. Also, small quantity orders are acceptable.\" \/>\n<meta property=\"og:url\" content=\"https:\/\/www.dillerbottle.com\/tr\/urunler\/paslanmaz-celik-vakumlu-matara\" \/>\n<meta property=\"og:site_name\" content=\"Diller Water Bottle Manufacturer\" \/>\n<meta property=\"article:modified_time\" content=\"2024-09-29T06:47:35+00:00\" \/>\n<meta property=\"og:image\" content=\"https:\/\/www.dillerbottle.com\/wp-content\/uploads\/2024\/09\/stainless-steel-vacuum-flask40205846151.jpg\" \/>\n\t<meta property=\"og:image:width\" content=\"730\" \/>\n\t<meta property=\"og:image:height\" content=\"730\" \/>\n\t<meta property=\"og:image:type\" content=\"image\/jpeg\" \/>\n<meta name=\"twitter:card\" content=\"summary_large_image\" \/>\n<meta name=\"twitter:label1\" content=\"Tahmini okuma s\u00fcresi\" \/>\n\t<meta name=\"twitter:data1\" content=\"1 dakika\" \/>\n<script type=\"application\/ld+json\" class=\"yoast-schema-graph\">{\"@context\":\"https:\\\/\\\/schema.org\",\"@graph\":[{\"@type\":\"WebPage\",\"@id\":\"https:\\\/\\\/www.dillerbottle.com\\\/th\\\/%e0%b8%aa%e0%b8%b4%e0%b8%99%e0%b8%84%e0%b9%89%e0%b8%b2\\\/%e0%b8%81%e0%b8%a3%e0%b8%b0%e0%b8%95%e0%b8%b4%e0%b8%81%e0%b8%99%e0%b9%89%e0%b8%b3%e0%b8%aa%e0%b8%b9%e0%b8%8d%e0%b8%8d%e0%b8%b2%e0%b8%81%e0%b8%b2%e0%b8%a8%e0%b8%aa%e0%b9%81%e0%b8%95%e0%b8%99%e0%b9%80-4\",\"url\":\"https:\\\/\\\/www.dillerbottle.com\\\/th\\\/%e0%b8%aa%e0%b8%b4%e0%b8%99%e0%b8%84%e0%b9%89%e0%b8%b2\\\/%e0%b8%81%e0%b8%a3%e0%b8%b0%e0%b8%95%e0%b8%b4%e0%b8%81%e0%b8%99%e0%b9%89%e0%b8%b3%e0%b8%aa%e0%b8%b9%e0%b8%8d%e0%b8%8d%e0%b8%b2%e0%b8%81%e0%b8%b2%e0%b8%a8%e0%b8%aa%e0%b9%81%e0%b8%95%e0%b8%99%e0%b9%80-4\",\"name\":\"Stainless Steel Vacuum Flask - Diller Water Bottle Manufacturer\",\"isPartOf\":{\"@id\":\"https:\\\/\\\/www.dillerbottle.com\\\/#website\"},\"primaryImageOfPage\":{\"@id\":\"https:\\\/\\\/www.dillerbottle.com\\\/th\\\/%e0%b8%aa%e0%b8%b4%e0%b8%99%e0%b8%84%e0%b9%89%e0%b8%b2\\\/%e0%b8%81%e0%b8%a3%e0%b8%b0%e0%b8%95%e0%b8%b4%e0%b8%81%e0%b8%99%e0%b9%89%e0%b8%b3%e0%b8%aa%e0%b8%b9%e0%b8%8d%e0%b8%8d%e0%b8%b2%e0%b8%81%e0%b8%b2%e0%b8%a8%e0%b8%aa%e0%b9%81%e0%b8%95%e0%b8%99%e0%b9%80-4#primaryimage\"},\"image\":{\"@id\":\"https:\\\/\\\/www.dillerbottle.com\\\/th\\\/%e0%b8%aa%e0%b8%b4%e0%b8%99%e0%b8%84%e0%b9%89%e0%b8%b2\\\/%e0%b8%81%e0%b8%a3%e0%b8%b0%e0%b8%95%e0%b8%b4%e0%b8%81%e0%b8%99%e0%b9%89%e0%b8%b3%e0%b8%aa%e0%b8%b9%e0%b8%8d%e0%b8%8d%e0%b8%b2%e0%b8%81%e0%b8%b2%e0%b8%a8%e0%b8%aa%e0%b9%81%e0%b8%95%e0%b8%99%e0%b9%80-4#primaryimage\"},\"thumbnailUrl\":\"https:\\\/\\\/www.dillerbottle.com\\\/wp-content\\\/uploads\\\/2024\\\/09\\\/stainless-steel-vacuum-flask40205846151.jpg\",\"datePublished\":\"2024-09-29T06:47:28+00:00\",\"dateModified\":\"2024-09-29T06:47:35+00:00\",\"description\":\"As one of the best stainless steel vacuum flask manufacturers and suppliers, we are engaged in manufacturing good quality water bottles. We warmly welcome you to wholesale or buy custom made stainless steel vacuum flask at competitive price from us. Also, small quantity orders are acceptable.\",\"breadcrumb\":{\"@id\":\"https:\\\/\\\/www.dillerbottle.com\\\/th\\\/%e0%b8%aa%e0%b8%b4%e0%b8%99%e0%b8%84%e0%b9%89%e0%b8%b2\\\/%e0%b8%81%e0%b8%a3%e0%b8%b0%e0%b8%95%e0%b8%b4%e0%b8%81%e0%b8%99%e0%b9%89%e0%b8%b3%e0%b8%aa%e0%b8%b9%e0%b8%8d%e0%b8%8d%e0%b8%b2%e0%b8%81%e0%b8%b2%e0%b8%a8%e0%b8%aa%e0%b9%81%e0%b8%95%e0%b8%99%e0%b9%80-4#breadcrumb\"},\"inLanguage\":\"tr\",\"potentialAction\":[{\"@type\":\"ReadAction\",\"target\":[\"https:\\\/\\\/www.dillerbottle.com\\\/th\\\/%e0%b8%aa%e0%b8%b4%e0%b8%99%e0%b8%84%e0%b9%89%e0%b8%b2\\\/%e0%b8%81%e0%b8%a3%e0%b8%b0%e0%b8%95%e0%b8%b4%e0%b8%81%e0%b8%99%e0%b9%89%e0%b8%b3%e0%b8%aa%e0%b8%b9%e0%b8%8d%e0%b8%8d%e0%b8%b2%e0%b8%81%e0%b8%b2%e0%b8%a8%e0%b8%aa%e0%b9%81%e0%b8%95%e0%b8%99%e0%b9%80-4\"]}]},{\"@type\":\"ImageObject\",\"inLanguage\":\"tr\",\"@id\":\"https:\\\/\\\/www.dillerbottle.com\\\/th\\\/%e0%b8%aa%e0%b8%b4%e0%b8%99%e0%b8%84%e0%b9%89%e0%b8%b2\\\/%e0%b8%81%e0%b8%a3%e0%b8%b0%e0%b8%95%e0%b8%b4%e0%b8%81%e0%b8%99%e0%b9%89%e0%b8%b3%e0%b8%aa%e0%b8%b9%e0%b8%8d%e0%b8%8d%e0%b8%b2%e0%b8%81%e0%b8%b2%e0%b8%a8%e0%b8%aa%e0%b9%81%e0%b8%95%e0%b8%99%e0%b9%80-4#primaryimage\",\"url\":\"https:\\\/\\\/www.dillerbottle.com\\\/wp-content\\\/uploads\\\/2024\\\/09\\\/stainless-steel-vacuum-flask40205846151.jpg\",\"contentUrl\":\"https:\\\/\\\/www.dillerbottle.com\\\/wp-content\\\/uploads\\\/2024\\\/09\\\/stainless-steel-vacuum-flask40205846151.jpg\",\"width\":730,\"height\":730},{\"@type\":\"BreadcrumbList\",\"@id\":\"https:\\\/\\\/www.dillerbottle.com\\\/th\\\/%e0%b8%aa%e0%b8%b4%e0%b8%99%e0%b8%84%e0%b9%89%e0%b8%b2\\\/%e0%b8%81%e0%b8%a3%e0%b8%b0%e0%b8%95%e0%b8%b4%e0%b8%81%e0%b8%99%e0%b9%89%e0%b8%b3%e0%b8%aa%e0%b8%b9%e0%b8%8d%e0%b8%8d%e0%b8%b2%e0%b8%81%e0%b8%b2%e0%b8%a8%e0%b8%aa%e0%b9%81%e0%b8%95%e0%b8%99%e0%b9%80-4#breadcrumb\",\"itemListElement\":[{\"@type\":\"ListItem\",\"position\":1,\"name\":\"Home\",\"item\":\"https:\\\/\\\/www.dillerbottle.com\\\/\"},{\"@type\":\"ListItem\",\"position\":2,\"name\":\"Products\",\"item\":\"https:\\\/\\\/www.dillerbottle.com\\\/shop\"},{\"@type\":\"ListItem\",\"position\":3,\"name\":\"Stainless Steel Vacuum Flask\"}]},{\"@type\":\"WebSite\",\"@id\":\"https:\\\/\\\/www.dillerbottle.com\\\/#website\",\"url\":\"https:\\\/\\\/www.dillerbottle.com\\\/\",\"name\":\"Diller Water Bottle Manufacturer\",\"description\":\"Water Bottle Manufacturer\",\"publisher\":{\"@id\":\"https:\\\/\\\/www.dillerbottle.com\\\/#organization\"},\"potentialAction\":[{\"@type\":\"SearchAction\",\"target\":{\"@type\":\"EntryPoint\",\"urlTemplate\":\"https:\\\/\\\/www.dillerbottle.com\\\/?s={search_term_string}\"},\"query-input\":{\"@type\":\"PropertyValueSpecification\",\"valueRequired\":true,\"valueName\":\"search_term_string\"}}],\"inLanguage\":\"tr\"},{\"@type\":\"Organization\",\"@id\":\"https:\\\/\\\/www.dillerbottle.com\\\/#organization\",\"name\":\"Diller Water Bottle Manufacturer\",\"url\":\"https:\\\/\\\/www.dillerbottle.com\\\/\",\"logo\":{\"@type\":\"ImageObject\",\"inLanguage\":\"tr\",\"@id\":\"https:\\\/\\\/www.dillerbottle.com\\\/#\\\/schema\\\/logo\\\/image\\\/\",\"url\":\"https:\\\/\\\/www.dillerbottle.com\\\/wp-content\\\/uploads\\\/2024\\\/09\\\/49918bfa848dcc1e9f8b509933603ac.png\",\"contentUrl\":\"https:\\\/\\\/www.dillerbottle.com\\\/wp-content\\\/uploads\\\/2024\\\/09\\\/49918bfa848dcc1e9f8b509933603ac.png\",\"width\":988,\"height\":198,\"caption\":\"Diller Water Bottle Manufacturer\"},\"image\":{\"@id\":\"https:\\\/\\\/www.dillerbottle.com\\\/#\\\/schema\\\/logo\\\/image\\\/\"}}]}<\/script>\n<!-- \/ Yoast SEO Premium plugin. -->","yoast_head_json":{"title":"Paslanmaz \u00c7elik Vakumlu Matara - Diller Su \u015ei\u015fesi \u00dcreticisi","description":"En iyi paslanmaz \u00e7elik vakumlu matara \u00fcreticilerinden ve tedarik\u00e7ilerinden biri olarak, kaliteli su \u015fi\u015feleri \u00fcretiyoruz. Sizi toptan olarak veya bizden rekabet\u00e7i fiyatlarla \u00f6zel yap\u0131m paslanmaz \u00e7elik vakumlu matara sat\u0131n almaya davet ediyoruz. Ayr\u0131ca, k\u00fc\u00e7\u00fck miktarda sipari\u015fler de kabul edilebilir.","robots":{"index":"index","follow":"follow","max-snippet":"max-snippet:-1","max-image-preview":"max-image-preview:large","max-video-preview":"max-video-preview:-1"},"canonical":"https:\/\/www.dillerbottle.com\/tr\/urunler\/paslanmaz-celik-vakumlu-matara","og_locale":"tr_TR","og_type":"article","og_title":"Stainless Steel Vacuum Flask","og_description":"As one of the best stainless steel vacuum flask manufacturers and suppliers, we are engaged in manufacturing good quality water bottles. We warmly welcome you to wholesale or buy custom made stainless steel vacuum flask at competitive price from us. Also, small quantity orders are acceptable.","og_url":"https:\/\/www.dillerbottle.com\/tr\/urunler\/paslanmaz-celik-vakumlu-matara","og_site_name":"Diller Water Bottle Manufacturer","article_modified_time":"2024-09-29T06:47:35+00:00","og_image":[{"width":730,"height":730,"url":"https:\/\/www.dillerbottle.com\/wp-content\/uploads\/2024\/09\/stainless-steel-vacuum-flask40205846151.jpg","type":"image\/jpeg"}],"twitter_card":"summary_large_image","twitter_misc":{"Tahmini okuma s\u00fcresi":"1 dakika"},"schema":{"@context":"https:\/\/schema.org","@graph":[{"@type":"WebPage","@id":"https:\/\/www.dillerbottle.com\/th\/%e0%b8%aa%e0%b8%b4%e0%b8%99%e0%b8%84%e0%b9%89%e0%b8%b2\/%e0%b8%81%e0%b8%a3%e0%b8%b0%e0%b8%95%e0%b8%b4%e0%b8%81%e0%b8%99%e0%b9%89%e0%b8%b3%e0%b8%aa%e0%b8%b9%e0%b8%8d%e0%b8%8d%e0%b8%b2%e0%b8%81%e0%b8%b2%e0%b8%a8%e0%b8%aa%e0%b9%81%e0%b8%95%e0%b8%99%e0%b9%80-4","url":"https:\/\/www.dillerbottle.com\/th\/%e0%b8%aa%e0%b8%b4%e0%b8%99%e0%b8%84%e0%b9%89%e0%b8%b2\/%e0%b8%81%e0%b8%a3%e0%b8%b0%e0%b8%95%e0%b8%b4%e0%b8%81%e0%b8%99%e0%b9%89%e0%b8%b3%e0%b8%aa%e0%b8%b9%e0%b8%8d%e0%b8%8d%e0%b8%b2%e0%b8%81%e0%b8%b2%e0%b8%a8%e0%b8%aa%e0%b9%81%e0%b8%95%e0%b8%99%e0%b9%80-4","name":"Paslanmaz \u00c7elik Vakumlu Matara - Diller Su \u015ei\u015fesi \u00dcreticisi","isPartOf":{"@id":"https:\/\/www.dillerbottle.com\/#website"},"primaryImageOfPage":{"@id":"https:\/\/www.dillerbottle.com\/th\/%e0%b8%aa%e0%b8%b4%e0%b8%99%e0%b8%84%e0%b9%89%e0%b8%b2\/%e0%b8%81%e0%b8%a3%e0%b8%b0%e0%b8%95%e0%b8%b4%e0%b8%81%e0%b8%99%e0%b9%89%e0%b8%b3%e0%b8%aa%e0%b8%b9%e0%b8%8d%e0%b8%8d%e0%b8%b2%e0%b8%81%e0%b8%b2%e0%b8%a8%e0%b8%aa%e0%b9%81%e0%b8%95%e0%b8%99%e0%b9%80-4#primaryimage"},"image":{"@id":"https:\/\/www.dillerbottle.com\/th\/%e0%b8%aa%e0%b8%b4%e0%b8%99%e0%b8%84%e0%b9%89%e0%b8%b2\/%e0%b8%81%e0%b8%a3%e0%b8%b0%e0%b8%95%e0%b8%b4%e0%b8%81%e0%b8%99%e0%b9%89%e0%b8%b3%e0%b8%aa%e0%b8%b9%e0%b8%8d%e0%b8%8d%e0%b8%b2%e0%b8%81%e0%b8%b2%e0%b8%a8%e0%b8%aa%e0%b9%81%e0%b8%95%e0%b8%99%e0%b9%80-4#primaryimage"},"thumbnailUrl":"https:\/\/www.dillerbottle.com\/wp-content\/uploads\/2024\/09\/stainless-steel-vacuum-flask40205846151.jpg","datePublished":"2024-09-29T06:47:28+00:00","dateModified":"2024-09-29T06:47:35+00:00","description":"En iyi paslanmaz \u00e7elik vakumlu matara \u00fcreticilerinden ve tedarik\u00e7ilerinden biri olarak, kaliteli su \u015fi\u015feleri \u00fcretiyoruz. Sizi toptan olarak veya bizden rekabet\u00e7i fiyatlarla \u00f6zel yap\u0131m paslanmaz \u00e7elik vakumlu matara sat\u0131n almaya davet ediyoruz. Ayr\u0131ca, k\u00fc\u00e7\u00fck miktarda sipari\u015fler de kabul edilebilir.","breadcrumb":{"@id":"https:\/\/www.dillerbottle.com\/th\/%e0%b8%aa%e0%b8%b4%e0%b8%99%e0%b8%84%e0%b9%89%e0%b8%b2\/%e0%b8%81%e0%b8%a3%e0%b8%b0%e0%b8%95%e0%b8%b4%e0%b8%81%e0%b8%99%e0%b9%89%e0%b8%b3%e0%b8%aa%e0%b8%b9%e0%b8%8d%e0%b8%8d%e0%b8%b2%e0%b8%81%e0%b8%b2%e0%b8%a8%e0%b8%aa%e0%b9%81%e0%b8%95%e0%b8%99%e0%b9%80-4#breadcrumb"},"inLanguage":"tr","potentialAction":[{"@type":"ReadAction","target":["https:\/\/www.dillerbottle.com\/th\/%e0%b8%aa%e0%b8%b4%e0%b8%99%e0%b8%84%e0%b9%89%e0%b8%b2\/%e0%b8%81%e0%b8%a3%e0%b8%b0%e0%b8%95%e0%b8%b4%e0%b8%81%e0%b8%99%e0%b9%89%e0%b8%b3%e0%b8%aa%e0%b8%b9%e0%b8%8d%e0%b8%8d%e0%b8%b2%e0%b8%81%e0%b8%b2%e0%b8%a8%e0%b8%aa%e0%b9%81%e0%b8%95%e0%b8%99%e0%b9%80-4"]}]},{"@type":"ImageObject","inLanguage":"tr","@id":"https:\/\/www.dillerbottle.com\/th\/%e0%b8%aa%e0%b8%b4%e0%b8%99%e0%b8%84%e0%b9%89%e0%b8%b2\/%e0%b8%81%e0%b8%a3%e0%b8%b0%e0%b8%95%e0%b8%b4%e0%b8%81%e0%b8%99%e0%b9%89%e0%b8%b3%e0%b8%aa%e0%b8%b9%e0%b8%8d%e0%b8%8d%e0%b8%b2%e0%b8%81%e0%b8%b2%e0%b8%a8%e0%b8%aa%e0%b9%81%e0%b8%95%e0%b8%99%e0%b9%80-4#primaryimage","url":"https:\/\/www.dillerbottle.com\/wp-content\/uploads\/2024\/09\/stainless-steel-vacuum-flask40205846151.jpg","contentUrl":"https:\/\/www.dillerbottle.com\/wp-content\/uploads\/2024\/09\/stainless-steel-vacuum-flask40205846151.jpg","width":730,"height":730},{"@type":"BreadcrumbList","@id":"https:\/\/www.dillerbottle.com\/th\/%e0%b8%aa%e0%b8%b4%e0%b8%99%e0%b8%84%e0%b9%89%e0%b8%b2\/%e0%b8%81%e0%b8%a3%e0%b8%b0%e0%b8%95%e0%b8%b4%e0%b8%81%e0%b8%99%e0%b9%89%e0%b8%b3%e0%b8%aa%e0%b8%b9%e0%b8%8d%e0%b8%8d%e0%b8%b2%e0%b8%81%e0%b8%b2%e0%b8%a8%e0%b8%aa%e0%b9%81%e0%b8%95%e0%b8%99%e0%b9%80-4#breadcrumb","itemListElement":[{"@type":"ListItem","position":1,"name":"Home","item":"https:\/\/www.dillerbottle.com\/"},{"@type":"ListItem","position":2,"name":"Products","item":"https:\/\/www.dillerbottle.com\/shop"},{"@type":"ListItem","position":3,"name":"Stainless Steel Vacuum Flask"}]},{"@type":"WebSite","@id":"https:\/\/www.dillerbottle.com\/#website","url":"https:\/\/www.dillerbottle.com\/","name":"Diller Su \u015ei\u015fesi \u00dcreticisi","description":"Su \u015ei\u015fesi \u00dcreticisi","publisher":{"@id":"https:\/\/www.dillerbottle.com\/#organization"},"potentialAction":[{"@type":"SearchAction","target":{"@type":"EntryPoint","urlTemplate":"https:\/\/www.dillerbottle.com\/?s={search_term_string}"},"query-input":{"@type":"PropertyValueSpecification","valueRequired":true,"valueName":"search_term_string"}}],"inLanguage":"tr"},{"@type":"Organization","@id":"https:\/\/www.dillerbottle.com\/#organization","name":"Diller Su \u015ei\u015fesi \u00dcreticisi","url":"https:\/\/www.dillerbottle.com\/","logo":{"@type":"ImageObject","inLanguage":"tr","@id":"https:\/\/www.dillerbottle.com\/#\/schema\/logo\/image\/","url":"https:\/\/www.dillerbottle.com\/wp-content\/uploads\/2024\/09\/49918bfa848dcc1e9f8b509933603ac.png","contentUrl":"https:\/\/www.dillerbottle.com\/wp-content\/uploads\/2024\/09\/49918bfa848dcc1e9f8b509933603ac.png","width":988,"height":198,"caption":"Diller Water Bottle Manufacturer"},"image":{"@id":"https:\/\/www.dillerbottle.com\/#\/schema\/logo\/image\/"}}]}},"_links":{"self":[{"href":"https:\/\/www.dillerbottle.com\/tr\/wp-json\/wp\/v2\/product\/10611","targetHints":{"allow":["GET"]}}],"collection":[{"href":"https:\/\/www.dillerbottle.com\/tr\/wp-json\/wp\/v2\/product"}],"about":[{"href":"https:\/\/www.dillerbottle.com\/tr\/wp-json\/wp\/v2\/types\/product"}],"replies":[{"embeddable":true,"href":"https:\/\/www.dillerbottle.com\/tr\/wp-json\/wp\/v2\/comments?post=10611"}],"wp:featuredmedia":[{"embeddable":true,"href":"https:\/\/www.dillerbottle.com\/tr\/wp-json\/wp\/v2\/media\/10612"}],"wp:attachment":[{"href":"https:\/\/www.dillerbottle.com\/tr\/wp-json\/wp\/v2\/media?parent=10611"}],"wp:term":[{"taxonomy":"product_brand","embeddable":true,"href":"https:\/\/www.dillerbottle.com\/tr\/wp-json\/wp\/v2\/product_brand?post=10611"},{"taxonomy":"product_cat","embeddable":true,"href":"https:\/\/www.dillerbottle.com\/tr\/wp-json\/wp\/v2\/product_cat?post=10611"},{"taxonomy":"product_tag","embeddable":true,"href":"https:\/\/www.dillerbottle.com\/tr\/wp-json\/wp\/v2\/product_tag?post=10611"}],"curies":[{"name":"wp","href":"https:\/\/api.w.org\/{rel}","templated":true}]}}