{"id":10651,"date":"2024-09-29T14:47:58","date_gmt":"2024-09-29T06:47:58","guid":{"rendered":"https:\/\/demo.dillerbottle.com\/products\/coffee-bottle-thermos"},"modified":"2026-02-24T15:25:52","modified_gmt":"2026-02-24T07:25:52","slug":"kahve-sisesi-termos","status":"publish","type":"product","link":"https:\/\/www.dillerbottle.com\/tr\/products\/coffee-bottle-thermos","title":{"rendered":"Kahve \u015ei\u015fesi Termos"},"content":{"rendered":"<p>1. \u00c7ift vakum teknolojisi ile bu kahve termosu ellerinizi yakmadan 6 saatten fazla s\u0131cak, 12 saatten fazla ise so\u011fuklu\u011funu koruyabilir.<\/p>\n<p>2. 316 paslanmaz \u00e7elikten yap\u0131lm\u0131\u015f y\u00fcksek kaliteli termos kahve seyahat kupas\u0131, kur\u015funsuz, kokusuz, korozyona dayan\u0131kl\u0131, paslanmaya kar\u015f\u0131 dayan\u0131kl\u0131, son derece dayan\u0131kl\u0131 garantili, bu kupa kahve, \u00e7ay, \u015farap, s\u00fct vb. g\u00fcvenle tutabilir.<\/p>\n<p>3. 100% s\u0131zd\u0131rmaz. Kapak g\u0131da s\u0131n\u0131f\u0131 PP&#039;den yap\u0131lm\u0131\u015ft\u0131r, BPA i\u00e7ermez, yerle\u015fik toksik olmayan silikon halka, s\u0131zd\u0131rmaz ve d\u00f6k\u00fclmeye kar\u015f\u0131 dayan\u0131kl\u0131d\u0131r, kahve \u015fi\u015fesinin \u00fcst k\u0131sm\u0131nda do\u011frudan i\u00e7ebilece\u011finiz veya i\u00e7mek i\u00e7in pipet kullanabilece\u011finiz bir i\u00e7me deli\u011fi ve bir pipet deli\u011fi vard\u0131r.<\/p>\n<p>4. Alt k\u0131sm\u0131nda sessiz kaymayan silikon ped bulunur, ofis, seyahat, kamp ve parti i\u00e7in m\u00fckemmeldir.<\/p>\n<p>OEM ve ODM kabul edilebilir.<br \/>\nBardaklar\u0131 ihtiya\u00e7lar\u0131n\u0131za g\u00f6re \u00f6zelle\u015ftirebiliriz.<br \/>\nToptan sat\u0131n almaya ho\u015f geldiniz, hemen soru\u015fturma g\u00f6nderin!<\/p>","protected":false},"excerpt":{"rendered":"<p>\u00c7ift vakum teknolojisi ile ellerinizi yakmadan 6 saatten fazla s\u0131cak, 12 saatten fazla ise so\u011fuklu\u011funu koruyabilen bu kahve termosu \u015fi\u015fesi,<br \/>\n316 paslanmaz \u00e7elikten yap\u0131lm\u0131\u015f y\u00fcksek kaliteli termos kahve seyahat kupas\u0131, kur\u015funsuz, kokusuz, korozyona dayan\u0131kl\u0131, paslanmaya kar\u015f\u0131 dayan\u0131kl\u0131, son derece dayan\u0131kl\u0131 garantili, bu kupa kahve, \u00e7ay, \u015farap, s\u00fct vb. g\u00fcvenle tutabilir.<br \/>\n100% s\u0131zd\u0131rmaz. Kapak g\u0131da s\u0131n\u0131f\u0131 PP&#039;den yap\u0131lm\u0131\u015ft\u0131r, BPA i\u00e7ermez, yerle\u015fik toksik olmayan silikon halka, s\u0131zd\u0131rmaz ve d\u00f6k\u00fclmeye kar\u015f\u0131 dayan\u0131kl\u0131d\u0131r, kahve \u015fi\u015fesinin \u00fcst k\u0131sm\u0131nda do\u011frudan i\u00e7ebilece\u011finiz veya i\u00e7mek i\u00e7in pipet kullanabilece\u011finiz bir i\u00e7me deli\u011fi ve bir pipet deli\u011fi vard\u0131r.<br \/>\nAlt k\u0131sm\u0131nda sessiz kaymayan silikon ped bulunan bu \u00fcr\u00fcn, ofis, seyahat, kamp ve parti i\u00e7in m\u00fckemmeldir.<br \/>\nOEM ve ODM kabul edilebilir.<\/p>","protected":false},"featured_media":15290,"comment_status":"open","ping_status":"closed","template":"","meta":{"_acf_changed":false},"product_brand":[],"product_cat":[46,18],"product_tag":[890],"class_list":{"0":"post-10651","1":"product","2":"type-product","3":"status-publish","4":"has-post-thumbnail","6":"product_cat-cup","7":"product_cat-insulated-water-bottle","8":"product_tag-coffee-bottle-thermos","10":"first","11":"instock","12":"shipping-taxable","13":"product-type-simple"},"acf":[],"yoast_head":"<!-- This site is optimized with the Yoast SEO Premium plugin v27.5 (Yoast SEO v27.5) - https:\/\/yoast.com\/product\/yoast-seo-premium-wordpress\/ -->\n<title>Coffee Bottle Thermos - Diller Water Bottle Manufacturer<\/title>\n<meta name=\"description\" content=\"As one of the best coffee bottle thermos manufacturers and suppliers, we are engaged in manufacturing good quality water bottles. We warmly welcome you to wholesale or buy custom made coffee bottle thermos at competitive price from us. Also, small quantity orders are acceptable.\" \/>\n<meta name=\"robots\" content=\"index, follow, max-snippet:-1, max-image-preview:large, max-video-preview:-1\" \/>\n<link rel=\"canonical\" href=\"https:\/\/www.dillerbottle.com\/tr\/urunler\/kahve-sisesi-termos\" \/>\n<meta property=\"og:locale\" content=\"tr_TR\" \/>\n<meta property=\"og:type\" content=\"article\" \/>\n<meta property=\"og:title\" content=\"Coffee Bottle Thermos\" \/>\n<meta property=\"og:description\" content=\"As one of the best coffee bottle thermos manufacturers and suppliers, we are engaged in manufacturing good quality water bottles. We warmly welcome you to wholesale or buy custom made coffee bottle thermos at competitive price from us. Also, small quantity orders are acceptable.\" \/>\n<meta property=\"og:url\" content=\"https:\/\/www.dillerbottle.com\/tr\/urunler\/kahve-sisesi-termos\" \/>\n<meta property=\"og:site_name\" content=\"Diller Water Bottle Manufacturer\" \/>\n<meta property=\"article:modified_time\" content=\"2026-02-24T07:25:52+00:00\" \/>\n<meta property=\"og:image\" content=\"https:\/\/www.dillerbottle.com\/wp-content\/uploads\/2024\/09\/coffee-bottle-thermos.jpg\" \/>\n\t<meta property=\"og:image:width\" content=\"800\" \/>\n\t<meta property=\"og:image:height\" content=\"800\" \/>\n\t<meta property=\"og:image:type\" content=\"image\/jpeg\" \/>\n<meta name=\"twitter:card\" content=\"summary_large_image\" \/>\n<meta name=\"twitter:label1\" content=\"Tahmini okuma s\u00fcresi\" \/>\n\t<meta name=\"twitter:data1\" content=\"3 dakika\" \/>\n<script type=\"application\/ld+json\" class=\"yoast-schema-graph\">{\"@context\":\"https:\\\/\\\/schema.org\",\"@graph\":[{\"@type\":\"WebPage\",\"@id\":\"https:\\\/\\\/www.dillerbottle.com\\\/products\\\/coffee-bottle-thermos\",\"url\":\"https:\\\/\\\/www.dillerbottle.com\\\/products\\\/coffee-bottle-thermos\",\"name\":\"Coffee Bottle Thermos - Diller Water Bottle Manufacturer\",\"isPartOf\":{\"@id\":\"https:\\\/\\\/www.dillerbottle.com\\\/#website\"},\"primaryImageOfPage\":{\"@id\":\"https:\\\/\\\/www.dillerbottle.com\\\/products\\\/coffee-bottle-thermos#primaryimage\"},\"image\":{\"@id\":\"https:\\\/\\\/www.dillerbottle.com\\\/products\\\/coffee-bottle-thermos#primaryimage\"},\"thumbnailUrl\":\"https:\\\/\\\/www.dillerbottle.com\\\/wp-content\\\/uploads\\\/2024\\\/09\\\/coffee-bottle-thermos.jpg\",\"datePublished\":\"2024-09-29T06:47:58+00:00\",\"dateModified\":\"2026-02-24T07:25:52+00:00\",\"description\":\"As one of the best coffee bottle thermos manufacturers and suppliers, we are engaged in manufacturing good quality water bottles. We warmly welcome you to wholesale or buy custom made coffee bottle thermos at competitive price from us. Also, small quantity orders are acceptable.\",\"breadcrumb\":{\"@id\":\"https:\\\/\\\/www.dillerbottle.com\\\/products\\\/coffee-bottle-thermos#breadcrumb\"},\"inLanguage\":\"tr\",\"potentialAction\":[{\"@type\":\"ReadAction\",\"target\":[\"https:\\\/\\\/www.dillerbottle.com\\\/products\\\/coffee-bottle-thermos\"]}]},{\"@type\":\"ImageObject\",\"inLanguage\":\"tr\",\"@id\":\"https:\\\/\\\/www.dillerbottle.com\\\/products\\\/coffee-bottle-thermos#primaryimage\",\"url\":\"https:\\\/\\\/www.dillerbottle.com\\\/wp-content\\\/uploads\\\/2024\\\/09\\\/coffee-bottle-thermos.jpg\",\"contentUrl\":\"https:\\\/\\\/www.dillerbottle.com\\\/wp-content\\\/uploads\\\/2024\\\/09\\\/coffee-bottle-thermos.jpg\",\"width\":800,\"height\":800},{\"@type\":\"BreadcrumbList\",\"@id\":\"https:\\\/\\\/www.dillerbottle.com\\\/products\\\/coffee-bottle-thermos#breadcrumb\",\"itemListElement\":[{\"@type\":\"ListItem\",\"position\":1,\"name\":\"Home\",\"item\":\"https:\\\/\\\/www.dillerbottle.com\\\/\"},{\"@type\":\"ListItem\",\"position\":2,\"name\":\"Products\",\"item\":\"https:\\\/\\\/www.dillerbottle.com\\\/shop\"},{\"@type\":\"ListItem\",\"position\":3,\"name\":\"Coffee Bottle Thermos\"}]},{\"@type\":\"WebSite\",\"@id\":\"https:\\\/\\\/www.dillerbottle.com\\\/#website\",\"url\":\"https:\\\/\\\/www.dillerbottle.com\\\/\",\"name\":\"Diller Water Bottle Manufacturer\",\"description\":\"Water Bottle Manufacturer\",\"publisher\":{\"@id\":\"https:\\\/\\\/www.dillerbottle.com\\\/#organization\"},\"potentialAction\":[{\"@type\":\"SearchAction\",\"target\":{\"@type\":\"EntryPoint\",\"urlTemplate\":\"https:\\\/\\\/www.dillerbottle.com\\\/?s={search_term_string}\"},\"query-input\":{\"@type\":\"PropertyValueSpecification\",\"valueRequired\":true,\"valueName\":\"search_term_string\"}}],\"inLanguage\":\"tr\"},{\"@type\":\"Organization\",\"@id\":\"https:\\\/\\\/www.dillerbottle.com\\\/#organization\",\"name\":\"Diller Water Bottle Manufacturer\",\"url\":\"https:\\\/\\\/www.dillerbottle.com\\\/\",\"logo\":{\"@type\":\"ImageObject\",\"inLanguage\":\"tr\",\"@id\":\"https:\\\/\\\/www.dillerbottle.com\\\/#\\\/schema\\\/logo\\\/image\\\/\",\"url\":\"https:\\\/\\\/www.dillerbottle.com\\\/wp-content\\\/uploads\\\/2024\\\/09\\\/49918bfa848dcc1e9f8b509933603ac.png\",\"contentUrl\":\"https:\\\/\\\/www.dillerbottle.com\\\/wp-content\\\/uploads\\\/2024\\\/09\\\/49918bfa848dcc1e9f8b509933603ac.png\",\"width\":988,\"height\":198,\"caption\":\"Diller Water Bottle Manufacturer\"},\"image\":{\"@id\":\"https:\\\/\\\/www.dillerbottle.com\\\/#\\\/schema\\\/logo\\\/image\\\/\"}}]}<\/script>\n<!-- \/ Yoast SEO Premium plugin. -->","yoast_head_json":{"title":"Kahve \u015ei\u015fesi Termosu - Diller Su \u015ei\u015fesi \u00dcreticisi","description":"En iyi kahve \u015fi\u015fesi termos \u00fcreticilerinden ve tedarik\u00e7ilerinden biri olarak, kaliteli su \u015fi\u015feleri \u00fcretiyoruz. Toptan sat\u0131\u015f yapman\u0131z\u0131 veya bizden rekabet\u00e7i fiyatlarla \u00f6zel yap\u0131m kahve \u015fi\u015fesi termos sat\u0131n alman\u0131z\u0131 i\u00e7tenlikle bekliyoruz. Ayr\u0131ca, k\u00fc\u00e7\u00fck miktarda sipari\u015fler de kabul edilebilir.","robots":{"index":"index","follow":"follow","max-snippet":"max-snippet:-1","max-image-preview":"max-image-preview:large","max-video-preview":"max-video-preview:-1"},"canonical":"https:\/\/www.dillerbottle.com\/tr\/urunler\/kahve-sisesi-termos","og_locale":"tr_TR","og_type":"article","og_title":"Coffee Bottle Thermos","og_description":"As one of the best coffee bottle thermos manufacturers and suppliers, we are engaged in manufacturing good quality water bottles. We warmly welcome you to wholesale or buy custom made coffee bottle thermos at competitive price from us. Also, small quantity orders are acceptable.","og_url":"https:\/\/www.dillerbottle.com\/tr\/urunler\/kahve-sisesi-termos","og_site_name":"Diller Water Bottle Manufacturer","article_modified_time":"2026-02-24T07:25:52+00:00","og_image":[{"width":800,"height":800,"url":"https:\/\/www.dillerbottle.com\/wp-content\/uploads\/2024\/09\/coffee-bottle-thermos.jpg","type":"image\/jpeg"}],"twitter_card":"summary_large_image","twitter_misc":{"Tahmini okuma s\u00fcresi":"3 dakika"},"schema":{"@context":"https:\/\/schema.org","@graph":[{"@type":"WebPage","@id":"https:\/\/www.dillerbottle.com\/products\/coffee-bottle-thermos","url":"https:\/\/www.dillerbottle.com\/products\/coffee-bottle-thermos","name":"Kahve \u015ei\u015fesi Termosu - Diller Su \u015ei\u015fesi \u00dcreticisi","isPartOf":{"@id":"https:\/\/www.dillerbottle.com\/#website"},"primaryImageOfPage":{"@id":"https:\/\/www.dillerbottle.com\/products\/coffee-bottle-thermos#primaryimage"},"image":{"@id":"https:\/\/www.dillerbottle.com\/products\/coffee-bottle-thermos#primaryimage"},"thumbnailUrl":"https:\/\/www.dillerbottle.com\/wp-content\/uploads\/2024\/09\/coffee-bottle-thermos.jpg","datePublished":"2024-09-29T06:47:58+00:00","dateModified":"2026-02-24T07:25:52+00:00","description":"En iyi kahve \u015fi\u015fesi termos \u00fcreticilerinden ve tedarik\u00e7ilerinden biri olarak, kaliteli su \u015fi\u015feleri \u00fcretiyoruz. Toptan sat\u0131\u015f yapman\u0131z\u0131 veya bizden rekabet\u00e7i fiyatlarla \u00f6zel yap\u0131m kahve \u015fi\u015fesi termos sat\u0131n alman\u0131z\u0131 i\u00e7tenlikle bekliyoruz. Ayr\u0131ca, k\u00fc\u00e7\u00fck miktarda sipari\u015fler de kabul edilebilir.","breadcrumb":{"@id":"https:\/\/www.dillerbottle.com\/products\/coffee-bottle-thermos#breadcrumb"},"inLanguage":"tr","potentialAction":[{"@type":"ReadAction","target":["https:\/\/www.dillerbottle.com\/products\/coffee-bottle-thermos"]}]},{"@type":"ImageObject","inLanguage":"tr","@id":"https:\/\/www.dillerbottle.com\/products\/coffee-bottle-thermos#primaryimage","url":"https:\/\/www.dillerbottle.com\/wp-content\/uploads\/2024\/09\/coffee-bottle-thermos.jpg","contentUrl":"https:\/\/www.dillerbottle.com\/wp-content\/uploads\/2024\/09\/coffee-bottle-thermos.jpg","width":800,"height":800},{"@type":"BreadcrumbList","@id":"https:\/\/www.dillerbottle.com\/products\/coffee-bottle-thermos#breadcrumb","itemListElement":[{"@type":"ListItem","position":1,"name":"Home","item":"https:\/\/www.dillerbottle.com\/"},{"@type":"ListItem","position":2,"name":"Products","item":"https:\/\/www.dillerbottle.com\/shop"},{"@type":"ListItem","position":3,"name":"Coffee Bottle Thermos"}]},{"@type":"WebSite","@id":"https:\/\/www.dillerbottle.com\/#website","url":"https:\/\/www.dillerbottle.com\/","name":"Diller Su \u015ei\u015fesi \u00dcreticisi","description":"Su \u015ei\u015fesi \u00dcreticisi","publisher":{"@id":"https:\/\/www.dillerbottle.com\/#organization"},"potentialAction":[{"@type":"SearchAction","target":{"@type":"EntryPoint","urlTemplate":"https:\/\/www.dillerbottle.com\/?s={search_term_string}"},"query-input":{"@type":"PropertyValueSpecification","valueRequired":true,"valueName":"search_term_string"}}],"inLanguage":"tr"},{"@type":"Organization","@id":"https:\/\/www.dillerbottle.com\/#organization","name":"Diller Su \u015ei\u015fesi \u00dcreticisi","url":"https:\/\/www.dillerbottle.com\/","logo":{"@type":"ImageObject","inLanguage":"tr","@id":"https:\/\/www.dillerbottle.com\/#\/schema\/logo\/image\/","url":"https:\/\/www.dillerbottle.com\/wp-content\/uploads\/2024\/09\/49918bfa848dcc1e9f8b509933603ac.png","contentUrl":"https:\/\/www.dillerbottle.com\/wp-content\/uploads\/2024\/09\/49918bfa848dcc1e9f8b509933603ac.png","width":988,"height":198,"caption":"Diller Water Bottle Manufacturer"},"image":{"@id":"https:\/\/www.dillerbottle.com\/#\/schema\/logo\/image\/"}}]}},"_links":{"self":[{"href":"https:\/\/www.dillerbottle.com\/tr\/wp-json\/wp\/v2\/product\/10651","targetHints":{"allow":["GET"]}}],"collection":[{"href":"https:\/\/www.dillerbottle.com\/tr\/wp-json\/wp\/v2\/product"}],"about":[{"href":"https:\/\/www.dillerbottle.com\/tr\/wp-json\/wp\/v2\/types\/product"}],"replies":[{"embeddable":true,"href":"https:\/\/www.dillerbottle.com\/tr\/wp-json\/wp\/v2\/comments?post=10651"}],"wp:featuredmedia":[{"embeddable":true,"href":"https:\/\/www.dillerbottle.com\/tr\/wp-json\/wp\/v2\/media\/15290"}],"wp:attachment":[{"href":"https:\/\/www.dillerbottle.com\/tr\/wp-json\/wp\/v2\/media?parent=10651"}],"wp:term":[{"taxonomy":"product_brand","embeddable":true,"href":"https:\/\/www.dillerbottle.com\/tr\/wp-json\/wp\/v2\/product_brand?post=10651"},{"taxonomy":"product_cat","embeddable":true,"href":"https:\/\/www.dillerbottle.com\/tr\/wp-json\/wp\/v2\/product_cat?post=10651"},{"taxonomy":"product_tag","embeddable":true,"href":"https:\/\/www.dillerbottle.com\/tr\/wp-json\/wp\/v2\/product_tag?post=10651"}],"curies":[{"name":"wp","href":"https:\/\/api.w.org\/{rel}","templated":true}]}}