{"id":10722,"date":"2024-09-29T14:48:47","date_gmt":"2024-09-29T06:48:47","guid":{"rendered":"https:\/\/demo.dillerbottle.com\/products\/large-insulated-water-bottle"},"modified":"2025-07-09T15:12:45","modified_gmt":"2025-07-09T07:12:45","slug":"buyuk-yalitimli-su-sisesi","status":"publish","type":"product","link":"https:\/\/www.dillerbottle.com\/tr\/products\/large-insulated-water-bottle","title":{"rendered":"B\u00fcy\u00fck Yal\u0131t\u0131ml\u0131 Su \u015ei\u015fesi"},"content":{"rendered":"<p>\u00d6zellikler:<br \/>\n1. Bu b\u00fcy\u00fck yal\u0131t\u0131ml\u0131 su \u015fi\u015fesi i\u00e7eceklerinizi 13~24 saate kadar so\u011fuk veya s\u0131cak tutabilir. S\u0131cakl\u0131k m\u00fcdahalesi endi\u015fesi olmadan so\u011fuk suyunuzun, biran\u0131z\u0131n, \u00e7ay\u0131n\u0131z\u0131n veya kahvenizin tad\u0131n\u0131 \u00e7\u0131kar\u0131n.<\/p>\n<p>2. Bu b\u00fcy\u00fck yal\u0131t\u0131ml\u0131 su \u015fi\u015fesi g\u0131da s\u0131n\u0131f\u0131 316 paslanmaz \u00e7elikten yap\u0131lm\u0131\u015ft\u0131r. BPA i\u00e7ermez, FDA onayl\u0131d\u0131r.;<\/p>\n<p>3.; 4<br \/>\nBu b\u00fcy\u00fck yal\u0131t\u0131ml\u0131 su \u015fi\u015fesinin 2,6 oz kapasitesi, i\u00e7eceklerinizi taze tutarken t\u00fcm g\u00fcn boyunca size yetecektir. Arkada\u015flar\u0131n\u0131z, aileniz ve \u00e7ocuklar\u0131n\u0131zla payla\u015f\u0131n. Sa\u011flam kapak ve sap, t\u00fcm seyahatlerinizde rahat bir ta\u015f\u0131ma deneyimi sa\u011flar. Spor salonuna, plaja, y\u00fcr\u00fcy\u00fc\u015fe ve kampa gitmek i\u00e7in m\u00fckemmeldir.<br \/>\n;<\/p>","protected":false},"excerpt":{"rendered":"<p>Bu b\u00fcy\u00fck yal\u0131t\u0131ml\u0131 su \u015fi\u015fesi i\u00e7eceklerinizi 13~24 saate kadar so\u011fuk veya s\u0131cak tutabilir.<br \/>\nS\u0131cakl\u0131k de\u011fi\u015fikli\u011fi endi\u015fesi olmadan so\u011fuk suyunuzun, biran\u0131z\u0131n, \u00e7ay\u0131n\u0131z\u0131n veya kahvenizin tad\u0131n\u0131 \u00e7\u0131kar\u0131n.<br \/>\nBu b\u00fcy\u00fck yal\u0131t\u0131ml\u0131 su \u015fi\u015fesi g\u0131da s\u0131n\u0131f\u0131 dayan\u0131kl\u0131 316 paslanmaz \u00e7elikten \u00fcretilmi\u015ftir.<br \/>\nBPA i\u00e7ermez, FDA onayl\u0131d\u0131r.<br \/>\n42.6oz b\u00fcy\u00fck kapasiteli yal\u0131t\u0131ml\u0131 su \u015fi\u015fesi i\u00e7eceklerinizi taze tutarken t\u00fcm g\u00fcn size yetecektir.<br \/>\n\u00dccretsiz numuneler mevcuttur.<br \/>\n\u0130\u015fletmenizi desteklemek i\u00e7in logo, desen, renk, ambalaj gibi gereksinimlerinize g\u00f6re yal\u0131t\u0131ml\u0131 su \u015fi\u015fesini \u00f6zelle\u015ftirebiliriz, \u015fimdi sorguyu g\u00f6nderin!<\/p>","protected":false},"featured_media":10723,"comment_status":"open","ping_status":"closed","template":"","meta":{"_acf_changed":false},"product_brand":[],"product_cat":[18],"product_tag":[32,793,533,36,33,31,789,39,38,897,29,37,34,35,28,313,842,30,506],"class_list":{"0":"post-10722","1":"product","2":"type-product","3":"status-publish","4":"has-post-thumbnail","6":"product_cat-insulated-water-bottle","7":"product_tag-best","8":"product_tag-bottle-bpa-free-1l-sport-motivational-water-bottle","9":"product_tag-bpa-free-water-bottle","10":"product_tag-bulk","11":"product_tag-buy","12":"product_tag-custom","13":"product_tag-cycling-bottles-water-custom-logo","14":"product_tag-for-sale","15":"product_tag-good-quality","16":"product_tag-large-insulated-water-bottle","17":"product_tag-manufacturers","18":"product_tag-manufacturing","19":"product_tag-price","20":"product_tag-small","21":"product_tag-suppliers","22":"product_tag-water-bottle-for-women","23":"product_tag-water-bottle-new-design","24":"product_tag-wholesale","25":"product_tag-wooden-water-bottles","27":"first","28":"instock","29":"shipping-taxable","30":"product-type-simple"},"acf":[],"yoast_head":"<!-- This site is optimized with the Yoast SEO Premium plugin v27.5 (Yoast SEO v27.5) - https:\/\/yoast.com\/product\/yoast-seo-premium-wordpress\/ -->\n<title>Large Insulated Water Bottle - Diller Water Bottle Manufacturer<\/title>\n<meta name=\"description\" content=\"As one of the best large insulated water bottle manufacturers and suppliers, we are engaged in manufacturing good quality water bottles. We warmly welcome you to wholesale or buy custom made large insulated water bottle at competitive price from us. Also, small quantity orders are acceptable.\" \/>\n<meta name=\"robots\" content=\"index, follow, max-snippet:-1, max-image-preview:large, max-video-preview:-1\" \/>\n<link rel=\"canonical\" href=\"https:\/\/www.dillerbottle.com\/tr\/urunler\/buyuk-yalitimli-su-sisesi\" \/>\n<meta property=\"og:locale\" content=\"tr_TR\" \/>\n<meta property=\"og:type\" content=\"article\" \/>\n<meta property=\"og:title\" content=\"Large Insulated Water Bottle\" \/>\n<meta property=\"og:description\" content=\"As one of the best large insulated water bottle manufacturers and suppliers, we are engaged in manufacturing good quality water bottles. We warmly welcome you to wholesale or buy custom made large insulated water bottle at competitive price from us. Also, small quantity orders are acceptable.\" \/>\n<meta property=\"og:url\" content=\"https:\/\/www.dillerbottle.com\/tr\/urunler\/buyuk-yalitimli-su-sisesi\" \/>\n<meta property=\"og:site_name\" content=\"Diller Water Bottle Manufacturer\" \/>\n<meta property=\"article:modified_time\" content=\"2025-07-09T07:12:45+00:00\" \/>\n<meta property=\"og:image\" content=\"https:\/\/www.dillerbottle.com\/wp-content\/uploads\/2024\/09\/large-insulated-water-bottle49346415404.jpg\" \/>\n\t<meta property=\"og:image:width\" content=\"730\" \/>\n\t<meta property=\"og:image:height\" content=\"730\" \/>\n\t<meta property=\"og:image:type\" content=\"image\/jpeg\" \/>\n<meta name=\"twitter:card\" content=\"summary_large_image\" \/>\n<meta name=\"twitter:label1\" content=\"Tahmini okuma s\u00fcresi\" \/>\n\t<meta name=\"twitter:data1\" content=\"2 dakika\" \/>\n<script type=\"application\/ld+json\" class=\"yoast-schema-graph\">{\"@context\":\"https:\\\/\\\/schema.org\",\"@graph\":[{\"@type\":\"WebPage\",\"@id\":\"https:\\\/\\\/www.dillerbottle.com\\\/ko\\\/%ec%a0%9c%ed%92%88\\\/%eb%8c%80%ed%98%95-%eb%8b%a8%ec%97%b4%ec%88%98%eb%b3%91\",\"url\":\"https:\\\/\\\/www.dillerbottle.com\\\/ko\\\/%ec%a0%9c%ed%92%88\\\/%eb%8c%80%ed%98%95-%eb%8b%a8%ec%97%b4%ec%88%98%eb%b3%91\",\"name\":\"Large Insulated Water Bottle - Diller Water Bottle Manufacturer\",\"isPartOf\":{\"@id\":\"https:\\\/\\\/www.dillerbottle.com\\\/#website\"},\"primaryImageOfPage\":{\"@id\":\"https:\\\/\\\/www.dillerbottle.com\\\/ko\\\/%ec%a0%9c%ed%92%88\\\/%eb%8c%80%ed%98%95-%eb%8b%a8%ec%97%b4%ec%88%98%eb%b3%91#primaryimage\"},\"image\":{\"@id\":\"https:\\\/\\\/www.dillerbottle.com\\\/ko\\\/%ec%a0%9c%ed%92%88\\\/%eb%8c%80%ed%98%95-%eb%8b%a8%ec%97%b4%ec%88%98%eb%b3%91#primaryimage\"},\"thumbnailUrl\":\"https:\\\/\\\/www.dillerbottle.com\\\/wp-content\\\/uploads\\\/2024\\\/09\\\/large-insulated-water-bottle49346415404.jpg\",\"datePublished\":\"2024-09-29T06:48:47+00:00\",\"dateModified\":\"2025-07-09T07:12:45+00:00\",\"description\":\"As one of the best large insulated water bottle manufacturers and suppliers, we are engaged in manufacturing good quality water bottles. We warmly welcome you to wholesale or buy custom made large insulated water bottle at competitive price from us. Also, small quantity orders are acceptable.\",\"breadcrumb\":{\"@id\":\"https:\\\/\\\/www.dillerbottle.com\\\/ko\\\/%ec%a0%9c%ed%92%88\\\/%eb%8c%80%ed%98%95-%eb%8b%a8%ec%97%b4%ec%88%98%eb%b3%91#breadcrumb\"},\"inLanguage\":\"tr\",\"potentialAction\":[{\"@type\":\"ReadAction\",\"target\":[\"https:\\\/\\\/www.dillerbottle.com\\\/ko\\\/%ec%a0%9c%ed%92%88\\\/%eb%8c%80%ed%98%95-%eb%8b%a8%ec%97%b4%ec%88%98%eb%b3%91\"]}]},{\"@type\":\"ImageObject\",\"inLanguage\":\"tr\",\"@id\":\"https:\\\/\\\/www.dillerbottle.com\\\/ko\\\/%ec%a0%9c%ed%92%88\\\/%eb%8c%80%ed%98%95-%eb%8b%a8%ec%97%b4%ec%88%98%eb%b3%91#primaryimage\",\"url\":\"https:\\\/\\\/www.dillerbottle.com\\\/wp-content\\\/uploads\\\/2024\\\/09\\\/large-insulated-water-bottle49346415404.jpg\",\"contentUrl\":\"https:\\\/\\\/www.dillerbottle.com\\\/wp-content\\\/uploads\\\/2024\\\/09\\\/large-insulated-water-bottle49346415404.jpg\",\"width\":730,\"height\":730},{\"@type\":\"BreadcrumbList\",\"@id\":\"https:\\\/\\\/www.dillerbottle.com\\\/ko\\\/%ec%a0%9c%ed%92%88\\\/%eb%8c%80%ed%98%95-%eb%8b%a8%ec%97%b4%ec%88%98%eb%b3%91#breadcrumb\",\"itemListElement\":[{\"@type\":\"ListItem\",\"position\":1,\"name\":\"Home\",\"item\":\"https:\\\/\\\/www.dillerbottle.com\\\/\"},{\"@type\":\"ListItem\",\"position\":2,\"name\":\"Products\",\"item\":\"https:\\\/\\\/www.dillerbottle.com\\\/shop\"},{\"@type\":\"ListItem\",\"position\":3,\"name\":\"Large Insulated Water Bottle\"}]},{\"@type\":\"WebSite\",\"@id\":\"https:\\\/\\\/www.dillerbottle.com\\\/#website\",\"url\":\"https:\\\/\\\/www.dillerbottle.com\\\/\",\"name\":\"Diller Water Bottle Manufacturer\",\"description\":\"Water Bottle Manufacturer\",\"publisher\":{\"@id\":\"https:\\\/\\\/www.dillerbottle.com\\\/#organization\"},\"potentialAction\":[{\"@type\":\"SearchAction\",\"target\":{\"@type\":\"EntryPoint\",\"urlTemplate\":\"https:\\\/\\\/www.dillerbottle.com\\\/?s={search_term_string}\"},\"query-input\":{\"@type\":\"PropertyValueSpecification\",\"valueRequired\":true,\"valueName\":\"search_term_string\"}}],\"inLanguage\":\"tr\"},{\"@type\":\"Organization\",\"@id\":\"https:\\\/\\\/www.dillerbottle.com\\\/#organization\",\"name\":\"Diller Water Bottle Manufacturer\",\"url\":\"https:\\\/\\\/www.dillerbottle.com\\\/\",\"logo\":{\"@type\":\"ImageObject\",\"inLanguage\":\"tr\",\"@id\":\"https:\\\/\\\/www.dillerbottle.com\\\/#\\\/schema\\\/logo\\\/image\\\/\",\"url\":\"https:\\\/\\\/www.dillerbottle.com\\\/wp-content\\\/uploads\\\/2024\\\/09\\\/49918bfa848dcc1e9f8b509933603ac.png\",\"contentUrl\":\"https:\\\/\\\/www.dillerbottle.com\\\/wp-content\\\/uploads\\\/2024\\\/09\\\/49918bfa848dcc1e9f8b509933603ac.png\",\"width\":988,\"height\":198,\"caption\":\"Diller Water Bottle Manufacturer\"},\"image\":{\"@id\":\"https:\\\/\\\/www.dillerbottle.com\\\/#\\\/schema\\\/logo\\\/image\\\/\"}}]}<\/script>\n<!-- \/ Yoast SEO Premium plugin. -->","yoast_head_json":{"title":"B\u00fcy\u00fck Yal\u0131t\u0131ml\u0131 Su \u015ei\u015fesi - Diller Su \u015ei\u015fesi \u00dcreticisi","description":"En iyi b\u00fcy\u00fck yal\u0131t\u0131ml\u0131 su \u015fi\u015fesi \u00fcreticilerinden ve tedarik\u00e7ilerinden biri olarak, kaliteli su \u015fi\u015feleri \u00fcretiyoruz. Toptan sat\u0131\u015f yapman\u0131z\u0131 veya bizden rekabet\u00e7i fiyatlarla \u00f6zel yap\u0131m b\u00fcy\u00fck yal\u0131t\u0131ml\u0131 su \u015fi\u015fesi sat\u0131n alman\u0131z\u0131 i\u00e7tenlikle bekliyoruz. Ayr\u0131ca, k\u00fc\u00e7\u00fck miktardaki sipari\u015fler de kabul edilebilir.","robots":{"index":"index","follow":"follow","max-snippet":"max-snippet:-1","max-image-preview":"max-image-preview:large","max-video-preview":"max-video-preview:-1"},"canonical":"https:\/\/www.dillerbottle.com\/tr\/urunler\/buyuk-yalitimli-su-sisesi","og_locale":"tr_TR","og_type":"article","og_title":"Large Insulated Water Bottle","og_description":"As one of the best large insulated water bottle manufacturers and suppliers, we are engaged in manufacturing good quality water bottles. We warmly welcome you to wholesale or buy custom made large insulated water bottle at competitive price from us. Also, small quantity orders are acceptable.","og_url":"https:\/\/www.dillerbottle.com\/tr\/urunler\/buyuk-yalitimli-su-sisesi","og_site_name":"Diller Water Bottle Manufacturer","article_modified_time":"2025-07-09T07:12:45+00:00","og_image":[{"width":730,"height":730,"url":"https:\/\/www.dillerbottle.com\/wp-content\/uploads\/2024\/09\/large-insulated-water-bottle49346415404.jpg","type":"image\/jpeg"}],"twitter_card":"summary_large_image","twitter_misc":{"Tahmini okuma s\u00fcresi":"2 dakika"},"schema":{"@context":"https:\/\/schema.org","@graph":[{"@type":"WebPage","@id":"https:\/\/www.dillerbottle.com\/ko\/%ec%a0%9c%ed%92%88\/%eb%8c%80%ed%98%95-%eb%8b%a8%ec%97%b4%ec%88%98%eb%b3%91","url":"https:\/\/www.dillerbottle.com\/ko\/%ec%a0%9c%ed%92%88\/%eb%8c%80%ed%98%95-%eb%8b%a8%ec%97%b4%ec%88%98%eb%b3%91","name":"B\u00fcy\u00fck Yal\u0131t\u0131ml\u0131 Su \u015ei\u015fesi - Diller Su \u015ei\u015fesi \u00dcreticisi","isPartOf":{"@id":"https:\/\/www.dillerbottle.com\/#website"},"primaryImageOfPage":{"@id":"https:\/\/www.dillerbottle.com\/ko\/%ec%a0%9c%ed%92%88\/%eb%8c%80%ed%98%95-%eb%8b%a8%ec%97%b4%ec%88%98%eb%b3%91#primaryimage"},"image":{"@id":"https:\/\/www.dillerbottle.com\/ko\/%ec%a0%9c%ed%92%88\/%eb%8c%80%ed%98%95-%eb%8b%a8%ec%97%b4%ec%88%98%eb%b3%91#primaryimage"},"thumbnailUrl":"https:\/\/www.dillerbottle.com\/wp-content\/uploads\/2024\/09\/large-insulated-water-bottle49346415404.jpg","datePublished":"2024-09-29T06:48:47+00:00","dateModified":"2025-07-09T07:12:45+00:00","description":"En iyi b\u00fcy\u00fck yal\u0131t\u0131ml\u0131 su \u015fi\u015fesi \u00fcreticilerinden ve tedarik\u00e7ilerinden biri olarak, kaliteli su \u015fi\u015feleri \u00fcretiyoruz. Toptan sat\u0131\u015f yapman\u0131z\u0131 veya bizden rekabet\u00e7i fiyatlarla \u00f6zel yap\u0131m b\u00fcy\u00fck yal\u0131t\u0131ml\u0131 su \u015fi\u015fesi sat\u0131n alman\u0131z\u0131 i\u00e7tenlikle bekliyoruz. Ayr\u0131ca, k\u00fc\u00e7\u00fck miktardaki sipari\u015fler de kabul edilebilir.","breadcrumb":{"@id":"https:\/\/www.dillerbottle.com\/ko\/%ec%a0%9c%ed%92%88\/%eb%8c%80%ed%98%95-%eb%8b%a8%ec%97%b4%ec%88%98%eb%b3%91#breadcrumb"},"inLanguage":"tr","potentialAction":[{"@type":"ReadAction","target":["https:\/\/www.dillerbottle.com\/ko\/%ec%a0%9c%ed%92%88\/%eb%8c%80%ed%98%95-%eb%8b%a8%ec%97%b4%ec%88%98%eb%b3%91"]}]},{"@type":"ImageObject","inLanguage":"tr","@id":"https:\/\/www.dillerbottle.com\/ko\/%ec%a0%9c%ed%92%88\/%eb%8c%80%ed%98%95-%eb%8b%a8%ec%97%b4%ec%88%98%eb%b3%91#primaryimage","url":"https:\/\/www.dillerbottle.com\/wp-content\/uploads\/2024\/09\/large-insulated-water-bottle49346415404.jpg","contentUrl":"https:\/\/www.dillerbottle.com\/wp-content\/uploads\/2024\/09\/large-insulated-water-bottle49346415404.jpg","width":730,"height":730},{"@type":"BreadcrumbList","@id":"https:\/\/www.dillerbottle.com\/ko\/%ec%a0%9c%ed%92%88\/%eb%8c%80%ed%98%95-%eb%8b%a8%ec%97%b4%ec%88%98%eb%b3%91#breadcrumb","itemListElement":[{"@type":"ListItem","position":1,"name":"Home","item":"https:\/\/www.dillerbottle.com\/"},{"@type":"ListItem","position":2,"name":"Products","item":"https:\/\/www.dillerbottle.com\/shop"},{"@type":"ListItem","position":3,"name":"Large Insulated Water Bottle"}]},{"@type":"WebSite","@id":"https:\/\/www.dillerbottle.com\/#website","url":"https:\/\/www.dillerbottle.com\/","name":"Diller Su \u015ei\u015fesi \u00dcreticisi","description":"Su \u015ei\u015fesi \u00dcreticisi","publisher":{"@id":"https:\/\/www.dillerbottle.com\/#organization"},"potentialAction":[{"@type":"SearchAction","target":{"@type":"EntryPoint","urlTemplate":"https:\/\/www.dillerbottle.com\/?s={search_term_string}"},"query-input":{"@type":"PropertyValueSpecification","valueRequired":true,"valueName":"search_term_string"}}],"inLanguage":"tr"},{"@type":"Organization","@id":"https:\/\/www.dillerbottle.com\/#organization","name":"Diller Su \u015ei\u015fesi \u00dcreticisi","url":"https:\/\/www.dillerbottle.com\/","logo":{"@type":"ImageObject","inLanguage":"tr","@id":"https:\/\/www.dillerbottle.com\/#\/schema\/logo\/image\/","url":"https:\/\/www.dillerbottle.com\/wp-content\/uploads\/2024\/09\/49918bfa848dcc1e9f8b509933603ac.png","contentUrl":"https:\/\/www.dillerbottle.com\/wp-content\/uploads\/2024\/09\/49918bfa848dcc1e9f8b509933603ac.png","width":988,"height":198,"caption":"Diller Water Bottle Manufacturer"},"image":{"@id":"https:\/\/www.dillerbottle.com\/#\/schema\/logo\/image\/"}}]}},"_links":{"self":[{"href":"https:\/\/www.dillerbottle.com\/tr\/wp-json\/wp\/v2\/product\/10722","targetHints":{"allow":["GET"]}}],"collection":[{"href":"https:\/\/www.dillerbottle.com\/tr\/wp-json\/wp\/v2\/product"}],"about":[{"href":"https:\/\/www.dillerbottle.com\/tr\/wp-json\/wp\/v2\/types\/product"}],"replies":[{"embeddable":true,"href":"https:\/\/www.dillerbottle.com\/tr\/wp-json\/wp\/v2\/comments?post=10722"}],"wp:featuredmedia":[{"embeddable":true,"href":"https:\/\/www.dillerbottle.com\/tr\/wp-json\/wp\/v2\/media\/10723"}],"wp:attachment":[{"href":"https:\/\/www.dillerbottle.com\/tr\/wp-json\/wp\/v2\/media?parent=10722"}],"wp:term":[{"taxonomy":"product_brand","embeddable":true,"href":"https:\/\/www.dillerbottle.com\/tr\/wp-json\/wp\/v2\/product_brand?post=10722"},{"taxonomy":"product_cat","embeddable":true,"href":"https:\/\/www.dillerbottle.com\/tr\/wp-json\/wp\/v2\/product_cat?post=10722"},{"taxonomy":"product_tag","embeddable":true,"href":"https:\/\/www.dillerbottle.com\/tr\/wp-json\/wp\/v2\/product_tag?post=10722"}],"curies":[{"name":"wp","href":"https:\/\/api.w.org\/{rel}","templated":true}]}}