{"id":10750,"date":"2024-09-29T14:49:05","date_gmt":"2024-09-29T06:49:05","guid":{"rendered":"https:\/\/demo.dillerbottle.com\/products\/thermos-with-temperature-display"},"modified":"2025-07-09T15:11:35","modified_gmt":"2025-07-09T07:11:35","slug":"sicaklik-gostergeli-termos","status":"publish","type":"product","link":"https:\/\/www.dillerbottle.com\/tr\/products\/thermos-with-temperature-display","title":{"rendered":"S\u0131cakl\u0131k G\u00f6stergeli Termos"},"content":{"rendered":"<p>1. Termosun \u00fcst\u00fcnde LED ak\u0131ll\u0131 s\u0131cakl\u0131k g\u00f6stergesi bulunan bu yeni stil termos, pil de\u011fi\u015ftirmeden 50.000 dokunu\u015fa kadar dayan\u0131r. Her an\u0131n s\u0131cakl\u0131\u011f\u0131n\u0131, termos kapa\u011f\u0131n\u0131n \u00fcst\u00fcne hafif\u00e7e dokunarak g\u00f6rebilirsiniz. Termosun \u00fcst\u00fcne hafif\u00e7e bas\u0131n, Hassas kapasiteli dokunmatik kapak, termosun i\u00e7indeki suyun s\u0131cakl\u0131\u011f\u0131n\u0131 an\u0131nda g\u00f6sterebilir.<br \/>\n2. S\u0131cakl\u0131k g\u00f6stergeli termos, 6 saat so\u011fuklu\u011fu ve 12 saat s\u0131cakl\u0131\u011f\u0131 koruyan birinci s\u0131n\u0131f 316 paslanmaz \u00e7elik vakumlu yal\u0131t\u0131ml\u0131 \u015fi\u015feden \u00fcretilmi\u015ftir.<br \/>\n3. 300ML her t\u00fcrl\u00fc ihtiyaca uygundur. Basit yap\u0131s\u0131yla temizlemesi kolayd\u0131r. Standart Sharp, arabalarda, sinemalarda, u\u00e7aklarda vb. hemen hemen t\u00fcm bardak tutucular\u0131na uyabilir.<\/p>\n<p><iframe title=\"Ta\u015f\u0131nabilir Kahve \u00c7ay Kupas\u0131 Ak\u0131ll\u0131 S\u0131cakl\u0131k G\u00f6stergeli Vakumlu Matara Su \u015ei\u015fesi \u00c7ay Demleme Aparat\u0131 ile\" width=\"800\" height=\"600\" src=\"https:\/\/www.youtube.com\/embed\/pgUOn4kgWXY?feature=oembed\" frameborder=\"0\" allow=\"accelerometer; autoplay; clipboard-write; encrypted-media; gyroscope; picture-in-picture; web-share\" referrerpolicy=\"strict-origin-when-cross-origin\" allowfullscreen><\/iframe><\/p>","protected":false},"excerpt":{"rendered":"<p>\u00d6zellikler: 1.<br \/>\nTermosun \u00fcst k\u0131sm\u0131nda LED ak\u0131ll\u0131 s\u0131cakl\u0131k g\u00f6stergesi bulunan bu yeni model, pil de\u011fi\u015ftirmeye gerek kalmadan 50.000 dokunu\u015fa kadar dayan\u0131yor.<br \/>\nTermos kapa\u011f\u0131n\u0131n \u00fcst k\u0131sm\u0131na hafif\u00e7e dokundu\u011funuzda her an\u0131n s\u0131cakl\u0131\u011f\u0131n\u0131 g\u00f6rebilirsiniz.<br \/>\nTermosun \u00fcst k\u0131sm\u0131na hafif\u00e7e bast\u0131r\u0131n. Hassas kapasiteli dokunmatik kapak, termosun i\u00e7indeki suyun s\u0131cakl\u0131\u011f\u0131n\u0131 an\u0131nda g\u00f6sterebilir.<br \/>\n2.<br \/>\nS\u0131cakl\u0131k g\u00f6stergeli termos, 6 saat so\u011fukluk ve 12 saat s\u0131cakl\u0131k sa\u011flayan birinci s\u0131n\u0131f 316 paslanmaz \u00e7elik vakumlu yal\u0131t\u0131ml\u0131 \u015fi\u015feden \u00fcretilmi\u015ftir.<br \/>\n3.<br \/>\n300ML her t\u00fcrl\u00fc ihtiyaca uygundur.<br \/>\nBasit yap\u0131s\u0131 sayesinde kolay temizlenir.<br \/>\nSharp&#039;\u0131n standart modeli arabalarda, sinemalarda, u\u00e7aklarda vb. bulunan bardak tutucular\u0131n hemen hemen hepsine uymaktad\u0131r.<\/p>","protected":false},"featured_media":10751,"comment_status":"open","ping_status":"closed","template":"","meta":{"_acf_changed":false},"product_brand":[],"product_cat":[18],"product_tag":[32,36,33,31,529,39,38,719,29,37,34,815,35,28,900,685,544,791,30],"class_list":{"0":"post-10750","1":"product","2":"type-product","3":"status-publish","4":"has-post-thumbnail","6":"product_cat-insulated-water-bottle","7":"product_tag-best","8":"product_tag-bulk","9":"product_tag-buy","10":"product_tag-custom","11":"product_tag-cute-water-bottles-for-girls","12":"product_tag-for-sale","13":"product_tag-good-quality","14":"product_tag-gym-sports-insulated-stainless-steel-water-bottle","15":"product_tag-manufacturers","16":"product_tag-manufacturing","17":"product_tag-price","18":"product_tag-reusable-water-bottles","19":"product_tag-small","20":"product_tag-suppliers","21":"product_tag-thermos-with-temperature-display","22":"product_tag-water-bottle-custom-logo","23":"product_tag-water-bottle-handle-lifter","24":"product_tag-water-bottle-stainless-steel","25":"product_tag-wholesale","27":"first","28":"instock","29":"shipping-taxable","30":"product-type-simple"},"acf":[],"yoast_head":"<!-- This site is optimized with the Yoast SEO Premium plugin v27.4 (Yoast SEO v27.4) - https:\/\/yoast.com\/product\/yoast-seo-premium-wordpress\/ -->\n<title>Thermos With Temperature Display - Diller Water Bottle Manufacturer<\/title>\n<meta name=\"description\" content=\"As one of the best thermos with temperature display manufacturers and suppliers, we are engaged in manufacturing good quality water bottles. We warmly welcome you to wholesale or buy custom made thermos with temperature display at competitive price from us. Also, small quantity orders are acceptable.\" \/>\n<meta name=\"robots\" content=\"index, follow, max-snippet:-1, max-image-preview:large, max-video-preview:-1\" \/>\n<link rel=\"canonical\" href=\"https:\/\/www.dillerbottle.com\/tr\/urunler\/sicaklik-gostergeli-termos\" \/>\n<meta property=\"og:locale\" content=\"tr_TR\" \/>\n<meta property=\"og:type\" content=\"article\" \/>\n<meta property=\"og:title\" content=\"Thermos With Temperature Display\" \/>\n<meta property=\"og:description\" content=\"As one of the best thermos with temperature display manufacturers and suppliers, we are engaged in manufacturing good quality water bottles. We warmly welcome you to wholesale or buy custom made thermos with temperature display at competitive price from us. Also, small quantity orders are acceptable.\" \/>\n<meta property=\"og:url\" content=\"https:\/\/www.dillerbottle.com\/tr\/urunler\/sicaklik-gostergeli-termos\" \/>\n<meta property=\"og:site_name\" content=\"Diller Water Bottle Manufacturer\" \/>\n<meta property=\"article:modified_time\" content=\"2025-07-09T07:11:35+00:00\" \/>\n<meta property=\"og:image\" content=\"https:\/\/www.dillerbottle.com\/wp-content\/uploads\/2024\/09\/thermos-with-temperature-display1a11651f-3056-4d89-8c29-7f10f77b1683.jpg\" \/>\n\t<meta property=\"og:image:width\" content=\"730\" \/>\n\t<meta property=\"og:image:height\" content=\"730\" \/>\n\t<meta property=\"og:image:type\" content=\"image\/jpeg\" \/>\n<meta name=\"twitter:card\" content=\"summary_large_image\" \/>\n<meta name=\"twitter:label1\" content=\"Tahmini okuma s\u00fcresi\" \/>\n\t<meta name=\"twitter:data1\" content=\"6 dakika\" \/>\n<script type=\"application\/ld+json\" class=\"yoast-schema-graph\">{\"@context\":\"https:\\\/\\\/schema.org\",\"@graph\":[{\"@type\":\"WebPage\",\"@id\":\"https:\\\/\\\/www.dillerbottle.com\\\/ru\\\/%d0%bf%d1%80%d0%be%d0%b4%d1%83%d0%ba%d1%82%d1%8b\\\/%d1%82%d0%b5%d1%80%d0%bc%d0%be%d1%81-%d1%81-%d0%b4%d0%b8%d1%81%d0%bf%d0%bb%d0%b5%d0%b5%d0%bc-%d1%82%d0%b5%d0%bc%d0%bf%d0%b5%d1%80%d0%b0%d1%82%d1%83%d1%80%d1%8b\",\"url\":\"https:\\\/\\\/www.dillerbottle.com\\\/ru\\\/%d0%bf%d1%80%d0%be%d0%b4%d1%83%d0%ba%d1%82%d1%8b\\\/%d1%82%d0%b5%d1%80%d0%bc%d0%be%d1%81-%d1%81-%d0%b4%d0%b8%d1%81%d0%bf%d0%bb%d0%b5%d0%b5%d0%bc-%d1%82%d0%b5%d0%bc%d0%bf%d0%b5%d1%80%d0%b0%d1%82%d1%83%d1%80%d1%8b\",\"name\":\"Thermos With Temperature Display - Diller Water Bottle Manufacturer\",\"isPartOf\":{\"@id\":\"https:\\\/\\\/www.dillerbottle.com\\\/#website\"},\"primaryImageOfPage\":{\"@id\":\"https:\\\/\\\/www.dillerbottle.com\\\/ru\\\/%d0%bf%d1%80%d0%be%d0%b4%d1%83%d0%ba%d1%82%d1%8b\\\/%d1%82%d0%b5%d1%80%d0%bc%d0%be%d1%81-%d1%81-%d0%b4%d0%b8%d1%81%d0%bf%d0%bb%d0%b5%d0%b5%d0%bc-%d1%82%d0%b5%d0%bc%d0%bf%d0%b5%d1%80%d0%b0%d1%82%d1%83%d1%80%d1%8b#primaryimage\"},\"image\":{\"@id\":\"https:\\\/\\\/www.dillerbottle.com\\\/ru\\\/%d0%bf%d1%80%d0%be%d0%b4%d1%83%d0%ba%d1%82%d1%8b\\\/%d1%82%d0%b5%d1%80%d0%bc%d0%be%d1%81-%d1%81-%d0%b4%d0%b8%d1%81%d0%bf%d0%bb%d0%b5%d0%b5%d0%bc-%d1%82%d0%b5%d0%bc%d0%bf%d0%b5%d1%80%d0%b0%d1%82%d1%83%d1%80%d1%8b#primaryimage\"},\"thumbnailUrl\":\"https:\\\/\\\/www.dillerbottle.com\\\/wp-content\\\/uploads\\\/2024\\\/09\\\/thermos-with-temperature-display1a11651f-3056-4d89-8c29-7f10f77b1683.jpg\",\"datePublished\":\"2024-09-29T06:49:05+00:00\",\"dateModified\":\"2025-07-09T07:11:35+00:00\",\"description\":\"As one of the best thermos with temperature display manufacturers and suppliers, we are engaged in manufacturing good quality water bottles. We warmly welcome you to wholesale or buy custom made thermos with temperature display at competitive price from us. Also, small quantity orders are acceptable.\",\"breadcrumb\":{\"@id\":\"https:\\\/\\\/www.dillerbottle.com\\\/ru\\\/%d0%bf%d1%80%d0%be%d0%b4%d1%83%d0%ba%d1%82%d1%8b\\\/%d1%82%d0%b5%d1%80%d0%bc%d0%be%d1%81-%d1%81-%d0%b4%d0%b8%d1%81%d0%bf%d0%bb%d0%b5%d0%b5%d0%bc-%d1%82%d0%b5%d0%bc%d0%bf%d0%b5%d1%80%d0%b0%d1%82%d1%83%d1%80%d1%8b#breadcrumb\"},\"inLanguage\":\"tr\",\"potentialAction\":[{\"@type\":\"ReadAction\",\"target\":[\"https:\\\/\\\/www.dillerbottle.com\\\/ru\\\/%d0%bf%d1%80%d0%be%d0%b4%d1%83%d0%ba%d1%82%d1%8b\\\/%d1%82%d0%b5%d1%80%d0%bc%d0%be%d1%81-%d1%81-%d0%b4%d0%b8%d1%81%d0%bf%d0%bb%d0%b5%d0%b5%d0%bc-%d1%82%d0%b5%d0%bc%d0%bf%d0%b5%d1%80%d0%b0%d1%82%d1%83%d1%80%d1%8b\"]}]},{\"@type\":\"ImageObject\",\"inLanguage\":\"tr\",\"@id\":\"https:\\\/\\\/www.dillerbottle.com\\\/ru\\\/%d0%bf%d1%80%d0%be%d0%b4%d1%83%d0%ba%d1%82%d1%8b\\\/%d1%82%d0%b5%d1%80%d0%bc%d0%be%d1%81-%d1%81-%d0%b4%d0%b8%d1%81%d0%bf%d0%bb%d0%b5%d0%b5%d0%bc-%d1%82%d0%b5%d0%bc%d0%bf%d0%b5%d1%80%d0%b0%d1%82%d1%83%d1%80%d1%8b#primaryimage\",\"url\":\"https:\\\/\\\/www.dillerbottle.com\\\/wp-content\\\/uploads\\\/2024\\\/09\\\/thermos-with-temperature-display1a11651f-3056-4d89-8c29-7f10f77b1683.jpg\",\"contentUrl\":\"https:\\\/\\\/www.dillerbottle.com\\\/wp-content\\\/uploads\\\/2024\\\/09\\\/thermos-with-temperature-display1a11651f-3056-4d89-8c29-7f10f77b1683.jpg\",\"width\":730,\"height\":730},{\"@type\":\"BreadcrumbList\",\"@id\":\"https:\\\/\\\/www.dillerbottle.com\\\/ru\\\/%d0%bf%d1%80%d0%be%d0%b4%d1%83%d0%ba%d1%82%d1%8b\\\/%d1%82%d0%b5%d1%80%d0%bc%d0%be%d1%81-%d1%81-%d0%b4%d0%b8%d1%81%d0%bf%d0%bb%d0%b5%d0%b5%d0%bc-%d1%82%d0%b5%d0%bc%d0%bf%d0%b5%d1%80%d0%b0%d1%82%d1%83%d1%80%d1%8b#breadcrumb\",\"itemListElement\":[{\"@type\":\"ListItem\",\"position\":1,\"name\":\"Home\",\"item\":\"https:\\\/\\\/www.dillerbottle.com\\\/\"},{\"@type\":\"ListItem\",\"position\":2,\"name\":\"Products\",\"item\":\"https:\\\/\\\/www.dillerbottle.com\\\/shop\"},{\"@type\":\"ListItem\",\"position\":3,\"name\":\"Thermos With Temperature Display\"}]},{\"@type\":\"WebSite\",\"@id\":\"https:\\\/\\\/www.dillerbottle.com\\\/#website\",\"url\":\"https:\\\/\\\/www.dillerbottle.com\\\/\",\"name\":\"Diller Water Bottle Manufacturer\",\"description\":\"Water Bottle Manufacturer\",\"publisher\":{\"@id\":\"https:\\\/\\\/www.dillerbottle.com\\\/#organization\"},\"potentialAction\":[{\"@type\":\"SearchAction\",\"target\":{\"@type\":\"EntryPoint\",\"urlTemplate\":\"https:\\\/\\\/www.dillerbottle.com\\\/?s={search_term_string}\"},\"query-input\":{\"@type\":\"PropertyValueSpecification\",\"valueRequired\":true,\"valueName\":\"search_term_string\"}}],\"inLanguage\":\"tr\"},{\"@type\":\"Organization\",\"@id\":\"https:\\\/\\\/www.dillerbottle.com\\\/#organization\",\"name\":\"Diller Water Bottle Manufacturer\",\"url\":\"https:\\\/\\\/www.dillerbottle.com\\\/\",\"logo\":{\"@type\":\"ImageObject\",\"inLanguage\":\"tr\",\"@id\":\"https:\\\/\\\/www.dillerbottle.com\\\/#\\\/schema\\\/logo\\\/image\\\/\",\"url\":\"https:\\\/\\\/www.dillerbottle.com\\\/wp-content\\\/uploads\\\/2024\\\/09\\\/49918bfa848dcc1e9f8b509933603ac.png\",\"contentUrl\":\"https:\\\/\\\/www.dillerbottle.com\\\/wp-content\\\/uploads\\\/2024\\\/09\\\/49918bfa848dcc1e9f8b509933603ac.png\",\"width\":988,\"height\":198,\"caption\":\"Diller Water Bottle Manufacturer\"},\"image\":{\"@id\":\"https:\\\/\\\/www.dillerbottle.com\\\/#\\\/schema\\\/logo\\\/image\\\/\"}}]}<\/script>\n<!-- \/ Yoast SEO Premium plugin. -->","yoast_head_json":{"title":"S\u0131cakl\u0131k G\u00f6stergeli Termos - Diller Su \u015ei\u015fesi \u00dcreticisi","description":"En iyi s\u0131cakl\u0131k g\u00f6stergeli termos \u00fcreticilerinden ve tedarik\u00e7ilerinden biri olarak, kaliteli su \u015fi\u015feleri \u00fcretiyoruz. Sizi toptan sat\u0131\u015fa veya bizden rekabet\u00e7i fiyatlarla s\u0131cakl\u0131k g\u00f6stergeli \u00f6zel yap\u0131m termos sat\u0131n almaya davet ediyoruz. Ayr\u0131ca, k\u00fc\u00e7\u00fck miktardaki sipari\u015fler de kabul edilebilir.","robots":{"index":"index","follow":"follow","max-snippet":"max-snippet:-1","max-image-preview":"max-image-preview:large","max-video-preview":"max-video-preview:-1"},"canonical":"https:\/\/www.dillerbottle.com\/tr\/urunler\/sicaklik-gostergeli-termos","og_locale":"tr_TR","og_type":"article","og_title":"Thermos With Temperature Display","og_description":"As one of the best thermos with temperature display manufacturers and suppliers, we are engaged in manufacturing good quality water bottles. We warmly welcome you to wholesale or buy custom made thermos with temperature display at competitive price from us. Also, small quantity orders are acceptable.","og_url":"https:\/\/www.dillerbottle.com\/tr\/urunler\/sicaklik-gostergeli-termos","og_site_name":"Diller Water Bottle Manufacturer","article_modified_time":"2025-07-09T07:11:35+00:00","og_image":[{"width":730,"height":730,"url":"https:\/\/www.dillerbottle.com\/wp-content\/uploads\/2024\/09\/thermos-with-temperature-display1a11651f-3056-4d89-8c29-7f10f77b1683.jpg","type":"image\/jpeg"}],"twitter_card":"summary_large_image","twitter_misc":{"Tahmini okuma s\u00fcresi":"6 dakika"},"schema":{"@context":"https:\/\/schema.org","@graph":[{"@type":"WebPage","@id":"https:\/\/www.dillerbottle.com\/ru\/%d0%bf%d1%80%d0%be%d0%b4%d1%83%d0%ba%d1%82%d1%8b\/%d1%82%d0%b5%d1%80%d0%bc%d0%be%d1%81-%d1%81-%d0%b4%d0%b8%d1%81%d0%bf%d0%bb%d0%b5%d0%b5%d0%bc-%d1%82%d0%b5%d0%bc%d0%bf%d0%b5%d1%80%d0%b0%d1%82%d1%83%d1%80%d1%8b","url":"https:\/\/www.dillerbottle.com\/ru\/%d0%bf%d1%80%d0%be%d0%b4%d1%83%d0%ba%d1%82%d1%8b\/%d1%82%d0%b5%d1%80%d0%bc%d0%be%d1%81-%d1%81-%d0%b4%d0%b8%d1%81%d0%bf%d0%bb%d0%b5%d0%b5%d0%bc-%d1%82%d0%b5%d0%bc%d0%bf%d0%b5%d1%80%d0%b0%d1%82%d1%83%d1%80%d1%8b","name":"S\u0131cakl\u0131k G\u00f6stergeli Termos - Diller Su \u015ei\u015fesi \u00dcreticisi","isPartOf":{"@id":"https:\/\/www.dillerbottle.com\/#website"},"primaryImageOfPage":{"@id":"https:\/\/www.dillerbottle.com\/ru\/%d0%bf%d1%80%d0%be%d0%b4%d1%83%d0%ba%d1%82%d1%8b\/%d1%82%d0%b5%d1%80%d0%bc%d0%be%d1%81-%d1%81-%d0%b4%d0%b8%d1%81%d0%bf%d0%bb%d0%b5%d0%b5%d0%bc-%d1%82%d0%b5%d0%bc%d0%bf%d0%b5%d1%80%d0%b0%d1%82%d1%83%d1%80%d1%8b#primaryimage"},"image":{"@id":"https:\/\/www.dillerbottle.com\/ru\/%d0%bf%d1%80%d0%be%d0%b4%d1%83%d0%ba%d1%82%d1%8b\/%d1%82%d0%b5%d1%80%d0%bc%d0%be%d1%81-%d1%81-%d0%b4%d0%b8%d1%81%d0%bf%d0%bb%d0%b5%d0%b5%d0%bc-%d1%82%d0%b5%d0%bc%d0%bf%d0%b5%d1%80%d0%b0%d1%82%d1%83%d1%80%d1%8b#primaryimage"},"thumbnailUrl":"https:\/\/www.dillerbottle.com\/wp-content\/uploads\/2024\/09\/thermos-with-temperature-display1a11651f-3056-4d89-8c29-7f10f77b1683.jpg","datePublished":"2024-09-29T06:49:05+00:00","dateModified":"2025-07-09T07:11:35+00:00","description":"En iyi s\u0131cakl\u0131k g\u00f6stergeli termos \u00fcreticilerinden ve tedarik\u00e7ilerinden biri olarak, kaliteli su \u015fi\u015feleri \u00fcretiyoruz. Sizi toptan sat\u0131\u015fa veya bizden rekabet\u00e7i fiyatlarla s\u0131cakl\u0131k g\u00f6stergeli \u00f6zel yap\u0131m termos sat\u0131n almaya davet ediyoruz. Ayr\u0131ca, k\u00fc\u00e7\u00fck miktardaki sipari\u015fler de kabul edilebilir.","breadcrumb":{"@id":"https:\/\/www.dillerbottle.com\/ru\/%d0%bf%d1%80%d0%be%d0%b4%d1%83%d0%ba%d1%82%d1%8b\/%d1%82%d0%b5%d1%80%d0%bc%d0%be%d1%81-%d1%81-%d0%b4%d0%b8%d1%81%d0%bf%d0%bb%d0%b5%d0%b5%d0%bc-%d1%82%d0%b5%d0%bc%d0%bf%d0%b5%d1%80%d0%b0%d1%82%d1%83%d1%80%d1%8b#breadcrumb"},"inLanguage":"tr","potentialAction":[{"@type":"ReadAction","target":["https:\/\/www.dillerbottle.com\/ru\/%d0%bf%d1%80%d0%be%d0%b4%d1%83%d0%ba%d1%82%d1%8b\/%d1%82%d0%b5%d1%80%d0%bc%d0%be%d1%81-%d1%81-%d0%b4%d0%b8%d1%81%d0%bf%d0%bb%d0%b5%d0%b5%d0%bc-%d1%82%d0%b5%d0%bc%d0%bf%d0%b5%d1%80%d0%b0%d1%82%d1%83%d1%80%d1%8b"]}]},{"@type":"ImageObject","inLanguage":"tr","@id":"https:\/\/www.dillerbottle.com\/ru\/%d0%bf%d1%80%d0%be%d0%b4%d1%83%d0%ba%d1%82%d1%8b\/%d1%82%d0%b5%d1%80%d0%bc%d0%be%d1%81-%d1%81-%d0%b4%d0%b8%d1%81%d0%bf%d0%bb%d0%b5%d0%b5%d0%bc-%d1%82%d0%b5%d0%bc%d0%bf%d0%b5%d1%80%d0%b0%d1%82%d1%83%d1%80%d1%8b#primaryimage","url":"https:\/\/www.dillerbottle.com\/wp-content\/uploads\/2024\/09\/thermos-with-temperature-display1a11651f-3056-4d89-8c29-7f10f77b1683.jpg","contentUrl":"https:\/\/www.dillerbottle.com\/wp-content\/uploads\/2024\/09\/thermos-with-temperature-display1a11651f-3056-4d89-8c29-7f10f77b1683.jpg","width":730,"height":730},{"@type":"BreadcrumbList","@id":"https:\/\/www.dillerbottle.com\/ru\/%d0%bf%d1%80%d0%be%d0%b4%d1%83%d0%ba%d1%82%d1%8b\/%d1%82%d0%b5%d1%80%d0%bc%d0%be%d1%81-%d1%81-%d0%b4%d0%b8%d1%81%d0%bf%d0%bb%d0%b5%d0%b5%d0%bc-%d1%82%d0%b5%d0%bc%d0%bf%d0%b5%d1%80%d0%b0%d1%82%d1%83%d1%80%d1%8b#breadcrumb","itemListElement":[{"@type":"ListItem","position":1,"name":"Home","item":"https:\/\/www.dillerbottle.com\/"},{"@type":"ListItem","position":2,"name":"Products","item":"https:\/\/www.dillerbottle.com\/shop"},{"@type":"ListItem","position":3,"name":"Thermos With Temperature Display"}]},{"@type":"WebSite","@id":"https:\/\/www.dillerbottle.com\/#website","url":"https:\/\/www.dillerbottle.com\/","name":"Diller Su \u015ei\u015fesi \u00dcreticisi","description":"Su \u015ei\u015fesi \u00dcreticisi","publisher":{"@id":"https:\/\/www.dillerbottle.com\/#organization"},"potentialAction":[{"@type":"SearchAction","target":{"@type":"EntryPoint","urlTemplate":"https:\/\/www.dillerbottle.com\/?s={search_term_string}"},"query-input":{"@type":"PropertyValueSpecification","valueRequired":true,"valueName":"search_term_string"}}],"inLanguage":"tr"},{"@type":"Organization","@id":"https:\/\/www.dillerbottle.com\/#organization","name":"Diller Su \u015ei\u015fesi \u00dcreticisi","url":"https:\/\/www.dillerbottle.com\/","logo":{"@type":"ImageObject","inLanguage":"tr","@id":"https:\/\/www.dillerbottle.com\/#\/schema\/logo\/image\/","url":"https:\/\/www.dillerbottle.com\/wp-content\/uploads\/2024\/09\/49918bfa848dcc1e9f8b509933603ac.png","contentUrl":"https:\/\/www.dillerbottle.com\/wp-content\/uploads\/2024\/09\/49918bfa848dcc1e9f8b509933603ac.png","width":988,"height":198,"caption":"Diller Water Bottle Manufacturer"},"image":{"@id":"https:\/\/www.dillerbottle.com\/#\/schema\/logo\/image\/"}}]}},"_links":{"self":[{"href":"https:\/\/www.dillerbottle.com\/tr\/wp-json\/wp\/v2\/product\/10750","targetHints":{"allow":["GET"]}}],"collection":[{"href":"https:\/\/www.dillerbottle.com\/tr\/wp-json\/wp\/v2\/product"}],"about":[{"href":"https:\/\/www.dillerbottle.com\/tr\/wp-json\/wp\/v2\/types\/product"}],"replies":[{"embeddable":true,"href":"https:\/\/www.dillerbottle.com\/tr\/wp-json\/wp\/v2\/comments?post=10750"}],"wp:featuredmedia":[{"embeddable":true,"href":"https:\/\/www.dillerbottle.com\/tr\/wp-json\/wp\/v2\/media\/10751"}],"wp:attachment":[{"href":"https:\/\/www.dillerbottle.com\/tr\/wp-json\/wp\/v2\/media?parent=10750"}],"wp:term":[{"taxonomy":"product_brand","embeddable":true,"href":"https:\/\/www.dillerbottle.com\/tr\/wp-json\/wp\/v2\/product_brand?post=10750"},{"taxonomy":"product_cat","embeddable":true,"href":"https:\/\/www.dillerbottle.com\/tr\/wp-json\/wp\/v2\/product_cat?post=10750"},{"taxonomy":"product_tag","embeddable":true,"href":"https:\/\/www.dillerbottle.com\/tr\/wp-json\/wp\/v2\/product_tag?post=10750"}],"curies":[{"name":"wp","href":"https:\/\/api.w.org\/{rel}","templated":true}]}}