{"id":10887,"date":"2024-09-29T14:50:40","date_gmt":"2024-09-29T06:50:40","guid":{"rendered":"https:\/\/demo.dillerbottle.com\/products\/termos-vacuum-flask"},"modified":"2025-09-10T17:38:26","modified_gmt":"2025-09-10T09:38:26","slug":"termos-vakumlu-matara","status":"publish","type":"product","link":"https:\/\/www.dillerbottle.com\/tr\/products\/termos-vacuum-flask","title":{"rendered":"Termos Vakumlu Matara"},"content":{"rendered":"<ul>\n<li data-start=\"916\" data-end=\"994\">\n<p data-start=\"918\" data-end=\"994\"><strong data-start=\"918\" data-end=\"941\">304 Paslanmaz \u00c7elik<\/strong>: Korozyona dayan\u0131kl\u0131, \u0131s\u0131ya dayan\u0131kl\u0131 ve uzun \u00f6m\u00fcrl\u00fcd\u00fcr.<\/p>\n<\/li>\n<li data-start=\"995\" data-end=\"1083\">\n<p data-start=\"997\" data-end=\"1083\"><strong data-start=\"997\" data-end=\"1021\">G\u0131da S\u0131n\u0131f\u0131 Malzemeler<\/strong>: G\u00fcvenli ve kokusuzdur, g\u0131da ile temas standartlar\u0131na uygundur.<\/p>\n<\/li>\n<li data-start=\"1084\" data-end=\"1182\">\n<p data-start=\"1086\" data-end=\"1182\"><strong data-start=\"1086\" data-end=\"1110\">S\u0131cak ve So\u011fuk Tutma<\/strong>: \u00c7ift duvarl\u0131 vakum yal\u0131t\u0131m\u0131 i\u00e7ecekleri saatlerce s\u0131cak veya so\u011fuk tutar.<\/p>\n<\/li>\n<li data-start=\"1183\" data-end=\"1276\">\n<p data-start=\"1185\" data-end=\"1276\"><strong data-start=\"1185\" data-end=\"1204\">S\u0131zd\u0131rmaz Conta<\/strong>: Y\u00fcksek kaliteli s\u0131zd\u0131rmazl\u0131k s\u0131z\u0131nt\u0131y\u0131 \u00f6nler, hareket halindeyken kullan\u0131m i\u00e7in uygundur.<\/p>\n<\/li>\n<li data-start=\"1277\" data-end=\"1359\">\n<p data-start=\"1279\" data-end=\"1359\"><strong data-start=\"1279\" data-end=\"1304\">Dokulu Boya Kaplamas\u0131<\/strong>: Kaymaz, a\u015f\u0131nmaya dayan\u0131kl\u0131 ve tutmas\u0131 rahat.<\/p>\n<\/li>\n<li data-start=\"1360\" data-end=\"1456\">\n<p data-start=\"1362\" data-end=\"1456\"><strong data-start=\"1362\" data-end=\"1386\">600ml B\u00fcy\u00fck Kapasite<\/strong>: G\u00fcnl\u00fck hidrasyon, ofis, seyahat veya spor aktiviteleri i\u00e7in m\u00fckemmeldir.<\/p>\n<\/li>\n<\/ul>","protected":false},"excerpt":{"rendered":"<p>Bu 600ml yal\u0131t\u0131ml\u0131 \u015fi\u015fe \u015funlardan yap\u0131lm\u0131\u015ft\u0131r <strong data-start=\"235\" data-end=\"258\">304 paslanmaz \u00e7elik<\/strong> G\u00fcvenli ve sa\u011fl\u0131kl\u0131 kullan\u0131m i\u00e7in g\u0131da s\u0131n\u0131f\u0131 malzemelerden \u00fcretilmi\u015ftir. Rahat bir tutu\u015f i\u00e7in dokulu bir boya kaplamas\u0131 ile m\u00fckemmel \u0131s\u0131 ve so\u011fuk tutma \u00f6zelli\u011fi sunar. S\u0131zd\u0131rmaz tasar\u0131m\u0131 sayesinde i\u015fe gidip gelme, seyahat, spor ve ev kullan\u0131m\u0131 i\u00e7in idealdir.<\/p>","protected":false},"featured_media":16720,"comment_status":"open","ping_status":"closed","template":"","meta":{"_acf_changed":false},"product_brand":[],"product_cat":[18],"product_tag":[31,744],"class_list":{"0":"post-10887","1":"product","2":"type-product","3":"status-publish","4":"has-post-thumbnail","6":"product_cat-insulated-water-bottle","7":"product_tag-custom","8":"product_tag-oem-water-bottle","10":"first","11":"instock","12":"shipping-taxable","13":"product-type-simple"},"acf":[],"yoast_head":"<!-- This site is optimized with the Yoast SEO Premium plugin v27.4 (Yoast SEO v27.4) - https:\/\/yoast.com\/product\/yoast-seo-premium-wordpress\/ -->\n<title>Termos Vacuum Flask - Diller Water Bottle Manufacturer<\/title>\n<meta name=\"description\" content=\"As one of the best termos vacuum flask manufacturers and suppliers, we are engaged in manufacturing good quality water bottles. We warmly welcome you to wholesale or buy custom made termos vacuum flask at competitive price from us. Also, small quantity orders are acceptable.\" \/>\n<meta name=\"robots\" content=\"index, follow, max-snippet:-1, max-image-preview:large, max-video-preview:-1\" \/>\n<link rel=\"canonical\" href=\"https:\/\/www.dillerbottle.com\/tr\/urunler\/termos-vakumlu-matara\" \/>\n<meta property=\"og:locale\" content=\"tr_TR\" \/>\n<meta property=\"og:type\" content=\"article\" \/>\n<meta property=\"og:title\" content=\"Termos Vacuum Flask\" \/>\n<meta property=\"og:description\" content=\"As one of the best termos vacuum flask manufacturers and suppliers, we are engaged in manufacturing good quality water bottles. We warmly welcome you to wholesale or buy custom made termos vacuum flask at competitive price from us. Also, small quantity orders are acceptable.\" \/>\n<meta property=\"og:url\" content=\"https:\/\/www.dillerbottle.com\/tr\/urunler\/termos-vakumlu-matara\" \/>\n<meta property=\"og:site_name\" content=\"Diller Water Bottle Manufacturer\" \/>\n<meta property=\"article:modified_time\" content=\"2025-09-10T09:38:26+00:00\" \/>\n<meta property=\"og:image\" content=\"https:\/\/www.dillerbottle.com\/wp-content\/uploads\/2024\/09\/termos-vacuum-flask-9333-600-3.jpg\" \/>\n\t<meta property=\"og:image:width\" content=\"800\" \/>\n\t<meta property=\"og:image:height\" content=\"800\" \/>\n\t<meta property=\"og:image:type\" content=\"image\/jpeg\" \/>\n<meta name=\"twitter:card\" content=\"summary_large_image\" \/>\n<meta name=\"twitter:label1\" content=\"Tahmini okuma s\u00fcresi\" \/>\n\t<meta name=\"twitter:data1\" content=\"1 dakika\" \/>\n<script type=\"application\/ld+json\" class=\"yoast-schema-graph\">{\"@context\":\"https:\\\/\\\/schema.org\",\"@graph\":[{\"@type\":\"WebPage\",\"@id\":\"https:\\\/\\\/www.dillerbottle.com\\\/products\\\/termos-vacuum-flask\",\"url\":\"https:\\\/\\\/www.dillerbottle.com\\\/products\\\/termos-vacuum-flask\",\"name\":\"Termos Vacuum Flask - Diller Water Bottle Manufacturer\",\"isPartOf\":{\"@id\":\"https:\\\/\\\/www.dillerbottle.com\\\/#website\"},\"primaryImageOfPage\":{\"@id\":\"https:\\\/\\\/www.dillerbottle.com\\\/products\\\/termos-vacuum-flask#primaryimage\"},\"image\":{\"@id\":\"https:\\\/\\\/www.dillerbottle.com\\\/products\\\/termos-vacuum-flask#primaryimage\"},\"thumbnailUrl\":\"https:\\\/\\\/www.dillerbottle.com\\\/wp-content\\\/uploads\\\/2024\\\/09\\\/termos-vacuum-flask-9333-600-3.jpg\",\"datePublished\":\"2024-09-29T06:50:40+00:00\",\"dateModified\":\"2025-09-10T09:38:26+00:00\",\"description\":\"As one of the best termos vacuum flask manufacturers and suppliers, we are engaged in manufacturing good quality water bottles. We warmly welcome you to wholesale or buy custom made termos vacuum flask at competitive price from us. Also, small quantity orders are acceptable.\",\"breadcrumb\":{\"@id\":\"https:\\\/\\\/www.dillerbottle.com\\\/products\\\/termos-vacuum-flask#breadcrumb\"},\"inLanguage\":\"tr\",\"potentialAction\":[{\"@type\":\"ReadAction\",\"target\":[\"https:\\\/\\\/www.dillerbottle.com\\\/products\\\/termos-vacuum-flask\"]}]},{\"@type\":\"ImageObject\",\"inLanguage\":\"tr\",\"@id\":\"https:\\\/\\\/www.dillerbottle.com\\\/products\\\/termos-vacuum-flask#primaryimage\",\"url\":\"https:\\\/\\\/www.dillerbottle.com\\\/wp-content\\\/uploads\\\/2024\\\/09\\\/termos-vacuum-flask-9333-600-3.jpg\",\"contentUrl\":\"https:\\\/\\\/www.dillerbottle.com\\\/wp-content\\\/uploads\\\/2024\\\/09\\\/termos-vacuum-flask-9333-600-3.jpg\",\"width\":800,\"height\":800},{\"@type\":\"BreadcrumbList\",\"@id\":\"https:\\\/\\\/www.dillerbottle.com\\\/products\\\/termos-vacuum-flask#breadcrumb\",\"itemListElement\":[{\"@type\":\"ListItem\",\"position\":1,\"name\":\"Home\",\"item\":\"https:\\\/\\\/www.dillerbottle.com\\\/\"},{\"@type\":\"ListItem\",\"position\":2,\"name\":\"Products\",\"item\":\"https:\\\/\\\/www.dillerbottle.com\\\/shop\"},{\"@type\":\"ListItem\",\"position\":3,\"name\":\"Termos Vacuum Flask\"}]},{\"@type\":\"WebSite\",\"@id\":\"https:\\\/\\\/www.dillerbottle.com\\\/#website\",\"url\":\"https:\\\/\\\/www.dillerbottle.com\\\/\",\"name\":\"Diller Water Bottle Manufacturer\",\"description\":\"Water Bottle Manufacturer\",\"publisher\":{\"@id\":\"https:\\\/\\\/www.dillerbottle.com\\\/#organization\"},\"potentialAction\":[{\"@type\":\"SearchAction\",\"target\":{\"@type\":\"EntryPoint\",\"urlTemplate\":\"https:\\\/\\\/www.dillerbottle.com\\\/?s={search_term_string}\"},\"query-input\":{\"@type\":\"PropertyValueSpecification\",\"valueRequired\":true,\"valueName\":\"search_term_string\"}}],\"inLanguage\":\"tr\"},{\"@type\":\"Organization\",\"@id\":\"https:\\\/\\\/www.dillerbottle.com\\\/#organization\",\"name\":\"Diller Water Bottle Manufacturer\",\"url\":\"https:\\\/\\\/www.dillerbottle.com\\\/\",\"logo\":{\"@type\":\"ImageObject\",\"inLanguage\":\"tr\",\"@id\":\"https:\\\/\\\/www.dillerbottle.com\\\/#\\\/schema\\\/logo\\\/image\\\/\",\"url\":\"https:\\\/\\\/www.dillerbottle.com\\\/wp-content\\\/uploads\\\/2024\\\/09\\\/49918bfa848dcc1e9f8b509933603ac.png\",\"contentUrl\":\"https:\\\/\\\/www.dillerbottle.com\\\/wp-content\\\/uploads\\\/2024\\\/09\\\/49918bfa848dcc1e9f8b509933603ac.png\",\"width\":988,\"height\":198,\"caption\":\"Diller Water Bottle Manufacturer\"},\"image\":{\"@id\":\"https:\\\/\\\/www.dillerbottle.com\\\/#\\\/schema\\\/logo\\\/image\\\/\"}}]}<\/script>\n<!-- \/ Yoast SEO Premium plugin. -->","yoast_head_json":{"title":"Termos Vakumlu Matara - Diller Su \u015ei\u015fesi \u00dcreticisi","description":"En iyi termos vakumlu matara \u00fcreticilerinden ve tedarik\u00e7ilerinden biri olarak, kaliteli su \u015fi\u015feleri \u00fcretiyoruz. Toptan sat\u0131\u015f yapman\u0131z\u0131 veya bizden rekabet\u00e7i fiyatlarla \u00f6zel yap\u0131m termos vakumlu matara sat\u0131n alman\u0131z\u0131 i\u00e7tenlikle bekliyoruz. Ayr\u0131ca, k\u00fc\u00e7\u00fck miktarda sipari\u015fler de kabul edilebilir.","robots":{"index":"index","follow":"follow","max-snippet":"max-snippet:-1","max-image-preview":"max-image-preview:large","max-video-preview":"max-video-preview:-1"},"canonical":"https:\/\/www.dillerbottle.com\/tr\/urunler\/termos-vakumlu-matara","og_locale":"tr_TR","og_type":"article","og_title":"Termos Vacuum Flask","og_description":"As one of the best termos vacuum flask manufacturers and suppliers, we are engaged in manufacturing good quality water bottles. We warmly welcome you to wholesale or buy custom made termos vacuum flask at competitive price from us. Also, small quantity orders are acceptable.","og_url":"https:\/\/www.dillerbottle.com\/tr\/urunler\/termos-vakumlu-matara","og_site_name":"Diller Water Bottle Manufacturer","article_modified_time":"2025-09-10T09:38:26+00:00","og_image":[{"width":800,"height":800,"url":"https:\/\/www.dillerbottle.com\/wp-content\/uploads\/2024\/09\/termos-vacuum-flask-9333-600-3.jpg","type":"image\/jpeg"}],"twitter_card":"summary_large_image","twitter_misc":{"Tahmini okuma s\u00fcresi":"1 dakika"},"schema":{"@context":"https:\/\/schema.org","@graph":[{"@type":"WebPage","@id":"https:\/\/www.dillerbottle.com\/products\/termos-vacuum-flask","url":"https:\/\/www.dillerbottle.com\/products\/termos-vacuum-flask","name":"Termos Vakumlu Matara - Diller Su \u015ei\u015fesi \u00dcreticisi","isPartOf":{"@id":"https:\/\/www.dillerbottle.com\/#website"},"primaryImageOfPage":{"@id":"https:\/\/www.dillerbottle.com\/products\/termos-vacuum-flask#primaryimage"},"image":{"@id":"https:\/\/www.dillerbottle.com\/products\/termos-vacuum-flask#primaryimage"},"thumbnailUrl":"https:\/\/www.dillerbottle.com\/wp-content\/uploads\/2024\/09\/termos-vacuum-flask-9333-600-3.jpg","datePublished":"2024-09-29T06:50:40+00:00","dateModified":"2025-09-10T09:38:26+00:00","description":"En iyi termos vakumlu matara \u00fcreticilerinden ve tedarik\u00e7ilerinden biri olarak, kaliteli su \u015fi\u015feleri \u00fcretiyoruz. Toptan sat\u0131\u015f yapman\u0131z\u0131 veya bizden rekabet\u00e7i fiyatlarla \u00f6zel yap\u0131m termos vakumlu matara sat\u0131n alman\u0131z\u0131 i\u00e7tenlikle bekliyoruz. Ayr\u0131ca, k\u00fc\u00e7\u00fck miktarda sipari\u015fler de kabul edilebilir.","breadcrumb":{"@id":"https:\/\/www.dillerbottle.com\/products\/termos-vacuum-flask#breadcrumb"},"inLanguage":"tr","potentialAction":[{"@type":"ReadAction","target":["https:\/\/www.dillerbottle.com\/products\/termos-vacuum-flask"]}]},{"@type":"ImageObject","inLanguage":"tr","@id":"https:\/\/www.dillerbottle.com\/products\/termos-vacuum-flask#primaryimage","url":"https:\/\/www.dillerbottle.com\/wp-content\/uploads\/2024\/09\/termos-vacuum-flask-9333-600-3.jpg","contentUrl":"https:\/\/www.dillerbottle.com\/wp-content\/uploads\/2024\/09\/termos-vacuum-flask-9333-600-3.jpg","width":800,"height":800},{"@type":"BreadcrumbList","@id":"https:\/\/www.dillerbottle.com\/products\/termos-vacuum-flask#breadcrumb","itemListElement":[{"@type":"ListItem","position":1,"name":"Home","item":"https:\/\/www.dillerbottle.com\/"},{"@type":"ListItem","position":2,"name":"Products","item":"https:\/\/www.dillerbottle.com\/shop"},{"@type":"ListItem","position":3,"name":"Termos Vacuum Flask"}]},{"@type":"WebSite","@id":"https:\/\/www.dillerbottle.com\/#website","url":"https:\/\/www.dillerbottle.com\/","name":"Diller Su \u015ei\u015fesi \u00dcreticisi","description":"Su \u015ei\u015fesi \u00dcreticisi","publisher":{"@id":"https:\/\/www.dillerbottle.com\/#organization"},"potentialAction":[{"@type":"SearchAction","target":{"@type":"EntryPoint","urlTemplate":"https:\/\/www.dillerbottle.com\/?s={search_term_string}"},"query-input":{"@type":"PropertyValueSpecification","valueRequired":true,"valueName":"search_term_string"}}],"inLanguage":"tr"},{"@type":"Organization","@id":"https:\/\/www.dillerbottle.com\/#organization","name":"Diller Su \u015ei\u015fesi \u00dcreticisi","url":"https:\/\/www.dillerbottle.com\/","logo":{"@type":"ImageObject","inLanguage":"tr","@id":"https:\/\/www.dillerbottle.com\/#\/schema\/logo\/image\/","url":"https:\/\/www.dillerbottle.com\/wp-content\/uploads\/2024\/09\/49918bfa848dcc1e9f8b509933603ac.png","contentUrl":"https:\/\/www.dillerbottle.com\/wp-content\/uploads\/2024\/09\/49918bfa848dcc1e9f8b509933603ac.png","width":988,"height":198,"caption":"Diller Water Bottle Manufacturer"},"image":{"@id":"https:\/\/www.dillerbottle.com\/#\/schema\/logo\/image\/"}}]}},"_links":{"self":[{"href":"https:\/\/www.dillerbottle.com\/tr\/wp-json\/wp\/v2\/product\/10887","targetHints":{"allow":["GET"]}}],"collection":[{"href":"https:\/\/www.dillerbottle.com\/tr\/wp-json\/wp\/v2\/product"}],"about":[{"href":"https:\/\/www.dillerbottle.com\/tr\/wp-json\/wp\/v2\/types\/product"}],"replies":[{"embeddable":true,"href":"https:\/\/www.dillerbottle.com\/tr\/wp-json\/wp\/v2\/comments?post=10887"}],"wp:featuredmedia":[{"embeddable":true,"href":"https:\/\/www.dillerbottle.com\/tr\/wp-json\/wp\/v2\/media\/16720"}],"wp:attachment":[{"href":"https:\/\/www.dillerbottle.com\/tr\/wp-json\/wp\/v2\/media?parent=10887"}],"wp:term":[{"taxonomy":"product_brand","embeddable":true,"href":"https:\/\/www.dillerbottle.com\/tr\/wp-json\/wp\/v2\/product_brand?post=10887"},{"taxonomy":"product_cat","embeddable":true,"href":"https:\/\/www.dillerbottle.com\/tr\/wp-json\/wp\/v2\/product_cat?post=10887"},{"taxonomy":"product_tag","embeddable":true,"href":"https:\/\/www.dillerbottle.com\/tr\/wp-json\/wp\/v2\/product_tag?post=10887"}],"curies":[{"name":"wp","href":"https:\/\/api.w.org\/{rel}","templated":true}]}}