{"id":10920,"date":"2024-09-29T14:51:02","date_gmt":"2024-09-29T06:51:02","guid":{"rendered":"https:\/\/demo.dillerbottle.com\/products\/thermos-flask-1-litre"},"modified":"2025-07-09T15:02:42","modified_gmt":"2025-07-09T07:02:42","slug":"termos-1-litre","status":"publish","type":"product","link":"https:\/\/www.dillerbottle.com\/tr\/products\/thermos-flask-1-litre","title":{"rendered":"Termos Matara 1 Litre"},"content":{"rendered":"<p>Termos \u015fi\u015fe 1 litre; k\u0131r\u0131lmayan veya paslanmayan 316 g\u0131da s\u0131n\u0131f\u0131 paslanmaz \u00e7elikten yap\u0131lm\u0131\u015ft\u0131r. 1 L (34 oz) kapasite, g\u00fcnl\u00fck hidrasyon ihtiya\u00e7lar\u0131n\u0131z\u0131 kar\u015f\u0131layacak kadar b\u00fcy\u00fckt\u00fcr. K\u00fc\u00e7\u00fck do\u011frudan i\u00e7me a\u011fz\u0131 i\u00e7mek ve su ta\u015fmas\u0131n\u0131 \u00f6nlemek kolayd\u0131r. \u0130tmeli buton tasar\u0131m\u0131n\u0131n kullan\u0131m\u0131 kolayd\u0131r.; Bu 1 litrelik termos matara, d\u0131\u015far\u0131da ta\u015f\u0131mas\u0131 kolay bir el \u00e7antas\u0131yla birlikte gelir1.; Bu \u015f\u0131k ve sa\u011flam kamp termos mataras\u0131, k\u0131r\u0131lmayan veya paslanmayan 316 g\u0131da s\u0131n\u0131f\u0131 paslanmaz \u00e7elikten yap\u0131lm\u0131\u015ft\u0131r. Y\u00fcksek kalitesiyle bilinen DILLER metal matara, kalan tatlar\u0131 iten saf, temiz bir tat sa\u011flar.<br \/>\n2.;1L (34 oz) ve 800ml kapasite g\u00fcnl\u00fck su ihtiyac\u0131n\u0131z\u0131 kar\u015f\u0131layacak kadar b\u00fcy\u00fckt\u00fcr. Yal\u0131t\u0131ml\u0131 termosunuzu buzlu so\u011fuk su, buhar\u0131 t\u00fcten s\u0131cak kahve, buzlu \u00e7ay ve daha fazlas\u0131n\u0131 saklamak i\u00e7in kullan\u0131n. Ta\u015f\u0131nabilir geni\u015f a\u011f\u0131zl\u0131 mataran\u0131z\u0131 g\u00fcnl\u00fck arkada\u015f\u0131n\u0131z olarak s\u0131rt \u00e7antan\u0131za veya i\u015f \u00e7antan\u0131za koyun.<br \/>\n3. \u00c7ift duvarl\u0131 vakum yal\u0131t\u0131m\u0131, i\u00e7ece\u011finizi 24 saate kadar s\u0131cak veya so\u011fuk tutabilir.<br \/>\n4. \u015ei\u015fe kapa\u011f\u0131n\u0131n kazara a\u00e7\u0131lmas\u0131n\u0131 \u00f6nlemek i\u00e7in emniyetli s\u00fcrg\u00fcl\u00fc kilit bulunan basmal\u0131 kapak.<\/p>","protected":false},"excerpt":{"rendered":"<p>Termos matara 1 litre, k\u0131r\u0131lmayan veya paslanmayan 316 g\u0131da s\u0131n\u0131f\u0131 paslanmaz \u00e7elikten yap\u0131lm\u0131\u015ft\u0131r.<br \/>\n1 L (34 oz) kapasite g\u00fcnl\u00fck s\u0131v\u0131 ihtiyac\u0131n\u0131z\u0131 kar\u015f\u0131layacak kadar b\u00fcy\u00fckt\u00fcr.<br \/>\nK\u00fc\u00e7\u00fck do\u011frudan i\u00e7me a\u011fz\u0131 i\u00e7imi kolayla\u015ft\u0131r\u0131r ve suyun ta\u015fmas\u0131n\u0131 \u00f6nler.<br \/>\nBasmal\u0131 d\u00fc\u011fme tasar\u0131m\u0131 kullan\u0131m\u0131 kolayd\u0131r.<br \/>\nBu 1 litre\u2026<\/p>","protected":false},"featured_media":10921,"comment_status":"open","ping_status":"closed","template":"","meta":{"_acf_changed":false},"product_brand":[],"product_cat":[18],"product_tag":[32,36,33,31,555,750,39,38,29,37,34,686,35,712,747,28,915,842,30],"class_list":{"0":"post-10920","1":"product","2":"type-product","3":"status-publish","4":"has-post-thumbnail","6":"product_cat-insulated-water-bottle","7":"product_tag-best","8":"product_tag-bulk","9":"product_tag-buy","10":"product_tag-custom","11":"product_tag-double-walled-insulated-water-bottle","12":"product_tag-ecofriendly-water-bottle","13":"product_tag-for-sale","14":"product_tag-good-quality","15":"product_tag-manufacturers","16":"product_tag-manufacturing","17":"product_tag-price","18":"product_tag-school-water-bottle","19":"product_tag-small","20":"product_tag-steel-vacuum-water-sport-bottles-with-handle","21":"product_tag-steel-water-drinking-bottle-with-handgrip","22":"product_tag-suppliers","23":"product_tag-thermos-flask-1-litre","24":"product_tag-water-bottle-new-design","25":"product_tag-wholesale","27":"first","28":"instock","29":"shipping-taxable","30":"product-type-simple"},"acf":[],"yoast_head":"<!-- This site is optimized with the Yoast SEO Premium plugin v27.4 (Yoast SEO v27.4) - https:\/\/yoast.com\/product\/yoast-seo-premium-wordpress\/ -->\n<title>Thermos Flask 1 Litre - Diller Water Bottle Manufacturer<\/title>\n<meta name=\"description\" content=\"As one of the best thermos flask 1 litre manufacturers and suppliers, we are engaged in manufacturing good quality water bottles. We warmly welcome you to wholesale or buy custom made thermos flask 1 litre at competitive price from us. Also, small quantity orders are acceptable.\" \/>\n<meta name=\"robots\" content=\"index, follow, max-snippet:-1, max-image-preview:large, max-video-preview:-1\" \/>\n<link rel=\"canonical\" href=\"https:\/\/www.dillerbottle.com\/tr\/urunler\/termos-1-litre\" \/>\n<meta property=\"og:locale\" content=\"tr_TR\" \/>\n<meta property=\"og:type\" content=\"article\" \/>\n<meta property=\"og:title\" content=\"Thermos Flask 1 Litre\" \/>\n<meta property=\"og:description\" content=\"As one of the best thermos flask 1 litre manufacturers and suppliers, we are engaged in manufacturing good quality water bottles. We warmly welcome you to wholesale or buy custom made thermos flask 1 litre at competitive price from us. Also, small quantity orders are acceptable.\" \/>\n<meta property=\"og:url\" content=\"https:\/\/www.dillerbottle.com\/tr\/urunler\/termos-1-litre\" \/>\n<meta property=\"og:site_name\" content=\"Diller Water Bottle Manufacturer\" \/>\n<meta property=\"article:modified_time\" content=\"2025-07-09T07:02:42+00:00\" \/>\n<meta property=\"og:image\" content=\"https:\/\/www.dillerbottle.com\/wp-content\/uploads\/2024\/09\/thermos-flask-1-litre36019665750.jpg\" \/>\n\t<meta property=\"og:image:width\" content=\"700\" \/>\n\t<meta property=\"og:image:height\" content=\"700\" \/>\n\t<meta property=\"og:image:type\" content=\"image\/jpeg\" \/>\n<meta name=\"twitter:card\" content=\"summary_large_image\" \/>\n<meta name=\"twitter:label1\" content=\"Tahmini okuma s\u00fcresi\" \/>\n\t<meta name=\"twitter:data1\" content=\"3 dakika\" \/>\n<script type=\"application\/ld+json\" class=\"yoast-schema-graph\">{\"@context\":\"https:\\\/\\\/schema.org\",\"@graph\":[{\"@type\":\"WebPage\",\"@id\":\"https:\\\/\\\/www.dillerbottle.com\\\/fr\\\/produits\\\/thermos-1-litre\",\"url\":\"https:\\\/\\\/www.dillerbottle.com\\\/fr\\\/produits\\\/thermos-1-litre\",\"name\":\"Thermos Flask 1 Litre - Diller Water Bottle Manufacturer\",\"isPartOf\":{\"@id\":\"https:\\\/\\\/www.dillerbottle.com\\\/#website\"},\"primaryImageOfPage\":{\"@id\":\"https:\\\/\\\/www.dillerbottle.com\\\/fr\\\/produits\\\/thermos-1-litre#primaryimage\"},\"image\":{\"@id\":\"https:\\\/\\\/www.dillerbottle.com\\\/fr\\\/produits\\\/thermos-1-litre#primaryimage\"},\"thumbnailUrl\":\"https:\\\/\\\/www.dillerbottle.com\\\/wp-content\\\/uploads\\\/2024\\\/09\\\/thermos-flask-1-litre36019665750.jpg\",\"datePublished\":\"2024-09-29T06:51:02+00:00\",\"dateModified\":\"2025-07-09T07:02:42+00:00\",\"description\":\"As one of the best thermos flask 1 litre manufacturers and suppliers, we are engaged in manufacturing good quality water bottles. We warmly welcome you to wholesale or buy custom made thermos flask 1 litre at competitive price from us. Also, small quantity orders are acceptable.\",\"breadcrumb\":{\"@id\":\"https:\\\/\\\/www.dillerbottle.com\\\/fr\\\/produits\\\/thermos-1-litre#breadcrumb\"},\"inLanguage\":\"tr\",\"potentialAction\":[{\"@type\":\"ReadAction\",\"target\":[\"https:\\\/\\\/www.dillerbottle.com\\\/fr\\\/produits\\\/thermos-1-litre\"]}]},{\"@type\":\"ImageObject\",\"inLanguage\":\"tr\",\"@id\":\"https:\\\/\\\/www.dillerbottle.com\\\/fr\\\/produits\\\/thermos-1-litre#primaryimage\",\"url\":\"https:\\\/\\\/www.dillerbottle.com\\\/wp-content\\\/uploads\\\/2024\\\/09\\\/thermos-flask-1-litre36019665750.jpg\",\"contentUrl\":\"https:\\\/\\\/www.dillerbottle.com\\\/wp-content\\\/uploads\\\/2024\\\/09\\\/thermos-flask-1-litre36019665750.jpg\",\"width\":700,\"height\":700},{\"@type\":\"BreadcrumbList\",\"@id\":\"https:\\\/\\\/www.dillerbottle.com\\\/fr\\\/produits\\\/thermos-1-litre#breadcrumb\",\"itemListElement\":[{\"@type\":\"ListItem\",\"position\":1,\"name\":\"Home\",\"item\":\"https:\\\/\\\/www.dillerbottle.com\\\/\"},{\"@type\":\"ListItem\",\"position\":2,\"name\":\"Products\",\"item\":\"https:\\\/\\\/www.dillerbottle.com\\\/shop\"},{\"@type\":\"ListItem\",\"position\":3,\"name\":\"Thermos Flask 1 Litre\"}]},{\"@type\":\"WebSite\",\"@id\":\"https:\\\/\\\/www.dillerbottle.com\\\/#website\",\"url\":\"https:\\\/\\\/www.dillerbottle.com\\\/\",\"name\":\"Diller Water Bottle Manufacturer\",\"description\":\"Water Bottle Manufacturer\",\"publisher\":{\"@id\":\"https:\\\/\\\/www.dillerbottle.com\\\/#organization\"},\"potentialAction\":[{\"@type\":\"SearchAction\",\"target\":{\"@type\":\"EntryPoint\",\"urlTemplate\":\"https:\\\/\\\/www.dillerbottle.com\\\/?s={search_term_string}\"},\"query-input\":{\"@type\":\"PropertyValueSpecification\",\"valueRequired\":true,\"valueName\":\"search_term_string\"}}],\"inLanguage\":\"tr\"},{\"@type\":\"Organization\",\"@id\":\"https:\\\/\\\/www.dillerbottle.com\\\/#organization\",\"name\":\"Diller Water Bottle Manufacturer\",\"url\":\"https:\\\/\\\/www.dillerbottle.com\\\/\",\"logo\":{\"@type\":\"ImageObject\",\"inLanguage\":\"tr\",\"@id\":\"https:\\\/\\\/www.dillerbottle.com\\\/#\\\/schema\\\/logo\\\/image\\\/\",\"url\":\"https:\\\/\\\/www.dillerbottle.com\\\/wp-content\\\/uploads\\\/2024\\\/09\\\/49918bfa848dcc1e9f8b509933603ac.png\",\"contentUrl\":\"https:\\\/\\\/www.dillerbottle.com\\\/wp-content\\\/uploads\\\/2024\\\/09\\\/49918bfa848dcc1e9f8b509933603ac.png\",\"width\":988,\"height\":198,\"caption\":\"Diller Water Bottle Manufacturer\"},\"image\":{\"@id\":\"https:\\\/\\\/www.dillerbottle.com\\\/#\\\/schema\\\/logo\\\/image\\\/\"}}]}<\/script>\n<!-- \/ Yoast SEO Premium plugin. -->","yoast_head_json":{"title":"Termos Matara 1 Litre - Diller Su \u015ei\u015fesi \u00dcreticisi","description":"En iyi termos 1 litre \u00fcreticilerinden ve tedarik\u00e7ilerinden biri olarak, kaliteli su \u015fi\u015feleri \u00fcretiyoruz. Toptan sat\u0131\u015f yapman\u0131z\u0131 veya bizden rekabet\u00e7i fiyatlarla \u00f6zel yap\u0131m termos 1 litre sat\u0131n alman\u0131z\u0131 i\u00e7tenlikle bekliyoruz. Ayr\u0131ca, k\u00fc\u00e7\u00fck miktarda sipari\u015fler de kabul edilebilir.","robots":{"index":"index","follow":"follow","max-snippet":"max-snippet:-1","max-image-preview":"max-image-preview:large","max-video-preview":"max-video-preview:-1"},"canonical":"https:\/\/www.dillerbottle.com\/tr\/urunler\/termos-1-litre","og_locale":"tr_TR","og_type":"article","og_title":"Thermos Flask 1 Litre","og_description":"As one of the best thermos flask 1 litre manufacturers and suppliers, we are engaged in manufacturing good quality water bottles. We warmly welcome you to wholesale or buy custom made thermos flask 1 litre at competitive price from us. Also, small quantity orders are acceptable.","og_url":"https:\/\/www.dillerbottle.com\/tr\/urunler\/termos-1-litre","og_site_name":"Diller Water Bottle Manufacturer","article_modified_time":"2025-07-09T07:02:42+00:00","og_image":[{"width":700,"height":700,"url":"https:\/\/www.dillerbottle.com\/wp-content\/uploads\/2024\/09\/thermos-flask-1-litre36019665750.jpg","type":"image\/jpeg"}],"twitter_card":"summary_large_image","twitter_misc":{"Tahmini okuma s\u00fcresi":"3 dakika"},"schema":{"@context":"https:\/\/schema.org","@graph":[{"@type":"WebPage","@id":"https:\/\/www.dillerbottle.com\/fr\/produits\/thermos-1-litre","url":"https:\/\/www.dillerbottle.com\/fr\/produits\/thermos-1-litre","name":"Termos Matara 1 Litre - Diller Su \u015ei\u015fesi \u00dcreticisi","isPartOf":{"@id":"https:\/\/www.dillerbottle.com\/#website"},"primaryImageOfPage":{"@id":"https:\/\/www.dillerbottle.com\/fr\/produits\/thermos-1-litre#primaryimage"},"image":{"@id":"https:\/\/www.dillerbottle.com\/fr\/produits\/thermos-1-litre#primaryimage"},"thumbnailUrl":"https:\/\/www.dillerbottle.com\/wp-content\/uploads\/2024\/09\/thermos-flask-1-litre36019665750.jpg","datePublished":"2024-09-29T06:51:02+00:00","dateModified":"2025-07-09T07:02:42+00:00","description":"En iyi termos 1 litre \u00fcreticilerinden ve tedarik\u00e7ilerinden biri olarak, kaliteli su \u015fi\u015feleri \u00fcretiyoruz. Toptan sat\u0131\u015f yapman\u0131z\u0131 veya bizden rekabet\u00e7i fiyatlarla \u00f6zel yap\u0131m termos 1 litre sat\u0131n alman\u0131z\u0131 i\u00e7tenlikle bekliyoruz. Ayr\u0131ca, k\u00fc\u00e7\u00fck miktarda sipari\u015fler de kabul edilebilir.","breadcrumb":{"@id":"https:\/\/www.dillerbottle.com\/fr\/produits\/thermos-1-litre#breadcrumb"},"inLanguage":"tr","potentialAction":[{"@type":"ReadAction","target":["https:\/\/www.dillerbottle.com\/fr\/produits\/thermos-1-litre"]}]},{"@type":"ImageObject","inLanguage":"tr","@id":"https:\/\/www.dillerbottle.com\/fr\/produits\/thermos-1-litre#primaryimage","url":"https:\/\/www.dillerbottle.com\/wp-content\/uploads\/2024\/09\/thermos-flask-1-litre36019665750.jpg","contentUrl":"https:\/\/www.dillerbottle.com\/wp-content\/uploads\/2024\/09\/thermos-flask-1-litre36019665750.jpg","width":700,"height":700},{"@type":"BreadcrumbList","@id":"https:\/\/www.dillerbottle.com\/fr\/produits\/thermos-1-litre#breadcrumb","itemListElement":[{"@type":"ListItem","position":1,"name":"Home","item":"https:\/\/www.dillerbottle.com\/"},{"@type":"ListItem","position":2,"name":"Products","item":"https:\/\/www.dillerbottle.com\/shop"},{"@type":"ListItem","position":3,"name":"Thermos Flask 1 Litre"}]},{"@type":"WebSite","@id":"https:\/\/www.dillerbottle.com\/#website","url":"https:\/\/www.dillerbottle.com\/","name":"Diller Su \u015ei\u015fesi \u00dcreticisi","description":"Su \u015ei\u015fesi \u00dcreticisi","publisher":{"@id":"https:\/\/www.dillerbottle.com\/#organization"},"potentialAction":[{"@type":"SearchAction","target":{"@type":"EntryPoint","urlTemplate":"https:\/\/www.dillerbottle.com\/?s={search_term_string}"},"query-input":{"@type":"PropertyValueSpecification","valueRequired":true,"valueName":"search_term_string"}}],"inLanguage":"tr"},{"@type":"Organization","@id":"https:\/\/www.dillerbottle.com\/#organization","name":"Diller Su \u015ei\u015fesi \u00dcreticisi","url":"https:\/\/www.dillerbottle.com\/","logo":{"@type":"ImageObject","inLanguage":"tr","@id":"https:\/\/www.dillerbottle.com\/#\/schema\/logo\/image\/","url":"https:\/\/www.dillerbottle.com\/wp-content\/uploads\/2024\/09\/49918bfa848dcc1e9f8b509933603ac.png","contentUrl":"https:\/\/www.dillerbottle.com\/wp-content\/uploads\/2024\/09\/49918bfa848dcc1e9f8b509933603ac.png","width":988,"height":198,"caption":"Diller Water Bottle Manufacturer"},"image":{"@id":"https:\/\/www.dillerbottle.com\/#\/schema\/logo\/image\/"}}]}},"_links":{"self":[{"href":"https:\/\/www.dillerbottle.com\/tr\/wp-json\/wp\/v2\/product\/10920","targetHints":{"allow":["GET"]}}],"collection":[{"href":"https:\/\/www.dillerbottle.com\/tr\/wp-json\/wp\/v2\/product"}],"about":[{"href":"https:\/\/www.dillerbottle.com\/tr\/wp-json\/wp\/v2\/types\/product"}],"replies":[{"embeddable":true,"href":"https:\/\/www.dillerbottle.com\/tr\/wp-json\/wp\/v2\/comments?post=10920"}],"wp:featuredmedia":[{"embeddable":true,"href":"https:\/\/www.dillerbottle.com\/tr\/wp-json\/wp\/v2\/media\/10921"}],"wp:attachment":[{"href":"https:\/\/www.dillerbottle.com\/tr\/wp-json\/wp\/v2\/media?parent=10920"}],"wp:term":[{"taxonomy":"product_brand","embeddable":true,"href":"https:\/\/www.dillerbottle.com\/tr\/wp-json\/wp\/v2\/product_brand?post=10920"},{"taxonomy":"product_cat","embeddable":true,"href":"https:\/\/www.dillerbottle.com\/tr\/wp-json\/wp\/v2\/product_cat?post=10920"},{"taxonomy":"product_tag","embeddable":true,"href":"https:\/\/www.dillerbottle.com\/tr\/wp-json\/wp\/v2\/product_tag?post=10920"}],"curies":[{"name":"wp","href":"https:\/\/api.w.org\/{rel}","templated":true}]}}