{"id":10932,"date":"2024-09-29T14:51:11","date_gmt":"2024-09-29T06:51:11","guid":{"rendered":"https:\/\/demo.dillerbottle.com\/products\/500ml-vacuum-insulated-bottle"},"modified":"2025-07-09T15:02:29","modified_gmt":"2025-07-09T07:02:29","slug":"500ml-vakumlu-yalitimli-sise","status":"publish","type":"product","link":"https:\/\/www.dillerbottle.com\/tr\/products\/500ml-vacuum-insulated-bottle","title":{"rendered":"500ml Vakumlu Yal\u0131t\u0131ml\u0131 \u015ei\u015fe"},"content":{"rendered":"<p>500 ml vakumlu yal\u0131t\u0131ml\u0131 \u015fi\u015fe, yo\u011fu\u015fmay\u0131 \u00f6nlemek i\u00e7in vakumlu yal\u0131t\u0131ml\u0131 \u00e7ift cidarl\u0131 y\u00fcksek kaliteli 18\/8 Paslanmaz \u00c7elik \u00c7ift Duvarl\u0131 su \u015fi\u015fesinden yap\u0131lm\u0131\u015ft\u0131r. Suyu 12~24 saate kadar s\u0131cak veya so\u011fuk tutabilir.; Bu 500 ml vakumlu yal\u0131t\u0131ml\u0131 \u015fi\u015fe \u00e7evre dostudur ve yeti\u015fkinler ve \u00e7ocuklar i\u00e7in tamamen g\u00fcvenlidir. Kamp, y\u00fcr\u00fcy\u00fc\u015f, bisiklet, seyahat ve di\u011fer bir\u00e7ok aktivite i\u00e7in m\u00fckemmel bir hediye ve m\u00fckemmel olacakt\u0131r. \u00d6zellikler: 1.; \u00c7ift cidarl\u0131 ve vakumlu tasar\u0131ma sahip bu 500 ml vakumlu yal\u0131t\u0131ml\u0131 \u015fi\u015fe, s\u0131cak i\u00e7eceklerinizi 12 saat s\u0131cak ve so\u011fuk i\u00e7eceklerinizi 24 saat so\u011fuk tutarak i\u00e7eceklerinizin orijinal lezzetini koruyabilir.<br \/>\n2. Vakum yal\u0131t\u0131ml\u0131 \u015fi\u015fe, uzun s\u00fcreli kullan\u0131m i\u00e7in g\u00fc\u00e7l\u00fc ve dayan\u0131kl\u0131 304 paslanmaz \u00e7elikten, s\u0131zd\u0131rmaz, k\u0131r\u0131lmaz, paslanmaz malzemeden \u00fcretilmi\u015ftir.<br \/>\n3.; Seyahatte rahat\u00e7a kullanmak i\u00e7in elinize veya ara\u00e7 i\u00e7i bardak tutucular\u0131na rahat\u00e7a s\u0131\u011fan ince ve hafif bir tasar\u0131ma sahiptir. A\u00e7\u0131k a\u011f\u0131z a\u00e7\u0131kl\u0131\u011f\u0131, en sevdi\u011finiz i\u00e7eceklerin tad\u0131n\u0131 kolayca \u00e7\u0131karman\u0131z\u0131 sa\u011flayan p\u00fcr\u00fczs\u00fcz bir d\u00f6kme sa\u011flar. A\u00e7\u0131k a\u011f\u0131z, temizlik ve yeniden doldurma i\u00e7in kolay eri\u015fim sa\u011flar.<\/p>","protected":false},"excerpt":{"rendered":"<p>500ml vakum yal\u0131t\u0131ml\u0131 \u015fi\u015fe, yo\u011fu\u015fmay\u0131 \u00f6nlemek i\u00e7in vakum yal\u0131t\u0131m\u0131na sahip \u00e7ift cidarl\u0131 y\u00fcksek kaliteli 18\/8 Paslanmaz \u00c7elik \u00c7ift Cidarl\u0131 su \u015fi\u015fesinden yap\u0131lm\u0131\u015ft\u0131r.<br \/>\nSuyu 12~24 saate kadar s\u0131cak veya so\u011fuk tutabilir.<br \/>\n500 ml vakumlu yal\u0131t\u0131ml\u0131 bu \u015fi\u015fe \u00e7evre dostudur ve yeti\u015fkinler ve \u00e7ocuklar i\u00e7in tamamen g\u00fcvenlidir.<br \/>\nKamp, y\u00fcr\u00fcy\u00fc\u015f, bisiklet, seyahat ve daha bir\u00e7ok aktivite i\u00e7in m\u00fckemmel bir hediye olacakt\u0131r.<\/p>","protected":false},"featured_media":10933,"comment_status":"open","ping_status":"closed","template":"","meta":{"_acf_changed":false},"product_brand":[],"product_cat":[18],"product_tag":[916,721,32,36,33,31,39,38,29,37,114,762,34,35,694,805,28,839,30],"class_list":{"0":"post-10932","1":"product","2":"type-product","3":"status-publish","4":"has-post-thumbnail","6":"product_cat-insulated-water-bottle","7":"product_tag-500ml-vacuum-insulated-bottle","8":"product_tag-500ml-water-bottle-with-straw","9":"product_tag-best","10":"product_tag-bulk","11":"product_tag-buy","12":"product_tag-custom","13":"product_tag-for-sale","14":"product_tag-good-quality","15":"product_tag-manufacturers","16":"product_tag-manufacturing","17":"product_tag-modern-water-bottle","18":"product_tag-nice-water-bottle","19":"product_tag-price","20":"product_tag-small","21":"product_tag-steel-insulated-water-bottle-outdoor-water-bottle","22":"product_tag-steel-sports-water-bottles-with-bpa-free-lid","23":"product_tag-suppliers","24":"product_tag-water-bottles-bamboo","25":"product_tag-wholesale","27":"first","28":"instock","29":"shipping-taxable","30":"product-type-simple"},"acf":[],"yoast_head":"<!-- This site is optimized with the Yoast SEO Premium plugin v27.5 (Yoast SEO v27.5) - https:\/\/yoast.com\/product\/yoast-seo-premium-wordpress\/ -->\n<title>500ml Vacuum Insulated Bottle - Diller Water Bottle Manufacturer<\/title>\n<meta name=\"description\" content=\"As one of the best 500ml vacuum insulated bottle manufacturers and suppliers, we are engaged in manufacturing good quality water bottles. We warmly welcome you to wholesale or buy custom made 500ml vacuum insulated bottle at competitive price from us. Also, small quantity orders are acceptable.\" \/>\n<meta name=\"robots\" content=\"index, follow, max-snippet:-1, max-image-preview:large, max-video-preview:-1\" \/>\n<link rel=\"canonical\" href=\"https:\/\/www.dillerbottle.com\/tr\/urunler\/500ml-vakumlu-yalitimli-sise\" \/>\n<meta property=\"og:locale\" content=\"tr_TR\" \/>\n<meta property=\"og:type\" content=\"article\" \/>\n<meta property=\"og:title\" content=\"500ml Vacuum Insulated Bottle\" \/>\n<meta property=\"og:description\" content=\"As one of the best 500ml vacuum insulated bottle manufacturers and suppliers, we are engaged in manufacturing good quality water bottles. We warmly welcome you to wholesale or buy custom made 500ml vacuum insulated bottle at competitive price from us. Also, small quantity orders are acceptable.\" \/>\n<meta property=\"og:url\" content=\"https:\/\/www.dillerbottle.com\/tr\/urunler\/500ml-vakumlu-yalitimli-sise\" \/>\n<meta property=\"og:site_name\" content=\"Diller Water Bottle Manufacturer\" \/>\n<meta property=\"article:modified_time\" content=\"2025-07-09T07:02:29+00:00\" \/>\n<meta property=\"og:image\" content=\"https:\/\/www.dillerbottle.com\/wp-content\/uploads\/2024\/09\/500ml-vacuum-insulated-bottle00137769044.jpg\" \/>\n\t<meta property=\"og:image:width\" content=\"730\" \/>\n\t<meta property=\"og:image:height\" content=\"730\" \/>\n\t<meta property=\"og:image:type\" content=\"image\/jpeg\" \/>\n<meta name=\"twitter:card\" content=\"summary_large_image\" \/>\n<meta name=\"twitter:label1\" content=\"Tahmini okuma s\u00fcresi\" \/>\n\t<meta name=\"twitter:data1\" content=\"3 dakika\" \/>\n<script type=\"application\/ld+json\" class=\"yoast-schema-graph\">{\"@context\":\"https:\\\/\\\/schema.org\",\"@graph\":[{\"@type\":\"WebPage\",\"@id\":\"https:\\\/\\\/www.dillerbottle.com\\\/nl\\\/producten\\\/500ml-vacuum-geisoleerde-fles\",\"url\":\"https:\\\/\\\/www.dillerbottle.com\\\/nl\\\/producten\\\/500ml-vacuum-geisoleerde-fles\",\"name\":\"500ml Vacuum Insulated Bottle - Diller Water Bottle Manufacturer\",\"isPartOf\":{\"@id\":\"https:\\\/\\\/www.dillerbottle.com\\\/#website\"},\"primaryImageOfPage\":{\"@id\":\"https:\\\/\\\/www.dillerbottle.com\\\/nl\\\/producten\\\/500ml-vacuum-geisoleerde-fles#primaryimage\"},\"image\":{\"@id\":\"https:\\\/\\\/www.dillerbottle.com\\\/nl\\\/producten\\\/500ml-vacuum-geisoleerde-fles#primaryimage\"},\"thumbnailUrl\":\"https:\\\/\\\/www.dillerbottle.com\\\/wp-content\\\/uploads\\\/2024\\\/09\\\/500ml-vacuum-insulated-bottle00137769044.jpg\",\"datePublished\":\"2024-09-29T06:51:11+00:00\",\"dateModified\":\"2025-07-09T07:02:29+00:00\",\"description\":\"As one of the best 500ml vacuum insulated bottle manufacturers and suppliers, we are engaged in manufacturing good quality water bottles. We warmly welcome you to wholesale or buy custom made 500ml vacuum insulated bottle at competitive price from us. Also, small quantity orders are acceptable.\",\"breadcrumb\":{\"@id\":\"https:\\\/\\\/www.dillerbottle.com\\\/nl\\\/producten\\\/500ml-vacuum-geisoleerde-fles#breadcrumb\"},\"inLanguage\":\"tr\",\"potentialAction\":[{\"@type\":\"ReadAction\",\"target\":[\"https:\\\/\\\/www.dillerbottle.com\\\/nl\\\/producten\\\/500ml-vacuum-geisoleerde-fles\"]}]},{\"@type\":\"ImageObject\",\"inLanguage\":\"tr\",\"@id\":\"https:\\\/\\\/www.dillerbottle.com\\\/nl\\\/producten\\\/500ml-vacuum-geisoleerde-fles#primaryimage\",\"url\":\"https:\\\/\\\/www.dillerbottle.com\\\/wp-content\\\/uploads\\\/2024\\\/09\\\/500ml-vacuum-insulated-bottle00137769044.jpg\",\"contentUrl\":\"https:\\\/\\\/www.dillerbottle.com\\\/wp-content\\\/uploads\\\/2024\\\/09\\\/500ml-vacuum-insulated-bottle00137769044.jpg\",\"width\":730,\"height\":730},{\"@type\":\"BreadcrumbList\",\"@id\":\"https:\\\/\\\/www.dillerbottle.com\\\/nl\\\/producten\\\/500ml-vacuum-geisoleerde-fles#breadcrumb\",\"itemListElement\":[{\"@type\":\"ListItem\",\"position\":1,\"name\":\"Home\",\"item\":\"https:\\\/\\\/www.dillerbottle.com\\\/\"},{\"@type\":\"ListItem\",\"position\":2,\"name\":\"Products\",\"item\":\"https:\\\/\\\/www.dillerbottle.com\\\/shop\"},{\"@type\":\"ListItem\",\"position\":3,\"name\":\"500ml Vacuum Insulated Bottle\"}]},{\"@type\":\"WebSite\",\"@id\":\"https:\\\/\\\/www.dillerbottle.com\\\/#website\",\"url\":\"https:\\\/\\\/www.dillerbottle.com\\\/\",\"name\":\"Diller Water Bottle Manufacturer\",\"description\":\"Water Bottle Manufacturer\",\"publisher\":{\"@id\":\"https:\\\/\\\/www.dillerbottle.com\\\/#organization\"},\"potentialAction\":[{\"@type\":\"SearchAction\",\"target\":{\"@type\":\"EntryPoint\",\"urlTemplate\":\"https:\\\/\\\/www.dillerbottle.com\\\/?s={search_term_string}\"},\"query-input\":{\"@type\":\"PropertyValueSpecification\",\"valueRequired\":true,\"valueName\":\"search_term_string\"}}],\"inLanguage\":\"tr\"},{\"@type\":\"Organization\",\"@id\":\"https:\\\/\\\/www.dillerbottle.com\\\/#organization\",\"name\":\"Diller Water Bottle Manufacturer\",\"url\":\"https:\\\/\\\/www.dillerbottle.com\\\/\",\"logo\":{\"@type\":\"ImageObject\",\"inLanguage\":\"tr\",\"@id\":\"https:\\\/\\\/www.dillerbottle.com\\\/#\\\/schema\\\/logo\\\/image\\\/\",\"url\":\"https:\\\/\\\/www.dillerbottle.com\\\/wp-content\\\/uploads\\\/2024\\\/09\\\/49918bfa848dcc1e9f8b509933603ac.png\",\"contentUrl\":\"https:\\\/\\\/www.dillerbottle.com\\\/wp-content\\\/uploads\\\/2024\\\/09\\\/49918bfa848dcc1e9f8b509933603ac.png\",\"width\":988,\"height\":198,\"caption\":\"Diller Water Bottle Manufacturer\"},\"image\":{\"@id\":\"https:\\\/\\\/www.dillerbottle.com\\\/#\\\/schema\\\/logo\\\/image\\\/\"}}]}<\/script>\n<!-- \/ Yoast SEO Premium plugin. -->","yoast_head_json":{"title":"500ml Vakumlu Yal\u0131t\u0131ml\u0131 \u015ei\u015fe - Diller Su \u015ei\u015fesi \u00dcreticisi","description":"En iyi 500 ml vakumlu yal\u0131t\u0131ml\u0131 \u015fi\u015fe \u00fcreticilerinden ve tedarik\u00e7ilerinden biri olarak, kaliteli su \u015fi\u015feleri \u00fcretiyoruz. Toptan sat\u0131\u015f yapman\u0131z\u0131 veya bizden rekabet\u00e7i fiyatlarla \u00f6zel yap\u0131m 500 ml vakumlu yal\u0131t\u0131ml\u0131 \u015fi\u015fe sat\u0131n alman\u0131z\u0131 i\u00e7tenlikle bekliyoruz. Ayr\u0131ca, k\u00fc\u00e7\u00fck miktarda sipari\u015fler de kabul edilebilir.","robots":{"index":"index","follow":"follow","max-snippet":"max-snippet:-1","max-image-preview":"max-image-preview:large","max-video-preview":"max-video-preview:-1"},"canonical":"https:\/\/www.dillerbottle.com\/tr\/urunler\/500ml-vakumlu-yalitimli-sise","og_locale":"tr_TR","og_type":"article","og_title":"500ml Vacuum Insulated Bottle","og_description":"As one of the best 500ml vacuum insulated bottle manufacturers and suppliers, we are engaged in manufacturing good quality water bottles. We warmly welcome you to wholesale or buy custom made 500ml vacuum insulated bottle at competitive price from us. Also, small quantity orders are acceptable.","og_url":"https:\/\/www.dillerbottle.com\/tr\/urunler\/500ml-vakumlu-yalitimli-sise","og_site_name":"Diller Water Bottle Manufacturer","article_modified_time":"2025-07-09T07:02:29+00:00","og_image":[{"width":730,"height":730,"url":"https:\/\/www.dillerbottle.com\/wp-content\/uploads\/2024\/09\/500ml-vacuum-insulated-bottle00137769044.jpg","type":"image\/jpeg"}],"twitter_card":"summary_large_image","twitter_misc":{"Tahmini okuma s\u00fcresi":"3 dakika"},"schema":{"@context":"https:\/\/schema.org","@graph":[{"@type":"WebPage","@id":"https:\/\/www.dillerbottle.com\/nl\/producten\/500ml-vacuum-geisoleerde-fles","url":"https:\/\/www.dillerbottle.com\/nl\/producten\/500ml-vacuum-geisoleerde-fles","name":"500ml Vakumlu Yal\u0131t\u0131ml\u0131 \u015ei\u015fe - Diller Su \u015ei\u015fesi \u00dcreticisi","isPartOf":{"@id":"https:\/\/www.dillerbottle.com\/#website"},"primaryImageOfPage":{"@id":"https:\/\/www.dillerbottle.com\/nl\/producten\/500ml-vacuum-geisoleerde-fles#primaryimage"},"image":{"@id":"https:\/\/www.dillerbottle.com\/nl\/producten\/500ml-vacuum-geisoleerde-fles#primaryimage"},"thumbnailUrl":"https:\/\/www.dillerbottle.com\/wp-content\/uploads\/2024\/09\/500ml-vacuum-insulated-bottle00137769044.jpg","datePublished":"2024-09-29T06:51:11+00:00","dateModified":"2025-07-09T07:02:29+00:00","description":"En iyi 500 ml vakumlu yal\u0131t\u0131ml\u0131 \u015fi\u015fe \u00fcreticilerinden ve tedarik\u00e7ilerinden biri olarak, kaliteli su \u015fi\u015feleri \u00fcretiyoruz. Toptan sat\u0131\u015f yapman\u0131z\u0131 veya bizden rekabet\u00e7i fiyatlarla \u00f6zel yap\u0131m 500 ml vakumlu yal\u0131t\u0131ml\u0131 \u015fi\u015fe sat\u0131n alman\u0131z\u0131 i\u00e7tenlikle bekliyoruz. Ayr\u0131ca, k\u00fc\u00e7\u00fck miktarda sipari\u015fler de kabul edilebilir.","breadcrumb":{"@id":"https:\/\/www.dillerbottle.com\/nl\/producten\/500ml-vacuum-geisoleerde-fles#breadcrumb"},"inLanguage":"tr","potentialAction":[{"@type":"ReadAction","target":["https:\/\/www.dillerbottle.com\/nl\/producten\/500ml-vacuum-geisoleerde-fles"]}]},{"@type":"ImageObject","inLanguage":"tr","@id":"https:\/\/www.dillerbottle.com\/nl\/producten\/500ml-vacuum-geisoleerde-fles#primaryimage","url":"https:\/\/www.dillerbottle.com\/wp-content\/uploads\/2024\/09\/500ml-vacuum-insulated-bottle00137769044.jpg","contentUrl":"https:\/\/www.dillerbottle.com\/wp-content\/uploads\/2024\/09\/500ml-vacuum-insulated-bottle00137769044.jpg","width":730,"height":730},{"@type":"BreadcrumbList","@id":"https:\/\/www.dillerbottle.com\/nl\/producten\/500ml-vacuum-geisoleerde-fles#breadcrumb","itemListElement":[{"@type":"ListItem","position":1,"name":"Home","item":"https:\/\/www.dillerbottle.com\/"},{"@type":"ListItem","position":2,"name":"Products","item":"https:\/\/www.dillerbottle.com\/shop"},{"@type":"ListItem","position":3,"name":"500ml Vacuum Insulated Bottle"}]},{"@type":"WebSite","@id":"https:\/\/www.dillerbottle.com\/#website","url":"https:\/\/www.dillerbottle.com\/","name":"Diller Su \u015ei\u015fesi \u00dcreticisi","description":"Su \u015ei\u015fesi \u00dcreticisi","publisher":{"@id":"https:\/\/www.dillerbottle.com\/#organization"},"potentialAction":[{"@type":"SearchAction","target":{"@type":"EntryPoint","urlTemplate":"https:\/\/www.dillerbottle.com\/?s={search_term_string}"},"query-input":{"@type":"PropertyValueSpecification","valueRequired":true,"valueName":"search_term_string"}}],"inLanguage":"tr"},{"@type":"Organization","@id":"https:\/\/www.dillerbottle.com\/#organization","name":"Diller Su \u015ei\u015fesi \u00dcreticisi","url":"https:\/\/www.dillerbottle.com\/","logo":{"@type":"ImageObject","inLanguage":"tr","@id":"https:\/\/www.dillerbottle.com\/#\/schema\/logo\/image\/","url":"https:\/\/www.dillerbottle.com\/wp-content\/uploads\/2024\/09\/49918bfa848dcc1e9f8b509933603ac.png","contentUrl":"https:\/\/www.dillerbottle.com\/wp-content\/uploads\/2024\/09\/49918bfa848dcc1e9f8b509933603ac.png","width":988,"height":198,"caption":"Diller Water Bottle Manufacturer"},"image":{"@id":"https:\/\/www.dillerbottle.com\/#\/schema\/logo\/image\/"}}]}},"_links":{"self":[{"href":"https:\/\/www.dillerbottle.com\/tr\/wp-json\/wp\/v2\/product\/10932","targetHints":{"allow":["GET"]}}],"collection":[{"href":"https:\/\/www.dillerbottle.com\/tr\/wp-json\/wp\/v2\/product"}],"about":[{"href":"https:\/\/www.dillerbottle.com\/tr\/wp-json\/wp\/v2\/types\/product"}],"replies":[{"embeddable":true,"href":"https:\/\/www.dillerbottle.com\/tr\/wp-json\/wp\/v2\/comments?post=10932"}],"wp:featuredmedia":[{"embeddable":true,"href":"https:\/\/www.dillerbottle.com\/tr\/wp-json\/wp\/v2\/media\/10933"}],"wp:attachment":[{"href":"https:\/\/www.dillerbottle.com\/tr\/wp-json\/wp\/v2\/media?parent=10932"}],"wp:term":[{"taxonomy":"product_brand","embeddable":true,"href":"https:\/\/www.dillerbottle.com\/tr\/wp-json\/wp\/v2\/product_brand?post=10932"},{"taxonomy":"product_cat","embeddable":true,"href":"https:\/\/www.dillerbottle.com\/tr\/wp-json\/wp\/v2\/product_cat?post=10932"},{"taxonomy":"product_tag","embeddable":true,"href":"https:\/\/www.dillerbottle.com\/tr\/wp-json\/wp\/v2\/product_tag?post=10932"}],"curies":[{"name":"wp","href":"https:\/\/api.w.org\/{rel}","templated":true}]}}