{"id":10945,"date":"2024-09-29T14:51:20","date_gmt":"2024-09-29T06:51:20","guid":{"rendered":"https:\/\/demo.dillerbottle.com\/products\/thermos-for-hot-drinks"},"modified":"2025-07-09T14:58:54","modified_gmt":"2025-07-09T06:58:54","slug":"sicak-icecekler-icin-termos","status":"publish","type":"product","link":"https:\/\/www.dillerbottle.com\/tr\/products\/thermos-for-hot-drinks","title":{"rendered":"S\u0131cak \u0130\u00e7ecekler \u0130\u00e7in Termos"},"content":{"rendered":"<p>\u00d6zellikler:<br \/>\n1. Vakum Yal\u0131t\u0131ml\u0131. 100% Toksik Olmayan G\u0131da S\u0131n\u0131f\u0131 Malzeme, \u00c7evre Dostu, Yeniden Kullan\u0131labilir, S\u0131zd\u0131rmaz. S\u0131cak i\u00e7ecekler i\u00e7in bu termos, dayan\u0131kl\u0131 316 paslanmaz \u00e7elikten yap\u0131lm\u0131\u015ft\u0131r, i\u00e7mek i\u00e7in g\u00fcvenlidir. Vakum yal\u0131t\u0131m tasar\u0131m\u0131, i\u00e7ecekleri 24 saate kadar so\u011fuk ve s\u0131cak tutabilir.<\/p>\n<p>2.;Zarif 3D desen, \u00e7ok \u015f\u0131k ve g\u00fczel, benzersiz.<\/p>\n<p>4. Geni\u015f \u015fi\u015fe a\u011fz\u0131 ile 300 ml k\u00fc\u00e7\u00fck kapasite, i\u00e7erken t\u0131kanmaya neden olmadan kolayca doldurulabilir veya suya buz eklenebilir ve;ta\u015f\u0131mas\u0131 kolay, araba kullanmak, seyahat etmek, ofis ve ev kullan\u0131m\u0131 i\u00e7in en iyisidir.<\/p>","protected":false},"excerpt":{"rendered":"<p>\u00d6zellikler: 1.<br \/>\nVakum Yal\u0131t\u0131ml\u0131.<br \/>\n100% Toksik olmayan g\u0131da s\u0131n\u0131f\u0131 malzeme, \u00e7evre dostu, tekrar kullan\u0131labilir, s\u0131zd\u0131rmaz.<br \/>\nS\u0131cak i\u00e7ecekler i\u00e7in bu termos, i\u00e7imi g\u00fcvenli, dayan\u0131kl\u0131 316 paslanmaz \u00e7elikten \u00fcretilmi\u015ftir.<br \/>\nVakumlu yal\u0131t\u0131m tasar\u0131m\u0131 i\u00e7ecekleri 24 saate kadar so\u011fuk ve s\u0131cak tutabilir.<br \/>\n2.<br \/>\n\u015e\u0131k 3D desen, \u00e7ok \u015f\u0131k ve g\u00fczel, e\u015fsiz\u2026<\/p>","protected":false},"featured_media":10946,"comment_status":"open","ping_status":"closed","template":"","meta":{"_acf_changed":false},"product_brand":[],"product_cat":[18],"product_tag":[32,36,33,31,531,39,38,29,37,744,34,35,28,735,917,519,760,739,30],"class_list":{"0":"post-10945","1":"product","2":"type-product","3":"status-publish","4":"has-post-thumbnail","6":"product_cat-insulated-water-bottle","7":"product_tag-best","8":"product_tag-bulk","9":"product_tag-buy","10":"product_tag-custom","11":"product_tag-double-walled-water-bottle-travel-water-flask","12":"product_tag-for-sale","13":"product_tag-good-quality","14":"product_tag-manufacturers","15":"product_tag-manufacturing","16":"product_tag-oem-water-bottle","17":"product_tag-price","18":"product_tag-small","19":"product_tag-suppliers","20":"product_tag-temperature-display-smart-thermos-water-bottle","21":"product_tag-thermos-for-hot-drinks","22":"product_tag-water-bottle-with-storage-compartment","23":"product_tag-water-bottle-with-straw-wholesale","24":"product_tag-water-bottle-wood-lid","25":"product_tag-wholesale","27":"first","28":"instock","29":"shipping-taxable","30":"product-type-simple"},"acf":[],"yoast_head":"<!-- This site is optimized with the Yoast SEO Premium plugin v27.4 (Yoast SEO v27.4) - https:\/\/yoast.com\/product\/yoast-seo-premium-wordpress\/ -->\n<title>Thermos For Hot Drinks - Diller Water Bottle Manufacturer<\/title>\n<meta name=\"description\" content=\"As one of the best thermos for hot drinks manufacturers and suppliers, we are engaged in manufacturing good quality water bottles. We warmly welcome you to wholesale or buy custom made thermos for hot drinks at competitive price from us. Also, small quantity orders are acceptable.\" \/>\n<meta name=\"robots\" content=\"index, follow, max-snippet:-1, max-image-preview:large, max-video-preview:-1\" \/>\n<link rel=\"canonical\" href=\"https:\/\/www.dillerbottle.com\/tr\/urunler\/sicak-icecekler-icin-termos\" \/>\n<meta property=\"og:locale\" content=\"tr_TR\" \/>\n<meta property=\"og:type\" content=\"article\" \/>\n<meta property=\"og:title\" content=\"Thermos For Hot Drinks\" \/>\n<meta property=\"og:description\" content=\"As one of the best thermos for hot drinks manufacturers and suppliers, we are engaged in manufacturing good quality water bottles. We warmly welcome you to wholesale or buy custom made thermos for hot drinks at competitive price from us. Also, small quantity orders are acceptable.\" \/>\n<meta property=\"og:url\" content=\"https:\/\/www.dillerbottle.com\/tr\/urunler\/sicak-icecekler-icin-termos\" \/>\n<meta property=\"og:site_name\" content=\"Diller Water Bottle Manufacturer\" \/>\n<meta property=\"article:modified_time\" content=\"2025-07-09T06:58:54+00:00\" \/>\n<meta property=\"og:image\" content=\"https:\/\/www.dillerbottle.com\/wp-content\/uploads\/2024\/09\/thermos-for-hot-drinks42043695845.jpg\" \/>\n\t<meta property=\"og:image:width\" content=\"730\" \/>\n\t<meta property=\"og:image:height\" content=\"730\" \/>\n\t<meta property=\"og:image:type\" content=\"image\/jpeg\" \/>\n<meta name=\"twitter:card\" content=\"summary_large_image\" \/>\n<meta name=\"twitter:label1\" content=\"Tahmini okuma s\u00fcresi\" \/>\n\t<meta name=\"twitter:data1\" content=\"2 dakika\" \/>\n<script type=\"application\/ld+json\" class=\"yoast-schema-graph\">{\"@context\":\"https:\\\/\\\/schema.org\",\"@graph\":[{\"@type\":\"WebPage\",\"@id\":\"https:\\\/\\\/www.dillerbottle.com\\\/products\\\/thermos-for-hot-drinks\",\"url\":\"https:\\\/\\\/www.dillerbottle.com\\\/products\\\/thermos-for-hot-drinks\",\"name\":\"Thermos For Hot Drinks - Diller Water Bottle Manufacturer\",\"isPartOf\":{\"@id\":\"https:\\\/\\\/www.dillerbottle.com\\\/#website\"},\"primaryImageOfPage\":{\"@id\":\"https:\\\/\\\/www.dillerbottle.com\\\/products\\\/thermos-for-hot-drinks#primaryimage\"},\"image\":{\"@id\":\"https:\\\/\\\/www.dillerbottle.com\\\/products\\\/thermos-for-hot-drinks#primaryimage\"},\"thumbnailUrl\":\"https:\\\/\\\/www.dillerbottle.com\\\/wp-content\\\/uploads\\\/2024\\\/09\\\/thermos-for-hot-drinks42043695845.jpg\",\"datePublished\":\"2024-09-29T06:51:20+00:00\",\"dateModified\":\"2025-07-09T06:58:54+00:00\",\"description\":\"As one of the best thermos for hot drinks manufacturers and suppliers, we are engaged in manufacturing good quality water bottles. We warmly welcome you to wholesale or buy custom made thermos for hot drinks at competitive price from us. Also, small quantity orders are acceptable.\",\"breadcrumb\":{\"@id\":\"https:\\\/\\\/www.dillerbottle.com\\\/products\\\/thermos-for-hot-drinks#breadcrumb\"},\"inLanguage\":\"tr\",\"potentialAction\":[{\"@type\":\"ReadAction\",\"target\":[\"https:\\\/\\\/www.dillerbottle.com\\\/products\\\/thermos-for-hot-drinks\"]}]},{\"@type\":\"ImageObject\",\"inLanguage\":\"tr\",\"@id\":\"https:\\\/\\\/www.dillerbottle.com\\\/products\\\/thermos-for-hot-drinks#primaryimage\",\"url\":\"https:\\\/\\\/www.dillerbottle.com\\\/wp-content\\\/uploads\\\/2024\\\/09\\\/thermos-for-hot-drinks42043695845.jpg\",\"contentUrl\":\"https:\\\/\\\/www.dillerbottle.com\\\/wp-content\\\/uploads\\\/2024\\\/09\\\/thermos-for-hot-drinks42043695845.jpg\",\"width\":730,\"height\":730},{\"@type\":\"BreadcrumbList\",\"@id\":\"https:\\\/\\\/www.dillerbottle.com\\\/products\\\/thermos-for-hot-drinks#breadcrumb\",\"itemListElement\":[{\"@type\":\"ListItem\",\"position\":1,\"name\":\"Home\",\"item\":\"https:\\\/\\\/www.dillerbottle.com\\\/\"},{\"@type\":\"ListItem\",\"position\":2,\"name\":\"Products\",\"item\":\"https:\\\/\\\/www.dillerbottle.com\\\/shop\"},{\"@type\":\"ListItem\",\"position\":3,\"name\":\"Thermos For Hot Drinks\"}]},{\"@type\":\"WebSite\",\"@id\":\"https:\\\/\\\/www.dillerbottle.com\\\/#website\",\"url\":\"https:\\\/\\\/www.dillerbottle.com\\\/\",\"name\":\"Diller Water Bottle Manufacturer\",\"description\":\"Water Bottle Manufacturer\",\"publisher\":{\"@id\":\"https:\\\/\\\/www.dillerbottle.com\\\/#organization\"},\"potentialAction\":[{\"@type\":\"SearchAction\",\"target\":{\"@type\":\"EntryPoint\",\"urlTemplate\":\"https:\\\/\\\/www.dillerbottle.com\\\/?s={search_term_string}\"},\"query-input\":{\"@type\":\"PropertyValueSpecification\",\"valueRequired\":true,\"valueName\":\"search_term_string\"}}],\"inLanguage\":\"tr\"},{\"@type\":\"Organization\",\"@id\":\"https:\\\/\\\/www.dillerbottle.com\\\/#organization\",\"name\":\"Diller Water Bottle Manufacturer\",\"url\":\"https:\\\/\\\/www.dillerbottle.com\\\/\",\"logo\":{\"@type\":\"ImageObject\",\"inLanguage\":\"tr\",\"@id\":\"https:\\\/\\\/www.dillerbottle.com\\\/#\\\/schema\\\/logo\\\/image\\\/\",\"url\":\"https:\\\/\\\/www.dillerbottle.com\\\/wp-content\\\/uploads\\\/2024\\\/09\\\/49918bfa848dcc1e9f8b509933603ac.png\",\"contentUrl\":\"https:\\\/\\\/www.dillerbottle.com\\\/wp-content\\\/uploads\\\/2024\\\/09\\\/49918bfa848dcc1e9f8b509933603ac.png\",\"width\":988,\"height\":198,\"caption\":\"Diller Water Bottle Manufacturer\"},\"image\":{\"@id\":\"https:\\\/\\\/www.dillerbottle.com\\\/#\\\/schema\\\/logo\\\/image\\\/\"}}]}<\/script>\n<!-- \/ Yoast SEO Premium plugin. -->","yoast_head_json":{"title":"S\u0131cak \u0130\u00e7ecekler \u0130\u00e7in Termos - Diller Su \u015ei\u015fesi \u00dcreticisi","description":"S\u0131cak i\u00e7ecekler i\u00e7in en iyi termos \u00fcreticilerinden ve tedarik\u00e7ilerinden biri olarak, kaliteli su \u015fi\u015feleri \u00fcretiyoruz. S\u0131cak i\u00e7ecekler i\u00e7in toptan veya \u00f6zel yap\u0131m termoslar\u0131 rekabet\u00e7i fiyatlarla bizden sat\u0131n alman\u0131z\u0131 i\u00e7tenlikle bekliyoruz. Ayr\u0131ca, k\u00fc\u00e7\u00fck miktardaki sipari\u015fler de kabul edilebilir.","robots":{"index":"index","follow":"follow","max-snippet":"max-snippet:-1","max-image-preview":"max-image-preview:large","max-video-preview":"max-video-preview:-1"},"canonical":"https:\/\/www.dillerbottle.com\/tr\/urunler\/sicak-icecekler-icin-termos","og_locale":"tr_TR","og_type":"article","og_title":"Thermos For Hot Drinks","og_description":"As one of the best thermos for hot drinks manufacturers and suppliers, we are engaged in manufacturing good quality water bottles. We warmly welcome you to wholesale or buy custom made thermos for hot drinks at competitive price from us. Also, small quantity orders are acceptable.","og_url":"https:\/\/www.dillerbottle.com\/tr\/urunler\/sicak-icecekler-icin-termos","og_site_name":"Diller Water Bottle Manufacturer","article_modified_time":"2025-07-09T06:58:54+00:00","og_image":[{"width":730,"height":730,"url":"https:\/\/www.dillerbottle.com\/wp-content\/uploads\/2024\/09\/thermos-for-hot-drinks42043695845.jpg","type":"image\/jpeg"}],"twitter_card":"summary_large_image","twitter_misc":{"Tahmini okuma s\u00fcresi":"2 dakika"},"schema":{"@context":"https:\/\/schema.org","@graph":[{"@type":"WebPage","@id":"https:\/\/www.dillerbottle.com\/products\/thermos-for-hot-drinks","url":"https:\/\/www.dillerbottle.com\/products\/thermos-for-hot-drinks","name":"S\u0131cak \u0130\u00e7ecekler \u0130\u00e7in Termos - Diller Su \u015ei\u015fesi \u00dcreticisi","isPartOf":{"@id":"https:\/\/www.dillerbottle.com\/#website"},"primaryImageOfPage":{"@id":"https:\/\/www.dillerbottle.com\/products\/thermos-for-hot-drinks#primaryimage"},"image":{"@id":"https:\/\/www.dillerbottle.com\/products\/thermos-for-hot-drinks#primaryimage"},"thumbnailUrl":"https:\/\/www.dillerbottle.com\/wp-content\/uploads\/2024\/09\/thermos-for-hot-drinks42043695845.jpg","datePublished":"2024-09-29T06:51:20+00:00","dateModified":"2025-07-09T06:58:54+00:00","description":"S\u0131cak i\u00e7ecekler i\u00e7in en iyi termos \u00fcreticilerinden ve tedarik\u00e7ilerinden biri olarak, kaliteli su \u015fi\u015feleri \u00fcretiyoruz. S\u0131cak i\u00e7ecekler i\u00e7in toptan veya \u00f6zel yap\u0131m termoslar\u0131 rekabet\u00e7i fiyatlarla bizden sat\u0131n alman\u0131z\u0131 i\u00e7tenlikle bekliyoruz. Ayr\u0131ca, k\u00fc\u00e7\u00fck miktardaki sipari\u015fler de kabul edilebilir.","breadcrumb":{"@id":"https:\/\/www.dillerbottle.com\/products\/thermos-for-hot-drinks#breadcrumb"},"inLanguage":"tr","potentialAction":[{"@type":"ReadAction","target":["https:\/\/www.dillerbottle.com\/products\/thermos-for-hot-drinks"]}]},{"@type":"ImageObject","inLanguage":"tr","@id":"https:\/\/www.dillerbottle.com\/products\/thermos-for-hot-drinks#primaryimage","url":"https:\/\/www.dillerbottle.com\/wp-content\/uploads\/2024\/09\/thermos-for-hot-drinks42043695845.jpg","contentUrl":"https:\/\/www.dillerbottle.com\/wp-content\/uploads\/2024\/09\/thermos-for-hot-drinks42043695845.jpg","width":730,"height":730},{"@type":"BreadcrumbList","@id":"https:\/\/www.dillerbottle.com\/products\/thermos-for-hot-drinks#breadcrumb","itemListElement":[{"@type":"ListItem","position":1,"name":"Home","item":"https:\/\/www.dillerbottle.com\/"},{"@type":"ListItem","position":2,"name":"Products","item":"https:\/\/www.dillerbottle.com\/shop"},{"@type":"ListItem","position":3,"name":"Thermos For Hot Drinks"}]},{"@type":"WebSite","@id":"https:\/\/www.dillerbottle.com\/#website","url":"https:\/\/www.dillerbottle.com\/","name":"Diller Su \u015ei\u015fesi \u00dcreticisi","description":"Su \u015ei\u015fesi \u00dcreticisi","publisher":{"@id":"https:\/\/www.dillerbottle.com\/#organization"},"potentialAction":[{"@type":"SearchAction","target":{"@type":"EntryPoint","urlTemplate":"https:\/\/www.dillerbottle.com\/?s={search_term_string}"},"query-input":{"@type":"PropertyValueSpecification","valueRequired":true,"valueName":"search_term_string"}}],"inLanguage":"tr"},{"@type":"Organization","@id":"https:\/\/www.dillerbottle.com\/#organization","name":"Diller Su \u015ei\u015fesi \u00dcreticisi","url":"https:\/\/www.dillerbottle.com\/","logo":{"@type":"ImageObject","inLanguage":"tr","@id":"https:\/\/www.dillerbottle.com\/#\/schema\/logo\/image\/","url":"https:\/\/www.dillerbottle.com\/wp-content\/uploads\/2024\/09\/49918bfa848dcc1e9f8b509933603ac.png","contentUrl":"https:\/\/www.dillerbottle.com\/wp-content\/uploads\/2024\/09\/49918bfa848dcc1e9f8b509933603ac.png","width":988,"height":198,"caption":"Diller Water Bottle Manufacturer"},"image":{"@id":"https:\/\/www.dillerbottle.com\/#\/schema\/logo\/image\/"}}]}},"_links":{"self":[{"href":"https:\/\/www.dillerbottle.com\/tr\/wp-json\/wp\/v2\/product\/10945","targetHints":{"allow":["GET"]}}],"collection":[{"href":"https:\/\/www.dillerbottle.com\/tr\/wp-json\/wp\/v2\/product"}],"about":[{"href":"https:\/\/www.dillerbottle.com\/tr\/wp-json\/wp\/v2\/types\/product"}],"replies":[{"embeddable":true,"href":"https:\/\/www.dillerbottle.com\/tr\/wp-json\/wp\/v2\/comments?post=10945"}],"wp:featuredmedia":[{"embeddable":true,"href":"https:\/\/www.dillerbottle.com\/tr\/wp-json\/wp\/v2\/media\/10946"}],"wp:attachment":[{"href":"https:\/\/www.dillerbottle.com\/tr\/wp-json\/wp\/v2\/media?parent=10945"}],"wp:term":[{"taxonomy":"product_brand","embeddable":true,"href":"https:\/\/www.dillerbottle.com\/tr\/wp-json\/wp\/v2\/product_brand?post=10945"},{"taxonomy":"product_cat","embeddable":true,"href":"https:\/\/www.dillerbottle.com\/tr\/wp-json\/wp\/v2\/product_cat?post=10945"},{"taxonomy":"product_tag","embeddable":true,"href":"https:\/\/www.dillerbottle.com\/tr\/wp-json\/wp\/v2\/product_tag?post=10945"}],"curies":[{"name":"wp","href":"https:\/\/api.w.org\/{rel}","templated":true}]}}