{"id":11161,"date":"2024-09-29T14:53:41","date_gmt":"2024-09-29T06:53:41","guid":{"rendered":"https:\/\/demo.dillerbottle.com\/products\/insulated-cold-water-bottle"},"modified":"2025-07-09T14:18:36","modified_gmt":"2025-07-09T06:18:36","slug":"yalitimli-soguk-su-sisesi","status":"publish","type":"product","link":"https:\/\/www.dillerbottle.com\/tr\/products\/insulated-cold-water-bottle","title":{"rendered":"Yal\u0131t\u0131ml\u0131 So\u011fuk Su \u015ei\u015fesi"},"content":{"rendered":"<p>Yal\u0131t\u0131ml\u0131 so\u011fuk su \u015fi\u015fesinin \u00f6zellikleri: 1.;;\u00c7ift duvarl\u0131 yal\u0131t\u0131m. Yal\u0131t\u0131ml\u0131 so\u011fuk su \u015fi\u015fesi i\u00e7ecekleri 24 saate kadar so\u011fuk tutar, temizlik i\u00e7in geni\u015f a\u011f\u0131z.<br \/>\n2.; Bu yal\u0131t\u0131ml\u0131 so\u011fuk su \u015fi\u015fesi, birinci s\u0131n\u0131f t\u0131bbi s\u0131n\u0131f; dayan\u0131kl\u0131 316 paslanmaz \u00e7elikten yap\u0131lm\u0131\u015ft\u0131r, i\u00e7 astar\u0131 ayna y\u00fczeyi ile i\u015flenmi\u015ftir, bu nedenle daha p\u00fcr\u00fczs\u00fcz g\u00f6r\u00fcn\u00fcr, kal\u0131nt\u0131 kir yoktur ve temizlenmesi daha kolayd\u0131r.<br \/>\n3.;300ml \/ 450ml, k\u00fc\u00e7\u00fck boyutlu, hafif, d\u00fcz \u015fi\u015fe g\u00f6vdesi ve sade rengiyle, okul \u00f6\u011frencileri ve gen\u00e7ler i\u00e7in \u00e7ok uygundur.<br \/>\n4.;Bu termos barda\u011f\u0131n kapa\u011f\u0131, m\u00fckemmel s\u0131zd\u0131rmazl\u0131k performans\u0131, s\u0131zd\u0131rmazl\u0131\u011f\u0131, \u0131s\u0131 kayb\u0131n\u0131 \u00f6nlemesi ve su s\u0131cakl\u0131\u011f\u0131n\u0131 daha uzun s\u00fcre korumas\u0131 ile y\u00fcksek kaliteli g\u0131da s\u0131n\u0131f\u0131 s\u0131zd\u0131rmazl\u0131k silikon kau\u00e7uk halkadan yap\u0131lm\u0131\u015ft\u0131r.5.;Kapa\u011f\u0131n yan taraf\u0131nda \u00e7ok k\u00fc\u00e7\u00fck ve sevimli olan ve ta\u015f\u0131nmas\u0131 kolay gizlenebilir bir silikon ip tasar\u0131m\u0131 vard\u0131r.<br \/>\n;<\/p>","protected":false},"excerpt":{"rendered":"<p>Yal\u0131t\u0131ml\u0131 so\u011fuk su \u015fi\u015fesinin \u00f6zellikleri: 1.<br \/>\n\u00c7ift duvarl\u0131 izolasyon.<br \/>\nYal\u0131t\u0131ml\u0131 so\u011fuk su \u015fi\u015fesi, i\u00e7ecekleri 24 saate kadar so\u011fuk tutar, temizlik i\u00e7in geni\u015f a\u011f\u0131zl\u0131d\u0131r.<br \/>\n2.<br \/>\nBu yal\u0131t\u0131ml\u0131 so\u011fuk su \u015fi\u015fesi, birinci s\u0131n\u0131f t\u0131bbi s\u0131n\u0131f dayan\u0131kl\u0131 316 paslanmaz \u00e7elikten yap\u0131lm\u0131\u015ft\u0131r, i\u00e7 astar\u0131\u2026<\/p>","protected":false},"featured_media":11162,"comment_status":"open","ping_status":"closed","template":"","meta":{"_acf_changed":false},"product_brand":[],"product_cat":[18],"product_tag":[32,540,36,33,31,39,38,508,939,29,37,881,34,35,526,747,28,552,30],"class_list":{"0":"post-11161","1":"product","2":"type-product","3":"status-publish","4":"has-post-thumbnail","6":"product_cat-insulated-water-bottle","7":"product_tag-best","8":"product_tag-black-water-bottle","9":"product_tag-bulk","10":"product_tag-buy","11":"product_tag-custom","12":"product_tag-for-sale","13":"product_tag-good-quality","14":"product_tag-infuser-water-bottle","15":"product_tag-insulated-cold-water-bottle","16":"product_tag-manufacturers","17":"product_tag-manufacturing","18":"product_tag-new-water-bottle","19":"product_tag-price","20":"product_tag-small","21":"product_tag-stainless-steel-water-bottle-with-handle","22":"product_tag-steel-water-drinking-bottle-with-handgrip","23":"product_tag-suppliers","24":"product_tag-water-bottle-insulated-sports-bottles-with-handle","25":"product_tag-wholesale","27":"first","28":"instock","29":"shipping-taxable","30":"product-type-simple"},"acf":[],"yoast_head":"<!-- This site is optimized with the Yoast SEO Premium plugin v27.5 (Yoast SEO v27.5) - https:\/\/yoast.com\/product\/yoast-seo-premium-wordpress\/ -->\n<title>Insulated Cold Water Bottle - Diller Water Bottle Manufacturer<\/title>\n<meta name=\"description\" content=\"As one of the best insulated cold water bottle manufacturers and suppliers, we are engaged in manufacturing good quality water bottles. We warmly welcome you to wholesale or buy custom made insulated cold water bottle at competitive price from us. Also, small quantity orders are acceptable.\" \/>\n<meta name=\"robots\" content=\"index, follow, max-snippet:-1, max-image-preview:large, max-video-preview:-1\" \/>\n<link rel=\"canonical\" href=\"https:\/\/www.dillerbottle.com\/tr\/urunler\/yalitimli-soguk-su-sisesi\" \/>\n<meta property=\"og:locale\" content=\"tr_TR\" \/>\n<meta property=\"og:type\" content=\"article\" \/>\n<meta property=\"og:title\" content=\"Insulated Cold Water Bottle\" \/>\n<meta property=\"og:description\" content=\"As one of the best insulated cold water bottle manufacturers and suppliers, we are engaged in manufacturing good quality water bottles. We warmly welcome you to wholesale or buy custom made insulated cold water bottle at competitive price from us. Also, small quantity orders are acceptable.\" \/>\n<meta property=\"og:url\" content=\"https:\/\/www.dillerbottle.com\/tr\/urunler\/yalitimli-soguk-su-sisesi\" \/>\n<meta property=\"og:site_name\" content=\"Diller Water Bottle Manufacturer\" \/>\n<meta property=\"article:modified_time\" content=\"2025-07-09T06:18:36+00:00\" \/>\n<meta property=\"og:image\" content=\"https:\/\/www.dillerbottle.com\/wp-content\/uploads\/2024\/09\/insulated-cold-water-bottle47552547606.jpg\" \/>\n\t<meta property=\"og:image:width\" content=\"730\" \/>\n\t<meta property=\"og:image:height\" content=\"730\" \/>\n\t<meta property=\"og:image:type\" content=\"image\/jpeg\" \/>\n<meta name=\"twitter:card\" content=\"summary_large_image\" \/>\n<meta name=\"twitter:label1\" content=\"Tahmini okuma s\u00fcresi\" \/>\n\t<meta name=\"twitter:data1\" content=\"2 dakika\" \/>\n<script type=\"application\/ld+json\" class=\"yoast-schema-graph\">{\"@context\":\"https:\\\/\\\/schema.org\",\"@graph\":[{\"@type\":\"WebPage\",\"@id\":\"https:\\\/\\\/www.dillerbottle.com\\\/ja\\\/%e8%a3%bd%e5%93%81\\\/%e6%96%ad%e7%86%b1%e5%86%b7%e6%b0%b4%e3%83%9c%e3%83%88%e3%83%ab\",\"url\":\"https:\\\/\\\/www.dillerbottle.com\\\/ja\\\/%e8%a3%bd%e5%93%81\\\/%e6%96%ad%e7%86%b1%e5%86%b7%e6%b0%b4%e3%83%9c%e3%83%88%e3%83%ab\",\"name\":\"Insulated Cold Water Bottle - Diller Water Bottle Manufacturer\",\"isPartOf\":{\"@id\":\"https:\\\/\\\/www.dillerbottle.com\\\/#website\"},\"primaryImageOfPage\":{\"@id\":\"https:\\\/\\\/www.dillerbottle.com\\\/ja\\\/%e8%a3%bd%e5%93%81\\\/%e6%96%ad%e7%86%b1%e5%86%b7%e6%b0%b4%e3%83%9c%e3%83%88%e3%83%ab#primaryimage\"},\"image\":{\"@id\":\"https:\\\/\\\/www.dillerbottle.com\\\/ja\\\/%e8%a3%bd%e5%93%81\\\/%e6%96%ad%e7%86%b1%e5%86%b7%e6%b0%b4%e3%83%9c%e3%83%88%e3%83%ab#primaryimage\"},\"thumbnailUrl\":\"https:\\\/\\\/www.dillerbottle.com\\\/wp-content\\\/uploads\\\/2024\\\/09\\\/insulated-cold-water-bottle47552547606.jpg\",\"datePublished\":\"2024-09-29T06:53:41+00:00\",\"dateModified\":\"2025-07-09T06:18:36+00:00\",\"description\":\"As one of the best insulated cold water bottle manufacturers and suppliers, we are engaged in manufacturing good quality water bottles. We warmly welcome you to wholesale or buy custom made insulated cold water bottle at competitive price from us. Also, small quantity orders are acceptable.\",\"breadcrumb\":{\"@id\":\"https:\\\/\\\/www.dillerbottle.com\\\/ja\\\/%e8%a3%bd%e5%93%81\\\/%e6%96%ad%e7%86%b1%e5%86%b7%e6%b0%b4%e3%83%9c%e3%83%88%e3%83%ab#breadcrumb\"},\"inLanguage\":\"tr\",\"potentialAction\":[{\"@type\":\"ReadAction\",\"target\":[\"https:\\\/\\\/www.dillerbottle.com\\\/ja\\\/%e8%a3%bd%e5%93%81\\\/%e6%96%ad%e7%86%b1%e5%86%b7%e6%b0%b4%e3%83%9c%e3%83%88%e3%83%ab\"]}]},{\"@type\":\"ImageObject\",\"inLanguage\":\"tr\",\"@id\":\"https:\\\/\\\/www.dillerbottle.com\\\/ja\\\/%e8%a3%bd%e5%93%81\\\/%e6%96%ad%e7%86%b1%e5%86%b7%e6%b0%b4%e3%83%9c%e3%83%88%e3%83%ab#primaryimage\",\"url\":\"https:\\\/\\\/www.dillerbottle.com\\\/wp-content\\\/uploads\\\/2024\\\/09\\\/insulated-cold-water-bottle47552547606.jpg\",\"contentUrl\":\"https:\\\/\\\/www.dillerbottle.com\\\/wp-content\\\/uploads\\\/2024\\\/09\\\/insulated-cold-water-bottle47552547606.jpg\",\"width\":730,\"height\":730},{\"@type\":\"BreadcrumbList\",\"@id\":\"https:\\\/\\\/www.dillerbottle.com\\\/ja\\\/%e8%a3%bd%e5%93%81\\\/%e6%96%ad%e7%86%b1%e5%86%b7%e6%b0%b4%e3%83%9c%e3%83%88%e3%83%ab#breadcrumb\",\"itemListElement\":[{\"@type\":\"ListItem\",\"position\":1,\"name\":\"Home\",\"item\":\"https:\\\/\\\/www.dillerbottle.com\\\/\"},{\"@type\":\"ListItem\",\"position\":2,\"name\":\"Products\",\"item\":\"https:\\\/\\\/www.dillerbottle.com\\\/shop\"},{\"@type\":\"ListItem\",\"position\":3,\"name\":\"Insulated Cold Water Bottle\"}]},{\"@type\":\"WebSite\",\"@id\":\"https:\\\/\\\/www.dillerbottle.com\\\/#website\",\"url\":\"https:\\\/\\\/www.dillerbottle.com\\\/\",\"name\":\"Diller Water Bottle Manufacturer\",\"description\":\"Water Bottle Manufacturer\",\"publisher\":{\"@id\":\"https:\\\/\\\/www.dillerbottle.com\\\/#organization\"},\"potentialAction\":[{\"@type\":\"SearchAction\",\"target\":{\"@type\":\"EntryPoint\",\"urlTemplate\":\"https:\\\/\\\/www.dillerbottle.com\\\/?s={search_term_string}\"},\"query-input\":{\"@type\":\"PropertyValueSpecification\",\"valueRequired\":true,\"valueName\":\"search_term_string\"}}],\"inLanguage\":\"tr\"},{\"@type\":\"Organization\",\"@id\":\"https:\\\/\\\/www.dillerbottle.com\\\/#organization\",\"name\":\"Diller Water Bottle Manufacturer\",\"url\":\"https:\\\/\\\/www.dillerbottle.com\\\/\",\"logo\":{\"@type\":\"ImageObject\",\"inLanguage\":\"tr\",\"@id\":\"https:\\\/\\\/www.dillerbottle.com\\\/#\\\/schema\\\/logo\\\/image\\\/\",\"url\":\"https:\\\/\\\/www.dillerbottle.com\\\/wp-content\\\/uploads\\\/2024\\\/09\\\/49918bfa848dcc1e9f8b509933603ac.png\",\"contentUrl\":\"https:\\\/\\\/www.dillerbottle.com\\\/wp-content\\\/uploads\\\/2024\\\/09\\\/49918bfa848dcc1e9f8b509933603ac.png\",\"width\":988,\"height\":198,\"caption\":\"Diller Water Bottle Manufacturer\"},\"image\":{\"@id\":\"https:\\\/\\\/www.dillerbottle.com\\\/#\\\/schema\\\/logo\\\/image\\\/\"}}]}<\/script>\n<!-- \/ Yoast SEO Premium plugin. -->","yoast_head_json":{"title":"Yal\u0131t\u0131ml\u0131 So\u011fuk Su \u015ei\u015fesi - Diller Su \u015ei\u015fesi \u00dcreticisi","description":"En iyi yal\u0131t\u0131ml\u0131 so\u011fuk su \u015fi\u015fesi \u00fcreticilerinden ve tedarik\u00e7ilerinden biri olarak, kaliteli su \u015fi\u015feleri \u00fcretiyoruz. Toptan sat\u0131\u015f yapman\u0131z\u0131 veya bizden rekabet\u00e7i fiyatlarla \u00f6zel yap\u0131m yal\u0131t\u0131ml\u0131 so\u011fuk su \u015fi\u015fesi sat\u0131n alman\u0131z\u0131 i\u00e7tenlikle bekliyoruz. Ayr\u0131ca, k\u00fc\u00e7\u00fck miktardaki sipari\u015fler de kabul edilebilir.","robots":{"index":"index","follow":"follow","max-snippet":"max-snippet:-1","max-image-preview":"max-image-preview:large","max-video-preview":"max-video-preview:-1"},"canonical":"https:\/\/www.dillerbottle.com\/tr\/urunler\/yalitimli-soguk-su-sisesi","og_locale":"tr_TR","og_type":"article","og_title":"Insulated Cold Water Bottle","og_description":"As one of the best insulated cold water bottle manufacturers and suppliers, we are engaged in manufacturing good quality water bottles. We warmly welcome you to wholesale or buy custom made insulated cold water bottle at competitive price from us. Also, small quantity orders are acceptable.","og_url":"https:\/\/www.dillerbottle.com\/tr\/urunler\/yalitimli-soguk-su-sisesi","og_site_name":"Diller Water Bottle Manufacturer","article_modified_time":"2025-07-09T06:18:36+00:00","og_image":[{"width":730,"height":730,"url":"https:\/\/www.dillerbottle.com\/wp-content\/uploads\/2024\/09\/insulated-cold-water-bottle47552547606.jpg","type":"image\/jpeg"}],"twitter_card":"summary_large_image","twitter_misc":{"Tahmini okuma s\u00fcresi":"2 dakika"},"schema":{"@context":"https:\/\/schema.org","@graph":[{"@type":"WebPage","@id":"https:\/\/www.dillerbottle.com\/ja\/%e8%a3%bd%e5%93%81\/%e6%96%ad%e7%86%b1%e5%86%b7%e6%b0%b4%e3%83%9c%e3%83%88%e3%83%ab","url":"https:\/\/www.dillerbottle.com\/ja\/%e8%a3%bd%e5%93%81\/%e6%96%ad%e7%86%b1%e5%86%b7%e6%b0%b4%e3%83%9c%e3%83%88%e3%83%ab","name":"Yal\u0131t\u0131ml\u0131 So\u011fuk Su \u015ei\u015fesi - Diller Su \u015ei\u015fesi \u00dcreticisi","isPartOf":{"@id":"https:\/\/www.dillerbottle.com\/#website"},"primaryImageOfPage":{"@id":"https:\/\/www.dillerbottle.com\/ja\/%e8%a3%bd%e5%93%81\/%e6%96%ad%e7%86%b1%e5%86%b7%e6%b0%b4%e3%83%9c%e3%83%88%e3%83%ab#primaryimage"},"image":{"@id":"https:\/\/www.dillerbottle.com\/ja\/%e8%a3%bd%e5%93%81\/%e6%96%ad%e7%86%b1%e5%86%b7%e6%b0%b4%e3%83%9c%e3%83%88%e3%83%ab#primaryimage"},"thumbnailUrl":"https:\/\/www.dillerbottle.com\/wp-content\/uploads\/2024\/09\/insulated-cold-water-bottle47552547606.jpg","datePublished":"2024-09-29T06:53:41+00:00","dateModified":"2025-07-09T06:18:36+00:00","description":"En iyi yal\u0131t\u0131ml\u0131 so\u011fuk su \u015fi\u015fesi \u00fcreticilerinden ve tedarik\u00e7ilerinden biri olarak, kaliteli su \u015fi\u015feleri \u00fcretiyoruz. Toptan sat\u0131\u015f yapman\u0131z\u0131 veya bizden rekabet\u00e7i fiyatlarla \u00f6zel yap\u0131m yal\u0131t\u0131ml\u0131 so\u011fuk su \u015fi\u015fesi sat\u0131n alman\u0131z\u0131 i\u00e7tenlikle bekliyoruz. Ayr\u0131ca, k\u00fc\u00e7\u00fck miktardaki sipari\u015fler de kabul edilebilir.","breadcrumb":{"@id":"https:\/\/www.dillerbottle.com\/ja\/%e8%a3%bd%e5%93%81\/%e6%96%ad%e7%86%b1%e5%86%b7%e6%b0%b4%e3%83%9c%e3%83%88%e3%83%ab#breadcrumb"},"inLanguage":"tr","potentialAction":[{"@type":"ReadAction","target":["https:\/\/www.dillerbottle.com\/ja\/%e8%a3%bd%e5%93%81\/%e6%96%ad%e7%86%b1%e5%86%b7%e6%b0%b4%e3%83%9c%e3%83%88%e3%83%ab"]}]},{"@type":"ImageObject","inLanguage":"tr","@id":"https:\/\/www.dillerbottle.com\/ja\/%e8%a3%bd%e5%93%81\/%e6%96%ad%e7%86%b1%e5%86%b7%e6%b0%b4%e3%83%9c%e3%83%88%e3%83%ab#primaryimage","url":"https:\/\/www.dillerbottle.com\/wp-content\/uploads\/2024\/09\/insulated-cold-water-bottle47552547606.jpg","contentUrl":"https:\/\/www.dillerbottle.com\/wp-content\/uploads\/2024\/09\/insulated-cold-water-bottle47552547606.jpg","width":730,"height":730},{"@type":"BreadcrumbList","@id":"https:\/\/www.dillerbottle.com\/ja\/%e8%a3%bd%e5%93%81\/%e6%96%ad%e7%86%b1%e5%86%b7%e6%b0%b4%e3%83%9c%e3%83%88%e3%83%ab#breadcrumb","itemListElement":[{"@type":"ListItem","position":1,"name":"Home","item":"https:\/\/www.dillerbottle.com\/"},{"@type":"ListItem","position":2,"name":"Products","item":"https:\/\/www.dillerbottle.com\/shop"},{"@type":"ListItem","position":3,"name":"Insulated Cold Water Bottle"}]},{"@type":"WebSite","@id":"https:\/\/www.dillerbottle.com\/#website","url":"https:\/\/www.dillerbottle.com\/","name":"Diller Su \u015ei\u015fesi \u00dcreticisi","description":"Su \u015ei\u015fesi \u00dcreticisi","publisher":{"@id":"https:\/\/www.dillerbottle.com\/#organization"},"potentialAction":[{"@type":"SearchAction","target":{"@type":"EntryPoint","urlTemplate":"https:\/\/www.dillerbottle.com\/?s={search_term_string}"},"query-input":{"@type":"PropertyValueSpecification","valueRequired":true,"valueName":"search_term_string"}}],"inLanguage":"tr"},{"@type":"Organization","@id":"https:\/\/www.dillerbottle.com\/#organization","name":"Diller Su \u015ei\u015fesi \u00dcreticisi","url":"https:\/\/www.dillerbottle.com\/","logo":{"@type":"ImageObject","inLanguage":"tr","@id":"https:\/\/www.dillerbottle.com\/#\/schema\/logo\/image\/","url":"https:\/\/www.dillerbottle.com\/wp-content\/uploads\/2024\/09\/49918bfa848dcc1e9f8b509933603ac.png","contentUrl":"https:\/\/www.dillerbottle.com\/wp-content\/uploads\/2024\/09\/49918bfa848dcc1e9f8b509933603ac.png","width":988,"height":198,"caption":"Diller Water Bottle Manufacturer"},"image":{"@id":"https:\/\/www.dillerbottle.com\/#\/schema\/logo\/image\/"}}]}},"_links":{"self":[{"href":"https:\/\/www.dillerbottle.com\/tr\/wp-json\/wp\/v2\/product\/11161","targetHints":{"allow":["GET"]}}],"collection":[{"href":"https:\/\/www.dillerbottle.com\/tr\/wp-json\/wp\/v2\/product"}],"about":[{"href":"https:\/\/www.dillerbottle.com\/tr\/wp-json\/wp\/v2\/types\/product"}],"replies":[{"embeddable":true,"href":"https:\/\/www.dillerbottle.com\/tr\/wp-json\/wp\/v2\/comments?post=11161"}],"wp:featuredmedia":[{"embeddable":true,"href":"https:\/\/www.dillerbottle.com\/tr\/wp-json\/wp\/v2\/media\/11162"}],"wp:attachment":[{"href":"https:\/\/www.dillerbottle.com\/tr\/wp-json\/wp\/v2\/media?parent=11161"}],"wp:term":[{"taxonomy":"product_brand","embeddable":true,"href":"https:\/\/www.dillerbottle.com\/tr\/wp-json\/wp\/v2\/product_brand?post=11161"},{"taxonomy":"product_cat","embeddable":true,"href":"https:\/\/www.dillerbottle.com\/tr\/wp-json\/wp\/v2\/product_cat?post=11161"},{"taxonomy":"product_tag","embeddable":true,"href":"https:\/\/www.dillerbottle.com\/tr\/wp-json\/wp\/v2\/product_tag?post=11161"}],"curies":[{"name":"wp","href":"https:\/\/api.w.org\/{rel}","templated":true}]}}