{"id":11276,"date":"2024-09-29T14:55:07","date_gmt":"2024-09-29T06:55:07","guid":{"rendered":"https:\/\/demo.dillerbottle.com\/products\/thermo-flask-1000ml"},"modified":"2025-07-09T14:09:43","modified_gmt":"2025-07-09T06:09:43","slug":"termos-1000ml","status":"publish","type":"product","link":"https:\/\/www.dillerbottle.com\/tr\/products\/thermo-flask-1000ml","title":{"rendered":"Termos 1000ml"},"content":{"rendered":"<p>Dayan\u0131kl\u0131, \u00e7ift duvarl\u0131, vakum yal\u0131t\u0131ml\u0131 316 paslanmaz \u00e7elik \u015fi\u015fe, i\u00e7ecekleri 24 saate kadar so\u011fuk veya 12 saate kadar s\u0131cak tutar. D\u00fc\u011fmeyle \u00e7al\u0131\u015fan AUTOSEAL, s\u00fcrg\u00fcl\u00fc kilit, hareket halindeyken d\u00fc\u011fmeye yanl\u0131\u015fl\u0131kla bas\u0131lmas\u0131n\u0131 \u00f6nler. Koruyucu a\u011f\u0131zl\u0131k kapa\u011f\u0131, kir ve mikroplar\u0131 a\u011f\u0131zl\u0131\u011f\u0131n\u0131zdan uzak tutar. Ayarlanabilir kay\u0131\u015fl\u0131 yumu\u015fak bir bardak tutucu ile donat\u0131lm\u0131\u015ft\u0131r. G\u00fcnl\u00fck a\u00e7\u0131k hava i\u00e7me suyu ihtiyac\u0131n\u0131 kar\u015f\u0131lamak i\u00e7in geni\u015f kapasite.<\/p>","protected":false},"excerpt":{"rendered":"<p>\u00d6zellikler: 1.Dayan\u0131kl\u0131, \u00e7ift duvarl\u0131, vakumla yal\u0131t\u0131lm\u0131\u015f 316 paslanmaz \u00e7elik \u015fi\u015fe i\u00e7ecekleri 24 saate kadar so\u011fuk veya 12 saate kadar s\u0131cak tutar.<br \/>\n2.D\u00fc\u011fmeyle \u00e7al\u0131\u015fan AUTOSEAL, hareket halindeyken d\u00fc\u011fmeye yanl\u0131\u015fl\u0131kla bas\u0131lmas\u0131n\u0131 \u00f6nleyen s\u00fcrg\u00fcl\u00fc kilit.<br \/>\n3.Koruyucu a\u011f\u0131zl\u0131k kapa\u011f\u0131, a\u011f\u0131zl\u0131\u011f\u0131n\u0131z\u0131n kir ve mikroplardan korunmas\u0131n\u0131 sa\u011flar.<br \/>\n4.Ayarlanabilir kay\u0131\u015fl\u0131 yumu\u015fak bardak tutucu ile donat\u0131lm\u0131\u015ft\u0131r.<br \/>\n5. G\u00fcnl\u00fck d\u0131\u015f mekan i\u00e7me suyu ihtiyac\u0131n\u0131 kar\u015f\u0131layacak kadar b\u00fcy\u00fck kapasite.<\/p>","protected":false},"featured_media":11277,"comment_status":"open","ping_status":"closed","template":"","meta":{"_acf_changed":false},"product_brand":[],"product_cat":[18],"product_tag":[32,36,33,31,39,693,38,689,29,37,709,34,35,543,28,951,797,741,30],"class_list":{"0":"post-11276","1":"product","2":"type-product","3":"status-publish","4":"has-post-thumbnail","6":"product_cat-insulated-water-bottle","7":"product_tag-best","8":"product_tag-bulk","9":"product_tag-buy","10":"product_tag-custom","11":"product_tag-for-sale","12":"product_tag-frosted-water-bottle-bpa-free","13":"product_tag-good-quality","14":"product_tag-infuser-water-bottle-direct-drinking","15":"product_tag-manufacturers","16":"product_tag-manufacturing","17":"product_tag-metal-water-bottle","18":"product_tag-price","19":"product_tag-small","20":"product_tag-smart-vacuum-insulated-water-bottle","21":"product_tag-suppliers","22":"product_tag-thermo-flask-1000ml","23":"product_tag-water-bottle-patent","24":"product_tag-water-bottles-wholesale","25":"product_tag-wholesale","27":"first","28":"instock","29":"shipping-taxable","30":"product-type-simple"},"acf":[],"yoast_head":"<!-- This site is optimized with the Yoast SEO Premium plugin v27.5 (Yoast SEO v27.5) - https:\/\/yoast.com\/product\/yoast-seo-premium-wordpress\/ -->\n<title>Thermo Flask 1000ml - Diller Water Bottle Manufacturer<\/title>\n<meta name=\"description\" content=\"As one of the best thermo flask 1000ml manufacturers and suppliers, we are engaged in manufacturing good quality water bottles. We warmly welcome you to wholesale or buy custom made thermo flask 1000ml at competitive price from us. Also, small quantity orders are acceptable.\" \/>\n<meta name=\"robots\" content=\"index, follow, max-snippet:-1, max-image-preview:large, max-video-preview:-1\" \/>\n<link rel=\"canonical\" href=\"https:\/\/www.dillerbottle.com\/tr\/urunler\/termos-1000ml\" \/>\n<meta property=\"og:locale\" content=\"tr_TR\" \/>\n<meta property=\"og:type\" content=\"article\" \/>\n<meta property=\"og:title\" content=\"Thermo Flask 1000ml\" \/>\n<meta property=\"og:description\" content=\"As one of the best thermo flask 1000ml manufacturers and suppliers, we are engaged in manufacturing good quality water bottles. We warmly welcome you to wholesale or buy custom made thermo flask 1000ml at competitive price from us. Also, small quantity orders are acceptable.\" \/>\n<meta property=\"og:url\" content=\"https:\/\/www.dillerbottle.com\/tr\/urunler\/termos-1000ml\" \/>\n<meta property=\"og:site_name\" content=\"Diller Water Bottle Manufacturer\" \/>\n<meta property=\"article:modified_time\" content=\"2025-07-09T06:09:43+00:00\" \/>\n<meta property=\"og:image\" content=\"https:\/\/www.dillerbottle.com\/wp-content\/uploads\/2024\/09\/thermo-flask-1000ml16168430151.jpg\" \/>\n\t<meta property=\"og:image:width\" content=\"700\" \/>\n\t<meta property=\"og:image:height\" content=\"700\" \/>\n\t<meta property=\"og:image:type\" content=\"image\/jpeg\" \/>\n<meta name=\"twitter:card\" content=\"summary_large_image\" \/>\n<meta name=\"twitter:label1\" content=\"Tahmini okuma s\u00fcresi\" \/>\n\t<meta name=\"twitter:data1\" content=\"2 dakika\" \/>\n<script type=\"application\/ld+json\" class=\"yoast-schema-graph\">{\"@context\":\"https:\\\/\\\/schema.org\",\"@graph\":[{\"@type\":\"WebPage\",\"@id\":\"https:\\\/\\\/www.dillerbottle.com\\\/products\\\/thermo-flask-1000ml\",\"url\":\"https:\\\/\\\/www.dillerbottle.com\\\/products\\\/thermo-flask-1000ml\",\"name\":\"Thermo Flask 1000ml - Diller Water Bottle Manufacturer\",\"isPartOf\":{\"@id\":\"https:\\\/\\\/www.dillerbottle.com\\\/#website\"},\"primaryImageOfPage\":{\"@id\":\"https:\\\/\\\/www.dillerbottle.com\\\/products\\\/thermo-flask-1000ml#primaryimage\"},\"image\":{\"@id\":\"https:\\\/\\\/www.dillerbottle.com\\\/products\\\/thermo-flask-1000ml#primaryimage\"},\"thumbnailUrl\":\"https:\\\/\\\/www.dillerbottle.com\\\/wp-content\\\/uploads\\\/2024\\\/09\\\/thermo-flask-1000ml16168430151.jpg\",\"datePublished\":\"2024-09-29T06:55:07+00:00\",\"dateModified\":\"2025-07-09T06:09:43+00:00\",\"description\":\"As one of the best thermo flask 1000ml manufacturers and suppliers, we are engaged in manufacturing good quality water bottles. We warmly welcome you to wholesale or buy custom made thermo flask 1000ml at competitive price from us. Also, small quantity orders are acceptable.\",\"breadcrumb\":{\"@id\":\"https:\\\/\\\/www.dillerbottle.com\\\/products\\\/thermo-flask-1000ml#breadcrumb\"},\"inLanguage\":\"tr\",\"potentialAction\":[{\"@type\":\"ReadAction\",\"target\":[\"https:\\\/\\\/www.dillerbottle.com\\\/products\\\/thermo-flask-1000ml\"]}]},{\"@type\":\"ImageObject\",\"inLanguage\":\"tr\",\"@id\":\"https:\\\/\\\/www.dillerbottle.com\\\/products\\\/thermo-flask-1000ml#primaryimage\",\"url\":\"https:\\\/\\\/www.dillerbottle.com\\\/wp-content\\\/uploads\\\/2024\\\/09\\\/thermo-flask-1000ml16168430151.jpg\",\"contentUrl\":\"https:\\\/\\\/www.dillerbottle.com\\\/wp-content\\\/uploads\\\/2024\\\/09\\\/thermo-flask-1000ml16168430151.jpg\",\"width\":700,\"height\":700},{\"@type\":\"BreadcrumbList\",\"@id\":\"https:\\\/\\\/www.dillerbottle.com\\\/products\\\/thermo-flask-1000ml#breadcrumb\",\"itemListElement\":[{\"@type\":\"ListItem\",\"position\":1,\"name\":\"Home\",\"item\":\"https:\\\/\\\/www.dillerbottle.com\\\/\"},{\"@type\":\"ListItem\",\"position\":2,\"name\":\"Products\",\"item\":\"https:\\\/\\\/www.dillerbottle.com\\\/shop\"},{\"@type\":\"ListItem\",\"position\":3,\"name\":\"Thermo Flask 1000ml\"}]},{\"@type\":\"WebSite\",\"@id\":\"https:\\\/\\\/www.dillerbottle.com\\\/#website\",\"url\":\"https:\\\/\\\/www.dillerbottle.com\\\/\",\"name\":\"Diller Water Bottle Manufacturer\",\"description\":\"Water Bottle Manufacturer\",\"publisher\":{\"@id\":\"https:\\\/\\\/www.dillerbottle.com\\\/#organization\"},\"potentialAction\":[{\"@type\":\"SearchAction\",\"target\":{\"@type\":\"EntryPoint\",\"urlTemplate\":\"https:\\\/\\\/www.dillerbottle.com\\\/?s={search_term_string}\"},\"query-input\":{\"@type\":\"PropertyValueSpecification\",\"valueRequired\":true,\"valueName\":\"search_term_string\"}}],\"inLanguage\":\"tr\"},{\"@type\":\"Organization\",\"@id\":\"https:\\\/\\\/www.dillerbottle.com\\\/#organization\",\"name\":\"Diller Water Bottle Manufacturer\",\"url\":\"https:\\\/\\\/www.dillerbottle.com\\\/\",\"logo\":{\"@type\":\"ImageObject\",\"inLanguage\":\"tr\",\"@id\":\"https:\\\/\\\/www.dillerbottle.com\\\/#\\\/schema\\\/logo\\\/image\\\/\",\"url\":\"https:\\\/\\\/www.dillerbottle.com\\\/wp-content\\\/uploads\\\/2024\\\/09\\\/49918bfa848dcc1e9f8b509933603ac.png\",\"contentUrl\":\"https:\\\/\\\/www.dillerbottle.com\\\/wp-content\\\/uploads\\\/2024\\\/09\\\/49918bfa848dcc1e9f8b509933603ac.png\",\"width\":988,\"height\":198,\"caption\":\"Diller Water Bottle Manufacturer\"},\"image\":{\"@id\":\"https:\\\/\\\/www.dillerbottle.com\\\/#\\\/schema\\\/logo\\\/image\\\/\"}}]}<\/script>\n<!-- \/ Yoast SEO Premium plugin. -->","yoast_head_json":{"title":"Thermo Flask 1000ml - Diller Su \u015ei\u015fesi \u00dcreticisi","description":"En iyi termos 1000ml \u00fcreticilerinden ve tedarik\u00e7ilerinden biri olarak, kaliteli su \u015fi\u015feleri \u00fcretiyoruz. Toptan sat\u0131\u015f yapman\u0131z\u0131 veya bizden rekabet\u00e7i bir fiyata \u00f6zel yap\u0131m termos 1000ml sat\u0131n alman\u0131z\u0131 i\u00e7tenlikle bekliyoruz. Ayr\u0131ca, k\u00fc\u00e7\u00fck miktarda sipari\u015fler de kabul edilebilir.","robots":{"index":"index","follow":"follow","max-snippet":"max-snippet:-1","max-image-preview":"max-image-preview:large","max-video-preview":"max-video-preview:-1"},"canonical":"https:\/\/www.dillerbottle.com\/tr\/urunler\/termos-1000ml","og_locale":"tr_TR","og_type":"article","og_title":"Thermo Flask 1000ml","og_description":"As one of the best thermo flask 1000ml manufacturers and suppliers, we are engaged in manufacturing good quality water bottles. We warmly welcome you to wholesale or buy custom made thermo flask 1000ml at competitive price from us. Also, small quantity orders are acceptable.","og_url":"https:\/\/www.dillerbottle.com\/tr\/urunler\/termos-1000ml","og_site_name":"Diller Water Bottle Manufacturer","article_modified_time":"2025-07-09T06:09:43+00:00","og_image":[{"width":700,"height":700,"url":"https:\/\/www.dillerbottle.com\/wp-content\/uploads\/2024\/09\/thermo-flask-1000ml16168430151.jpg","type":"image\/jpeg"}],"twitter_card":"summary_large_image","twitter_misc":{"Tahmini okuma s\u00fcresi":"2 dakika"},"schema":{"@context":"https:\/\/schema.org","@graph":[{"@type":"WebPage","@id":"https:\/\/www.dillerbottle.com\/products\/thermo-flask-1000ml","url":"https:\/\/www.dillerbottle.com\/products\/thermo-flask-1000ml","name":"Thermo Flask 1000ml - Diller Su \u015ei\u015fesi \u00dcreticisi","isPartOf":{"@id":"https:\/\/www.dillerbottle.com\/#website"},"primaryImageOfPage":{"@id":"https:\/\/www.dillerbottle.com\/products\/thermo-flask-1000ml#primaryimage"},"image":{"@id":"https:\/\/www.dillerbottle.com\/products\/thermo-flask-1000ml#primaryimage"},"thumbnailUrl":"https:\/\/www.dillerbottle.com\/wp-content\/uploads\/2024\/09\/thermo-flask-1000ml16168430151.jpg","datePublished":"2024-09-29T06:55:07+00:00","dateModified":"2025-07-09T06:09:43+00:00","description":"En iyi termos 1000ml \u00fcreticilerinden ve tedarik\u00e7ilerinden biri olarak, kaliteli su \u015fi\u015feleri \u00fcretiyoruz. Toptan sat\u0131\u015f yapman\u0131z\u0131 veya bizden rekabet\u00e7i bir fiyata \u00f6zel yap\u0131m termos 1000ml sat\u0131n alman\u0131z\u0131 i\u00e7tenlikle bekliyoruz. Ayr\u0131ca, k\u00fc\u00e7\u00fck miktarda sipari\u015fler de kabul edilebilir.","breadcrumb":{"@id":"https:\/\/www.dillerbottle.com\/products\/thermo-flask-1000ml#breadcrumb"},"inLanguage":"tr","potentialAction":[{"@type":"ReadAction","target":["https:\/\/www.dillerbottle.com\/products\/thermo-flask-1000ml"]}]},{"@type":"ImageObject","inLanguage":"tr","@id":"https:\/\/www.dillerbottle.com\/products\/thermo-flask-1000ml#primaryimage","url":"https:\/\/www.dillerbottle.com\/wp-content\/uploads\/2024\/09\/thermo-flask-1000ml16168430151.jpg","contentUrl":"https:\/\/www.dillerbottle.com\/wp-content\/uploads\/2024\/09\/thermo-flask-1000ml16168430151.jpg","width":700,"height":700},{"@type":"BreadcrumbList","@id":"https:\/\/www.dillerbottle.com\/products\/thermo-flask-1000ml#breadcrumb","itemListElement":[{"@type":"ListItem","position":1,"name":"Home","item":"https:\/\/www.dillerbottle.com\/"},{"@type":"ListItem","position":2,"name":"Products","item":"https:\/\/www.dillerbottle.com\/shop"},{"@type":"ListItem","position":3,"name":"Thermo Flask 1000ml"}]},{"@type":"WebSite","@id":"https:\/\/www.dillerbottle.com\/#website","url":"https:\/\/www.dillerbottle.com\/","name":"Diller Su \u015ei\u015fesi \u00dcreticisi","description":"Su \u015ei\u015fesi \u00dcreticisi","publisher":{"@id":"https:\/\/www.dillerbottle.com\/#organization"},"potentialAction":[{"@type":"SearchAction","target":{"@type":"EntryPoint","urlTemplate":"https:\/\/www.dillerbottle.com\/?s={search_term_string}"},"query-input":{"@type":"PropertyValueSpecification","valueRequired":true,"valueName":"search_term_string"}}],"inLanguage":"tr"},{"@type":"Organization","@id":"https:\/\/www.dillerbottle.com\/#organization","name":"Diller Su \u015ei\u015fesi \u00dcreticisi","url":"https:\/\/www.dillerbottle.com\/","logo":{"@type":"ImageObject","inLanguage":"tr","@id":"https:\/\/www.dillerbottle.com\/#\/schema\/logo\/image\/","url":"https:\/\/www.dillerbottle.com\/wp-content\/uploads\/2024\/09\/49918bfa848dcc1e9f8b509933603ac.png","contentUrl":"https:\/\/www.dillerbottle.com\/wp-content\/uploads\/2024\/09\/49918bfa848dcc1e9f8b509933603ac.png","width":988,"height":198,"caption":"Diller Water Bottle Manufacturer"},"image":{"@id":"https:\/\/www.dillerbottle.com\/#\/schema\/logo\/image\/"}}]}},"_links":{"self":[{"href":"https:\/\/www.dillerbottle.com\/tr\/wp-json\/wp\/v2\/product\/11276","targetHints":{"allow":["GET"]}}],"collection":[{"href":"https:\/\/www.dillerbottle.com\/tr\/wp-json\/wp\/v2\/product"}],"about":[{"href":"https:\/\/www.dillerbottle.com\/tr\/wp-json\/wp\/v2\/types\/product"}],"replies":[{"embeddable":true,"href":"https:\/\/www.dillerbottle.com\/tr\/wp-json\/wp\/v2\/comments?post=11276"}],"wp:featuredmedia":[{"embeddable":true,"href":"https:\/\/www.dillerbottle.com\/tr\/wp-json\/wp\/v2\/media\/11277"}],"wp:attachment":[{"href":"https:\/\/www.dillerbottle.com\/tr\/wp-json\/wp\/v2\/media?parent=11276"}],"wp:term":[{"taxonomy":"product_brand","embeddable":true,"href":"https:\/\/www.dillerbottle.com\/tr\/wp-json\/wp\/v2\/product_brand?post=11276"},{"taxonomy":"product_cat","embeddable":true,"href":"https:\/\/www.dillerbottle.com\/tr\/wp-json\/wp\/v2\/product_cat?post=11276"},{"taxonomy":"product_tag","embeddable":true,"href":"https:\/\/www.dillerbottle.com\/tr\/wp-json\/wp\/v2\/product_tag?post=11276"}],"curies":[{"name":"wp","href":"https:\/\/api.w.org\/{rel}","templated":true}]}}