{"id":11437,"date":"2024-09-29T14:57:09","date_gmt":"2024-09-29T06:57:09","guid":{"rendered":"https:\/\/demo.dillerbottle.com\/products\/stainless-thermos"},"modified":"2025-07-09T13:59:44","modified_gmt":"2025-07-09T05:59:44","slug":"paslanmaz-termos","status":"publish","type":"product","link":"https:\/\/www.dillerbottle.com\/tr\/products\/stainless-thermos","title":{"rendered":"Paslanmaz Termos"},"content":{"rendered":"<p>;; \u00c7ift cidarl\u0131 vakum yal\u0131t\u0131ml\u0131 teknoloji, bu paslanmaz termos s\u0131v\u0131y\u0131 24 saate kadar so\u011fuk ve 12 saate kadar s\u0131cak tutar. S\u0131zd\u0131rmaz kapak s\u0131k\u0131ca vidalan\u0131r ve d\u0131\u015f k\u0131s\u0131mda terleme olmaz, d\u00f6k\u00fclme endi\u015fesi olmadan istedi\u011finiz yerde saklayabilirsiniz, nemli kar\u0131\u015f\u0131kl\u0131k olmaz.; G\u0131da s\u0131n\u0131f\u0131 paslanmaz \u00e7elikten yap\u0131lm\u0131\u015ft\u0131r, kimyasallar veya metalik tatlar i\u00e7ermez, size en saf, en ferahlat\u0131c\u0131 i\u00e7ecekleri sunar.; Kaymaz toz kaplama terlemez ve kolay temizlik ve rahatl\u0131k i\u00e7in bula\u015f\u0131k makinesinde y\u0131kanabilir.<br \/>\n1. Paslanmaz termos, y\u00fcr\u00fcy\u00fc\u015f, bisiklet, kamp, spor salonu veya sadece ofis gibi her t\u00fcrl\u00fc durum i\u00e7in sa\u011flam bir yap\u0131 sa\u011flayan 304(18\/8) paslanmaz \u00e7elikten yap\u0131lm\u0131\u015ft\u0131r. \u00d6zel tasar\u0131m\u0131 ve malzemesi dayan\u0131kl\u0131l\u0131\u011f\u0131n\u0131n bir kan\u0131t\u0131d\u0131r.<\/p>\n<p>2.;\u015ei\u015fe ve kapak BPA i\u00e7ermeyen malzemelerden ve g\u0131da s\u0131n\u0131f\u0131 \u00e7elikten yap\u0131lm\u0131\u015ft\u0131r. Toksin i\u00e7ermez ve t\u00fcketicinin kullanmas\u0131 ve i\u00e7mesi i\u00e7in g\u00fcvenlidir.<\/p>\n<p>3. \u00d6zel olarak tasarlanm\u0131\u015f yal\u0131t\u0131ml\u0131 paslanmaz \u00e7elik kapak s\u0131zd\u0131rmazd\u0131r ve s\u0131k\u0131ca ba\u011fl\u0131 kalmas\u0131na yard\u0131mc\u0131 olmak i\u00e7in a\u011f\u0131r hizmet tipi bir di\u015fe sahiptir. Y\u00fcksek kaliteli silikon halkas\u0131, devrilmesi veya sallanmas\u0131 durumunda s\u0131z\u0131nt\u0131 olmamas\u0131n\u0131 sa\u011flar.<\/p>\n<p>4.;\u00c7ift katmanl\u0131 vakum yap\u0131s\u0131 s\u0131cak\/so\u011fuk suyun s\u0131cakl\u0131\u011f\u0131n\u0131 daha uzun s\u00fcre koruyabilir<\/p>","protected":false},"excerpt":{"rendered":"<p>\u00c7ift duvarl\u0131 vakumlu yal\u0131t\u0131m teknolojisi ile bu paslanmaz \u00e7elik termos, s\u0131v\u0131y\u0131 24 saate kadar so\u011fuk ve 12 saate kadar s\u0131cak tutar.<br \/>\nS\u0131zd\u0131rmaz kapak vidalar\u0131 s\u0131k\u0131ca tak\u0131l\u0131d\u0131r ve d\u0131\u015f y\u00fczeyi terlemez, d\u00f6k\u00fclme veya nem sorunu ya\u015famadan istedi\u011finiz yerde saklayabilirsiniz.<br \/>\nG\u0131dalardan yap\u0131lm\u0131\u015f\u2026<\/p>","protected":false},"featured_media":11438,"comment_status":"open","ping_status":"closed","template":"","meta":{"_acf_changed":false},"product_brand":[],"product_cat":[18],"product_tag":[766,32,36,33,31,39,38,29,37,762,724,34,815,35,967,28,735,870,30],"class_list":{"0":"post-11437","1":"product","2":"type-product","3":"status-publish","4":"has-post-thumbnail","6":"product_cat-insulated-water-bottle","7":"product_tag-aesthetic-water-bottle","8":"product_tag-best","9":"product_tag-bulk","10":"product_tag-buy","11":"product_tag-custom","12":"product_tag-for-sale","13":"product_tag-good-quality","14":"product_tag-manufacturers","15":"product_tag-manufacturing","16":"product_tag-nice-water-bottle","17":"product_tag-personalised-water-bottles","18":"product_tag-price","19":"product_tag-reusable-water-bottles","20":"product_tag-small","21":"product_tag-stainless-thermos","22":"product_tag-suppliers","23":"product_tag-temperature-display-smart-thermos-water-bottle","24":"product_tag-water-bottle-gift-set","25":"product_tag-wholesale","27":"first","28":"instock","29":"shipping-taxable","30":"product-type-simple"},"acf":[],"yoast_head":"<!-- This site is optimized with the Yoast SEO Premium plugin v27.5 (Yoast SEO v27.6) - https:\/\/yoast.com\/product\/yoast-seo-premium-wordpress\/ -->\n<title>Stainless Thermos - Diller Water Bottle Manufacturer<\/title>\n<meta name=\"description\" content=\"As one of the best stainless thermos manufacturers and suppliers, we are engaged in manufacturing good quality water bottles. We warmly welcome you to wholesale or buy custom made stainless thermos at competitive price from us. Also, small quantity orders are acceptable.\" \/>\n<meta name=\"robots\" content=\"index, follow, max-snippet:-1, max-image-preview:large, max-video-preview:-1\" \/>\n<link rel=\"canonical\" href=\"https:\/\/www.dillerbottle.com\/tr\/urunler\/paslanmaz-termos\" \/>\n<meta property=\"og:locale\" content=\"tr_TR\" \/>\n<meta property=\"og:type\" content=\"article\" \/>\n<meta property=\"og:title\" content=\"Stainless Thermos\" \/>\n<meta property=\"og:description\" content=\"As one of the best stainless thermos manufacturers and suppliers, we are engaged in manufacturing good quality water bottles. We warmly welcome you to wholesale or buy custom made stainless thermos at competitive price from us. Also, small quantity orders are acceptable.\" \/>\n<meta property=\"og:url\" content=\"https:\/\/www.dillerbottle.com\/tr\/urunler\/paslanmaz-termos\" \/>\n<meta property=\"og:site_name\" content=\"Diller Water Bottle Manufacturer\" \/>\n<meta property=\"article:modified_time\" content=\"2025-07-09T05:59:44+00:00\" \/>\n<meta property=\"og:image\" content=\"https:\/\/www.dillerbottle.com\/wp-content\/uploads\/2024\/09\/stainless-thermos21041963025.jpg\" \/>\n\t<meta property=\"og:image:width\" content=\"730\" \/>\n\t<meta property=\"og:image:height\" content=\"730\" \/>\n\t<meta property=\"og:image:type\" content=\"image\/jpeg\" \/>\n<meta name=\"twitter:card\" content=\"summary_large_image\" \/>\n<meta name=\"twitter:label1\" content=\"Tahmini okuma s\u00fcresi\" \/>\n\t<meta name=\"twitter:data1\" content=\"3 dakika\" \/>\n<script type=\"application\/ld+json\" class=\"yoast-schema-graph\">{\"@context\":\"https:\\\/\\\/schema.org\",\"@graph\":[{\"@type\":\"WebPage\",\"@id\":\"https:\\\/\\\/www.dillerbottle.com\\\/th\\\/%e0%b8%aa%e0%b8%b4%e0%b8%99%e0%b8%84%e0%b9%89%e0%b8%b2\\\/%e0%b8%81%e0%b8%a3%e0%b8%b0%e0%b8%95%e0%b8%b4%e0%b8%81%e0%b8%99%e0%b9%89%e0%b8%b3%e0%b8%a3%e0%b9%89%e0%b8%ad%e0%b8%99%e0%b8%aa%e0%b9%81%e0%b8%95%e0%b8%99%e0%b9%80%e0%b8%a5%e0%b8%aa-2\",\"url\":\"https:\\\/\\\/www.dillerbottle.com\\\/th\\\/%e0%b8%aa%e0%b8%b4%e0%b8%99%e0%b8%84%e0%b9%89%e0%b8%b2\\\/%e0%b8%81%e0%b8%a3%e0%b8%b0%e0%b8%95%e0%b8%b4%e0%b8%81%e0%b8%99%e0%b9%89%e0%b8%b3%e0%b8%a3%e0%b9%89%e0%b8%ad%e0%b8%99%e0%b8%aa%e0%b9%81%e0%b8%95%e0%b8%99%e0%b9%80%e0%b8%a5%e0%b8%aa-2\",\"name\":\"Stainless Thermos - Diller Water Bottle Manufacturer\",\"isPartOf\":{\"@id\":\"https:\\\/\\\/www.dillerbottle.com\\\/#website\"},\"primaryImageOfPage\":{\"@id\":\"https:\\\/\\\/www.dillerbottle.com\\\/th\\\/%e0%b8%aa%e0%b8%b4%e0%b8%99%e0%b8%84%e0%b9%89%e0%b8%b2\\\/%e0%b8%81%e0%b8%a3%e0%b8%b0%e0%b8%95%e0%b8%b4%e0%b8%81%e0%b8%99%e0%b9%89%e0%b8%b3%e0%b8%a3%e0%b9%89%e0%b8%ad%e0%b8%99%e0%b8%aa%e0%b9%81%e0%b8%95%e0%b8%99%e0%b9%80%e0%b8%a5%e0%b8%aa-2#primaryimage\"},\"image\":{\"@id\":\"https:\\\/\\\/www.dillerbottle.com\\\/th\\\/%e0%b8%aa%e0%b8%b4%e0%b8%99%e0%b8%84%e0%b9%89%e0%b8%b2\\\/%e0%b8%81%e0%b8%a3%e0%b8%b0%e0%b8%95%e0%b8%b4%e0%b8%81%e0%b8%99%e0%b9%89%e0%b8%b3%e0%b8%a3%e0%b9%89%e0%b8%ad%e0%b8%99%e0%b8%aa%e0%b9%81%e0%b8%95%e0%b8%99%e0%b9%80%e0%b8%a5%e0%b8%aa-2#primaryimage\"},\"thumbnailUrl\":\"https:\\\/\\\/www.dillerbottle.com\\\/wp-content\\\/uploads\\\/2024\\\/09\\\/stainless-thermos21041963025.jpg\",\"datePublished\":\"2024-09-29T06:57:09+00:00\",\"dateModified\":\"2025-07-09T05:59:44+00:00\",\"description\":\"As one of the best stainless thermos manufacturers and suppliers, we are engaged in manufacturing good quality water bottles. We warmly welcome you to wholesale or buy custom made stainless thermos at competitive price from us. Also, small quantity orders are acceptable.\",\"breadcrumb\":{\"@id\":\"https:\\\/\\\/www.dillerbottle.com\\\/th\\\/%e0%b8%aa%e0%b8%b4%e0%b8%99%e0%b8%84%e0%b9%89%e0%b8%b2\\\/%e0%b8%81%e0%b8%a3%e0%b8%b0%e0%b8%95%e0%b8%b4%e0%b8%81%e0%b8%99%e0%b9%89%e0%b8%b3%e0%b8%a3%e0%b9%89%e0%b8%ad%e0%b8%99%e0%b8%aa%e0%b9%81%e0%b8%95%e0%b8%99%e0%b9%80%e0%b8%a5%e0%b8%aa-2#breadcrumb\"},\"inLanguage\":\"tr\",\"potentialAction\":[{\"@type\":\"ReadAction\",\"target\":[\"https:\\\/\\\/www.dillerbottle.com\\\/th\\\/%e0%b8%aa%e0%b8%b4%e0%b8%99%e0%b8%84%e0%b9%89%e0%b8%b2\\\/%e0%b8%81%e0%b8%a3%e0%b8%b0%e0%b8%95%e0%b8%b4%e0%b8%81%e0%b8%99%e0%b9%89%e0%b8%b3%e0%b8%a3%e0%b9%89%e0%b8%ad%e0%b8%99%e0%b8%aa%e0%b9%81%e0%b8%95%e0%b8%99%e0%b9%80%e0%b8%a5%e0%b8%aa-2\"]}]},{\"@type\":\"ImageObject\",\"inLanguage\":\"tr\",\"@id\":\"https:\\\/\\\/www.dillerbottle.com\\\/th\\\/%e0%b8%aa%e0%b8%b4%e0%b8%99%e0%b8%84%e0%b9%89%e0%b8%b2\\\/%e0%b8%81%e0%b8%a3%e0%b8%b0%e0%b8%95%e0%b8%b4%e0%b8%81%e0%b8%99%e0%b9%89%e0%b8%b3%e0%b8%a3%e0%b9%89%e0%b8%ad%e0%b8%99%e0%b8%aa%e0%b9%81%e0%b8%95%e0%b8%99%e0%b9%80%e0%b8%a5%e0%b8%aa-2#primaryimage\",\"url\":\"https:\\\/\\\/www.dillerbottle.com\\\/wp-content\\\/uploads\\\/2024\\\/09\\\/stainless-thermos21041963025.jpg\",\"contentUrl\":\"https:\\\/\\\/www.dillerbottle.com\\\/wp-content\\\/uploads\\\/2024\\\/09\\\/stainless-thermos21041963025.jpg\",\"width\":730,\"height\":730},{\"@type\":\"BreadcrumbList\",\"@id\":\"https:\\\/\\\/www.dillerbottle.com\\\/th\\\/%e0%b8%aa%e0%b8%b4%e0%b8%99%e0%b8%84%e0%b9%89%e0%b8%b2\\\/%e0%b8%81%e0%b8%a3%e0%b8%b0%e0%b8%95%e0%b8%b4%e0%b8%81%e0%b8%99%e0%b9%89%e0%b8%b3%e0%b8%a3%e0%b9%89%e0%b8%ad%e0%b8%99%e0%b8%aa%e0%b9%81%e0%b8%95%e0%b8%99%e0%b9%80%e0%b8%a5%e0%b8%aa-2#breadcrumb\",\"itemListElement\":[{\"@type\":\"ListItem\",\"position\":1,\"name\":\"Home\",\"item\":\"https:\\\/\\\/www.dillerbottle.com\\\/\"},{\"@type\":\"ListItem\",\"position\":2,\"name\":\"Products\",\"item\":\"https:\\\/\\\/www.dillerbottle.com\\\/shop\"},{\"@type\":\"ListItem\",\"position\":3,\"name\":\"Stainless Thermos\"}]},{\"@type\":\"WebSite\",\"@id\":\"https:\\\/\\\/www.dillerbottle.com\\\/#website\",\"url\":\"https:\\\/\\\/www.dillerbottle.com\\\/\",\"name\":\"Diller Water Bottle Manufacturer\",\"description\":\"Water Bottle Manufacturer\",\"publisher\":{\"@id\":\"https:\\\/\\\/www.dillerbottle.com\\\/#organization\"},\"potentialAction\":[{\"@type\":\"SearchAction\",\"target\":{\"@type\":\"EntryPoint\",\"urlTemplate\":\"https:\\\/\\\/www.dillerbottle.com\\\/?s={search_term_string}\"},\"query-input\":{\"@type\":\"PropertyValueSpecification\",\"valueRequired\":true,\"valueName\":\"search_term_string\"}}],\"inLanguage\":\"tr\"},{\"@type\":\"Organization\",\"@id\":\"https:\\\/\\\/www.dillerbottle.com\\\/#organization\",\"name\":\"Diller Water Bottle Manufacturer\",\"url\":\"https:\\\/\\\/www.dillerbottle.com\\\/\",\"logo\":{\"@type\":\"ImageObject\",\"inLanguage\":\"tr\",\"@id\":\"https:\\\/\\\/www.dillerbottle.com\\\/#\\\/schema\\\/logo\\\/image\\\/\",\"url\":\"https:\\\/\\\/www.dillerbottle.com\\\/wp-content\\\/uploads\\\/2024\\\/09\\\/49918bfa848dcc1e9f8b509933603ac.png\",\"contentUrl\":\"https:\\\/\\\/www.dillerbottle.com\\\/wp-content\\\/uploads\\\/2024\\\/09\\\/49918bfa848dcc1e9f8b509933603ac.png\",\"width\":988,\"height\":198,\"caption\":\"Diller Water Bottle Manufacturer\"},\"image\":{\"@id\":\"https:\\\/\\\/www.dillerbottle.com\\\/#\\\/schema\\\/logo\\\/image\\\/\"}}]}<\/script>\n<!-- \/ Yoast SEO Premium plugin. -->","yoast_head_json":{"title":"Paslanmaz Termos - Diller Su \u015ei\u015fesi \u00dcreticisi","description":"En iyi paslanmaz termos \u00fcreticilerinden ve tedarik\u00e7ilerinden biri olarak, kaliteli su \u015fi\u015feleri \u00fcretiyoruz. Toptan olarak veya bizden rekabet\u00e7i fiyatlarla \u00f6zel yap\u0131m paslanmaz termos sat\u0131n alman\u0131z\u0131 i\u00e7tenlikle bekliyoruz. Ayr\u0131ca, k\u00fc\u00e7\u00fck miktarda sipari\u015fler de kabul edilebilir.","robots":{"index":"index","follow":"follow","max-snippet":"max-snippet:-1","max-image-preview":"max-image-preview:large","max-video-preview":"max-video-preview:-1"},"canonical":"https:\/\/www.dillerbottle.com\/tr\/urunler\/paslanmaz-termos","og_locale":"tr_TR","og_type":"article","og_title":"Stainless Thermos","og_description":"As one of the best stainless thermos manufacturers and suppliers, we are engaged in manufacturing good quality water bottles. We warmly welcome you to wholesale or buy custom made stainless thermos at competitive price from us. Also, small quantity orders are acceptable.","og_url":"https:\/\/www.dillerbottle.com\/tr\/urunler\/paslanmaz-termos","og_site_name":"Diller Water Bottle Manufacturer","article_modified_time":"2025-07-09T05:59:44+00:00","og_image":[{"width":730,"height":730,"url":"https:\/\/www.dillerbottle.com\/wp-content\/uploads\/2024\/09\/stainless-thermos21041963025.jpg","type":"image\/jpeg"}],"twitter_card":"summary_large_image","twitter_misc":{"Tahmini okuma s\u00fcresi":"3 dakika"},"schema":{"@context":"https:\/\/schema.org","@graph":[{"@type":"WebPage","@id":"https:\/\/www.dillerbottle.com\/th\/%e0%b8%aa%e0%b8%b4%e0%b8%99%e0%b8%84%e0%b9%89%e0%b8%b2\/%e0%b8%81%e0%b8%a3%e0%b8%b0%e0%b8%95%e0%b8%b4%e0%b8%81%e0%b8%99%e0%b9%89%e0%b8%b3%e0%b8%a3%e0%b9%89%e0%b8%ad%e0%b8%99%e0%b8%aa%e0%b9%81%e0%b8%95%e0%b8%99%e0%b9%80%e0%b8%a5%e0%b8%aa-2","url":"https:\/\/www.dillerbottle.com\/th\/%e0%b8%aa%e0%b8%b4%e0%b8%99%e0%b8%84%e0%b9%89%e0%b8%b2\/%e0%b8%81%e0%b8%a3%e0%b8%b0%e0%b8%95%e0%b8%b4%e0%b8%81%e0%b8%99%e0%b9%89%e0%b8%b3%e0%b8%a3%e0%b9%89%e0%b8%ad%e0%b8%99%e0%b8%aa%e0%b9%81%e0%b8%95%e0%b8%99%e0%b9%80%e0%b8%a5%e0%b8%aa-2","name":"Paslanmaz Termos - Diller Su \u015ei\u015fesi \u00dcreticisi","isPartOf":{"@id":"https:\/\/www.dillerbottle.com\/#website"},"primaryImageOfPage":{"@id":"https:\/\/www.dillerbottle.com\/th\/%e0%b8%aa%e0%b8%b4%e0%b8%99%e0%b8%84%e0%b9%89%e0%b8%b2\/%e0%b8%81%e0%b8%a3%e0%b8%b0%e0%b8%95%e0%b8%b4%e0%b8%81%e0%b8%99%e0%b9%89%e0%b8%b3%e0%b8%a3%e0%b9%89%e0%b8%ad%e0%b8%99%e0%b8%aa%e0%b9%81%e0%b8%95%e0%b8%99%e0%b9%80%e0%b8%a5%e0%b8%aa-2#primaryimage"},"image":{"@id":"https:\/\/www.dillerbottle.com\/th\/%e0%b8%aa%e0%b8%b4%e0%b8%99%e0%b8%84%e0%b9%89%e0%b8%b2\/%e0%b8%81%e0%b8%a3%e0%b8%b0%e0%b8%95%e0%b8%b4%e0%b8%81%e0%b8%99%e0%b9%89%e0%b8%b3%e0%b8%a3%e0%b9%89%e0%b8%ad%e0%b8%99%e0%b8%aa%e0%b9%81%e0%b8%95%e0%b8%99%e0%b9%80%e0%b8%a5%e0%b8%aa-2#primaryimage"},"thumbnailUrl":"https:\/\/www.dillerbottle.com\/wp-content\/uploads\/2024\/09\/stainless-thermos21041963025.jpg","datePublished":"2024-09-29T06:57:09+00:00","dateModified":"2025-07-09T05:59:44+00:00","description":"En iyi paslanmaz termos \u00fcreticilerinden ve tedarik\u00e7ilerinden biri olarak, kaliteli su \u015fi\u015feleri \u00fcretiyoruz. Toptan olarak veya bizden rekabet\u00e7i fiyatlarla \u00f6zel yap\u0131m paslanmaz termos sat\u0131n alman\u0131z\u0131 i\u00e7tenlikle bekliyoruz. Ayr\u0131ca, k\u00fc\u00e7\u00fck miktarda sipari\u015fler de kabul edilebilir.","breadcrumb":{"@id":"https:\/\/www.dillerbottle.com\/th\/%e0%b8%aa%e0%b8%b4%e0%b8%99%e0%b8%84%e0%b9%89%e0%b8%b2\/%e0%b8%81%e0%b8%a3%e0%b8%b0%e0%b8%95%e0%b8%b4%e0%b8%81%e0%b8%99%e0%b9%89%e0%b8%b3%e0%b8%a3%e0%b9%89%e0%b8%ad%e0%b8%99%e0%b8%aa%e0%b9%81%e0%b8%95%e0%b8%99%e0%b9%80%e0%b8%a5%e0%b8%aa-2#breadcrumb"},"inLanguage":"tr","potentialAction":[{"@type":"ReadAction","target":["https:\/\/www.dillerbottle.com\/th\/%e0%b8%aa%e0%b8%b4%e0%b8%99%e0%b8%84%e0%b9%89%e0%b8%b2\/%e0%b8%81%e0%b8%a3%e0%b8%b0%e0%b8%95%e0%b8%b4%e0%b8%81%e0%b8%99%e0%b9%89%e0%b8%b3%e0%b8%a3%e0%b9%89%e0%b8%ad%e0%b8%99%e0%b8%aa%e0%b9%81%e0%b8%95%e0%b8%99%e0%b9%80%e0%b8%a5%e0%b8%aa-2"]}]},{"@type":"ImageObject","inLanguage":"tr","@id":"https:\/\/www.dillerbottle.com\/th\/%e0%b8%aa%e0%b8%b4%e0%b8%99%e0%b8%84%e0%b9%89%e0%b8%b2\/%e0%b8%81%e0%b8%a3%e0%b8%b0%e0%b8%95%e0%b8%b4%e0%b8%81%e0%b8%99%e0%b9%89%e0%b8%b3%e0%b8%a3%e0%b9%89%e0%b8%ad%e0%b8%99%e0%b8%aa%e0%b9%81%e0%b8%95%e0%b8%99%e0%b9%80%e0%b8%a5%e0%b8%aa-2#primaryimage","url":"https:\/\/www.dillerbottle.com\/wp-content\/uploads\/2024\/09\/stainless-thermos21041963025.jpg","contentUrl":"https:\/\/www.dillerbottle.com\/wp-content\/uploads\/2024\/09\/stainless-thermos21041963025.jpg","width":730,"height":730},{"@type":"BreadcrumbList","@id":"https:\/\/www.dillerbottle.com\/th\/%e0%b8%aa%e0%b8%b4%e0%b8%99%e0%b8%84%e0%b9%89%e0%b8%b2\/%e0%b8%81%e0%b8%a3%e0%b8%b0%e0%b8%95%e0%b8%b4%e0%b8%81%e0%b8%99%e0%b9%89%e0%b8%b3%e0%b8%a3%e0%b9%89%e0%b8%ad%e0%b8%99%e0%b8%aa%e0%b9%81%e0%b8%95%e0%b8%99%e0%b9%80%e0%b8%a5%e0%b8%aa-2#breadcrumb","itemListElement":[{"@type":"ListItem","position":1,"name":"Home","item":"https:\/\/www.dillerbottle.com\/"},{"@type":"ListItem","position":2,"name":"Products","item":"https:\/\/www.dillerbottle.com\/shop"},{"@type":"ListItem","position":3,"name":"Stainless Thermos"}]},{"@type":"WebSite","@id":"https:\/\/www.dillerbottle.com\/#website","url":"https:\/\/www.dillerbottle.com\/","name":"Diller Su \u015ei\u015fesi \u00dcreticisi","description":"Su \u015ei\u015fesi \u00dcreticisi","publisher":{"@id":"https:\/\/www.dillerbottle.com\/#organization"},"potentialAction":[{"@type":"SearchAction","target":{"@type":"EntryPoint","urlTemplate":"https:\/\/www.dillerbottle.com\/?s={search_term_string}"},"query-input":{"@type":"PropertyValueSpecification","valueRequired":true,"valueName":"search_term_string"}}],"inLanguage":"tr"},{"@type":"Organization","@id":"https:\/\/www.dillerbottle.com\/#organization","name":"Diller Su \u015ei\u015fesi \u00dcreticisi","url":"https:\/\/www.dillerbottle.com\/","logo":{"@type":"ImageObject","inLanguage":"tr","@id":"https:\/\/www.dillerbottle.com\/#\/schema\/logo\/image\/","url":"https:\/\/www.dillerbottle.com\/wp-content\/uploads\/2024\/09\/49918bfa848dcc1e9f8b509933603ac.png","contentUrl":"https:\/\/www.dillerbottle.com\/wp-content\/uploads\/2024\/09\/49918bfa848dcc1e9f8b509933603ac.png","width":988,"height":198,"caption":"Diller Water Bottle Manufacturer"},"image":{"@id":"https:\/\/www.dillerbottle.com\/#\/schema\/logo\/image\/"}}]}},"_links":{"self":[{"href":"https:\/\/www.dillerbottle.com\/tr\/wp-json\/wp\/v2\/product\/11437","targetHints":{"allow":["GET"]}}],"collection":[{"href":"https:\/\/www.dillerbottle.com\/tr\/wp-json\/wp\/v2\/product"}],"about":[{"href":"https:\/\/www.dillerbottle.com\/tr\/wp-json\/wp\/v2\/types\/product"}],"replies":[{"embeddable":true,"href":"https:\/\/www.dillerbottle.com\/tr\/wp-json\/wp\/v2\/comments?post=11437"}],"wp:featuredmedia":[{"embeddable":true,"href":"https:\/\/www.dillerbottle.com\/tr\/wp-json\/wp\/v2\/media\/11438"}],"wp:attachment":[{"href":"https:\/\/www.dillerbottle.com\/tr\/wp-json\/wp\/v2\/media?parent=11437"}],"wp:term":[{"taxonomy":"product_brand","embeddable":true,"href":"https:\/\/www.dillerbottle.com\/tr\/wp-json\/wp\/v2\/product_brand?post=11437"},{"taxonomy":"product_cat","embeddable":true,"href":"https:\/\/www.dillerbottle.com\/tr\/wp-json\/wp\/v2\/product_cat?post=11437"},{"taxonomy":"product_tag","embeddable":true,"href":"https:\/\/www.dillerbottle.com\/tr\/wp-json\/wp\/v2\/product_tag?post=11437"}],"curies":[{"name":"wp","href":"https:\/\/api.w.org\/{rel}","templated":true}]}}