{"id":11597,"date":"2024-09-29T14:58:56","date_gmt":"2024-09-29T06:58:56","guid":{"rendered":"https:\/\/demo.dillerbottle.com\/products\/insulated-tumbler-cup-with-lid"},"modified":"2025-07-09T13:51:47","modified_gmt":"2025-07-09T05:51:47","slug":"kapakli-yalitimli-bardak","status":"publish","type":"product","link":"https:\/\/www.dillerbottle.com\/tr\/products\/insulated-tumbler-cup-with-lid","title":{"rendered":"Kapakl\u0131 Yal\u0131t\u0131ml\u0131 Bardak"},"content":{"rendered":"<p>1. \u00c7ift duvarl\u0131 vakum, m\u00fckemmel s\u0131cakl\u0131k korumas\u0131. Ter ge\u00e7irmez, d\u0131\u015far\u0131dan terlemeyi \u00f6nler.<\/p>\n<p>2. Yal\u0131t\u0131ml\u0131 bardak, en y\u00fcksek kalitede birinci s\u0131n\u0131f 304 18\/8 g\u0131da s\u0131n\u0131f\u0131 paslanmaz \u00e7elikten, FDA onayl\u0131, BPA i\u00e7ermeyen, kur\u015funsuz olarak \u00fcretilmi\u015ftir. Uzun \u00f6m\u00fcrl\u00fc toz kaplama, kal\u0131c\u0131 renkli y\u00fczeyini korur ve daha zarif ve asil g\u00f6r\u00fcn\u00fcr. S\u00fcper sa\u011flam Toz kaplamal\u0131 renkli y\u00fczey, di\u011fer tasar\u0131mlardan \u00fcst\u00fcnd\u00fcr, eziklere ve \u00e7izilmelere kar\u015f\u0131 koruma sa\u011flar.<\/p>\n<p>3. Bu bardak, \u00e7ay, kahve ve su i\u00e7mek i\u00e7in uygundur. Uygun boyutu ile evde, ofiste, yolculuklarda, kampta ve seyahatte, y\u00fcr\u00fcy\u00fc\u015fte, spor aktivitelerinde, pikniklerde e\u011flence ve uygulama i\u00e7in iyi bir se\u00e7imdir. Kavrama kolayca oturur ve elinizde rahat hissedersiniz.<\/p>\n<p>OEM ve ODM kabul edilebilir.<br \/>\nKahve kupas\u0131n\u0131 ihtiya\u00e7lar\u0131n\u0131za g\u00f6re \u00f6zelle\u015ftirebiliriz.<br \/>\nToptan sat\u0131n almaya ho\u015f geldiniz, hemen soru\u015fturma g\u00f6nderin!<\/p>","protected":false},"excerpt":{"rendered":"<p>\u00c7ift duvarl\u0131 vakum, m\u00fckemmel s\u0131cakl\u0131k korumas\u0131. Ter ge\u00e7irmez, d\u0131\u015far\u0131dan terlemeyi \u00f6nler.<br \/>\nYal\u0131t\u0131ml\u0131 bardak, en y\u00fcksek kalitede birinci s\u0131n\u0131f 304 18\/8 g\u0131da s\u0131n\u0131f\u0131 paslanmaz \u00e7elikten, FDA onayl\u0131, BPA i\u00e7ermeyen, kur\u015funsuz olarak \u00fcretilmi\u015ftir. Uzun \u00f6m\u00fcrl\u00fc toz kaplama, kal\u0131c\u0131 renkli y\u00fczeyini korur ve daha zarif ve asil g\u00f6r\u00fcn\u00fcr. S\u00fcper sa\u011flam Toz kaplamal\u0131 renkli y\u00fczey, di\u011fer tasar\u0131mlardan \u00fcst\u00fcnd\u00fcr, eziklere ve \u00e7izilmelere kar\u015f\u0131 koruma sa\u011flar.<br \/>\nBu bardak, \u00e7ay, kahve ve su i\u00e7mek i\u00e7in uygundur. Uygun boyutu ile evde, ofiste, yolculuklarda, kampta ve seyahatte, y\u00fcr\u00fcy\u00fc\u015fte, spor aktivitelerinde, pikniklerde e\u011flence ve uygulama i\u00e7in iyi bir se\u00e7imdir. Kavrama kolayca oturur ve elinizde rahat hissedersiniz.<br \/>\nOEM ve ODM kabul edilebilir.<\/p>","protected":false},"featured_media":15015,"comment_status":"open","ping_status":"closed","template":"","meta":{"_acf_changed":false},"product_brand":[],"product_cat":[46,18],"product_tag":[32,36,33,849,31,733,39,38,982,774,29,37,831,34,35,28,703,313,30],"class_list":{"0":"post-11597","1":"product","2":"type-product","3":"status-publish","4":"has-post-thumbnail","6":"product_cat-cup","7":"product_cat-insulated-water-bottle","8":"product_tag-best","9":"product_tag-bulk","10":"product_tag-buy","11":"product_tag-ceramic-water-bottles","12":"product_tag-custom","13":"product_tag-custom-water-bottle-logo","14":"product_tag-for-sale","15":"product_tag-good-quality","16":"product_tag-insulated-tumbler-cup-with-lid","17":"product_tag-insulated-water-bottle-with-straw","18":"product_tag-manufacturers","19":"product_tag-manufacturing","20":"product_tag-mini-hot-water-bottle","21":"product_tag-price","22":"product_tag-small","23":"product_tag-suppliers","24":"product_tag-water-bottle-bamboo-lid","25":"product_tag-water-bottle-for-women","26":"product_tag-wholesale","28":"first","29":"instock","30":"shipping-taxable","31":"product-type-simple"},"acf":[],"yoast_head":"<!-- This site is optimized with the Yoast SEO Premium plugin v27.5 (Yoast SEO v27.5) - https:\/\/yoast.com\/product\/yoast-seo-premium-wordpress\/ -->\n<title>Insulated Tumbler Cup With Lid - Diller Water Bottle Manufacturer<\/title>\n<meta name=\"description\" content=\"As one of the best insulated tumbler cup with lid manufacturers and suppliers, we are engaged in manufacturing good quality water bottles. We warmly welcome you to wholesale or buy custom made insulated tumbler cup with lid at competitive price from us. Also, small quantity orders are acceptable.\" \/>\n<meta name=\"robots\" content=\"index, follow, max-snippet:-1, max-image-preview:large, max-video-preview:-1\" \/>\n<link rel=\"canonical\" href=\"https:\/\/www.dillerbottle.com\/tr\/urunler\/kapakli-yalitimli-bardak\" \/>\n<meta property=\"og:locale\" content=\"tr_TR\" \/>\n<meta property=\"og:type\" content=\"article\" \/>\n<meta property=\"og:title\" content=\"Insulated Tumbler Cup With Lid\" \/>\n<meta property=\"og:description\" content=\"As one of the best insulated tumbler cup with lid manufacturers and suppliers, we are engaged in manufacturing good quality water bottles. We warmly welcome you to wholesale or buy custom made insulated tumbler cup with lid at competitive price from us. Also, small quantity orders are acceptable.\" \/>\n<meta property=\"og:url\" content=\"https:\/\/www.dillerbottle.com\/tr\/urunler\/kapakli-yalitimli-bardak\" \/>\n<meta property=\"og:site_name\" content=\"Diller Water Bottle Manufacturer\" \/>\n<meta property=\"article:modified_time\" content=\"2025-07-09T05:51:47+00:00\" \/>\n<meta property=\"og:image\" content=\"https:\/\/www.dillerbottle.com\/wp-content\/uploads\/2024\/09\/insulated-tumbler-cup-with-lid.jpg\" \/>\n\t<meta property=\"og:image:width\" content=\"800\" \/>\n\t<meta property=\"og:image:height\" content=\"800\" \/>\n\t<meta property=\"og:image:type\" content=\"image\/jpeg\" \/>\n<meta name=\"twitter:card\" content=\"summary_large_image\" \/>\n<meta name=\"twitter:label1\" content=\"Tahmini okuma s\u00fcresi\" \/>\n\t<meta name=\"twitter:data1\" content=\"3 dakika\" \/>\n<script type=\"application\/ld+json\" class=\"yoast-schema-graph\">{\"@context\":\"https:\\\/\\\/schema.org\",\"@graph\":[{\"@type\":\"WebPage\",\"@id\":\"https:\\\/\\\/www.dillerbottle.com\\\/vn\\\/cac-san-pham\\\/coc-thuy-tinh-cach-nhiet-co-nap\",\"url\":\"https:\\\/\\\/www.dillerbottle.com\\\/vn\\\/cac-san-pham\\\/coc-thuy-tinh-cach-nhiet-co-nap\",\"name\":\"Insulated Tumbler Cup With Lid - Diller Water Bottle Manufacturer\",\"isPartOf\":{\"@id\":\"https:\\\/\\\/www.dillerbottle.com\\\/#website\"},\"primaryImageOfPage\":{\"@id\":\"https:\\\/\\\/www.dillerbottle.com\\\/vn\\\/cac-san-pham\\\/coc-thuy-tinh-cach-nhiet-co-nap#primaryimage\"},\"image\":{\"@id\":\"https:\\\/\\\/www.dillerbottle.com\\\/vn\\\/cac-san-pham\\\/coc-thuy-tinh-cach-nhiet-co-nap#primaryimage\"},\"thumbnailUrl\":\"https:\\\/\\\/www.dillerbottle.com\\\/wp-content\\\/uploads\\\/2024\\\/09\\\/insulated-tumbler-cup-with-lid.jpg\",\"datePublished\":\"2024-09-29T06:58:56+00:00\",\"dateModified\":\"2025-07-09T05:51:47+00:00\",\"description\":\"As one of the best insulated tumbler cup with lid manufacturers and suppliers, we are engaged in manufacturing good quality water bottles. We warmly welcome you to wholesale or buy custom made insulated tumbler cup with lid at competitive price from us. Also, small quantity orders are acceptable.\",\"breadcrumb\":{\"@id\":\"https:\\\/\\\/www.dillerbottle.com\\\/vn\\\/cac-san-pham\\\/coc-thuy-tinh-cach-nhiet-co-nap#breadcrumb\"},\"inLanguage\":\"tr\",\"potentialAction\":[{\"@type\":\"ReadAction\",\"target\":[\"https:\\\/\\\/www.dillerbottle.com\\\/vn\\\/cac-san-pham\\\/coc-thuy-tinh-cach-nhiet-co-nap\"]}]},{\"@type\":\"ImageObject\",\"inLanguage\":\"tr\",\"@id\":\"https:\\\/\\\/www.dillerbottle.com\\\/vn\\\/cac-san-pham\\\/coc-thuy-tinh-cach-nhiet-co-nap#primaryimage\",\"url\":\"https:\\\/\\\/www.dillerbottle.com\\\/wp-content\\\/uploads\\\/2024\\\/09\\\/insulated-tumbler-cup-with-lid.jpg\",\"contentUrl\":\"https:\\\/\\\/www.dillerbottle.com\\\/wp-content\\\/uploads\\\/2024\\\/09\\\/insulated-tumbler-cup-with-lid.jpg\",\"width\":800,\"height\":800},{\"@type\":\"BreadcrumbList\",\"@id\":\"https:\\\/\\\/www.dillerbottle.com\\\/vn\\\/cac-san-pham\\\/coc-thuy-tinh-cach-nhiet-co-nap#breadcrumb\",\"itemListElement\":[{\"@type\":\"ListItem\",\"position\":1,\"name\":\"Home\",\"item\":\"https:\\\/\\\/www.dillerbottle.com\\\/\"},{\"@type\":\"ListItem\",\"position\":2,\"name\":\"Products\",\"item\":\"https:\\\/\\\/www.dillerbottle.com\\\/shop\"},{\"@type\":\"ListItem\",\"position\":3,\"name\":\"Insulated Tumbler Cup With Lid\"}]},{\"@type\":\"WebSite\",\"@id\":\"https:\\\/\\\/www.dillerbottle.com\\\/#website\",\"url\":\"https:\\\/\\\/www.dillerbottle.com\\\/\",\"name\":\"Diller Water Bottle Manufacturer\",\"description\":\"Water Bottle Manufacturer\",\"publisher\":{\"@id\":\"https:\\\/\\\/www.dillerbottle.com\\\/#organization\"},\"potentialAction\":[{\"@type\":\"SearchAction\",\"target\":{\"@type\":\"EntryPoint\",\"urlTemplate\":\"https:\\\/\\\/www.dillerbottle.com\\\/?s={search_term_string}\"},\"query-input\":{\"@type\":\"PropertyValueSpecification\",\"valueRequired\":true,\"valueName\":\"search_term_string\"}}],\"inLanguage\":\"tr\"},{\"@type\":\"Organization\",\"@id\":\"https:\\\/\\\/www.dillerbottle.com\\\/#organization\",\"name\":\"Diller Water Bottle Manufacturer\",\"url\":\"https:\\\/\\\/www.dillerbottle.com\\\/\",\"logo\":{\"@type\":\"ImageObject\",\"inLanguage\":\"tr\",\"@id\":\"https:\\\/\\\/www.dillerbottle.com\\\/#\\\/schema\\\/logo\\\/image\\\/\",\"url\":\"https:\\\/\\\/www.dillerbottle.com\\\/wp-content\\\/uploads\\\/2024\\\/09\\\/49918bfa848dcc1e9f8b509933603ac.png\",\"contentUrl\":\"https:\\\/\\\/www.dillerbottle.com\\\/wp-content\\\/uploads\\\/2024\\\/09\\\/49918bfa848dcc1e9f8b509933603ac.png\",\"width\":988,\"height\":198,\"caption\":\"Diller Water Bottle Manufacturer\"},\"image\":{\"@id\":\"https:\\\/\\\/www.dillerbottle.com\\\/#\\\/schema\\\/logo\\\/image\\\/\"}}]}<\/script>\n<!-- \/ Yoast SEO Premium plugin. -->","yoast_head_json":{"title":"Kapakl\u0131 Yal\u0131t\u0131ml\u0131 Bardak - Diller Su \u015ei\u015fesi \u00dcreticisi","description":"Kapakl\u0131 en iyi yal\u0131t\u0131ml\u0131 bardak \u00fcreticilerinden ve tedarik\u00e7ilerinden biri olarak, kaliteli su \u015fi\u015feleri \u00fcretiyoruz. Toptan sat\u0131\u015f yapman\u0131z\u0131 veya kapakl\u0131 \u00f6zel yap\u0131m yal\u0131t\u0131ml\u0131 bardaklar\u0131 rekabet\u00e7i fiyatlarla bizden sat\u0131n alman\u0131z\u0131 i\u00e7tenlikle bekliyoruz. Ayr\u0131ca, k\u00fc\u00e7\u00fck miktardaki sipari\u015fler de kabul edilebilir.","robots":{"index":"index","follow":"follow","max-snippet":"max-snippet:-1","max-image-preview":"max-image-preview:large","max-video-preview":"max-video-preview:-1"},"canonical":"https:\/\/www.dillerbottle.com\/tr\/urunler\/kapakli-yalitimli-bardak","og_locale":"tr_TR","og_type":"article","og_title":"Insulated Tumbler Cup With Lid","og_description":"As one of the best insulated tumbler cup with lid manufacturers and suppliers, we are engaged in manufacturing good quality water bottles. We warmly welcome you to wholesale or buy custom made insulated tumbler cup with lid at competitive price from us. Also, small quantity orders are acceptable.","og_url":"https:\/\/www.dillerbottle.com\/tr\/urunler\/kapakli-yalitimli-bardak","og_site_name":"Diller Water Bottle Manufacturer","article_modified_time":"2025-07-09T05:51:47+00:00","og_image":[{"width":800,"height":800,"url":"https:\/\/www.dillerbottle.com\/wp-content\/uploads\/2024\/09\/insulated-tumbler-cup-with-lid.jpg","type":"image\/jpeg"}],"twitter_card":"summary_large_image","twitter_misc":{"Tahmini okuma s\u00fcresi":"3 dakika"},"schema":{"@context":"https:\/\/schema.org","@graph":[{"@type":"WebPage","@id":"https:\/\/www.dillerbottle.com\/vn\/cac-san-pham\/coc-thuy-tinh-cach-nhiet-co-nap","url":"https:\/\/www.dillerbottle.com\/vn\/cac-san-pham\/coc-thuy-tinh-cach-nhiet-co-nap","name":"Kapakl\u0131 Yal\u0131t\u0131ml\u0131 Bardak - Diller Su \u015ei\u015fesi \u00dcreticisi","isPartOf":{"@id":"https:\/\/www.dillerbottle.com\/#website"},"primaryImageOfPage":{"@id":"https:\/\/www.dillerbottle.com\/vn\/cac-san-pham\/coc-thuy-tinh-cach-nhiet-co-nap#primaryimage"},"image":{"@id":"https:\/\/www.dillerbottle.com\/vn\/cac-san-pham\/coc-thuy-tinh-cach-nhiet-co-nap#primaryimage"},"thumbnailUrl":"https:\/\/www.dillerbottle.com\/wp-content\/uploads\/2024\/09\/insulated-tumbler-cup-with-lid.jpg","datePublished":"2024-09-29T06:58:56+00:00","dateModified":"2025-07-09T05:51:47+00:00","description":"Kapakl\u0131 en iyi yal\u0131t\u0131ml\u0131 bardak \u00fcreticilerinden ve tedarik\u00e7ilerinden biri olarak, kaliteli su \u015fi\u015feleri \u00fcretiyoruz. Toptan sat\u0131\u015f yapman\u0131z\u0131 veya kapakl\u0131 \u00f6zel yap\u0131m yal\u0131t\u0131ml\u0131 bardaklar\u0131 rekabet\u00e7i fiyatlarla bizden sat\u0131n alman\u0131z\u0131 i\u00e7tenlikle bekliyoruz. Ayr\u0131ca, k\u00fc\u00e7\u00fck miktardaki sipari\u015fler de kabul edilebilir.","breadcrumb":{"@id":"https:\/\/www.dillerbottle.com\/vn\/cac-san-pham\/coc-thuy-tinh-cach-nhiet-co-nap#breadcrumb"},"inLanguage":"tr","potentialAction":[{"@type":"ReadAction","target":["https:\/\/www.dillerbottle.com\/vn\/cac-san-pham\/coc-thuy-tinh-cach-nhiet-co-nap"]}]},{"@type":"ImageObject","inLanguage":"tr","@id":"https:\/\/www.dillerbottle.com\/vn\/cac-san-pham\/coc-thuy-tinh-cach-nhiet-co-nap#primaryimage","url":"https:\/\/www.dillerbottle.com\/wp-content\/uploads\/2024\/09\/insulated-tumbler-cup-with-lid.jpg","contentUrl":"https:\/\/www.dillerbottle.com\/wp-content\/uploads\/2024\/09\/insulated-tumbler-cup-with-lid.jpg","width":800,"height":800},{"@type":"BreadcrumbList","@id":"https:\/\/www.dillerbottle.com\/vn\/cac-san-pham\/coc-thuy-tinh-cach-nhiet-co-nap#breadcrumb","itemListElement":[{"@type":"ListItem","position":1,"name":"Home","item":"https:\/\/www.dillerbottle.com\/"},{"@type":"ListItem","position":2,"name":"Products","item":"https:\/\/www.dillerbottle.com\/shop"},{"@type":"ListItem","position":3,"name":"Insulated Tumbler Cup With Lid"}]},{"@type":"WebSite","@id":"https:\/\/www.dillerbottle.com\/#website","url":"https:\/\/www.dillerbottle.com\/","name":"Diller Su \u015ei\u015fesi \u00dcreticisi","description":"Su \u015ei\u015fesi \u00dcreticisi","publisher":{"@id":"https:\/\/www.dillerbottle.com\/#organization"},"potentialAction":[{"@type":"SearchAction","target":{"@type":"EntryPoint","urlTemplate":"https:\/\/www.dillerbottle.com\/?s={search_term_string}"},"query-input":{"@type":"PropertyValueSpecification","valueRequired":true,"valueName":"search_term_string"}}],"inLanguage":"tr"},{"@type":"Organization","@id":"https:\/\/www.dillerbottle.com\/#organization","name":"Diller Su \u015ei\u015fesi \u00dcreticisi","url":"https:\/\/www.dillerbottle.com\/","logo":{"@type":"ImageObject","inLanguage":"tr","@id":"https:\/\/www.dillerbottle.com\/#\/schema\/logo\/image\/","url":"https:\/\/www.dillerbottle.com\/wp-content\/uploads\/2024\/09\/49918bfa848dcc1e9f8b509933603ac.png","contentUrl":"https:\/\/www.dillerbottle.com\/wp-content\/uploads\/2024\/09\/49918bfa848dcc1e9f8b509933603ac.png","width":988,"height":198,"caption":"Diller Water Bottle Manufacturer"},"image":{"@id":"https:\/\/www.dillerbottle.com\/#\/schema\/logo\/image\/"}}]}},"_links":{"self":[{"href":"https:\/\/www.dillerbottle.com\/tr\/wp-json\/wp\/v2\/product\/11597","targetHints":{"allow":["GET"]}}],"collection":[{"href":"https:\/\/www.dillerbottle.com\/tr\/wp-json\/wp\/v2\/product"}],"about":[{"href":"https:\/\/www.dillerbottle.com\/tr\/wp-json\/wp\/v2\/types\/product"}],"replies":[{"embeddable":true,"href":"https:\/\/www.dillerbottle.com\/tr\/wp-json\/wp\/v2\/comments?post=11597"}],"wp:featuredmedia":[{"embeddable":true,"href":"https:\/\/www.dillerbottle.com\/tr\/wp-json\/wp\/v2\/media\/15015"}],"wp:attachment":[{"href":"https:\/\/www.dillerbottle.com\/tr\/wp-json\/wp\/v2\/media?parent=11597"}],"wp:term":[{"taxonomy":"product_brand","embeddable":true,"href":"https:\/\/www.dillerbottle.com\/tr\/wp-json\/wp\/v2\/product_brand?post=11597"},{"taxonomy":"product_cat","embeddable":true,"href":"https:\/\/www.dillerbottle.com\/tr\/wp-json\/wp\/v2\/product_cat?post=11597"},{"taxonomy":"product_tag","embeddable":true,"href":"https:\/\/www.dillerbottle.com\/tr\/wp-json\/wp\/v2\/product_tag?post=11597"}],"curies":[{"name":"wp","href":"https:\/\/api.w.org\/{rel}","templated":true}]}}