{"id":11731,"date":"2024-09-29T15:00:26","date_gmt":"2024-09-29T07:00:26","guid":{"rendered":"https:\/\/demo.dillerbottle.com\/products\/thermos-flask-1l"},"modified":"2025-07-09T11:08:50","modified_gmt":"2025-07-09T03:08:50","slug":"termos-1l","status":"publish","type":"product","link":"https:\/\/www.dillerbottle.com\/tr\/products\/thermos-flask-1l","title":{"rendered":"Termos Matara 1l"},"content":{"rendered":"<p>1.304 paslanmaz \u00e7elik vakum yal\u0131t\u0131m\u0131 i\u00e7ecekleri 18 saate kadar s\u0131cak, 24 saate kadar so\u011fuk tutar.<br \/>\n2. Ta\u015f\u0131nabilir ipiyle b\u00fcy\u00fck kapasiteli bu vakumlu termos, seyahat, t\u0131rmanma ve y\u00fcr\u00fcy\u00fc\u015f i\u00e7in en iyi se\u00e7imdir.<br \/>\n3.3 boyut (1000ml, 800ml, 500ml), b\u00fcy\u00fck kapasite g\u00fcnl\u00fck ihtiyac\u0131n\u0131z\u0131 kar\u015f\u0131layacak kadar b\u00fcy\u00fckt\u00fcr: 8709;; Renkler: Siyah UPC: 6933655195866Mavi UPC: 6933655155730Alt\u0131n; UPC: 6933655117462Silvery UPC: 6933655124538Anahtar noktalar:BPA \u0130\u00c7ERMEYEN GIDA SINIFI 18\/8 PASLANMAZ \u00c7EL\u0130K YAPI: T\u00fcm malzemeler BPA i\u00e7ermez (toksik de\u011fildir) ve kokuya\/pasa dayan\u0131kl\u0131d\u0131r. 18\/8 Paslanmaz \u00c7elik, mukavemeti ve safl\u0131\u011f\u0131 ile tan\u0131nan g\u0131da s\u0131n\u0131f\u0131 s\u0131zd\u0131rmayan bir metaldir.12 SAATE KADAR SICAK 24 SAATE KADAR SO\u011eUK: DILLER'in Yenilik\u00e7i Vakum Yal\u0131t\u0131m teknolojisini kullanarak, DILLER vakumlu bardak havay\u0131 d\u0131\u015far\u0131da tutar ve \u00e7ift duvar aras\u0131nda bir vakum olu\u015fturarak d\u0131\u015f s\u0131cakl\u0131\u011f\u0131n etkisini en aza indirir.AYRILAB\u0130L\u0130R MEYVE \u0130NF\u00dcZ\u00d6R\u00dc VEYA \u00c7AY F\u0130LTRES\u0130: Bir \u015ei\u015fe. Herhangi bir i\u00e7ecek. B\u00fct\u00fcn g\u00fcn buz gibi so\u011fuk veya s\u0131cak. \u00c7\u0131kar\u0131labilir filtre tak\u0131l\u0131r, b\u00f6ylece meyve demleyebilir veya gev\u015fek yaprakl\u0131 \u00e7ay\u0131n tad\u0131n\u0131 \u00e7\u0131karabilirsiniz.EV \/ \u0130\u015e \/ SEYAHAT \/ DI\u015e MEKAN AKT\u0130V\u0130TELER\u0130 \u0130\u00c7\u0130N M\u00dcKEMMEL - Bardak tutuculara s\u0131\u011far, Dayan\u0131kl\u0131 K\u0131r\u0131lmaz paslanmaz \u00e7elik i\u00e7 ve d\u0131\u015f k\u0131s\u0131m. Ofiste, spor salonunda, y\u00fcr\u00fcy\u00fc\u015fte, bisiklette, kampta veya yogada olsun, i\u00e7 \/ d\u0131\u015f mekan aktiviteleri i\u00e7in m\u00fckemmeldir ve cam gibi k\u0131r\u0131lmaz GARANT\u0130 VE M\u00dc\u015eTER\u0130 H\u0130ZMETLER\u0130: \u00dcst d\u00fczey ve zarif tasar\u0131m, keyifli bir al\u0131\u015fveri\u015f deneyimi ya\u015faman\u0131z\u0131 sa\u011flar. Ve herhangi bir sorunuz varsa l\u00fctfen \u00f6nce bizimle ileti\u015fime ge\u00e7in \uff0c \u00fcr\u00fcn\u00fcm\u00fcz\u00fc be\u011fendiyseniz \u00e7ok memnun olaca\u011f\u0131z.<\/p>","protected":false},"excerpt":{"rendered":"<p>\u00d6zellikler: 1.304 paslanmaz \u00e7elik vakum yal\u0131t\u0131m\u0131 i\u00e7ecekleri 18 saate kadar s\u0131cak, 24 saate kadar so\u011fuk tutar.<br \/>\n2. Ta\u015f\u0131nabilir ipiyle b\u00fcy\u00fck kapasiteli bu vakumlu termos, seyahat, t\u0131rmanma ve y\u00fcr\u00fcy\u00fc\u015f i\u00e7in en iyi se\u00e7imdir.<br \/>\n3.3 boyut (1000ml, 800ml, 500ml), b\u00fcy\u00fck kapasite yeterince b\u00fcy\u00fckt\u00fcr\u2026<\/p>","protected":false},"featured_media":11732,"comment_status":"open","ping_status":"closed","template":"","meta":{"_acf_changed":false},"product_brand":[],"product_cat":[18],"product_tag":[32,214,36,33,31,733,39,38,29,37,34,35,563,817,28,993,870,559,30],"class_list":{"0":"post-11731","1":"product","2":"type-product","3":"status-publish","4":"has-post-thumbnail","6":"product_cat-insulated-water-bottle","7":"product_tag-best","8":"product_tag-blue-water-bottles","9":"product_tag-bulk","10":"product_tag-buy","11":"product_tag-custom","12":"product_tag-custom-water-bottle-logo","13":"product_tag-for-sale","14":"product_tag-good-quality","15":"product_tag-manufacturers","16":"product_tag-manufacturing","17":"product_tag-price","18":"product_tag-small","19":"product_tag-stainless-steel-sports-water-bottles-with-straw","20":"product_tag-steel-double-walled-water-bottle-travel-bottle","21":"product_tag-suppliers","22":"product_tag-thermos-flask-1l","23":"product_tag-water-bottle-gift-set","24":"product_tag-water-bottles-with-handle","25":"product_tag-wholesale","27":"first","28":"instock","29":"shipping-taxable","30":"product-type-simple"},"acf":[],"yoast_head":"<!-- This site is optimized with the Yoast SEO Premium plugin v27.4 (Yoast SEO v27.4) - https:\/\/yoast.com\/product\/yoast-seo-premium-wordpress\/ -->\n<title>Thermos Flask 1l - Diller Water Bottle Manufacturer<\/title>\n<meta name=\"description\" content=\"As one of the best thermos flask 1l manufacturers and suppliers, we are engaged in manufacturing good quality water bottles. We warmly welcome you to wholesale or buy custom made thermos flask 1l at competitive price from us. Also, small quantity orders are acceptable.\" \/>\n<meta name=\"robots\" content=\"index, follow, max-snippet:-1, max-image-preview:large, max-video-preview:-1\" \/>\n<link rel=\"canonical\" href=\"https:\/\/www.dillerbottle.com\/tr\/urunler\/termos-1l\" \/>\n<meta property=\"og:locale\" content=\"tr_TR\" \/>\n<meta property=\"og:type\" content=\"article\" \/>\n<meta property=\"og:title\" content=\"Thermos Flask 1l\" \/>\n<meta property=\"og:description\" content=\"As one of the best thermos flask 1l manufacturers and suppliers, we are engaged in manufacturing good quality water bottles. We warmly welcome you to wholesale or buy custom made thermos flask 1l at competitive price from us. Also, small quantity orders are acceptable.\" \/>\n<meta property=\"og:url\" content=\"https:\/\/www.dillerbottle.com\/tr\/urunler\/termos-1l\" \/>\n<meta property=\"og:site_name\" content=\"Diller Water Bottle Manufacturer\" \/>\n<meta property=\"article:modified_time\" content=\"2025-07-09T03:08:50+00:00\" \/>\n<meta property=\"og:image\" content=\"https:\/\/www.dillerbottle.com\/wp-content\/uploads\/2024\/09\/thermos-flask-1l34594479553.jpg\" \/>\n\t<meta property=\"og:image:width\" content=\"730\" \/>\n\t<meta property=\"og:image:height\" content=\"730\" \/>\n\t<meta property=\"og:image:type\" content=\"image\/jpeg\" \/>\n<meta name=\"twitter:card\" content=\"summary_large_image\" \/>\n<meta name=\"twitter:label1\" content=\"Tahmini okuma s\u00fcresi\" \/>\n\t<meta name=\"twitter:data1\" content=\"3 dakika\" \/>\n<script type=\"application\/ld+json\" class=\"yoast-schema-graph\">{\"@context\":\"https:\\\/\\\/schema.org\",\"@graph\":[{\"@type\":\"WebPage\",\"@id\":\"https:\\\/\\\/www.dillerbottle.com\\\/de\\\/produkte\\\/thermoskanne-1l\",\"url\":\"https:\\\/\\\/www.dillerbottle.com\\\/de\\\/produkte\\\/thermoskanne-1l\",\"name\":\"Thermos Flask 1l - Diller Water Bottle Manufacturer\",\"isPartOf\":{\"@id\":\"https:\\\/\\\/www.dillerbottle.com\\\/#website\"},\"primaryImageOfPage\":{\"@id\":\"https:\\\/\\\/www.dillerbottle.com\\\/de\\\/produkte\\\/thermoskanne-1l#primaryimage\"},\"image\":{\"@id\":\"https:\\\/\\\/www.dillerbottle.com\\\/de\\\/produkte\\\/thermoskanne-1l#primaryimage\"},\"thumbnailUrl\":\"https:\\\/\\\/www.dillerbottle.com\\\/wp-content\\\/uploads\\\/2024\\\/09\\\/thermos-flask-1l34594479553.jpg\",\"datePublished\":\"2024-09-29T07:00:26+00:00\",\"dateModified\":\"2025-07-09T03:08:50+00:00\",\"description\":\"As one of the best thermos flask 1l manufacturers and suppliers, we are engaged in manufacturing good quality water bottles. We warmly welcome you to wholesale or buy custom made thermos flask 1l at competitive price from us. Also, small quantity orders are acceptable.\",\"breadcrumb\":{\"@id\":\"https:\\\/\\\/www.dillerbottle.com\\\/de\\\/produkte\\\/thermoskanne-1l#breadcrumb\"},\"inLanguage\":\"tr\",\"potentialAction\":[{\"@type\":\"ReadAction\",\"target\":[\"https:\\\/\\\/www.dillerbottle.com\\\/de\\\/produkte\\\/thermoskanne-1l\"]}]},{\"@type\":\"ImageObject\",\"inLanguage\":\"tr\",\"@id\":\"https:\\\/\\\/www.dillerbottle.com\\\/de\\\/produkte\\\/thermoskanne-1l#primaryimage\",\"url\":\"https:\\\/\\\/www.dillerbottle.com\\\/wp-content\\\/uploads\\\/2024\\\/09\\\/thermos-flask-1l34594479553.jpg\",\"contentUrl\":\"https:\\\/\\\/www.dillerbottle.com\\\/wp-content\\\/uploads\\\/2024\\\/09\\\/thermos-flask-1l34594479553.jpg\",\"width\":730,\"height\":730},{\"@type\":\"BreadcrumbList\",\"@id\":\"https:\\\/\\\/www.dillerbottle.com\\\/de\\\/produkte\\\/thermoskanne-1l#breadcrumb\",\"itemListElement\":[{\"@type\":\"ListItem\",\"position\":1,\"name\":\"Home\",\"item\":\"https:\\\/\\\/www.dillerbottle.com\\\/\"},{\"@type\":\"ListItem\",\"position\":2,\"name\":\"Products\",\"item\":\"https:\\\/\\\/www.dillerbottle.com\\\/shop\"},{\"@type\":\"ListItem\",\"position\":3,\"name\":\"Thermos Flask 1l\"}]},{\"@type\":\"WebSite\",\"@id\":\"https:\\\/\\\/www.dillerbottle.com\\\/#website\",\"url\":\"https:\\\/\\\/www.dillerbottle.com\\\/\",\"name\":\"Diller Water Bottle Manufacturer\",\"description\":\"Water Bottle Manufacturer\",\"publisher\":{\"@id\":\"https:\\\/\\\/www.dillerbottle.com\\\/#organization\"},\"potentialAction\":[{\"@type\":\"SearchAction\",\"target\":{\"@type\":\"EntryPoint\",\"urlTemplate\":\"https:\\\/\\\/www.dillerbottle.com\\\/?s={search_term_string}\"},\"query-input\":{\"@type\":\"PropertyValueSpecification\",\"valueRequired\":true,\"valueName\":\"search_term_string\"}}],\"inLanguage\":\"tr\"},{\"@type\":\"Organization\",\"@id\":\"https:\\\/\\\/www.dillerbottle.com\\\/#organization\",\"name\":\"Diller Water Bottle Manufacturer\",\"url\":\"https:\\\/\\\/www.dillerbottle.com\\\/\",\"logo\":{\"@type\":\"ImageObject\",\"inLanguage\":\"tr\",\"@id\":\"https:\\\/\\\/www.dillerbottle.com\\\/#\\\/schema\\\/logo\\\/image\\\/\",\"url\":\"https:\\\/\\\/www.dillerbottle.com\\\/wp-content\\\/uploads\\\/2024\\\/09\\\/49918bfa848dcc1e9f8b509933603ac.png\",\"contentUrl\":\"https:\\\/\\\/www.dillerbottle.com\\\/wp-content\\\/uploads\\\/2024\\\/09\\\/49918bfa848dcc1e9f8b509933603ac.png\",\"width\":988,\"height\":198,\"caption\":\"Diller Water Bottle Manufacturer\"},\"image\":{\"@id\":\"https:\\\/\\\/www.dillerbottle.com\\\/#\\\/schema\\\/logo\\\/image\\\/\"}}]}<\/script>\n<!-- \/ Yoast SEO Premium plugin. -->","yoast_head_json":{"title":"Termos Matara 1l - Diller Su \u015ei\u015fesi \u00dcreticisi","description":"En iyi termos matara 1l \u00fcreticilerinden ve tedarik\u00e7ilerinden biri olarak, kaliteli su \u015fi\u015feleri \u00fcretiyoruz. Toptan sat\u0131\u015f yapman\u0131z\u0131 veya bizden rekabet\u00e7i fiyatlarla \u00f6zel yap\u0131m termos matara 1l sat\u0131n alman\u0131z\u0131 i\u00e7tenlikle bekliyoruz. Ayr\u0131ca, k\u00fc\u00e7\u00fck miktarda sipari\u015fler de kabul edilebilir.","robots":{"index":"index","follow":"follow","max-snippet":"max-snippet:-1","max-image-preview":"max-image-preview:large","max-video-preview":"max-video-preview:-1"},"canonical":"https:\/\/www.dillerbottle.com\/tr\/urunler\/termos-1l","og_locale":"tr_TR","og_type":"article","og_title":"Thermos Flask 1l","og_description":"As one of the best thermos flask 1l manufacturers and suppliers, we are engaged in manufacturing good quality water bottles. We warmly welcome you to wholesale or buy custom made thermos flask 1l at competitive price from us. Also, small quantity orders are acceptable.","og_url":"https:\/\/www.dillerbottle.com\/tr\/urunler\/termos-1l","og_site_name":"Diller Water Bottle Manufacturer","article_modified_time":"2025-07-09T03:08:50+00:00","og_image":[{"width":730,"height":730,"url":"https:\/\/www.dillerbottle.com\/wp-content\/uploads\/2024\/09\/thermos-flask-1l34594479553.jpg","type":"image\/jpeg"}],"twitter_card":"summary_large_image","twitter_misc":{"Tahmini okuma s\u00fcresi":"3 dakika"},"schema":{"@context":"https:\/\/schema.org","@graph":[{"@type":"WebPage","@id":"https:\/\/www.dillerbottle.com\/de\/produkte\/thermoskanne-1l","url":"https:\/\/www.dillerbottle.com\/de\/produkte\/thermoskanne-1l","name":"Termos Matara 1l - Diller Su \u015ei\u015fesi \u00dcreticisi","isPartOf":{"@id":"https:\/\/www.dillerbottle.com\/#website"},"primaryImageOfPage":{"@id":"https:\/\/www.dillerbottle.com\/de\/produkte\/thermoskanne-1l#primaryimage"},"image":{"@id":"https:\/\/www.dillerbottle.com\/de\/produkte\/thermoskanne-1l#primaryimage"},"thumbnailUrl":"https:\/\/www.dillerbottle.com\/wp-content\/uploads\/2024\/09\/thermos-flask-1l34594479553.jpg","datePublished":"2024-09-29T07:00:26+00:00","dateModified":"2025-07-09T03:08:50+00:00","description":"En iyi termos matara 1l \u00fcreticilerinden ve tedarik\u00e7ilerinden biri olarak, kaliteli su \u015fi\u015feleri \u00fcretiyoruz. Toptan sat\u0131\u015f yapman\u0131z\u0131 veya bizden rekabet\u00e7i fiyatlarla \u00f6zel yap\u0131m termos matara 1l sat\u0131n alman\u0131z\u0131 i\u00e7tenlikle bekliyoruz. Ayr\u0131ca, k\u00fc\u00e7\u00fck miktarda sipari\u015fler de kabul edilebilir.","breadcrumb":{"@id":"https:\/\/www.dillerbottle.com\/de\/produkte\/thermoskanne-1l#breadcrumb"},"inLanguage":"tr","potentialAction":[{"@type":"ReadAction","target":["https:\/\/www.dillerbottle.com\/de\/produkte\/thermoskanne-1l"]}]},{"@type":"ImageObject","inLanguage":"tr","@id":"https:\/\/www.dillerbottle.com\/de\/produkte\/thermoskanne-1l#primaryimage","url":"https:\/\/www.dillerbottle.com\/wp-content\/uploads\/2024\/09\/thermos-flask-1l34594479553.jpg","contentUrl":"https:\/\/www.dillerbottle.com\/wp-content\/uploads\/2024\/09\/thermos-flask-1l34594479553.jpg","width":730,"height":730},{"@type":"BreadcrumbList","@id":"https:\/\/www.dillerbottle.com\/de\/produkte\/thermoskanne-1l#breadcrumb","itemListElement":[{"@type":"ListItem","position":1,"name":"Home","item":"https:\/\/www.dillerbottle.com\/"},{"@type":"ListItem","position":2,"name":"Products","item":"https:\/\/www.dillerbottle.com\/shop"},{"@type":"ListItem","position":3,"name":"Thermos Flask 1l"}]},{"@type":"WebSite","@id":"https:\/\/www.dillerbottle.com\/#website","url":"https:\/\/www.dillerbottle.com\/","name":"Diller Su \u015ei\u015fesi \u00dcreticisi","description":"Su \u015ei\u015fesi \u00dcreticisi","publisher":{"@id":"https:\/\/www.dillerbottle.com\/#organization"},"potentialAction":[{"@type":"SearchAction","target":{"@type":"EntryPoint","urlTemplate":"https:\/\/www.dillerbottle.com\/?s={search_term_string}"},"query-input":{"@type":"PropertyValueSpecification","valueRequired":true,"valueName":"search_term_string"}}],"inLanguage":"tr"},{"@type":"Organization","@id":"https:\/\/www.dillerbottle.com\/#organization","name":"Diller Su \u015ei\u015fesi \u00dcreticisi","url":"https:\/\/www.dillerbottle.com\/","logo":{"@type":"ImageObject","inLanguage":"tr","@id":"https:\/\/www.dillerbottle.com\/#\/schema\/logo\/image\/","url":"https:\/\/www.dillerbottle.com\/wp-content\/uploads\/2024\/09\/49918bfa848dcc1e9f8b509933603ac.png","contentUrl":"https:\/\/www.dillerbottle.com\/wp-content\/uploads\/2024\/09\/49918bfa848dcc1e9f8b509933603ac.png","width":988,"height":198,"caption":"Diller Water Bottle Manufacturer"},"image":{"@id":"https:\/\/www.dillerbottle.com\/#\/schema\/logo\/image\/"}}]}},"_links":{"self":[{"href":"https:\/\/www.dillerbottle.com\/tr\/wp-json\/wp\/v2\/product\/11731","targetHints":{"allow":["GET"]}}],"collection":[{"href":"https:\/\/www.dillerbottle.com\/tr\/wp-json\/wp\/v2\/product"}],"about":[{"href":"https:\/\/www.dillerbottle.com\/tr\/wp-json\/wp\/v2\/types\/product"}],"replies":[{"embeddable":true,"href":"https:\/\/www.dillerbottle.com\/tr\/wp-json\/wp\/v2\/comments?post=11731"}],"wp:featuredmedia":[{"embeddable":true,"href":"https:\/\/www.dillerbottle.com\/tr\/wp-json\/wp\/v2\/media\/11732"}],"wp:attachment":[{"href":"https:\/\/www.dillerbottle.com\/tr\/wp-json\/wp\/v2\/media?parent=11731"}],"wp:term":[{"taxonomy":"product_brand","embeddable":true,"href":"https:\/\/www.dillerbottle.com\/tr\/wp-json\/wp\/v2\/product_brand?post=11731"},{"taxonomy":"product_cat","embeddable":true,"href":"https:\/\/www.dillerbottle.com\/tr\/wp-json\/wp\/v2\/product_cat?post=11731"},{"taxonomy":"product_tag","embeddable":true,"href":"https:\/\/www.dillerbottle.com\/tr\/wp-json\/wp\/v2\/product_tag?post=11731"}],"curies":[{"name":"wp","href":"https:\/\/api.w.org\/{rel}","templated":true}]}}