{"id":11741,"date":"2024-09-29T15:00:32","date_gmt":"2024-09-29T07:00:32","guid":{"rendered":"https:\/\/demo.dillerbottle.com\/products\/2l-thermos-flask"},"modified":"2025-07-09T11:08:40","modified_gmt":"2025-07-09T03:08:40","slug":"2l-termos","status":"publish","type":"product","link":"https:\/\/www.dillerbottle.com\/tr\/products\/2l-thermos-flask","title":{"rendered":"2l Termos Matara"},"content":{"rendered":"<p>1. 304 paslanmaz \u00e7elikten yap\u0131lm\u0131\u015f 2l termos, \u00e7ift duvarl\u0131 vakum yal\u0131t\u0131ml\u0131. Dayan\u0131kl\u0131 ve pratik. \u0130\u00e7ece\u011fi 12 saat so\u011fuk ve 24 saat s\u0131cak tutabilir.<br \/>\n2.1.2L \/ 2L \/<br \/>\nTa\u015f\u0131nabilir sapl\u0131 2.2L b\u00fcy\u00fck kapasite.<br \/>\n3. Tek basmal\u0131 a\u00e7ma d\u00fc\u011fmeli kapak tasar\u0131m\u0131, suyu a\u00e7\u0131p i\u00e7mek kolayd\u0131r ve d\u0131\u015f kapak bardak olarak kullan\u0131labilir.<br \/>\n4.Bu b\u00fcy\u00fck termos evde, ofiste, kampta ve seyahatte kullan\u0131labilir.<\/p>","protected":false},"excerpt":{"rendered":"<p>\u00d6zellikler: 1. 2l termos 304 paslanmaz \u00e7elikten yap\u0131lm\u0131\u015f, \u00e7ift duvarl\u0131 vakum yal\u0131t\u0131ml\u0131d\u0131r. Dayan\u0131kl\u0131 ve pratiktir.<br \/>\n\u0130\u00e7ece\u011finizi 12 saat so\u011fuk, 24 saat s\u0131cak tutabilir.<br \/>\n2.1.2L \/ 2L \/ 2.2L Ta\u015f\u0131nabilir sapl\u0131 b\u00fcy\u00fck kapasite.<br \/>\n3. Tek tu\u015fla a\u00e7\u0131lan kapak tasar\u0131m\u0131, a\u00e7\u0131l\u0131p i\u00e7ilmesi kolayd\u0131r\u2026<\/p>","protected":false},"featured_media":11742,"comment_status":"open","ping_status":"closed","template":"","meta":{"_acf_changed":false},"product_brand":[],"product_cat":[18],"product_tag":[994,32,36,33,521,31,39,38,566,29,37,34,815,35,804,28,796,739,30],"class_list":{"0":"post-11741","1":"product","2":"type-product","3":"status-publish","4":"has-post-thumbnail","6":"product_cat-insulated-water-bottle","7":"product_tag-2l-thermos-flask","8":"product_tag-best","9":"product_tag-bulk","10":"product_tag-buy","11":"product_tag-cup-outdoor-travel-sports-water-bottle-with-handle","12":"product_tag-custom","13":"product_tag-for-sale","14":"product_tag-good-quality","15":"product_tag-kawaii-water-bottle","16":"product_tag-manufacturers","17":"product_tag-manufacturing","18":"product_tag-price","19":"product_tag-reusable-water-bottles","20":"product_tag-small","21":"product_tag-stainless-steel-water-bottles-with-straw","22":"product_tag-suppliers","23":"product_tag-water-bottle-transparent","24":"product_tag-water-bottle-wood-lid","25":"product_tag-wholesale","27":"first","28":"instock","29":"shipping-taxable","30":"product-type-simple"},"acf":[],"yoast_head":"<!-- This site is optimized with the Yoast SEO Premium plugin v27.5 (Yoast SEO v27.5) - https:\/\/yoast.com\/product\/yoast-seo-premium-wordpress\/ -->\n<title>2l Thermos Flask - Diller Water Bottle Manufacturer<\/title>\n<meta name=\"description\" content=\"As one of the best 2l thermos flask manufacturers and suppliers, we are engaged in manufacturing good quality water bottles. We warmly welcome you to wholesale or buy custom made 2l thermos flask at competitive price from us. Also, small quantity orders are acceptable.\" \/>\n<meta name=\"robots\" content=\"index, follow, max-snippet:-1, max-image-preview:large, max-video-preview:-1\" \/>\n<link rel=\"canonical\" href=\"https:\/\/www.dillerbottle.com\/tr\/urunler\/2l-termos\" \/>\n<meta property=\"og:locale\" content=\"tr_TR\" \/>\n<meta property=\"og:type\" content=\"article\" \/>\n<meta property=\"og:title\" content=\"2l Thermos Flask\" \/>\n<meta property=\"og:description\" content=\"As one of the best 2l thermos flask manufacturers and suppliers, we are engaged in manufacturing good quality water bottles. We warmly welcome you to wholesale or buy custom made 2l thermos flask at competitive price from us. Also, small quantity orders are acceptable.\" \/>\n<meta property=\"og:url\" content=\"https:\/\/www.dillerbottle.com\/tr\/urunler\/2l-termos\" \/>\n<meta property=\"og:site_name\" content=\"Diller Water Bottle Manufacturer\" \/>\n<meta property=\"article:modified_time\" content=\"2025-07-09T03:08:40+00:00\" \/>\n<meta property=\"og:image\" content=\"https:\/\/www.dillerbottle.com\/wp-content\/uploads\/2024\/09\/2l-thermos-flask39066773651.jpg\" \/>\n\t<meta property=\"og:image:width\" content=\"730\" \/>\n\t<meta property=\"og:image:height\" content=\"730\" \/>\n\t<meta property=\"og:image:type\" content=\"image\/jpeg\" \/>\n<meta name=\"twitter:card\" content=\"summary_large_image\" \/>\n<meta name=\"twitter:label1\" content=\"Tahmini okuma s\u00fcresi\" \/>\n\t<meta name=\"twitter:data1\" content=\"2 dakika\" \/>\n<script type=\"application\/ld+json\" class=\"yoast-schema-graph\">{\"@context\":\"https:\\\/\\\/schema.org\",\"@graph\":[{\"@type\":\"WebPage\",\"@id\":\"https:\\\/\\\/www.dillerbottle.com\\\/th\\\/%e0%b8%aa%e0%b8%b4%e0%b8%99%e0%b8%84%e0%b9%89%e0%b8%b2\\\/%e0%b8%81%e0%b8%a3%e0%b8%b0%e0%b8%95%e0%b8%b4%e0%b8%81%e0%b8%99%e0%b9%89%e0%b8%b3%e0%b8%a3%e0%b9%89%e0%b8%ad%e0%b8%99-2-%e0%b8%a5%e0%b8%b4%e0%b8%95%e0%b8%a3\",\"url\":\"https:\\\/\\\/www.dillerbottle.com\\\/th\\\/%e0%b8%aa%e0%b8%b4%e0%b8%99%e0%b8%84%e0%b9%89%e0%b8%b2\\\/%e0%b8%81%e0%b8%a3%e0%b8%b0%e0%b8%95%e0%b8%b4%e0%b8%81%e0%b8%99%e0%b9%89%e0%b8%b3%e0%b8%a3%e0%b9%89%e0%b8%ad%e0%b8%99-2-%e0%b8%a5%e0%b8%b4%e0%b8%95%e0%b8%a3\",\"name\":\"2l Thermos Flask - Diller Water Bottle Manufacturer\",\"isPartOf\":{\"@id\":\"https:\\\/\\\/www.dillerbottle.com\\\/#website\"},\"primaryImageOfPage\":{\"@id\":\"https:\\\/\\\/www.dillerbottle.com\\\/th\\\/%e0%b8%aa%e0%b8%b4%e0%b8%99%e0%b8%84%e0%b9%89%e0%b8%b2\\\/%e0%b8%81%e0%b8%a3%e0%b8%b0%e0%b8%95%e0%b8%b4%e0%b8%81%e0%b8%99%e0%b9%89%e0%b8%b3%e0%b8%a3%e0%b9%89%e0%b8%ad%e0%b8%99-2-%e0%b8%a5%e0%b8%b4%e0%b8%95%e0%b8%a3#primaryimage\"},\"image\":{\"@id\":\"https:\\\/\\\/www.dillerbottle.com\\\/th\\\/%e0%b8%aa%e0%b8%b4%e0%b8%99%e0%b8%84%e0%b9%89%e0%b8%b2\\\/%e0%b8%81%e0%b8%a3%e0%b8%b0%e0%b8%95%e0%b8%b4%e0%b8%81%e0%b8%99%e0%b9%89%e0%b8%b3%e0%b8%a3%e0%b9%89%e0%b8%ad%e0%b8%99-2-%e0%b8%a5%e0%b8%b4%e0%b8%95%e0%b8%a3#primaryimage\"},\"thumbnailUrl\":\"https:\\\/\\\/www.dillerbottle.com\\\/wp-content\\\/uploads\\\/2024\\\/09\\\/2l-thermos-flask39066773651.jpg\",\"datePublished\":\"2024-09-29T07:00:32+00:00\",\"dateModified\":\"2025-07-09T03:08:40+00:00\",\"description\":\"As one of the best 2l thermos flask manufacturers and suppliers, we are engaged in manufacturing good quality water bottles. We warmly welcome you to wholesale or buy custom made 2l thermos flask at competitive price from us. Also, small quantity orders are acceptable.\",\"breadcrumb\":{\"@id\":\"https:\\\/\\\/www.dillerbottle.com\\\/th\\\/%e0%b8%aa%e0%b8%b4%e0%b8%99%e0%b8%84%e0%b9%89%e0%b8%b2\\\/%e0%b8%81%e0%b8%a3%e0%b8%b0%e0%b8%95%e0%b8%b4%e0%b8%81%e0%b8%99%e0%b9%89%e0%b8%b3%e0%b8%a3%e0%b9%89%e0%b8%ad%e0%b8%99-2-%e0%b8%a5%e0%b8%b4%e0%b8%95%e0%b8%a3#breadcrumb\"},\"inLanguage\":\"tr\",\"potentialAction\":[{\"@type\":\"ReadAction\",\"target\":[\"https:\\\/\\\/www.dillerbottle.com\\\/th\\\/%e0%b8%aa%e0%b8%b4%e0%b8%99%e0%b8%84%e0%b9%89%e0%b8%b2\\\/%e0%b8%81%e0%b8%a3%e0%b8%b0%e0%b8%95%e0%b8%b4%e0%b8%81%e0%b8%99%e0%b9%89%e0%b8%b3%e0%b8%a3%e0%b9%89%e0%b8%ad%e0%b8%99-2-%e0%b8%a5%e0%b8%b4%e0%b8%95%e0%b8%a3\"]}]},{\"@type\":\"ImageObject\",\"inLanguage\":\"tr\",\"@id\":\"https:\\\/\\\/www.dillerbottle.com\\\/th\\\/%e0%b8%aa%e0%b8%b4%e0%b8%99%e0%b8%84%e0%b9%89%e0%b8%b2\\\/%e0%b8%81%e0%b8%a3%e0%b8%b0%e0%b8%95%e0%b8%b4%e0%b8%81%e0%b8%99%e0%b9%89%e0%b8%b3%e0%b8%a3%e0%b9%89%e0%b8%ad%e0%b8%99-2-%e0%b8%a5%e0%b8%b4%e0%b8%95%e0%b8%a3#primaryimage\",\"url\":\"https:\\\/\\\/www.dillerbottle.com\\\/wp-content\\\/uploads\\\/2024\\\/09\\\/2l-thermos-flask39066773651.jpg\",\"contentUrl\":\"https:\\\/\\\/www.dillerbottle.com\\\/wp-content\\\/uploads\\\/2024\\\/09\\\/2l-thermos-flask39066773651.jpg\",\"width\":730,\"height\":730},{\"@type\":\"BreadcrumbList\",\"@id\":\"https:\\\/\\\/www.dillerbottle.com\\\/th\\\/%e0%b8%aa%e0%b8%b4%e0%b8%99%e0%b8%84%e0%b9%89%e0%b8%b2\\\/%e0%b8%81%e0%b8%a3%e0%b8%b0%e0%b8%95%e0%b8%b4%e0%b8%81%e0%b8%99%e0%b9%89%e0%b8%b3%e0%b8%a3%e0%b9%89%e0%b8%ad%e0%b8%99-2-%e0%b8%a5%e0%b8%b4%e0%b8%95%e0%b8%a3#breadcrumb\",\"itemListElement\":[{\"@type\":\"ListItem\",\"position\":1,\"name\":\"Home\",\"item\":\"https:\\\/\\\/www.dillerbottle.com\\\/\"},{\"@type\":\"ListItem\",\"position\":2,\"name\":\"Products\",\"item\":\"https:\\\/\\\/www.dillerbottle.com\\\/shop\"},{\"@type\":\"ListItem\",\"position\":3,\"name\":\"2l Thermos Flask\"}]},{\"@type\":\"WebSite\",\"@id\":\"https:\\\/\\\/www.dillerbottle.com\\\/#website\",\"url\":\"https:\\\/\\\/www.dillerbottle.com\\\/\",\"name\":\"Diller Water Bottle Manufacturer\",\"description\":\"Water Bottle Manufacturer\",\"publisher\":{\"@id\":\"https:\\\/\\\/www.dillerbottle.com\\\/#organization\"},\"potentialAction\":[{\"@type\":\"SearchAction\",\"target\":{\"@type\":\"EntryPoint\",\"urlTemplate\":\"https:\\\/\\\/www.dillerbottle.com\\\/?s={search_term_string}\"},\"query-input\":{\"@type\":\"PropertyValueSpecification\",\"valueRequired\":true,\"valueName\":\"search_term_string\"}}],\"inLanguage\":\"tr\"},{\"@type\":\"Organization\",\"@id\":\"https:\\\/\\\/www.dillerbottle.com\\\/#organization\",\"name\":\"Diller Water Bottle Manufacturer\",\"url\":\"https:\\\/\\\/www.dillerbottle.com\\\/\",\"logo\":{\"@type\":\"ImageObject\",\"inLanguage\":\"tr\",\"@id\":\"https:\\\/\\\/www.dillerbottle.com\\\/#\\\/schema\\\/logo\\\/image\\\/\",\"url\":\"https:\\\/\\\/www.dillerbottle.com\\\/wp-content\\\/uploads\\\/2024\\\/09\\\/49918bfa848dcc1e9f8b509933603ac.png\",\"contentUrl\":\"https:\\\/\\\/www.dillerbottle.com\\\/wp-content\\\/uploads\\\/2024\\\/09\\\/49918bfa848dcc1e9f8b509933603ac.png\",\"width\":988,\"height\":198,\"caption\":\"Diller Water Bottle Manufacturer\"},\"image\":{\"@id\":\"https:\\\/\\\/www.dillerbottle.com\\\/#\\\/schema\\\/logo\\\/image\\\/\"}}]}<\/script>\n<!-- \/ Yoast SEO Premium plugin. -->","yoast_head_json":{"title":"2l Termos Matara - Diller Su \u015ei\u015fesi \u00dcreticisi","description":"En iyi 2l termos \u00fcreticilerinden ve tedarik\u00e7ilerinden biri olarak, kaliteli su \u015fi\u015feleri \u00fcretiyoruz. Toptan sat\u0131\u015f yapman\u0131z\u0131 veya bizden rekabet\u00e7i fiyatlarla \u00f6zel yap\u0131m 2l termos sat\u0131n alman\u0131z\u0131 i\u00e7tenlikle bekliyoruz. Ayr\u0131ca, k\u00fc\u00e7\u00fck miktarda sipari\u015fler de kabul edilebilir.","robots":{"index":"index","follow":"follow","max-snippet":"max-snippet:-1","max-image-preview":"max-image-preview:large","max-video-preview":"max-video-preview:-1"},"canonical":"https:\/\/www.dillerbottle.com\/tr\/urunler\/2l-termos","og_locale":"tr_TR","og_type":"article","og_title":"2l Thermos Flask","og_description":"As one of the best 2l thermos flask manufacturers and suppliers, we are engaged in manufacturing good quality water bottles. We warmly welcome you to wholesale or buy custom made 2l thermos flask at competitive price from us. Also, small quantity orders are acceptable.","og_url":"https:\/\/www.dillerbottle.com\/tr\/urunler\/2l-termos","og_site_name":"Diller Water Bottle Manufacturer","article_modified_time":"2025-07-09T03:08:40+00:00","og_image":[{"width":730,"height":730,"url":"https:\/\/www.dillerbottle.com\/wp-content\/uploads\/2024\/09\/2l-thermos-flask39066773651.jpg","type":"image\/jpeg"}],"twitter_card":"summary_large_image","twitter_misc":{"Tahmini okuma s\u00fcresi":"2 dakika"},"schema":{"@context":"https:\/\/schema.org","@graph":[{"@type":"WebPage","@id":"https:\/\/www.dillerbottle.com\/th\/%e0%b8%aa%e0%b8%b4%e0%b8%99%e0%b8%84%e0%b9%89%e0%b8%b2\/%e0%b8%81%e0%b8%a3%e0%b8%b0%e0%b8%95%e0%b8%b4%e0%b8%81%e0%b8%99%e0%b9%89%e0%b8%b3%e0%b8%a3%e0%b9%89%e0%b8%ad%e0%b8%99-2-%e0%b8%a5%e0%b8%b4%e0%b8%95%e0%b8%a3","url":"https:\/\/www.dillerbottle.com\/th\/%e0%b8%aa%e0%b8%b4%e0%b8%99%e0%b8%84%e0%b9%89%e0%b8%b2\/%e0%b8%81%e0%b8%a3%e0%b8%b0%e0%b8%95%e0%b8%b4%e0%b8%81%e0%b8%99%e0%b9%89%e0%b8%b3%e0%b8%a3%e0%b9%89%e0%b8%ad%e0%b8%99-2-%e0%b8%a5%e0%b8%b4%e0%b8%95%e0%b8%a3","name":"2l Termos Matara - Diller Su \u015ei\u015fesi \u00dcreticisi","isPartOf":{"@id":"https:\/\/www.dillerbottle.com\/#website"},"primaryImageOfPage":{"@id":"https:\/\/www.dillerbottle.com\/th\/%e0%b8%aa%e0%b8%b4%e0%b8%99%e0%b8%84%e0%b9%89%e0%b8%b2\/%e0%b8%81%e0%b8%a3%e0%b8%b0%e0%b8%95%e0%b8%b4%e0%b8%81%e0%b8%99%e0%b9%89%e0%b8%b3%e0%b8%a3%e0%b9%89%e0%b8%ad%e0%b8%99-2-%e0%b8%a5%e0%b8%b4%e0%b8%95%e0%b8%a3#primaryimage"},"image":{"@id":"https:\/\/www.dillerbottle.com\/th\/%e0%b8%aa%e0%b8%b4%e0%b8%99%e0%b8%84%e0%b9%89%e0%b8%b2\/%e0%b8%81%e0%b8%a3%e0%b8%b0%e0%b8%95%e0%b8%b4%e0%b8%81%e0%b8%99%e0%b9%89%e0%b8%b3%e0%b8%a3%e0%b9%89%e0%b8%ad%e0%b8%99-2-%e0%b8%a5%e0%b8%b4%e0%b8%95%e0%b8%a3#primaryimage"},"thumbnailUrl":"https:\/\/www.dillerbottle.com\/wp-content\/uploads\/2024\/09\/2l-thermos-flask39066773651.jpg","datePublished":"2024-09-29T07:00:32+00:00","dateModified":"2025-07-09T03:08:40+00:00","description":"En iyi 2l termos \u00fcreticilerinden ve tedarik\u00e7ilerinden biri olarak, kaliteli su \u015fi\u015feleri \u00fcretiyoruz. Toptan sat\u0131\u015f yapman\u0131z\u0131 veya bizden rekabet\u00e7i fiyatlarla \u00f6zel yap\u0131m 2l termos sat\u0131n alman\u0131z\u0131 i\u00e7tenlikle bekliyoruz. Ayr\u0131ca, k\u00fc\u00e7\u00fck miktarda sipari\u015fler de kabul edilebilir.","breadcrumb":{"@id":"https:\/\/www.dillerbottle.com\/th\/%e0%b8%aa%e0%b8%b4%e0%b8%99%e0%b8%84%e0%b9%89%e0%b8%b2\/%e0%b8%81%e0%b8%a3%e0%b8%b0%e0%b8%95%e0%b8%b4%e0%b8%81%e0%b8%99%e0%b9%89%e0%b8%b3%e0%b8%a3%e0%b9%89%e0%b8%ad%e0%b8%99-2-%e0%b8%a5%e0%b8%b4%e0%b8%95%e0%b8%a3#breadcrumb"},"inLanguage":"tr","potentialAction":[{"@type":"ReadAction","target":["https:\/\/www.dillerbottle.com\/th\/%e0%b8%aa%e0%b8%b4%e0%b8%99%e0%b8%84%e0%b9%89%e0%b8%b2\/%e0%b8%81%e0%b8%a3%e0%b8%b0%e0%b8%95%e0%b8%b4%e0%b8%81%e0%b8%99%e0%b9%89%e0%b8%b3%e0%b8%a3%e0%b9%89%e0%b8%ad%e0%b8%99-2-%e0%b8%a5%e0%b8%b4%e0%b8%95%e0%b8%a3"]}]},{"@type":"ImageObject","inLanguage":"tr","@id":"https:\/\/www.dillerbottle.com\/th\/%e0%b8%aa%e0%b8%b4%e0%b8%99%e0%b8%84%e0%b9%89%e0%b8%b2\/%e0%b8%81%e0%b8%a3%e0%b8%b0%e0%b8%95%e0%b8%b4%e0%b8%81%e0%b8%99%e0%b9%89%e0%b8%b3%e0%b8%a3%e0%b9%89%e0%b8%ad%e0%b8%99-2-%e0%b8%a5%e0%b8%b4%e0%b8%95%e0%b8%a3#primaryimage","url":"https:\/\/www.dillerbottle.com\/wp-content\/uploads\/2024\/09\/2l-thermos-flask39066773651.jpg","contentUrl":"https:\/\/www.dillerbottle.com\/wp-content\/uploads\/2024\/09\/2l-thermos-flask39066773651.jpg","width":730,"height":730},{"@type":"BreadcrumbList","@id":"https:\/\/www.dillerbottle.com\/th\/%e0%b8%aa%e0%b8%b4%e0%b8%99%e0%b8%84%e0%b9%89%e0%b8%b2\/%e0%b8%81%e0%b8%a3%e0%b8%b0%e0%b8%95%e0%b8%b4%e0%b8%81%e0%b8%99%e0%b9%89%e0%b8%b3%e0%b8%a3%e0%b9%89%e0%b8%ad%e0%b8%99-2-%e0%b8%a5%e0%b8%b4%e0%b8%95%e0%b8%a3#breadcrumb","itemListElement":[{"@type":"ListItem","position":1,"name":"Home","item":"https:\/\/www.dillerbottle.com\/"},{"@type":"ListItem","position":2,"name":"Products","item":"https:\/\/www.dillerbottle.com\/shop"},{"@type":"ListItem","position":3,"name":"2l Thermos Flask"}]},{"@type":"WebSite","@id":"https:\/\/www.dillerbottle.com\/#website","url":"https:\/\/www.dillerbottle.com\/","name":"Diller Su \u015ei\u015fesi \u00dcreticisi","description":"Su \u015ei\u015fesi \u00dcreticisi","publisher":{"@id":"https:\/\/www.dillerbottle.com\/#organization"},"potentialAction":[{"@type":"SearchAction","target":{"@type":"EntryPoint","urlTemplate":"https:\/\/www.dillerbottle.com\/?s={search_term_string}"},"query-input":{"@type":"PropertyValueSpecification","valueRequired":true,"valueName":"search_term_string"}}],"inLanguage":"tr"},{"@type":"Organization","@id":"https:\/\/www.dillerbottle.com\/#organization","name":"Diller Su \u015ei\u015fesi \u00dcreticisi","url":"https:\/\/www.dillerbottle.com\/","logo":{"@type":"ImageObject","inLanguage":"tr","@id":"https:\/\/www.dillerbottle.com\/#\/schema\/logo\/image\/","url":"https:\/\/www.dillerbottle.com\/wp-content\/uploads\/2024\/09\/49918bfa848dcc1e9f8b509933603ac.png","contentUrl":"https:\/\/www.dillerbottle.com\/wp-content\/uploads\/2024\/09\/49918bfa848dcc1e9f8b509933603ac.png","width":988,"height":198,"caption":"Diller Water Bottle Manufacturer"},"image":{"@id":"https:\/\/www.dillerbottle.com\/#\/schema\/logo\/image\/"}}]}},"_links":{"self":[{"href":"https:\/\/www.dillerbottle.com\/tr\/wp-json\/wp\/v2\/product\/11741","targetHints":{"allow":["GET"]}}],"collection":[{"href":"https:\/\/www.dillerbottle.com\/tr\/wp-json\/wp\/v2\/product"}],"about":[{"href":"https:\/\/www.dillerbottle.com\/tr\/wp-json\/wp\/v2\/types\/product"}],"replies":[{"embeddable":true,"href":"https:\/\/www.dillerbottle.com\/tr\/wp-json\/wp\/v2\/comments?post=11741"}],"wp:featuredmedia":[{"embeddable":true,"href":"https:\/\/www.dillerbottle.com\/tr\/wp-json\/wp\/v2\/media\/11742"}],"wp:attachment":[{"href":"https:\/\/www.dillerbottle.com\/tr\/wp-json\/wp\/v2\/media?parent=11741"}],"wp:term":[{"taxonomy":"product_brand","embeddable":true,"href":"https:\/\/www.dillerbottle.com\/tr\/wp-json\/wp\/v2\/product_brand?post=11741"},{"taxonomy":"product_cat","embeddable":true,"href":"https:\/\/www.dillerbottle.com\/tr\/wp-json\/wp\/v2\/product_cat?post=11741"},{"taxonomy":"product_tag","embeddable":true,"href":"https:\/\/www.dillerbottle.com\/tr\/wp-json\/wp\/v2\/product_tag?post=11741"}],"curies":[{"name":"wp","href":"https:\/\/api.w.org\/{rel}","templated":true}]}}