{"id":11995,"date":"2024-09-29T15:03:19","date_gmt":"2024-09-29T07:03:19","guid":{"rendered":"https:\/\/demo.dillerbottle.com\/products\/thermos-bottle-for-baby"},"modified":"2025-09-12T16:23:56","modified_gmt":"2025-09-12T08:23:56","slug":"sus316-paslanmaz-celi%cc%87k-kucuk-vakum-i%cc%87zolasyonlu-bardak","status":"publish","type":"product","link":"https:\/\/www.dillerbottle.com\/tr\/products\/sus316-stainless-steel-small-vacuum-insulated-cup","title":{"rendered":"SUS316 Paslanmaz \u00c7elik K\u00fc\u00e7\u00fck Vakum Yal\u0131t\u0131ml\u0131 Bardak"},"content":{"rendered":"<p data-start=\"1121\" data-end=\"1140\"><strong data-start=\"1121\" data-end=\"1137\">Temel \u00d6zellikler<\/strong>:<\/p>\n<ul data-start=\"1141\" data-end=\"1641\">\n<li data-start=\"1141\" data-end=\"1226\">\n<p data-start=\"1143\" data-end=\"1226\"><strong data-start=\"1143\" data-end=\"1169\">SUS316 Paslanmaz \u00c7elik<\/strong>: T\u0131bbi s\u0131n\u0131f malzeme, g\u00fcvenli ve korozyona dayan\u0131kl\u0131.<\/p>\n<\/li>\n<li data-start=\"1227\" data-end=\"1329\">\n<p data-start=\"1229\" data-end=\"1329\"><strong data-start=\"1229\" data-end=\"1271\">Is\u0131 Yal\u0131t\u0131m\u0131 ve So\u011fuk Muhafaza<\/strong>: \u00c7ift cidarl\u0131 vakum, i\u00e7ecekleri saatlerce s\u0131cak veya so\u011fuk tutar.<\/p>\n<\/li>\n<li data-start=\"1330\" data-end=\"1409\">\n<p data-start=\"1332\" data-end=\"1409\"><strong data-start=\"1332\" data-end=\"1359\">Minimalist Renk \u015eemas\u0131<\/strong>: Farkl\u0131 durumlar i\u00e7in zarif ve \u00e7ok y\u00f6nl\u00fc.<\/p>\n<\/li>\n<li data-start=\"1410\" data-end=\"1483\">\n<p data-start=\"1412\" data-end=\"1483\"><strong data-start=\"1412\" data-end=\"1435\">M\u00fch\u00fcrl\u00fc ve S\u0131zd\u0131rmaz<\/strong>: Vidal\u0131 kapak endi\u015fesiz ta\u015f\u0131nabilirlik sa\u011flar.<\/p>\n<\/li>\n<li data-start=\"1484\" data-end=\"1561\">\n<p data-start=\"1486\" data-end=\"1561\"><strong data-start=\"1486\" data-end=\"1512\">Dokulu Boya Y\u00fczeyi<\/strong>: P\u00fcr\u00fczs\u00fcz dokunu\u015f, \u00e7izilmeye kar\u015f\u0131 dayan\u0131kl\u0131 ve dayan\u0131kl\u0131.<\/p>\n<\/li>\n<li data-start=\"1562\" data-end=\"1641\">\n<p data-start=\"1564\" data-end=\"1641\"><strong data-start=\"1564\" data-end=\"1588\">Hafif Kupa G\u00f6vdesi<\/strong>: Kompakt ve ta\u015f\u0131mas\u0131 kolay, g\u00fcnl\u00fck kullan\u0131m i\u00e7in m\u00fckemmel.<\/p>\n<\/li>\n<\/ul>\n<p data-start=\"1643\" data-end=\"1793\"><strong data-start=\"1643\" data-end=\"1659\">Hedef Kullan\u0131c\u0131lar<\/strong>: \u00d6\u011frenciler, ofis \u00e7al\u0131\u015fanlar\u0131, gezginler ve hediye al\u0131c\u0131lar\u0131<br data-start=\"1713\" data-end=\"1716\" \/><strong data-start=\"1716\" data-end=\"1732\">Uygulamalar<\/strong>: \u0130\u015fe gidip gelme, ofis, seyahat, spor ve hediye \u00f6zelle\u015ftirme<\/p>","protected":false},"excerpt":{"rendered":"<p>Bu hafif mini yal\u0131t\u0131ml\u0131 bardak, m\u00fckemmel korozyon direnci ve sa\u011fl\u0131k g\u00fcvenli\u011fi sunan SUS316 t\u0131bbi s\u0131n\u0131f paslanmaz \u00e7elikten yap\u0131lm\u0131\u015ft\u0131r. Kompakt ve ta\u015f\u0131nabilir tasar\u0131m\u0131yla i\u00e7ecekleri s\u0131cak veya so\u011fuk tutarken, minimalist renk d\u00fczeni ve dokulu boya kaplamas\u0131 hem pratiklik hem de stil sa\u011flar<\/p>","protected":false},"featured_media":16775,"comment_status":"open","ping_status":"closed","template":"","meta":{"_acf_changed":false},"product_brand":[],"product_cat":[18],"product_tag":[29,732],"class_list":{"0":"post-11995","1":"product","2":"type-product","3":"status-publish","4":"has-post-thumbnail","6":"product_cat-insulated-water-bottle","7":"product_tag-manufacturers","8":"product_tag-portable-travel-water-bottle","10":"first","11":"instock","12":"shipping-taxable","13":"product-type-simple"},"acf":[],"yoast_head":"<!-- This site is optimized with the Yoast SEO Premium plugin v27.5 (Yoast SEO v27.5) - https:\/\/yoast.com\/product\/yoast-seo-premium-wordpress\/ -->\n<title>Diller Water Bottle Manufacturer - Diller Water Bottle Manufacturer<\/title>\n<meta name=\"description\" content=\"Experience the elegance of the SUS316 Stainless Steel Small Vacuum Insulated Cup. Enjoy your drinks at the perfect temperature for hours!\" \/>\n<meta name=\"robots\" content=\"index, follow, max-snippet:-1, max-image-preview:large, max-video-preview:-1\" \/>\n<link rel=\"canonical\" href=\"https:\/\/www.dillerbottle.com\/tr\/urunler\/sus316-paslanmaz-celi\u0307k-kucuk-vakum-i\u0307zolasyonlu-bardak\" \/>\n<meta property=\"og:locale\" content=\"tr_TR\" \/>\n<meta property=\"og:type\" content=\"article\" \/>\n<meta property=\"og:title\" content=\"SUS316 Stainless Steel Small Vacuum Insulated Cup\" \/>\n<meta property=\"og:description\" content=\"Experience the elegance of the SUS316 Stainless Steel Small Vacuum Insulated Cup. Enjoy your drinks at the perfect temperature for hours!\" \/>\n<meta property=\"og:url\" content=\"https:\/\/www.dillerbottle.com\/tr\/urunler\/sus316-paslanmaz-celi\u0307k-kucuk-vakum-i\u0307zolasyonlu-bardak\" \/>\n<meta property=\"og:site_name\" content=\"Diller Water Bottle Manufacturer\" \/>\n<meta property=\"article:modified_time\" content=\"2025-09-12T08:23:56+00:00\" \/>\n<meta property=\"og:image\" content=\"https:\/\/www.dillerbottle.com\/wp-content\/uploads\/2024\/09\/thermos-bottle-for-baby-9188-1.jpg\" \/>\n\t<meta property=\"og:image:width\" content=\"800\" \/>\n\t<meta property=\"og:image:height\" content=\"800\" \/>\n\t<meta property=\"og:image:type\" content=\"image\/jpeg\" \/>\n<meta name=\"twitter:card\" content=\"summary_large_image\" \/>\n<meta name=\"twitter:label1\" content=\"Tahmini okuma s\u00fcresi\" \/>\n\t<meta name=\"twitter:data1\" content=\"1 dakika\" \/>\n<script type=\"application\/ld+json\" class=\"yoast-schema-graph\">{\"@context\":\"https:\\\/\\\/schema.org\",\"@graph\":[{\"@type\":\"WebPage\",\"@id\":\"https:\\\/\\\/www.dillerbottle.com\\\/products\\\/sus316-stainless-steel-small-vacuum-insulated-cup\",\"url\":\"https:\\\/\\\/www.dillerbottle.com\\\/products\\\/sus316-stainless-steel-small-vacuum-insulated-cup\",\"name\":\"Diller Water Bottle Manufacturer - Diller Water Bottle Manufacturer\",\"isPartOf\":{\"@id\":\"https:\\\/\\\/www.dillerbottle.com\\\/#website\"},\"primaryImageOfPage\":{\"@id\":\"https:\\\/\\\/www.dillerbottle.com\\\/products\\\/sus316-stainless-steel-small-vacuum-insulated-cup#primaryimage\"},\"image\":{\"@id\":\"https:\\\/\\\/www.dillerbottle.com\\\/products\\\/sus316-stainless-steel-small-vacuum-insulated-cup#primaryimage\"},\"thumbnailUrl\":\"https:\\\/\\\/www.dillerbottle.com\\\/wp-content\\\/uploads\\\/2024\\\/09\\\/thermos-bottle-for-baby-9188-1.jpg\",\"datePublished\":\"2024-09-29T07:03:19+00:00\",\"dateModified\":\"2025-09-12T08:23:56+00:00\",\"description\":\"Experience the elegance of the SUS316 Stainless Steel Small Vacuum Insulated Cup. Enjoy your drinks at the perfect temperature for hours!\",\"breadcrumb\":{\"@id\":\"https:\\\/\\\/www.dillerbottle.com\\\/products\\\/sus316-stainless-steel-small-vacuum-insulated-cup#breadcrumb\"},\"inLanguage\":\"tr\",\"potentialAction\":[{\"@type\":\"ReadAction\",\"target\":[\"https:\\\/\\\/www.dillerbottle.com\\\/products\\\/sus316-stainless-steel-small-vacuum-insulated-cup\"]}]},{\"@type\":\"ImageObject\",\"inLanguage\":\"tr\",\"@id\":\"https:\\\/\\\/www.dillerbottle.com\\\/products\\\/sus316-stainless-steel-small-vacuum-insulated-cup#primaryimage\",\"url\":\"https:\\\/\\\/www.dillerbottle.com\\\/wp-content\\\/uploads\\\/2024\\\/09\\\/thermos-bottle-for-baby-9188-1.jpg\",\"contentUrl\":\"https:\\\/\\\/www.dillerbottle.com\\\/wp-content\\\/uploads\\\/2024\\\/09\\\/thermos-bottle-for-baby-9188-1.jpg\",\"width\":800,\"height\":800},{\"@type\":\"BreadcrumbList\",\"@id\":\"https:\\\/\\\/www.dillerbottle.com\\\/products\\\/sus316-stainless-steel-small-vacuum-insulated-cup#breadcrumb\",\"itemListElement\":[{\"@type\":\"ListItem\",\"position\":1,\"name\":\"Home\",\"item\":\"https:\\\/\\\/www.dillerbottle.com\\\/\"},{\"@type\":\"ListItem\",\"position\":2,\"name\":\"Products\",\"item\":\"https:\\\/\\\/www.dillerbottle.com\\\/shop\"},{\"@type\":\"ListItem\",\"position\":3,\"name\":\"SUS316 Stainless Steel Small Vacuum Insulated Cup\"}]},{\"@type\":\"WebSite\",\"@id\":\"https:\\\/\\\/www.dillerbottle.com\\\/#website\",\"url\":\"https:\\\/\\\/www.dillerbottle.com\\\/\",\"name\":\"Diller Water Bottle Manufacturer\",\"description\":\"Water Bottle Manufacturer\",\"publisher\":{\"@id\":\"https:\\\/\\\/www.dillerbottle.com\\\/#organization\"},\"potentialAction\":[{\"@type\":\"SearchAction\",\"target\":{\"@type\":\"EntryPoint\",\"urlTemplate\":\"https:\\\/\\\/www.dillerbottle.com\\\/?s={search_term_string}\"},\"query-input\":{\"@type\":\"PropertyValueSpecification\",\"valueRequired\":true,\"valueName\":\"search_term_string\"}}],\"inLanguage\":\"tr\"},{\"@type\":\"Organization\",\"@id\":\"https:\\\/\\\/www.dillerbottle.com\\\/#organization\",\"name\":\"Diller Water Bottle Manufacturer\",\"url\":\"https:\\\/\\\/www.dillerbottle.com\\\/\",\"logo\":{\"@type\":\"ImageObject\",\"inLanguage\":\"tr\",\"@id\":\"https:\\\/\\\/www.dillerbottle.com\\\/#\\\/schema\\\/logo\\\/image\\\/\",\"url\":\"https:\\\/\\\/www.dillerbottle.com\\\/wp-content\\\/uploads\\\/2024\\\/09\\\/49918bfa848dcc1e9f8b509933603ac.png\",\"contentUrl\":\"https:\\\/\\\/www.dillerbottle.com\\\/wp-content\\\/uploads\\\/2024\\\/09\\\/49918bfa848dcc1e9f8b509933603ac.png\",\"width\":988,\"height\":198,\"caption\":\"Diller Water Bottle Manufacturer\"},\"image\":{\"@id\":\"https:\\\/\\\/www.dillerbottle.com\\\/#\\\/schema\\\/logo\\\/image\\\/\"}}]}<\/script>\n<!-- \/ Yoast SEO Premium plugin. -->","yoast_head_json":{"title":"Diller Su \u015ei\u015fesi \u00dcreticisi - Diller Su \u015ei\u015fesi \u00dcreticisi","description":"SUS316 Paslanmaz \u00c7elik K\u00fc\u00e7\u00fck Vakum Yal\u0131t\u0131ml\u0131 Barda\u011f\u0131n \u015f\u0131kl\u0131\u011f\u0131n\u0131 ya\u015fay\u0131n. \u0130\u00e7eceklerinizin tad\u0131n\u0131 saatlerce m\u00fckemmel s\u0131cakl\u0131kta \u00e7\u0131kar\u0131n!","robots":{"index":"index","follow":"follow","max-snippet":"max-snippet:-1","max-image-preview":"max-image-preview:large","max-video-preview":"max-video-preview:-1"},"canonical":"https:\/\/www.dillerbottle.com\/tr\/urunler\/sus316-paslanmaz-celi\u0307k-kucuk-vakum-i\u0307zolasyonlu-bardak","og_locale":"tr_TR","og_type":"article","og_title":"SUS316 Stainless Steel Small Vacuum Insulated Cup","og_description":"Experience the elegance of the SUS316 Stainless Steel Small Vacuum Insulated Cup. Enjoy your drinks at the perfect temperature for hours!","og_url":"https:\/\/www.dillerbottle.com\/tr\/urunler\/sus316-paslanmaz-celi\u0307k-kucuk-vakum-i\u0307zolasyonlu-bardak","og_site_name":"Diller Water Bottle Manufacturer","article_modified_time":"2025-09-12T08:23:56+00:00","og_image":[{"width":800,"height":800,"url":"https:\/\/www.dillerbottle.com\/wp-content\/uploads\/2024\/09\/thermos-bottle-for-baby-9188-1.jpg","type":"image\/jpeg"}],"twitter_card":"summary_large_image","twitter_misc":{"Tahmini okuma s\u00fcresi":"1 dakika"},"schema":{"@context":"https:\/\/schema.org","@graph":[{"@type":"WebPage","@id":"https:\/\/www.dillerbottle.com\/products\/sus316-stainless-steel-small-vacuum-insulated-cup","url":"https:\/\/www.dillerbottle.com\/products\/sus316-stainless-steel-small-vacuum-insulated-cup","name":"Diller Su \u015ei\u015fesi \u00dcreticisi - Diller Su \u015ei\u015fesi \u00dcreticisi","isPartOf":{"@id":"https:\/\/www.dillerbottle.com\/#website"},"primaryImageOfPage":{"@id":"https:\/\/www.dillerbottle.com\/products\/sus316-stainless-steel-small-vacuum-insulated-cup#primaryimage"},"image":{"@id":"https:\/\/www.dillerbottle.com\/products\/sus316-stainless-steel-small-vacuum-insulated-cup#primaryimage"},"thumbnailUrl":"https:\/\/www.dillerbottle.com\/wp-content\/uploads\/2024\/09\/thermos-bottle-for-baby-9188-1.jpg","datePublished":"2024-09-29T07:03:19+00:00","dateModified":"2025-09-12T08:23:56+00:00","description":"SUS316 Paslanmaz \u00c7elik K\u00fc\u00e7\u00fck Vakum Yal\u0131t\u0131ml\u0131 Barda\u011f\u0131n \u015f\u0131kl\u0131\u011f\u0131n\u0131 ya\u015fay\u0131n. \u0130\u00e7eceklerinizin tad\u0131n\u0131 saatlerce m\u00fckemmel s\u0131cakl\u0131kta \u00e7\u0131kar\u0131n!","breadcrumb":{"@id":"https:\/\/www.dillerbottle.com\/products\/sus316-stainless-steel-small-vacuum-insulated-cup#breadcrumb"},"inLanguage":"tr","potentialAction":[{"@type":"ReadAction","target":["https:\/\/www.dillerbottle.com\/products\/sus316-stainless-steel-small-vacuum-insulated-cup"]}]},{"@type":"ImageObject","inLanguage":"tr","@id":"https:\/\/www.dillerbottle.com\/products\/sus316-stainless-steel-small-vacuum-insulated-cup#primaryimage","url":"https:\/\/www.dillerbottle.com\/wp-content\/uploads\/2024\/09\/thermos-bottle-for-baby-9188-1.jpg","contentUrl":"https:\/\/www.dillerbottle.com\/wp-content\/uploads\/2024\/09\/thermos-bottle-for-baby-9188-1.jpg","width":800,"height":800},{"@type":"BreadcrumbList","@id":"https:\/\/www.dillerbottle.com\/products\/sus316-stainless-steel-small-vacuum-insulated-cup#breadcrumb","itemListElement":[{"@type":"ListItem","position":1,"name":"Home","item":"https:\/\/www.dillerbottle.com\/"},{"@type":"ListItem","position":2,"name":"Products","item":"https:\/\/www.dillerbottle.com\/shop"},{"@type":"ListItem","position":3,"name":"SUS316 Stainless Steel Small Vacuum Insulated Cup"}]},{"@type":"WebSite","@id":"https:\/\/www.dillerbottle.com\/#website","url":"https:\/\/www.dillerbottle.com\/","name":"Diller Su \u015ei\u015fesi \u00dcreticisi","description":"Su \u015ei\u015fesi \u00dcreticisi","publisher":{"@id":"https:\/\/www.dillerbottle.com\/#organization"},"potentialAction":[{"@type":"SearchAction","target":{"@type":"EntryPoint","urlTemplate":"https:\/\/www.dillerbottle.com\/?s={search_term_string}"},"query-input":{"@type":"PropertyValueSpecification","valueRequired":true,"valueName":"search_term_string"}}],"inLanguage":"tr"},{"@type":"Organization","@id":"https:\/\/www.dillerbottle.com\/#organization","name":"Diller Su \u015ei\u015fesi \u00dcreticisi","url":"https:\/\/www.dillerbottle.com\/","logo":{"@type":"ImageObject","inLanguage":"tr","@id":"https:\/\/www.dillerbottle.com\/#\/schema\/logo\/image\/","url":"https:\/\/www.dillerbottle.com\/wp-content\/uploads\/2024\/09\/49918bfa848dcc1e9f8b509933603ac.png","contentUrl":"https:\/\/www.dillerbottle.com\/wp-content\/uploads\/2024\/09\/49918bfa848dcc1e9f8b509933603ac.png","width":988,"height":198,"caption":"Diller Water Bottle Manufacturer"},"image":{"@id":"https:\/\/www.dillerbottle.com\/#\/schema\/logo\/image\/"}}]}},"_links":{"self":[{"href":"https:\/\/www.dillerbottle.com\/tr\/wp-json\/wp\/v2\/product\/11995","targetHints":{"allow":["GET"]}}],"collection":[{"href":"https:\/\/www.dillerbottle.com\/tr\/wp-json\/wp\/v2\/product"}],"about":[{"href":"https:\/\/www.dillerbottle.com\/tr\/wp-json\/wp\/v2\/types\/product"}],"replies":[{"embeddable":true,"href":"https:\/\/www.dillerbottle.com\/tr\/wp-json\/wp\/v2\/comments?post=11995"}],"wp:featuredmedia":[{"embeddable":true,"href":"https:\/\/www.dillerbottle.com\/tr\/wp-json\/wp\/v2\/media\/16775"}],"wp:attachment":[{"href":"https:\/\/www.dillerbottle.com\/tr\/wp-json\/wp\/v2\/media?parent=11995"}],"wp:term":[{"taxonomy":"product_brand","embeddable":true,"href":"https:\/\/www.dillerbottle.com\/tr\/wp-json\/wp\/v2\/product_brand?post=11995"},{"taxonomy":"product_cat","embeddable":true,"href":"https:\/\/www.dillerbottle.com\/tr\/wp-json\/wp\/v2\/product_cat?post=11995"},{"taxonomy":"product_tag","embeddable":true,"href":"https:\/\/www.dillerbottle.com\/tr\/wp-json\/wp\/v2\/product_tag?post=11995"}],"curies":[{"name":"wp","href":"https:\/\/api.w.org\/{rel}","templated":true}]}}