{"id":12005,"date":"2024-09-29T15:03:25","date_gmt":"2024-09-29T07:03:25","guid":{"rendered":"https:\/\/demo.dillerbottle.com\/products\/vacuum-insulated-drink-bottle"},"modified":"2025-07-08T17:53:22","modified_gmt":"2025-07-08T09:53:22","slug":"vakum-yalitimli-icecek-sisesi","status":"publish","type":"product","link":"https:\/\/www.dillerbottle.com\/tr\/products\/vacuum-insulated-drink-bottle","title":{"rendered":"Vakumlu Yal\u0131t\u0131ml\u0131 \u0130\u00e7ecek \u015ei\u015fesi"},"content":{"rendered":"<p>\u00d6zellikler:<\/p>\n<p>1. BPA i\u00e7ermeyen bu vakum yal\u0131t\u0131ml\u0131 i\u00e7ecek \u015fi\u015fesi, g\u0131da s\u0131n\u0131f\u0131 316 paslanmaz \u00e7elikten, \u00e7ift cidarl\u0131 vakum yal\u0131t\u0131ml\u0131 \u015fi\u015feden yap\u0131lm\u0131\u015ft\u0131r. \u00c7evre dostu, kur\u015funsuz, paslanmaya ve s\u0131zd\u0131rmaya kar\u015f\u0131 dayan\u0131kl\u0131d\u0131r, art\u0131k terleme ve yo\u011fu\u015fma olmaz.<\/p>\n<p>2. \u0130\u00e7ecekleri so\u011fuk ve s\u0131cak tutun. Y\u00fcksek performansl\u0131 vakum yal\u0131t\u0131ml\u0131 i\u00e7ecek \u015fi\u015femizde i\u00e7ecekleri 12 saat boyunca buz gibi so\u011fuk ve 6 saat boyunca s\u0131cak tutun. Tutarken ellerinizi rahat tutmak i\u00e7in d\u0131\u015f tarafta ter yoktur.<\/p>\n<p>3. Vakum yal\u0131t\u0131ml\u0131 su \u015fi\u015felerimiz, rahat kullan\u0131m ve seyahat i\u00e7in d\u00f6k\u00fclmez ve s\u0131zd\u0131rmaz \u00f6zelliklerle tasarlanm\u0131\u015ft\u0131r. PU deri bardak k\u0131l\u0131f\u0131 ile donat\u0131lm\u0131\u015f olup, d\u0131\u015far\u0131 \u00e7\u0131karken ta\u015f\u0131mak i\u00e7in \u015f\u0131k ve kullan\u0131\u015fl\u0131d\u0131r.<\/p>\n<p>OEM ve ODM kabul edilebilir.<br \/>\nBardaklar\u0131 ihtiya\u00e7lar\u0131n\u0131za g\u00f6re \u00f6zelle\u015ftirebiliriz.<br \/>\nToptan sat\u0131n almaya ho\u015f geldiniz, hemen soru\u015fturma g\u00f6nderin!<\/p>","protected":false},"excerpt":{"rendered":"<p>BPA i\u00e7ermeyen bu vakum yal\u0131t\u0131ml\u0131 i\u00e7ecek \u015fi\u015fesi, g\u0131da s\u0131n\u0131f\u0131 316 paslanmaz \u00e7elikten, \u00e7ift cidarl\u0131 vakum yal\u0131t\u0131ml\u0131 \u015fi\u015feden yap\u0131lm\u0131\u015ft\u0131r. \u00c7evre dostu, kur\u015funsuz, paslanmaya ve s\u0131zd\u0131rmaya kar\u015f\u0131 dayan\u0131kl\u0131d\u0131r, art\u0131k terleme ve yo\u011fu\u015fma olmaz.<br \/>\n\u0130\u00e7ecekleri so\u011fuk ve s\u0131cak tutun. Y\u00fcksek performansl\u0131 vakum yal\u0131t\u0131ml\u0131 i\u00e7ecek \u015fi\u015femizde i\u00e7ecekleri 12 saat boyunca buz gibi so\u011fuk ve 6 saat boyunca s\u0131cak tutun. Tutarken ellerinizi rahat tutmak i\u00e7in d\u0131\u015f tarafta ter yoktur.<br \/>\nVakum yal\u0131t\u0131ml\u0131 su \u015fi\u015felerimiz, rahat kullan\u0131m ve seyahat i\u00e7in d\u00f6k\u00fclmez ve s\u0131zd\u0131rmaz \u00f6zelliklerle tasarlanm\u0131\u015ft\u0131r. PU deri bardak k\u0131l\u0131f\u0131 ile donat\u0131lm\u0131\u015f olup, d\u0131\u015far\u0131 \u00e7\u0131karken ta\u015f\u0131mak i\u00e7in \u015f\u0131k ve kullan\u0131\u015fl\u0131d\u0131r.<br \/>\nOEM ve ODM kabul edilebilir.<\/p>","protected":false},"featured_media":16044,"comment_status":"open","ping_status":"closed","template":"","meta":{"_acf_changed":false},"product_brand":[],"product_cat":[18],"product_tag":[32,36,33,31,800,770,555,39,38,29,37,831,34,35,28,573,1021,703,30],"class_list":{"0":"post-12005","1":"product","2":"type-product","3":"status-publish","4":"has-post-thumbnail","6":"product_cat-insulated-water-bottle","7":"product_tag-best","8":"product_tag-bulk","9":"product_tag-buy","10":"product_tag-custom","11":"product_tag-cycle-water-bottle","12":"product_tag-display-smart-water-bottle-vacuum-flasks","13":"product_tag-double-walled-insulated-water-bottle","14":"product_tag-for-sale","15":"product_tag-good-quality","16":"product_tag-manufacturers","17":"product_tag-manufacturing","18":"product_tag-mini-hot-water-bottle","19":"product_tag-price","20":"product_tag-small","21":"product_tag-suppliers","22":"product_tag-travel-water-bottle","23":"product_tag-vacuum-insulated-drink-bottle","24":"product_tag-water-bottle-bamboo-lid","25":"product_tag-wholesale","27":"first","28":"instock","29":"shipping-taxable","30":"product-type-simple"},"acf":[],"yoast_head":"<!-- This site is optimized with the Yoast SEO Premium plugin v27.5 (Yoast SEO v27.5) - https:\/\/yoast.com\/product\/yoast-seo-premium-wordpress\/ -->\n<title>Vacuum Insulated Drink Bottle - Diller Water Bottle Manufacturer<\/title>\n<meta name=\"description\" content=\"As one of the best vacuum insulated drink bottle manufacturers and suppliers, we are engaged in manufacturing good quality water bottles. We warmly welcome you to wholesale or buy custom made vacuum insulated drink bottle at competitive price from us. Also, small quantity orders are acceptable.\" \/>\n<meta name=\"robots\" content=\"index, follow, max-snippet:-1, max-image-preview:large, max-video-preview:-1\" \/>\n<link rel=\"canonical\" href=\"https:\/\/www.dillerbottle.com\/tr\/urunler\/vakum-yalitimli-icecek-sisesi\" \/>\n<meta property=\"og:locale\" content=\"tr_TR\" \/>\n<meta property=\"og:type\" content=\"article\" \/>\n<meta property=\"og:title\" content=\"Vacuum Insulated Drink Bottle\" \/>\n<meta property=\"og:description\" content=\"As one of the best vacuum insulated drink bottle manufacturers and suppliers, we are engaged in manufacturing good quality water bottles. We warmly welcome you to wholesale or buy custom made vacuum insulated drink bottle at competitive price from us. Also, small quantity orders are acceptable.\" \/>\n<meta property=\"og:url\" content=\"https:\/\/www.dillerbottle.com\/tr\/urunler\/vakum-yalitimli-icecek-sisesi\" \/>\n<meta property=\"og:site_name\" content=\"Diller Water Bottle Manufacturer\" \/>\n<meta property=\"article:modified_time\" content=\"2025-07-08T09:53:22+00:00\" \/>\n<meta property=\"og:image\" content=\"https:\/\/www.dillerbottle.com\/wp-content\/uploads\/2024\/09\/vacuum-insulated-drink-bottle--2.jpg\" \/>\n\t<meta property=\"og:image:width\" content=\"800\" \/>\n\t<meta property=\"og:image:height\" content=\"800\" \/>\n\t<meta property=\"og:image:type\" content=\"image\/jpeg\" \/>\n<meta name=\"twitter:card\" content=\"summary_large_image\" \/>\n<meta name=\"twitter:label1\" content=\"Tahmini okuma s\u00fcresi\" \/>\n\t<meta name=\"twitter:data1\" content=\"3 dakika\" \/>\n<script type=\"application\/ld+json\" class=\"yoast-schema-graph\">{\"@context\":\"https:\\\/\\\/schema.org\",\"@graph\":[{\"@type\":\"WebPage\",\"@id\":\"https:\\\/\\\/www.dillerbottle.com\\\/pt\\\/produtos\\\/garrafa-de-bebida-com-isolamento-a-vacuo\",\"url\":\"https:\\\/\\\/www.dillerbottle.com\\\/pt\\\/produtos\\\/garrafa-de-bebida-com-isolamento-a-vacuo\",\"name\":\"Vacuum Insulated Drink Bottle - Diller Water Bottle Manufacturer\",\"isPartOf\":{\"@id\":\"https:\\\/\\\/www.dillerbottle.com\\\/#website\"},\"primaryImageOfPage\":{\"@id\":\"https:\\\/\\\/www.dillerbottle.com\\\/pt\\\/produtos\\\/garrafa-de-bebida-com-isolamento-a-vacuo#primaryimage\"},\"image\":{\"@id\":\"https:\\\/\\\/www.dillerbottle.com\\\/pt\\\/produtos\\\/garrafa-de-bebida-com-isolamento-a-vacuo#primaryimage\"},\"thumbnailUrl\":\"https:\\\/\\\/www.dillerbottle.com\\\/wp-content\\\/uploads\\\/2024\\\/09\\\/vacuum-insulated-drink-bottle--2.jpg\",\"datePublished\":\"2024-09-29T07:03:25+00:00\",\"dateModified\":\"2025-07-08T09:53:22+00:00\",\"description\":\"As one of the best vacuum insulated drink bottle manufacturers and suppliers, we are engaged in manufacturing good quality water bottles. We warmly welcome you to wholesale or buy custom made vacuum insulated drink bottle at competitive price from us. Also, small quantity orders are acceptable.\",\"breadcrumb\":{\"@id\":\"https:\\\/\\\/www.dillerbottle.com\\\/pt\\\/produtos\\\/garrafa-de-bebida-com-isolamento-a-vacuo#breadcrumb\"},\"inLanguage\":\"tr\",\"potentialAction\":[{\"@type\":\"ReadAction\",\"target\":[\"https:\\\/\\\/www.dillerbottle.com\\\/pt\\\/produtos\\\/garrafa-de-bebida-com-isolamento-a-vacuo\"]}]},{\"@type\":\"ImageObject\",\"inLanguage\":\"tr\",\"@id\":\"https:\\\/\\\/www.dillerbottle.com\\\/pt\\\/produtos\\\/garrafa-de-bebida-com-isolamento-a-vacuo#primaryimage\",\"url\":\"https:\\\/\\\/www.dillerbottle.com\\\/wp-content\\\/uploads\\\/2024\\\/09\\\/vacuum-insulated-drink-bottle--2.jpg\",\"contentUrl\":\"https:\\\/\\\/www.dillerbottle.com\\\/wp-content\\\/uploads\\\/2024\\\/09\\\/vacuum-insulated-drink-bottle--2.jpg\",\"width\":800,\"height\":800},{\"@type\":\"BreadcrumbList\",\"@id\":\"https:\\\/\\\/www.dillerbottle.com\\\/pt\\\/produtos\\\/garrafa-de-bebida-com-isolamento-a-vacuo#breadcrumb\",\"itemListElement\":[{\"@type\":\"ListItem\",\"position\":1,\"name\":\"Home\",\"item\":\"https:\\\/\\\/www.dillerbottle.com\\\/\"},{\"@type\":\"ListItem\",\"position\":2,\"name\":\"Products\",\"item\":\"https:\\\/\\\/www.dillerbottle.com\\\/shop\"},{\"@type\":\"ListItem\",\"position\":3,\"name\":\"Vacuum Insulated Drink Bottle\"}]},{\"@type\":\"WebSite\",\"@id\":\"https:\\\/\\\/www.dillerbottle.com\\\/#website\",\"url\":\"https:\\\/\\\/www.dillerbottle.com\\\/\",\"name\":\"Diller Water Bottle Manufacturer\",\"description\":\"Water Bottle Manufacturer\",\"publisher\":{\"@id\":\"https:\\\/\\\/www.dillerbottle.com\\\/#organization\"},\"potentialAction\":[{\"@type\":\"SearchAction\",\"target\":{\"@type\":\"EntryPoint\",\"urlTemplate\":\"https:\\\/\\\/www.dillerbottle.com\\\/?s={search_term_string}\"},\"query-input\":{\"@type\":\"PropertyValueSpecification\",\"valueRequired\":true,\"valueName\":\"search_term_string\"}}],\"inLanguage\":\"tr\"},{\"@type\":\"Organization\",\"@id\":\"https:\\\/\\\/www.dillerbottle.com\\\/#organization\",\"name\":\"Diller Water Bottle Manufacturer\",\"url\":\"https:\\\/\\\/www.dillerbottle.com\\\/\",\"logo\":{\"@type\":\"ImageObject\",\"inLanguage\":\"tr\",\"@id\":\"https:\\\/\\\/www.dillerbottle.com\\\/#\\\/schema\\\/logo\\\/image\\\/\",\"url\":\"https:\\\/\\\/www.dillerbottle.com\\\/wp-content\\\/uploads\\\/2024\\\/09\\\/49918bfa848dcc1e9f8b509933603ac.png\",\"contentUrl\":\"https:\\\/\\\/www.dillerbottle.com\\\/wp-content\\\/uploads\\\/2024\\\/09\\\/49918bfa848dcc1e9f8b509933603ac.png\",\"width\":988,\"height\":198,\"caption\":\"Diller Water Bottle Manufacturer\"},\"image\":{\"@id\":\"https:\\\/\\\/www.dillerbottle.com\\\/#\\\/schema\\\/logo\\\/image\\\/\"}}]}<\/script>\n<!-- \/ Yoast SEO Premium plugin. -->","yoast_head_json":{"title":"Vakumlu Yal\u0131t\u0131ml\u0131 \u0130\u00e7ecek \u015ei\u015fesi - Diller Su \u015ei\u015fesi \u00dcreticisi","description":"En iyi vakumlu yal\u0131t\u0131ml\u0131 i\u00e7ecek \u015fi\u015fesi \u00fcreticilerinden ve tedarik\u00e7ilerinden biri olarak, kaliteli su \u015fi\u015feleri \u00fcretiyoruz. Toptan sat\u0131\u015f yapman\u0131z\u0131 veya bizden rekabet\u00e7i fiyatlarla \u00f6zel yap\u0131m vakumlu yal\u0131t\u0131ml\u0131 i\u00e7ecek \u015fi\u015fesi sat\u0131n alman\u0131z\u0131 i\u00e7tenlikle bekliyoruz. Ayr\u0131ca, k\u00fc\u00e7\u00fck miktardaki sipari\u015fler de kabul edilebilir.","robots":{"index":"index","follow":"follow","max-snippet":"max-snippet:-1","max-image-preview":"max-image-preview:large","max-video-preview":"max-video-preview:-1"},"canonical":"https:\/\/www.dillerbottle.com\/tr\/urunler\/vakum-yalitimli-icecek-sisesi","og_locale":"tr_TR","og_type":"article","og_title":"Vacuum Insulated Drink Bottle","og_description":"As one of the best vacuum insulated drink bottle manufacturers and suppliers, we are engaged in manufacturing good quality water bottles. We warmly welcome you to wholesale or buy custom made vacuum insulated drink bottle at competitive price from us. Also, small quantity orders are acceptable.","og_url":"https:\/\/www.dillerbottle.com\/tr\/urunler\/vakum-yalitimli-icecek-sisesi","og_site_name":"Diller Water Bottle Manufacturer","article_modified_time":"2025-07-08T09:53:22+00:00","og_image":[{"width":800,"height":800,"url":"https:\/\/www.dillerbottle.com\/wp-content\/uploads\/2024\/09\/vacuum-insulated-drink-bottle--2.jpg","type":"image\/jpeg"}],"twitter_card":"summary_large_image","twitter_misc":{"Tahmini okuma s\u00fcresi":"3 dakika"},"schema":{"@context":"https:\/\/schema.org","@graph":[{"@type":"WebPage","@id":"https:\/\/www.dillerbottle.com\/pt\/produtos\/garrafa-de-bebida-com-isolamento-a-vacuo","url":"https:\/\/www.dillerbottle.com\/pt\/produtos\/garrafa-de-bebida-com-isolamento-a-vacuo","name":"Vakumlu Yal\u0131t\u0131ml\u0131 \u0130\u00e7ecek \u015ei\u015fesi - Diller Su \u015ei\u015fesi \u00dcreticisi","isPartOf":{"@id":"https:\/\/www.dillerbottle.com\/#website"},"primaryImageOfPage":{"@id":"https:\/\/www.dillerbottle.com\/pt\/produtos\/garrafa-de-bebida-com-isolamento-a-vacuo#primaryimage"},"image":{"@id":"https:\/\/www.dillerbottle.com\/pt\/produtos\/garrafa-de-bebida-com-isolamento-a-vacuo#primaryimage"},"thumbnailUrl":"https:\/\/www.dillerbottle.com\/wp-content\/uploads\/2024\/09\/vacuum-insulated-drink-bottle--2.jpg","datePublished":"2024-09-29T07:03:25+00:00","dateModified":"2025-07-08T09:53:22+00:00","description":"En iyi vakumlu yal\u0131t\u0131ml\u0131 i\u00e7ecek \u015fi\u015fesi \u00fcreticilerinden ve tedarik\u00e7ilerinden biri olarak, kaliteli su \u015fi\u015feleri \u00fcretiyoruz. Toptan sat\u0131\u015f yapman\u0131z\u0131 veya bizden rekabet\u00e7i fiyatlarla \u00f6zel yap\u0131m vakumlu yal\u0131t\u0131ml\u0131 i\u00e7ecek \u015fi\u015fesi sat\u0131n alman\u0131z\u0131 i\u00e7tenlikle bekliyoruz. Ayr\u0131ca, k\u00fc\u00e7\u00fck miktardaki sipari\u015fler de kabul edilebilir.","breadcrumb":{"@id":"https:\/\/www.dillerbottle.com\/pt\/produtos\/garrafa-de-bebida-com-isolamento-a-vacuo#breadcrumb"},"inLanguage":"tr","potentialAction":[{"@type":"ReadAction","target":["https:\/\/www.dillerbottle.com\/pt\/produtos\/garrafa-de-bebida-com-isolamento-a-vacuo"]}]},{"@type":"ImageObject","inLanguage":"tr","@id":"https:\/\/www.dillerbottle.com\/pt\/produtos\/garrafa-de-bebida-com-isolamento-a-vacuo#primaryimage","url":"https:\/\/www.dillerbottle.com\/wp-content\/uploads\/2024\/09\/vacuum-insulated-drink-bottle--2.jpg","contentUrl":"https:\/\/www.dillerbottle.com\/wp-content\/uploads\/2024\/09\/vacuum-insulated-drink-bottle--2.jpg","width":800,"height":800},{"@type":"BreadcrumbList","@id":"https:\/\/www.dillerbottle.com\/pt\/produtos\/garrafa-de-bebida-com-isolamento-a-vacuo#breadcrumb","itemListElement":[{"@type":"ListItem","position":1,"name":"Home","item":"https:\/\/www.dillerbottle.com\/"},{"@type":"ListItem","position":2,"name":"Products","item":"https:\/\/www.dillerbottle.com\/shop"},{"@type":"ListItem","position":3,"name":"Vacuum Insulated Drink Bottle"}]},{"@type":"WebSite","@id":"https:\/\/www.dillerbottle.com\/#website","url":"https:\/\/www.dillerbottle.com\/","name":"Diller Su \u015ei\u015fesi \u00dcreticisi","description":"Su \u015ei\u015fesi \u00dcreticisi","publisher":{"@id":"https:\/\/www.dillerbottle.com\/#organization"},"potentialAction":[{"@type":"SearchAction","target":{"@type":"EntryPoint","urlTemplate":"https:\/\/www.dillerbottle.com\/?s={search_term_string}"},"query-input":{"@type":"PropertyValueSpecification","valueRequired":true,"valueName":"search_term_string"}}],"inLanguage":"tr"},{"@type":"Organization","@id":"https:\/\/www.dillerbottle.com\/#organization","name":"Diller Su \u015ei\u015fesi \u00dcreticisi","url":"https:\/\/www.dillerbottle.com\/","logo":{"@type":"ImageObject","inLanguage":"tr","@id":"https:\/\/www.dillerbottle.com\/#\/schema\/logo\/image\/","url":"https:\/\/www.dillerbottle.com\/wp-content\/uploads\/2024\/09\/49918bfa848dcc1e9f8b509933603ac.png","contentUrl":"https:\/\/www.dillerbottle.com\/wp-content\/uploads\/2024\/09\/49918bfa848dcc1e9f8b509933603ac.png","width":988,"height":198,"caption":"Diller Water Bottle Manufacturer"},"image":{"@id":"https:\/\/www.dillerbottle.com\/#\/schema\/logo\/image\/"}}]}},"_links":{"self":[{"href":"https:\/\/www.dillerbottle.com\/tr\/wp-json\/wp\/v2\/product\/12005","targetHints":{"allow":["GET"]}}],"collection":[{"href":"https:\/\/www.dillerbottle.com\/tr\/wp-json\/wp\/v2\/product"}],"about":[{"href":"https:\/\/www.dillerbottle.com\/tr\/wp-json\/wp\/v2\/types\/product"}],"replies":[{"embeddable":true,"href":"https:\/\/www.dillerbottle.com\/tr\/wp-json\/wp\/v2\/comments?post=12005"}],"wp:featuredmedia":[{"embeddable":true,"href":"https:\/\/www.dillerbottle.com\/tr\/wp-json\/wp\/v2\/media\/16044"}],"wp:attachment":[{"href":"https:\/\/www.dillerbottle.com\/tr\/wp-json\/wp\/v2\/media?parent=12005"}],"wp:term":[{"taxonomy":"product_brand","embeddable":true,"href":"https:\/\/www.dillerbottle.com\/tr\/wp-json\/wp\/v2\/product_brand?post=12005"},{"taxonomy":"product_cat","embeddable":true,"href":"https:\/\/www.dillerbottle.com\/tr\/wp-json\/wp\/v2\/product_cat?post=12005"},{"taxonomy":"product_tag","embeddable":true,"href":"https:\/\/www.dillerbottle.com\/tr\/wp-json\/wp\/v2\/product_tag?post=12005"}],"curies":[{"name":"wp","href":"https:\/\/api.w.org\/{rel}","templated":true}]}}