{"id":12383,"date":"2024-09-29T15:07:34","date_gmt":"2024-09-29T07:07:34","guid":{"rendered":"https:\/\/demo.dillerbottle.com\/products\/thermos-stainless-steel-insulated-water-bottle"},"modified":"2025-07-08T17:22:19","modified_gmt":"2025-07-08T09:22:19","slug":"termos-paslanmaz-celik-yalitimli-su-sisesi","status":"publish","type":"product","link":"https:\/\/www.dillerbottle.com\/tr\/products\/thermos-stainless-steel-insulated-water-bottle","title":{"rendered":"Termos Paslanmaz \u00c7elik Yal\u0131t\u0131ml\u0131 Su \u015ei\u015fesi"},"content":{"rendered":"<p>\u00d6zellikler:<br \/>\n1. Vakum yal\u0131t\u0131m\u0131. Diller termos paslanmaz \u00e7elik yal\u0131t\u0131ml\u0131 su \u015fi\u015fesi, i\u00e7ecekleri 12 saat s\u0131cak ve 24 saat so\u011fuk tutan \u00e7ift duvarl\u0131 vakum yal\u0131t\u0131m teknolojisiyle \u00fcretilmi\u015ftir, ayr\u0131ca yo\u011fu\u015fmay\u0131 etkili bir \u015fekilde azaltabilir. Terleme ve tat transferi konusunda endi\u015felenmeyin! Bu 3 ile her muhte\u015fem g\u00fcn\u00fcn tad\u0131n\u0131 \u00e7\u0131karabilirsiniz<br \/>\n3.8Oz paslanmaz \u00e7elik \u015fi\u015fe.<\/p>\n<p>2. \u00dcst\u00fcn malzeme. Termos yal\u0131t\u0131ml\u0131 su \u015fi\u015femizin her bile\u015feni g\u0131da g\u00fcvenli\u011fi s\u0131n\u0131f\u0131 malzemelerden \u00fcretilmi\u015ftir. 18\/8 304 paslanmaz \u00e7elik su \u015fi\u015fesi, metalik bir tat olmadan sizin ve ailenizin sa\u011fl\u0131kl\u0131 bir i\u00e7me deneyimi ya\u015famas\u0131n\u0131 sa\u011flar.<\/p>\n<p>3. Termos paslanmaz \u00e7elik yal\u0131t\u0131ml\u0131 su \u015fi\u015fesinin klasik toz kaplamal\u0131 kabu\u011fu dokulu, kaymaz ve kavramas\u0131 kolayd\u0131r; Su \u015fi\u015fesinin geni\u015f a\u011f\u0131z tasar\u0131m\u0131, buz k\u00fcplerini doldurman\u0131z ve egzersizden sonra serbest\u00e7e i\u00e7meniz i\u00e7in uygundur. Se\u00e7iminiz i\u00e7in \u00fc\u00e7 boyut.<\/p>","protected":false},"excerpt":{"rendered":"<p>\u0130\u015fletmenizi tan\u0131tman\u0131n benzersiz bir yolunu mu ar\u0131yorsunuz? Neden termos paslanmaz \u00e7elik yal\u0131t\u0131ml\u0131 su \u015fi\u015fesini logonuz, renginiz, deseniniz veya tasar\u0131m\u0131n\u0131zla \u00f6zelle\u015ftirmiyorsunuz? Ekibimiz, markan\u0131z\u0131 m\u00fckemmel \u015fekilde yans\u0131tacak benzersiz bir tasar\u0131m veya desen olu\u015fturmak i\u00e7in sizinle birlikte \u00e7al\u0131\u015fabilir.<br \/>\nBa\u015flaman\u0131za yard\u0131mc\u0131 olmak i\u00e7in \u00fccretsiz numuneler de sunuyoruz ve toplu al\u0131m se\u00e7eneklerimiz ihtiyac\u0131n\u0131z olan miktar\u0131 almay\u0131 kolayla\u015ft\u0131r\u0131yor.<br \/>\nDiller termos paslanmaz \u00e7elik yal\u0131t\u0131ml\u0131 su \u015fi\u015fesi, i\u00e7ecekleri 12 saat s\u0131cak, 24 saat so\u011fuk tutmaya yarayan \u00e7ift duvarl\u0131 vakum yal\u0131t\u0131m teknolojisi ile \u00fcretilmi\u015ftir.<br \/>\nTermos yal\u0131t\u0131ml\u0131 su \u015fi\u015femizin her bir bile\u015feni g\u0131da g\u00fcvenli\u011fi s\u0131n\u0131f\u0131 malzemelerden \u00fcretilmi\u015ftir.<\/p>","protected":false},"featured_media":12384,"comment_status":"open","ping_status":"closed","template":"","meta":{"_acf_changed":false},"product_brand":[],"product_cat":[18],"product_tag":[32,540,36,33,521,31,39,38,29,37,34,35,712,738,28,1057,552,691,30],"class_list":{"0":"post-12383","1":"product","2":"type-product","3":"status-publish","4":"has-post-thumbnail","6":"product_cat-insulated-water-bottle","7":"product_tag-best","8":"product_tag-black-water-bottle","9":"product_tag-bulk","10":"product_tag-buy","11":"product_tag-cup-outdoor-travel-sports-water-bottle-with-handle","12":"product_tag-custom","13":"product_tag-for-sale","14":"product_tag-good-quality","15":"product_tag-manufacturers","16":"product_tag-manufacturing","17":"product_tag-price","18":"product_tag-small","19":"product_tag-steel-vacuum-water-sport-bottles-with-handle","20":"product_tag-steel-water-bottles-with-sports-straw-lid","21":"product_tag-suppliers","22":"product_tag-thermos-stainless-steel-insulated-water-bottle","23":"product_tag-water-bottle-insulated-sports-bottles-with-handle","24":"product_tag-water-bottles-leak-proof-bpa-free-sports-bottle","25":"product_tag-wholesale","27":"first","28":"instock","29":"shipping-taxable","30":"product-type-simple"},"acf":[],"yoast_head":"<!-- This site is optimized with the Yoast SEO Premium plugin v27.5 (Yoast SEO v27.5) - https:\/\/yoast.com\/product\/yoast-seo-premium-wordpress\/ -->\n<title>Thermos Stainless Steel Insulated Water Bottle - Diller Water Bottle Manufacturer<\/title>\n<meta name=\"description\" content=\"As one of the best thermos stainless steel insulated water bottle manufacturers and suppliers, we are engaged in manufacturing good quality water bottles. We warmly welcome you to wholesale or buy custom made thermos stainless steel insulated water bottle at competitive price from us. Also, small quantity orders are acceptable.\" \/>\n<meta name=\"robots\" content=\"index, follow, max-snippet:-1, max-image-preview:large, max-video-preview:-1\" \/>\n<link rel=\"canonical\" href=\"https:\/\/www.dillerbottle.com\/tr\/urunler\/termos-paslanmaz-celik-yalitimli-su-sisesi\" \/>\n<meta property=\"og:locale\" content=\"tr_TR\" \/>\n<meta property=\"og:type\" content=\"article\" \/>\n<meta property=\"og:title\" content=\"Thermos Stainless Steel Insulated Water Bottle\" \/>\n<meta property=\"og:description\" content=\"As one of the best thermos stainless steel insulated water bottle manufacturers and suppliers, we are engaged in manufacturing good quality water bottles. We warmly welcome you to wholesale or buy custom made thermos stainless steel insulated water bottle at competitive price from us. Also, small quantity orders are acceptable.\" \/>\n<meta property=\"og:url\" content=\"https:\/\/www.dillerbottle.com\/tr\/urunler\/termos-paslanmaz-celik-yalitimli-su-sisesi\" \/>\n<meta property=\"og:site_name\" content=\"Diller Water Bottle Manufacturer\" \/>\n<meta property=\"article:modified_time\" content=\"2025-07-08T09:22:19+00:00\" \/>\n<meta property=\"og:image\" content=\"https:\/\/www.dillerbottle.com\/wp-content\/uploads\/2024\/09\/thermos-stainless-steel-insulated-water57048956821.jpg\" \/>\n\t<meta property=\"og:image:width\" content=\"730\" \/>\n\t<meta property=\"og:image:height\" content=\"730\" \/>\n\t<meta property=\"og:image:type\" content=\"image\/jpeg\" \/>\n<meta name=\"twitter:card\" content=\"summary_large_image\" \/>\n<meta name=\"twitter:label1\" content=\"Tahmini okuma s\u00fcresi\" \/>\n\t<meta name=\"twitter:data1\" content=\"2 dakika\" \/>\n<script type=\"application\/ld+json\" class=\"yoast-schema-graph\">{\"@context\":\"https:\\\/\\\/schema.org\",\"@graph\":[{\"@type\":\"WebPage\",\"@id\":\"https:\\\/\\\/www.dillerbottle.com\\\/es\\\/productos\\\/botella-de-agua-aislada-de-acero-inoxidable-termo\",\"url\":\"https:\\\/\\\/www.dillerbottle.com\\\/es\\\/productos\\\/botella-de-agua-aislada-de-acero-inoxidable-termo\",\"name\":\"Thermos Stainless Steel Insulated Water Bottle - Diller Water Bottle Manufacturer\",\"isPartOf\":{\"@id\":\"https:\\\/\\\/www.dillerbottle.com\\\/#website\"},\"primaryImageOfPage\":{\"@id\":\"https:\\\/\\\/www.dillerbottle.com\\\/es\\\/productos\\\/botella-de-agua-aislada-de-acero-inoxidable-termo#primaryimage\"},\"image\":{\"@id\":\"https:\\\/\\\/www.dillerbottle.com\\\/es\\\/productos\\\/botella-de-agua-aislada-de-acero-inoxidable-termo#primaryimage\"},\"thumbnailUrl\":\"https:\\\/\\\/www.dillerbottle.com\\\/wp-content\\\/uploads\\\/2024\\\/09\\\/thermos-stainless-steel-insulated-water57048956821.jpg\",\"datePublished\":\"2024-09-29T07:07:34+00:00\",\"dateModified\":\"2025-07-08T09:22:19+00:00\",\"description\":\"As one of the best thermos stainless steel insulated water bottle manufacturers and suppliers, we are engaged in manufacturing good quality water bottles. We warmly welcome you to wholesale or buy custom made thermos stainless steel insulated water bottle at competitive price from us. Also, small quantity orders are acceptable.\",\"breadcrumb\":{\"@id\":\"https:\\\/\\\/www.dillerbottle.com\\\/es\\\/productos\\\/botella-de-agua-aislada-de-acero-inoxidable-termo#breadcrumb\"},\"inLanguage\":\"tr\",\"potentialAction\":[{\"@type\":\"ReadAction\",\"target\":[\"https:\\\/\\\/www.dillerbottle.com\\\/es\\\/productos\\\/botella-de-agua-aislada-de-acero-inoxidable-termo\"]}]},{\"@type\":\"ImageObject\",\"inLanguage\":\"tr\",\"@id\":\"https:\\\/\\\/www.dillerbottle.com\\\/es\\\/productos\\\/botella-de-agua-aislada-de-acero-inoxidable-termo#primaryimage\",\"url\":\"https:\\\/\\\/www.dillerbottle.com\\\/wp-content\\\/uploads\\\/2024\\\/09\\\/thermos-stainless-steel-insulated-water57048956821.jpg\",\"contentUrl\":\"https:\\\/\\\/www.dillerbottle.com\\\/wp-content\\\/uploads\\\/2024\\\/09\\\/thermos-stainless-steel-insulated-water57048956821.jpg\",\"width\":730,\"height\":730},{\"@type\":\"BreadcrumbList\",\"@id\":\"https:\\\/\\\/www.dillerbottle.com\\\/es\\\/productos\\\/botella-de-agua-aislada-de-acero-inoxidable-termo#breadcrumb\",\"itemListElement\":[{\"@type\":\"ListItem\",\"position\":1,\"name\":\"Home\",\"item\":\"https:\\\/\\\/www.dillerbottle.com\\\/\"},{\"@type\":\"ListItem\",\"position\":2,\"name\":\"Products\",\"item\":\"https:\\\/\\\/www.dillerbottle.com\\\/shop\"},{\"@type\":\"ListItem\",\"position\":3,\"name\":\"Thermos Stainless Steel Insulated Water Bottle\"}]},{\"@type\":\"WebSite\",\"@id\":\"https:\\\/\\\/www.dillerbottle.com\\\/#website\",\"url\":\"https:\\\/\\\/www.dillerbottle.com\\\/\",\"name\":\"Diller Water Bottle Manufacturer\",\"description\":\"Water Bottle Manufacturer\",\"publisher\":{\"@id\":\"https:\\\/\\\/www.dillerbottle.com\\\/#organization\"},\"potentialAction\":[{\"@type\":\"SearchAction\",\"target\":{\"@type\":\"EntryPoint\",\"urlTemplate\":\"https:\\\/\\\/www.dillerbottle.com\\\/?s={search_term_string}\"},\"query-input\":{\"@type\":\"PropertyValueSpecification\",\"valueRequired\":true,\"valueName\":\"search_term_string\"}}],\"inLanguage\":\"tr\"},{\"@type\":\"Organization\",\"@id\":\"https:\\\/\\\/www.dillerbottle.com\\\/#organization\",\"name\":\"Diller Water Bottle Manufacturer\",\"url\":\"https:\\\/\\\/www.dillerbottle.com\\\/\",\"logo\":{\"@type\":\"ImageObject\",\"inLanguage\":\"tr\",\"@id\":\"https:\\\/\\\/www.dillerbottle.com\\\/#\\\/schema\\\/logo\\\/image\\\/\",\"url\":\"https:\\\/\\\/www.dillerbottle.com\\\/wp-content\\\/uploads\\\/2024\\\/09\\\/49918bfa848dcc1e9f8b509933603ac.png\",\"contentUrl\":\"https:\\\/\\\/www.dillerbottle.com\\\/wp-content\\\/uploads\\\/2024\\\/09\\\/49918bfa848dcc1e9f8b509933603ac.png\",\"width\":988,\"height\":198,\"caption\":\"Diller Water Bottle Manufacturer\"},\"image\":{\"@id\":\"https:\\\/\\\/www.dillerbottle.com\\\/#\\\/schema\\\/logo\\\/image\\\/\"}}]}<\/script>\n<!-- \/ Yoast SEO Premium plugin. -->","yoast_head_json":{"title":"Thermos Paslanmaz \u00c7elik Yal\u0131t\u0131ml\u0131 Su \u015ei\u015fesi - Diller Su \u015ei\u015fesi \u00dcreticisi","description":"En iyi termos paslanmaz \u00e7elik yal\u0131t\u0131ml\u0131 su \u015fi\u015fesi \u00fcreticilerinden ve tedarik\u00e7ilerinden biri olarak, kaliteli su \u015fi\u015feleri \u00fcretiyoruz. Toptan sat\u0131\u015f yapman\u0131z\u0131 veya bizden rekabet\u00e7i fiyatlarla \u00f6zel yap\u0131m termos paslanmaz \u00e7elik yal\u0131t\u0131ml\u0131 su \u015fi\u015fesi sat\u0131n alman\u0131z\u0131 i\u00e7tenlikle bekliyoruz. Ayr\u0131ca, k\u00fc\u00e7\u00fck miktardaki sipari\u015fler de kabul edilebilir.","robots":{"index":"index","follow":"follow","max-snippet":"max-snippet:-1","max-image-preview":"max-image-preview:large","max-video-preview":"max-video-preview:-1"},"canonical":"https:\/\/www.dillerbottle.com\/tr\/urunler\/termos-paslanmaz-celik-yalitimli-su-sisesi","og_locale":"tr_TR","og_type":"article","og_title":"Thermos Stainless Steel Insulated Water Bottle","og_description":"As one of the best thermos stainless steel insulated water bottle manufacturers and suppliers, we are engaged in manufacturing good quality water bottles. We warmly welcome you to wholesale or buy custom made thermos stainless steel insulated water bottle at competitive price from us. Also, small quantity orders are acceptable.","og_url":"https:\/\/www.dillerbottle.com\/tr\/urunler\/termos-paslanmaz-celik-yalitimli-su-sisesi","og_site_name":"Diller Water Bottle Manufacturer","article_modified_time":"2025-07-08T09:22:19+00:00","og_image":[{"width":730,"height":730,"url":"https:\/\/www.dillerbottle.com\/wp-content\/uploads\/2024\/09\/thermos-stainless-steel-insulated-water57048956821.jpg","type":"image\/jpeg"}],"twitter_card":"summary_large_image","twitter_misc":{"Tahmini okuma s\u00fcresi":"2 dakika"},"schema":{"@context":"https:\/\/schema.org","@graph":[{"@type":"WebPage","@id":"https:\/\/www.dillerbottle.com\/es\/productos\/botella-de-agua-aislada-de-acero-inoxidable-termo","url":"https:\/\/www.dillerbottle.com\/es\/productos\/botella-de-agua-aislada-de-acero-inoxidable-termo","name":"Thermos Paslanmaz \u00c7elik Yal\u0131t\u0131ml\u0131 Su \u015ei\u015fesi - Diller Su \u015ei\u015fesi \u00dcreticisi","isPartOf":{"@id":"https:\/\/www.dillerbottle.com\/#website"},"primaryImageOfPage":{"@id":"https:\/\/www.dillerbottle.com\/es\/productos\/botella-de-agua-aislada-de-acero-inoxidable-termo#primaryimage"},"image":{"@id":"https:\/\/www.dillerbottle.com\/es\/productos\/botella-de-agua-aislada-de-acero-inoxidable-termo#primaryimage"},"thumbnailUrl":"https:\/\/www.dillerbottle.com\/wp-content\/uploads\/2024\/09\/thermos-stainless-steel-insulated-water57048956821.jpg","datePublished":"2024-09-29T07:07:34+00:00","dateModified":"2025-07-08T09:22:19+00:00","description":"En iyi termos paslanmaz \u00e7elik yal\u0131t\u0131ml\u0131 su \u015fi\u015fesi \u00fcreticilerinden ve tedarik\u00e7ilerinden biri olarak, kaliteli su \u015fi\u015feleri \u00fcretiyoruz. Toptan sat\u0131\u015f yapman\u0131z\u0131 veya bizden rekabet\u00e7i fiyatlarla \u00f6zel yap\u0131m termos paslanmaz \u00e7elik yal\u0131t\u0131ml\u0131 su \u015fi\u015fesi sat\u0131n alman\u0131z\u0131 i\u00e7tenlikle bekliyoruz. Ayr\u0131ca, k\u00fc\u00e7\u00fck miktardaki sipari\u015fler de kabul edilebilir.","breadcrumb":{"@id":"https:\/\/www.dillerbottle.com\/es\/productos\/botella-de-agua-aislada-de-acero-inoxidable-termo#breadcrumb"},"inLanguage":"tr","potentialAction":[{"@type":"ReadAction","target":["https:\/\/www.dillerbottle.com\/es\/productos\/botella-de-agua-aislada-de-acero-inoxidable-termo"]}]},{"@type":"ImageObject","inLanguage":"tr","@id":"https:\/\/www.dillerbottle.com\/es\/productos\/botella-de-agua-aislada-de-acero-inoxidable-termo#primaryimage","url":"https:\/\/www.dillerbottle.com\/wp-content\/uploads\/2024\/09\/thermos-stainless-steel-insulated-water57048956821.jpg","contentUrl":"https:\/\/www.dillerbottle.com\/wp-content\/uploads\/2024\/09\/thermos-stainless-steel-insulated-water57048956821.jpg","width":730,"height":730},{"@type":"BreadcrumbList","@id":"https:\/\/www.dillerbottle.com\/es\/productos\/botella-de-agua-aislada-de-acero-inoxidable-termo#breadcrumb","itemListElement":[{"@type":"ListItem","position":1,"name":"Home","item":"https:\/\/www.dillerbottle.com\/"},{"@type":"ListItem","position":2,"name":"Products","item":"https:\/\/www.dillerbottle.com\/shop"},{"@type":"ListItem","position":3,"name":"Thermos Stainless Steel Insulated Water Bottle"}]},{"@type":"WebSite","@id":"https:\/\/www.dillerbottle.com\/#website","url":"https:\/\/www.dillerbottle.com\/","name":"Diller Su \u015ei\u015fesi \u00dcreticisi","description":"Su \u015ei\u015fesi \u00dcreticisi","publisher":{"@id":"https:\/\/www.dillerbottle.com\/#organization"},"potentialAction":[{"@type":"SearchAction","target":{"@type":"EntryPoint","urlTemplate":"https:\/\/www.dillerbottle.com\/?s={search_term_string}"},"query-input":{"@type":"PropertyValueSpecification","valueRequired":true,"valueName":"search_term_string"}}],"inLanguage":"tr"},{"@type":"Organization","@id":"https:\/\/www.dillerbottle.com\/#organization","name":"Diller Su \u015ei\u015fesi \u00dcreticisi","url":"https:\/\/www.dillerbottle.com\/","logo":{"@type":"ImageObject","inLanguage":"tr","@id":"https:\/\/www.dillerbottle.com\/#\/schema\/logo\/image\/","url":"https:\/\/www.dillerbottle.com\/wp-content\/uploads\/2024\/09\/49918bfa848dcc1e9f8b509933603ac.png","contentUrl":"https:\/\/www.dillerbottle.com\/wp-content\/uploads\/2024\/09\/49918bfa848dcc1e9f8b509933603ac.png","width":988,"height":198,"caption":"Diller Water Bottle Manufacturer"},"image":{"@id":"https:\/\/www.dillerbottle.com\/#\/schema\/logo\/image\/"}}]}},"_links":{"self":[{"href":"https:\/\/www.dillerbottle.com\/tr\/wp-json\/wp\/v2\/product\/12383","targetHints":{"allow":["GET"]}}],"collection":[{"href":"https:\/\/www.dillerbottle.com\/tr\/wp-json\/wp\/v2\/product"}],"about":[{"href":"https:\/\/www.dillerbottle.com\/tr\/wp-json\/wp\/v2\/types\/product"}],"replies":[{"embeddable":true,"href":"https:\/\/www.dillerbottle.com\/tr\/wp-json\/wp\/v2\/comments?post=12383"}],"wp:featuredmedia":[{"embeddable":true,"href":"https:\/\/www.dillerbottle.com\/tr\/wp-json\/wp\/v2\/media\/12384"}],"wp:attachment":[{"href":"https:\/\/www.dillerbottle.com\/tr\/wp-json\/wp\/v2\/media?parent=12383"}],"wp:term":[{"taxonomy":"product_brand","embeddable":true,"href":"https:\/\/www.dillerbottle.com\/tr\/wp-json\/wp\/v2\/product_brand?post=12383"},{"taxonomy":"product_cat","embeddable":true,"href":"https:\/\/www.dillerbottle.com\/tr\/wp-json\/wp\/v2\/product_cat?post=12383"},{"taxonomy":"product_tag","embeddable":true,"href":"https:\/\/www.dillerbottle.com\/tr\/wp-json\/wp\/v2\/product_tag?post=12383"}],"curies":[{"name":"wp","href":"https:\/\/api.w.org\/{rel}","templated":true}]}}