{"id":1690,"date":"2024-09-24T17:41:05","date_gmt":"2024-09-24T09:41:05","guid":{"rendered":"https:\/\/demo.dillerbottle.com\/product\/thermos-travel-cup"},"modified":"2026-04-16T21:45:43","modified_gmt":"2026-04-16T13:45:43","slug":"termos-seyahat-kupasi","status":"publish","type":"product","link":"https:\/\/www.dillerbottle.com\/tr\/products\/thermos-travel-cup","title":{"rendered":"Termos Seyahat Kupas\u0131"},"content":{"rendered":"<p>\u00d6zellikler:<br \/>\n1. Bu termos seyahat kupas\u0131 dayan\u0131kl\u0131 \u00e7ift duvarl\u0131 316 paslanmaz \u00e7elikten yap\u0131lm\u0131\u015ft\u0131r; Vakum yal\u0131t\u0131ml\u0131 olan kupam\u0131z i\u00e7ecekleri 8 saate kadar s\u0131cak veya so\u011fuk tutabilir.<\/p>\n<p>2. S\u0131zd\u0131rmaz kapakl\u0131 kapak basit, g\u00fcvenli ve tek elle kullan\u0131m\u0131 kolayd\u0131r. Dar g\u00f6vde tasar\u0131m\u0131, al\u0131p gitmeyi kolayla\u015ft\u0131r\u0131r, ayr\u0131ca \u00e7o\u011fu ara\u00e7 bardak tutucusuna ve kahve makinesine uyar.<\/p>\n<p>3. Paslanmaz \u00e7elik termos seyahat barda\u011f\u0131n\u0131n kaymas\u0131n\u0131 \u00f6nlemek i\u00e7in kaymaz bir taban sa\u011flayan silikon taban.<\/p>\n<p>4. Termos seyahat kupas\u0131n\u0131 markan\u0131z\u0131 m\u00fckemmel \u015fekilde yans\u0131tacak \u015fekilde logonuz, renginiz, deseniniz veya tasar\u0131m\u0131n\u0131zla \u00f6zelle\u015ftirmek mi istiyorsunuz? Ba\u015fka yere bakmay\u0131n! Ekibimiz sizinle \u00e7al\u0131\u015fabilir. Ba\u015flaman\u0131za yard\u0131mc\u0131 olmak i\u00e7in \u00fccretsiz numuneler sunuyoruz ve toplu al\u0131m se\u00e7eneklerimiz ihtiyac\u0131n\u0131z olan miktar\u0131 elde etmenizi kolayla\u015ft\u0131r\u0131yor.<\/p>\n<div style=\"width: 640px;\" class=\"wp-video\"><video class=\"wp-video-shortcode\" id=\"video-1690-1\" width=\"640\" height=\"360\" preload=\"metadata\" controls=\"controls\"><source type=\"video\/mp4\" src=\"\/wp-content\/uploads\/2024\/09\/66f2893406ad2-video202211091045469278816.mp4?_=1\" \/><a href=\"\/wp-content\/uploads\/2024\/09\/66f2893406ad2-video202211091045469278816.mp4\">\/wp-content\/uploads\/2024\/09\/66f2893406ad2-video202211091045469278816.mp4<\/a><\/video><\/div>","protected":false},"excerpt":{"rendered":"<p>Bu termos seyahat kupas\u0131 dayan\u0131kl\u0131 \u00e7ift cidarl\u0131 316 paslanmaz \u00e7elikten yap\u0131lm\u0131\u015ft\u0131r; Vakum yal\u0131t\u0131ml\u0131 termos seyahat kupam\u0131z i\u00e7ecekleri 8 saate kadar s\u0131cak veya so\u011fuk tutabilir. S\u0131zd\u0131rmaz kapakl\u0131 kapak basit, g\u00fcvenli ve tek elle kolayca \u00e7al\u0131\u015ft\u0131r\u0131labilir. Dar g\u00f6vde tasar\u0131m\u0131 al\u0131p g\u00f6t\u00fcrmeyi kolayla\u015ft\u0131r\u0131r, ayr\u0131ca \u00e7o\u011fu ara\u00e7 bardak tutucusuna ve kahve makinesine uyar. Termos seyahat kupas\u0131n\u0131 logonuz, renginiz, deseniniz veya tasar\u0131m\u0131n\u0131zla \u00f6zelle\u015ftirmek istiyorsan\u0131z. Ekibimiz markan\u0131z\u0131 m\u00fckemmel \u015fekilde yans\u0131tacak benzersiz bir tasar\u0131m veya desen olu\u015fturmak i\u00e7in sizinle birlikte \u00e7al\u0131\u015fabilir.<\/p>","protected":false},"featured_media":1691,"comment_status":"open","ping_status":"closed","template":"","meta":{"_acf_changed":false},"product_brand":[],"product_cat":[46],"product_tag":[32,36,33,31,39,38,29,37,34,35,28,47,30],"class_list":{"0":"post-1690","1":"product","2":"type-product","3":"status-publish","4":"has-post-thumbnail","6":"product_cat-cup","7":"product_tag-best","8":"product_tag-bulk","9":"product_tag-buy","10":"product_tag-custom","11":"product_tag-for-sale","12":"product_tag-good-quality","13":"product_tag-manufacturers","14":"product_tag-manufacturing","15":"product_tag-price","16":"product_tag-small","17":"product_tag-suppliers","18":"product_tag-thermos-travel-cup","19":"product_tag-wholesale","21":"first","22":"instock","23":"featured","24":"shipping-taxable","25":"product-type-simple"},"acf":[],"yoast_head":"<!-- This site is optimized with the Yoast SEO Premium plugin v27.5 (Yoast SEO v27.5) - https:\/\/yoast.com\/product\/yoast-seo-premium-wordpress\/ -->\n<title>Thermos Travel Cup - Diller Water Bottle Manufacturer<\/title>\n<meta name=\"description\" content=\"As one of the best Thermos Travel Cup manufacturers and suppliers, we are engaged in manufacturing good quality water bottles. We warmly welcome you to wholesale or buy custom made Thermos Travel Cup at competitive price from us. Also, small quantity orders are acceptable.\" \/>\n<meta name=\"robots\" content=\"index, follow, max-snippet:-1, max-image-preview:large, max-video-preview:-1\" \/>\n<link rel=\"canonical\" href=\"https:\/\/www.dillerbottle.com\/tr\/urunler\/termos-seyahat-kupasi\" \/>\n<meta property=\"og:locale\" content=\"tr_TR\" \/>\n<meta property=\"og:type\" content=\"article\" \/>\n<meta property=\"og:title\" content=\"Thermos Travel Cup\" \/>\n<meta property=\"og:description\" content=\"As one of the best Thermos Travel Cup manufacturers and suppliers, we are engaged in manufacturing good quality water bottles. We warmly welcome you to wholesale or buy custom made Thermos Travel Cup at competitive price from us. Also, small quantity orders are acceptable.\" \/>\n<meta property=\"og:url\" content=\"https:\/\/www.dillerbottle.com\/tr\/urunler\/termos-seyahat-kupasi\" \/>\n<meta property=\"og:site_name\" content=\"Diller Water Bottle Manufacturer\" \/>\n<meta property=\"article:modified_time\" content=\"2026-04-16T13:45:43+00:00\" \/>\n<meta property=\"og:image\" content=\"https:\/\/www.dillerbottle.com\/wp-content\/uploads\/2024\/09\/children-s-cup1ec94ff1-aadc-4d60-a58b-7687139c9269.jpg\" \/>\n\t<meta property=\"og:image:width\" content=\"730\" \/>\n\t<meta property=\"og:image:height\" content=\"730\" \/>\n\t<meta property=\"og:image:type\" content=\"image\/jpeg\" \/>\n<meta name=\"twitter:card\" content=\"summary_large_image\" \/>\n<meta name=\"twitter:label1\" content=\"Tahmini okuma s\u00fcresi\" \/>\n\t<meta name=\"twitter:data1\" content=\"7 dakika\" \/>\n<script type=\"application\/ld+json\" class=\"yoast-schema-graph\">{\"@context\":\"https:\\\/\\\/schema.org\",\"@graph\":[{\"@type\":\"WebPage\",\"@id\":\"https:\\\/\\\/www.dillerbottle.com\\\/products\\\/thermos-travel-cup\",\"url\":\"https:\\\/\\\/www.dillerbottle.com\\\/products\\\/thermos-travel-cup\",\"name\":\"Thermos Travel Cup - Diller Water Bottle Manufacturer\",\"isPartOf\":{\"@id\":\"https:\\\/\\\/www.dillerbottle.com\\\/#website\"},\"primaryImageOfPage\":{\"@id\":\"https:\\\/\\\/www.dillerbottle.com\\\/products\\\/thermos-travel-cup#primaryimage\"},\"image\":{\"@id\":\"https:\\\/\\\/www.dillerbottle.com\\\/products\\\/thermos-travel-cup#primaryimage\"},\"thumbnailUrl\":\"https:\\\/\\\/www.dillerbottle.com\\\/wp-content\\\/uploads\\\/2024\\\/09\\\/children-s-cup1ec94ff1-aadc-4d60-a58b-7687139c9269.jpg\",\"datePublished\":\"2024-09-24T09:41:05+00:00\",\"dateModified\":\"2026-04-16T13:45:43+00:00\",\"description\":\"As one of the best Thermos Travel Cup manufacturers and suppliers, we are engaged in manufacturing good quality water bottles. We warmly welcome you to wholesale or buy custom made Thermos Travel Cup at competitive price from us. Also, small quantity orders are acceptable.\",\"breadcrumb\":{\"@id\":\"https:\\\/\\\/www.dillerbottle.com\\\/products\\\/thermos-travel-cup#breadcrumb\"},\"inLanguage\":\"tr\",\"potentialAction\":[{\"@type\":\"ReadAction\",\"target\":[\"https:\\\/\\\/www.dillerbottle.com\\\/products\\\/thermos-travel-cup\"]}]},{\"@type\":\"ImageObject\",\"inLanguage\":\"tr\",\"@id\":\"https:\\\/\\\/www.dillerbottle.com\\\/products\\\/thermos-travel-cup#primaryimage\",\"url\":\"https:\\\/\\\/www.dillerbottle.com\\\/wp-content\\\/uploads\\\/2024\\\/09\\\/children-s-cup1ec94ff1-aadc-4d60-a58b-7687139c9269.jpg\",\"contentUrl\":\"https:\\\/\\\/www.dillerbottle.com\\\/wp-content\\\/uploads\\\/2024\\\/09\\\/children-s-cup1ec94ff1-aadc-4d60-a58b-7687139c9269.jpg\",\"width\":730,\"height\":730},{\"@type\":\"BreadcrumbList\",\"@id\":\"https:\\\/\\\/www.dillerbottle.com\\\/products\\\/thermos-travel-cup#breadcrumb\",\"itemListElement\":[{\"@type\":\"ListItem\",\"position\":1,\"name\":\"Home\",\"item\":\"https:\\\/\\\/www.dillerbottle.com\\\/\"},{\"@type\":\"ListItem\",\"position\":2,\"name\":\"Products\",\"item\":\"https:\\\/\\\/www.dillerbottle.com\\\/shop\"},{\"@type\":\"ListItem\",\"position\":3,\"name\":\"Thermos Travel Cup\"}]},{\"@type\":\"WebSite\",\"@id\":\"https:\\\/\\\/www.dillerbottle.com\\\/#website\",\"url\":\"https:\\\/\\\/www.dillerbottle.com\\\/\",\"name\":\"Diller Water Bottle Manufacturer\",\"description\":\"Water Bottle Manufacturer\",\"publisher\":{\"@id\":\"https:\\\/\\\/www.dillerbottle.com\\\/#organization\"},\"potentialAction\":[{\"@type\":\"SearchAction\",\"target\":{\"@type\":\"EntryPoint\",\"urlTemplate\":\"https:\\\/\\\/www.dillerbottle.com\\\/?s={search_term_string}\"},\"query-input\":{\"@type\":\"PropertyValueSpecification\",\"valueRequired\":true,\"valueName\":\"search_term_string\"}}],\"inLanguage\":\"tr\"},{\"@type\":\"Organization\",\"@id\":\"https:\\\/\\\/www.dillerbottle.com\\\/#organization\",\"name\":\"Diller Water Bottle Manufacturer\",\"url\":\"https:\\\/\\\/www.dillerbottle.com\\\/\",\"logo\":{\"@type\":\"ImageObject\",\"inLanguage\":\"tr\",\"@id\":\"https:\\\/\\\/www.dillerbottle.com\\\/#\\\/schema\\\/logo\\\/image\\\/\",\"url\":\"https:\\\/\\\/www.dillerbottle.com\\\/wp-content\\\/uploads\\\/2024\\\/09\\\/49918bfa848dcc1e9f8b509933603ac.png\",\"contentUrl\":\"https:\\\/\\\/www.dillerbottle.com\\\/wp-content\\\/uploads\\\/2024\\\/09\\\/49918bfa848dcc1e9f8b509933603ac.png\",\"width\":988,\"height\":198,\"caption\":\"Diller Water Bottle Manufacturer\"},\"image\":{\"@id\":\"https:\\\/\\\/www.dillerbottle.com\\\/#\\\/schema\\\/logo\\\/image\\\/\"}}]}<\/script>\n<!-- \/ Yoast SEO Premium plugin. -->","yoast_head_json":{"title":"Thermos Seyahat Kupas\u0131 - Diller Su \u015ei\u015fesi \u00dcreticisi","description":"En iyi Thermos Seyahat Kupas\u0131 \u00fcreticilerinden ve tedarik\u00e7ilerinden biri olarak, kaliteli su \u015fi\u015feleri \u00fcretiyoruz. Toptan sat\u0131\u015f yapman\u0131z\u0131 veya bizden rekabet\u00e7i fiyatlarla \u00f6zel yap\u0131m Thermos Seyahat Kupas\u0131 sat\u0131n alman\u0131z\u0131 i\u00e7tenlikle bekliyoruz. Ayr\u0131ca, k\u00fc\u00e7\u00fck miktardaki sipari\u015fler de kabul edilebilir.","robots":{"index":"index","follow":"follow","max-snippet":"max-snippet:-1","max-image-preview":"max-image-preview:large","max-video-preview":"max-video-preview:-1"},"canonical":"https:\/\/www.dillerbottle.com\/tr\/urunler\/termos-seyahat-kupasi","og_locale":"tr_TR","og_type":"article","og_title":"Thermos Travel Cup","og_description":"As one of the best Thermos Travel Cup manufacturers and suppliers, we are engaged in manufacturing good quality water bottles. We warmly welcome you to wholesale or buy custom made Thermos Travel Cup at competitive price from us. Also, small quantity orders are acceptable.","og_url":"https:\/\/www.dillerbottle.com\/tr\/urunler\/termos-seyahat-kupasi","og_site_name":"Diller Water Bottle Manufacturer","article_modified_time":"2026-04-16T13:45:43+00:00","og_image":[{"width":730,"height":730,"url":"https:\/\/www.dillerbottle.com\/wp-content\/uploads\/2024\/09\/children-s-cup1ec94ff1-aadc-4d60-a58b-7687139c9269.jpg","type":"image\/jpeg"}],"twitter_card":"summary_large_image","twitter_misc":{"Tahmini okuma s\u00fcresi":"7 dakika"},"schema":{"@context":"https:\/\/schema.org","@graph":[{"@type":"WebPage","@id":"https:\/\/www.dillerbottle.com\/products\/thermos-travel-cup","url":"https:\/\/www.dillerbottle.com\/products\/thermos-travel-cup","name":"Thermos Seyahat Kupas\u0131 - Diller Su \u015ei\u015fesi \u00dcreticisi","isPartOf":{"@id":"https:\/\/www.dillerbottle.com\/#website"},"primaryImageOfPage":{"@id":"https:\/\/www.dillerbottle.com\/products\/thermos-travel-cup#primaryimage"},"image":{"@id":"https:\/\/www.dillerbottle.com\/products\/thermos-travel-cup#primaryimage"},"thumbnailUrl":"https:\/\/www.dillerbottle.com\/wp-content\/uploads\/2024\/09\/children-s-cup1ec94ff1-aadc-4d60-a58b-7687139c9269.jpg","datePublished":"2024-09-24T09:41:05+00:00","dateModified":"2026-04-16T13:45:43+00:00","description":"En iyi Thermos Seyahat Kupas\u0131 \u00fcreticilerinden ve tedarik\u00e7ilerinden biri olarak, kaliteli su \u015fi\u015feleri \u00fcretiyoruz. Toptan sat\u0131\u015f yapman\u0131z\u0131 veya bizden rekabet\u00e7i fiyatlarla \u00f6zel yap\u0131m Thermos Seyahat Kupas\u0131 sat\u0131n alman\u0131z\u0131 i\u00e7tenlikle bekliyoruz. Ayr\u0131ca, k\u00fc\u00e7\u00fck miktardaki sipari\u015fler de kabul edilebilir.","breadcrumb":{"@id":"https:\/\/www.dillerbottle.com\/products\/thermos-travel-cup#breadcrumb"},"inLanguage":"tr","potentialAction":[{"@type":"ReadAction","target":["https:\/\/www.dillerbottle.com\/products\/thermos-travel-cup"]}]},{"@type":"ImageObject","inLanguage":"tr","@id":"https:\/\/www.dillerbottle.com\/products\/thermos-travel-cup#primaryimage","url":"https:\/\/www.dillerbottle.com\/wp-content\/uploads\/2024\/09\/children-s-cup1ec94ff1-aadc-4d60-a58b-7687139c9269.jpg","contentUrl":"https:\/\/www.dillerbottle.com\/wp-content\/uploads\/2024\/09\/children-s-cup1ec94ff1-aadc-4d60-a58b-7687139c9269.jpg","width":730,"height":730},{"@type":"BreadcrumbList","@id":"https:\/\/www.dillerbottle.com\/products\/thermos-travel-cup#breadcrumb","itemListElement":[{"@type":"ListItem","position":1,"name":"Home","item":"https:\/\/www.dillerbottle.com\/"},{"@type":"ListItem","position":2,"name":"Products","item":"https:\/\/www.dillerbottle.com\/shop"},{"@type":"ListItem","position":3,"name":"Thermos Travel Cup"}]},{"@type":"WebSite","@id":"https:\/\/www.dillerbottle.com\/#website","url":"https:\/\/www.dillerbottle.com\/","name":"Diller Su \u015ei\u015fesi \u00dcreticisi","description":"Su \u015ei\u015fesi \u00dcreticisi","publisher":{"@id":"https:\/\/www.dillerbottle.com\/#organization"},"potentialAction":[{"@type":"SearchAction","target":{"@type":"EntryPoint","urlTemplate":"https:\/\/www.dillerbottle.com\/?s={search_term_string}"},"query-input":{"@type":"PropertyValueSpecification","valueRequired":true,"valueName":"search_term_string"}}],"inLanguage":"tr"},{"@type":"Organization","@id":"https:\/\/www.dillerbottle.com\/#organization","name":"Diller Su \u015ei\u015fesi \u00dcreticisi","url":"https:\/\/www.dillerbottle.com\/","logo":{"@type":"ImageObject","inLanguage":"tr","@id":"https:\/\/www.dillerbottle.com\/#\/schema\/logo\/image\/","url":"https:\/\/www.dillerbottle.com\/wp-content\/uploads\/2024\/09\/49918bfa848dcc1e9f8b509933603ac.png","contentUrl":"https:\/\/www.dillerbottle.com\/wp-content\/uploads\/2024\/09\/49918bfa848dcc1e9f8b509933603ac.png","width":988,"height":198,"caption":"Diller Water Bottle Manufacturer"},"image":{"@id":"https:\/\/www.dillerbottle.com\/#\/schema\/logo\/image\/"}}]}},"_links":{"self":[{"href":"https:\/\/www.dillerbottle.com\/tr\/wp-json\/wp\/v2\/product\/1690","targetHints":{"allow":["GET"]}}],"collection":[{"href":"https:\/\/www.dillerbottle.com\/tr\/wp-json\/wp\/v2\/product"}],"about":[{"href":"https:\/\/www.dillerbottle.com\/tr\/wp-json\/wp\/v2\/types\/product"}],"replies":[{"embeddable":true,"href":"https:\/\/www.dillerbottle.com\/tr\/wp-json\/wp\/v2\/comments?post=1690"}],"wp:featuredmedia":[{"embeddable":true,"href":"https:\/\/www.dillerbottle.com\/tr\/wp-json\/wp\/v2\/media\/1691"}],"wp:attachment":[{"href":"https:\/\/www.dillerbottle.com\/tr\/wp-json\/wp\/v2\/media?parent=1690"}],"wp:term":[{"taxonomy":"product_brand","embeddable":true,"href":"https:\/\/www.dillerbottle.com\/tr\/wp-json\/wp\/v2\/product_brand?post=1690"},{"taxonomy":"product_cat","embeddable":true,"href":"https:\/\/www.dillerbottle.com\/tr\/wp-json\/wp\/v2\/product_cat?post=1690"},{"taxonomy":"product_tag","embeddable":true,"href":"https:\/\/www.dillerbottle.com\/tr\/wp-json\/wp\/v2\/product_tag?post=1690"}],"curies":[{"name":"wp","href":"https:\/\/api.w.org\/{rel}","templated":true}]}}