{"id":17608,"date":"2026-02-11T15:39:11","date_gmt":"2026-02-11T07:39:11","guid":{"rendered":"https:\/\/www.dillerbottle.com\/?post_type=product&#038;p=17608"},"modified":"2026-02-11T15:52:42","modified_gmt":"2026-02-11T07:52:42","slug":"oem-odm-520ml-insulated-food-jar","status":"publish","type":"product","link":"https:\/\/www.dillerbottle.com\/tr\/products\/oem-odm-520ml-insulated-food-jar","title":{"rendered":"OEM\/ODM 520ml Yal\u0131t\u0131ml\u0131 G\u0131da Kavanozu"},"content":{"rendered":"<p data-start=\"533\" data-end=\"703\">Bu 520 ml yal\u0131t\u0131ml\u0131 termo g\u0131da kavanozu, g\u00fcvenilir OEM\/ODM paslanmaz \u00e7elik i\u00e7ecek ve g\u0131da kab\u0131 \u00e7\u00f6z\u00fcmleri arayan markalar, distrib\u00fct\u00f6rler ve ithalat\u00e7\u0131lar i\u00e7in tasarlanm\u0131\u015ft\u0131r.<\/p>\n<p data-start=\"705\" data-end=\"934\">\u0130\u00e7 astar, y\u00fcksek korozyon direnci, g\u0131da g\u00fcvenli\u011fi ve dayan\u0131kl\u0131l\u0131k sa\u011flayan SUS316 paslanmaz \u00e7elikten yap\u0131lm\u0131\u015ft\u0131r. D\u0131\u015f g\u00f6vde, \u00f6zel etiket bask\u0131s\u0131 ve marka geli\u015ftirmeye uygun p\u00fcr\u00fczs\u00fcz, \u00f6zelle\u015ftirilebilir bir y\u00fczeye sahiptir.<\/p>\n<p data-start=\"936\" data-end=\"1218\">520 ml'lik geni\u015f kapasitesiyle bu yal\u0131t\u0131ml\u0131 kavanoz \u00e7orbalar, yulaf lapas\u0131, bebek mamas\u0131, s\u0131cak yemekler ve i\u00e7ecekler i\u00e7in idealdir. Geni\u015f a\u011f\u0131zl\u0131 yap\u0131s\u0131 kolay doldurma, temizleme ve do\u011frudan yeme olana\u011f\u0131 sa\u011flar. Pratik ta\u015f\u0131nabilir sap\u0131 okul, seyahat ve d\u0131\u015f mekan kullan\u0131m\u0131 i\u00e7in g\u00fcnl\u00fck rahatl\u0131\u011f\u0131 art\u0131r\u0131r.<\/p>\n<p data-start=\"1220\" data-end=\"1397\">\u00dcr\u00fcn, s\u0131k\u0131 kalite kontrol standartlar\u0131 alt\u0131nda \u00fcretilir ve logo bask\u0131s\u0131, ambalaj tasar\u0131m\u0131 ve yap\u0131sal ayarlamalar dahil olmak \u00fczere tam OEM \/ ODM \u00f6zelle\u015ftirmesini destekler.<\/p>\n<p data-start=\"1399\" data-end=\"1437\">Bu model \u00f6zellikle \u015funlar i\u00e7in uygundur:<\/p>\n<ul data-start=\"1438\" data-end=\"1598\">\n<li data-start=\"1438\" data-end=\"1468\">\n<p data-start=\"1440\" data-end=\"1468\">Bebek ve \u00e7ocuk \u00fcr\u00fcnleri markalar\u0131<\/p>\n<\/li>\n<li data-start=\"1469\" data-end=\"1499\">\n<p data-start=\"1471\" data-end=\"1499\">Promosyon hediye \u015firketleri<\/p>\n<\/li>\n<li data-start=\"1500\" data-end=\"1525\">\n<p data-start=\"1502\" data-end=\"1525\">Ev e\u015fyas\u0131 distrib\u00fct\u00f6rleri<\/p>\n<\/li>\n<li data-start=\"1526\" data-end=\"1563\">\n<p data-start=\"1528\" data-end=\"1563\">Termal yemek kab\u0131 ithalat\u00e7\u0131lar\u0131<\/p>\n<\/li>\n<li data-start=\"1564\" data-end=\"1598\">\n<p data-start=\"1566\" data-end=\"1598\">S\u0131n\u0131r \u00f6tesi e-ticaret markalar\u0131<\/p>\n<\/li>\n<\/ul>","protected":false},"excerpt":{"rendered":"<p>SUS316 paslanmaz \u00e7elik i\u00e7 k\u0131s\u0131m, geni\u015f a\u011f\u0131zl\u0131 tasar\u0131m ve ta\u015f\u0131nabilir sap ile yap\u0131lm\u0131\u015f 520ml yal\u0131t\u0131ml\u0131 g\u0131da kavanozu. OEM\/ODM projeleri, \u00f6zel etiket ve toplu toptan sat\u0131\u015f i\u00e7in idealdir.<\/p>","protected":false},"featured_media":17613,"comment_status":"open","ping_status":"closed","template":"","meta":{"_acf_changed":false},"product_brand":[],"product_cat":[108,18],"product_tag":[1029],"class_list":{"0":"post-17608","1":"product","2":"type-product","3":"status-publish","4":"has-post-thumbnail","6":"product_cat-insulated-food-jar","7":"product_cat-insulated-water-bottle","8":"product_tag-stainless-vacuum-water-bottle","10":"first","11":"instock","12":"shipping-taxable","13":"product-type-simple"},"acf":[],"yoast_head":"<!-- This site is optimized with the Yoast SEO Premium plugin v27.5 (Yoast SEO v27.5) - https:\/\/yoast.com\/product\/yoast-seo-premium-wordpress\/ -->\n<title>OEM\/ODM 520ml Insulated Food Jar - Diller Water Bottle Manufacturer<\/title>\n<meta name=\"description\" content=\"OEM 520ml insulated food jar with SUS316 stainless steel liner, wide mouth design, customizable for wholesale and private label brands.\" \/>\n<meta name=\"robots\" content=\"index, follow, max-snippet:-1, max-image-preview:large, max-video-preview:-1\" \/>\n<link rel=\"canonical\" href=\"https:\/\/www.dillerbottle.com\/tr\/urunler\/oem-odm-520ml-insulated-food-jar\" \/>\n<meta property=\"og:locale\" content=\"tr_TR\" \/>\n<meta property=\"og:type\" content=\"article\" \/>\n<meta property=\"og:title\" content=\"OEM\/ODM 520ml Insulated Food Jar\" \/>\n<meta property=\"og:description\" content=\"OEM 520ml insulated food jar with SUS316 stainless steel liner, wide mouth design, customizable for wholesale and private label brands.\" \/>\n<meta property=\"og:url\" content=\"https:\/\/www.dillerbottle.com\/tr\/urunler\/oem-odm-520ml-insulated-food-jar\" \/>\n<meta property=\"og:site_name\" content=\"Diller Water Bottle Manufacturer\" \/>\n<meta property=\"article:modified_time\" content=\"2026-02-11T07:52:42+00:00\" \/>\n<meta property=\"og:image\" content=\"https:\/\/www.dillerbottle.com\/wp-content\/uploads\/2026\/02\/oemodm-1100ml-insulated-food-jar-9201-1.jpg\" \/>\n\t<meta property=\"og:image:width\" content=\"800\" \/>\n\t<meta property=\"og:image:height\" content=\"800\" \/>\n\t<meta property=\"og:image:type\" content=\"image\/jpeg\" \/>\n<meta name=\"twitter:card\" content=\"summary_large_image\" \/>\n<meta name=\"twitter:label1\" content=\"Tahmini okuma s\u00fcresi\" \/>\n\t<meta name=\"twitter:data1\" content=\"4 dakika\" \/>\n<script type=\"application\/ld+json\" class=\"yoast-schema-graph\">{\"@context\":\"https:\\\/\\\/schema.org\",\"@graph\":[{\"@type\":\"WebPage\",\"@id\":\"https:\\\/\\\/www.dillerbottle.com\\\/products\\\/oem-odm-520ml-insulated-food-jar\",\"url\":\"https:\\\/\\\/www.dillerbottle.com\\\/products\\\/oem-odm-520ml-insulated-food-jar\",\"name\":\"OEM\\\/ODM 520ml Insulated Food Jar - Diller Water Bottle Manufacturer\",\"isPartOf\":{\"@id\":\"https:\\\/\\\/www.dillerbottle.com\\\/#website\"},\"primaryImageOfPage\":{\"@id\":\"https:\\\/\\\/www.dillerbottle.com\\\/products\\\/oem-odm-520ml-insulated-food-jar#primaryimage\"},\"image\":{\"@id\":\"https:\\\/\\\/www.dillerbottle.com\\\/products\\\/oem-odm-520ml-insulated-food-jar#primaryimage\"},\"thumbnailUrl\":\"https:\\\/\\\/www.dillerbottle.com\\\/wp-content\\\/uploads\\\/2026\\\/02\\\/oemodm-1100ml-insulated-food-jar-9201-1.jpg\",\"datePublished\":\"2026-02-11T07:39:11+00:00\",\"dateModified\":\"2026-02-11T07:52:42+00:00\",\"description\":\"OEM 520ml insulated food jar with SUS316 stainless steel liner, wide mouth design, customizable for wholesale and private label brands.\",\"breadcrumb\":{\"@id\":\"https:\\\/\\\/www.dillerbottle.com\\\/products\\\/oem-odm-520ml-insulated-food-jar#breadcrumb\"},\"inLanguage\":\"tr\",\"potentialAction\":[{\"@type\":\"ReadAction\",\"target\":[\"https:\\\/\\\/www.dillerbottle.com\\\/products\\\/oem-odm-520ml-insulated-food-jar\"]}]},{\"@type\":\"ImageObject\",\"inLanguage\":\"tr\",\"@id\":\"https:\\\/\\\/www.dillerbottle.com\\\/products\\\/oem-odm-520ml-insulated-food-jar#primaryimage\",\"url\":\"https:\\\/\\\/www.dillerbottle.com\\\/wp-content\\\/uploads\\\/2026\\\/02\\\/oemodm-1100ml-insulated-food-jar-9201-1.jpg\",\"contentUrl\":\"https:\\\/\\\/www.dillerbottle.com\\\/wp-content\\\/uploads\\\/2026\\\/02\\\/oemodm-1100ml-insulated-food-jar-9201-1.jpg\",\"width\":800,\"height\":800},{\"@type\":\"BreadcrumbList\",\"@id\":\"https:\\\/\\\/www.dillerbottle.com\\\/products\\\/oem-odm-520ml-insulated-food-jar#breadcrumb\",\"itemListElement\":[{\"@type\":\"ListItem\",\"position\":1,\"name\":\"Home\",\"item\":\"https:\\\/\\\/www.dillerbottle.com\\\/\"},{\"@type\":\"ListItem\",\"position\":2,\"name\":\"Products\",\"item\":\"https:\\\/\\\/www.dillerbottle.com\\\/shop\"},{\"@type\":\"ListItem\",\"position\":3,\"name\":\"OEM\\\/ODM 520ml Insulated Food Jar\"}]},{\"@type\":\"WebSite\",\"@id\":\"https:\\\/\\\/www.dillerbottle.com\\\/#website\",\"url\":\"https:\\\/\\\/www.dillerbottle.com\\\/\",\"name\":\"Diller Water Bottle Manufacturer\",\"description\":\"Water Bottle Manufacturer\",\"publisher\":{\"@id\":\"https:\\\/\\\/www.dillerbottle.com\\\/#organization\"},\"potentialAction\":[{\"@type\":\"SearchAction\",\"target\":{\"@type\":\"EntryPoint\",\"urlTemplate\":\"https:\\\/\\\/www.dillerbottle.com\\\/?s={search_term_string}\"},\"query-input\":{\"@type\":\"PropertyValueSpecification\",\"valueRequired\":true,\"valueName\":\"search_term_string\"}}],\"inLanguage\":\"tr\"},{\"@type\":\"Organization\",\"@id\":\"https:\\\/\\\/www.dillerbottle.com\\\/#organization\",\"name\":\"Diller Water Bottle Manufacturer\",\"url\":\"https:\\\/\\\/www.dillerbottle.com\\\/\",\"logo\":{\"@type\":\"ImageObject\",\"inLanguage\":\"tr\",\"@id\":\"https:\\\/\\\/www.dillerbottle.com\\\/#\\\/schema\\\/logo\\\/image\\\/\",\"url\":\"https:\\\/\\\/www.dillerbottle.com\\\/wp-content\\\/uploads\\\/2024\\\/09\\\/49918bfa848dcc1e9f8b509933603ac.png\",\"contentUrl\":\"https:\\\/\\\/www.dillerbottle.com\\\/wp-content\\\/uploads\\\/2024\\\/09\\\/49918bfa848dcc1e9f8b509933603ac.png\",\"width\":988,\"height\":198,\"caption\":\"Diller Water Bottle Manufacturer\"},\"image\":{\"@id\":\"https:\\\/\\\/www.dillerbottle.com\\\/#\\\/schema\\\/logo\\\/image\\\/\"}}]}<\/script>\n<!-- \/ Yoast SEO Premium plugin. -->","yoast_head_json":{"title":"oem odm 520ml izoleli yemek kavanozu","description":"OEM 520ml izoleli g\u0131da kavanozu, SUS316 paslanmaz \u00e7elik astarl\u0131, geni\u015f a\u011f\u0131z tasar\u0131m\u0131, toptan ve \u00f6zel markalar i\u00e7in \u00f6zelle\u015ftirilebilir.","robots":{"index":"index","follow":"follow","max-snippet":"max-snippet:-1","max-image-preview":"max-image-preview:large","max-video-preview":"max-video-preview:-1"},"canonical":"https:\/\/www.dillerbottle.com\/tr\/urunler\/oem-odm-520ml-insulated-food-jar","og_locale":"tr_TR","og_type":"article","og_title":"OEM\/ODM 520ml Insulated Food Jar","og_description":"OEM 520ml insulated food jar with SUS316 stainless steel liner, wide mouth design, customizable for wholesale and private label brands.","og_url":"https:\/\/www.dillerbottle.com\/tr\/urunler\/oem-odm-520ml-insulated-food-jar","og_site_name":"Diller Water Bottle Manufacturer","article_modified_time":"2026-02-11T07:52:42+00:00","og_image":[{"width":800,"height":800,"url":"https:\/\/www.dillerbottle.com\/wp-content\/uploads\/2026\/02\/oemodm-1100ml-insulated-food-jar-9201-1.jpg","type":"image\/jpeg"}],"twitter_card":"summary_large_image","twitter_misc":{"Tahmini okuma s\u00fcresi":"4 dakika"},"schema":{"@context":"https:\/\/schema.org","@graph":[{"@type":"WebPage","@id":"https:\/\/www.dillerbottle.com\/products\/oem-odm-520ml-insulated-food-jar","url":"https:\/\/www.dillerbottle.com\/products\/oem-odm-520ml-insulated-food-jar","name":"oem odm 520ml izoleli yemek kavanozu","isPartOf":{"@id":"https:\/\/www.dillerbottle.com\/#website"},"primaryImageOfPage":{"@id":"https:\/\/www.dillerbottle.com\/products\/oem-odm-520ml-insulated-food-jar#primaryimage"},"image":{"@id":"https:\/\/www.dillerbottle.com\/products\/oem-odm-520ml-insulated-food-jar#primaryimage"},"thumbnailUrl":"https:\/\/www.dillerbottle.com\/wp-content\/uploads\/2026\/02\/oemodm-1100ml-insulated-food-jar-9201-1.jpg","datePublished":"2026-02-11T07:39:11+00:00","dateModified":"2026-02-11T07:52:42+00:00","description":"OEM 520ml izoleli g\u0131da kavanozu, SUS316 paslanmaz \u00e7elik astarl\u0131, geni\u015f a\u011f\u0131z tasar\u0131m\u0131, toptan ve \u00f6zel markalar i\u00e7in \u00f6zelle\u015ftirilebilir.","breadcrumb":{"@id":"https:\/\/www.dillerbottle.com\/products\/oem-odm-520ml-insulated-food-jar#breadcrumb"},"inLanguage":"tr","potentialAction":[{"@type":"ReadAction","target":["https:\/\/www.dillerbottle.com\/products\/oem-odm-520ml-insulated-food-jar"]}]},{"@type":"ImageObject","inLanguage":"tr","@id":"https:\/\/www.dillerbottle.com\/products\/oem-odm-520ml-insulated-food-jar#primaryimage","url":"https:\/\/www.dillerbottle.com\/wp-content\/uploads\/2026\/02\/oemodm-1100ml-insulated-food-jar-9201-1.jpg","contentUrl":"https:\/\/www.dillerbottle.com\/wp-content\/uploads\/2026\/02\/oemodm-1100ml-insulated-food-jar-9201-1.jpg","width":800,"height":800},{"@type":"BreadcrumbList","@id":"https:\/\/www.dillerbottle.com\/products\/oem-odm-520ml-insulated-food-jar#breadcrumb","itemListElement":[{"@type":"ListItem","position":1,"name":"Home","item":"https:\/\/www.dillerbottle.com\/"},{"@type":"ListItem","position":2,"name":"Products","item":"https:\/\/www.dillerbottle.com\/shop"},{"@type":"ListItem","position":3,"name":"OEM\/ODM 520ml Insulated Food Jar"}]},{"@type":"WebSite","@id":"https:\/\/www.dillerbottle.com\/#website","url":"https:\/\/www.dillerbottle.com\/","name":"Diller Su \u015ei\u015fesi \u00dcreticisi","description":"Su \u015ei\u015fesi \u00dcreticisi","publisher":{"@id":"https:\/\/www.dillerbottle.com\/#organization"},"potentialAction":[{"@type":"SearchAction","target":{"@type":"EntryPoint","urlTemplate":"https:\/\/www.dillerbottle.com\/?s={search_term_string}"},"query-input":{"@type":"PropertyValueSpecification","valueRequired":true,"valueName":"search_term_string"}}],"inLanguage":"tr"},{"@type":"Organization","@id":"https:\/\/www.dillerbottle.com\/#organization","name":"Diller Su \u015ei\u015fesi \u00dcreticisi","url":"https:\/\/www.dillerbottle.com\/","logo":{"@type":"ImageObject","inLanguage":"tr","@id":"https:\/\/www.dillerbottle.com\/#\/schema\/logo\/image\/","url":"https:\/\/www.dillerbottle.com\/wp-content\/uploads\/2024\/09\/49918bfa848dcc1e9f8b509933603ac.png","contentUrl":"https:\/\/www.dillerbottle.com\/wp-content\/uploads\/2024\/09\/49918bfa848dcc1e9f8b509933603ac.png","width":988,"height":198,"caption":"Diller Water Bottle Manufacturer"},"image":{"@id":"https:\/\/www.dillerbottle.com\/#\/schema\/logo\/image\/"}}]}},"_links":{"self":[{"href":"https:\/\/www.dillerbottle.com\/tr\/wp-json\/wp\/v2\/product\/17608","targetHints":{"allow":["GET"]}}],"collection":[{"href":"https:\/\/www.dillerbottle.com\/tr\/wp-json\/wp\/v2\/product"}],"about":[{"href":"https:\/\/www.dillerbottle.com\/tr\/wp-json\/wp\/v2\/types\/product"}],"replies":[{"embeddable":true,"href":"https:\/\/www.dillerbottle.com\/tr\/wp-json\/wp\/v2\/comments?post=17608"}],"wp:featuredmedia":[{"embeddable":true,"href":"https:\/\/www.dillerbottle.com\/tr\/wp-json\/wp\/v2\/media\/17613"}],"wp:attachment":[{"href":"https:\/\/www.dillerbottle.com\/tr\/wp-json\/wp\/v2\/media?parent=17608"}],"wp:term":[{"taxonomy":"product_brand","embeddable":true,"href":"https:\/\/www.dillerbottle.com\/tr\/wp-json\/wp\/v2\/product_brand?post=17608"},{"taxonomy":"product_cat","embeddable":true,"href":"https:\/\/www.dillerbottle.com\/tr\/wp-json\/wp\/v2\/product_cat?post=17608"},{"taxonomy":"product_tag","embeddable":true,"href":"https:\/\/www.dillerbottle.com\/tr\/wp-json\/wp\/v2\/product_tag?post=17608"}],"curies":[{"name":"wp","href":"https:\/\/api.w.org\/{rel}","templated":true}]}}