{"id":17628,"date":"2026-02-11T16:33:08","date_gmt":"2026-02-11T08:33:08","guid":{"rendered":"https:\/\/www.dillerbottle.com\/?post_type=product&#038;p=17628"},"modified":"2026-02-11T16:59:19","modified_gmt":"2026-02-11T08:59:19","slug":"silikon-kapakli-oem-borosilikat-cam-cay-bardagi","status":"publish","type":"product","link":"https:\/\/www.dillerbottle.com\/tr\/products\/oem-borosilicate-glass-tea-cup-with-silicone-lid","title":{"rendered":"Silikon Kapakl\u0131 OEM Borosilikat Cam \u00c7ay Barda\u011f\u0131"},"content":{"rendered":"<p data-start=\"528\" data-end=\"682\">Bu yarat\u0131c\u0131 borosilikat cam \u00e7ay barda\u011f\u0131, farkl\u0131la\u015ft\u0131r\u0131lm\u0131\u015f OEM \u00fcr\u00fcnleri arayan hediyelik e\u015fya markalar\u0131, ya\u015fam tarz\u0131 perakendecileri ve i\u00e7ecek da\u011f\u0131t\u0131c\u0131lar\u0131 i\u00e7in tasarlanm\u0131\u015ft\u0131r.<\/p>\n<p data-start=\"684\" data-end=\"926\">Y\u00fcksek borosilikat camdan \u00fcretilen bardak \u0131s\u0131ya dayan\u0131kl\u0131d\u0131r ve hem s\u0131cak hem de so\u011fuk i\u00e7ecekler i\u00e7in uygundur. \u015eeffaf g\u00f6vdesi \u00e7ay, meyve inf\u00fczyonlar\u0131 veya kahveyi g\u00f6rsel olarak \u00f6ne \u00e7\u0131kararak kafe tarz\u0131 sunumlar ve hediye pazarlar\u0131 i\u00e7in idealdir.<\/p>\n<p data-start=\"928\" data-end=\"1174\">\u00dcr\u00fcn, pratikli\u011fi farkl\u0131 bir estetik tasar\u0131mla birle\u015ftiren g\u0131da s\u0131n\u0131f\u0131 silikon bir kapak ve dekoratif sap eleman\u0131na sahiptir. Geni\u015f a\u011f\u0131z yap\u0131s\u0131 kolay doldurma ve temizlemeye olanak sa\u011flarken, sabit taban g\u00fcnl\u00fck kullan\u0131labilirli\u011fi garanti eder.<\/p>\n<p data-start=\"1176\" data-end=\"1277\">G\u00fc\u00e7l\u00fc g\u00f6rsel \u00e7ekicili\u011fi ve \u00f6zelle\u015ftirilebilir bask\u0131 se\u00e7enekleri ile bu model \u00f6zellikle a\u015fa\u011f\u0131dakiler i\u00e7in uygundur:<\/p>\n<ul data-start=\"1279\" data-end=\"1427\">\n<li data-start=\"1279\" data-end=\"1298\">\n<p data-start=\"1281\" data-end=\"1298\">Hediyelik e\u015fya markalar\u0131<\/p>\n<\/li>\n<li data-start=\"1299\" data-end=\"1332\">\n<p data-start=\"1301\" data-end=\"1332\">Promosyon \u00fcr\u00fcn \u015firketleri<\/p>\n<\/li>\n<li data-start=\"1333\" data-end=\"1364\">\n<p data-start=\"1335\" data-end=\"1364\">Ev ve mutfak distrib\u00fct\u00f6rleri<\/p>\n<\/li>\n<li data-start=\"1365\" data-end=\"1392\">\n<p data-start=\"1367\" data-end=\"1392\">\u00c7ay aksesuar\u0131 tedarik\u00e7ileri<\/p>\n<\/li>\n<li data-start=\"1393\" data-end=\"1427\">\n<p data-start=\"1395\" data-end=\"1427\">\u00d6zel etiketli ya\u015fam tarz\u0131 markalar\u0131<\/p>\n<\/li>\n<\/ul>\n<p data-start=\"1429\" data-end=\"1562\">Logo bask\u0131s\u0131, ambalaj \u00f6zelle\u015ftirme, yap\u0131sal modifikasyon ve renk geli\u015ftirme dahil olmak \u00fczere OEM ve ODM hizmetleri mevcuttur.<\/p>","protected":false},"excerpt":{"rendered":"<p>Silikon kapakl\u0131 ve dekoratif tasar\u0131ml\u0131 yarat\u0131c\u0131 borosilikat cam \u00e7ay barda\u011f\u0131. OEM\/ODM projeleri, \u00f6zel etiketli hediyelik e\u015fyalar ve toptan i\u00e7ecek da\u011f\u0131t\u0131c\u0131lar\u0131 i\u00e7in idealdir.<\/p>","protected":false},"featured_media":17631,"comment_status":"open","ping_status":"closed","template":"","meta":{"_acf_changed":false},"product_brand":[],"product_cat":[310],"product_tag":[1172],"class_list":{"0":"post-17628","1":"product","2":"type-product","3":"status-publish","4":"has-post-thumbnail","6":"product_cat-glass-water-bottle","7":"product_tag-borosilicate-glass-tea-cup","9":"first","10":"instock","11":"shipping-taxable","12":"product-type-simple"},"acf":[],"yoast_head":"<!-- This site is optimized with the Yoast SEO Premium plugin v27.6 (Yoast SEO v27.6) - https:\/\/yoast.com\/product\/yoast-seo-premium-wordpress\/ -->\n<title>OEM Borosilicate Glass Tea Cup with Silicone Lid - Diller Water Bottle Manufacturer<\/title>\n<meta name=\"description\" content=\"OEM borosilicate glass tea cup with silicone lid, creative design for wholesale giftware and private label drinkware brands.\" \/>\n<meta name=\"robots\" content=\"index, follow, max-snippet:-1, max-image-preview:large, max-video-preview:-1\" \/>\n<link rel=\"canonical\" href=\"https:\/\/www.dillerbottle.com\/tr\/urunler\/silikon-kapakli-oem-borosilikat-cam-cay-bardagi\" \/>\n<meta property=\"og:locale\" content=\"tr_TR\" \/>\n<meta property=\"og:type\" content=\"article\" \/>\n<meta property=\"og:title\" content=\"OEM Borosilicate Glass Tea Cup with Silicone Lid\" \/>\n<meta property=\"og:description\" content=\"OEM borosilicate glass tea cup with silicone lid, creative design for wholesale giftware and private label drinkware brands.\" \/>\n<meta property=\"og:url\" content=\"https:\/\/www.dillerbottle.com\/tr\/urunler\/silikon-kapakli-oem-borosilikat-cam-cay-bardagi\" \/>\n<meta property=\"og:site_name\" content=\"Diller Water Bottle Manufacturer\" \/>\n<meta property=\"article:modified_time\" content=\"2026-02-11T08:59:19+00:00\" \/>\n<meta property=\"og:image\" content=\"https:\/\/www.dillerbottle.com\/wp-content\/uploads\/2026\/02\/oem-borosilicate-glass-tea-cup-with-silicone-lid-9203-1.jpg\" \/>\n\t<meta property=\"og:image:width\" content=\"800\" \/>\n\t<meta property=\"og:image:height\" content=\"800\" \/>\n\t<meta property=\"og:image:type\" content=\"image\/jpeg\" \/>\n<meta name=\"twitter:card\" content=\"summary_large_image\" \/>\n<meta name=\"twitter:label1\" content=\"Tahmini okuma s\u00fcresi\" \/>\n\t<meta name=\"twitter:data1\" content=\"1 dakika\" \/>\n<script type=\"application\/ld+json\" class=\"yoast-schema-graph\">{\"@context\":\"https:\\\/\\\/schema.org\",\"@graph\":[{\"@type\":\"WebPage\",\"@id\":\"https:\\\/\\\/www.dillerbottle.com\\\/products\\\/oem-borosilicate-glass-tea-cup-with-silicone-lid\",\"url\":\"https:\\\/\\\/www.dillerbottle.com\\\/products\\\/oem-borosilicate-glass-tea-cup-with-silicone-lid\",\"name\":\"OEM Borosilicate Glass Tea Cup with Silicone Lid - Diller Water Bottle Manufacturer\",\"isPartOf\":{\"@id\":\"https:\\\/\\\/www.dillerbottle.com\\\/#website\"},\"primaryImageOfPage\":{\"@id\":\"https:\\\/\\\/www.dillerbottle.com\\\/products\\\/oem-borosilicate-glass-tea-cup-with-silicone-lid#primaryimage\"},\"image\":{\"@id\":\"https:\\\/\\\/www.dillerbottle.com\\\/products\\\/oem-borosilicate-glass-tea-cup-with-silicone-lid#primaryimage\"},\"thumbnailUrl\":\"https:\\\/\\\/www.dillerbottle.com\\\/wp-content\\\/uploads\\\/2026\\\/02\\\/oem-borosilicate-glass-tea-cup-with-silicone-lid-9203-1.jpg\",\"datePublished\":\"2026-02-11T08:33:08+00:00\",\"dateModified\":\"2026-02-11T08:59:19+00:00\",\"description\":\"OEM borosilicate glass tea cup with silicone lid, creative design for wholesale giftware and private label drinkware brands.\",\"breadcrumb\":{\"@id\":\"https:\\\/\\\/www.dillerbottle.com\\\/products\\\/oem-borosilicate-glass-tea-cup-with-silicone-lid#breadcrumb\"},\"inLanguage\":\"tr\",\"potentialAction\":[{\"@type\":\"ReadAction\",\"target\":[\"https:\\\/\\\/www.dillerbottle.com\\\/products\\\/oem-borosilicate-glass-tea-cup-with-silicone-lid\"]}]},{\"@type\":\"ImageObject\",\"inLanguage\":\"tr\",\"@id\":\"https:\\\/\\\/www.dillerbottle.com\\\/products\\\/oem-borosilicate-glass-tea-cup-with-silicone-lid#primaryimage\",\"url\":\"https:\\\/\\\/www.dillerbottle.com\\\/wp-content\\\/uploads\\\/2026\\\/02\\\/oem-borosilicate-glass-tea-cup-with-silicone-lid-9203-1.jpg\",\"contentUrl\":\"https:\\\/\\\/www.dillerbottle.com\\\/wp-content\\\/uploads\\\/2026\\\/02\\\/oem-borosilicate-glass-tea-cup-with-silicone-lid-9203-1.jpg\",\"width\":800,\"height\":800},{\"@type\":\"BreadcrumbList\",\"@id\":\"https:\\\/\\\/www.dillerbottle.com\\\/products\\\/oem-borosilicate-glass-tea-cup-with-silicone-lid#breadcrumb\",\"itemListElement\":[{\"@type\":\"ListItem\",\"position\":1,\"name\":\"Home\",\"item\":\"https:\\\/\\\/www.dillerbottle.com\\\/\"},{\"@type\":\"ListItem\",\"position\":2,\"name\":\"Products\",\"item\":\"https:\\\/\\\/www.dillerbottle.com\\\/shop\"},{\"@type\":\"ListItem\",\"position\":3,\"name\":\"OEM Borosilicate Glass Tea Cup with Silicone Lid\"}]},{\"@type\":\"WebSite\",\"@id\":\"https:\\\/\\\/www.dillerbottle.com\\\/#website\",\"url\":\"https:\\\/\\\/www.dillerbottle.com\\\/\",\"name\":\"Diller Water Bottle Manufacturer\",\"description\":\"Water Bottle Manufacturer\",\"publisher\":{\"@id\":\"https:\\\/\\\/www.dillerbottle.com\\\/#organization\"},\"potentialAction\":[{\"@type\":\"SearchAction\",\"target\":{\"@type\":\"EntryPoint\",\"urlTemplate\":\"https:\\\/\\\/www.dillerbottle.com\\\/?s={search_term_string}\"},\"query-input\":{\"@type\":\"PropertyValueSpecification\",\"valueRequired\":true,\"valueName\":\"search_term_string\"}}],\"inLanguage\":\"tr\"},{\"@type\":\"Organization\",\"@id\":\"https:\\\/\\\/www.dillerbottle.com\\\/#organization\",\"name\":\"Diller Water Bottle Manufacturer\",\"url\":\"https:\\\/\\\/www.dillerbottle.com\\\/\",\"logo\":{\"@type\":\"ImageObject\",\"inLanguage\":\"tr\",\"@id\":\"https:\\\/\\\/www.dillerbottle.com\\\/#\\\/schema\\\/logo\\\/image\\\/\",\"url\":\"https:\\\/\\\/www.dillerbottle.com\\\/wp-content\\\/uploads\\\/2024\\\/09\\\/49918bfa848dcc1e9f8b509933603ac.png\",\"contentUrl\":\"https:\\\/\\\/www.dillerbottle.com\\\/wp-content\\\/uploads\\\/2024\\\/09\\\/49918bfa848dcc1e9f8b509933603ac.png\",\"width\":988,\"height\":198,\"caption\":\"Diller Water Bottle Manufacturer\"},\"image\":{\"@id\":\"https:\\\/\\\/www.dillerbottle.com\\\/#\\\/schema\\\/logo\\\/image\\\/\"}}]}<\/script>\n<!-- \/ Yoast SEO Premium plugin. -->","yoast_head_json":{"title":"Silikon Kapakl\u0131 OEM Borosilikat Cam \u00c7ay Barda\u011f\u0131 - Diller Su \u015ei\u015fesi \u00dcreticisi","description":"Silikon kapakl\u0131 OEM borosilikat cam \u00e7ay barda\u011f\u0131, toptan hediyelik e\u015fya ve \u00f6zel etiketli i\u00e7ecek markalar\u0131 i\u00e7in yarat\u0131c\u0131 tasar\u0131m.","robots":{"index":"index","follow":"follow","max-snippet":"max-snippet:-1","max-image-preview":"max-image-preview:large","max-video-preview":"max-video-preview:-1"},"canonical":"https:\/\/www.dillerbottle.com\/tr\/urunler\/silikon-kapakli-oem-borosilikat-cam-cay-bardagi","og_locale":"tr_TR","og_type":"article","og_title":"OEM Borosilicate Glass Tea Cup with Silicone Lid","og_description":"OEM borosilicate glass tea cup with silicone lid, creative design for wholesale giftware and private label drinkware brands.","og_url":"https:\/\/www.dillerbottle.com\/tr\/urunler\/silikon-kapakli-oem-borosilikat-cam-cay-bardagi","og_site_name":"Diller Water Bottle Manufacturer","article_modified_time":"2026-02-11T08:59:19+00:00","og_image":[{"width":800,"height":800,"url":"https:\/\/www.dillerbottle.com\/wp-content\/uploads\/2026\/02\/oem-borosilicate-glass-tea-cup-with-silicone-lid-9203-1.jpg","type":"image\/jpeg"}],"twitter_card":"summary_large_image","twitter_misc":{"Tahmini okuma s\u00fcresi":"1 dakika"},"schema":{"@context":"https:\/\/schema.org","@graph":[{"@type":"WebPage","@id":"https:\/\/www.dillerbottle.com\/products\/oem-borosilicate-glass-tea-cup-with-silicone-lid","url":"https:\/\/www.dillerbottle.com\/products\/oem-borosilicate-glass-tea-cup-with-silicone-lid","name":"Silikon Kapakl\u0131 OEM Borosilikat Cam \u00c7ay Barda\u011f\u0131 - Diller Su \u015ei\u015fesi \u00dcreticisi","isPartOf":{"@id":"https:\/\/www.dillerbottle.com\/#website"},"primaryImageOfPage":{"@id":"https:\/\/www.dillerbottle.com\/products\/oem-borosilicate-glass-tea-cup-with-silicone-lid#primaryimage"},"image":{"@id":"https:\/\/www.dillerbottle.com\/products\/oem-borosilicate-glass-tea-cup-with-silicone-lid#primaryimage"},"thumbnailUrl":"https:\/\/www.dillerbottle.com\/wp-content\/uploads\/2026\/02\/oem-borosilicate-glass-tea-cup-with-silicone-lid-9203-1.jpg","datePublished":"2026-02-11T08:33:08+00:00","dateModified":"2026-02-11T08:59:19+00:00","description":"Silikon kapakl\u0131 OEM borosilikat cam \u00e7ay barda\u011f\u0131, toptan hediyelik e\u015fya ve \u00f6zel etiketli i\u00e7ecek markalar\u0131 i\u00e7in yarat\u0131c\u0131 tasar\u0131m.","breadcrumb":{"@id":"https:\/\/www.dillerbottle.com\/products\/oem-borosilicate-glass-tea-cup-with-silicone-lid#breadcrumb"},"inLanguage":"tr","potentialAction":[{"@type":"ReadAction","target":["https:\/\/www.dillerbottle.com\/products\/oem-borosilicate-glass-tea-cup-with-silicone-lid"]}]},{"@type":"ImageObject","inLanguage":"tr","@id":"https:\/\/www.dillerbottle.com\/products\/oem-borosilicate-glass-tea-cup-with-silicone-lid#primaryimage","url":"https:\/\/www.dillerbottle.com\/wp-content\/uploads\/2026\/02\/oem-borosilicate-glass-tea-cup-with-silicone-lid-9203-1.jpg","contentUrl":"https:\/\/www.dillerbottle.com\/wp-content\/uploads\/2026\/02\/oem-borosilicate-glass-tea-cup-with-silicone-lid-9203-1.jpg","width":800,"height":800},{"@type":"BreadcrumbList","@id":"https:\/\/www.dillerbottle.com\/products\/oem-borosilicate-glass-tea-cup-with-silicone-lid#breadcrumb","itemListElement":[{"@type":"ListItem","position":1,"name":"Home","item":"https:\/\/www.dillerbottle.com\/"},{"@type":"ListItem","position":2,"name":"Products","item":"https:\/\/www.dillerbottle.com\/shop"},{"@type":"ListItem","position":3,"name":"OEM Borosilicate Glass Tea Cup with Silicone Lid"}]},{"@type":"WebSite","@id":"https:\/\/www.dillerbottle.com\/#website","url":"https:\/\/www.dillerbottle.com\/","name":"Diller Su \u015ei\u015fesi \u00dcreticisi","description":"Su \u015ei\u015fesi \u00dcreticisi","publisher":{"@id":"https:\/\/www.dillerbottle.com\/#organization"},"potentialAction":[{"@type":"SearchAction","target":{"@type":"EntryPoint","urlTemplate":"https:\/\/www.dillerbottle.com\/?s={search_term_string}"},"query-input":{"@type":"PropertyValueSpecification","valueRequired":true,"valueName":"search_term_string"}}],"inLanguage":"tr"},{"@type":"Organization","@id":"https:\/\/www.dillerbottle.com\/#organization","name":"Diller Su \u015ei\u015fesi \u00dcreticisi","url":"https:\/\/www.dillerbottle.com\/","logo":{"@type":"ImageObject","inLanguage":"tr","@id":"https:\/\/www.dillerbottle.com\/#\/schema\/logo\/image\/","url":"https:\/\/www.dillerbottle.com\/wp-content\/uploads\/2024\/09\/49918bfa848dcc1e9f8b509933603ac.png","contentUrl":"https:\/\/www.dillerbottle.com\/wp-content\/uploads\/2024\/09\/49918bfa848dcc1e9f8b509933603ac.png","width":988,"height":198,"caption":"Diller Water Bottle Manufacturer"},"image":{"@id":"https:\/\/www.dillerbottle.com\/#\/schema\/logo\/image\/"}}]}},"_links":{"self":[{"href":"https:\/\/www.dillerbottle.com\/tr\/wp-json\/wp\/v2\/product\/17628","targetHints":{"allow":["GET"]}}],"collection":[{"href":"https:\/\/www.dillerbottle.com\/tr\/wp-json\/wp\/v2\/product"}],"about":[{"href":"https:\/\/www.dillerbottle.com\/tr\/wp-json\/wp\/v2\/types\/product"}],"replies":[{"embeddable":true,"href":"https:\/\/www.dillerbottle.com\/tr\/wp-json\/wp\/v2\/comments?post=17628"}],"wp:featuredmedia":[{"embeddable":true,"href":"https:\/\/www.dillerbottle.com\/tr\/wp-json\/wp\/v2\/media\/17631"}],"wp:attachment":[{"href":"https:\/\/www.dillerbottle.com\/tr\/wp-json\/wp\/v2\/media?parent=17628"}],"wp:term":[{"taxonomy":"product_brand","embeddable":true,"href":"https:\/\/www.dillerbottle.com\/tr\/wp-json\/wp\/v2\/product_brand?post=17628"},{"taxonomy":"product_cat","embeddable":true,"href":"https:\/\/www.dillerbottle.com\/tr\/wp-json\/wp\/v2\/product_cat?post=17628"},{"taxonomy":"product_tag","embeddable":true,"href":"https:\/\/www.dillerbottle.com\/tr\/wp-json\/wp\/v2\/product_tag?post=17628"}],"curies":[{"name":"wp","href":"https:\/\/api.w.org\/{rel}","templated":true}]}}