{"id":17652,"date":"2026-02-11T16:47:45","date_gmt":"2026-02-11T08:47:45","guid":{"rendered":"https:\/\/www.dillerbottle.com\/?post_type=product&#038;p=17652"},"modified":"2026-02-11T16:59:02","modified_gmt":"2026-02-11T08:59:02","slug":"silikon-kapakli-oem-580ml-borosilikat-cam-cay-bardagi","status":"publish","type":"product","link":"https:\/\/www.dillerbottle.com\/tr\/products\/oem-580ml-borosilicate-glass-tea-cup-with-silicone-lid","title":{"rendered":"Silikon Kapakl\u0131 OEM 580ml Borosilikat Cam \u00c7ay Barda\u011f\u0131"},"content":{"rendered":"<p data-start=\"519\" data-end=\"678\">Bu 580 ml'lik borosilikat cam \u00e7ay barda\u011f\u0131, hediyelik e\u015fya ve ya\u015fam tarz\u0131 pazarlar\u0131 i\u00e7in yarat\u0131c\u0131 ve \u00f6zelle\u015ftirilebilir cam i\u00e7ecek gere\u00e7leri arayan markalar ve distrib\u00fct\u00f6rler i\u00e7in tasarlanm\u0131\u015ft\u0131r.<\/p>\n<p data-start=\"680\" data-end=\"934\">Y\u00fcksek borosilikat camdan \u00fcretilen bardak, hem s\u0131cak hem de so\u011fuk i\u00e7ecekler i\u00e7in uygun olan g\u00fc\u00e7l\u00fc \u0131s\u0131 direnci ve dayan\u0131kl\u0131l\u0131k sunar. \u015eeffaf g\u00f6vdesi \u00fcr\u00fcn sunumunu geli\u015ftirerek \u00e7ay, meyve inf\u00fczyonlar\u0131, kahve ve \u00f6zel i\u00e7ecekler i\u00e7in idealdir.<\/p>\n<p data-start=\"936\" data-end=\"1165\">G\u0131da s\u0131n\u0131f\u0131 silikon kapak, yumu\u015fak bir estetik \u00e7ekicili\u011fi korurken pratikli\u011fi art\u0131r\u0131r. Kompakt 580 ml kapasitesi sayesinde g\u00fcnl\u00fck ofis kullan\u0131m\u0131, kafe servisi, promosyon hediye setleri ve sezonluk perakende koleksiyonlar\u0131 i\u00e7in uygundur.<\/p>\n<p data-start=\"1167\" data-end=\"1267\">G\u00fc\u00e7l\u00fc g\u00f6rsel kimli\u011fi ve OEM \u00f6zelle\u015ftirme kabiliyeti ile bu model \u00f6zellikle a\u015fa\u011f\u0131dakiler i\u00e7in uygundur:<\/p>\n<ul data-start=\"1269\" data-end=\"1417\">\n<li data-start=\"1269\" data-end=\"1288\">\n<p data-start=\"1271\" data-end=\"1288\">Hediyelik e\u015fya markalar\u0131<\/p>\n<\/li>\n<li data-start=\"1289\" data-end=\"1320\">\n<p data-start=\"1291\" data-end=\"1320\">Ev ve mutfak distrib\u00fct\u00f6rleri<\/p>\n<\/li>\n<li data-start=\"1321\" data-end=\"1348\">\n<p data-start=\"1323\" data-end=\"1348\">\u00c7ay aksesuar\u0131 tedarik\u00e7ileri<\/p>\n<\/li>\n<li data-start=\"1349\" data-end=\"1382\">\n<p data-start=\"1351\" data-end=\"1382\">Promosyon \u00fcr\u00fcn \u015firketleri<\/p>\n<\/li>\n<li data-start=\"1383\" data-end=\"1417\">\n<p data-start=\"1385\" data-end=\"1417\">\u00d6zel etiketli ya\u015fam tarz\u0131 markalar\u0131<\/p>\n<\/li>\n<\/ul>\n<p data-start=\"1419\" data-end=\"1551\">Logo bask\u0131s\u0131, ambalaj tasar\u0131m\u0131, yap\u0131sal ayarlamalar ve renk \u00f6zelle\u015ftirmesi dahil olmak \u00fczere tam OEM ve ODM hizmetleri desteklenmektedir.<\/p>","protected":false},"excerpt":{"rendered":"<p>G\u0131da s\u0131n\u0131f\u0131 silikon kapakl\u0131 ve yarat\u0131c\u0131 dekoratif tasar\u0131ml\u0131 580ml y\u00fcksek borosilikat cam \u00e7ay barda\u011f\u0131. OEM, \u00f6zel etiket ve toptan hediyelik e\u015fya projeleri i\u00e7in idealdir.<\/p>","protected":false},"featured_media":17657,"comment_status":"open","ping_status":"closed","template":"","meta":{"_acf_changed":false},"product_brand":[],"product_cat":[310],"product_tag":[591],"class_list":{"0":"post-17652","1":"product","2":"type-product","3":"status-publish","4":"has-post-thumbnail","6":"product_cat-glass-water-bottle","7":"product_tag-glass-water-bottle","9":"first","10":"instock","11":"shipping-taxable","12":"product-type-simple"},"acf":[],"yoast_head":"<!-- This site is optimized with the Yoast SEO Premium plugin v27.6 (Yoast SEO v27.6) - https:\/\/yoast.com\/product\/yoast-seo-premium-wordpress\/ -->\n<title>OEM 580ml Borosilicate Glass Tea Cup with Silicone Lid - Diller Water Bottle Manufacturer<\/title>\n<meta name=\"description\" content=\"OEM 320ml borosilicate glass tea cup with silicone lid, custom logo drinkware for wholesale gift and lifestyle brands.\" \/>\n<meta name=\"robots\" content=\"index, follow, max-snippet:-1, max-image-preview:large, max-video-preview:-1\" \/>\n<link rel=\"canonical\" href=\"https:\/\/www.dillerbottle.com\/tr\/urunler\/silikon-kapakli-oem-580ml-borosilikat-cam-cay-bardagi\" \/>\n<meta property=\"og:locale\" content=\"tr_TR\" \/>\n<meta property=\"og:type\" content=\"article\" \/>\n<meta property=\"og:title\" content=\"OEM 580ml Borosilicate Glass Tea Cup with Silicone Lid\" \/>\n<meta property=\"og:description\" content=\"OEM 320ml borosilicate glass tea cup with silicone lid, custom logo drinkware for wholesale gift and lifestyle brands.\" \/>\n<meta property=\"og:url\" content=\"https:\/\/www.dillerbottle.com\/tr\/urunler\/silikon-kapakli-oem-580ml-borosilikat-cam-cay-bardagi\" \/>\n<meta property=\"og:site_name\" content=\"Diller Water Bottle Manufacturer\" \/>\n<meta property=\"article:modified_time\" content=\"2026-02-11T08:59:02+00:00\" \/>\n<meta property=\"og:image\" content=\"https:\/\/www.dillerbottle.com\/wp-content\/uploads\/2026\/02\/oem-320ml-borosilicate-glass-tea-cup-with-silicone-lid-9203-1.jpg\" \/>\n\t<meta property=\"og:image:width\" content=\"800\" \/>\n\t<meta property=\"og:image:height\" content=\"800\" \/>\n\t<meta property=\"og:image:type\" content=\"image\/jpeg\" \/>\n<meta name=\"twitter:card\" content=\"summary_large_image\" \/>\n<meta name=\"twitter:label1\" content=\"Tahmini okuma s\u00fcresi\" \/>\n\t<meta name=\"twitter:data1\" content=\"4 dakika\" \/>\n<script type=\"application\/ld+json\" class=\"yoast-schema-graph\">{\"@context\":\"https:\\\/\\\/schema.org\",\"@graph\":[{\"@type\":\"WebPage\",\"@id\":\"https:\\\/\\\/www.dillerbottle.com\\\/products\\\/oem-580ml-borosilicate-glass-tea-cup-with-silicone-lid\",\"url\":\"https:\\\/\\\/www.dillerbottle.com\\\/products\\\/oem-580ml-borosilicate-glass-tea-cup-with-silicone-lid\",\"name\":\"OEM 580ml Borosilicate Glass Tea Cup with Silicone Lid - Diller Water Bottle Manufacturer\",\"isPartOf\":{\"@id\":\"https:\\\/\\\/www.dillerbottle.com\\\/#website\"},\"primaryImageOfPage\":{\"@id\":\"https:\\\/\\\/www.dillerbottle.com\\\/products\\\/oem-580ml-borosilicate-glass-tea-cup-with-silicone-lid#primaryimage\"},\"image\":{\"@id\":\"https:\\\/\\\/www.dillerbottle.com\\\/products\\\/oem-580ml-borosilicate-glass-tea-cup-with-silicone-lid#primaryimage\"},\"thumbnailUrl\":\"https:\\\/\\\/www.dillerbottle.com\\\/wp-content\\\/uploads\\\/2026\\\/02\\\/oem-320ml-borosilicate-glass-tea-cup-with-silicone-lid-9203-1.jpg\",\"datePublished\":\"2026-02-11T08:47:45+00:00\",\"dateModified\":\"2026-02-11T08:59:02+00:00\",\"description\":\"OEM 320ml borosilicate glass tea cup with silicone lid, custom logo drinkware for wholesale gift and lifestyle brands.\",\"breadcrumb\":{\"@id\":\"https:\\\/\\\/www.dillerbottle.com\\\/products\\\/oem-580ml-borosilicate-glass-tea-cup-with-silicone-lid#breadcrumb\"},\"inLanguage\":\"tr\",\"potentialAction\":[{\"@type\":\"ReadAction\",\"target\":[\"https:\\\/\\\/www.dillerbottle.com\\\/products\\\/oem-580ml-borosilicate-glass-tea-cup-with-silicone-lid\"]}]},{\"@type\":\"ImageObject\",\"inLanguage\":\"tr\",\"@id\":\"https:\\\/\\\/www.dillerbottle.com\\\/products\\\/oem-580ml-borosilicate-glass-tea-cup-with-silicone-lid#primaryimage\",\"url\":\"https:\\\/\\\/www.dillerbottle.com\\\/wp-content\\\/uploads\\\/2026\\\/02\\\/oem-320ml-borosilicate-glass-tea-cup-with-silicone-lid-9203-1.jpg\",\"contentUrl\":\"https:\\\/\\\/www.dillerbottle.com\\\/wp-content\\\/uploads\\\/2026\\\/02\\\/oem-320ml-borosilicate-glass-tea-cup-with-silicone-lid-9203-1.jpg\",\"width\":800,\"height\":800},{\"@type\":\"BreadcrumbList\",\"@id\":\"https:\\\/\\\/www.dillerbottle.com\\\/products\\\/oem-580ml-borosilicate-glass-tea-cup-with-silicone-lid#breadcrumb\",\"itemListElement\":[{\"@type\":\"ListItem\",\"position\":1,\"name\":\"Home\",\"item\":\"https:\\\/\\\/www.dillerbottle.com\\\/\"},{\"@type\":\"ListItem\",\"position\":2,\"name\":\"Products\",\"item\":\"https:\\\/\\\/www.dillerbottle.com\\\/shop\"},{\"@type\":\"ListItem\",\"position\":3,\"name\":\"OEM 580ml Borosilicate Glass Tea Cup with Silicone Lid\"}]},{\"@type\":\"WebSite\",\"@id\":\"https:\\\/\\\/www.dillerbottle.com\\\/#website\",\"url\":\"https:\\\/\\\/www.dillerbottle.com\\\/\",\"name\":\"Diller Water Bottle Manufacturer\",\"description\":\"Water Bottle Manufacturer\",\"publisher\":{\"@id\":\"https:\\\/\\\/www.dillerbottle.com\\\/#organization\"},\"potentialAction\":[{\"@type\":\"SearchAction\",\"target\":{\"@type\":\"EntryPoint\",\"urlTemplate\":\"https:\\\/\\\/www.dillerbottle.com\\\/?s={search_term_string}\"},\"query-input\":{\"@type\":\"PropertyValueSpecification\",\"valueRequired\":true,\"valueName\":\"search_term_string\"}}],\"inLanguage\":\"tr\"},{\"@type\":\"Organization\",\"@id\":\"https:\\\/\\\/www.dillerbottle.com\\\/#organization\",\"name\":\"Diller Water Bottle Manufacturer\",\"url\":\"https:\\\/\\\/www.dillerbottle.com\\\/\",\"logo\":{\"@type\":\"ImageObject\",\"inLanguage\":\"tr\",\"@id\":\"https:\\\/\\\/www.dillerbottle.com\\\/#\\\/schema\\\/logo\\\/image\\\/\",\"url\":\"https:\\\/\\\/www.dillerbottle.com\\\/wp-content\\\/uploads\\\/2024\\\/09\\\/49918bfa848dcc1e9f8b509933603ac.png\",\"contentUrl\":\"https:\\\/\\\/www.dillerbottle.com\\\/wp-content\\\/uploads\\\/2024\\\/09\\\/49918bfa848dcc1e9f8b509933603ac.png\",\"width\":988,\"height\":198,\"caption\":\"Diller Water Bottle Manufacturer\"},\"image\":{\"@id\":\"https:\\\/\\\/www.dillerbottle.com\\\/#\\\/schema\\\/logo\\\/image\\\/\"}}]}<\/script>\n<!-- \/ Yoast SEO Premium plugin. -->","yoast_head_json":{"title":"Silikon Kapakl\u0131 OEM 580ml Borosilikat Cam \u00c7ay Barda\u011f\u0131 - Diller Su \u015ei\u015fesi \u00dcreticisi","description":"Silikon kapakl\u0131 OEM 320ml borosilikat cam \u00e7ay barda\u011f\u0131, toptan hediye ve ya\u015fam tarz\u0131 markalar\u0131 i\u00e7in \u00f6zel logolu i\u00e7ecek kaplar\u0131.","robots":{"index":"index","follow":"follow","max-snippet":"max-snippet:-1","max-image-preview":"max-image-preview:large","max-video-preview":"max-video-preview:-1"},"canonical":"https:\/\/www.dillerbottle.com\/tr\/urunler\/silikon-kapakli-oem-580ml-borosilikat-cam-cay-bardagi","og_locale":"tr_TR","og_type":"article","og_title":"OEM 580ml Borosilicate Glass Tea Cup with Silicone Lid","og_description":"OEM 320ml borosilicate glass tea cup with silicone lid, custom logo drinkware for wholesale gift and lifestyle brands.","og_url":"https:\/\/www.dillerbottle.com\/tr\/urunler\/silikon-kapakli-oem-580ml-borosilikat-cam-cay-bardagi","og_site_name":"Diller Water Bottle Manufacturer","article_modified_time":"2026-02-11T08:59:02+00:00","og_image":[{"width":800,"height":800,"url":"https:\/\/www.dillerbottle.com\/wp-content\/uploads\/2026\/02\/oem-320ml-borosilicate-glass-tea-cup-with-silicone-lid-9203-1.jpg","type":"image\/jpeg"}],"twitter_card":"summary_large_image","twitter_misc":{"Tahmini okuma s\u00fcresi":"4 dakika"},"schema":{"@context":"https:\/\/schema.org","@graph":[{"@type":"WebPage","@id":"https:\/\/www.dillerbottle.com\/products\/oem-580ml-borosilicate-glass-tea-cup-with-silicone-lid","url":"https:\/\/www.dillerbottle.com\/products\/oem-580ml-borosilicate-glass-tea-cup-with-silicone-lid","name":"Silikon Kapakl\u0131 OEM 580ml Borosilikat Cam \u00c7ay Barda\u011f\u0131 - Diller Su \u015ei\u015fesi \u00dcreticisi","isPartOf":{"@id":"https:\/\/www.dillerbottle.com\/#website"},"primaryImageOfPage":{"@id":"https:\/\/www.dillerbottle.com\/products\/oem-580ml-borosilicate-glass-tea-cup-with-silicone-lid#primaryimage"},"image":{"@id":"https:\/\/www.dillerbottle.com\/products\/oem-580ml-borosilicate-glass-tea-cup-with-silicone-lid#primaryimage"},"thumbnailUrl":"https:\/\/www.dillerbottle.com\/wp-content\/uploads\/2026\/02\/oem-320ml-borosilicate-glass-tea-cup-with-silicone-lid-9203-1.jpg","datePublished":"2026-02-11T08:47:45+00:00","dateModified":"2026-02-11T08:59:02+00:00","description":"Silikon kapakl\u0131 OEM 320ml borosilikat cam \u00e7ay barda\u011f\u0131, toptan hediye ve ya\u015fam tarz\u0131 markalar\u0131 i\u00e7in \u00f6zel logolu i\u00e7ecek kaplar\u0131.","breadcrumb":{"@id":"https:\/\/www.dillerbottle.com\/products\/oem-580ml-borosilicate-glass-tea-cup-with-silicone-lid#breadcrumb"},"inLanguage":"tr","potentialAction":[{"@type":"ReadAction","target":["https:\/\/www.dillerbottle.com\/products\/oem-580ml-borosilicate-glass-tea-cup-with-silicone-lid"]}]},{"@type":"ImageObject","inLanguage":"tr","@id":"https:\/\/www.dillerbottle.com\/products\/oem-580ml-borosilicate-glass-tea-cup-with-silicone-lid#primaryimage","url":"https:\/\/www.dillerbottle.com\/wp-content\/uploads\/2026\/02\/oem-320ml-borosilicate-glass-tea-cup-with-silicone-lid-9203-1.jpg","contentUrl":"https:\/\/www.dillerbottle.com\/wp-content\/uploads\/2026\/02\/oem-320ml-borosilicate-glass-tea-cup-with-silicone-lid-9203-1.jpg","width":800,"height":800},{"@type":"BreadcrumbList","@id":"https:\/\/www.dillerbottle.com\/products\/oem-580ml-borosilicate-glass-tea-cup-with-silicone-lid#breadcrumb","itemListElement":[{"@type":"ListItem","position":1,"name":"Home","item":"https:\/\/www.dillerbottle.com\/"},{"@type":"ListItem","position":2,"name":"Products","item":"https:\/\/www.dillerbottle.com\/shop"},{"@type":"ListItem","position":3,"name":"OEM 580ml Borosilicate Glass Tea Cup with Silicone Lid"}]},{"@type":"WebSite","@id":"https:\/\/www.dillerbottle.com\/#website","url":"https:\/\/www.dillerbottle.com\/","name":"Diller Su \u015ei\u015fesi \u00dcreticisi","description":"Su \u015ei\u015fesi \u00dcreticisi","publisher":{"@id":"https:\/\/www.dillerbottle.com\/#organization"},"potentialAction":[{"@type":"SearchAction","target":{"@type":"EntryPoint","urlTemplate":"https:\/\/www.dillerbottle.com\/?s={search_term_string}"},"query-input":{"@type":"PropertyValueSpecification","valueRequired":true,"valueName":"search_term_string"}}],"inLanguage":"tr"},{"@type":"Organization","@id":"https:\/\/www.dillerbottle.com\/#organization","name":"Diller Su \u015ei\u015fesi \u00dcreticisi","url":"https:\/\/www.dillerbottle.com\/","logo":{"@type":"ImageObject","inLanguage":"tr","@id":"https:\/\/www.dillerbottle.com\/#\/schema\/logo\/image\/","url":"https:\/\/www.dillerbottle.com\/wp-content\/uploads\/2024\/09\/49918bfa848dcc1e9f8b509933603ac.png","contentUrl":"https:\/\/www.dillerbottle.com\/wp-content\/uploads\/2024\/09\/49918bfa848dcc1e9f8b509933603ac.png","width":988,"height":198,"caption":"Diller Water Bottle Manufacturer"},"image":{"@id":"https:\/\/www.dillerbottle.com\/#\/schema\/logo\/image\/"}}]}},"_links":{"self":[{"href":"https:\/\/www.dillerbottle.com\/tr\/wp-json\/wp\/v2\/product\/17652","targetHints":{"allow":["GET"]}}],"collection":[{"href":"https:\/\/www.dillerbottle.com\/tr\/wp-json\/wp\/v2\/product"}],"about":[{"href":"https:\/\/www.dillerbottle.com\/tr\/wp-json\/wp\/v2\/types\/product"}],"replies":[{"embeddable":true,"href":"https:\/\/www.dillerbottle.com\/tr\/wp-json\/wp\/v2\/comments?post=17652"}],"wp:featuredmedia":[{"embeddable":true,"href":"https:\/\/www.dillerbottle.com\/tr\/wp-json\/wp\/v2\/media\/17657"}],"wp:attachment":[{"href":"https:\/\/www.dillerbottle.com\/tr\/wp-json\/wp\/v2\/media?parent=17652"}],"wp:term":[{"taxonomy":"product_brand","embeddable":true,"href":"https:\/\/www.dillerbottle.com\/tr\/wp-json\/wp\/v2\/product_brand?post=17652"},{"taxonomy":"product_cat","embeddable":true,"href":"https:\/\/www.dillerbottle.com\/tr\/wp-json\/wp\/v2\/product_cat?post=17652"},{"taxonomy":"product_tag","embeddable":true,"href":"https:\/\/www.dillerbottle.com\/tr\/wp-json\/wp\/v2\/product_tag?post=17652"}],"curies":[{"name":"wp","href":"https:\/\/api.w.org\/{rel}","templated":true}]}}