{"id":17676,"date":"2026-02-12T13:48:27","date_gmt":"2026-02-12T05:48:27","guid":{"rendered":"https:\/\/www.dillerbottle.com\/?post_type=product&#038;p=17676"},"modified":"2026-02-12T14:04:44","modified_gmt":"2026-02-12T06:04:44","slug":"oem-sus316-paslanmaz-celi%cc%87k-cay-demli%cc%87k-si%cc%87sesi%cc%87","status":"publish","type":"product","link":"https:\/\/www.dillerbottle.com\/tr\/products\/oem-sus316-stainless-steel-tea-infuser-bottle","title":{"rendered":"OEM SUS316 Paslanmaz \u00c7elik \u00c7ay Demlik \u015ei\u015fesi 200ml \/ 280ml"},"content":{"rendered":"<p data-start=\"574\" data-end=\"754\">DILLER D9310 Sakura Panda yal\u0131t\u0131ml\u0131 \u015fi\u015fe, OEM \u00f6zelle\u015ftirme \u00f6zelli\u011fine sahip y\u00fcksek kaliteli paslanmaz \u00e7elik i\u00e7ecek gere\u00e7leri arayan markalar, distrib\u00fct\u00f6rler ve ithalat\u00e7\u0131lar i\u00e7in tasarlanm\u0131\u015ft\u0131r.<\/p>\n<p data-start=\"756\" data-end=\"989\">SUS316 paslanmaz \u00e7elik i\u00e7 astar ile in\u015fa edilen bu model, \u00fcst\u00fcn korozyon direnci ve g\u0131da ile temas g\u00fcvenli\u011fi sa\u011flar. \u00c7ift duvarl\u0131 vakum yal\u0131t\u0131m yap\u0131s\u0131, hem s\u0131cak hem de so\u011fuk i\u00e7ecekler i\u00e7in i\u00e7ecek s\u0131cakl\u0131\u011f\u0131n\u0131 korur.<\/p>\n<p data-start=\"991\" data-end=\"1272\">\u00c7\u0131kar\u0131labilir bir \u00e7ay demli\u011fi ile donat\u0131lm\u0131\u015f olan \u015fi\u015fe, gev\u015fek yaprak \u00e7ay, bitkisel kar\u0131\u015f\u0131mlar ve demlenmi\u015f i\u00e7ecekler i\u00e7in uygundur. S\u0131zd\u0131rmaz ve s\u0131zd\u0131rmaz kapak yap\u0131s\u0131 g\u00fcvenli ta\u015f\u0131nabilirlik sa\u011flarken, gizli kald\u0131rma halkas\u0131 genel g\u00f6r\u00fcn\u00fcm\u00fc etkilemeden rahatl\u0131\u011f\u0131 art\u0131r\u0131r.<\/p>\n<p data-start=\"1274\" data-end=\"1445\">200ml ve 280ml'lik kompakt kapasitelere sahip bu model, seyahat boy i\u00e7ecek tak\u0131mlar\u0131, promosyon hediye setleri, \u00e7ay aksesuar\u0131 koleksiyonlar\u0131 ve ya\u015fam tarz\u0131 perakende kanallar\u0131 i\u00e7in idealdir.<\/p>\n<p data-start=\"1447\" data-end=\"1581\">Logo bask\u0131s\u0131, ambalaj \u00f6zelle\u015ftirme, renk geli\u015ftirme ve yap\u0131sal modifikasyonlar dahil olmak \u00fczere OEM ve ODM hizmetleri mevcuttur.<\/p>\n<p data-start=\"1583\" data-end=\"1625\">Bu \u00fcr\u00fcn \u00f6zellikle a\u015fa\u011f\u0131dakiler i\u00e7in uygundur:<\/p>\n<ul data-start=\"1627\" data-end=\"1803\">\n<li data-start=\"1627\" data-end=\"1651\">\n<p data-start=\"1629\" data-end=\"1651\">\u00c7ay aksesuar\u0131 markalar\u0131<\/p>\n<\/li>\n<li data-start=\"1652\" data-end=\"1682\">\n<p data-start=\"1654\" data-end=\"1682\">Promosyon hediye tedarik\u00e7ileri<\/p>\n<\/li>\n<li data-start=\"1683\" data-end=\"1725\">\n<p data-start=\"1685\" data-end=\"1725\">Paslanmaz \u00e7elik i\u00e7ecek kaplar\u0131 distrib\u00fct\u00f6rleri<\/p>\n<\/li>\n<li data-start=\"1726\" data-end=\"1765\">\n<p data-start=\"1728\" data-end=\"1765\">\u00d6zel markal\u0131 ev ve mutfak markalar\u0131<\/p>\n<\/li>\n<li data-start=\"1766\" data-end=\"1803\">\n<p data-start=\"1768\" data-end=\"1803\">S\u0131n\u0131r \u00f6tesi e-ticaret ithalat\u00e7\u0131lar\u0131<\/p>\n<\/li>\n<\/ul>","protected":false},"excerpt":{"rendered":"<p>SUS316 paslanmaz \u00e7elik astarl\u0131, yerle\u015fik \u00e7ay demlikli, s\u0131zd\u0131rmaz tasar\u0131ml\u0131 ve gizli kald\u0131rma halkal\u0131 kompakt yal\u0131t\u0131ml\u0131 \u00e7ay \u015fi\u015fesi. OEM, \u00f6zel etiket ve toptan sat\u0131\u015f projeleri i\u00e7in idealdir.<\/p>","protected":false},"featured_media":17678,"comment_status":"open","ping_status":"closed","template":"","meta":{"_acf_changed":false},"product_brand":[],"product_cat":[18],"product_tag":[1029],"class_list":{"0":"post-17676","1":"product","2":"type-product","3":"status-publish","4":"has-post-thumbnail","6":"product_cat-insulated-water-bottle","7":"product_tag-stainless-vacuum-water-bottle","9":"first","10":"instock","11":"shipping-taxable","12":"product-type-simple"},"acf":[],"yoast_head":"<!-- This site is optimized with the Yoast SEO Premium plugin v27.6 (Yoast SEO v27.6) - https:\/\/yoast.com\/product\/yoast-seo-premium-wordpress\/ -->\n<title>OEM SUS316 Stainless Steel Tea Infuser Bottle 200ml \/ 280ml - Diller Water Bottle Manufacturer<\/title>\n<meta name=\"description\" content=\"OEM SUS316 insulated tea bottle with infuser, 200\/280ml leak-proof stainless steel thermo cup for wholesale and private label brands.\" \/>\n<meta name=\"robots\" content=\"index, follow, max-snippet:-1, max-image-preview:large, max-video-preview:-1\" \/>\n<link rel=\"canonical\" href=\"https:\/\/www.dillerbottle.com\/tr\/urunler\/oem-sus316-paslanmaz-celi\u0307k-cay-demli\u0307k-si\u0307sesi\u0307\" \/>\n<meta property=\"og:locale\" content=\"tr_TR\" \/>\n<meta property=\"og:type\" content=\"article\" \/>\n<meta property=\"og:title\" content=\"OEM SUS316 Stainless Steel Tea Infuser Bottle 200ml \/ 280ml\" \/>\n<meta property=\"og:description\" content=\"OEM SUS316 insulated tea bottle with infuser, 200\/280ml leak-proof stainless steel thermo cup for wholesale and private label brands.\" \/>\n<meta property=\"og:url\" content=\"https:\/\/www.dillerbottle.com\/tr\/urunler\/oem-sus316-paslanmaz-celi\u0307k-cay-demli\u0307k-si\u0307sesi\u0307\" \/>\n<meta property=\"og:site_name\" content=\"Diller Water Bottle Manufacturer\" \/>\n<meta property=\"article:modified_time\" content=\"2026-02-12T06:04:44+00:00\" \/>\n<meta property=\"og:image\" content=\"https:\/\/www.dillerbottle.com\/wp-content\/uploads\/2026\/02\/oemodm-520ml-insulated-food-jar-9310-3.jpg\" \/>\n\t<meta property=\"og:image:width\" content=\"800\" \/>\n\t<meta property=\"og:image:height\" content=\"800\" \/>\n\t<meta property=\"og:image:type\" content=\"image\/jpeg\" \/>\n<meta name=\"twitter:card\" content=\"summary_large_image\" \/>\n<meta name=\"twitter:label1\" content=\"Tahmini okuma s\u00fcresi\" \/>\n\t<meta name=\"twitter:data1\" content=\"4 dakika\" \/>\n<script type=\"application\/ld+json\" class=\"yoast-schema-graph\">{\"@context\":\"https:\\\/\\\/schema.org\",\"@graph\":[{\"@type\":\"WebPage\",\"@id\":\"https:\\\/\\\/www.dillerbottle.com\\\/products\\\/oem-sus316-stainless-steel-tea-infuser-bottle\",\"url\":\"https:\\\/\\\/www.dillerbottle.com\\\/products\\\/oem-sus316-stainless-steel-tea-infuser-bottle\",\"name\":\"OEM SUS316 Stainless Steel Tea Infuser Bottle 200ml \\\/ 280ml - Diller Water Bottle Manufacturer\",\"isPartOf\":{\"@id\":\"https:\\\/\\\/www.dillerbottle.com\\\/#website\"},\"primaryImageOfPage\":{\"@id\":\"https:\\\/\\\/www.dillerbottle.com\\\/products\\\/oem-sus316-stainless-steel-tea-infuser-bottle#primaryimage\"},\"image\":{\"@id\":\"https:\\\/\\\/www.dillerbottle.com\\\/products\\\/oem-sus316-stainless-steel-tea-infuser-bottle#primaryimage\"},\"thumbnailUrl\":\"https:\\\/\\\/www.dillerbottle.com\\\/wp-content\\\/uploads\\\/2026\\\/02\\\/oemodm-520ml-insulated-food-jar-9310-3.jpg\",\"datePublished\":\"2026-02-12T05:48:27+00:00\",\"dateModified\":\"2026-02-12T06:04:44+00:00\",\"description\":\"OEM SUS316 insulated tea bottle with infuser, 200\\\/280ml leak-proof stainless steel thermo cup for wholesale and private label brands.\",\"breadcrumb\":{\"@id\":\"https:\\\/\\\/www.dillerbottle.com\\\/products\\\/oem-sus316-stainless-steel-tea-infuser-bottle#breadcrumb\"},\"inLanguage\":\"tr\",\"potentialAction\":[{\"@type\":\"ReadAction\",\"target\":[\"https:\\\/\\\/www.dillerbottle.com\\\/products\\\/oem-sus316-stainless-steel-tea-infuser-bottle\"]}]},{\"@type\":\"ImageObject\",\"inLanguage\":\"tr\",\"@id\":\"https:\\\/\\\/www.dillerbottle.com\\\/products\\\/oem-sus316-stainless-steel-tea-infuser-bottle#primaryimage\",\"url\":\"https:\\\/\\\/www.dillerbottle.com\\\/wp-content\\\/uploads\\\/2026\\\/02\\\/oemodm-520ml-insulated-food-jar-9310-3.jpg\",\"contentUrl\":\"https:\\\/\\\/www.dillerbottle.com\\\/wp-content\\\/uploads\\\/2026\\\/02\\\/oemodm-520ml-insulated-food-jar-9310-3.jpg\",\"width\":800,\"height\":800},{\"@type\":\"BreadcrumbList\",\"@id\":\"https:\\\/\\\/www.dillerbottle.com\\\/products\\\/oem-sus316-stainless-steel-tea-infuser-bottle#breadcrumb\",\"itemListElement\":[{\"@type\":\"ListItem\",\"position\":1,\"name\":\"Home\",\"item\":\"https:\\\/\\\/www.dillerbottle.com\\\/\"},{\"@type\":\"ListItem\",\"position\":2,\"name\":\"Products\",\"item\":\"https:\\\/\\\/www.dillerbottle.com\\\/shop\"},{\"@type\":\"ListItem\",\"position\":3,\"name\":\"OEM SUS316 Stainless Steel Tea Infuser Bottle 200ml \\\/ 280ml\"}]},{\"@type\":\"WebSite\",\"@id\":\"https:\\\/\\\/www.dillerbottle.com\\\/#website\",\"url\":\"https:\\\/\\\/www.dillerbottle.com\\\/\",\"name\":\"Diller Water Bottle Manufacturer\",\"description\":\"Water Bottle Manufacturer\",\"publisher\":{\"@id\":\"https:\\\/\\\/www.dillerbottle.com\\\/#organization\"},\"potentialAction\":[{\"@type\":\"SearchAction\",\"target\":{\"@type\":\"EntryPoint\",\"urlTemplate\":\"https:\\\/\\\/www.dillerbottle.com\\\/?s={search_term_string}\"},\"query-input\":{\"@type\":\"PropertyValueSpecification\",\"valueRequired\":true,\"valueName\":\"search_term_string\"}}],\"inLanguage\":\"tr\"},{\"@type\":\"Organization\",\"@id\":\"https:\\\/\\\/www.dillerbottle.com\\\/#organization\",\"name\":\"Diller Water Bottle Manufacturer\",\"url\":\"https:\\\/\\\/www.dillerbottle.com\\\/\",\"logo\":{\"@type\":\"ImageObject\",\"inLanguage\":\"tr\",\"@id\":\"https:\\\/\\\/www.dillerbottle.com\\\/#\\\/schema\\\/logo\\\/image\\\/\",\"url\":\"https:\\\/\\\/www.dillerbottle.com\\\/wp-content\\\/uploads\\\/2024\\\/09\\\/49918bfa848dcc1e9f8b509933603ac.png\",\"contentUrl\":\"https:\\\/\\\/www.dillerbottle.com\\\/wp-content\\\/uploads\\\/2024\\\/09\\\/49918bfa848dcc1e9f8b509933603ac.png\",\"width\":988,\"height\":198,\"caption\":\"Diller Water Bottle Manufacturer\"},\"image\":{\"@id\":\"https:\\\/\\\/www.dillerbottle.com\\\/#\\\/schema\\\/logo\\\/image\\\/\"}}]}<\/script>\n<!-- \/ Yoast SEO Premium plugin. -->","yoast_head_json":{"title":"OEM SUS316 Paslanmaz \u00c7elik \u00c7ay Demlik \u015ei\u015fesi 200ml \/ 280ml - Diller Su \u015ei\u015fesi \u00dcreticisi","description":"OEM SUS316 demlikli yal\u0131t\u0131ml\u0131 \u00e7ay \u015fi\u015fesi, toptan ve \u00f6zel markal\u0131 markalar i\u00e7in 200\/280ml s\u0131zd\u0131rmaz paslanmaz \u00e7elik termo bardak.","robots":{"index":"index","follow":"follow","max-snippet":"max-snippet:-1","max-image-preview":"max-image-preview:large","max-video-preview":"max-video-preview:-1"},"canonical":"https:\/\/www.dillerbottle.com\/tr\/urunler\/oem-sus316-paslanmaz-celi\u0307k-cay-demli\u0307k-si\u0307sesi\u0307","og_locale":"tr_TR","og_type":"article","og_title":"OEM SUS316 Stainless Steel Tea Infuser Bottle 200ml \/ 280ml","og_description":"OEM SUS316 insulated tea bottle with infuser, 200\/280ml leak-proof stainless steel thermo cup for wholesale and private label brands.","og_url":"https:\/\/www.dillerbottle.com\/tr\/urunler\/oem-sus316-paslanmaz-celi\u0307k-cay-demli\u0307k-si\u0307sesi\u0307","og_site_name":"Diller Water Bottle Manufacturer","article_modified_time":"2026-02-12T06:04:44+00:00","og_image":[{"width":800,"height":800,"url":"https:\/\/www.dillerbottle.com\/wp-content\/uploads\/2026\/02\/oemodm-520ml-insulated-food-jar-9310-3.jpg","type":"image\/jpeg"}],"twitter_card":"summary_large_image","twitter_misc":{"Tahmini okuma s\u00fcresi":"4 dakika"},"schema":{"@context":"https:\/\/schema.org","@graph":[{"@type":"WebPage","@id":"https:\/\/www.dillerbottle.com\/products\/oem-sus316-stainless-steel-tea-infuser-bottle","url":"https:\/\/www.dillerbottle.com\/products\/oem-sus316-stainless-steel-tea-infuser-bottle","name":"OEM SUS316 Paslanmaz \u00c7elik \u00c7ay Demlik \u015ei\u015fesi 200ml \/ 280ml - Diller Su \u015ei\u015fesi \u00dcreticisi","isPartOf":{"@id":"https:\/\/www.dillerbottle.com\/#website"},"primaryImageOfPage":{"@id":"https:\/\/www.dillerbottle.com\/products\/oem-sus316-stainless-steel-tea-infuser-bottle#primaryimage"},"image":{"@id":"https:\/\/www.dillerbottle.com\/products\/oem-sus316-stainless-steel-tea-infuser-bottle#primaryimage"},"thumbnailUrl":"https:\/\/www.dillerbottle.com\/wp-content\/uploads\/2026\/02\/oemodm-520ml-insulated-food-jar-9310-3.jpg","datePublished":"2026-02-12T05:48:27+00:00","dateModified":"2026-02-12T06:04:44+00:00","description":"OEM SUS316 demlikli yal\u0131t\u0131ml\u0131 \u00e7ay \u015fi\u015fesi, toptan ve \u00f6zel markal\u0131 markalar i\u00e7in 200\/280ml s\u0131zd\u0131rmaz paslanmaz \u00e7elik termo bardak.","breadcrumb":{"@id":"https:\/\/www.dillerbottle.com\/products\/oem-sus316-stainless-steel-tea-infuser-bottle#breadcrumb"},"inLanguage":"tr","potentialAction":[{"@type":"ReadAction","target":["https:\/\/www.dillerbottle.com\/products\/oem-sus316-stainless-steel-tea-infuser-bottle"]}]},{"@type":"ImageObject","inLanguage":"tr","@id":"https:\/\/www.dillerbottle.com\/products\/oem-sus316-stainless-steel-tea-infuser-bottle#primaryimage","url":"https:\/\/www.dillerbottle.com\/wp-content\/uploads\/2026\/02\/oemodm-520ml-insulated-food-jar-9310-3.jpg","contentUrl":"https:\/\/www.dillerbottle.com\/wp-content\/uploads\/2026\/02\/oemodm-520ml-insulated-food-jar-9310-3.jpg","width":800,"height":800},{"@type":"BreadcrumbList","@id":"https:\/\/www.dillerbottle.com\/products\/oem-sus316-stainless-steel-tea-infuser-bottle#breadcrumb","itemListElement":[{"@type":"ListItem","position":1,"name":"Home","item":"https:\/\/www.dillerbottle.com\/"},{"@type":"ListItem","position":2,"name":"Products","item":"https:\/\/www.dillerbottle.com\/shop"},{"@type":"ListItem","position":3,"name":"OEM SUS316 Stainless Steel Tea Infuser Bottle 200ml \/ 280ml"}]},{"@type":"WebSite","@id":"https:\/\/www.dillerbottle.com\/#website","url":"https:\/\/www.dillerbottle.com\/","name":"Diller Su \u015ei\u015fesi \u00dcreticisi","description":"Su \u015ei\u015fesi \u00dcreticisi","publisher":{"@id":"https:\/\/www.dillerbottle.com\/#organization"},"potentialAction":[{"@type":"SearchAction","target":{"@type":"EntryPoint","urlTemplate":"https:\/\/www.dillerbottle.com\/?s={search_term_string}"},"query-input":{"@type":"PropertyValueSpecification","valueRequired":true,"valueName":"search_term_string"}}],"inLanguage":"tr"},{"@type":"Organization","@id":"https:\/\/www.dillerbottle.com\/#organization","name":"Diller Su \u015ei\u015fesi \u00dcreticisi","url":"https:\/\/www.dillerbottle.com\/","logo":{"@type":"ImageObject","inLanguage":"tr","@id":"https:\/\/www.dillerbottle.com\/#\/schema\/logo\/image\/","url":"https:\/\/www.dillerbottle.com\/wp-content\/uploads\/2024\/09\/49918bfa848dcc1e9f8b509933603ac.png","contentUrl":"https:\/\/www.dillerbottle.com\/wp-content\/uploads\/2024\/09\/49918bfa848dcc1e9f8b509933603ac.png","width":988,"height":198,"caption":"Diller Water Bottle Manufacturer"},"image":{"@id":"https:\/\/www.dillerbottle.com\/#\/schema\/logo\/image\/"}}]}},"_links":{"self":[{"href":"https:\/\/www.dillerbottle.com\/tr\/wp-json\/wp\/v2\/product\/17676","targetHints":{"allow":["GET"]}}],"collection":[{"href":"https:\/\/www.dillerbottle.com\/tr\/wp-json\/wp\/v2\/product"}],"about":[{"href":"https:\/\/www.dillerbottle.com\/tr\/wp-json\/wp\/v2\/types\/product"}],"replies":[{"embeddable":true,"href":"https:\/\/www.dillerbottle.com\/tr\/wp-json\/wp\/v2\/comments?post=17676"}],"wp:featuredmedia":[{"embeddable":true,"href":"https:\/\/www.dillerbottle.com\/tr\/wp-json\/wp\/v2\/media\/17678"}],"wp:attachment":[{"href":"https:\/\/www.dillerbottle.com\/tr\/wp-json\/wp\/v2\/media?parent=17676"}],"wp:term":[{"taxonomy":"product_brand","embeddable":true,"href":"https:\/\/www.dillerbottle.com\/tr\/wp-json\/wp\/v2\/product_brand?post=17676"},{"taxonomy":"product_cat","embeddable":true,"href":"https:\/\/www.dillerbottle.com\/tr\/wp-json\/wp\/v2\/product_cat?post=17676"},{"taxonomy":"product_tag","embeddable":true,"href":"https:\/\/www.dillerbottle.com\/tr\/wp-json\/wp\/v2\/product_tag?post=17676"}],"curies":[{"name":"wp","href":"https:\/\/api.w.org\/{rel}","templated":true}]}}