{"id":17694,"date":"2026-02-12T14:09:12","date_gmt":"2026-02-12T06:09:12","guid":{"rendered":"https:\/\/www.dillerbottle.com\/?post_type=product&#038;p=17694"},"modified":"2026-02-12T16:10:43","modified_gmt":"2026-02-12T08:10:43","slug":"oem-marka-200ml-sus316-panda-paslanmaz-celi%cc%87k-i%cc%87zoleli%cc%87-si%cc%87se","status":"publish","type":"product","link":"https:\/\/www.dillerbottle.com\/tr\/products\/oem-brand-200ml-sus316-panda-stainless-steel-insulated-bottle","title":{"rendered":"OEM marka 200ml SUS316 panda paslanmaz \u00e7elik yal\u0131t\u0131ml\u0131 \u015fi\u015fe"},"content":{"rendered":"<p data-start=\"590\" data-end=\"746\">DILLER D9314 yal\u0131t\u0131ml\u0131 \u015fi\u015fe, \u00f6zelle\u015ftirilmi\u015f IP temal\u0131 paslanmaz \u00e7elik i\u00e7ecek tak\u0131m\u0131 arayan markalar ve distrib\u00fct\u00f6rler i\u00e7in tasarlanm\u0131\u015f 200 ml'lik kompakt bir termo bardakt\u0131r.<\/p>\n<p data-start=\"748\" data-end=\"985\">SUS316 paslanmaz \u00e7elik i\u00e7 astara sahip olan bu model, \u00fcst\u00fcn korozyon direnci, g\u0131da ile temas g\u00fcvenli\u011fi ve uzun s\u00fcreli dayan\u0131kl\u0131l\u0131k sa\u011flar. \u00c7ift duvarl\u0131 vakum yal\u0131t\u0131m yap\u0131s\u0131 hem s\u0131cak hem de so\u011fuk i\u00e7eceklerin muhafaza edilmesini destekler.<\/p>\n<p data-start=\"987\" data-end=\"1244\">\u015ei\u015fe, s\u0131zd\u0131rmaz s\u0131zd\u0131rmaz bir kapakla tasarlanm\u0131\u015ft\u0131r ve s\u0131z\u0131nt\u0131 olmadan g\u00fcvenli bir \u015fekilde ters \u00e7evrilerek saklanmas\u0131na izin verir. Ta\u015f\u0131nabilir sap\u0131 seyahat kolayl\u0131\u011f\u0131n\u0131 art\u0131rarak i\u015fe gidip gelme, a\u00e7\u0131k hava etkinlikleri, promosyon etkinlikleri ve ya\u015fam tarz\u0131 perakende koleksiyonlar\u0131 i\u00e7in uygun hale getirir.<\/p>\n<p data-start=\"1246\" data-end=\"1519\">Orijinal bir panda IP s\u00fcslemesine sahip olan \u00fcr\u00fcn, hediyelik e\u015fya ve marka i\u015fbirli\u011fi projeleri i\u00e7in g\u00fc\u00e7l\u00fc bir g\u00f6rsel farkl\u0131la\u015fma sunuyor. Kompakt 200 ml'lik kapasitesi, \u00fcr\u00fcn\u00fc \u00e7ocuk i\u00e7ecekleri, \u00e7ay tad\u0131m\u0131, seyahat boyu \u015fi\u015feler ve mevsimlik promosyon \u00fcr\u00fcnleri i\u00e7in ideal hale getirir.<\/p>\n<p data-start=\"1521\" data-end=\"1659\">Logo bask\u0131s\u0131, renk \u00f6zelle\u015ftirme, ambalaj geli\u015ftirme ve IP ortak markalama projeleri dahil olmak \u00fczere tam OEM ve ODM hizmetleri desteklenmektedir.<\/p>\n<p data-start=\"1661\" data-end=\"1701\">Bu model \u00f6zellikle \u015funlar i\u00e7in uygundur:<\/p>\n<ul data-start=\"1703\" data-end=\"1864\">\n<li data-start=\"1703\" data-end=\"1722\">\n<p data-start=\"1705\" data-end=\"1722\">Hediyelik e\u015fya markalar\u0131<\/p>\n<\/li>\n<li data-start=\"1723\" data-end=\"1752\">\n<p data-start=\"1725\" data-end=\"1752\">IP i\u015fbirli\u011fi projeleri<\/p>\n<\/li>\n<li data-start=\"1753\" data-end=\"1786\">\n<p data-start=\"1755\" data-end=\"1786\">Promosyon \u00fcr\u00fcn \u015firketleri<\/p>\n<\/li>\n<li data-start=\"1787\" data-end=\"1829\">\n<p data-start=\"1789\" data-end=\"1829\">Paslanmaz \u00e7elik i\u00e7ecek kaplar\u0131 distrib\u00fct\u00f6rleri<\/p>\n<\/li>\n<li data-start=\"1830\" data-end=\"1864\">\n<p data-start=\"1832\" data-end=\"1864\">\u00d6zel etiketli ya\u015fam tarz\u0131 markalar\u0131<\/p>\n<\/li>\n<\/ul>","protected":false},"excerpt":{"rendered":"<p>SUS316 i\u00e7 astarl\u0131, orijinal panda IP tasar\u0131ml\u0131, s\u0131zd\u0131rmaz yap\u0131l\u0131 ve ta\u015f\u0131nabilir sapl\u0131 200ml yal\u0131t\u0131ml\u0131 paslanmaz \u00e7elik \u015fi\u015fe. OEM, \u00f6zel etiket ve toptan hediye projeleri i\u00e7in idealdir.<\/p>","protected":false},"featured_media":17699,"comment_status":"open","ping_status":"closed","template":"","meta":{"_acf_changed":false},"product_brand":[],"product_cat":[18],"product_tag":[1029],"class_list":{"0":"post-17694","1":"product","2":"type-product","3":"status-publish","4":"has-post-thumbnail","6":"product_cat-insulated-water-bottle","7":"product_tag-stainless-vacuum-water-bottle","9":"first","10":"instock","11":"shipping-taxable","12":"product-type-simple"},"acf":[],"yoast_head":"<!-- This site is optimized with the Yoast SEO Premium plugin v27.4 (Yoast SEO v27.4) - https:\/\/yoast.com\/product\/yoast-seo-premium-wordpress\/ -->\n<title>OEM brand 200ml SUS316 panda stainless steel insulated bottle - Diller Water Bottle Manufacturer<\/title>\n<meta name=\"description\" content=\"OEM SUS316 insulated tea bottle with infuser, 200\/280ml leak-proof stainless steel thermo cup for wholesale and private label brands.\" \/>\n<meta name=\"robots\" content=\"index, follow, max-snippet:-1, max-image-preview:large, max-video-preview:-1\" \/>\n<link rel=\"canonical\" href=\"https:\/\/www.dillerbottle.com\/tr\/urunler\/oem-marka-200ml-sus316-panda-paslanmaz-celi\u0307k-i\u0307zoleli\u0307-si\u0307se\" \/>\n<meta property=\"og:locale\" content=\"tr_TR\" \/>\n<meta property=\"og:type\" content=\"article\" \/>\n<meta property=\"og:title\" content=\"OEM brand 200ml SUS316 panda stainless steel insulated bottle\" \/>\n<meta property=\"og:description\" content=\"OEM SUS316 insulated tea bottle with infuser, 200\/280ml leak-proof stainless steel thermo cup for wholesale and private label brands.\" \/>\n<meta property=\"og:url\" content=\"https:\/\/www.dillerbottle.com\/tr\/urunler\/oem-marka-200ml-sus316-panda-paslanmaz-celi\u0307k-i\u0307zoleli\u0307-si\u0307se\" \/>\n<meta property=\"og:site_name\" content=\"Diller Water Bottle Manufacturer\" \/>\n<meta property=\"article:modified_time\" content=\"2026-02-12T08:10:43+00:00\" \/>\n<meta property=\"og:image\" content=\"https:\/\/www.dillerbottle.com\/wp-content\/uploads\/2026\/02\/oem-brand-200-ml-sus316-panda-stainless-steel-insulated-bottle-9314-1.jpg\" \/>\n\t<meta property=\"og:image:width\" content=\"800\" \/>\n\t<meta property=\"og:image:height\" content=\"800\" \/>\n\t<meta property=\"og:image:type\" content=\"image\/jpeg\" \/>\n<meta name=\"twitter:card\" content=\"summary_large_image\" \/>\n<meta name=\"twitter:label1\" content=\"Tahmini okuma s\u00fcresi\" \/>\n\t<meta name=\"twitter:data1\" content=\"3 dakika\" \/>\n<script type=\"application\/ld+json\" class=\"yoast-schema-graph\">{\"@context\":\"https:\\\/\\\/schema.org\",\"@graph\":[{\"@type\":\"WebPage\",\"@id\":\"https:\\\/\\\/www.dillerbottle.com\\\/products\\\/oem-brand-200ml-sus316-panda-stainless-steel-insulated-bottle\",\"url\":\"https:\\\/\\\/www.dillerbottle.com\\\/products\\\/oem-brand-200ml-sus316-panda-stainless-steel-insulated-bottle\",\"name\":\"OEM brand 200ml SUS316 panda stainless steel insulated bottle - Diller Water Bottle Manufacturer\",\"isPartOf\":{\"@id\":\"https:\\\/\\\/www.dillerbottle.com\\\/#website\"},\"primaryImageOfPage\":{\"@id\":\"https:\\\/\\\/www.dillerbottle.com\\\/products\\\/oem-brand-200ml-sus316-panda-stainless-steel-insulated-bottle#primaryimage\"},\"image\":{\"@id\":\"https:\\\/\\\/www.dillerbottle.com\\\/products\\\/oem-brand-200ml-sus316-panda-stainless-steel-insulated-bottle#primaryimage\"},\"thumbnailUrl\":\"https:\\\/\\\/www.dillerbottle.com\\\/wp-content\\\/uploads\\\/2026\\\/02\\\/oem-brand-200-ml-sus316-panda-stainless-steel-insulated-bottle-9314-1.jpg\",\"datePublished\":\"2026-02-12T06:09:12+00:00\",\"dateModified\":\"2026-02-12T08:10:43+00:00\",\"description\":\"OEM SUS316 insulated tea bottle with infuser, 200\\\/280ml leak-proof stainless steel thermo cup for wholesale and private label brands.\",\"breadcrumb\":{\"@id\":\"https:\\\/\\\/www.dillerbottle.com\\\/products\\\/oem-brand-200ml-sus316-panda-stainless-steel-insulated-bottle#breadcrumb\"},\"inLanguage\":\"tr\",\"potentialAction\":[{\"@type\":\"ReadAction\",\"target\":[\"https:\\\/\\\/www.dillerbottle.com\\\/products\\\/oem-brand-200ml-sus316-panda-stainless-steel-insulated-bottle\"]}]},{\"@type\":\"ImageObject\",\"inLanguage\":\"tr\",\"@id\":\"https:\\\/\\\/www.dillerbottle.com\\\/products\\\/oem-brand-200ml-sus316-panda-stainless-steel-insulated-bottle#primaryimage\",\"url\":\"https:\\\/\\\/www.dillerbottle.com\\\/wp-content\\\/uploads\\\/2026\\\/02\\\/oem-brand-200-ml-sus316-panda-stainless-steel-insulated-bottle-9314-1.jpg\",\"contentUrl\":\"https:\\\/\\\/www.dillerbottle.com\\\/wp-content\\\/uploads\\\/2026\\\/02\\\/oem-brand-200-ml-sus316-panda-stainless-steel-insulated-bottle-9314-1.jpg\",\"width\":800,\"height\":800},{\"@type\":\"BreadcrumbList\",\"@id\":\"https:\\\/\\\/www.dillerbottle.com\\\/products\\\/oem-brand-200ml-sus316-panda-stainless-steel-insulated-bottle#breadcrumb\",\"itemListElement\":[{\"@type\":\"ListItem\",\"position\":1,\"name\":\"Home\",\"item\":\"https:\\\/\\\/www.dillerbottle.com\\\/\"},{\"@type\":\"ListItem\",\"position\":2,\"name\":\"Products\",\"item\":\"https:\\\/\\\/www.dillerbottle.com\\\/shop\"},{\"@type\":\"ListItem\",\"position\":3,\"name\":\"OEM brand 200ml SUS316 panda stainless steel insulated bottle\"}]},{\"@type\":\"WebSite\",\"@id\":\"https:\\\/\\\/www.dillerbottle.com\\\/#website\",\"url\":\"https:\\\/\\\/www.dillerbottle.com\\\/\",\"name\":\"Diller Water Bottle Manufacturer\",\"description\":\"Water Bottle Manufacturer\",\"publisher\":{\"@id\":\"https:\\\/\\\/www.dillerbottle.com\\\/#organization\"},\"potentialAction\":[{\"@type\":\"SearchAction\",\"target\":{\"@type\":\"EntryPoint\",\"urlTemplate\":\"https:\\\/\\\/www.dillerbottle.com\\\/?s={search_term_string}\"},\"query-input\":{\"@type\":\"PropertyValueSpecification\",\"valueRequired\":true,\"valueName\":\"search_term_string\"}}],\"inLanguage\":\"tr\"},{\"@type\":\"Organization\",\"@id\":\"https:\\\/\\\/www.dillerbottle.com\\\/#organization\",\"name\":\"Diller Water Bottle Manufacturer\",\"url\":\"https:\\\/\\\/www.dillerbottle.com\\\/\",\"logo\":{\"@type\":\"ImageObject\",\"inLanguage\":\"tr\",\"@id\":\"https:\\\/\\\/www.dillerbottle.com\\\/#\\\/schema\\\/logo\\\/image\\\/\",\"url\":\"https:\\\/\\\/www.dillerbottle.com\\\/wp-content\\\/uploads\\\/2024\\\/09\\\/49918bfa848dcc1e9f8b509933603ac.png\",\"contentUrl\":\"https:\\\/\\\/www.dillerbottle.com\\\/wp-content\\\/uploads\\\/2024\\\/09\\\/49918bfa848dcc1e9f8b509933603ac.png\",\"width\":988,\"height\":198,\"caption\":\"Diller Water Bottle Manufacturer\"},\"image\":{\"@id\":\"https:\\\/\\\/www.dillerbottle.com\\\/#\\\/schema\\\/logo\\\/image\\\/\"}}]}<\/script>\n<!-- \/ Yoast SEO Premium plugin. -->","yoast_head_json":{"title":"OEM marka 200ml SUS316 panda paslanmaz \u00e7elik yal\u0131t\u0131ml\u0131 \u015fi\u015fe - Diller Su \u015ei\u015fesi \u00dcreticisi","description":"OEM SUS316 demlikli yal\u0131t\u0131ml\u0131 \u00e7ay \u015fi\u015fesi, toptan ve \u00f6zel markal\u0131 markalar i\u00e7in 200\/280ml s\u0131zd\u0131rmaz paslanmaz \u00e7elik termo bardak.","robots":{"index":"index","follow":"follow","max-snippet":"max-snippet:-1","max-image-preview":"max-image-preview:large","max-video-preview":"max-video-preview:-1"},"canonical":"https:\/\/www.dillerbottle.com\/tr\/urunler\/oem-marka-200ml-sus316-panda-paslanmaz-celi\u0307k-i\u0307zoleli\u0307-si\u0307se","og_locale":"tr_TR","og_type":"article","og_title":"OEM brand 200ml SUS316 panda stainless steel insulated bottle","og_description":"OEM SUS316 insulated tea bottle with infuser, 200\/280ml leak-proof stainless steel thermo cup for wholesale and private label brands.","og_url":"https:\/\/www.dillerbottle.com\/tr\/urunler\/oem-marka-200ml-sus316-panda-paslanmaz-celi\u0307k-i\u0307zoleli\u0307-si\u0307se","og_site_name":"Diller Water Bottle Manufacturer","article_modified_time":"2026-02-12T08:10:43+00:00","og_image":[{"width":800,"height":800,"url":"https:\/\/www.dillerbottle.com\/wp-content\/uploads\/2026\/02\/oem-brand-200-ml-sus316-panda-stainless-steel-insulated-bottle-9314-1.jpg","type":"image\/jpeg"}],"twitter_card":"summary_large_image","twitter_misc":{"Tahmini okuma s\u00fcresi":"3 dakika"},"schema":{"@context":"https:\/\/schema.org","@graph":[{"@type":"WebPage","@id":"https:\/\/www.dillerbottle.com\/products\/oem-brand-200ml-sus316-panda-stainless-steel-insulated-bottle","url":"https:\/\/www.dillerbottle.com\/products\/oem-brand-200ml-sus316-panda-stainless-steel-insulated-bottle","name":"OEM marka 200ml SUS316 panda paslanmaz \u00e7elik yal\u0131t\u0131ml\u0131 \u015fi\u015fe - Diller Su \u015ei\u015fesi \u00dcreticisi","isPartOf":{"@id":"https:\/\/www.dillerbottle.com\/#website"},"primaryImageOfPage":{"@id":"https:\/\/www.dillerbottle.com\/products\/oem-brand-200ml-sus316-panda-stainless-steel-insulated-bottle#primaryimage"},"image":{"@id":"https:\/\/www.dillerbottle.com\/products\/oem-brand-200ml-sus316-panda-stainless-steel-insulated-bottle#primaryimage"},"thumbnailUrl":"https:\/\/www.dillerbottle.com\/wp-content\/uploads\/2026\/02\/oem-brand-200-ml-sus316-panda-stainless-steel-insulated-bottle-9314-1.jpg","datePublished":"2026-02-12T06:09:12+00:00","dateModified":"2026-02-12T08:10:43+00:00","description":"OEM SUS316 demlikli yal\u0131t\u0131ml\u0131 \u00e7ay \u015fi\u015fesi, toptan ve \u00f6zel markal\u0131 markalar i\u00e7in 200\/280ml s\u0131zd\u0131rmaz paslanmaz \u00e7elik termo bardak.","breadcrumb":{"@id":"https:\/\/www.dillerbottle.com\/products\/oem-brand-200ml-sus316-panda-stainless-steel-insulated-bottle#breadcrumb"},"inLanguage":"tr","potentialAction":[{"@type":"ReadAction","target":["https:\/\/www.dillerbottle.com\/products\/oem-brand-200ml-sus316-panda-stainless-steel-insulated-bottle"]}]},{"@type":"ImageObject","inLanguage":"tr","@id":"https:\/\/www.dillerbottle.com\/products\/oem-brand-200ml-sus316-panda-stainless-steel-insulated-bottle#primaryimage","url":"https:\/\/www.dillerbottle.com\/wp-content\/uploads\/2026\/02\/oem-brand-200-ml-sus316-panda-stainless-steel-insulated-bottle-9314-1.jpg","contentUrl":"https:\/\/www.dillerbottle.com\/wp-content\/uploads\/2026\/02\/oem-brand-200-ml-sus316-panda-stainless-steel-insulated-bottle-9314-1.jpg","width":800,"height":800},{"@type":"BreadcrumbList","@id":"https:\/\/www.dillerbottle.com\/products\/oem-brand-200ml-sus316-panda-stainless-steel-insulated-bottle#breadcrumb","itemListElement":[{"@type":"ListItem","position":1,"name":"Home","item":"https:\/\/www.dillerbottle.com\/"},{"@type":"ListItem","position":2,"name":"Products","item":"https:\/\/www.dillerbottle.com\/shop"},{"@type":"ListItem","position":3,"name":"OEM brand 200ml SUS316 panda stainless steel insulated bottle"}]},{"@type":"WebSite","@id":"https:\/\/www.dillerbottle.com\/#website","url":"https:\/\/www.dillerbottle.com\/","name":"Diller Su \u015ei\u015fesi \u00dcreticisi","description":"Su \u015ei\u015fesi \u00dcreticisi","publisher":{"@id":"https:\/\/www.dillerbottle.com\/#organization"},"potentialAction":[{"@type":"SearchAction","target":{"@type":"EntryPoint","urlTemplate":"https:\/\/www.dillerbottle.com\/?s={search_term_string}"},"query-input":{"@type":"PropertyValueSpecification","valueRequired":true,"valueName":"search_term_string"}}],"inLanguage":"tr"},{"@type":"Organization","@id":"https:\/\/www.dillerbottle.com\/#organization","name":"Diller Su \u015ei\u015fesi \u00dcreticisi","url":"https:\/\/www.dillerbottle.com\/","logo":{"@type":"ImageObject","inLanguage":"tr","@id":"https:\/\/www.dillerbottle.com\/#\/schema\/logo\/image\/","url":"https:\/\/www.dillerbottle.com\/wp-content\/uploads\/2024\/09\/49918bfa848dcc1e9f8b509933603ac.png","contentUrl":"https:\/\/www.dillerbottle.com\/wp-content\/uploads\/2024\/09\/49918bfa848dcc1e9f8b509933603ac.png","width":988,"height":198,"caption":"Diller Water Bottle Manufacturer"},"image":{"@id":"https:\/\/www.dillerbottle.com\/#\/schema\/logo\/image\/"}}]}},"_links":{"self":[{"href":"https:\/\/www.dillerbottle.com\/tr\/wp-json\/wp\/v2\/product\/17694","targetHints":{"allow":["GET"]}}],"collection":[{"href":"https:\/\/www.dillerbottle.com\/tr\/wp-json\/wp\/v2\/product"}],"about":[{"href":"https:\/\/www.dillerbottle.com\/tr\/wp-json\/wp\/v2\/types\/product"}],"replies":[{"embeddable":true,"href":"https:\/\/www.dillerbottle.com\/tr\/wp-json\/wp\/v2\/comments?post=17694"}],"wp:featuredmedia":[{"embeddable":true,"href":"https:\/\/www.dillerbottle.com\/tr\/wp-json\/wp\/v2\/media\/17699"}],"wp:attachment":[{"href":"https:\/\/www.dillerbottle.com\/tr\/wp-json\/wp\/v2\/media?parent=17694"}],"wp:term":[{"taxonomy":"product_brand","embeddable":true,"href":"https:\/\/www.dillerbottle.com\/tr\/wp-json\/wp\/v2\/product_brand?post=17694"},{"taxonomy":"product_cat","embeddable":true,"href":"https:\/\/www.dillerbottle.com\/tr\/wp-json\/wp\/v2\/product_cat?post=17694"},{"taxonomy":"product_tag","embeddable":true,"href":"https:\/\/www.dillerbottle.com\/tr\/wp-json\/wp\/v2\/product_tag?post=17694"}],"curies":[{"name":"wp","href":"https:\/\/api.w.org\/{rel}","templated":true}]}}