{"id":17709,"date":"2026-02-12T16:13:56","date_gmt":"2026-02-12T08:13:56","guid":{"rendered":"https:\/\/www.dillerbottle.com\/?post_type=product&#038;p=17709"},"modified":"2026-02-12T16:21:54","modified_gmt":"2026-02-12T08:21:54","slug":"oem-600ml-paslanmaz-celi%cc%87k-i%cc%87zoleli%cc%87-ci%cc%87ft-i%cc%87cme-kapagi-olan-si%cc%87se","status":"publish","type":"product","link":"https:\/\/www.dillerbottle.com\/tr\/products\/oem-600ml-stainless-steel-insulated-bottle-with-dual-drinking-lid","title":{"rendered":"\u00c7ift \u0130\u00e7me Kapakl\u0131 OEM 600ml Paslanmaz \u00c7elik Yal\u0131t\u0131ml\u0131 \u015ei\u015fe"},"content":{"rendered":"<p data-start=\"581\" data-end=\"779\">DILLER D9312 yal\u0131t\u0131ml\u0131 \u015fi\u015fe, ya\u015fam tarz\u0131, \u00f6\u011frenci ve promosyon pazarlar\u0131 i\u00e7in g\u00fcvenilir OEM i\u00e7ecek \u00e7\u00f6z\u00fcmleri arayan markalar ve distrib\u00fct\u00f6rler i\u00e7in tasarlanm\u0131\u015f 600 ml paslanmaz \u00e7elik termo bardakt\u0131r.<\/p>\n<p data-start=\"781\" data-end=\"1051\">SUS304 paslanmaz \u00e7elik i\u00e7 astar ile in\u015fa edilen bu model, g\u0131da ile temasta g\u00fcvenli performans, korozyon direnci ve uzun s\u00fcreli dayan\u0131kl\u0131l\u0131k sa\u011flar. \u00c7ift duvarl\u0131 vakum yal\u0131t\u0131m yap\u0131s\u0131, hem s\u0131cak hem de so\u011fuk i\u00e7ecekler i\u00e7in etkili s\u0131cakl\u0131k korumas\u0131n\u0131 destekler.<\/p>\n<p data-start=\"1053\" data-end=\"1330\">Kapak, kullan\u0131c\u0131lar\u0131n do\u011frudan yudumlamas\u0131na veya pipet tarz\u0131 bir a\u00e7\u0131kl\u0131k kullanmas\u0131na olanak tan\u0131yan iki i\u00e7me y\u00f6ntemine sahiptir ve farkl\u0131 kullan\u0131m senaryolar\u0131nda i\u015flevselli\u011fi art\u0131r\u0131r. S\u0131zd\u0131rmaz yap\u0131, \u015fi\u015fenin s\u0131z\u0131nt\u0131 olmadan ters \u00e7evrilmesine olanak tan\u0131yarak \u00e7antalarda ve s\u0131rt \u00e7antalar\u0131nda g\u00fcvenli ta\u015f\u0131nabilirlik sa\u011flar.<\/p>\n<p data-start=\"1332\" data-end=\"1574\">Ta\u015f\u0131nabilir halat tasar\u0131m\u0131 seyahat, okul, a\u00e7\u0131k hava etkinlikleri ve g\u00fcnl\u00fck i\u015fe gidip gelme i\u00e7in rahatl\u0131\u011f\u0131 art\u0131r\u0131r. D\u0131\u015f y\u00fczey logo bask\u0131s\u0131n\u0131 ve renk \u00f6zelle\u015ftirmesini destekleyerek \u00f6zel etiket ve marka geli\u015ftirme projeleri i\u00e7in uygun hale getirir.<\/p>\n<p data-start=\"1576\" data-end=\"1600\">Bu model \u015funlar i\u00e7in idealdir:<\/p>\n<ul data-start=\"1602\" data-end=\"1769\">\n<li data-start=\"1602\" data-end=\"1630\">\n<p data-start=\"1604\" data-end=\"1630\">\u00d6\u011frenci i\u00e7ecek markalar\u0131<\/p>\n<\/li>\n<li data-start=\"1631\" data-end=\"1661\">\n<p data-start=\"1633\" data-end=\"1661\">Promosyon hediye tedarik\u00e7ileri<\/p>\n<\/li>\n<li data-start=\"1662\" data-end=\"1695\">\n<p data-start=\"1664\" data-end=\"1695\">Spor ve d\u0131\u015f mekan distrib\u00fct\u00f6rleri<\/p>\n<\/li>\n<li data-start=\"1696\" data-end=\"1732\">\n<p data-start=\"1698\" data-end=\"1732\">\u00d6zel markal\u0131 mutfak e\u015fyalar\u0131 markalar\u0131<\/p>\n<\/li>\n<li data-start=\"1733\" data-end=\"1769\">\n<p data-start=\"1735\" data-end=\"1769\">Paslanmaz \u00e7elik \u015fi\u015fe ithalat\u00e7\u0131lar\u0131<\/p>\n<\/li>\n<\/ul>\n<p data-start=\"1771\" data-end=\"1903\">Logo bask\u0131s\u0131, ambalaj \u00f6zelle\u015ftirme, yap\u0131sal ayarlamalar ve renk geli\u015ftirme dahil olmak \u00fczere OEM ve ODM hizmetleri mevcuttur.<\/p>","protected":false},"excerpt":{"rendered":"<p>\u00c7ift i\u00e7me y\u00f6ntemli, s\u0131zd\u0131rmaz tasar\u0131ml\u0131 ve ta\u015f\u0131nabilir ipli 600 ml yal\u0131t\u0131ml\u0131 paslanmaz \u00e7elik \u015fi\u015fe. OEM, \u00f6zel etiket ve toptan i\u00e7ecek projeleri i\u00e7in idealdir.<\/p>","protected":false},"featured_media":17710,"comment_status":"open","ping_status":"closed","template":"","meta":{"_acf_changed":false},"product_brand":[],"product_cat":[18],"product_tag":[1029],"class_list":{"0":"post-17709","1":"product","2":"type-product","3":"status-publish","4":"has-post-thumbnail","6":"product_cat-insulated-water-bottle","7":"product_tag-stainless-vacuum-water-bottle","9":"first","10":"instock","11":"shipping-taxable","12":"product-type-simple"},"acf":[],"yoast_head":"<!-- This site is optimized with the Yoast SEO Premium plugin v27.4 (Yoast SEO v27.4) - https:\/\/yoast.com\/product\/yoast-seo-premium-wordpress\/ -->\n<title>OEM 600ml Stainless Steel Insulated Bottle with Dual Drinking Lid - Diller Water Bottle Manufacturer<\/title>\n<meta name=\"description\" content=\"OEM 600ml stainless steel insulated bottle with dual drinking lid, leak-proof thermo cup for wholesale and private label brands.\" \/>\n<meta name=\"robots\" content=\"index, follow, max-snippet:-1, max-image-preview:large, max-video-preview:-1\" \/>\n<link rel=\"canonical\" href=\"https:\/\/www.dillerbottle.com\/tr\/urunler\/oem-600ml-paslanmaz-celi\u0307k-i\u0307zoleli\u0307-ci\u0307ft-i\u0307cme-kapagi-olan-si\u0307se\" \/>\n<meta property=\"og:locale\" content=\"tr_TR\" \/>\n<meta property=\"og:type\" content=\"article\" \/>\n<meta property=\"og:title\" content=\"OEM 600ml Stainless Steel Insulated Bottle with Dual Drinking Lid\" \/>\n<meta property=\"og:description\" content=\"OEM 600ml stainless steel insulated bottle with dual drinking lid, leak-proof thermo cup for wholesale and private label brands.\" \/>\n<meta property=\"og:url\" content=\"https:\/\/www.dillerbottle.com\/tr\/urunler\/oem-600ml-paslanmaz-celi\u0307k-i\u0307zoleli\u0307-ci\u0307ft-i\u0307cme-kapagi-olan-si\u0307se\" \/>\n<meta property=\"og:site_name\" content=\"Diller Water Bottle Manufacturer\" \/>\n<meta property=\"article:modified_time\" content=\"2026-02-12T08:21:54+00:00\" \/>\n<meta property=\"og:image\" content=\"https:\/\/www.dillerbottle.com\/wp-content\/uploads\/2026\/02\/oem-600ml-stainless-steel-insulated-bottle-with-dual-drinking-lid-9312-1.jpg\" \/>\n\t<meta property=\"og:image:width\" content=\"800\" \/>\n\t<meta property=\"og:image:height\" content=\"800\" \/>\n\t<meta property=\"og:image:type\" content=\"image\/jpeg\" \/>\n<meta name=\"twitter:card\" content=\"summary_large_image\" \/>\n<meta name=\"twitter:label1\" content=\"Tahmini okuma s\u00fcresi\" \/>\n\t<meta name=\"twitter:data1\" content=\"4 dakika\" \/>\n<script type=\"application\/ld+json\" class=\"yoast-schema-graph\">{\"@context\":\"https:\\\/\\\/schema.org\",\"@graph\":[{\"@type\":\"WebPage\",\"@id\":\"https:\\\/\\\/www.dillerbottle.com\\\/products\\\/oem-600ml-stainless-steel-insulated-bottle-with-dual-drinking-lid\",\"url\":\"https:\\\/\\\/www.dillerbottle.com\\\/products\\\/oem-600ml-stainless-steel-insulated-bottle-with-dual-drinking-lid\",\"name\":\"OEM 600ml Stainless Steel Insulated Bottle with Dual Drinking Lid - Diller Water Bottle Manufacturer\",\"isPartOf\":{\"@id\":\"https:\\\/\\\/www.dillerbottle.com\\\/#website\"},\"primaryImageOfPage\":{\"@id\":\"https:\\\/\\\/www.dillerbottle.com\\\/products\\\/oem-600ml-stainless-steel-insulated-bottle-with-dual-drinking-lid#primaryimage\"},\"image\":{\"@id\":\"https:\\\/\\\/www.dillerbottle.com\\\/products\\\/oem-600ml-stainless-steel-insulated-bottle-with-dual-drinking-lid#primaryimage\"},\"thumbnailUrl\":\"https:\\\/\\\/www.dillerbottle.com\\\/wp-content\\\/uploads\\\/2026\\\/02\\\/oem-600ml-stainless-steel-insulated-bottle-with-dual-drinking-lid-9312-1.jpg\",\"datePublished\":\"2026-02-12T08:13:56+00:00\",\"dateModified\":\"2026-02-12T08:21:54+00:00\",\"description\":\"OEM 600ml stainless steel insulated bottle with dual drinking lid, leak-proof thermo cup for wholesale and private label brands.\",\"breadcrumb\":{\"@id\":\"https:\\\/\\\/www.dillerbottle.com\\\/products\\\/oem-600ml-stainless-steel-insulated-bottle-with-dual-drinking-lid#breadcrumb\"},\"inLanguage\":\"tr\",\"potentialAction\":[{\"@type\":\"ReadAction\",\"target\":[\"https:\\\/\\\/www.dillerbottle.com\\\/products\\\/oem-600ml-stainless-steel-insulated-bottle-with-dual-drinking-lid\"]}]},{\"@type\":\"ImageObject\",\"inLanguage\":\"tr\",\"@id\":\"https:\\\/\\\/www.dillerbottle.com\\\/products\\\/oem-600ml-stainless-steel-insulated-bottle-with-dual-drinking-lid#primaryimage\",\"url\":\"https:\\\/\\\/www.dillerbottle.com\\\/wp-content\\\/uploads\\\/2026\\\/02\\\/oem-600ml-stainless-steel-insulated-bottle-with-dual-drinking-lid-9312-1.jpg\",\"contentUrl\":\"https:\\\/\\\/www.dillerbottle.com\\\/wp-content\\\/uploads\\\/2026\\\/02\\\/oem-600ml-stainless-steel-insulated-bottle-with-dual-drinking-lid-9312-1.jpg\",\"width\":800,\"height\":800},{\"@type\":\"BreadcrumbList\",\"@id\":\"https:\\\/\\\/www.dillerbottle.com\\\/products\\\/oem-600ml-stainless-steel-insulated-bottle-with-dual-drinking-lid#breadcrumb\",\"itemListElement\":[{\"@type\":\"ListItem\",\"position\":1,\"name\":\"Home\",\"item\":\"https:\\\/\\\/www.dillerbottle.com\\\/\"},{\"@type\":\"ListItem\",\"position\":2,\"name\":\"Products\",\"item\":\"https:\\\/\\\/www.dillerbottle.com\\\/shop\"},{\"@type\":\"ListItem\",\"position\":3,\"name\":\"OEM 600ml Stainless Steel Insulated Bottle with Dual Drinking Lid\"}]},{\"@type\":\"WebSite\",\"@id\":\"https:\\\/\\\/www.dillerbottle.com\\\/#website\",\"url\":\"https:\\\/\\\/www.dillerbottle.com\\\/\",\"name\":\"Diller Water Bottle Manufacturer\",\"description\":\"Water Bottle Manufacturer\",\"publisher\":{\"@id\":\"https:\\\/\\\/www.dillerbottle.com\\\/#organization\"},\"potentialAction\":[{\"@type\":\"SearchAction\",\"target\":{\"@type\":\"EntryPoint\",\"urlTemplate\":\"https:\\\/\\\/www.dillerbottle.com\\\/?s={search_term_string}\"},\"query-input\":{\"@type\":\"PropertyValueSpecification\",\"valueRequired\":true,\"valueName\":\"search_term_string\"}}],\"inLanguage\":\"tr\"},{\"@type\":\"Organization\",\"@id\":\"https:\\\/\\\/www.dillerbottle.com\\\/#organization\",\"name\":\"Diller Water Bottle Manufacturer\",\"url\":\"https:\\\/\\\/www.dillerbottle.com\\\/\",\"logo\":{\"@type\":\"ImageObject\",\"inLanguage\":\"tr\",\"@id\":\"https:\\\/\\\/www.dillerbottle.com\\\/#\\\/schema\\\/logo\\\/image\\\/\",\"url\":\"https:\\\/\\\/www.dillerbottle.com\\\/wp-content\\\/uploads\\\/2024\\\/09\\\/49918bfa848dcc1e9f8b509933603ac.png\",\"contentUrl\":\"https:\\\/\\\/www.dillerbottle.com\\\/wp-content\\\/uploads\\\/2024\\\/09\\\/49918bfa848dcc1e9f8b509933603ac.png\",\"width\":988,\"height\":198,\"caption\":\"Diller Water Bottle Manufacturer\"},\"image\":{\"@id\":\"https:\\\/\\\/www.dillerbottle.com\\\/#\\\/schema\\\/logo\\\/image\\\/\"}}]}<\/script>\n<!-- \/ Yoast SEO Premium plugin. -->","yoast_head_json":{"title":"\u00c7ift \u0130\u00e7me Kapakl\u0131 OEM 600ml Paslanmaz \u00c7elik Yal\u0131t\u0131ml\u0131 \u015ei\u015fe - Diller Su \u015ei\u015fesi \u00dcreticisi","description":"OEM 600ml paslanmaz \u00e7elik yal\u0131t\u0131ml\u0131 \u015fi\u015fe, \u00e7ift i\u00e7me kapakl\u0131, toptan ve \u00f6zel markalar i\u00e7in s\u0131zd\u0131rmaz termo bardak.","robots":{"index":"index","follow":"follow","max-snippet":"max-snippet:-1","max-image-preview":"max-image-preview:large","max-video-preview":"max-video-preview:-1"},"canonical":"https:\/\/www.dillerbottle.com\/tr\/urunler\/oem-600ml-paslanmaz-celi\u0307k-i\u0307zoleli\u0307-ci\u0307ft-i\u0307cme-kapagi-olan-si\u0307se","og_locale":"tr_TR","og_type":"article","og_title":"OEM 600ml Stainless Steel Insulated Bottle with Dual Drinking Lid","og_description":"OEM 600ml stainless steel insulated bottle with dual drinking lid, leak-proof thermo cup for wholesale and private label brands.","og_url":"https:\/\/www.dillerbottle.com\/tr\/urunler\/oem-600ml-paslanmaz-celi\u0307k-i\u0307zoleli\u0307-ci\u0307ft-i\u0307cme-kapagi-olan-si\u0307se","og_site_name":"Diller Water Bottle Manufacturer","article_modified_time":"2026-02-12T08:21:54+00:00","og_image":[{"width":800,"height":800,"url":"https:\/\/www.dillerbottle.com\/wp-content\/uploads\/2026\/02\/oem-600ml-stainless-steel-insulated-bottle-with-dual-drinking-lid-9312-1.jpg","type":"image\/jpeg"}],"twitter_card":"summary_large_image","twitter_misc":{"Tahmini okuma s\u00fcresi":"4 dakika"},"schema":{"@context":"https:\/\/schema.org","@graph":[{"@type":"WebPage","@id":"https:\/\/www.dillerbottle.com\/products\/oem-600ml-stainless-steel-insulated-bottle-with-dual-drinking-lid","url":"https:\/\/www.dillerbottle.com\/products\/oem-600ml-stainless-steel-insulated-bottle-with-dual-drinking-lid","name":"\u00c7ift \u0130\u00e7me Kapakl\u0131 OEM 600ml Paslanmaz \u00c7elik Yal\u0131t\u0131ml\u0131 \u015ei\u015fe - Diller Su \u015ei\u015fesi \u00dcreticisi","isPartOf":{"@id":"https:\/\/www.dillerbottle.com\/#website"},"primaryImageOfPage":{"@id":"https:\/\/www.dillerbottle.com\/products\/oem-600ml-stainless-steel-insulated-bottle-with-dual-drinking-lid#primaryimage"},"image":{"@id":"https:\/\/www.dillerbottle.com\/products\/oem-600ml-stainless-steel-insulated-bottle-with-dual-drinking-lid#primaryimage"},"thumbnailUrl":"https:\/\/www.dillerbottle.com\/wp-content\/uploads\/2026\/02\/oem-600ml-stainless-steel-insulated-bottle-with-dual-drinking-lid-9312-1.jpg","datePublished":"2026-02-12T08:13:56+00:00","dateModified":"2026-02-12T08:21:54+00:00","description":"OEM 600ml paslanmaz \u00e7elik yal\u0131t\u0131ml\u0131 \u015fi\u015fe, \u00e7ift i\u00e7me kapakl\u0131, toptan ve \u00f6zel markalar i\u00e7in s\u0131zd\u0131rmaz termo bardak.","breadcrumb":{"@id":"https:\/\/www.dillerbottle.com\/products\/oem-600ml-stainless-steel-insulated-bottle-with-dual-drinking-lid#breadcrumb"},"inLanguage":"tr","potentialAction":[{"@type":"ReadAction","target":["https:\/\/www.dillerbottle.com\/products\/oem-600ml-stainless-steel-insulated-bottle-with-dual-drinking-lid"]}]},{"@type":"ImageObject","inLanguage":"tr","@id":"https:\/\/www.dillerbottle.com\/products\/oem-600ml-stainless-steel-insulated-bottle-with-dual-drinking-lid#primaryimage","url":"https:\/\/www.dillerbottle.com\/wp-content\/uploads\/2026\/02\/oem-600ml-stainless-steel-insulated-bottle-with-dual-drinking-lid-9312-1.jpg","contentUrl":"https:\/\/www.dillerbottle.com\/wp-content\/uploads\/2026\/02\/oem-600ml-stainless-steel-insulated-bottle-with-dual-drinking-lid-9312-1.jpg","width":800,"height":800},{"@type":"BreadcrumbList","@id":"https:\/\/www.dillerbottle.com\/products\/oem-600ml-stainless-steel-insulated-bottle-with-dual-drinking-lid#breadcrumb","itemListElement":[{"@type":"ListItem","position":1,"name":"Home","item":"https:\/\/www.dillerbottle.com\/"},{"@type":"ListItem","position":2,"name":"Products","item":"https:\/\/www.dillerbottle.com\/shop"},{"@type":"ListItem","position":3,"name":"OEM 600ml Stainless Steel Insulated Bottle with Dual Drinking Lid"}]},{"@type":"WebSite","@id":"https:\/\/www.dillerbottle.com\/#website","url":"https:\/\/www.dillerbottle.com\/","name":"Diller Su \u015ei\u015fesi \u00dcreticisi","description":"Su \u015ei\u015fesi \u00dcreticisi","publisher":{"@id":"https:\/\/www.dillerbottle.com\/#organization"},"potentialAction":[{"@type":"SearchAction","target":{"@type":"EntryPoint","urlTemplate":"https:\/\/www.dillerbottle.com\/?s={search_term_string}"},"query-input":{"@type":"PropertyValueSpecification","valueRequired":true,"valueName":"search_term_string"}}],"inLanguage":"tr"},{"@type":"Organization","@id":"https:\/\/www.dillerbottle.com\/#organization","name":"Diller Su \u015ei\u015fesi \u00dcreticisi","url":"https:\/\/www.dillerbottle.com\/","logo":{"@type":"ImageObject","inLanguage":"tr","@id":"https:\/\/www.dillerbottle.com\/#\/schema\/logo\/image\/","url":"https:\/\/www.dillerbottle.com\/wp-content\/uploads\/2024\/09\/49918bfa848dcc1e9f8b509933603ac.png","contentUrl":"https:\/\/www.dillerbottle.com\/wp-content\/uploads\/2024\/09\/49918bfa848dcc1e9f8b509933603ac.png","width":988,"height":198,"caption":"Diller Water Bottle Manufacturer"},"image":{"@id":"https:\/\/www.dillerbottle.com\/#\/schema\/logo\/image\/"}}]}},"_links":{"self":[{"href":"https:\/\/www.dillerbottle.com\/tr\/wp-json\/wp\/v2\/product\/17709","targetHints":{"allow":["GET"]}}],"collection":[{"href":"https:\/\/www.dillerbottle.com\/tr\/wp-json\/wp\/v2\/product"}],"about":[{"href":"https:\/\/www.dillerbottle.com\/tr\/wp-json\/wp\/v2\/types\/product"}],"replies":[{"embeddable":true,"href":"https:\/\/www.dillerbottle.com\/tr\/wp-json\/wp\/v2\/comments?post=17709"}],"wp:featuredmedia":[{"embeddable":true,"href":"https:\/\/www.dillerbottle.com\/tr\/wp-json\/wp\/v2\/media\/17710"}],"wp:attachment":[{"href":"https:\/\/www.dillerbottle.com\/tr\/wp-json\/wp\/v2\/media?parent=17709"}],"wp:term":[{"taxonomy":"product_brand","embeddable":true,"href":"https:\/\/www.dillerbottle.com\/tr\/wp-json\/wp\/v2\/product_brand?post=17709"},{"taxonomy":"product_cat","embeddable":true,"href":"https:\/\/www.dillerbottle.com\/tr\/wp-json\/wp\/v2\/product_cat?post=17709"},{"taxonomy":"product_tag","embeddable":true,"href":"https:\/\/www.dillerbottle.com\/tr\/wp-json\/wp\/v2\/product_tag?post=17709"}],"curies":[{"name":"wp","href":"https:\/\/api.w.org\/{rel}","templated":true}]}}