{"id":17725,"date":"2026-02-12T16:55:46","date_gmt":"2026-02-12T08:55:46","guid":{"rendered":"https:\/\/www.dillerbottle.com\/?post_type=product&#038;p=17725"},"modified":"2026-02-12T17:02:08","modified_gmt":"2026-02-12T09:02:08","slug":"oem-480ml-sus316l-stainless-steel-insulated-bottle-with-dual-drink-lid","status":"publish","type":"product","link":"https:\/\/www.dillerbottle.com\/tr\/products\/oem-480ml-sus316l-stainless-steel-insulated-bottle-with-dual-drink-lid","title":{"rendered":"\u00c7ift \u0130\u00e7ecek Kapakl\u0131 OEM 480ml SUS316L Paslanmaz \u00c7elik Yal\u0131t\u0131ml\u0131 \u015ei\u015fe"},"content":{"rendered":"<p data-start=\"631\" data-end=\"794\">DILLER D9317 yal\u0131t\u0131ml\u0131 \u015fi\u015fe, y\u00fcksek kaliteli OEM i\u00e7ecek \u00e7\u00f6z\u00fcmleri arayan markalar ve distrib\u00fct\u00f6rler i\u00e7in geli\u015ftirilmi\u015f 480 ml'lik birinci s\u0131n\u0131f paslanmaz \u00e7elik termo bardakt\u0131r.<\/p>\n<p data-start=\"796\" data-end=\"1049\">\u0130\u00e7 astar SUS316L paslanmaz \u00e7elikten imal edilmi\u015ftir ve standart 304 malzemelere k\u0131yasla daha fazla korozyon direnci ve daha fazla dayan\u0131kl\u0131l\u0131k sunar. Bu da \u00fcr\u00fcn\u00fc uzun s\u00fcreli g\u00fcnl\u00fck kullan\u0131m ve \u00fcst d\u00fczey \u00f6zel markal\u0131 pazarlar i\u00e7in uygun hale getirir.<\/p>\n<p data-start=\"1051\" data-end=\"1293\">\u00c7ift duvarl\u0131 vakum yal\u0131t\u0131m yap\u0131s\u0131, hem s\u0131cak hem de so\u011fuk i\u00e7ecekler i\u00e7in i\u00e7ecek s\u0131cakl\u0131\u011f\u0131n\u0131 etkili bir \u015fekilde korur. \u00c7ift i\u00e7imli kapak tasar\u0131m\u0131 iki i\u00e7me y\u00f6ntemini desteklerken, tek t\u0131klamayla kapak a\u00e7ma mekanizmas\u0131 kullan\u0131c\u0131 rahatl\u0131\u011f\u0131n\u0131 art\u0131r\u0131r.<\/p>\n<p data-start=\"1295\" data-end=\"1607\">S\u0131zd\u0131rmaz yap\u0131s\u0131, s\u0131z\u0131nt\u0131 olmadan ters \u00e7evrilerek kullan\u0131lmas\u0131n\u0131 sa\u011flayarak i\u015fe gidip gelme, seyahat, okul ve d\u0131\u015f mekan uygulamalar\u0131 i\u00e7in g\u00fcvenilir hale getirir. Ek i\u015flevsel ayr\u0131nt\u0131lar aras\u0131nda kolay ta\u015f\u0131ma i\u00e7in ta\u015f\u0131nabilir bir ip, daha iyi kavrama i\u00e7in kaymaz bir bardak k\u0131l\u0131f\u0131 ve y\u00fczey korumas\u0131 ve stabilite i\u00e7in silikon bir alt ped bulunur.<\/p>\n<p data-start=\"1609\" data-end=\"1636\">Bu model a\u015fa\u011f\u0131dakiler i\u00e7in uygundur:<\/p>\n<ul data-start=\"1638\" data-end=\"1818\">\n<li data-start=\"1638\" data-end=\"1670\">\n<p data-start=\"1640\" data-end=\"1670\">Premium \u00f6zel markalar<\/p>\n<\/li>\n<li data-start=\"1671\" data-end=\"1713\">\n<p data-start=\"1673\" data-end=\"1713\">Paslanmaz \u00e7elik i\u00e7ecek kaplar\u0131 distrib\u00fct\u00f6rleri<\/p>\n<\/li>\n<li data-start=\"1714\" data-end=\"1752\">\n<p data-start=\"1716\" data-end=\"1752\">Spor ve d\u0131\u015f mekan \u00fcr\u00fcn tedarik\u00e7ileri<\/p>\n<\/li>\n<li data-start=\"1753\" data-end=\"1783\">\n<p data-start=\"1755\" data-end=\"1783\">Promosyon hediye \u015firketleri<\/p>\n<\/li>\n<li data-start=\"1784\" data-end=\"1818\">\n<p data-start=\"1786\" data-end=\"1818\">S\u0131n\u0131r \u00f6tesi e-ticaret markalar\u0131<\/p>\n<\/li>\n<\/ul>\n<p data-start=\"1820\" data-end=\"1952\">Logo bask\u0131s\u0131, renk \u00f6zelle\u015ftirme, ambalaj tasar\u0131m\u0131 ve yap\u0131sal geli\u015ftirme dahil olmak \u00fczere tam OEM ve ODM hizmetleri mevcuttur.<\/p>","protected":false},"excerpt":{"rendered":"<p>SUS316L paslanmaz \u00e7elik i\u00e7 astarl\u0131, \u00e7ift i\u00e7ecek kapakl\u0131, tek t\u0131klamayla a\u00e7\u0131lan ve s\u0131zd\u0131rmaz tasar\u0131ml\u0131 480ml vakum yal\u0131t\u0131ml\u0131 \u015fi\u015fe. OEM ve toptan paslanmaz \u00e7elik i\u00e7ecek projeleri i\u00e7in idealdir.<\/p>","protected":false},"featured_media":17729,"comment_status":"open","ping_status":"closed","template":"","meta":{"_acf_changed":false},"product_brand":[],"product_cat":[18],"product_tag":[1029],"class_list":{"0":"post-17725","1":"product","2":"type-product","3":"status-publish","4":"has-post-thumbnail","6":"product_cat-insulated-water-bottle","7":"product_tag-stainless-vacuum-water-bottle","9":"first","10":"instock","11":"shipping-taxable","12":"product-type-simple"},"acf":[],"yoast_head":"<!-- This site is optimized with the Yoast SEO Premium plugin v27.6 (Yoast SEO v27.6) - https:\/\/yoast.com\/product\/yoast-seo-premium-wordpress\/ -->\n<title>OEM 480ml SUS316L Stainless Steel Insulated Bottle with Dual-Drink Lid - Diller Water Bottle Manufacturer<\/title>\n<meta name=\"description\" content=\"OEM 480ml SUS316L insulated bottle with dual-drink lid, one-click leak-proof stainless steel thermo cup for wholesale brands.\" \/>\n<meta name=\"robots\" content=\"index, follow, max-snippet:-1, max-image-preview:large, max-video-preview:-1\" \/>\n<link rel=\"canonical\" href=\"https:\/\/www.dillerbottle.com\/tr\/urunler\/oem-480ml-sus316l-stainless-steel-insulated-bottle-with-dual-drink-lid\" \/>\n<meta property=\"og:locale\" content=\"tr_TR\" \/>\n<meta property=\"og:type\" content=\"article\" \/>\n<meta property=\"og:title\" content=\"OEM 480ml SUS316L Stainless Steel Insulated Bottle with Dual-Drink Lid\" \/>\n<meta property=\"og:description\" content=\"OEM 480ml SUS316L insulated bottle with dual-drink lid, one-click leak-proof stainless steel thermo cup for wholesale brands.\" \/>\n<meta property=\"og:url\" content=\"https:\/\/www.dillerbottle.com\/tr\/urunler\/oem-480ml-sus316l-stainless-steel-insulated-bottle-with-dual-drink-lid\" \/>\n<meta property=\"og:site_name\" content=\"Diller Water Bottle Manufacturer\" \/>\n<meta property=\"article:modified_time\" content=\"2026-02-12T09:02:08+00:00\" \/>\n<meta property=\"og:image\" content=\"https:\/\/www.dillerbottle.com\/wp-content\/uploads\/2026\/02\/oem-480ml-sus316l-stainless-steel-insulated-bottle-with-dual-drink-lid-9317-1.jpg\" \/>\n\t<meta property=\"og:image:width\" content=\"800\" \/>\n\t<meta property=\"og:image:height\" content=\"800\" \/>\n\t<meta property=\"og:image:type\" content=\"image\/jpeg\" \/>\n<meta name=\"twitter:card\" content=\"summary_large_image\" \/>\n<meta name=\"twitter:label1\" content=\"Tahmini okuma s\u00fcresi\" \/>\n\t<meta name=\"twitter:data1\" content=\"4 dakika\" \/>\n<script type=\"application\/ld+json\" class=\"yoast-schema-graph\">{\"@context\":\"https:\\\/\\\/schema.org\",\"@graph\":[{\"@type\":\"WebPage\",\"@id\":\"https:\\\/\\\/www.dillerbottle.com\\\/products\\\/oem-480ml-sus316l-stainless-steel-insulated-bottle-with-dual-drink-lid\",\"url\":\"https:\\\/\\\/www.dillerbottle.com\\\/products\\\/oem-480ml-sus316l-stainless-steel-insulated-bottle-with-dual-drink-lid\",\"name\":\"OEM 480ml SUS316L Stainless Steel Insulated Bottle with Dual-Drink Lid - Diller Water Bottle Manufacturer\",\"isPartOf\":{\"@id\":\"https:\\\/\\\/www.dillerbottle.com\\\/#website\"},\"primaryImageOfPage\":{\"@id\":\"https:\\\/\\\/www.dillerbottle.com\\\/products\\\/oem-480ml-sus316l-stainless-steel-insulated-bottle-with-dual-drink-lid#primaryimage\"},\"image\":{\"@id\":\"https:\\\/\\\/www.dillerbottle.com\\\/products\\\/oem-480ml-sus316l-stainless-steel-insulated-bottle-with-dual-drink-lid#primaryimage\"},\"thumbnailUrl\":\"https:\\\/\\\/www.dillerbottle.com\\\/wp-content\\\/uploads\\\/2026\\\/02\\\/oem-480ml-sus316l-stainless-steel-insulated-bottle-with-dual-drink-lid-9317-1.jpg\",\"datePublished\":\"2026-02-12T08:55:46+00:00\",\"dateModified\":\"2026-02-12T09:02:08+00:00\",\"description\":\"OEM 480ml SUS316L insulated bottle with dual-drink lid, one-click leak-proof stainless steel thermo cup for wholesale brands.\",\"breadcrumb\":{\"@id\":\"https:\\\/\\\/www.dillerbottle.com\\\/products\\\/oem-480ml-sus316l-stainless-steel-insulated-bottle-with-dual-drink-lid#breadcrumb\"},\"inLanguage\":\"tr\",\"potentialAction\":[{\"@type\":\"ReadAction\",\"target\":[\"https:\\\/\\\/www.dillerbottle.com\\\/products\\\/oem-480ml-sus316l-stainless-steel-insulated-bottle-with-dual-drink-lid\"]}]},{\"@type\":\"ImageObject\",\"inLanguage\":\"tr\",\"@id\":\"https:\\\/\\\/www.dillerbottle.com\\\/products\\\/oem-480ml-sus316l-stainless-steel-insulated-bottle-with-dual-drink-lid#primaryimage\",\"url\":\"https:\\\/\\\/www.dillerbottle.com\\\/wp-content\\\/uploads\\\/2026\\\/02\\\/oem-480ml-sus316l-stainless-steel-insulated-bottle-with-dual-drink-lid-9317-1.jpg\",\"contentUrl\":\"https:\\\/\\\/www.dillerbottle.com\\\/wp-content\\\/uploads\\\/2026\\\/02\\\/oem-480ml-sus316l-stainless-steel-insulated-bottle-with-dual-drink-lid-9317-1.jpg\",\"width\":800,\"height\":800},{\"@type\":\"BreadcrumbList\",\"@id\":\"https:\\\/\\\/www.dillerbottle.com\\\/products\\\/oem-480ml-sus316l-stainless-steel-insulated-bottle-with-dual-drink-lid#breadcrumb\",\"itemListElement\":[{\"@type\":\"ListItem\",\"position\":1,\"name\":\"Home\",\"item\":\"https:\\\/\\\/www.dillerbottle.com\\\/\"},{\"@type\":\"ListItem\",\"position\":2,\"name\":\"Products\",\"item\":\"https:\\\/\\\/www.dillerbottle.com\\\/shop\"},{\"@type\":\"ListItem\",\"position\":3,\"name\":\"OEM 480ml SUS316L Stainless Steel Insulated Bottle with Dual-Drink Lid\"}]},{\"@type\":\"WebSite\",\"@id\":\"https:\\\/\\\/www.dillerbottle.com\\\/#website\",\"url\":\"https:\\\/\\\/www.dillerbottle.com\\\/\",\"name\":\"Diller Water Bottle Manufacturer\",\"description\":\"Water Bottle Manufacturer\",\"publisher\":{\"@id\":\"https:\\\/\\\/www.dillerbottle.com\\\/#organization\"},\"potentialAction\":[{\"@type\":\"SearchAction\",\"target\":{\"@type\":\"EntryPoint\",\"urlTemplate\":\"https:\\\/\\\/www.dillerbottle.com\\\/?s={search_term_string}\"},\"query-input\":{\"@type\":\"PropertyValueSpecification\",\"valueRequired\":true,\"valueName\":\"search_term_string\"}}],\"inLanguage\":\"tr\"},{\"@type\":\"Organization\",\"@id\":\"https:\\\/\\\/www.dillerbottle.com\\\/#organization\",\"name\":\"Diller Water Bottle Manufacturer\",\"url\":\"https:\\\/\\\/www.dillerbottle.com\\\/\",\"logo\":{\"@type\":\"ImageObject\",\"inLanguage\":\"tr\",\"@id\":\"https:\\\/\\\/www.dillerbottle.com\\\/#\\\/schema\\\/logo\\\/image\\\/\",\"url\":\"https:\\\/\\\/www.dillerbottle.com\\\/wp-content\\\/uploads\\\/2024\\\/09\\\/49918bfa848dcc1e9f8b509933603ac.png\",\"contentUrl\":\"https:\\\/\\\/www.dillerbottle.com\\\/wp-content\\\/uploads\\\/2024\\\/09\\\/49918bfa848dcc1e9f8b509933603ac.png\",\"width\":988,\"height\":198,\"caption\":\"Diller Water Bottle Manufacturer\"},\"image\":{\"@id\":\"https:\\\/\\\/www.dillerbottle.com\\\/#\\\/schema\\\/logo\\\/image\\\/\"}}]}<\/script>\n<!-- \/ Yoast SEO Premium plugin. -->","yoast_head_json":{"title":"OEM 480ml SUS316L Paslanmaz \u00c7elik Yal\u0131t\u0131ml\u0131 \u015ei\u015fe \u00c7ift \u0130\u00e7ecek Kapa\u011f\u0131 ile - Diller Su \u015ei\u015fesi \u00dcreticisi","description":"OEM 480ml SUS316L yal\u0131t\u0131ml\u0131 \u015fi\u015fe, \u00e7ift i\u00e7ecek kapa\u011f\u0131, tek t\u0131klamayla s\u0131zd\u0131rmaz paslanmaz \u00e7elik termo bardak toptan markalar i\u00e7in.","robots":{"index":"index","follow":"follow","max-snippet":"max-snippet:-1","max-image-preview":"max-image-preview:large","max-video-preview":"max-video-preview:-1"},"canonical":"https:\/\/www.dillerbottle.com\/tr\/urunler\/oem-480ml-sus316l-stainless-steel-insulated-bottle-with-dual-drink-lid","og_locale":"tr_TR","og_type":"article","og_title":"OEM 480ml SUS316L Stainless Steel Insulated Bottle with Dual-Drink Lid","og_description":"OEM 480ml SUS316L insulated bottle with dual-drink lid, one-click leak-proof stainless steel thermo cup for wholesale brands.","og_url":"https:\/\/www.dillerbottle.com\/tr\/urunler\/oem-480ml-sus316l-stainless-steel-insulated-bottle-with-dual-drink-lid","og_site_name":"Diller Water Bottle Manufacturer","article_modified_time":"2026-02-12T09:02:08+00:00","og_image":[{"width":800,"height":800,"url":"https:\/\/www.dillerbottle.com\/wp-content\/uploads\/2026\/02\/oem-480ml-sus316l-stainless-steel-insulated-bottle-with-dual-drink-lid-9317-1.jpg","type":"image\/jpeg"}],"twitter_card":"summary_large_image","twitter_misc":{"Tahmini okuma s\u00fcresi":"4 dakika"},"schema":{"@context":"https:\/\/schema.org","@graph":[{"@type":"WebPage","@id":"https:\/\/www.dillerbottle.com\/products\/oem-480ml-sus316l-stainless-steel-insulated-bottle-with-dual-drink-lid","url":"https:\/\/www.dillerbottle.com\/products\/oem-480ml-sus316l-stainless-steel-insulated-bottle-with-dual-drink-lid","name":"OEM 480ml SUS316L Paslanmaz \u00c7elik Yal\u0131t\u0131ml\u0131 \u015ei\u015fe \u00c7ift \u0130\u00e7ecek Kapa\u011f\u0131 ile - Diller Su \u015ei\u015fesi \u00dcreticisi","isPartOf":{"@id":"https:\/\/www.dillerbottle.com\/#website"},"primaryImageOfPage":{"@id":"https:\/\/www.dillerbottle.com\/products\/oem-480ml-sus316l-stainless-steel-insulated-bottle-with-dual-drink-lid#primaryimage"},"image":{"@id":"https:\/\/www.dillerbottle.com\/products\/oem-480ml-sus316l-stainless-steel-insulated-bottle-with-dual-drink-lid#primaryimage"},"thumbnailUrl":"https:\/\/www.dillerbottle.com\/wp-content\/uploads\/2026\/02\/oem-480ml-sus316l-stainless-steel-insulated-bottle-with-dual-drink-lid-9317-1.jpg","datePublished":"2026-02-12T08:55:46+00:00","dateModified":"2026-02-12T09:02:08+00:00","description":"OEM 480ml SUS316L yal\u0131t\u0131ml\u0131 \u015fi\u015fe, \u00e7ift i\u00e7ecek kapa\u011f\u0131, tek t\u0131klamayla s\u0131zd\u0131rmaz paslanmaz \u00e7elik termo bardak toptan markalar i\u00e7in.","breadcrumb":{"@id":"https:\/\/www.dillerbottle.com\/products\/oem-480ml-sus316l-stainless-steel-insulated-bottle-with-dual-drink-lid#breadcrumb"},"inLanguage":"tr","potentialAction":[{"@type":"ReadAction","target":["https:\/\/www.dillerbottle.com\/products\/oem-480ml-sus316l-stainless-steel-insulated-bottle-with-dual-drink-lid"]}]},{"@type":"ImageObject","inLanguage":"tr","@id":"https:\/\/www.dillerbottle.com\/products\/oem-480ml-sus316l-stainless-steel-insulated-bottle-with-dual-drink-lid#primaryimage","url":"https:\/\/www.dillerbottle.com\/wp-content\/uploads\/2026\/02\/oem-480ml-sus316l-stainless-steel-insulated-bottle-with-dual-drink-lid-9317-1.jpg","contentUrl":"https:\/\/www.dillerbottle.com\/wp-content\/uploads\/2026\/02\/oem-480ml-sus316l-stainless-steel-insulated-bottle-with-dual-drink-lid-9317-1.jpg","width":800,"height":800},{"@type":"BreadcrumbList","@id":"https:\/\/www.dillerbottle.com\/products\/oem-480ml-sus316l-stainless-steel-insulated-bottle-with-dual-drink-lid#breadcrumb","itemListElement":[{"@type":"ListItem","position":1,"name":"Home","item":"https:\/\/www.dillerbottle.com\/"},{"@type":"ListItem","position":2,"name":"Products","item":"https:\/\/www.dillerbottle.com\/shop"},{"@type":"ListItem","position":3,"name":"OEM 480ml SUS316L Stainless Steel Insulated Bottle with Dual-Drink Lid"}]},{"@type":"WebSite","@id":"https:\/\/www.dillerbottle.com\/#website","url":"https:\/\/www.dillerbottle.com\/","name":"Diller Su \u015ei\u015fesi \u00dcreticisi","description":"Su \u015ei\u015fesi \u00dcreticisi","publisher":{"@id":"https:\/\/www.dillerbottle.com\/#organization"},"potentialAction":[{"@type":"SearchAction","target":{"@type":"EntryPoint","urlTemplate":"https:\/\/www.dillerbottle.com\/?s={search_term_string}"},"query-input":{"@type":"PropertyValueSpecification","valueRequired":true,"valueName":"search_term_string"}}],"inLanguage":"tr"},{"@type":"Organization","@id":"https:\/\/www.dillerbottle.com\/#organization","name":"Diller Su \u015ei\u015fesi \u00dcreticisi","url":"https:\/\/www.dillerbottle.com\/","logo":{"@type":"ImageObject","inLanguage":"tr","@id":"https:\/\/www.dillerbottle.com\/#\/schema\/logo\/image\/","url":"https:\/\/www.dillerbottle.com\/wp-content\/uploads\/2024\/09\/49918bfa848dcc1e9f8b509933603ac.png","contentUrl":"https:\/\/www.dillerbottle.com\/wp-content\/uploads\/2024\/09\/49918bfa848dcc1e9f8b509933603ac.png","width":988,"height":198,"caption":"Diller Water Bottle Manufacturer"},"image":{"@id":"https:\/\/www.dillerbottle.com\/#\/schema\/logo\/image\/"}}]}},"_links":{"self":[{"href":"https:\/\/www.dillerbottle.com\/tr\/wp-json\/wp\/v2\/product\/17725","targetHints":{"allow":["GET"]}}],"collection":[{"href":"https:\/\/www.dillerbottle.com\/tr\/wp-json\/wp\/v2\/product"}],"about":[{"href":"https:\/\/www.dillerbottle.com\/tr\/wp-json\/wp\/v2\/types\/product"}],"replies":[{"embeddable":true,"href":"https:\/\/www.dillerbottle.com\/tr\/wp-json\/wp\/v2\/comments?post=17725"}],"wp:featuredmedia":[{"embeddable":true,"href":"https:\/\/www.dillerbottle.com\/tr\/wp-json\/wp\/v2\/media\/17729"}],"wp:attachment":[{"href":"https:\/\/www.dillerbottle.com\/tr\/wp-json\/wp\/v2\/media?parent=17725"}],"wp:term":[{"taxonomy":"product_brand","embeddable":true,"href":"https:\/\/www.dillerbottle.com\/tr\/wp-json\/wp\/v2\/product_brand?post=17725"},{"taxonomy":"product_cat","embeddable":true,"href":"https:\/\/www.dillerbottle.com\/tr\/wp-json\/wp\/v2\/product_cat?post=17725"},{"taxonomy":"product_tag","embeddable":true,"href":"https:\/\/www.dillerbottle.com\/tr\/wp-json\/wp\/v2\/product_tag?post=17725"}],"curies":[{"name":"wp","href":"https:\/\/api.w.org\/{rel}","templated":true}]}}