{"id":17757,"date":"2026-02-13T14:25:28","date_gmt":"2026-02-13T06:25:28","guid":{"rendered":"https:\/\/www.dillerbottle.com\/?post_type=product&#038;p=17757"},"modified":"2026-02-13T14:40:57","modified_gmt":"2026-02-13T06:40:57","slug":"diller-600ml-tritan-cift-su-sisesi-ozellestirilmis-logolu","status":"publish","type":"product","link":"https:\/\/www.dillerbottle.com\/tr\/products\/diller-600ml-tritan-double-water-bottle-with-customized-logo","title":{"rendered":"Diller 600ml Tritan \u00f6zelle\u015ftirilmi\u015f logolu \u00e7ift su \u015fi\u015fesi"},"content":{"rendered":"<h2 data-start=\"598\" data-end=\"661\">600ML Tritan \u00c7ift \u0130\u00e7ecekli Su \u015ei\u015fesi - Fabrika Do\u011frudan Tedarik<\/h2>\n<p data-start=\"663\" data-end=\"838\">DILLER D2517 Tritan su \u015fi\u015fesi, g\u00fcvenli, dayan\u0131kl\u0131 ve \u00f6zelle\u015ftirilebilir i\u00e7ecek \u00e7\u00f6z\u00fcmleri arayan k\u00fcresel distrib\u00fct\u00f6rler, marka sahipleri ve toplu tedarik al\u0131c\u0131lar\u0131 i\u00e7in geli\u015ftirilmi\u015ftir.<\/p>\n<p data-start=\"840\" data-end=\"1077\">Y\u00fcksek kaliteli Tritan malzeme, g\u0131da s\u0131n\u0131f\u0131 silikon ve g\u0131da s\u0131n\u0131f\u0131 PP bile\u015fenlerle \u00fcretilen bu \u015fi\u015fe, uluslararas\u0131 g\u00fcvenlik standartlar\u0131n\u0131 kar\u015f\u0131lar ve perakende da\u011f\u0131t\u0131m, promosyon kampanyalar\u0131 ve \u00f6zel etiket projeleri i\u00e7in uygundur.<\/p>\n<p data-start=\"1079\" data-end=\"1256\">Tamamen s\u00f6k\u00fclebilir g\u00f6vde tasar\u0131m\u0131 kolay temizlik ve bak\u0131m sa\u011flarken, \u00e7ift i\u00e7ecek kapa\u011f\u0131 farkl\u0131 pazar tercihlerini kar\u015f\u0131lamak i\u00e7in hem do\u011frudan i\u00e7me hem de pipet modlar\u0131 sunar.<\/p>\n<p data-start=\"1258\" data-end=\"1404\">S\u0131zd\u0131rmaz s\u0131zd\u0131rmaz yap\u0131s\u0131, ters \u00e7evrildi\u011finde bile su s\u0131z\u0131nt\u0131s\u0131 olmamas\u0131n\u0131 sa\u011flayarak okul, d\u0131\u015f mekan, seyahat ve g\u00fcnl\u00fck kullan\u0131m pazarlar\u0131 i\u00e7in uygun hale getirir.<\/p>\n<p data-start=\"1406\" data-end=\"1521\">\u00c7ekici Sakura Panda ill\u00fcstrasyon tasar\u0131m\u0131 da onu gen\u00e7lik ve ya\u015fam tarz\u0131 odakl\u0131 \u00fcr\u00fcn gruplar\u0131 i\u00e7in ideal k\u0131l\u0131yor.<\/p>","protected":false},"excerpt":{"rendered":"<p>DILLER D2517, toptan al\u0131c\u0131lar, distrib\u00fct\u00f6rler ve OEM projeleri i\u00e7in tasarlanm\u0131\u015f 600ML BPA i\u00e7ermeyen Tritan \u00e7ift i\u00e7imli su \u015fi\u015fesidir. Tek t\u0131klamayla a\u00e7\u0131lan kapa\u011f\u0131, s\u0131zd\u0131rmaz yap\u0131s\u0131 ve \u00e7\u0131kar\u0131labilir g\u00f6vdesiyle toplu sipari\u015fler, \u00f6zel etiket markalamas\u0131 ve promosyon pazarlar\u0131 i\u00e7in idealdir.<\/p>","protected":false},"featured_media":17763,"comment_status":"open","ping_status":"closed","template":"","meta":{"_acf_changed":false},"product_brand":[],"product_cat":[309],"product_tag":[1170],"class_list":{"0":"post-17757","1":"product","2":"type-product","3":"status-publish","4":"has-post-thumbnail","6":"product_cat-plastic-water-bottle","7":"product_tag-plastic-water-bottle","9":"first","10":"instock","11":"shipping-taxable","12":"product-type-simple"},"acf":[],"yoast_head":"<!-- This site is optimized with the Yoast SEO Premium plugin v27.4 (Yoast SEO v27.4) - https:\/\/yoast.com\/product\/yoast-seo-premium-wordpress\/ -->\n<title>Diller 600ml Tritan double water bottle with customized logo - Diller Water Bottle Manufacturer<\/title>\n<meta name=\"description\" content=\"600ML Tritan dual-drink water bottle manufacturer and wholesale supplier. DILLER offers BPA-free custom logo water bottles for distributors, OEM, private label and bulk orders worldwide.\" \/>\n<meta name=\"robots\" content=\"index, follow, max-snippet:-1, max-image-preview:large, max-video-preview:-1\" \/>\n<link rel=\"canonical\" href=\"https:\/\/www.dillerbottle.com\/tr\/urunler\/diller-600ml-tritan-cift-su-sisesi-ozellestirilmis-logolu\" \/>\n<meta property=\"og:locale\" content=\"tr_TR\" \/>\n<meta property=\"og:type\" content=\"article\" \/>\n<meta property=\"og:title\" content=\"Diller 600ml Tritan double water bottle with customized logo\" \/>\n<meta property=\"og:description\" content=\"600ML Tritan dual-drink water bottle manufacturer and wholesale supplier. DILLER offers BPA-free custom logo water bottles for distributors, OEM, private label and bulk orders worldwide.\" \/>\n<meta property=\"og:url\" content=\"https:\/\/www.dillerbottle.com\/tr\/urunler\/diller-600ml-tritan-cift-su-sisesi-ozellestirilmis-logolu\" \/>\n<meta property=\"og:site_name\" content=\"Diller Water Bottle Manufacturer\" \/>\n<meta property=\"article:modified_time\" content=\"2026-02-13T06:40:57+00:00\" \/>\n<meta property=\"og:image\" content=\"https:\/\/www.dillerbottle.com\/wp-content\/uploads\/2026\/02\/diller-600ml-tritan-double-water-bottle-with-customized-logo-d2517-4.jpg\" \/>\n\t<meta property=\"og:image:width\" content=\"800\" \/>\n\t<meta property=\"og:image:height\" content=\"800\" \/>\n\t<meta property=\"og:image:type\" content=\"image\/jpeg\" \/>\n<meta name=\"twitter:card\" content=\"summary_large_image\" \/>\n<meta name=\"twitter:label1\" content=\"Tahmini okuma s\u00fcresi\" \/>\n\t<meta name=\"twitter:data1\" content=\"4 dakika\" \/>\n<script type=\"application\/ld+json\" class=\"yoast-schema-graph\">{\"@context\":\"https:\\\/\\\/schema.org\",\"@graph\":[{\"@type\":\"WebPage\",\"@id\":\"https:\\\/\\\/www.dillerbottle.com\\\/products\\\/diller-600ml-tritan-double-water-bottle-with-customized-logo\",\"url\":\"https:\\\/\\\/www.dillerbottle.com\\\/products\\\/diller-600ml-tritan-double-water-bottle-with-customized-logo\",\"name\":\"Diller 600ml Tritan double water bottle with customized logo - Diller Water Bottle Manufacturer\",\"isPartOf\":{\"@id\":\"https:\\\/\\\/www.dillerbottle.com\\\/#website\"},\"primaryImageOfPage\":{\"@id\":\"https:\\\/\\\/www.dillerbottle.com\\\/products\\\/diller-600ml-tritan-double-water-bottle-with-customized-logo#primaryimage\"},\"image\":{\"@id\":\"https:\\\/\\\/www.dillerbottle.com\\\/products\\\/diller-600ml-tritan-double-water-bottle-with-customized-logo#primaryimage\"},\"thumbnailUrl\":\"https:\\\/\\\/www.dillerbottle.com\\\/wp-content\\\/uploads\\\/2026\\\/02\\\/diller-600ml-tritan-double-water-bottle-with-customized-logo-d2517-4.jpg\",\"datePublished\":\"2026-02-13T06:25:28+00:00\",\"dateModified\":\"2026-02-13T06:40:57+00:00\",\"description\":\"600ML Tritan dual-drink water bottle manufacturer and wholesale supplier. DILLER offers BPA-free custom logo water bottles for distributors, OEM, private label and bulk orders worldwide.\",\"breadcrumb\":{\"@id\":\"https:\\\/\\\/www.dillerbottle.com\\\/products\\\/diller-600ml-tritan-double-water-bottle-with-customized-logo#breadcrumb\"},\"inLanguage\":\"tr\",\"potentialAction\":[{\"@type\":\"ReadAction\",\"target\":[\"https:\\\/\\\/www.dillerbottle.com\\\/products\\\/diller-600ml-tritan-double-water-bottle-with-customized-logo\"]}]},{\"@type\":\"ImageObject\",\"inLanguage\":\"tr\",\"@id\":\"https:\\\/\\\/www.dillerbottle.com\\\/products\\\/diller-600ml-tritan-double-water-bottle-with-customized-logo#primaryimage\",\"url\":\"https:\\\/\\\/www.dillerbottle.com\\\/wp-content\\\/uploads\\\/2026\\\/02\\\/diller-600ml-tritan-double-water-bottle-with-customized-logo-d2517-4.jpg\",\"contentUrl\":\"https:\\\/\\\/www.dillerbottle.com\\\/wp-content\\\/uploads\\\/2026\\\/02\\\/diller-600ml-tritan-double-water-bottle-with-customized-logo-d2517-4.jpg\",\"width\":800,\"height\":800},{\"@type\":\"BreadcrumbList\",\"@id\":\"https:\\\/\\\/www.dillerbottle.com\\\/products\\\/diller-600ml-tritan-double-water-bottle-with-customized-logo#breadcrumb\",\"itemListElement\":[{\"@type\":\"ListItem\",\"position\":1,\"name\":\"Home\",\"item\":\"https:\\\/\\\/www.dillerbottle.com\\\/\"},{\"@type\":\"ListItem\",\"position\":2,\"name\":\"Products\",\"item\":\"https:\\\/\\\/www.dillerbottle.com\\\/shop\"},{\"@type\":\"ListItem\",\"position\":3,\"name\":\"Diller 600ml Tritan double water bottle with customized logo\"}]},{\"@type\":\"WebSite\",\"@id\":\"https:\\\/\\\/www.dillerbottle.com\\\/#website\",\"url\":\"https:\\\/\\\/www.dillerbottle.com\\\/\",\"name\":\"Diller Water Bottle Manufacturer\",\"description\":\"Water Bottle Manufacturer\",\"publisher\":{\"@id\":\"https:\\\/\\\/www.dillerbottle.com\\\/#organization\"},\"potentialAction\":[{\"@type\":\"SearchAction\",\"target\":{\"@type\":\"EntryPoint\",\"urlTemplate\":\"https:\\\/\\\/www.dillerbottle.com\\\/?s={search_term_string}\"},\"query-input\":{\"@type\":\"PropertyValueSpecification\",\"valueRequired\":true,\"valueName\":\"search_term_string\"}}],\"inLanguage\":\"tr\"},{\"@type\":\"Organization\",\"@id\":\"https:\\\/\\\/www.dillerbottle.com\\\/#organization\",\"name\":\"Diller Water Bottle Manufacturer\",\"url\":\"https:\\\/\\\/www.dillerbottle.com\\\/\",\"logo\":{\"@type\":\"ImageObject\",\"inLanguage\":\"tr\",\"@id\":\"https:\\\/\\\/www.dillerbottle.com\\\/#\\\/schema\\\/logo\\\/image\\\/\",\"url\":\"https:\\\/\\\/www.dillerbottle.com\\\/wp-content\\\/uploads\\\/2024\\\/09\\\/49918bfa848dcc1e9f8b509933603ac.png\",\"contentUrl\":\"https:\\\/\\\/www.dillerbottle.com\\\/wp-content\\\/uploads\\\/2024\\\/09\\\/49918bfa848dcc1e9f8b509933603ac.png\",\"width\":988,\"height\":198,\"caption\":\"Diller Water Bottle Manufacturer\"},\"image\":{\"@id\":\"https:\\\/\\\/www.dillerbottle.com\\\/#\\\/schema\\\/logo\\\/image\\\/\"}}]}<\/script>\n<!-- \/ Yoast SEO Premium plugin. -->","yoast_head_json":{"title":"Diller 600ml Tritan \u00f6zelle\u015ftirilmi\u015f logolu \u00e7ift su \u015fi\u015fesi - Diller Su \u015ei\u015fesi \u00dcreticisi","description":"600ML Tritan \u00e7ift i\u00e7ecekli su \u015fi\u015fesi \u00fcreticisi ve toptan tedarik\u00e7isi. DILLER, d\u00fcnya \u00e7ap\u0131nda distrib\u00fct\u00f6rler, OEM, \u00f6zel etiket ve toplu sipari\u015fler i\u00e7in BPA i\u00e7ermeyen \u00f6zel logolu su \u015fi\u015feleri sunmaktad\u0131r.","robots":{"index":"index","follow":"follow","max-snippet":"max-snippet:-1","max-image-preview":"max-image-preview:large","max-video-preview":"max-video-preview:-1"},"canonical":"https:\/\/www.dillerbottle.com\/tr\/urunler\/diller-600ml-tritan-cift-su-sisesi-ozellestirilmis-logolu","og_locale":"tr_TR","og_type":"article","og_title":"Diller 600ml Tritan double water bottle with customized logo","og_description":"600ML Tritan dual-drink water bottle manufacturer and wholesale supplier. DILLER offers BPA-free custom logo water bottles for distributors, OEM, private label and bulk orders worldwide.","og_url":"https:\/\/www.dillerbottle.com\/tr\/urunler\/diller-600ml-tritan-cift-su-sisesi-ozellestirilmis-logolu","og_site_name":"Diller Water Bottle Manufacturer","article_modified_time":"2026-02-13T06:40:57+00:00","og_image":[{"width":800,"height":800,"url":"https:\/\/www.dillerbottle.com\/wp-content\/uploads\/2026\/02\/diller-600ml-tritan-double-water-bottle-with-customized-logo-d2517-4.jpg","type":"image\/jpeg"}],"twitter_card":"summary_large_image","twitter_misc":{"Tahmini okuma s\u00fcresi":"4 dakika"},"schema":{"@context":"https:\/\/schema.org","@graph":[{"@type":"WebPage","@id":"https:\/\/www.dillerbottle.com\/products\/diller-600ml-tritan-double-water-bottle-with-customized-logo","url":"https:\/\/www.dillerbottle.com\/products\/diller-600ml-tritan-double-water-bottle-with-customized-logo","name":"Diller 600ml Tritan \u00f6zelle\u015ftirilmi\u015f logolu \u00e7ift su \u015fi\u015fesi - Diller Su \u015ei\u015fesi \u00dcreticisi","isPartOf":{"@id":"https:\/\/www.dillerbottle.com\/#website"},"primaryImageOfPage":{"@id":"https:\/\/www.dillerbottle.com\/products\/diller-600ml-tritan-double-water-bottle-with-customized-logo#primaryimage"},"image":{"@id":"https:\/\/www.dillerbottle.com\/products\/diller-600ml-tritan-double-water-bottle-with-customized-logo#primaryimage"},"thumbnailUrl":"https:\/\/www.dillerbottle.com\/wp-content\/uploads\/2026\/02\/diller-600ml-tritan-double-water-bottle-with-customized-logo-d2517-4.jpg","datePublished":"2026-02-13T06:25:28+00:00","dateModified":"2026-02-13T06:40:57+00:00","description":"600ML Tritan \u00e7ift i\u00e7ecekli su \u015fi\u015fesi \u00fcreticisi ve toptan tedarik\u00e7isi. DILLER, d\u00fcnya \u00e7ap\u0131nda distrib\u00fct\u00f6rler, OEM, \u00f6zel etiket ve toplu sipari\u015fler i\u00e7in BPA i\u00e7ermeyen \u00f6zel logolu su \u015fi\u015feleri sunmaktad\u0131r.","breadcrumb":{"@id":"https:\/\/www.dillerbottle.com\/products\/diller-600ml-tritan-double-water-bottle-with-customized-logo#breadcrumb"},"inLanguage":"tr","potentialAction":[{"@type":"ReadAction","target":["https:\/\/www.dillerbottle.com\/products\/diller-600ml-tritan-double-water-bottle-with-customized-logo"]}]},{"@type":"ImageObject","inLanguage":"tr","@id":"https:\/\/www.dillerbottle.com\/products\/diller-600ml-tritan-double-water-bottle-with-customized-logo#primaryimage","url":"https:\/\/www.dillerbottle.com\/wp-content\/uploads\/2026\/02\/diller-600ml-tritan-double-water-bottle-with-customized-logo-d2517-4.jpg","contentUrl":"https:\/\/www.dillerbottle.com\/wp-content\/uploads\/2026\/02\/diller-600ml-tritan-double-water-bottle-with-customized-logo-d2517-4.jpg","width":800,"height":800},{"@type":"BreadcrumbList","@id":"https:\/\/www.dillerbottle.com\/products\/diller-600ml-tritan-double-water-bottle-with-customized-logo#breadcrumb","itemListElement":[{"@type":"ListItem","position":1,"name":"Home","item":"https:\/\/www.dillerbottle.com\/"},{"@type":"ListItem","position":2,"name":"Products","item":"https:\/\/www.dillerbottle.com\/shop"},{"@type":"ListItem","position":3,"name":"Diller 600ml Tritan double water bottle with customized logo"}]},{"@type":"WebSite","@id":"https:\/\/www.dillerbottle.com\/#website","url":"https:\/\/www.dillerbottle.com\/","name":"Diller Su \u015ei\u015fesi \u00dcreticisi","description":"Su \u015ei\u015fesi \u00dcreticisi","publisher":{"@id":"https:\/\/www.dillerbottle.com\/#organization"},"potentialAction":[{"@type":"SearchAction","target":{"@type":"EntryPoint","urlTemplate":"https:\/\/www.dillerbottle.com\/?s={search_term_string}"},"query-input":{"@type":"PropertyValueSpecification","valueRequired":true,"valueName":"search_term_string"}}],"inLanguage":"tr"},{"@type":"Organization","@id":"https:\/\/www.dillerbottle.com\/#organization","name":"Diller Su \u015ei\u015fesi \u00dcreticisi","url":"https:\/\/www.dillerbottle.com\/","logo":{"@type":"ImageObject","inLanguage":"tr","@id":"https:\/\/www.dillerbottle.com\/#\/schema\/logo\/image\/","url":"https:\/\/www.dillerbottle.com\/wp-content\/uploads\/2024\/09\/49918bfa848dcc1e9f8b509933603ac.png","contentUrl":"https:\/\/www.dillerbottle.com\/wp-content\/uploads\/2024\/09\/49918bfa848dcc1e9f8b509933603ac.png","width":988,"height":198,"caption":"Diller Water Bottle Manufacturer"},"image":{"@id":"https:\/\/www.dillerbottle.com\/#\/schema\/logo\/image\/"}}]}},"_links":{"self":[{"href":"https:\/\/www.dillerbottle.com\/tr\/wp-json\/wp\/v2\/product\/17757","targetHints":{"allow":["GET"]}}],"collection":[{"href":"https:\/\/www.dillerbottle.com\/tr\/wp-json\/wp\/v2\/product"}],"about":[{"href":"https:\/\/www.dillerbottle.com\/tr\/wp-json\/wp\/v2\/types\/product"}],"replies":[{"embeddable":true,"href":"https:\/\/www.dillerbottle.com\/tr\/wp-json\/wp\/v2\/comments?post=17757"}],"wp:featuredmedia":[{"embeddable":true,"href":"https:\/\/www.dillerbottle.com\/tr\/wp-json\/wp\/v2\/media\/17763"}],"wp:attachment":[{"href":"https:\/\/www.dillerbottle.com\/tr\/wp-json\/wp\/v2\/media?parent=17757"}],"wp:term":[{"taxonomy":"product_brand","embeddable":true,"href":"https:\/\/www.dillerbottle.com\/tr\/wp-json\/wp\/v2\/product_brand?post=17757"},{"taxonomy":"product_cat","embeddable":true,"href":"https:\/\/www.dillerbottle.com\/tr\/wp-json\/wp\/v2\/product_cat?post=17757"},{"taxonomy":"product_tag","embeddable":true,"href":"https:\/\/www.dillerbottle.com\/tr\/wp-json\/wp\/v2\/product_tag?post=17757"}],"curies":[{"name":"wp","href":"https:\/\/api.w.org\/{rel}","templated":true}]}}